{"id":5394,"date":"2021-07-06T17:17:27","date_gmt":"2021-07-06T16:17:27","guid":{"rendered":"https:\/\/www.sempertea.eu\/rooibos-biotee-i-loser-tee-im-papier-beutel\/"},"modified":"2025-07-19T15:40:20","modified_gmt":"2025-07-19T13:40:20","slug":"rooibostee-kaufen-papierbeutel-bio-natur-lose-tee","status":"publish","type":"product","link":"https:\/\/www.sempertea.eu\/de\/Produkte\/rooibostee-kaufen-papierbeutel-bio-natur-lose-tee\/","title":{"rendered":"ROOIBOS Biotee I Loser Tee im Papier Beutel"},"content":{"rendered":"<h2>Rooibos \u2013 der gesunde rote Busch<\/h2>\n<p>Rooibos wird aus den Bl\u00e4ttern und d\u00fcnnen St\u00e4ngeln eines Strauches hergestellt, der in S\u00fcdafrika w\u00e4chst. Sein Geschmack ist weich und sanft mit einer nat\u00fcrlichen S\u00fc\u00dfe und einem leicht nussigen Geschmack. Ein herrlich erdiger Tee, der weder Koffein noch Teein enth\u00e4lt. Dar\u00fcber hinaus ist Rooibos-Tee voller Antioxidantien, er enth\u00e4lt sehr viel Vitamin C, Eisen, Kalium, Kalzium, Kupfer, Zink, andere Mineralien und Fluorid.<\/p>\n<p><strong>Rooibos-Tee ist einer der beliebtesten Tees<\/strong>, besonders f\u00fcr diejenigen, die eine <strong>Alternative zu Koffein<\/strong> suchen.<\/p>\n<p>Rooibos ist eigentlich kein Tee, da er nicht von der Teepflanze stammt. Es handelt sich um einen Teeaufguss, der weder Koffein noch Tein, <strong>also keine anregenden Substanzen enth\u00e4lt.<\/strong><\/p>\n<p>&nbsp;<\/p>\n","protected":false},"excerpt":{"rendered":"<p><strong>Pure Kraft, erdig, s\u00fcsslich und koffeinfrei<\/strong><\/p>\n<p>Rooibos ist einer der beliebtesten Tees, besonders f\u00fcr diejenigen, die eine Alternative zu Koffein suchen. Rooibos ist eigentlich kein Tee, da er nicht von der Teepflanze stammt. Sein erdiger, subtiler und reiner Geschmack unterscheidet sich von jedem anderen Tee \u2013 ein absoluter Genuss.<\/p>\n","protected":false},"featured_media":16143,"comment_status":"open","ping_status":"closed","template":"","meta":[],"product_brand":[],"product_cat":[379,115,116,114,113,124,127,122,108],"product_tag":[290],"class_list":{"0":"post-5394","1":"product","2":"type-product","3":"status-publish","4":"has-post-thumbnail","6":"product_cat-bio-tee-grosshandel-loser-tee","7":"product_cat-alle-de","8":"product_cat-alle-de-2","9":"product_cat-alle","10":"product_cat-biotees-sortiment-online-kaufen","11":"product_cat-teesortiment-formate-packaging-attraktiv-biotees-verpackung","12":"product_cat-loser-tee-im-papier-beutel-biotee-in-der-tute-nachhaltig","13":"product_cat-rooibos-tee-erdig-koffein-frei-biotee-sudafrika-rotbusch","14":"product_cat-sortiment-tee-packaging-verpackung-attraktiv-biotees-design","15":"product_tag-blatt-tee-oder-ganzer-blutentee","17":"first","18":"instock","19":"shipping-taxable","20":"purchasable","21":"product-type-variable"},"yoast_head":"<!-- This site is optimized with the Yoast SEO Premium plugin v27.3 (Yoast SEO v27.3) - https:\/\/yoast.com\/product\/yoast-seo-premium-wordpress\/ -->\n<title>Rooibostee kaufen LOSE | im Papierbeutel bis zu 1 Kg I Bio 100% Natur<\/title>\n<meta name=\"description\" content=\"Eine gesunde Tasse Rooibos Biotee k\u00f6nnen Sie zu jeder Tageszeit geniessen, da er kein Tein enth\u00e4lt. Loser Rooibos online kaufen im Beutel 1kg.\" \/>\n<meta name=\"robots\" content=\"index, follow, max-snippet:-1, max-image-preview:large, max-video-preview:-1\" \/>\n<link rel=\"canonical\" href=\"https:\/\/www.sempertea.eu\/de\/Produkte\/rooibostee-kaufen-papierbeutel-bio-natur-lose-tee\/\" \/>\n<meta property=\"og:locale\" content=\"de_DE\" \/>\n<meta property=\"og:type\" content=\"article\" \/>\n<meta property=\"og:title\" content=\"ROOIBOS Biotee I Loser Tee im Papier Beutel\" \/>\n<meta property=\"og:description\" content=\"Eine gesunde Tasse Rooibos Biotee k\u00f6nnen Sie zu jeder Tageszeit geniessen, da er kein Tein enth\u00e4lt. Loser Rooibos online kaufen im Beutel 1kg.\" \/>\n<meta property=\"og:url\" content=\"https:\/\/www.sempertea.eu\/de\/Produkte\/rooibostee-kaufen-papierbeutel-bio-natur-lose-tee\/\" \/>\n<meta property=\"og:site_name\" content=\"Semper Tea | Mayorista y fabricante de T\u00e9s e Infusiones para hoteles, restaurantes y bares\" \/>\n<meta property=\"article:modified_time\" content=\"2025-07-19T13:40:20+00:00\" \/>\n<meta property=\"og:image\" content=\"https:\/\/www.sempertea.eu\/wp-content\/uploads\/2021\/07\/rooibos-sin-teina-propiedades-pura-te-a-domicilio-semper-tea.jpg\" \/>\n<meta name=\"twitter:card\" content=\"summary_large_image\" \/>\n<meta name=\"twitter:image\" content=\"https:\/\/www.sempertea.eu\/wp-content\/uploads\/2021\/07\/rooibos-sin-teina-propiedades-pura-te-a-domicilio-semper-tea.jpg\" \/>\n<meta name=\"twitter:label1\" content=\"Gesch\u00e4tzte Lesezeit\" \/>\n\t<meta name=\"twitter:data1\" content=\"1\u00a0Minute\" \/>\n<script type=\"application\/ld+json\" class=\"yoast-schema-graph\">{\"@context\":\"https:\\\/\\\/schema.org\",\"@graph\":[{\"@type\":\"WebPage\",\"@id\":\"https:\\\/\\\/www.sempertea.eu\\\/de\\\/Produkte\\\/rooibostee-kaufen-papierbeutel-bio-natur-lose-tee\\\/\",\"url\":\"https:\\\/\\\/www.sempertea.eu\\\/de\\\/Produkte\\\/rooibostee-kaufen-papierbeutel-bio-natur-lose-tee\\\/\",\"name\":\"Rooibostee kaufen LOSE | im Papierbeutel bis zu 1 Kg I Bio 100% Natur\",\"isPartOf\":{\"@id\":\"https:\\\/\\\/www.sempertea.eu\\\/#website\"},\"primaryImageOfPage\":{\"@id\":\"https:\\\/\\\/www.sempertea.eu\\\/de\\\/Produkte\\\/rooibostee-kaufen-papierbeutel-bio-natur-lose-tee\\\/#primaryimage\"},\"image\":{\"@id\":\"https:\\\/\\\/www.sempertea.eu\\\/de\\\/Produkte\\\/rooibostee-kaufen-papierbeutel-bio-natur-lose-tee\\\/#primaryimage\"},\"thumbnailUrl\":\"https:\\\/\\\/www.sempertea.eu\\\/wp-content\\\/uploads\\\/2025\\\/06\\\/rooibos-ecologico-granel-suave-sin-cafeina-profesional-semper-tea.jpg\",\"datePublished\":\"2021-07-06T16:17:27+00:00\",\"dateModified\":\"2025-07-19T13:40:20+00:00\",\"description\":\"Eine gesunde Tasse Rooibos Biotee k\u00f6nnen Sie zu jeder Tageszeit geniessen, da er kein Tein enth\u00e4lt. Loser Rooibos online kaufen im Beutel 1kg.\",\"breadcrumb\":{\"@id\":\"https:\\\/\\\/www.sempertea.eu\\\/de\\\/Produkte\\\/rooibostee-kaufen-papierbeutel-bio-natur-lose-tee\\\/#breadcrumb\"},\"inLanguage\":\"de\",\"potentialAction\":[{\"@type\":\"ReadAction\",\"target\":[\"https:\\\/\\\/www.sempertea.eu\\\/de\\\/Produkte\\\/rooibostee-kaufen-papierbeutel-bio-natur-lose-tee\\\/\"]}]},{\"@type\":\"ImageObject\",\"inLanguage\":\"de\",\"@id\":\"https:\\\/\\\/www.sempertea.eu\\\/de\\\/Produkte\\\/rooibostee-kaufen-papierbeutel-bio-natur-lose-tee\\\/#primaryimage\",\"url\":\"https:\\\/\\\/www.sempertea.eu\\\/wp-content\\\/uploads\\\/2025\\\/06\\\/rooibos-ecologico-granel-suave-sin-cafeina-profesional-semper-tea.jpg\",\"contentUrl\":\"https:\\\/\\\/www.sempertea.eu\\\/wp-content\\\/uploads\\\/2025\\\/06\\\/rooibos-ecologico-granel-suave-sin-cafeina-profesional-semper-tea.jpg\",\"width\":623,\"height\":623,\"caption\":\"rooibos ecologico granel suave sin cafeina profesional semper tea\"},{\"@type\":\"BreadcrumbList\",\"@id\":\"https:\\\/\\\/www.sempertea.eu\\\/de\\\/Produkte\\\/rooibostee-kaufen-papierbeutel-bio-natur-lose-tee\\\/#breadcrumb\",\"itemListElement\":[{\"@type\":\"ListItem\",\"position\":1,\"name\":\"Portada\",\"item\":\"https:\\\/\\\/www.sempertea.eu\\\/de\\\/\"},{\"@type\":\"ListItem\",\"position\":2,\"name\":\"Shop\",\"item\":\"https:\\\/\\\/www.sempertea.eu\\\/de\\\/shop\\\/\"},{\"@type\":\"ListItem\",\"position\":3,\"name\":\"ROOIBOS Biotee I Loser Tee im Papier Beutel\"}]},{\"@type\":\"WebSite\",\"@id\":\"https:\\\/\\\/www.sempertea.eu\\\/#website\",\"url\":\"https:\\\/\\\/www.sempertea.eu\\\/\",\"name\":\"Semper Tea | Mayorista y fabricante de T\u00e9s e Infusiones para hoteles, restaurantes y bares\",\"description\":\"T\u00e9s e infusiones para hosteler\u00eda, hoteler\u00eda y comercio\",\"potentialAction\":[{\"@type\":\"SearchAction\",\"target\":{\"@type\":\"EntryPoint\",\"urlTemplate\":\"https:\\\/\\\/www.sempertea.eu\\\/?s={search_term_string}\"},\"query-input\":{\"@type\":\"PropertyValueSpecification\",\"valueRequired\":true,\"valueName\":\"search_term_string\"}}],\"inLanguage\":\"de\"}]}<\/script>\n<!-- \/ Yoast SEO Premium plugin. -->","yoast_head_json":{"title":"Rooibostee kaufen LOSE | im Papierbeutel bis zu 1 Kg I Bio 100% Natur","description":"Eine gesunde Tasse Rooibos Biotee k\u00f6nnen Sie zu jeder Tageszeit geniessen, da er kein Tein enth\u00e4lt. Loser Rooibos online kaufen im Beutel 1kg.","robots":{"index":"index","follow":"follow","max-snippet":"max-snippet:-1","max-image-preview":"max-image-preview:large","max-video-preview":"max-video-preview:-1"},"canonical":"https:\/\/www.sempertea.eu\/de\/Produkte\/rooibostee-kaufen-papierbeutel-bio-natur-lose-tee\/","og_locale":"de_DE","og_type":"article","og_title":"ROOIBOS Biotee I Loser Tee im Papier Beutel","og_description":"Eine gesunde Tasse Rooibos Biotee k\u00f6nnen Sie zu jeder Tageszeit geniessen, da er kein Tein enth\u00e4lt. Loser Rooibos online kaufen im Beutel 1kg.","og_url":"https:\/\/www.sempertea.eu\/de\/Produkte\/rooibostee-kaufen-papierbeutel-bio-natur-lose-tee\/","og_site_name":"Semper Tea | Mayorista y fabricante de T\u00e9s e Infusiones para hoteles, restaurantes y bares","article_modified_time":"2025-07-19T13:40:20+00:00","og_image":[{"url":"https:\/\/www.sempertea.eu\/wp-content\/uploads\/2021\/07\/rooibos-sin-teina-propiedades-pura-te-a-domicilio-semper-tea.jpg","type":"","width":"","height":""}],"twitter_card":"summary_large_image","twitter_image":"https:\/\/www.sempertea.eu\/wp-content\/uploads\/2021\/07\/rooibos-sin-teina-propiedades-pura-te-a-domicilio-semper-tea.jpg","twitter_misc":{"Gesch\u00e4tzte Lesezeit":"1\u00a0Minute"},"schema":{"@context":"https:\/\/schema.org","@graph":[{"@type":"WebPage","@id":"https:\/\/www.sempertea.eu\/de\/Produkte\/rooibostee-kaufen-papierbeutel-bio-natur-lose-tee\/","url":"https:\/\/www.sempertea.eu\/de\/Produkte\/rooibostee-kaufen-papierbeutel-bio-natur-lose-tee\/","name":"Rooibostee kaufen LOSE | im Papierbeutel bis zu 1 Kg I Bio 100% Natur","isPartOf":{"@id":"https:\/\/www.sempertea.eu\/#website"},"primaryImageOfPage":{"@id":"https:\/\/www.sempertea.eu\/de\/Produkte\/rooibostee-kaufen-papierbeutel-bio-natur-lose-tee\/#primaryimage"},"image":{"@id":"https:\/\/www.sempertea.eu\/de\/Produkte\/rooibostee-kaufen-papierbeutel-bio-natur-lose-tee\/#primaryimage"},"thumbnailUrl":"https:\/\/www.sempertea.eu\/wp-content\/uploads\/2025\/06\/rooibos-ecologico-granel-suave-sin-cafeina-profesional-semper-tea.jpg","datePublished":"2021-07-06T16:17:27+00:00","dateModified":"2025-07-19T13:40:20+00:00","description":"Eine gesunde Tasse Rooibos Biotee k\u00f6nnen Sie zu jeder Tageszeit geniessen, da er kein Tein enth\u00e4lt. Loser Rooibos online kaufen im Beutel 1kg.","breadcrumb":{"@id":"https:\/\/www.sempertea.eu\/de\/Produkte\/rooibostee-kaufen-papierbeutel-bio-natur-lose-tee\/#breadcrumb"},"inLanguage":"de","potentialAction":[{"@type":"ReadAction","target":["https:\/\/www.sempertea.eu\/de\/Produkte\/rooibostee-kaufen-papierbeutel-bio-natur-lose-tee\/"]}]},{"@type":"ImageObject","inLanguage":"de","@id":"https:\/\/www.sempertea.eu\/de\/Produkte\/rooibostee-kaufen-papierbeutel-bio-natur-lose-tee\/#primaryimage","url":"https:\/\/www.sempertea.eu\/wp-content\/uploads\/2025\/06\/rooibos-ecologico-granel-suave-sin-cafeina-profesional-semper-tea.jpg","contentUrl":"https:\/\/www.sempertea.eu\/wp-content\/uploads\/2025\/06\/rooibos-ecologico-granel-suave-sin-cafeina-profesional-semper-tea.jpg","width":623,"height":623,"caption":"rooibos ecologico granel suave sin cafeina profesional semper tea"},{"@type":"BreadcrumbList","@id":"https:\/\/www.sempertea.eu\/de\/Produkte\/rooibostee-kaufen-papierbeutel-bio-natur-lose-tee\/#breadcrumb","itemListElement":[{"@type":"ListItem","position":1,"name":"Portada","item":"https:\/\/www.sempertea.eu\/de\/"},{"@type":"ListItem","position":2,"name":"Shop","item":"https:\/\/www.sempertea.eu\/de\/shop\/"},{"@type":"ListItem","position":3,"name":"ROOIBOS Biotee I Loser Tee im Papier Beutel"}]},{"@type":"WebSite","@id":"https:\/\/www.sempertea.eu\/#website","url":"https:\/\/www.sempertea.eu\/","name":"Semper Tea | Mayorista y fabricante de T\u00e9s e Infusiones para hoteles, restaurantes y bares","description":"T\u00e9s e infusiones para hosteler\u00eda, hoteler\u00eda y comercio","potentialAction":[{"@type":"SearchAction","target":{"@type":"EntryPoint","urlTemplate":"https:\/\/www.sempertea.eu\/?s={search_term_string}"},"query-input":{"@type":"PropertyValueSpecification","valueRequired":true,"valueName":"search_term_string"}}],"inLanguage":"de"}]}},"_links":{"self":[{"href":"https:\/\/www.sempertea.eu\/de\/wp-json\/wp\/v2\/product\/5394","targetHints":{"allow":["GET"]}}],"collection":[{"href":"https:\/\/www.sempertea.eu\/de\/wp-json\/wp\/v2\/product"}],"about":[{"href":"https:\/\/www.sempertea.eu\/de\/wp-json\/wp\/v2\/types\/product"}],"replies":[{"embeddable":true,"href":"https:\/\/www.sempertea.eu\/de\/wp-json\/wp\/v2\/comments?post=5394"}],"wp:featuredmedia":[{"embeddable":true,"href":"https:\/\/www.sempertea.eu\/de\/wp-json\/wp\/v2\/media\/16143"}],"wp:attachment":[{"href":"https:\/\/www.sempertea.eu\/de\/wp-json\/wp\/v2\/media?parent=5394"}],"wp:term":[{"taxonomy":"product_brand","embeddable":true,"href":"https:\/\/www.sempertea.eu\/de\/wp-json\/wp\/v2\/product_brand?post=5394"},{"taxonomy":"product_cat","embeddable":true,"href":"https:\/\/www.sempertea.eu\/de\/wp-json\/wp\/v2\/product_cat?post=5394"},{"taxonomy":"product_tag","embeddable":true,"href":"https:\/\/www.sempertea.eu\/de\/wp-json\/wp\/v2\/product_tag?post=5394"}],"curies":[{"name":"wp","href":"https:\/\/api.w.org\/{rel}","templated":true}]}}