{"id":5392,"date":"2021-07-06T16:04:47","date_gmt":"2022-08-19T11:38:52","guid":{"rendered":"https:\/\/www.sempertea.eu\/rooibos-te-organico-i-tubo-de-ensayo\/"},"modified":"2023-07-28T17:44:13","modified_gmt":"2023-07-28T16:44:13","slug":"bio-rooibos-im-reagenzglas-gesund-leben","status":"publish","type":"product","link":"https:\/\/www.sempertea.eu\/de\/Produkte\/bio-rooibos-im-reagenzglas-gesund-leben\/","title":{"rendered":"ROOIBOS Biotee I Loser Tee im Reagenzglas"},"content":{"rendered":"<h2>Rooibos &#8211; Die nat\u00fcrliche Aufdrehung f\u00fcr ein ges\u00fcnderes Leben!<\/h2>\n<p>Hier findest du eine sorgf\u00e4ltig ausgew\u00e4hlte Auswahl an hochwertigen Produkten, die dein Wohlbefinden steigern und einen ges\u00fcnderen Lebensstil f\u00f6rdern sollen. Entdecke den nat\u00fcrlichen Geschmack und die zahlreichen Vorteile von Rooibos (Aspalathus linearis), pr\u00e4sentiert in <strong>praktischen Reagenzgl\u00e4sern<\/strong>.<\/p>\n<p>Unsere Produkte werden mit Liebe aus nat\u00fcrlichen Zutaten hergestellt, um die bestm\u00f6glichen Ergebnisse zu erzielen. Wir legen Wert auf h\u00f6chste Qualit\u00e4t, damit du dich mit dir selbst und dem, was du konsumierst, wohlf\u00fchlen kannst.<\/p>\n<h3>Klug Tee trinken: Bio-Rooibos-Genuss aus dem Reagenzglas<\/h3>\n<p>Entdecke die gesundheitlichen Vorteile von Rooibos (Aspalathus linearis) f\u00fcr dein allgemeines Wohlbefinden. Wir bieten detaillierte Informationen \u00fcber seine Eigenschaften und m\u00f6gliche Kontraindikationen, damit du eine fundierte Entscheidung f\u00fcr deinen Konsum treffen kannst.<\/p>\n<p>Mach dich bereit f\u00fcr eine Reise zu einem ges\u00fcnderen und ausgeglicheneren Leben mit der <strong>Kraft des Rooibos (Aspalathus linearis)<\/strong>. Kaufe jetzt ein und freue dich auf dein Wohlbefinden. Danke, dass du uns besuchst und uns deine Gesundheit anvertraust!<\/p>\n<p>Entdecke alle <a href=\"https:\/\/www.sempertea.eu\/de\/tee-im-reagenzglas-teegeschenk-geschenk-teeliebhaber-tea-lover\/\">verf\u00fcgbaren Sorten in unserem Online-Shop.<\/a><\/p>\n","protected":false},"excerpt":{"rendered":"<p><strong>Natur pur, erdig und koffeinfrei<\/strong><\/p>\n<p>Ein k\u00f6stlicher Tee mit einzigartigem Geschmack, s\u00fc\u00dflich und erdig zugleich mit tief rotbrauner Farbe. Loser Blatt-Tee im sch\u00f6nen Reagenzglas. Diese sind ein originelles Firmengeschenk, Geburtstags\u00fcberraschung oder Pr\u00e4sent f\u00fcr Hochzeitsg\u00e4ste. Jedes R\u00f6hrchen ergibt 6-8 Teetassen. Ein ansprechendes Geschenk f\u00fcr G\u00e4ste oder Kunden.<\/p>\n<p>&nbsp;<\/p>\n","protected":false},"featured_media":4130,"comment_status":"open","ping_status":"closed","template":"","meta":[],"product_brand":[],"product_cat":[115,116,114,113,129,124,122,108,131],"product_tag":[],"class_list":{"0":"post-5392","1":"product","2":"type-product","3":"status-publish","4":"has-post-thumbnail","6":"product_cat-alle-de","7":"product_cat-alle-de-2","8":"product_cat-alle","9":"product_cat-biotees-sortiment-online-kaufen","10":"product_cat-crystal-loser-tee-recycle-im-glas-tee-reagenzglas-biotee-nachhaltig","11":"product_cat-teesortiment-formate-packaging-attraktiv-biotees-verpackung","12":"product_cat-rooibos-tee-erdig-koffein-frei-biotee-sudafrika-rotbusch","13":"product_cat-sortiment-tee-packaging-verpackung-attraktiv-biotees-design","14":"product_cat-tee-im-reagenzglas-teegeschenk-geschenk-teeliebhaber-tea-lover","16":"first","17":"instock","18":"shipping-taxable","19":"purchasable","20":"product-type-simple"},"yoast_head":"<!-- This site is optimized with the Yoast SEO Premium plugin v27.3 (Yoast SEO v27.4) - https:\/\/yoast.com\/product\/yoast-seo-premium-wordpress\/ -->\n<title>Rooibos - Nat\u00fcrlicher Twist f\u00fcr ein ges\u00fcnderes Leben | Reagenzglas<\/title>\n<meta name=\"description\" content=\"Nat\u00fcrlicher Geschmack von Rooibos in Bio im Reagenzglas. Erfahre die zahlreichen Vorteile f\u00fcr gesundes Leben. Kaufe jetzt enie\u00dfe Wohlbefinden!\" \/>\n<meta name=\"robots\" content=\"index, follow, max-snippet:-1, max-image-preview:large, max-video-preview:-1\" \/>\n<link rel=\"canonical\" href=\"https:\/\/www.sempertea.eu\/Produkte\/rooibos-es-te\/\" \/>\n<meta property=\"og:locale\" content=\"de_DE\" \/>\n<meta property=\"og:type\" content=\"article\" \/>\n<meta property=\"og:title\" content=\"ROOIBOS Biotee I Loser Tee im Reagenzglas\" \/>\n<meta property=\"og:description\" content=\"Nat\u00fcrlicher Geschmack von Rooibos in Bio im Reagenzglas. Erfahre die zahlreichen Vorteile f\u00fcr gesundes Leben. Kaufe jetzt enie\u00dfe Wohlbefinden!\" \/>\n<meta property=\"og:url\" content=\"https:\/\/www.sempertea.eu\/Produkte\/rooibos-es-te\/\" \/>\n<meta property=\"og:site_name\" content=\"Semper Tea | Mayorista y fabricante de T\u00e9s e Infusiones para hoteles, restaurantes y bares\" \/>\n<meta property=\"article:modified_time\" content=\"2023-07-28T16:44:13+00:00\" \/>\n<meta property=\"og:image\" content=\"https:\/\/www.sempertea.eu\/wp-content\/uploads\/2021\/07\/rooibos-natural-bio-te-rojo-sudafricano-te-organico-semper-tea.jpg\" \/>\n<meta name=\"twitter:card\" content=\"summary_large_image\" \/>\n<meta name=\"twitter:image\" content=\"https:\/\/www.sempertea.eu\/wp-content\/uploads\/2021\/07\/te-rooibos-en-tubo-de-cristal-semper-tea.jpg\" \/>\n<meta name=\"twitter:label1\" content=\"Gesch\u00e4tzte Lesezeit\" \/>\n\t<meta name=\"twitter:data1\" content=\"1\u00a0Minute\" \/>\n<script type=\"application\/ld+json\" class=\"yoast-schema-graph\">{\"@context\":\"https:\\\/\\\/schema.org\",\"@graph\":[{\"@type\":\"WebPage\",\"@id\":\"https:\\\/\\\/www.sempertea.eu\\\/Produkte\\\/rooibos-es-te\\\/\",\"url\":\"https:\\\/\\\/www.sempertea.eu\\\/Produkte\\\/rooibos-es-te\\\/\",\"name\":\"Rooibos - Nat\u00fcrlicher Twist f\u00fcr ein ges\u00fcnderes Leben | Reagenzglas\",\"isPartOf\":{\"@id\":\"https:\\\/\\\/www.sempertea.eu\\\/#website\"},\"primaryImageOfPage\":{\"@id\":\"https:\\\/\\\/www.sempertea.eu\\\/Produkte\\\/rooibos-es-te\\\/#primaryimage\"},\"image\":{\"@id\":\"https:\\\/\\\/www.sempertea.eu\\\/Produkte\\\/rooibos-es-te\\\/#primaryimage\"},\"thumbnailUrl\":\"https:\\\/\\\/www.sempertea.eu\\\/wp-content\\\/uploads\\\/2021\\\/07\\\/rooibos-natural-bio-te-rojo-organico-sudafricano-semper-tea.jpg\",\"datePublished\":\"2022-08-19T11:38:52+00:00\",\"dateModified\":\"2023-07-28T16:44:13+00:00\",\"description\":\"Nat\u00fcrlicher Geschmack von Rooibos in Bio im Reagenzglas. Erfahre die zahlreichen Vorteile f\u00fcr gesundes Leben. Kaufe jetzt enie\u00dfe Wohlbefinden!\",\"breadcrumb\":{\"@id\":\"https:\\\/\\\/www.sempertea.eu\\\/Produkte\\\/rooibos-es-te\\\/#breadcrumb\"},\"inLanguage\":\"de\",\"potentialAction\":[{\"@type\":\"ReadAction\",\"target\":[\"https:\\\/\\\/www.sempertea.eu\\\/Produkte\\\/rooibos-es-te\\\/\"]}]},{\"@type\":\"ImageObject\",\"inLanguage\":\"de\",\"@id\":\"https:\\\/\\\/www.sempertea.eu\\\/Produkte\\\/rooibos-es-te\\\/#primaryimage\",\"url\":\"https:\\\/\\\/www.sempertea.eu\\\/wp-content\\\/uploads\\\/2021\\\/07\\\/rooibos-natural-bio-te-rojo-organico-sudafricano-semper-tea.jpg\",\"contentUrl\":\"https:\\\/\\\/www.sempertea.eu\\\/wp-content\\\/uploads\\\/2021\\\/07\\\/rooibos-natural-bio-te-rojo-organico-sudafricano-semper-tea.jpg\",\"width\":1000,\"height\":1000,\"caption\":\"Tee ROTBUSCH im REAGENZGLAS BIO | Tolle Geschenke f\u00fcr Frauen\"},{\"@type\":\"BreadcrumbList\",\"@id\":\"https:\\\/\\\/www.sempertea.eu\\\/Produkte\\\/rooibos-es-te\\\/#breadcrumb\",\"itemListElement\":[{\"@type\":\"ListItem\",\"position\":1,\"name\":\"Portada\",\"item\":\"https:\\\/\\\/www.sempertea.eu\\\/de\\\/\"},{\"@type\":\"ListItem\",\"position\":2,\"name\":\"Shop\",\"item\":\"https:\\\/\\\/www.sempertea.eu\\\/de\\\/shop\\\/\"},{\"@type\":\"ListItem\",\"position\":3,\"name\":\"ROOIBOS Biotee I Loser Tee im Reagenzglas\"}]},{\"@type\":\"WebSite\",\"@id\":\"https:\\\/\\\/www.sempertea.eu\\\/#website\",\"url\":\"https:\\\/\\\/www.sempertea.eu\\\/\",\"name\":\"Semper Tea | Mayorista y fabricante de T\u00e9s e Infusiones para hoteles, restaurantes y bares\",\"description\":\"T\u00e9s e infusiones para hosteler\u00eda, hoteler\u00eda y comercio\",\"potentialAction\":[{\"@type\":\"SearchAction\",\"target\":{\"@type\":\"EntryPoint\",\"urlTemplate\":\"https:\\\/\\\/www.sempertea.eu\\\/?s={search_term_string}\"},\"query-input\":{\"@type\":\"PropertyValueSpecification\",\"valueRequired\":true,\"valueName\":\"search_term_string\"}}],\"inLanguage\":\"de\"}]}<\/script>\n<!-- \/ Yoast SEO Premium plugin. -->","yoast_head_json":{"title":"Rooibos - Nat\u00fcrlicher Twist f\u00fcr ein ges\u00fcnderes Leben | Reagenzglas","description":"Nat\u00fcrlicher Geschmack von Rooibos in Bio im Reagenzglas. Erfahre die zahlreichen Vorteile f\u00fcr gesundes Leben. Kaufe jetzt enie\u00dfe Wohlbefinden!","robots":{"index":"index","follow":"follow","max-snippet":"max-snippet:-1","max-image-preview":"max-image-preview:large","max-video-preview":"max-video-preview:-1"},"canonical":"https:\/\/www.sempertea.eu\/Produkte\/rooibos-es-te\/","og_locale":"de_DE","og_type":"article","og_title":"ROOIBOS Biotee I Loser Tee im Reagenzglas","og_description":"Nat\u00fcrlicher Geschmack von Rooibos in Bio im Reagenzglas. Erfahre die zahlreichen Vorteile f\u00fcr gesundes Leben. Kaufe jetzt enie\u00dfe Wohlbefinden!","og_url":"https:\/\/www.sempertea.eu\/Produkte\/rooibos-es-te\/","og_site_name":"Semper Tea | Mayorista y fabricante de T\u00e9s e Infusiones para hoteles, restaurantes y bares","article_modified_time":"2023-07-28T16:44:13+00:00","og_image":[{"url":"https:\/\/www.sempertea.eu\/wp-content\/uploads\/2021\/07\/rooibos-natural-bio-te-rojo-sudafricano-te-organico-semper-tea.jpg","type":"","width":"","height":""}],"twitter_card":"summary_large_image","twitter_image":"https:\/\/www.sempertea.eu\/wp-content\/uploads\/2021\/07\/te-rooibos-en-tubo-de-cristal-semper-tea.jpg","twitter_misc":{"Gesch\u00e4tzte Lesezeit":"1\u00a0Minute"},"schema":{"@context":"https:\/\/schema.org","@graph":[{"@type":"WebPage","@id":"https:\/\/www.sempertea.eu\/Produkte\/rooibos-es-te\/","url":"https:\/\/www.sempertea.eu\/Produkte\/rooibos-es-te\/","name":"Rooibos - Nat\u00fcrlicher Twist f\u00fcr ein ges\u00fcnderes Leben | Reagenzglas","isPartOf":{"@id":"https:\/\/www.sempertea.eu\/#website"},"primaryImageOfPage":{"@id":"https:\/\/www.sempertea.eu\/Produkte\/rooibos-es-te\/#primaryimage"},"image":{"@id":"https:\/\/www.sempertea.eu\/Produkte\/rooibos-es-te\/#primaryimage"},"thumbnailUrl":"https:\/\/www.sempertea.eu\/wp-content\/uploads\/2021\/07\/rooibos-natural-bio-te-rojo-organico-sudafricano-semper-tea.jpg","datePublished":"2022-08-19T11:38:52+00:00","dateModified":"2023-07-28T16:44:13+00:00","description":"Nat\u00fcrlicher Geschmack von Rooibos in Bio im Reagenzglas. Erfahre die zahlreichen Vorteile f\u00fcr gesundes Leben. Kaufe jetzt enie\u00dfe Wohlbefinden!","breadcrumb":{"@id":"https:\/\/www.sempertea.eu\/Produkte\/rooibos-es-te\/#breadcrumb"},"inLanguage":"de","potentialAction":[{"@type":"ReadAction","target":["https:\/\/www.sempertea.eu\/Produkte\/rooibos-es-te\/"]}]},{"@type":"ImageObject","inLanguage":"de","@id":"https:\/\/www.sempertea.eu\/Produkte\/rooibos-es-te\/#primaryimage","url":"https:\/\/www.sempertea.eu\/wp-content\/uploads\/2021\/07\/rooibos-natural-bio-te-rojo-organico-sudafricano-semper-tea.jpg","contentUrl":"https:\/\/www.sempertea.eu\/wp-content\/uploads\/2021\/07\/rooibos-natural-bio-te-rojo-organico-sudafricano-semper-tea.jpg","width":1000,"height":1000,"caption":"Tee ROTBUSCH im REAGENZGLAS BIO | Tolle Geschenke f\u00fcr Frauen"},{"@type":"BreadcrumbList","@id":"https:\/\/www.sempertea.eu\/Produkte\/rooibos-es-te\/#breadcrumb","itemListElement":[{"@type":"ListItem","position":1,"name":"Portada","item":"https:\/\/www.sempertea.eu\/de\/"},{"@type":"ListItem","position":2,"name":"Shop","item":"https:\/\/www.sempertea.eu\/de\/shop\/"},{"@type":"ListItem","position":3,"name":"ROOIBOS Biotee I Loser Tee im Reagenzglas"}]},{"@type":"WebSite","@id":"https:\/\/www.sempertea.eu\/#website","url":"https:\/\/www.sempertea.eu\/","name":"Semper Tea | Mayorista y fabricante de T\u00e9s e Infusiones para hoteles, restaurantes y bares","description":"T\u00e9s e infusiones para hosteler\u00eda, hoteler\u00eda y comercio","potentialAction":[{"@type":"SearchAction","target":{"@type":"EntryPoint","urlTemplate":"https:\/\/www.sempertea.eu\/?s={search_term_string}"},"query-input":{"@type":"PropertyValueSpecification","valueRequired":true,"valueName":"search_term_string"}}],"inLanguage":"de"}]}},"_links":{"self":[{"href":"https:\/\/www.sempertea.eu\/de\/wp-json\/wp\/v2\/product\/5392","targetHints":{"allow":["GET"]}}],"collection":[{"href":"https:\/\/www.sempertea.eu\/de\/wp-json\/wp\/v2\/product"}],"about":[{"href":"https:\/\/www.sempertea.eu\/de\/wp-json\/wp\/v2\/types\/product"}],"replies":[{"embeddable":true,"href":"https:\/\/www.sempertea.eu\/de\/wp-json\/wp\/v2\/comments?post=5392"}],"wp:featuredmedia":[{"embeddable":true,"href":"https:\/\/www.sempertea.eu\/de\/wp-json\/wp\/v2\/media\/4130"}],"wp:attachment":[{"href":"https:\/\/www.sempertea.eu\/de\/wp-json\/wp\/v2\/media?parent=5392"}],"wp:term":[{"taxonomy":"product_brand","embeddable":true,"href":"https:\/\/www.sempertea.eu\/de\/wp-json\/wp\/v2\/product_brand?post=5392"},{"taxonomy":"product_cat","embeddable":true,"href":"https:\/\/www.sempertea.eu\/de\/wp-json\/wp\/v2\/product_cat?post=5392"},{"taxonomy":"product_tag","embeddable":true,"href":"https:\/\/www.sempertea.eu\/de\/wp-json\/wp\/v2\/product_tag?post=5392"}],"curies":[{"name":"wp","href":"https:\/\/api.w.org\/{rel}","templated":true}]}}