{"id":5385,"date":"2021-07-30T13:22:07","date_gmt":"2022-08-19T08:00:24","guid":{"rendered":"https:\/\/www.sempertea.eu\/liquorice-mint-apple-bio-kraeutertee-i-loser-tee-im-reagenzglas\/"},"modified":"2023-01-31T17:34:49","modified_gmt":"2023-01-31T16:34:49","slug":"lakritz-tee-im-reagenzglas-suessholz-minze-online-kaufen","status":"publish","type":"product","link":"https:\/\/www.sempertea.eu\/de\/Produkte\/lakritz-tee-im-reagenzglas-suessholz-minze-online-kaufen\/","title":{"rendered":"LIQUORICE MINT APPLE Bio Kr\u00e4utertee I Loser Tee im Reagenzglas"},"content":{"rendered":"<h2>Was ist Lakritze?<\/h2>\n<p>Die meisten von uns kennen <a href=\"https:\/\/www.gesundheitsforschung-bmbf.de\/de\/mit-sussholz-gegen-diabetes-naturstoff-senkt-den-blutzucker-3302.php\">Lakritze noch aus der Kindheit\u2026<\/a> Leckereien, Bonbons, Lakritzeschnecken \u2013 welche Erinnerungen!<\/p>\n<h3>Aber was ist genau Lakritze und wo kommt es her?<\/h3>\n<p>Lakritze kommt von der S\u00fc\u00dfholzwurzel. S\u00fcssholz ist eine Pflanze und w\u00e4chst urspr\u00fcnglich in S\u00fcdeuropa und Asien. Die Wurzeln enthalten einen nat\u00fcrlichen S\u00fc\u00dfstoff namens Glycyrrhizin, der 30- bis 50-mal s\u00fc\u00dfer als Zucker ist!<\/p>\n<h4><strong>Die Heilpflanze und ihre Wirkung<\/strong><\/h4>\n<p>S\u00fc\u00dfholz ist nicht nur f\u00fcr seine S\u00fc\u00dfe bekannt, sondern wird seit Jahrhunderten wegen seiner medizinischen Vorteile verwendet. Hier sind einige der <strong>Vorteile von S\u00fc\u00dfholztee,<\/strong> wie sie von nat\u00fcrlichen Therapeuten berichtet wurden:<\/p>\n<p>-S\u00fc\u00dfholztee kann verdauungsf\u00f6rdernd wirken.<br \/>\n-Hat entz\u00fcndungshemmende Eigenschaften, die Schmerzen bei Arthritis und anderen entz\u00fcndlichen Erkrankungen lindern k\u00f6nnen.<br \/>\n-Kann bei niedrigem Blutdruck helfen<br \/>\n-Kann helfen, pr\u00e4menstruelle Symptome zu lindern.<br \/>\n-Kann bei Sodbrennen, Unwohlsein und Sodbrennen helfen<\/p>\n<p>Es sollte darauf geachtet werden, den Lakritzkonsum auf ein bis zwei Tassen pro Tag zu beschr\u00e4nken. Ein hoher Konsum kann f\u00fcr Menschen mit Bluthochdruck sch\u00e4dlich sein.<\/p>\n","protected":false},"excerpt":{"rendered":"<p><strong>S\u00fcsslich, erfrischend und wohltuend<\/strong><\/p>\n<p>Dieser Kr\u00e4utertee bietet eine k\u00f6stliche Kombination aus erfrischender Minze und s\u00fc\u00dfer Lakritze \u2013 eine wunderbare Tasse Tee, die zu jeder Tageszeit genossen werden kann. Loser Blatt-Tee im sch\u00f6nen Reagenzglas sind ein originelles Firmengeschenk, Geburtstags\u00fcberraschung oder Pr\u00e4sent f\u00fcr Hochzeitsg\u00e4ste. Jedes R\u00f6hrchen ergibt 6-8 Tassen.<\/p>\n","protected":false},"featured_media":4204,"comment_status":"open","ping_status":"closed","template":"","meta":[],"product_brand":[],"product_cat":[114,115,116,113,129,124,112,108,131],"product_tag":[],"class_list":{"0":"post-5385","1":"product","2":"type-product","3":"status-publish","4":"has-post-thumbnail","6":"product_cat-alle","7":"product_cat-alle-de","8":"product_cat-alle-de-2","9":"product_cat-biotees-sortiment-online-kaufen","10":"product_cat-crystal-loser-tee-recycle-im-glas-tee-reagenzglas-biotee-nachhaltig","11":"product_cat-teesortiment-formate-packaging-attraktiv-biotees-verpackung","12":"product_cat-krautertees-bio-teemischungen-herbal-ohne-koffein","13":"product_cat-sortiment-tee-packaging-verpackung-attraktiv-biotees-design","14":"product_cat-tee-im-reagenzglas-teegeschenk-geschenk-teeliebhaber-tea-lover","16":"first","17":"instock","18":"shipping-taxable","19":"purchasable","20":"product-type-simple"},"yoast_head":"<!-- This site is optimized with the Yoast SEO Premium plugin v27.3 (Yoast SEO v27.4) - https:\/\/yoast.com\/product\/yoast-seo-premium-wordpress\/ -->\n<title>LAKRITZ Biotee im REAGENZGLAS | S\u00fc\u00dfholz und Minze | online kaufen<\/title>\n<meta name=\"description\" content=\"Eine k\u00f6stliche Teemischung aus erfrischender Minze und s\u00fc\u00dfer Lakritze. Die ideale Tasse Tee, die zu jeder Tageszeit genossen werden kann.\" \/>\n<meta name=\"robots\" content=\"index, follow, max-snippet:-1, max-image-preview:large, max-video-preview:-1\" \/>\n<link rel=\"canonical\" href=\"https:\/\/www.sempertea.eu\/Produkte\/infusion-de-regaliz-y-menta-propiedades\/\" \/>\n<meta property=\"og:locale\" content=\"de_DE\" \/>\n<meta property=\"og:type\" content=\"article\" \/>\n<meta property=\"og:title\" content=\"LIQUORICE MINT APPLE Bio Kr\u00e4utertee I Loser Tee im Reagenzglas\" \/>\n<meta property=\"og:description\" content=\"Eine k\u00f6stliche Teemischung aus erfrischender Minze und s\u00fc\u00dfer Lakritze. Die ideale Tasse Tee, die zu jeder Tageszeit genossen werden kann.\" \/>\n<meta property=\"og:url\" content=\"https:\/\/www.sempertea.eu\/Produkte\/infusion-de-regaliz-y-menta-propiedades\/\" \/>\n<meta property=\"og:site_name\" content=\"Semper Tea | Mayorista y fabricante de T\u00e9s e Infusiones para hoteles, restaurantes y bares\" \/>\n<meta property=\"article:modified_time\" content=\"2023-01-31T16:34:49+00:00\" \/>\n<meta property=\"og:image\" content=\"https:\/\/www.sempertea.eu\/wp-content\/uploads\/2021\/07\/comprar-tubo-de-ensayo-rellenos-de-te-verde-semper-tea.jpg\" \/>\n<meta name=\"twitter:card\" content=\"summary_large_image\" \/>\n<meta name=\"twitter:image\" content=\"https:\/\/www.sempertea.eu\/wp-content\/uploads\/2021\/07\/comprar-tubo-de-ensayo-rellenos-de-te-verde-semper-tea.jpg\" \/>\n<meta name=\"twitter:label1\" content=\"Gesch\u00e4tzte Lesezeit\" \/>\n\t<meta name=\"twitter:data1\" content=\"1\u00a0Minute\" \/>\n<script type=\"application\/ld+json\" class=\"yoast-schema-graph\">{\"@context\":\"https:\\\/\\\/schema.org\",\"@graph\":[{\"@type\":\"WebPage\",\"@id\":\"https:\\\/\\\/www.sempertea.eu\\\/Produkte\\\/infusion-de-regaliz-y-menta-propiedades\\\/\",\"url\":\"https:\\\/\\\/www.sempertea.eu\\\/Produkte\\\/infusion-de-regaliz-y-menta-propiedades\\\/\",\"name\":\"LAKRITZ Biotee im REAGENZGLAS | S\u00fc\u00dfholz und Minze | online kaufen\",\"isPartOf\":{\"@id\":\"https:\\\/\\\/www.sempertea.eu\\\/#website\"},\"primaryImageOfPage\":{\"@id\":\"https:\\\/\\\/www.sempertea.eu\\\/Produkte\\\/infusion-de-regaliz-y-menta-propiedades\\\/#primaryimage\"},\"image\":{\"@id\":\"https:\\\/\\\/www.sempertea.eu\\\/Produkte\\\/infusion-de-regaliz-y-menta-propiedades\\\/#primaryimage\"},\"thumbnailUrl\":\"https:\\\/\\\/www.sempertea.eu\\\/wp-content\\\/uploads\\\/2021\\\/07\\\/infusion-de-regaliz-menta-propiedades-semper-tea.jpg\",\"datePublished\":\"2022-08-19T08:00:24+00:00\",\"dateModified\":\"2023-01-31T16:34:49+00:00\",\"description\":\"Eine k\u00f6stliche Teemischung aus erfrischender Minze und s\u00fc\u00dfer Lakritze. Die ideale Tasse Tee, die zu jeder Tageszeit genossen werden kann.\",\"breadcrumb\":{\"@id\":\"https:\\\/\\\/www.sempertea.eu\\\/Produkte\\\/infusion-de-regaliz-y-menta-propiedades\\\/#breadcrumb\"},\"inLanguage\":\"de\",\"potentialAction\":[{\"@type\":\"ReadAction\",\"target\":[\"https:\\\/\\\/www.sempertea.eu\\\/Produkte\\\/infusion-de-regaliz-y-menta-propiedades\\\/\"]}]},{\"@type\":\"ImageObject\",\"inLanguage\":\"de\",\"@id\":\"https:\\\/\\\/www.sempertea.eu\\\/Produkte\\\/infusion-de-regaliz-y-menta-propiedades\\\/#primaryimage\",\"url\":\"https:\\\/\\\/www.sempertea.eu\\\/wp-content\\\/uploads\\\/2021\\\/07\\\/infusion-de-regaliz-menta-propiedades-semper-tea.jpg\",\"contentUrl\":\"https:\\\/\\\/www.sempertea.eu\\\/wp-content\\\/uploads\\\/2021\\\/07\\\/infusion-de-regaliz-menta-propiedades-semper-tea.jpg\",\"width\":1000,\"height\":1000,\"caption\":\"LAKRITZ Tee im REAGENZGLAS | S\u00fc\u00dfholz und Minze | Online kaufen\"},{\"@type\":\"BreadcrumbList\",\"@id\":\"https:\\\/\\\/www.sempertea.eu\\\/Produkte\\\/infusion-de-regaliz-y-menta-propiedades\\\/#breadcrumb\",\"itemListElement\":[{\"@type\":\"ListItem\",\"position\":1,\"name\":\"Portada\",\"item\":\"https:\\\/\\\/www.sempertea.eu\\\/de\\\/\"},{\"@type\":\"ListItem\",\"position\":2,\"name\":\"Shop\",\"item\":\"https:\\\/\\\/www.sempertea.eu\\\/de\\\/shop\\\/\"},{\"@type\":\"ListItem\",\"position\":3,\"name\":\"LIQUORICE MINT APPLE Bio Kr\u00e4utertee I Loser Tee im Reagenzglas\"}]},{\"@type\":\"WebSite\",\"@id\":\"https:\\\/\\\/www.sempertea.eu\\\/#website\",\"url\":\"https:\\\/\\\/www.sempertea.eu\\\/\",\"name\":\"Semper Tea | Mayorista y fabricante de T\u00e9s e Infusiones para hoteles, restaurantes y bares\",\"description\":\"T\u00e9s e infusiones para hosteler\u00eda, hoteler\u00eda y comercio\",\"potentialAction\":[{\"@type\":\"SearchAction\",\"target\":{\"@type\":\"EntryPoint\",\"urlTemplate\":\"https:\\\/\\\/www.sempertea.eu\\\/?s={search_term_string}\"},\"query-input\":{\"@type\":\"PropertyValueSpecification\",\"valueRequired\":true,\"valueName\":\"search_term_string\"}}],\"inLanguage\":\"de\"}]}<\/script>\n<!-- \/ Yoast SEO Premium plugin. -->","yoast_head_json":{"title":"LAKRITZ Biotee im REAGENZGLAS | S\u00fc\u00dfholz und Minze | online kaufen","description":"Eine k\u00f6stliche Teemischung aus erfrischender Minze und s\u00fc\u00dfer Lakritze. Die ideale Tasse Tee, die zu jeder Tageszeit genossen werden kann.","robots":{"index":"index","follow":"follow","max-snippet":"max-snippet:-1","max-image-preview":"max-image-preview:large","max-video-preview":"max-video-preview:-1"},"canonical":"https:\/\/www.sempertea.eu\/Produkte\/infusion-de-regaliz-y-menta-propiedades\/","og_locale":"de_DE","og_type":"article","og_title":"LIQUORICE MINT APPLE Bio Kr\u00e4utertee I Loser Tee im Reagenzglas","og_description":"Eine k\u00f6stliche Teemischung aus erfrischender Minze und s\u00fc\u00dfer Lakritze. Die ideale Tasse Tee, die zu jeder Tageszeit genossen werden kann.","og_url":"https:\/\/www.sempertea.eu\/Produkte\/infusion-de-regaliz-y-menta-propiedades\/","og_site_name":"Semper Tea | Mayorista y fabricante de T\u00e9s e Infusiones para hoteles, restaurantes y bares","article_modified_time":"2023-01-31T16:34:49+00:00","og_image":[{"url":"https:\/\/www.sempertea.eu\/wp-content\/uploads\/2021\/07\/comprar-tubo-de-ensayo-rellenos-de-te-verde-semper-tea.jpg","type":"","width":"","height":""}],"twitter_card":"summary_large_image","twitter_image":"https:\/\/www.sempertea.eu\/wp-content\/uploads\/2021\/07\/comprar-tubo-de-ensayo-rellenos-de-te-verde-semper-tea.jpg","twitter_misc":{"Gesch\u00e4tzte Lesezeit":"1\u00a0Minute"},"schema":{"@context":"https:\/\/schema.org","@graph":[{"@type":"WebPage","@id":"https:\/\/www.sempertea.eu\/Produkte\/infusion-de-regaliz-y-menta-propiedades\/","url":"https:\/\/www.sempertea.eu\/Produkte\/infusion-de-regaliz-y-menta-propiedades\/","name":"LAKRITZ Biotee im REAGENZGLAS | S\u00fc\u00dfholz und Minze | online kaufen","isPartOf":{"@id":"https:\/\/www.sempertea.eu\/#website"},"primaryImageOfPage":{"@id":"https:\/\/www.sempertea.eu\/Produkte\/infusion-de-regaliz-y-menta-propiedades\/#primaryimage"},"image":{"@id":"https:\/\/www.sempertea.eu\/Produkte\/infusion-de-regaliz-y-menta-propiedades\/#primaryimage"},"thumbnailUrl":"https:\/\/www.sempertea.eu\/wp-content\/uploads\/2021\/07\/infusion-de-regaliz-menta-propiedades-semper-tea.jpg","datePublished":"2022-08-19T08:00:24+00:00","dateModified":"2023-01-31T16:34:49+00:00","description":"Eine k\u00f6stliche Teemischung aus erfrischender Minze und s\u00fc\u00dfer Lakritze. Die ideale Tasse Tee, die zu jeder Tageszeit genossen werden kann.","breadcrumb":{"@id":"https:\/\/www.sempertea.eu\/Produkte\/infusion-de-regaliz-y-menta-propiedades\/#breadcrumb"},"inLanguage":"de","potentialAction":[{"@type":"ReadAction","target":["https:\/\/www.sempertea.eu\/Produkte\/infusion-de-regaliz-y-menta-propiedades\/"]}]},{"@type":"ImageObject","inLanguage":"de","@id":"https:\/\/www.sempertea.eu\/Produkte\/infusion-de-regaliz-y-menta-propiedades\/#primaryimage","url":"https:\/\/www.sempertea.eu\/wp-content\/uploads\/2021\/07\/infusion-de-regaliz-menta-propiedades-semper-tea.jpg","contentUrl":"https:\/\/www.sempertea.eu\/wp-content\/uploads\/2021\/07\/infusion-de-regaliz-menta-propiedades-semper-tea.jpg","width":1000,"height":1000,"caption":"LAKRITZ Tee im REAGENZGLAS | S\u00fc\u00dfholz und Minze | Online kaufen"},{"@type":"BreadcrumbList","@id":"https:\/\/www.sempertea.eu\/Produkte\/infusion-de-regaliz-y-menta-propiedades\/#breadcrumb","itemListElement":[{"@type":"ListItem","position":1,"name":"Portada","item":"https:\/\/www.sempertea.eu\/de\/"},{"@type":"ListItem","position":2,"name":"Shop","item":"https:\/\/www.sempertea.eu\/de\/shop\/"},{"@type":"ListItem","position":3,"name":"LIQUORICE MINT APPLE Bio Kr\u00e4utertee I Loser Tee im Reagenzglas"}]},{"@type":"WebSite","@id":"https:\/\/www.sempertea.eu\/#website","url":"https:\/\/www.sempertea.eu\/","name":"Semper Tea | Mayorista y fabricante de T\u00e9s e Infusiones para hoteles, restaurantes y bares","description":"T\u00e9s e infusiones para hosteler\u00eda, hoteler\u00eda y comercio","potentialAction":[{"@type":"SearchAction","target":{"@type":"EntryPoint","urlTemplate":"https:\/\/www.sempertea.eu\/?s={search_term_string}"},"query-input":{"@type":"PropertyValueSpecification","valueRequired":true,"valueName":"search_term_string"}}],"inLanguage":"de"}]}},"_links":{"self":[{"href":"https:\/\/www.sempertea.eu\/de\/wp-json\/wp\/v2\/product\/5385","targetHints":{"allow":["GET"]}}],"collection":[{"href":"https:\/\/www.sempertea.eu\/de\/wp-json\/wp\/v2\/product"}],"about":[{"href":"https:\/\/www.sempertea.eu\/de\/wp-json\/wp\/v2\/types\/product"}],"replies":[{"embeddable":true,"href":"https:\/\/www.sempertea.eu\/de\/wp-json\/wp\/v2\/comments?post=5385"}],"wp:featuredmedia":[{"embeddable":true,"href":"https:\/\/www.sempertea.eu\/de\/wp-json\/wp\/v2\/media\/4204"}],"wp:attachment":[{"href":"https:\/\/www.sempertea.eu\/de\/wp-json\/wp\/v2\/media?parent=5385"}],"wp:term":[{"taxonomy":"product_brand","embeddable":true,"href":"https:\/\/www.sempertea.eu\/de\/wp-json\/wp\/v2\/product_brand?post=5385"},{"taxonomy":"product_cat","embeddable":true,"href":"https:\/\/www.sempertea.eu\/de\/wp-json\/wp\/v2\/product_cat?post=5385"},{"taxonomy":"product_tag","embeddable":true,"href":"https:\/\/www.sempertea.eu\/de\/wp-json\/wp\/v2\/product_tag?post=5385"}],"curies":[{"name":"wp","href":"https:\/\/api.w.org\/{rel}","templated":true}]}}