{"id":5379,"date":"2021-08-04T11:12:08","date_gmt":"2021-08-04T10:12:08","guid":{"rendered":"https:\/\/www.sempertea.eu\/pu-erh-lemon-vanilla-biotee-i-loser-tee-im-papier-beutel\/"},"modified":"2025-07-19T15:38:55","modified_gmt":"2025-07-19T13:38:55","slug":"pu-erh-bio-tee-lose-kaufen-im-papier-beutel","status":"publish","type":"product","link":"https:\/\/www.sempertea.eu\/de\/Produkte\/pu-erh-bio-tee-lose-kaufen-im-papier-beutel\/","title":{"rendered":"PU-ERH LEMON VANILLA Biotee I Loser Tee im Papier Beutel"},"content":{"rendered":"<h2>Erdiger Naturgeschmack mit s\u00fcsser Note<\/h2>\n<p>Dieser Pu-erh Tee ist eine k\u00f6stlich aromatisierte Mischung. Der s\u00fc\u00dfe Hauch von Vanille, die Zitrusnote, kombiniert mit dem erdigen Geschmack des Pu-Erh ergeben eine aussergew\u00f6hnliche Teekreation.<\/p>\n<h3>Was macht Pu-Erh-Tee so gesund?<\/h3>\n<p>Dem Pu-Erh Tee werden viele positive Eigenschaften zugeschrieben:<br \/>\n&#8211; Die t\u00e4gliche Tasse Pu-erh Tee kann ein sehr wirksames Diuretikum sein und helfen Giftstoffe aus dem K\u00f6rper zu treiben<br \/>\n&#8211; Kann die Verdauung erleichtern und den Cholesterinspiegel senken<br \/>\n&#8211; Der Stoffwechsel kann angekurbelt werden und dabei helfen, Kalorien zu verbrennen<br \/>\n&#8211; Kann helfen, Fl\u00fcssigkeitsansammlungen zu reduzieren<\/p>\n","protected":false},"excerpt":{"rendered":"<p><strong>Erdiger Naturgeschmack mit s\u00fc\u00dfer Note<\/strong><\/p>\n<p>Eine k\u00f6stlich aromatisierte Mischung aus losem Pu-Erh Tee f\u00fcr die echten Geniesser. Der s\u00fc\u00dfe Hauch von Vanille, die Zitrusnote, kombiniert mit dem erdigen Geschmack des Pu-Erh ergeben eine wunderbare Kreation. Unser loser Biotee kommt im wiederverschlie\u00dfbaren Papierbeutel, der alle Zutaten frisch und aromatisch h\u00e4lt.<\/p>\n","protected":false},"featured_media":16139,"comment_status":"open","ping_status":"closed","template":"","meta":[],"product_brand":[],"product_cat":[379,115,116,114,113,124,127,121,108],"product_tag":[290],"class_list":{"0":"post-5379","1":"product","2":"type-product","3":"status-publish","4":"has-post-thumbnail","6":"product_cat-bio-tee-grosshandel-loser-tee","7":"product_cat-alle-de","8":"product_cat-alle-de-2","9":"product_cat-alle","10":"product_cat-biotees-sortiment-online-kaufen","11":"product_cat-teesortiment-formate-packaging-attraktiv-biotees-verpackung","12":"product_cat-loser-tee-im-papier-beutel-biotee-in-der-tute-nachhaltig","13":"product_cat-excellenter-pu-erh-bio-tee-kaufen","14":"product_cat-sortiment-tee-packaging-verpackung-attraktiv-biotees-design","15":"product_tag-blatt-tee-oder-ganzer-blutentee","17":"first","18":"instock","19":"shipping-taxable","20":"purchasable","21":"product-type-variable"},"yoast_head":"<!-- This site is optimized with the Yoast SEO Premium plugin v27.3 (Yoast SEO v27.3) - https:\/\/yoast.com\/product\/yoast-seo-premium-wordpress\/ -->\n<title>Pu-erh Tee mit Vanille | Biotee lose kaufen im Papierbeutel bis zu 1 Kg<\/title>\n<meta name=\"description\" content=\"Loser Pu-erh Biotee mit einem Hauch s\u00fcsser Vanille ist einer unserer Bestseller. Im verschliessbaren Papierbeutel in unterschiedlichen Gr\u00f6ssen\" \/>\n<meta name=\"robots\" content=\"index, follow, max-snippet:-1, max-image-preview:large, max-video-preview:-1\" \/>\n<link rel=\"canonical\" href=\"https:\/\/www.sempertea.eu\/de\/Produkte\/pu-erh-bio-tee-lose-kaufen-im-papier-beutel\/\" \/>\n<meta property=\"og:locale\" content=\"de_DE\" \/>\n<meta property=\"og:type\" content=\"article\" \/>\n<meta property=\"og:title\" content=\"PU-ERH LEMON VANILLA Biotee I Loser Tee im Papier Beutel\" \/>\n<meta property=\"og:description\" content=\"Loser Pu-erh Biotee mit einem Hauch s\u00fcsser Vanille ist einer unserer Bestseller. Im verschliessbaren Papierbeutel in unterschiedlichen Gr\u00f6ssen\" \/>\n<meta property=\"og:url\" content=\"https:\/\/www.sempertea.eu\/de\/Produkte\/pu-erh-bio-tee-lose-kaufen-im-papier-beutel\/\" \/>\n<meta property=\"og:site_name\" content=\"Semper Tea | Mayorista y fabricante de T\u00e9s e Infusiones para hoteles, restaurantes y bares\" \/>\n<meta property=\"article:modified_time\" content=\"2025-07-19T13:38:55+00:00\" \/>\n<meta property=\"og:image\" content=\"https:\/\/www.sempertea.eu\/wp-content\/uploads\/2021\/08\/surtido-de-te-para-regalo-pu-erh-limon-vainilla-organico-semper-tea-1.jpg\" \/>\n<meta name=\"twitter:card\" content=\"summary_large_image\" \/>\n<meta name=\"twitter:image\" content=\"https:\/\/www.sempertea.eu\/wp-content\/uploads\/2021\/08\/surtido-de-te-para-regalo-pu-erh-limon-vainilla-organico-semper-tea-1.jpg\" \/>\n<meta name=\"twitter:label1\" content=\"Gesch\u00e4tzte Lesezeit\" \/>\n\t<meta name=\"twitter:data1\" content=\"1\u00a0Minute\" \/>\n<script type=\"application\/ld+json\" class=\"yoast-schema-graph\">{\"@context\":\"https:\\\/\\\/schema.org\",\"@graph\":[{\"@type\":\"WebPage\",\"@id\":\"https:\\\/\\\/www.sempertea.eu\\\/de\\\/Produkte\\\/pu-erh-bio-tee-lose-kaufen-im-papier-beutel\\\/\",\"url\":\"https:\\\/\\\/www.sempertea.eu\\\/de\\\/Produkte\\\/pu-erh-bio-tee-lose-kaufen-im-papier-beutel\\\/\",\"name\":\"Pu-erh Tee mit Vanille | Biotee lose kaufen im Papierbeutel bis zu 1 Kg\",\"isPartOf\":{\"@id\":\"https:\\\/\\\/www.sempertea.eu\\\/#website\"},\"primaryImageOfPage\":{\"@id\":\"https:\\\/\\\/www.sempertea.eu\\\/de\\\/Produkte\\\/pu-erh-bio-tee-lose-kaufen-im-papier-beutel\\\/#primaryimage\"},\"image\":{\"@id\":\"https:\\\/\\\/www.sempertea.eu\\\/de\\\/Produkte\\\/pu-erh-bio-tee-lose-kaufen-im-papier-beutel\\\/#primaryimage\"},\"thumbnailUrl\":\"https:\\\/\\\/www.sempertea.eu\\\/wp-content\\\/uploads\\\/2025\\\/06\\\/pu-erh-vainilla-limon-granel-aromatico-digestivo-semper-tea.jpg\",\"datePublished\":\"2021-08-04T10:12:08+00:00\",\"dateModified\":\"2025-07-19T13:38:55+00:00\",\"description\":\"Loser Pu-erh Biotee mit einem Hauch s\u00fcsser Vanille ist einer unserer Bestseller. Im verschliessbaren Papierbeutel in unterschiedlichen Gr\u00f6ssen\",\"breadcrumb\":{\"@id\":\"https:\\\/\\\/www.sempertea.eu\\\/de\\\/Produkte\\\/pu-erh-bio-tee-lose-kaufen-im-papier-beutel\\\/#breadcrumb\"},\"inLanguage\":\"de\",\"potentialAction\":[{\"@type\":\"ReadAction\",\"target\":[\"https:\\\/\\\/www.sempertea.eu\\\/de\\\/Produkte\\\/pu-erh-bio-tee-lose-kaufen-im-papier-beutel\\\/\"]}]},{\"@type\":\"ImageObject\",\"inLanguage\":\"de\",\"@id\":\"https:\\\/\\\/www.sempertea.eu\\\/de\\\/Produkte\\\/pu-erh-bio-tee-lose-kaufen-im-papier-beutel\\\/#primaryimage\",\"url\":\"https:\\\/\\\/www.sempertea.eu\\\/wp-content\\\/uploads\\\/2025\\\/06\\\/pu-erh-vainilla-limon-granel-aromatico-digestivo-semper-tea.jpg\",\"contentUrl\":\"https:\\\/\\\/www.sempertea.eu\\\/wp-content\\\/uploads\\\/2025\\\/06\\\/pu-erh-vainilla-limon-granel-aromatico-digestivo-semper-tea.jpg\",\"width\":689,\"height\":689,\"caption\":\"pu erh vainilla limon granel aromatico digestivo semper tea\"},{\"@type\":\"BreadcrumbList\",\"@id\":\"https:\\\/\\\/www.sempertea.eu\\\/de\\\/Produkte\\\/pu-erh-bio-tee-lose-kaufen-im-papier-beutel\\\/#breadcrumb\",\"itemListElement\":[{\"@type\":\"ListItem\",\"position\":1,\"name\":\"Portada\",\"item\":\"https:\\\/\\\/www.sempertea.eu\\\/de\\\/\"},{\"@type\":\"ListItem\",\"position\":2,\"name\":\"Shop\",\"item\":\"https:\\\/\\\/www.sempertea.eu\\\/de\\\/shop\\\/\"},{\"@type\":\"ListItem\",\"position\":3,\"name\":\"PU-ERH LEMON VANILLA Biotee I Loser Tee im Papier Beutel\"}]},{\"@type\":\"WebSite\",\"@id\":\"https:\\\/\\\/www.sempertea.eu\\\/#website\",\"url\":\"https:\\\/\\\/www.sempertea.eu\\\/\",\"name\":\"Semper Tea | Mayorista y fabricante de T\u00e9s e Infusiones para hoteles, restaurantes y bares\",\"description\":\"T\u00e9s e infusiones para hosteler\u00eda, hoteler\u00eda y comercio\",\"potentialAction\":[{\"@type\":\"SearchAction\",\"target\":{\"@type\":\"EntryPoint\",\"urlTemplate\":\"https:\\\/\\\/www.sempertea.eu\\\/?s={search_term_string}\"},\"query-input\":{\"@type\":\"PropertyValueSpecification\",\"valueRequired\":true,\"valueName\":\"search_term_string\"}}],\"inLanguage\":\"de\"}]}<\/script>\n<!-- \/ Yoast SEO Premium plugin. -->","yoast_head_json":{"title":"Pu-erh Tee mit Vanille | Biotee lose kaufen im Papierbeutel bis zu 1 Kg","description":"Loser Pu-erh Biotee mit einem Hauch s\u00fcsser Vanille ist einer unserer Bestseller. Im verschliessbaren Papierbeutel in unterschiedlichen Gr\u00f6ssen","robots":{"index":"index","follow":"follow","max-snippet":"max-snippet:-1","max-image-preview":"max-image-preview:large","max-video-preview":"max-video-preview:-1"},"canonical":"https:\/\/www.sempertea.eu\/de\/Produkte\/pu-erh-bio-tee-lose-kaufen-im-papier-beutel\/","og_locale":"de_DE","og_type":"article","og_title":"PU-ERH LEMON VANILLA Biotee I Loser Tee im Papier Beutel","og_description":"Loser Pu-erh Biotee mit einem Hauch s\u00fcsser Vanille ist einer unserer Bestseller. Im verschliessbaren Papierbeutel in unterschiedlichen Gr\u00f6ssen","og_url":"https:\/\/www.sempertea.eu\/de\/Produkte\/pu-erh-bio-tee-lose-kaufen-im-papier-beutel\/","og_site_name":"Semper Tea | Mayorista y fabricante de T\u00e9s e Infusiones para hoteles, restaurantes y bares","article_modified_time":"2025-07-19T13:38:55+00:00","og_image":[{"url":"https:\/\/www.sempertea.eu\/wp-content\/uploads\/2021\/08\/surtido-de-te-para-regalo-pu-erh-limon-vainilla-organico-semper-tea-1.jpg","type":"","width":"","height":""}],"twitter_card":"summary_large_image","twitter_image":"https:\/\/www.sempertea.eu\/wp-content\/uploads\/2021\/08\/surtido-de-te-para-regalo-pu-erh-limon-vainilla-organico-semper-tea-1.jpg","twitter_misc":{"Gesch\u00e4tzte Lesezeit":"1\u00a0Minute"},"schema":{"@context":"https:\/\/schema.org","@graph":[{"@type":"WebPage","@id":"https:\/\/www.sempertea.eu\/de\/Produkte\/pu-erh-bio-tee-lose-kaufen-im-papier-beutel\/","url":"https:\/\/www.sempertea.eu\/de\/Produkte\/pu-erh-bio-tee-lose-kaufen-im-papier-beutel\/","name":"Pu-erh Tee mit Vanille | Biotee lose kaufen im Papierbeutel bis zu 1 Kg","isPartOf":{"@id":"https:\/\/www.sempertea.eu\/#website"},"primaryImageOfPage":{"@id":"https:\/\/www.sempertea.eu\/de\/Produkte\/pu-erh-bio-tee-lose-kaufen-im-papier-beutel\/#primaryimage"},"image":{"@id":"https:\/\/www.sempertea.eu\/de\/Produkte\/pu-erh-bio-tee-lose-kaufen-im-papier-beutel\/#primaryimage"},"thumbnailUrl":"https:\/\/www.sempertea.eu\/wp-content\/uploads\/2025\/06\/pu-erh-vainilla-limon-granel-aromatico-digestivo-semper-tea.jpg","datePublished":"2021-08-04T10:12:08+00:00","dateModified":"2025-07-19T13:38:55+00:00","description":"Loser Pu-erh Biotee mit einem Hauch s\u00fcsser Vanille ist einer unserer Bestseller. Im verschliessbaren Papierbeutel in unterschiedlichen Gr\u00f6ssen","breadcrumb":{"@id":"https:\/\/www.sempertea.eu\/de\/Produkte\/pu-erh-bio-tee-lose-kaufen-im-papier-beutel\/#breadcrumb"},"inLanguage":"de","potentialAction":[{"@type":"ReadAction","target":["https:\/\/www.sempertea.eu\/de\/Produkte\/pu-erh-bio-tee-lose-kaufen-im-papier-beutel\/"]}]},{"@type":"ImageObject","inLanguage":"de","@id":"https:\/\/www.sempertea.eu\/de\/Produkte\/pu-erh-bio-tee-lose-kaufen-im-papier-beutel\/#primaryimage","url":"https:\/\/www.sempertea.eu\/wp-content\/uploads\/2025\/06\/pu-erh-vainilla-limon-granel-aromatico-digestivo-semper-tea.jpg","contentUrl":"https:\/\/www.sempertea.eu\/wp-content\/uploads\/2025\/06\/pu-erh-vainilla-limon-granel-aromatico-digestivo-semper-tea.jpg","width":689,"height":689,"caption":"pu erh vainilla limon granel aromatico digestivo semper tea"},{"@type":"BreadcrumbList","@id":"https:\/\/www.sempertea.eu\/de\/Produkte\/pu-erh-bio-tee-lose-kaufen-im-papier-beutel\/#breadcrumb","itemListElement":[{"@type":"ListItem","position":1,"name":"Portada","item":"https:\/\/www.sempertea.eu\/de\/"},{"@type":"ListItem","position":2,"name":"Shop","item":"https:\/\/www.sempertea.eu\/de\/shop\/"},{"@type":"ListItem","position":3,"name":"PU-ERH LEMON VANILLA Biotee I Loser Tee im Papier Beutel"}]},{"@type":"WebSite","@id":"https:\/\/www.sempertea.eu\/#website","url":"https:\/\/www.sempertea.eu\/","name":"Semper Tea | Mayorista y fabricante de T\u00e9s e Infusiones para hoteles, restaurantes y bares","description":"T\u00e9s e infusiones para hosteler\u00eda, hoteler\u00eda y comercio","potentialAction":[{"@type":"SearchAction","target":{"@type":"EntryPoint","urlTemplate":"https:\/\/www.sempertea.eu\/?s={search_term_string}"},"query-input":{"@type":"PropertyValueSpecification","valueRequired":true,"valueName":"search_term_string"}}],"inLanguage":"de"}]}},"_links":{"self":[{"href":"https:\/\/www.sempertea.eu\/de\/wp-json\/wp\/v2\/product\/5379","targetHints":{"allow":["GET"]}}],"collection":[{"href":"https:\/\/www.sempertea.eu\/de\/wp-json\/wp\/v2\/product"}],"about":[{"href":"https:\/\/www.sempertea.eu\/de\/wp-json\/wp\/v2\/types\/product"}],"replies":[{"embeddable":true,"href":"https:\/\/www.sempertea.eu\/de\/wp-json\/wp\/v2\/comments?post=5379"}],"wp:featuredmedia":[{"embeddable":true,"href":"https:\/\/www.sempertea.eu\/de\/wp-json\/wp\/v2\/media\/16139"}],"wp:attachment":[{"href":"https:\/\/www.sempertea.eu\/de\/wp-json\/wp\/v2\/media?parent=5379"}],"wp:term":[{"taxonomy":"product_brand","embeddable":true,"href":"https:\/\/www.sempertea.eu\/de\/wp-json\/wp\/v2\/product_brand?post=5379"},{"taxonomy":"product_cat","embeddable":true,"href":"https:\/\/www.sempertea.eu\/de\/wp-json\/wp\/v2\/product_cat?post=5379"},{"taxonomy":"product_tag","embeddable":true,"href":"https:\/\/www.sempertea.eu\/de\/wp-json\/wp\/v2\/product_tag?post=5379"}],"curies":[{"name":"wp","href":"https:\/\/api.w.org\/{rel}","templated":true}]}}