{"id":5377,"date":"2021-08-04T12:07:21","date_gmt":"2022-08-18T14:23:25","guid":{"rendered":"https:\/\/www.sempertea.eu\/pu-erh-lemon-vanilla-biotee-i-loser-tee-im-reagenzglas\/"},"modified":"2023-07-28T12:04:36","modified_gmt":"2023-07-28T11:04:36","slug":"pu-erh-tee-kaufen-zitrone-vanille","status":"publish","type":"product","link":"https:\/\/www.sempertea.eu\/de\/Produkte\/pu-erh-tee-kaufen-zitrone-vanille\/","title":{"rendered":"PU-ERH LEMON VANILLA Biotee I Loser Tee im Reagenzglas"},"content":{"rendered":"<h2>Entdecken Sie die authentische Fermentation mit unserem Pu-Erh-Tee<\/h2>\n<p>Im Gegensatz zu Schwarztee ist unser Pu-Erh-Tee der einzige wirklich fermentierte Tee. W\u00e4hrend Schwarztee durch die Reaktion mit Luftsauerstoff oxidiert, unterziehen wir unseren Pu-Erh-Tee einem Fermentationsprozess dank der Aktivit\u00e4t von Mikroorganismen, die die Bestandteile der Teebl\u00e4tter in ihren Stoffwechselprozessen umwandeln.<\/p>\n<p>Das Ergebnis ist eine Aufweichung der Gerb- und Bitterstoffe zu milderen Polyphenolen. Ein stark fermentierter Pu-Erh-Tee bietet einen viel milderen Geschmack mit einem leichten Hauch von S\u00fc\u00dfe und praktisch ohne Adstringenz.<\/p>\n<p>Verantwortlich f\u00fcr diese Fermentation sind Penicillium, Aspergillus und Streptomyces, Mikroben, die auch wertvolle Antibiotika produzieren, die heute f\u00fcr unsere Gesundheit wichtig sind.<\/p>\n<p>Tauchen Sie ein in die Welt des authentischen Pu-Erh-Tees und genie\u00dfen Sie seine einzigartigen gesundheitlichen und geschmacklichen Vorteile.<\/p>\n<h3>Probieren Sie eine k\u00f6stliche Kombination mit unserem Vanilla Lemon Pu Erh im Reagenzglas<\/h3>\n<p>Genie\u00dfen Sie die einzigartige Mischung aus intensiven und erfrischenden Aromen bei jedem Schluck. Unser Tee bietet eine perfekte Balance zwischen der Tiefe des Pu Erh, der Frische der Zitrone und der Sanftheit der Vanille &#8211; kaufen Sie jetzt und wecken Sie Ihre Sinne!<\/p>\n","protected":false},"excerpt":{"rendered":"<p><strong>Erdig mit einem Hauch s\u00fc\u00dfer Vanille<\/strong><\/p>\n<p>Der hochfermentierter Pu-Erh-Tee hat einen milderen und etwas s\u00fc\u00dferen Geschmack, als ein Schwarzer Tee. Eine wunderbare und raffinierte Mischung, die von unseren Kunden sehr gesch\u00e4tzt wird. Ein k\u00f6stlich aromatisierter Tee aus losen Pu-Erh-Bl\u00e4ttern f\u00fcr all diejenigen, die einfach die beste Tasse genie\u00dfen m\u00f6chten.<\/p>\n","protected":false},"featured_media":4232,"comment_status":"open","ping_status":"closed","template":"","meta":[],"product_brand":[],"product_cat":[115,116,114,113,129,124,121,108,131],"product_tag":[],"class_list":{"0":"post-5377","1":"product","2":"type-product","3":"status-publish","4":"has-post-thumbnail","6":"product_cat-alle-de","7":"product_cat-alle-de-2","8":"product_cat-alle","9":"product_cat-biotees-sortiment-online-kaufen","10":"product_cat-crystal-loser-tee-recycle-im-glas-tee-reagenzglas-biotee-nachhaltig","11":"product_cat-teesortiment-formate-packaging-attraktiv-biotees-verpackung","12":"product_cat-excellenter-pu-erh-bio-tee-kaufen","13":"product_cat-sortiment-tee-packaging-verpackung-attraktiv-biotees-design","14":"product_cat-tee-im-reagenzglas-teegeschenk-geschenk-teeliebhaber-tea-lover","16":"first","17":"instock","18":"shipping-taxable","19":"purchasable","20":"product-type-simple"},"yoast_head":"<!-- This site is optimized with the Yoast SEO Premium plugin v27.3 (Yoast SEO v27.3) - https:\/\/yoast.com\/product\/yoast-seo-premium-wordpress\/ -->\n<title>Authentische Fermentation Pu-Erh-Tee verfeinert mit Zitrone und Vanille<\/title>\n<meta name=\"description\" content=\"Authentischer Pu-Erh-Tee. Milde Aromen von Vanille und Zitrone. Einzigartiger Geschmack und gesundheitliche Vorteile. Jetzt kaufen!\" \/>\n<meta name=\"robots\" content=\"index, follow, max-snippet:-1, max-image-preview:large, max-video-preview:-1\" \/>\n<link rel=\"canonical\" href=\"https:\/\/www.sempertea.eu\/Produkte\/comprar-te-rojo-pu-erh\/\" \/>\n<meta property=\"og:locale\" content=\"de_DE\" \/>\n<meta property=\"og:type\" content=\"article\" \/>\n<meta property=\"og:title\" content=\"PU-ERH LEMON VANILLA Biotee I Loser Tee im Reagenzglas\" \/>\n<meta property=\"og:description\" content=\"Authentischer Pu-Erh-Tee. Milde Aromen von Vanille und Zitrone. Einzigartiger Geschmack und gesundheitliche Vorteile. Jetzt kaufen!\" \/>\n<meta property=\"og:url\" content=\"https:\/\/www.sempertea.eu\/Produkte\/comprar-te-rojo-pu-erh\/\" \/>\n<meta property=\"og:site_name\" content=\"Semper Tea | Mayorista y fabricante de T\u00e9s e Infusiones para hoteles, restaurantes y bares\" \/>\n<meta property=\"article:modified_time\" content=\"2023-07-28T11:04:36+00:00\" \/>\n<meta property=\"og:image\" content=\"https:\/\/www.sempertea.eu\/wp-content\/uploads\/2021\/08\/el-mejor-te-rojo-ecologico-semper-tea.jpg\" \/>\n<meta name=\"twitter:card\" content=\"summary_large_image\" \/>\n<meta name=\"twitter:image\" content=\"https:\/\/www.sempertea.eu\/wp-content\/uploads\/2021\/08\/comprar-te-rojo-pu-erh-bio-semper-tea.jpg\" \/>\n<meta name=\"twitter:label1\" content=\"Gesch\u00e4tzte Lesezeit\" \/>\n\t<meta name=\"twitter:data1\" content=\"1\u00a0Minute\" \/>\n<script type=\"application\/ld+json\" class=\"yoast-schema-graph\">{\"@context\":\"https:\\\/\\\/schema.org\",\"@graph\":[{\"@type\":\"WebPage\",\"@id\":\"https:\\\/\\\/www.sempertea.eu\\\/Produkte\\\/comprar-te-rojo-pu-erh\\\/\",\"url\":\"https:\\\/\\\/www.sempertea.eu\\\/Produkte\\\/comprar-te-rojo-pu-erh\\\/\",\"name\":\"Authentische Fermentation Pu-Erh-Tee verfeinert mit Zitrone und Vanille\",\"isPartOf\":{\"@id\":\"https:\\\/\\\/www.sempertea.eu\\\/#website\"},\"primaryImageOfPage\":{\"@id\":\"https:\\\/\\\/www.sempertea.eu\\\/Produkte\\\/comprar-te-rojo-pu-erh\\\/#primaryimage\"},\"image\":{\"@id\":\"https:\\\/\\\/www.sempertea.eu\\\/Produkte\\\/comprar-te-rojo-pu-erh\\\/#primaryimage\"},\"thumbnailUrl\":\"https:\\\/\\\/www.sempertea.eu\\\/wp-content\\\/uploads\\\/2021\\\/08\\\/comprar-te-rojo-pu-erh-semper-tea.jpg\",\"datePublished\":\"2022-08-18T14:23:25+00:00\",\"dateModified\":\"2023-07-28T11:04:36+00:00\",\"description\":\"Authentischer Pu-Erh-Tee. Milde Aromen von Vanille und Zitrone. Einzigartiger Geschmack und gesundheitliche Vorteile. Jetzt kaufen!\",\"breadcrumb\":{\"@id\":\"https:\\\/\\\/www.sempertea.eu\\\/Produkte\\\/comprar-te-rojo-pu-erh\\\/#breadcrumb\"},\"inLanguage\":\"de\",\"potentialAction\":[{\"@type\":\"ReadAction\",\"target\":[\"https:\\\/\\\/www.sempertea.eu\\\/Produkte\\\/comprar-te-rojo-pu-erh\\\/\"]}]},{\"@type\":\"ImageObject\",\"inLanguage\":\"de\",\"@id\":\"https:\\\/\\\/www.sempertea.eu\\\/Produkte\\\/comprar-te-rojo-pu-erh\\\/#primaryimage\",\"url\":\"https:\\\/\\\/www.sempertea.eu\\\/wp-content\\\/uploads\\\/2021\\\/08\\\/comprar-te-rojo-pu-erh-semper-tea.jpg\",\"contentUrl\":\"https:\\\/\\\/www.sempertea.eu\\\/wp-content\\\/uploads\\\/2021\\\/08\\\/comprar-te-rojo-pu-erh-semper-tea.jpg\",\"width\":1000,\"height\":1000,\"caption\":\"PU ERH TEE kaufen SEMPER TEA\"},{\"@type\":\"BreadcrumbList\",\"@id\":\"https:\\\/\\\/www.sempertea.eu\\\/Produkte\\\/comprar-te-rojo-pu-erh\\\/#breadcrumb\",\"itemListElement\":[{\"@type\":\"ListItem\",\"position\":1,\"name\":\"Portada\",\"item\":\"https:\\\/\\\/www.sempertea.eu\\\/de\\\/\"},{\"@type\":\"ListItem\",\"position\":2,\"name\":\"Shop\",\"item\":\"https:\\\/\\\/www.sempertea.eu\\\/de\\\/shop\\\/\"},{\"@type\":\"ListItem\",\"position\":3,\"name\":\"PU-ERH LEMON VANILLA Biotee I Loser Tee im Reagenzglas\"}]},{\"@type\":\"WebSite\",\"@id\":\"https:\\\/\\\/www.sempertea.eu\\\/#website\",\"url\":\"https:\\\/\\\/www.sempertea.eu\\\/\",\"name\":\"Semper Tea | Mayorista y fabricante de T\u00e9s e Infusiones para hoteles, restaurantes y bares\",\"description\":\"T\u00e9s e infusiones para hosteler\u00eda, hoteler\u00eda y comercio\",\"potentialAction\":[{\"@type\":\"SearchAction\",\"target\":{\"@type\":\"EntryPoint\",\"urlTemplate\":\"https:\\\/\\\/www.sempertea.eu\\\/?s={search_term_string}\"},\"query-input\":{\"@type\":\"PropertyValueSpecification\",\"valueRequired\":true,\"valueName\":\"search_term_string\"}}],\"inLanguage\":\"de\"}]}<\/script>\n<!-- \/ Yoast SEO Premium plugin. -->","yoast_head_json":{"title":"Authentische Fermentation Pu-Erh-Tee verfeinert mit Zitrone und Vanille","description":"Authentischer Pu-Erh-Tee. Milde Aromen von Vanille und Zitrone. Einzigartiger Geschmack und gesundheitliche Vorteile. Jetzt kaufen!","robots":{"index":"index","follow":"follow","max-snippet":"max-snippet:-1","max-image-preview":"max-image-preview:large","max-video-preview":"max-video-preview:-1"},"canonical":"https:\/\/www.sempertea.eu\/Produkte\/comprar-te-rojo-pu-erh\/","og_locale":"de_DE","og_type":"article","og_title":"PU-ERH LEMON VANILLA Biotee I Loser Tee im Reagenzglas","og_description":"Authentischer Pu-Erh-Tee. Milde Aromen von Vanille und Zitrone. Einzigartiger Geschmack und gesundheitliche Vorteile. Jetzt kaufen!","og_url":"https:\/\/www.sempertea.eu\/Produkte\/comprar-te-rojo-pu-erh\/","og_site_name":"Semper Tea | Mayorista y fabricante de T\u00e9s e Infusiones para hoteles, restaurantes y bares","article_modified_time":"2023-07-28T11:04:36+00:00","og_image":[{"url":"https:\/\/www.sempertea.eu\/wp-content\/uploads\/2021\/08\/el-mejor-te-rojo-ecologico-semper-tea.jpg","type":"","width":"","height":""}],"twitter_card":"summary_large_image","twitter_image":"https:\/\/www.sempertea.eu\/wp-content\/uploads\/2021\/08\/comprar-te-rojo-pu-erh-bio-semper-tea.jpg","twitter_misc":{"Gesch\u00e4tzte Lesezeit":"1\u00a0Minute"},"schema":{"@context":"https:\/\/schema.org","@graph":[{"@type":"WebPage","@id":"https:\/\/www.sempertea.eu\/Produkte\/comprar-te-rojo-pu-erh\/","url":"https:\/\/www.sempertea.eu\/Produkte\/comprar-te-rojo-pu-erh\/","name":"Authentische Fermentation Pu-Erh-Tee verfeinert mit Zitrone und Vanille","isPartOf":{"@id":"https:\/\/www.sempertea.eu\/#website"},"primaryImageOfPage":{"@id":"https:\/\/www.sempertea.eu\/Produkte\/comprar-te-rojo-pu-erh\/#primaryimage"},"image":{"@id":"https:\/\/www.sempertea.eu\/Produkte\/comprar-te-rojo-pu-erh\/#primaryimage"},"thumbnailUrl":"https:\/\/www.sempertea.eu\/wp-content\/uploads\/2021\/08\/comprar-te-rojo-pu-erh-semper-tea.jpg","datePublished":"2022-08-18T14:23:25+00:00","dateModified":"2023-07-28T11:04:36+00:00","description":"Authentischer Pu-Erh-Tee. Milde Aromen von Vanille und Zitrone. Einzigartiger Geschmack und gesundheitliche Vorteile. Jetzt kaufen!","breadcrumb":{"@id":"https:\/\/www.sempertea.eu\/Produkte\/comprar-te-rojo-pu-erh\/#breadcrumb"},"inLanguage":"de","potentialAction":[{"@type":"ReadAction","target":["https:\/\/www.sempertea.eu\/Produkte\/comprar-te-rojo-pu-erh\/"]}]},{"@type":"ImageObject","inLanguage":"de","@id":"https:\/\/www.sempertea.eu\/Produkte\/comprar-te-rojo-pu-erh\/#primaryimage","url":"https:\/\/www.sempertea.eu\/wp-content\/uploads\/2021\/08\/comprar-te-rojo-pu-erh-semper-tea.jpg","contentUrl":"https:\/\/www.sempertea.eu\/wp-content\/uploads\/2021\/08\/comprar-te-rojo-pu-erh-semper-tea.jpg","width":1000,"height":1000,"caption":"PU ERH TEE kaufen SEMPER TEA"},{"@type":"BreadcrumbList","@id":"https:\/\/www.sempertea.eu\/Produkte\/comprar-te-rojo-pu-erh\/#breadcrumb","itemListElement":[{"@type":"ListItem","position":1,"name":"Portada","item":"https:\/\/www.sempertea.eu\/de\/"},{"@type":"ListItem","position":2,"name":"Shop","item":"https:\/\/www.sempertea.eu\/de\/shop\/"},{"@type":"ListItem","position":3,"name":"PU-ERH LEMON VANILLA Biotee I Loser Tee im Reagenzglas"}]},{"@type":"WebSite","@id":"https:\/\/www.sempertea.eu\/#website","url":"https:\/\/www.sempertea.eu\/","name":"Semper Tea | Mayorista y fabricante de T\u00e9s e Infusiones para hoteles, restaurantes y bares","description":"T\u00e9s e infusiones para hosteler\u00eda, hoteler\u00eda y comercio","potentialAction":[{"@type":"SearchAction","target":{"@type":"EntryPoint","urlTemplate":"https:\/\/www.sempertea.eu\/?s={search_term_string}"},"query-input":{"@type":"PropertyValueSpecification","valueRequired":true,"valueName":"search_term_string"}}],"inLanguage":"de"}]}},"_links":{"self":[{"href":"https:\/\/www.sempertea.eu\/de\/wp-json\/wp\/v2\/product\/5377","targetHints":{"allow":["GET"]}}],"collection":[{"href":"https:\/\/www.sempertea.eu\/de\/wp-json\/wp\/v2\/product"}],"about":[{"href":"https:\/\/www.sempertea.eu\/de\/wp-json\/wp\/v2\/types\/product"}],"replies":[{"embeddable":true,"href":"https:\/\/www.sempertea.eu\/de\/wp-json\/wp\/v2\/comments?post=5377"}],"wp:featuredmedia":[{"embeddable":true,"href":"https:\/\/www.sempertea.eu\/de\/wp-json\/wp\/v2\/media\/4232"}],"wp:attachment":[{"href":"https:\/\/www.sempertea.eu\/de\/wp-json\/wp\/v2\/media?parent=5377"}],"wp:term":[{"taxonomy":"product_brand","embeddable":true,"href":"https:\/\/www.sempertea.eu\/de\/wp-json\/wp\/v2\/product_brand?post=5377"},{"taxonomy":"product_cat","embeddable":true,"href":"https:\/\/www.sempertea.eu\/de\/wp-json\/wp\/v2\/product_cat?post=5377"},{"taxonomy":"product_tag","embeddable":true,"href":"https:\/\/www.sempertea.eu\/de\/wp-json\/wp\/v2\/product_tag?post=5377"}],"curies":[{"name":"wp","href":"https:\/\/api.w.org\/{rel}","templated":true}]}}