{"id":5371,"date":"2021-07-29T11:57:01","date_gmt":"2021-07-29T10:57:01","guid":{"rendered":"https:\/\/www.sempertea.eu\/fruit-passion-bio-kraeutertee-i-loser-tee-im-reagenzglas\/"},"modified":"2023-07-28T10:51:33","modified_gmt":"2023-07-28T09:51:33","slug":"frucht-bio-tee-online-kaufen-im-glasroehrchen","status":"publish","type":"product","link":"https:\/\/www.sempertea.eu\/de\/Produkte\/frucht-bio-tee-online-kaufen-im-glasroehrchen\/","title":{"rendered":"FRUIT PASSION Bio Fr\u00fcchtetee I Loser Tee im Reagenzglas"},"content":{"rendered":"<h2>Einzigartige Hochzeitsgeschenke: Reagenzglas gef\u00fcllt mit k\u00f6stlichem Fr\u00fcchtetee<\/h2>\n<p>Beeindrucken Sie Ihre Liebsten an Ihrem gro\u00dfen Tag mit einzigartigen und besonderen Geschenken! Unser Fr\u00fcchtetee-Reagenzglas, das mit nat\u00fcrlichen und biologischen Zutaten zubereitet werden, ist das perfekte Gastgeschenk, das \u00fcber das \u00dcbliche hinausgeht. Sie verschenken nicht nur hochwertige Produkte, sondern auch gemeinsame Gl\u00fccksmomente mit Ihren G\u00e4sten.<\/p>\n<h3>Die pers\u00f6nliche Note bei Ihrer Hochzeit<\/h3>\n<p>Schenken Sie Ihren G\u00e4sten ein unvergessliches Erlebnis mit unseren Teeboxen, in denen jeder seine Lieblingssorte an Bio- oder Kr\u00e4utertee ausw\u00e4hlen kann. Bei unserer gro\u00dfen Auswahl ist f\u00fcr jeden etwas dabei.<\/p>\n<p>Und wenn das Wetter sch\u00f6n ist, \u00fcberraschen Sie Ihre G\u00e4ste mit einem kalten Fr\u00fcchteteegetr\u00e4nk. Bereiten Sie eine Kanne mit Eis vor und aromatisieren Sie den Tee mit Zitronenscheiben, Blaubeeren oder Erdbeeren &#8211; eine erfrischende und k\u00f6stliche Option!<\/p>\n<p>Und um den Moment zu vers\u00fc\u00dfen, bieten wir Ihnen einen k\u00f6stlichen veganen marmorierten Biskuitkuchen an. Dieser Versuchung werden Sie an Ihrem besonderen Tag nicht widerstehen k\u00f6nnen. Feiern Sie mit echtem Geschmack und schaffen Sie unvergessliche Erinnerungen an Ihre Hochzeit &#8211; entdecken Sie die Magie des Fr\u00fcchtetees!<\/p>\n","protected":false},"excerpt":{"rendered":"<p><strong>Eine fruchtige Melange aus Farbe und Aroma &#8211; koffeinfrei<\/strong><\/p>\n<p>Ein fruchtiger und erfrischender Fr\u00fcchtetee mit nat\u00fcrlichen und biologischen Zutaten: Hibiskus, Hagebutte, Apfelst\u00fccke und Erdbeere. Nat\u00fcrlich koffeinfrei und voll mit Vitaminen. Das Glasr\u00f6hrchen enth\u00e4lt 15 g Teebl\u00e4tter. Genug f\u00fcr 5-7 Tassen. Ein originelles Teepr\u00e4sent.<\/p>\n","protected":false},"featured_media":4180,"comment_status":"open","ping_status":"closed","template":"","meta":[],"product_brand":[],"product_cat":[115,116,114,113,129,124,118,108,131],"product_tag":[],"class_list":{"0":"post-5371","1":"product","2":"type-product","3":"status-publish","4":"has-post-thumbnail","6":"product_cat-alle-de","7":"product_cat-alle-de-2","8":"product_cat-alle","9":"product_cat-biotees-sortiment-online-kaufen","10":"product_cat-crystal-loser-tee-recycle-im-glas-tee-reagenzglas-biotee-nachhaltig","11":"product_cat-teesortiment-formate-packaging-attraktiv-biotees-verpackung","12":"product_cat-fruchtetee-fruchte-biotee-hibiskus-erdbeere-fruchtmischung","13":"product_cat-sortiment-tee-packaging-verpackung-attraktiv-biotees-design","14":"product_cat-tee-im-reagenzglas-teegeschenk-geschenk-teeliebhaber-tea-lover","16":"first","17":"instock","18":"shipping-taxable","19":"purchasable","20":"product-type-simple"},"yoast_head":"<!-- This site is optimized with the Yoast SEO Premium plugin v27.3 (Yoast SEO v27.4) - https:\/\/yoast.com\/product\/yoast-seo-premium-wordpress\/ -->\n<title>Einzigartige Gastgeschenke: Reagenzglas gef\u00fcllt mit lecker Fr\u00fcchtetee<\/title>\n<meta name=\"description\" content=\"Eine fruchtige Biotee Mischung aus Farbe und Aroma. Von Natur aus koffeinfrei. Im attraktiven Glasr\u00f6hrchen online bei Semper Tea bestellen.\" \/>\n<meta name=\"robots\" content=\"index, follow, max-snippet:-1, max-image-preview:large, max-video-preview:-1\" \/>\n<link rel=\"canonical\" href=\"https:\/\/www.sempertea.eu\/de\/Produkte\/frucht-bio-tee-online-kaufen-im-glasroehrchen\/\" \/>\n<meta property=\"og:locale\" content=\"de_DE\" \/>\n<meta property=\"og:type\" content=\"article\" \/>\n<meta property=\"og:title\" content=\"FRUIT PASSION Bio Fr\u00fcchtetee I Loser Tee im Reagenzglas\" \/>\n<meta property=\"og:description\" content=\"Eine fruchtige Biotee Mischung aus Farbe und Aroma. Von Natur aus koffeinfrei. Im attraktiven Glasr\u00f6hrchen online bei Semper Tea bestellen.\" \/>\n<meta property=\"og:url\" content=\"https:\/\/www.sempertea.eu\/de\/Produkte\/frucht-bio-tee-online-kaufen-im-glasroehrchen\/\" \/>\n<meta property=\"og:site_name\" content=\"Semper Tea | Mayorista y fabricante de T\u00e9s e Infusiones para hoteles, restaurantes y bares\" \/>\n<meta property=\"article:modified_time\" content=\"2023-07-28T09:51:33+00:00\" \/>\n<meta property=\"og:image\" content=\"https:\/\/www.sempertea.eu\/wp-content\/uploads\/2021\/07\/comprar-tubo-de-ensayo-rellenos-de-te-verde-semper-tea.jpg\" \/>\n<meta name=\"twitter:card\" content=\"summary_large_image\" \/>\n<meta name=\"twitter:image\" content=\"https:\/\/www.sempertea.eu\/wp-content\/uploads\/2021\/07\/comprar-tubo-de-ensayo-rellenos-de-te-verde-semper-tea.jpg\" \/>\n<meta name=\"twitter:label1\" content=\"Gesch\u00e4tzte Lesezeit\" \/>\n\t<meta name=\"twitter:data1\" content=\"1\u00a0Minute\" \/>\n<script type=\"application\/ld+json\" class=\"yoast-schema-graph\">{\"@context\":\"https:\\\/\\\/schema.org\",\"@graph\":[{\"@type\":\"WebPage\",\"@id\":\"https:\\\/\\\/www.sempertea.eu\\\/de\\\/Produkte\\\/frucht-bio-tee-online-kaufen-im-glasroehrchen\\\/\",\"url\":\"https:\\\/\\\/www.sempertea.eu\\\/de\\\/Produkte\\\/frucht-bio-tee-online-kaufen-im-glasroehrchen\\\/\",\"name\":\"Einzigartige Gastgeschenke: Reagenzglas gef\u00fcllt mit lecker Fr\u00fcchtetee\",\"isPartOf\":{\"@id\":\"https:\\\/\\\/www.sempertea.eu\\\/#website\"},\"primaryImageOfPage\":{\"@id\":\"https:\\\/\\\/www.sempertea.eu\\\/de\\\/Produkte\\\/frucht-bio-tee-online-kaufen-im-glasroehrchen\\\/#primaryimage\"},\"image\":{\"@id\":\"https:\\\/\\\/www.sempertea.eu\\\/de\\\/Produkte\\\/frucht-bio-tee-online-kaufen-im-glasroehrchen\\\/#primaryimage\"},\"thumbnailUrl\":\"https:\\\/\\\/www.sempertea.eu\\\/wp-content\\\/uploads\\\/2021\\\/07\\\/tubo-de-cristal-relleno-de-te-como-detalles-de-boda-semper-tea.jpg\",\"datePublished\":\"2021-07-29T10:57:01+00:00\",\"dateModified\":\"2023-07-28T09:51:33+00:00\",\"description\":\"Eine fruchtige Biotee Mischung aus Farbe und Aroma. Von Natur aus koffeinfrei. Im attraktiven Glasr\u00f6hrchen online bei Semper Tea bestellen.\",\"breadcrumb\":{\"@id\":\"https:\\\/\\\/www.sempertea.eu\\\/de\\\/Produkte\\\/frucht-bio-tee-online-kaufen-im-glasroehrchen\\\/#breadcrumb\"},\"inLanguage\":\"de\",\"potentialAction\":[{\"@type\":\"ReadAction\",\"target\":[\"https:\\\/\\\/www.sempertea.eu\\\/de\\\/Produkte\\\/frucht-bio-tee-online-kaufen-im-glasroehrchen\\\/\"]}]},{\"@type\":\"ImageObject\",\"inLanguage\":\"de\",\"@id\":\"https:\\\/\\\/www.sempertea.eu\\\/de\\\/Produkte\\\/frucht-bio-tee-online-kaufen-im-glasroehrchen\\\/#primaryimage\",\"url\":\"https:\\\/\\\/www.sempertea.eu\\\/wp-content\\\/uploads\\\/2021\\\/07\\\/tubo-de-cristal-relleno-de-te-como-detalles-de-boda-semper-tea.jpg\",\"contentUrl\":\"https:\\\/\\\/www.sempertea.eu\\\/wp-content\\\/uploads\\\/2021\\\/07\\\/tubo-de-cristal-relleno-de-te-como-detalles-de-boda-semper-tea.jpg\",\"width\":1000,\"height\":1000,\"caption\":\"Fr\u00fcchtetee online kaufen semper tea\"},{\"@type\":\"BreadcrumbList\",\"@id\":\"https:\\\/\\\/www.sempertea.eu\\\/de\\\/Produkte\\\/frucht-bio-tee-online-kaufen-im-glasroehrchen\\\/#breadcrumb\",\"itemListElement\":[{\"@type\":\"ListItem\",\"position\":1,\"name\":\"Portada\",\"item\":\"https:\\\/\\\/www.sempertea.eu\\\/de\\\/\"},{\"@type\":\"ListItem\",\"position\":2,\"name\":\"Shop\",\"item\":\"https:\\\/\\\/www.sempertea.eu\\\/de\\\/shop\\\/\"},{\"@type\":\"ListItem\",\"position\":3,\"name\":\"FRUIT PASSION Bio Fr\u00fcchtetee I Loser Tee im Reagenzglas\"}]},{\"@type\":\"WebSite\",\"@id\":\"https:\\\/\\\/www.sempertea.eu\\\/#website\",\"url\":\"https:\\\/\\\/www.sempertea.eu\\\/\",\"name\":\"Semper Tea | Mayorista y fabricante de T\u00e9s e Infusiones para hoteles, restaurantes y bares\",\"description\":\"T\u00e9s e infusiones para hosteler\u00eda, hoteler\u00eda y comercio\",\"potentialAction\":[{\"@type\":\"SearchAction\",\"target\":{\"@type\":\"EntryPoint\",\"urlTemplate\":\"https:\\\/\\\/www.sempertea.eu\\\/?s={search_term_string}\"},\"query-input\":{\"@type\":\"PropertyValueSpecification\",\"valueRequired\":true,\"valueName\":\"search_term_string\"}}],\"inLanguage\":\"de\"}]}<\/script>\n<!-- \/ Yoast SEO Premium plugin. -->","yoast_head_json":{"title":"Einzigartige Gastgeschenke: Reagenzglas gef\u00fcllt mit lecker Fr\u00fcchtetee","description":"Eine fruchtige Biotee Mischung aus Farbe und Aroma. Von Natur aus koffeinfrei. Im attraktiven Glasr\u00f6hrchen online bei Semper Tea bestellen.","robots":{"index":"index","follow":"follow","max-snippet":"max-snippet:-1","max-image-preview":"max-image-preview:large","max-video-preview":"max-video-preview:-1"},"canonical":"https:\/\/www.sempertea.eu\/de\/Produkte\/frucht-bio-tee-online-kaufen-im-glasroehrchen\/","og_locale":"de_DE","og_type":"article","og_title":"FRUIT PASSION Bio Fr\u00fcchtetee I Loser Tee im Reagenzglas","og_description":"Eine fruchtige Biotee Mischung aus Farbe und Aroma. Von Natur aus koffeinfrei. Im attraktiven Glasr\u00f6hrchen online bei Semper Tea bestellen.","og_url":"https:\/\/www.sempertea.eu\/de\/Produkte\/frucht-bio-tee-online-kaufen-im-glasroehrchen\/","og_site_name":"Semper Tea | Mayorista y fabricante de T\u00e9s e Infusiones para hoteles, restaurantes y bares","article_modified_time":"2023-07-28T09:51:33+00:00","og_image":[{"url":"https:\/\/www.sempertea.eu\/wp-content\/uploads\/2021\/07\/comprar-tubo-de-ensayo-rellenos-de-te-verde-semper-tea.jpg","type":"","width":"","height":""}],"twitter_card":"summary_large_image","twitter_image":"https:\/\/www.sempertea.eu\/wp-content\/uploads\/2021\/07\/comprar-tubo-de-ensayo-rellenos-de-te-verde-semper-tea.jpg","twitter_misc":{"Gesch\u00e4tzte Lesezeit":"1\u00a0Minute"},"schema":{"@context":"https:\/\/schema.org","@graph":[{"@type":"WebPage","@id":"https:\/\/www.sempertea.eu\/de\/Produkte\/frucht-bio-tee-online-kaufen-im-glasroehrchen\/","url":"https:\/\/www.sempertea.eu\/de\/Produkte\/frucht-bio-tee-online-kaufen-im-glasroehrchen\/","name":"Einzigartige Gastgeschenke: Reagenzglas gef\u00fcllt mit lecker Fr\u00fcchtetee","isPartOf":{"@id":"https:\/\/www.sempertea.eu\/#website"},"primaryImageOfPage":{"@id":"https:\/\/www.sempertea.eu\/de\/Produkte\/frucht-bio-tee-online-kaufen-im-glasroehrchen\/#primaryimage"},"image":{"@id":"https:\/\/www.sempertea.eu\/de\/Produkte\/frucht-bio-tee-online-kaufen-im-glasroehrchen\/#primaryimage"},"thumbnailUrl":"https:\/\/www.sempertea.eu\/wp-content\/uploads\/2021\/07\/tubo-de-cristal-relleno-de-te-como-detalles-de-boda-semper-tea.jpg","datePublished":"2021-07-29T10:57:01+00:00","dateModified":"2023-07-28T09:51:33+00:00","description":"Eine fruchtige Biotee Mischung aus Farbe und Aroma. Von Natur aus koffeinfrei. Im attraktiven Glasr\u00f6hrchen online bei Semper Tea bestellen.","breadcrumb":{"@id":"https:\/\/www.sempertea.eu\/de\/Produkte\/frucht-bio-tee-online-kaufen-im-glasroehrchen\/#breadcrumb"},"inLanguage":"de","potentialAction":[{"@type":"ReadAction","target":["https:\/\/www.sempertea.eu\/de\/Produkte\/frucht-bio-tee-online-kaufen-im-glasroehrchen\/"]}]},{"@type":"ImageObject","inLanguage":"de","@id":"https:\/\/www.sempertea.eu\/de\/Produkte\/frucht-bio-tee-online-kaufen-im-glasroehrchen\/#primaryimage","url":"https:\/\/www.sempertea.eu\/wp-content\/uploads\/2021\/07\/tubo-de-cristal-relleno-de-te-como-detalles-de-boda-semper-tea.jpg","contentUrl":"https:\/\/www.sempertea.eu\/wp-content\/uploads\/2021\/07\/tubo-de-cristal-relleno-de-te-como-detalles-de-boda-semper-tea.jpg","width":1000,"height":1000,"caption":"Fr\u00fcchtetee online kaufen semper tea"},{"@type":"BreadcrumbList","@id":"https:\/\/www.sempertea.eu\/de\/Produkte\/frucht-bio-tee-online-kaufen-im-glasroehrchen\/#breadcrumb","itemListElement":[{"@type":"ListItem","position":1,"name":"Portada","item":"https:\/\/www.sempertea.eu\/de\/"},{"@type":"ListItem","position":2,"name":"Shop","item":"https:\/\/www.sempertea.eu\/de\/shop\/"},{"@type":"ListItem","position":3,"name":"FRUIT PASSION Bio Fr\u00fcchtetee I Loser Tee im Reagenzglas"}]},{"@type":"WebSite","@id":"https:\/\/www.sempertea.eu\/#website","url":"https:\/\/www.sempertea.eu\/","name":"Semper Tea | Mayorista y fabricante de T\u00e9s e Infusiones para hoteles, restaurantes y bares","description":"T\u00e9s e infusiones para hosteler\u00eda, hoteler\u00eda y comercio","potentialAction":[{"@type":"SearchAction","target":{"@type":"EntryPoint","urlTemplate":"https:\/\/www.sempertea.eu\/?s={search_term_string}"},"query-input":{"@type":"PropertyValueSpecification","valueRequired":true,"valueName":"search_term_string"}}],"inLanguage":"de"}]}},"_links":{"self":[{"href":"https:\/\/www.sempertea.eu\/de\/wp-json\/wp\/v2\/product\/5371","targetHints":{"allow":["GET"]}}],"collection":[{"href":"https:\/\/www.sempertea.eu\/de\/wp-json\/wp\/v2\/product"}],"about":[{"href":"https:\/\/www.sempertea.eu\/de\/wp-json\/wp\/v2\/types\/product"}],"replies":[{"embeddable":true,"href":"https:\/\/www.sempertea.eu\/de\/wp-json\/wp\/v2\/comments?post=5371"}],"wp:featuredmedia":[{"embeddable":true,"href":"https:\/\/www.sempertea.eu\/de\/wp-json\/wp\/v2\/media\/4180"}],"wp:attachment":[{"href":"https:\/\/www.sempertea.eu\/de\/wp-json\/wp\/v2\/media?parent=5371"}],"wp:term":[{"taxonomy":"product_brand","embeddable":true,"href":"https:\/\/www.sempertea.eu\/de\/wp-json\/wp\/v2\/product_brand?post=5371"},{"taxonomy":"product_cat","embeddable":true,"href":"https:\/\/www.sempertea.eu\/de\/wp-json\/wp\/v2\/product_cat?post=5371"},{"taxonomy":"product_tag","embeddable":true,"href":"https:\/\/www.sempertea.eu\/de\/wp-json\/wp\/v2\/product_tag?post=5371"}],"curies":[{"name":"wp","href":"https:\/\/api.w.org\/{rel}","templated":true}]}}