{"id":5323,"date":"2021-07-28T11:30:24","date_gmt":"2022-08-16T17:31:14","guid":{"rendered":"https:\/\/www.sempertea.eu\/mint-bio-kraeutertee-i-loser-tee-im-reagenzglas\/"},"modified":"2023-07-27T22:43:36","modified_gmt":"2023-07-27T21:43:36","slug":"orginelle-geschenke-tee-im-reagenzglas","status":"publish","type":"product","link":"https:\/\/www.sempertea.eu\/de\/Produkte\/orginelle-geschenke-tee-im-reagenzglas\/","title":{"rendered":"MINT Bio Kr\u00e4utertee I Loser Tee im Reagenzglas"},"content":{"rendered":"<h2>Entdecken Sie ein erfrischendes Erlebnis: Minz Tee im Reagenzglas<\/h2>\n<p>Tauchen Sie ein in die k\u00f6stliche Welt der Pfefferminztees mit unserer sorgf\u00e4ltig zusammengestellten Auswahl, die belebende Aromen und unvergleichlichen Geschmack bietet. Jedes Reagenzglas wird sorgf\u00e4ltig hergestellt, um h\u00f6chste Qualit\u00e4t und Frische zu gew\u00e4hrleisten.<\/p>\n<h3>Originelle und themenbezogene Geschenke<\/h3>\n<p>Sie suchen nach einzigartigen und themenbezogenen Geschenken f\u00fcr besondere Anl\u00e4sse? Unsere Minztee-Reagenzgl\u00e4ser sind die perfekte Wahl. \u00dcberraschen Sie Ihre G\u00e4ste mit diesen unverwechselbaren und personalisierten Geschenken, die einen bleibenden Eindruck hinterlassen werden.<\/p>\n<h4><strong>Gourmet-Minz Tee<\/strong><\/h4>\n<p>Selbst beim Genuss von hei\u00dfem Minztee sorgt die Wirkung von Menthol f\u00fcr ein angenehm k\u00fchles Gef\u00fchl. Deshalb ist es ein beliebtes Sommergetr\u00e4nk: Iced Minztee mit frischen Minzbl\u00e4ttern. Soooo gut! Aber auch als entspannende Tasse Tee kann man ihn in den k\u00e4lteren Monaten genie\u00dfen. Eine Tasse Pfefferminztee am Morgen kann den Kreislauf anregen und die belebende Wirkung von Menthol hilft Verspannungen, Kopfschmerzen und Migr\u00e4ne zu lindern.<\/p>\n<p>&nbsp;<\/p>\n","protected":false},"excerpt":{"rendered":"<p><strong>Erfrischend und aromatisch ohne Koffein<\/strong><\/p>\n<p>Unser Bio Minz-Kr\u00e4utertee ist ein absoluter Favorit. Erfrischend, belebend mit einem leicht s\u00fc\u00dflichen Touch. Das intensive und reine Aroma gibt einen frischen Kick. Ein absoluter Genuss an warmen Sommertagen mit Eisw\u00fcrfel und frischen Minzbl\u00e4ttchen oder heiss in kalten Wintern\u00e4chten. Jedes R\u00f6hrchen ergibt 6-8 Tassen. Ein sch\u00f6nes und originelles Geschenk f\u00fcr G\u00e4ste oder Kunden.<\/p>\n","protected":false},"featured_media":4162,"comment_status":"open","ping_status":"closed","template":"","meta":[],"product_brand":[],"product_cat":[114,115,116,113,129,124,112,108,131],"product_tag":[],"class_list":{"0":"post-5323","1":"product","2":"type-product","3":"status-publish","4":"has-post-thumbnail","6":"product_cat-alle","7":"product_cat-alle-de","8":"product_cat-alle-de-2","9":"product_cat-biotees-sortiment-online-kaufen","10":"product_cat-crystal-loser-tee-recycle-im-glas-tee-reagenzglas-biotee-nachhaltig","11":"product_cat-teesortiment-formate-packaging-attraktiv-biotees-verpackung","12":"product_cat-krautertees-bio-teemischungen-herbal-ohne-koffein","13":"product_cat-sortiment-tee-packaging-verpackung-attraktiv-biotees-design","14":"product_cat-tee-im-reagenzglas-teegeschenk-geschenk-teeliebhaber-tea-lover","16":"first","17":"instock","18":"shipping-taxable","19":"purchasable","20":"product-type-simple"},"yoast_head":"<!-- This site is optimized with the Yoast SEO Premium plugin v27.3 (Yoast SEO v27.4) - https:\/\/yoast.com\/product\/yoast-seo-premium-wordpress\/ -->\n<title>Orginelle Geschenke BIO TEE im REAGENZGLAS I Tolles Teesortiment<\/title>\n<meta name=\"description\" content=\"Suchen Sie ein sch\u00f6nes und ausgefallenes Geschenk? Wie w\u00e4re loser Biotee im Reagenzglas? Ein Teegeschenk das \u00fcberrascht und gef\u00e4llt.\" \/>\n<meta name=\"robots\" content=\"index, follow, max-snippet:-1, max-image-preview:large, max-video-preview:-1\" \/>\n<link rel=\"canonical\" href=\"https:\/\/www.sempertea.eu\/de\/Produkte\/orginelle-geschenke-tee-im-reagenzglas\/\" \/>\n<meta property=\"og:locale\" content=\"de_DE\" \/>\n<meta property=\"og:type\" content=\"article\" \/>\n<meta property=\"og:title\" content=\"MINT Bio Kr\u00e4utertee I Loser Tee im Reagenzglas\" \/>\n<meta property=\"og:description\" content=\"Suchen Sie ein sch\u00f6nes und ausgefallenes Geschenk? Wie w\u00e4re loser Biotee im Reagenzglas? Ein Teegeschenk das \u00fcberrascht und gef\u00e4llt.\" \/>\n<meta property=\"og:url\" content=\"https:\/\/www.sempertea.eu\/de\/Produkte\/orginelle-geschenke-tee-im-reagenzglas\/\" \/>\n<meta property=\"og:site_name\" content=\"Semper Tea | Mayorista y fabricante de T\u00e9s e Infusiones para hoteles, restaurantes y bares\" \/>\n<meta property=\"article:modified_time\" content=\"2023-07-27T21:43:36+00:00\" \/>\n<meta property=\"og:image\" content=\"https:\/\/www.sempertea.eu\/wp-content\/uploads\/2021\/07\/la-mejor-menta-del-mundo-ecologica-semper-tea.jpg\" \/>\n<meta name=\"twitter:card\" content=\"summary_large_image\" \/>\n<meta name=\"twitter:image\" content=\"https:\/\/www.sempertea.eu\/wp-content\/uploads\/2021\/07\/la-mejor-menta-del-mundo-ecologica-semper-tea.jpg\" \/>\n<meta name=\"twitter:label1\" content=\"Gesch\u00e4tzte Lesezeit\" \/>\n\t<meta name=\"twitter:data1\" content=\"1\u00a0Minute\" \/>\n<script type=\"application\/ld+json\" class=\"yoast-schema-graph\">{\"@context\":\"https:\\\/\\\/schema.org\",\"@graph\":[{\"@type\":\"WebPage\",\"@id\":\"https:\\\/\\\/www.sempertea.eu\\\/de\\\/Produkte\\\/orginelle-geschenke-tee-im-reagenzglas\\\/\",\"url\":\"https:\\\/\\\/www.sempertea.eu\\\/de\\\/Produkte\\\/orginelle-geschenke-tee-im-reagenzglas\\\/\",\"name\":\"Orginelle Geschenke BIO TEE im REAGENZGLAS I Tolles Teesortiment\",\"isPartOf\":{\"@id\":\"https:\\\/\\\/www.sempertea.eu\\\/#website\"},\"primaryImageOfPage\":{\"@id\":\"https:\\\/\\\/www.sempertea.eu\\\/de\\\/Produkte\\\/orginelle-geschenke-tee-im-reagenzglas\\\/#primaryimage\"},\"image\":{\"@id\":\"https:\\\/\\\/www.sempertea.eu\\\/de\\\/Produkte\\\/orginelle-geschenke-tee-im-reagenzglas\\\/#primaryimage\"},\"thumbnailUrl\":\"https:\\\/\\\/www.sempertea.eu\\\/wp-content\\\/uploads\\\/2021\\\/07\\\/tisana-de-menta-organico-en-probeta-semper-tea.jpg\",\"datePublished\":\"2022-08-16T17:31:14+00:00\",\"dateModified\":\"2023-07-27T21:43:36+00:00\",\"description\":\"Suchen Sie ein sch\u00f6nes und ausgefallenes Geschenk? Wie w\u00e4re loser Biotee im Reagenzglas? Ein Teegeschenk das \u00fcberrascht und gef\u00e4llt.\",\"breadcrumb\":{\"@id\":\"https:\\\/\\\/www.sempertea.eu\\\/de\\\/Produkte\\\/orginelle-geschenke-tee-im-reagenzglas\\\/#breadcrumb\"},\"inLanguage\":\"de\",\"potentialAction\":[{\"@type\":\"ReadAction\",\"target\":[\"https:\\\/\\\/www.sempertea.eu\\\/de\\\/Produkte\\\/orginelle-geschenke-tee-im-reagenzglas\\\/\"]}]},{\"@type\":\"ImageObject\",\"inLanguage\":\"de\",\"@id\":\"https:\\\/\\\/www.sempertea.eu\\\/de\\\/Produkte\\\/orginelle-geschenke-tee-im-reagenzglas\\\/#primaryimage\",\"url\":\"https:\\\/\\\/www.sempertea.eu\\\/wp-content\\\/uploads\\\/2021\\\/07\\\/tisana-de-menta-organico-en-probeta-semper-tea.jpg\",\"contentUrl\":\"https:\\\/\\\/www.sempertea.eu\\\/wp-content\\\/uploads\\\/2021\\\/07\\\/tisana-de-menta-organico-en-probeta-semper-tea.jpg\",\"width\":1000,\"height\":1000,\"caption\":\"Orginelle Geschenke Minztee semper tea\"},{\"@type\":\"BreadcrumbList\",\"@id\":\"https:\\\/\\\/www.sempertea.eu\\\/de\\\/Produkte\\\/orginelle-geschenke-tee-im-reagenzglas\\\/#breadcrumb\",\"itemListElement\":[{\"@type\":\"ListItem\",\"position\":1,\"name\":\"Portada\",\"item\":\"https:\\\/\\\/www.sempertea.eu\\\/de\\\/\"},{\"@type\":\"ListItem\",\"position\":2,\"name\":\"Shop\",\"item\":\"https:\\\/\\\/www.sempertea.eu\\\/de\\\/shop\\\/\"},{\"@type\":\"ListItem\",\"position\":3,\"name\":\"MINT Bio Kr\u00e4utertee I Loser Tee im Reagenzglas\"}]},{\"@type\":\"WebSite\",\"@id\":\"https:\\\/\\\/www.sempertea.eu\\\/#website\",\"url\":\"https:\\\/\\\/www.sempertea.eu\\\/\",\"name\":\"Semper Tea | Mayorista y fabricante de T\u00e9s e Infusiones para hoteles, restaurantes y bares\",\"description\":\"T\u00e9s e infusiones para hosteler\u00eda, hoteler\u00eda y comercio\",\"potentialAction\":[{\"@type\":\"SearchAction\",\"target\":{\"@type\":\"EntryPoint\",\"urlTemplate\":\"https:\\\/\\\/www.sempertea.eu\\\/?s={search_term_string}\"},\"query-input\":{\"@type\":\"PropertyValueSpecification\",\"valueRequired\":true,\"valueName\":\"search_term_string\"}}],\"inLanguage\":\"de\"}]}<\/script>\n<!-- \/ Yoast SEO Premium plugin. -->","yoast_head_json":{"title":"Orginelle Geschenke BIO TEE im REAGENZGLAS I Tolles Teesortiment","description":"Suchen Sie ein sch\u00f6nes und ausgefallenes Geschenk? Wie w\u00e4re loser Biotee im Reagenzglas? Ein Teegeschenk das \u00fcberrascht und gef\u00e4llt.","robots":{"index":"index","follow":"follow","max-snippet":"max-snippet:-1","max-image-preview":"max-image-preview:large","max-video-preview":"max-video-preview:-1"},"canonical":"https:\/\/www.sempertea.eu\/de\/Produkte\/orginelle-geschenke-tee-im-reagenzglas\/","og_locale":"de_DE","og_type":"article","og_title":"MINT Bio Kr\u00e4utertee I Loser Tee im Reagenzglas","og_description":"Suchen Sie ein sch\u00f6nes und ausgefallenes Geschenk? Wie w\u00e4re loser Biotee im Reagenzglas? Ein Teegeschenk das \u00fcberrascht und gef\u00e4llt.","og_url":"https:\/\/www.sempertea.eu\/de\/Produkte\/orginelle-geschenke-tee-im-reagenzglas\/","og_site_name":"Semper Tea | Mayorista y fabricante de T\u00e9s e Infusiones para hoteles, restaurantes y bares","article_modified_time":"2023-07-27T21:43:36+00:00","og_image":[{"url":"https:\/\/www.sempertea.eu\/wp-content\/uploads\/2021\/07\/la-mejor-menta-del-mundo-ecologica-semper-tea.jpg","type":"","width":"","height":""}],"twitter_card":"summary_large_image","twitter_image":"https:\/\/www.sempertea.eu\/wp-content\/uploads\/2021\/07\/la-mejor-menta-del-mundo-ecologica-semper-tea.jpg","twitter_misc":{"Gesch\u00e4tzte Lesezeit":"1\u00a0Minute"},"schema":{"@context":"https:\/\/schema.org","@graph":[{"@type":"WebPage","@id":"https:\/\/www.sempertea.eu\/de\/Produkte\/orginelle-geschenke-tee-im-reagenzglas\/","url":"https:\/\/www.sempertea.eu\/de\/Produkte\/orginelle-geschenke-tee-im-reagenzglas\/","name":"Orginelle Geschenke BIO TEE im REAGENZGLAS I Tolles Teesortiment","isPartOf":{"@id":"https:\/\/www.sempertea.eu\/#website"},"primaryImageOfPage":{"@id":"https:\/\/www.sempertea.eu\/de\/Produkte\/orginelle-geschenke-tee-im-reagenzglas\/#primaryimage"},"image":{"@id":"https:\/\/www.sempertea.eu\/de\/Produkte\/orginelle-geschenke-tee-im-reagenzglas\/#primaryimage"},"thumbnailUrl":"https:\/\/www.sempertea.eu\/wp-content\/uploads\/2021\/07\/tisana-de-menta-organico-en-probeta-semper-tea.jpg","datePublished":"2022-08-16T17:31:14+00:00","dateModified":"2023-07-27T21:43:36+00:00","description":"Suchen Sie ein sch\u00f6nes und ausgefallenes Geschenk? Wie w\u00e4re loser Biotee im Reagenzglas? Ein Teegeschenk das \u00fcberrascht und gef\u00e4llt.","breadcrumb":{"@id":"https:\/\/www.sempertea.eu\/de\/Produkte\/orginelle-geschenke-tee-im-reagenzglas\/#breadcrumb"},"inLanguage":"de","potentialAction":[{"@type":"ReadAction","target":["https:\/\/www.sempertea.eu\/de\/Produkte\/orginelle-geschenke-tee-im-reagenzglas\/"]}]},{"@type":"ImageObject","inLanguage":"de","@id":"https:\/\/www.sempertea.eu\/de\/Produkte\/orginelle-geschenke-tee-im-reagenzglas\/#primaryimage","url":"https:\/\/www.sempertea.eu\/wp-content\/uploads\/2021\/07\/tisana-de-menta-organico-en-probeta-semper-tea.jpg","contentUrl":"https:\/\/www.sempertea.eu\/wp-content\/uploads\/2021\/07\/tisana-de-menta-organico-en-probeta-semper-tea.jpg","width":1000,"height":1000,"caption":"Orginelle Geschenke Minztee semper tea"},{"@type":"BreadcrumbList","@id":"https:\/\/www.sempertea.eu\/de\/Produkte\/orginelle-geschenke-tee-im-reagenzglas\/#breadcrumb","itemListElement":[{"@type":"ListItem","position":1,"name":"Portada","item":"https:\/\/www.sempertea.eu\/de\/"},{"@type":"ListItem","position":2,"name":"Shop","item":"https:\/\/www.sempertea.eu\/de\/shop\/"},{"@type":"ListItem","position":3,"name":"MINT Bio Kr\u00e4utertee I Loser Tee im Reagenzglas"}]},{"@type":"WebSite","@id":"https:\/\/www.sempertea.eu\/#website","url":"https:\/\/www.sempertea.eu\/","name":"Semper Tea | Mayorista y fabricante de T\u00e9s e Infusiones para hoteles, restaurantes y bares","description":"T\u00e9s e infusiones para hosteler\u00eda, hoteler\u00eda y comercio","potentialAction":[{"@type":"SearchAction","target":{"@type":"EntryPoint","urlTemplate":"https:\/\/www.sempertea.eu\/?s={search_term_string}"},"query-input":{"@type":"PropertyValueSpecification","valueRequired":true,"valueName":"search_term_string"}}],"inLanguage":"de"}]}},"_links":{"self":[{"href":"https:\/\/www.sempertea.eu\/de\/wp-json\/wp\/v2\/product\/5323","targetHints":{"allow":["GET"]}}],"collection":[{"href":"https:\/\/www.sempertea.eu\/de\/wp-json\/wp\/v2\/product"}],"about":[{"href":"https:\/\/www.sempertea.eu\/de\/wp-json\/wp\/v2\/types\/product"}],"replies":[{"embeddable":true,"href":"https:\/\/www.sempertea.eu\/de\/wp-json\/wp\/v2\/comments?post=5323"}],"wp:featuredmedia":[{"embeddable":true,"href":"https:\/\/www.sempertea.eu\/de\/wp-json\/wp\/v2\/media\/4162"}],"wp:attachment":[{"href":"https:\/\/www.sempertea.eu\/de\/wp-json\/wp\/v2\/media?parent=5323"}],"wp:term":[{"taxonomy":"product_brand","embeddable":true,"href":"https:\/\/www.sempertea.eu\/de\/wp-json\/wp\/v2\/product_brand?post=5323"},{"taxonomy":"product_cat","embeddable":true,"href":"https:\/\/www.sempertea.eu\/de\/wp-json\/wp\/v2\/product_cat?post=5323"},{"taxonomy":"product_tag","embeddable":true,"href":"https:\/\/www.sempertea.eu\/de\/wp-json\/wp\/v2\/product_tag?post=5323"}],"curies":[{"name":"wp","href":"https:\/\/api.w.org\/{rel}","templated":true}]}}