{"id":5322,"date":"2021-07-27T17:52:52","date_gmt":"2021-07-27T16:52:52","guid":{"rendered":"https:\/\/www.sempertea.eu\/mint-biotee-i-loser-tee-im-papier-beutel\/"},"modified":"2025-08-10T11:53:27","modified_gmt":"2025-08-10T09:53:27","slug":"bio-tee-lose-pfefferminz-tee-besondere-geschenke","status":"publish","type":"product","link":"https:\/\/www.sempertea.eu\/de\/Produkte\/bio-tee-lose-pfefferminz-tee-besondere-geschenke\/","title":{"rendered":"COOL MINT Bio Pfefferminztee (koffeinfrei) |Pur, erfrischend, wohltuend &amp; belebend"},"content":{"rendered":"<h2>Bio Pfefferminztee (koffeinfrei) |Pur, erfrischend, wohltuend &amp; belebend &#8211; Biotee Minze im Glas<\/h2>\n<p>Diese alkoholfreie Alternative ist in Nordafrika weit verbreitet und eignet sich perfekt f\u00fcr jeden Moment des Alltags. Geschenke f\u00fcr Teeliebhaber Die Crystal Collection von Semper Tea bietet Biotees in wiederverwendbarer und nachhaltiger Verpackung.<\/p>\n<h3>Ein modernes und attraktives Teegeschenk im umweltfreundlichen Glas. Ideal f\u00fcr jeden Teeliebhaber.<\/h3>\n<p>Die Crystal Collection von Semper Tea bietet Biotees in wiederverwendbarer und nachhaltiger Verpackung. Ein modernes und attraktives Teegeschenk im umweltfreundlichen Glas. Ideal f\u00fcr jeden Teeliebhaber. Bio-Produkte, ausgew\u00e4hlt von engagierten Erzeugern aus verschiedenen Teilen der Welt. In Gl\u00e4sern abgef\u00fcllt, ist dies nicht nur eine moderne, elegante und ansprechende Pr\u00e4sentation, sondern auch ein umweltfreundliches Format.<\/p>\n","protected":false},"excerpt":{"rendered":"<p><strong>Erfrischend und aromatisch ohne Koffein<\/strong><\/p>\n<p>Unser Bio Minz-Kr\u00e4utertee ist ein absoluter Favorit. Erfrischend, belebend mit einem leicht s\u00fc\u00dflichen Touch. Das intensive und reine Aroma gibt einen frischen Kick. Das intensive und reine Aroma garantiert einen frischen und langanhaltenden Geschmack, ideal f\u00fcr hei\u00dfe Sommer- und kalte Wintertage<\/p>\n","protected":false},"featured_media":18131,"comment_status":"open","ping_status":"closed","template":"","meta":[],"product_brand":[],"product_cat":[114,115,116,113,129,124,112,108,130,135],"product_tag":[],"class_list":{"0":"post-5322","1":"product","2":"type-product","3":"status-publish","4":"has-post-thumbnail","6":"product_cat-alle","7":"product_cat-alle-de","8":"product_cat-alle-de-2","9":"product_cat-biotees-sortiment-online-kaufen","10":"product_cat-crystal-loser-tee-recycle-im-glas-tee-reagenzglas-biotee-nachhaltig","11":"product_cat-teesortiment-formate-packaging-attraktiv-biotees-verpackung","12":"product_cat-krautertees-bio-teemischungen-herbal-ohne-koffein","13":"product_cat-sortiment-tee-packaging-verpackung-attraktiv-biotees-design","14":"product_cat-tee-im-glas-umweltfreundlich-umweltgerecht-verpackung","15":"product_cat-uncategorized-de","17":"first","18":"instock","19":"shipping-taxable","20":"purchasable","21":"product-type-simple"},"yoast_head":"<!-- This site is optimized with the Yoast SEO Premium plugin v27.3 (Yoast SEO v27.4) - https:\/\/yoast.com\/product\/yoast-seo-premium-wordpress\/ -->\n<title>Bio TEE LOSE im Glas Pfefferminz Tee | Besondere Geschenke<\/title>\n<meta name=\"description\" content=\"K\u00fchl, erfrischend und mintig - Pfefferminz als Tee lose ohne Koffein. Bio-Pfefferminz-Kr\u00e4utertee ist ein Bestseller. Vollmundige Tasse mit vollem Geschmack.\" \/>\n<meta name=\"robots\" content=\"index, follow, max-snippet:-1, max-image-preview:large, max-video-preview:-1\" \/>\n<link rel=\"canonical\" href=\"https:\/\/www.sempertea.eu\/de\/Produkte\/bio-tee-lose-pfefferminz-tee-besondere-geschenke\/\" \/>\n<meta property=\"og:locale\" content=\"de_DE\" \/>\n<meta property=\"og:type\" content=\"article\" \/>\n<meta property=\"og:title\" content=\"COOL MINT Bio Pfefferminztee (koffeinfrei) |Pur, erfrischend, wohltuend &amp; belebend\" \/>\n<meta property=\"og:description\" content=\"K\u00fchl, erfrischend und mintig - Pfefferminz als Tee lose ohne Koffein. Bio-Pfefferminz-Kr\u00e4utertee ist ein Bestseller. Vollmundige Tasse mit vollem Geschmack.\" \/>\n<meta property=\"og:url\" content=\"https:\/\/www.sempertea.eu\/de\/Produkte\/bio-tee-lose-pfefferminz-tee-besondere-geschenke\/\" \/>\n<meta property=\"og:site_name\" content=\"Semper Tea | Mayorista y fabricante de T\u00e9s e Infusiones para hoteles, restaurantes y bares\" \/>\n<meta property=\"article:modified_time\" content=\"2025-08-10T09:53:27+00:00\" \/>\n<meta property=\"og:image\" content=\"https:\/\/www.sempertea.eu\/wp-content\/uploads\/2025\/08\/minztee-sanft-verdauungsfreundlich-abends-wohlfuehl-semper-tea.jpg\" \/>\n\t<meta property=\"og:image:width\" content=\"1000\" \/>\n\t<meta property=\"og:image:height\" content=\"1000\" \/>\n\t<meta property=\"og:image:type\" content=\"image\/jpeg\" \/>\n<meta name=\"twitter:card\" content=\"summary_large_image\" \/>\n<meta name=\"twitter:image\" content=\"https:\/\/www.sempertea.eu\/wp-content\/uploads\/2025\/08\/rezeptidee-aufguss-marokkanische-minze-eistee-zitrone-semper-tea.jpg\" \/>\n<meta name=\"twitter:label1\" content=\"Gesch\u00e4tzte Lesezeit\" \/>\n\t<meta name=\"twitter:data1\" content=\"1\u00a0Minute\" \/>\n<script type=\"application\/ld+json\" class=\"yoast-schema-graph\">{\"@context\":\"https:\\\/\\\/schema.org\",\"@graph\":[{\"@type\":\"WebPage\",\"@id\":\"https:\\\/\\\/www.sempertea.eu\\\/de\\\/Produkte\\\/bio-tee-lose-pfefferminz-tee-besondere-geschenke\\\/\",\"url\":\"https:\\\/\\\/www.sempertea.eu\\\/de\\\/Produkte\\\/bio-tee-lose-pfefferminz-tee-besondere-geschenke\\\/\",\"name\":\"Bio TEE LOSE im Glas Pfefferminz Tee | Besondere Geschenke\",\"isPartOf\":{\"@id\":\"https:\\\/\\\/www.sempertea.eu\\\/#website\"},\"primaryImageOfPage\":{\"@id\":\"https:\\\/\\\/www.sempertea.eu\\\/de\\\/Produkte\\\/bio-tee-lose-pfefferminz-tee-besondere-geschenke\\\/#primaryimage\"},\"image\":{\"@id\":\"https:\\\/\\\/www.sempertea.eu\\\/de\\\/Produkte\\\/bio-tee-lose-pfefferminz-tee-besondere-geschenke\\\/#primaryimage\"},\"thumbnailUrl\":\"https:\\\/\\\/www.sempertea.eu\\\/wp-content\\\/uploads\\\/2025\\\/08\\\/minztee-sanft-verdauungsfreundlich-abends-wohlfuehl-semper-tea.jpg\",\"datePublished\":\"2021-07-27T16:52:52+00:00\",\"dateModified\":\"2025-08-10T09:53:27+00:00\",\"description\":\"K\u00fchl, erfrischend und mintig - Pfefferminz als Tee lose ohne Koffein. Bio-Pfefferminz-Kr\u00e4utertee ist ein Bestseller. Vollmundige Tasse mit vollem Geschmack.\",\"breadcrumb\":{\"@id\":\"https:\\\/\\\/www.sempertea.eu\\\/de\\\/Produkte\\\/bio-tee-lose-pfefferminz-tee-besondere-geschenke\\\/#breadcrumb\"},\"inLanguage\":\"de\",\"potentialAction\":[{\"@type\":\"ReadAction\",\"target\":[\"https:\\\/\\\/www.sempertea.eu\\\/de\\\/Produkte\\\/bio-tee-lose-pfefferminz-tee-besondere-geschenke\\\/\"]}]},{\"@type\":\"ImageObject\",\"inLanguage\":\"de\",\"@id\":\"https:\\\/\\\/www.sempertea.eu\\\/de\\\/Produkte\\\/bio-tee-lose-pfefferminz-tee-besondere-geschenke\\\/#primaryimage\",\"url\":\"https:\\\/\\\/www.sempertea.eu\\\/wp-content\\\/uploads\\\/2025\\\/08\\\/minztee-sanft-verdauungsfreundlich-abends-wohlfuehl-semper-tea.jpg\",\"contentUrl\":\"https:\\\/\\\/www.sempertea.eu\\\/wp-content\\\/uploads\\\/2025\\\/08\\\/minztee-sanft-verdauungsfreundlich-abends-wohlfuehl-semper-tea.jpg\",\"width\":1000,\"height\":1000,\"caption\":\"Minztee f\u00fcr den Abend \u2013 Sanft, verdauungsfreundlich, wohltuend\"},{\"@type\":\"BreadcrumbList\",\"@id\":\"https:\\\/\\\/www.sempertea.eu\\\/de\\\/Produkte\\\/bio-tee-lose-pfefferminz-tee-besondere-geschenke\\\/#breadcrumb\",\"itemListElement\":[{\"@type\":\"ListItem\",\"position\":1,\"name\":\"Portada\",\"item\":\"https:\\\/\\\/www.sempertea.eu\\\/de\\\/\"},{\"@type\":\"ListItem\",\"position\":2,\"name\":\"Shop\",\"item\":\"https:\\\/\\\/www.sempertea.eu\\\/de\\\/shop\\\/\"},{\"@type\":\"ListItem\",\"position\":3,\"name\":\"COOL MINT Bio Pfefferminztee (koffeinfrei) |Pur, erfrischend, wohltuend &amp; belebend\"}]},{\"@type\":\"WebSite\",\"@id\":\"https:\\\/\\\/www.sempertea.eu\\\/#website\",\"url\":\"https:\\\/\\\/www.sempertea.eu\\\/\",\"name\":\"Semper Tea | Mayorista y fabricante de T\u00e9s e Infusiones para hoteles, restaurantes y bares\",\"description\":\"T\u00e9s e infusiones para hosteler\u00eda, hoteler\u00eda y comercio\",\"potentialAction\":[{\"@type\":\"SearchAction\",\"target\":{\"@type\":\"EntryPoint\",\"urlTemplate\":\"https:\\\/\\\/www.sempertea.eu\\\/?s={search_term_string}\"},\"query-input\":{\"@type\":\"PropertyValueSpecification\",\"valueRequired\":true,\"valueName\":\"search_term_string\"}}],\"inLanguage\":\"de\"}]}<\/script>\n<!-- \/ Yoast SEO Premium plugin. -->","yoast_head_json":{"title":"Bio TEE LOSE im Glas Pfefferminz Tee | Besondere Geschenke","description":"K\u00fchl, erfrischend und mintig - Pfefferminz als Tee lose ohne Koffein. Bio-Pfefferminz-Kr\u00e4utertee ist ein Bestseller. Vollmundige Tasse mit vollem Geschmack.","robots":{"index":"index","follow":"follow","max-snippet":"max-snippet:-1","max-image-preview":"max-image-preview:large","max-video-preview":"max-video-preview:-1"},"canonical":"https:\/\/www.sempertea.eu\/de\/Produkte\/bio-tee-lose-pfefferminz-tee-besondere-geschenke\/","og_locale":"de_DE","og_type":"article","og_title":"COOL MINT Bio Pfefferminztee (koffeinfrei) |Pur, erfrischend, wohltuend &amp; belebend","og_description":"K\u00fchl, erfrischend und mintig - Pfefferminz als Tee lose ohne Koffein. Bio-Pfefferminz-Kr\u00e4utertee ist ein Bestseller. Vollmundige Tasse mit vollem Geschmack.","og_url":"https:\/\/www.sempertea.eu\/de\/Produkte\/bio-tee-lose-pfefferminz-tee-besondere-geschenke\/","og_site_name":"Semper Tea | Mayorista y fabricante de T\u00e9s e Infusiones para hoteles, restaurantes y bares","article_modified_time":"2025-08-10T09:53:27+00:00","og_image":[{"width":1000,"height":1000,"url":"https:\/\/www.sempertea.eu\/wp-content\/uploads\/2025\/08\/minztee-sanft-verdauungsfreundlich-abends-wohlfuehl-semper-tea.jpg","type":"image\/jpeg"}],"twitter_card":"summary_large_image","twitter_image":"https:\/\/www.sempertea.eu\/wp-content\/uploads\/2025\/08\/rezeptidee-aufguss-marokkanische-minze-eistee-zitrone-semper-tea.jpg","twitter_misc":{"Gesch\u00e4tzte Lesezeit":"1\u00a0Minute"},"schema":{"@context":"https:\/\/schema.org","@graph":[{"@type":"WebPage","@id":"https:\/\/www.sempertea.eu\/de\/Produkte\/bio-tee-lose-pfefferminz-tee-besondere-geschenke\/","url":"https:\/\/www.sempertea.eu\/de\/Produkte\/bio-tee-lose-pfefferminz-tee-besondere-geschenke\/","name":"Bio TEE LOSE im Glas Pfefferminz Tee | Besondere Geschenke","isPartOf":{"@id":"https:\/\/www.sempertea.eu\/#website"},"primaryImageOfPage":{"@id":"https:\/\/www.sempertea.eu\/de\/Produkte\/bio-tee-lose-pfefferminz-tee-besondere-geschenke\/#primaryimage"},"image":{"@id":"https:\/\/www.sempertea.eu\/de\/Produkte\/bio-tee-lose-pfefferminz-tee-besondere-geschenke\/#primaryimage"},"thumbnailUrl":"https:\/\/www.sempertea.eu\/wp-content\/uploads\/2025\/08\/minztee-sanft-verdauungsfreundlich-abends-wohlfuehl-semper-tea.jpg","datePublished":"2021-07-27T16:52:52+00:00","dateModified":"2025-08-10T09:53:27+00:00","description":"K\u00fchl, erfrischend und mintig - Pfefferminz als Tee lose ohne Koffein. Bio-Pfefferminz-Kr\u00e4utertee ist ein Bestseller. Vollmundige Tasse mit vollem Geschmack.","breadcrumb":{"@id":"https:\/\/www.sempertea.eu\/de\/Produkte\/bio-tee-lose-pfefferminz-tee-besondere-geschenke\/#breadcrumb"},"inLanguage":"de","potentialAction":[{"@type":"ReadAction","target":["https:\/\/www.sempertea.eu\/de\/Produkte\/bio-tee-lose-pfefferminz-tee-besondere-geschenke\/"]}]},{"@type":"ImageObject","inLanguage":"de","@id":"https:\/\/www.sempertea.eu\/de\/Produkte\/bio-tee-lose-pfefferminz-tee-besondere-geschenke\/#primaryimage","url":"https:\/\/www.sempertea.eu\/wp-content\/uploads\/2025\/08\/minztee-sanft-verdauungsfreundlich-abends-wohlfuehl-semper-tea.jpg","contentUrl":"https:\/\/www.sempertea.eu\/wp-content\/uploads\/2025\/08\/minztee-sanft-verdauungsfreundlich-abends-wohlfuehl-semper-tea.jpg","width":1000,"height":1000,"caption":"Minztee f\u00fcr den Abend \u2013 Sanft, verdauungsfreundlich, wohltuend"},{"@type":"BreadcrumbList","@id":"https:\/\/www.sempertea.eu\/de\/Produkte\/bio-tee-lose-pfefferminz-tee-besondere-geschenke\/#breadcrumb","itemListElement":[{"@type":"ListItem","position":1,"name":"Portada","item":"https:\/\/www.sempertea.eu\/de\/"},{"@type":"ListItem","position":2,"name":"Shop","item":"https:\/\/www.sempertea.eu\/de\/shop\/"},{"@type":"ListItem","position":3,"name":"COOL MINT Bio Pfefferminztee (koffeinfrei) |Pur, erfrischend, wohltuend &amp; belebend"}]},{"@type":"WebSite","@id":"https:\/\/www.sempertea.eu\/#website","url":"https:\/\/www.sempertea.eu\/","name":"Semper Tea | Mayorista y fabricante de T\u00e9s e Infusiones para hoteles, restaurantes y bares","description":"T\u00e9s e infusiones para hosteler\u00eda, hoteler\u00eda y comercio","potentialAction":[{"@type":"SearchAction","target":{"@type":"EntryPoint","urlTemplate":"https:\/\/www.sempertea.eu\/?s={search_term_string}"},"query-input":{"@type":"PropertyValueSpecification","valueRequired":true,"valueName":"search_term_string"}}],"inLanguage":"de"}]}},"_links":{"self":[{"href":"https:\/\/www.sempertea.eu\/de\/wp-json\/wp\/v2\/product\/5322","targetHints":{"allow":["GET"]}}],"collection":[{"href":"https:\/\/www.sempertea.eu\/de\/wp-json\/wp\/v2\/product"}],"about":[{"href":"https:\/\/www.sempertea.eu\/de\/wp-json\/wp\/v2\/types\/product"}],"replies":[{"embeddable":true,"href":"https:\/\/www.sempertea.eu\/de\/wp-json\/wp\/v2\/comments?post=5322"}],"wp:featuredmedia":[{"embeddable":true,"href":"https:\/\/www.sempertea.eu\/de\/wp-json\/wp\/v2\/media\/18131"}],"wp:attachment":[{"href":"https:\/\/www.sempertea.eu\/de\/wp-json\/wp\/v2\/media?parent=5322"}],"wp:term":[{"taxonomy":"product_brand","embeddable":true,"href":"https:\/\/www.sempertea.eu\/de\/wp-json\/wp\/v2\/product_brand?post=5322"},{"taxonomy":"product_cat","embeddable":true,"href":"https:\/\/www.sempertea.eu\/de\/wp-json\/wp\/v2\/product_cat?post=5322"},{"taxonomy":"product_tag","embeddable":true,"href":"https:\/\/www.sempertea.eu\/de\/wp-json\/wp\/v2\/product_tag?post=5322"}],"curies":[{"name":"wp","href":"https:\/\/api.w.org\/{rel}","templated":true}]}}