{"id":5308,"date":"2021-08-05T18:21:52","date_gmt":"2022-08-14T19:45:00","guid":{"rendered":"https:\/\/www.sempertea.eu\/reagenzglas-gefuellt-mit-blueten-power\/"},"modified":"2023-07-24T23:24:28","modified_gmt":"2023-07-24T22:24:28","slug":"kamillenblueten-loser-tee-im-reagenzglas","status":"publish","type":"product","link":"https:\/\/www.sempertea.eu\/de\/Produkte\/kamillenblueten-loser-tee-im-reagenzglas\/","title":{"rendered":"KAMILLE Bio Kr\u00e4utertee I Loser Tee im Reagenzglas"},"content":{"rendered":"<h2>Erlesene Bio-Tees in Glasr\u00f6hrchen &#8211; Perfekte Geschenke f\u00fcr Teeliebhaber<\/h2>\n<p>Entdecken Sie die bezaubernde Welt der<strong> Bio-Tees und Kr\u00e4utertees<\/strong> in eleganten <strong>Glasr\u00f6hrchen<\/strong>, die sich perfekt als durchdachte Geschenke f\u00fcr <strong>Teeliebhaber<\/strong> oder alle, die nach k\u00f6stlichen \u00dcberraschungen suchen, eignen. Diese<strong> erlesenen Bio-Tees<\/strong> werden in einer<strong> nachhaltigen Verpackung<\/strong> pr\u00e4sentiert, die unser Engagement f\u00fcr <strong>Umweltbewusstsein<\/strong> und Stil widerspiegelt.<\/p>\n<h3>Kamille-Tisane im Glasr\u00f6hrchen: Frischer und wohltuender Genuss<\/h3>\n<p>Genie\u00dfen Sie den wohltuenden Genuss des<strong> Kamillentees von Semper Tea,<\/strong> der fachm\u00e4nnisch ausgew\u00e4hlt und sorgf\u00e4ltig in einem praktischen Glasr\u00f6hrchen verpackt ist, um eine lang anhaltende Frische zu gew\u00e4hrleisten. Tauchen Sie ein in das sanfte Aroma und die<strong> nat\u00fcrliche G\u00fcte dieses Bio-Kr\u00e4utertees<\/strong>, der ein beruhigendes und wohltuendes Erlebnis bietet. Ob Sie einen Moment der<strong> Entspannung<\/strong> suchen oder eine k\u00f6stliche \u00dcberraschung f\u00fcr einen Teeliebhaber, unser Kamillentee im Glasr\u00f6hrchen ist die ideale Wahl. Erh\u00f6hen Sie Ihr Teeritual mit diesem beruhigenden Getr\u00e4nk, denn Sie wissen, dass jeder Schluck die Essenz der feinsten Bl\u00fcten der Natur in sich birgt und<strong> Wellness und Geschmack in jeder Tasse<\/strong> in Einklang bringt.<\/p>\n<h4><strong>Kamillentee f\u00fcr Kinder: Maximierung der medizinischen Vorteile<\/strong><\/h4>\n<p>Bei der <a href=\"https:\/\/www.sempertea.eu\/de\/Produkte\/echte-kamille-als-loser-tee-im-glas\/\">Zubereitung von Kamillentee<\/a>, der f\u00fcr seine <strong>medizinischen Eigenschaften<\/strong> gesch\u00e4tzt wird, sind besondere Aspekte zu beachten, um die Wirksamkeit f\u00fcr Kinder zu optimieren.<\/p>\n<p>Um einen <strong>schonenden Genuss<\/strong> zu gew\u00e4hrleisten, sollten Sie den Tee nicht zu <strong>konzentriert zubereiten<\/strong> oder ihn l\u00e4nger als empfohlen ziehen lassen. Dies erleichtert die Verdauung, wirkt beruhigend und macht ihn f\u00fcr Kinder besser geeignet. Obwohl Kamillentee zahlreiche gesundheitliche Vorteile hat, sollte <strong>Wasser immer das Hauptgetr\u00e4nk<\/strong> f\u00fcr die Familie bleiben, insbesondere f\u00fcr Kinder.<\/p>\n<p>Wenn Sie eine <strong>ges\u00fcndere Alternative<\/strong> suchen, genie\u00dfen Sie Kamillentee am besten ohne S\u00fc\u00dfstoffe, da er eine erfrischende und nat\u00fcrliche Alternative zu zuckerhaltigen Getr\u00e4nken darstellt. Nutzen Sie die Vorteile der Kamille als Teil eines <strong>ausgewogenen Lebensstils.<\/strong><\/p>\n","protected":false},"excerpt":{"rendered":"<p><strong>Ganze Kamillenbl\u00fcten mit s\u00fc\u00dfer Note<\/strong><\/p>\n<p>Eine Tasse Kamillentee ist so entspannend wie ein hei\u00dfes Bad, besonders wohltuend wenn man abschalten m\u00f6chte. Eine nat\u00fcrliche Tasse Bio-Kr\u00e4utertee, gesund, pur und frei von Koffein. Das Tee-Reagenzglas ist eine originelles Firmengeschenk oder Pr\u00e4sent f\u00fcr Hochzeitsg\u00e4ste. Jedes R\u00f6hrchen ergibt 6-8 Tassen. Ein sch\u00f6nes Geschenk f\u00fcr G\u00e4ste oder Kunden.<\/p>\n","protected":false},"featured_media":4242,"comment_status":"open","ping_status":"closed","template":"","meta":[],"product_brand":[],"product_cat":[114,115,116,113,129,124,112,108,131],"product_tag":[],"class_list":{"0":"post-5308","1":"product","2":"type-product","3":"status-publish","4":"has-post-thumbnail","6":"product_cat-alle","7":"product_cat-alle-de","8":"product_cat-alle-de-2","9":"product_cat-biotees-sortiment-online-kaufen","10":"product_cat-crystal-loser-tee-recycle-im-glas-tee-reagenzglas-biotee-nachhaltig","11":"product_cat-teesortiment-formate-packaging-attraktiv-biotees-verpackung","12":"product_cat-krautertees-bio-teemischungen-herbal-ohne-koffein","13":"product_cat-sortiment-tee-packaging-verpackung-attraktiv-biotees-design","14":"product_cat-tee-im-reagenzglas-teegeschenk-geschenk-teeliebhaber-tea-lover","16":"first","17":"instock","18":"shipping-taxable","19":"purchasable","20":"product-type-simple"},"yoast_head":"<!-- This site is optimized with the Yoast SEO Premium plugin v27.3 (Yoast SEO v27.3) - https:\/\/yoast.com\/product\/yoast-seo-premium-wordpress\/ -->\n<title>Kamillentee in Glasr\u00f6hre - Nat\u00fcrliche Kr\u00e4utertee-Sorte von SEMPER TEA<\/title>\n<meta name=\"description\" content=\"Entdecken Sie die beruhigende Kraft von Kamillen-Tee in Glasr\u00f6hre von SEMPER TEA. Genie\u00dfen Sie die Natur pur. Wohltuend, ganz frei von Koffein.\" \/>\n<meta name=\"robots\" content=\"index, follow, max-snippet:-1, max-image-preview:large, max-video-preview:-1\" \/>\n<link rel=\"canonical\" href=\"https:\/\/www.sempertea.eu\/Produkte\/tisana-manzanilla-camomila-natural\/\" \/>\n<meta property=\"og:locale\" content=\"de_DE\" \/>\n<meta property=\"og:type\" content=\"article\" \/>\n<meta property=\"og:title\" content=\"KAMILLE Bio Kr\u00e4utertee I Loser Tee im Reagenzglas\" \/>\n<meta property=\"og:description\" content=\"Entdecken Sie die beruhigende Kraft von Kamillen-Tee in Glasr\u00f6hre von SEMPER TEA. Genie\u00dfen Sie die Natur pur. Wohltuend, ganz frei von Koffein.\" \/>\n<meta property=\"og:url\" content=\"https:\/\/www.sempertea.eu\/Produkte\/tisana-manzanilla-camomila-natural\/\" \/>\n<meta property=\"og:site_name\" content=\"Semper Tea | Mayorista y fabricante de T\u00e9s e Infusiones para hoteles, restaurantes y bares\" \/>\n<meta property=\"article:modified_time\" content=\"2023-07-24T22:24:28+00:00\" \/>\n<meta property=\"og:image\" content=\"https:\/\/www.sempertea.eu\/wp-content\/uploads\/2021\/08\/la-mejor-manzanilla-ecologica-semper-tea.jpg\" \/>\n<meta name=\"twitter:card\" content=\"summary_large_image\" \/>\n<meta name=\"twitter:image\" content=\"https:\/\/www.sempertea.eu\/wp-content\/uploads\/2021\/08\/la-mejor-manzanilla-ecologica-semper-tea.jpg\" \/>\n<meta name=\"twitter:label1\" content=\"Gesch\u00e4tzte Lesezeit\" \/>\n\t<meta name=\"twitter:data1\" content=\"2\u00a0Minuten\" \/>\n<script type=\"application\/ld+json\" class=\"yoast-schema-graph\">{\"@context\":\"https:\\\/\\\/schema.org\",\"@graph\":[{\"@type\":\"WebPage\",\"@id\":\"https:\\\/\\\/www.sempertea.eu\\\/Produkte\\\/tisana-manzanilla-camomila-natural\\\/\",\"url\":\"https:\\\/\\\/www.sempertea.eu\\\/Produkte\\\/tisana-manzanilla-camomila-natural\\\/\",\"name\":\"Kamillentee in Glasr\u00f6hre - Nat\u00fcrliche Kr\u00e4utertee-Sorte von SEMPER TEA\",\"isPartOf\":{\"@id\":\"https:\\\/\\\/www.sempertea.eu\\\/#website\"},\"primaryImageOfPage\":{\"@id\":\"https:\\\/\\\/www.sempertea.eu\\\/Produkte\\\/tisana-manzanilla-camomila-natural\\\/#primaryimage\"},\"image\":{\"@id\":\"https:\\\/\\\/www.sempertea.eu\\\/Produkte\\\/tisana-manzanilla-camomila-natural\\\/#primaryimage\"},\"thumbnailUrl\":\"https:\\\/\\\/www.sempertea.eu\\\/wp-content\\\/uploads\\\/2021\\\/08\\\/tisana-manzanilla-organica-en-probeta-semper-tea.jpg\",\"datePublished\":\"2022-08-14T19:45:00+00:00\",\"dateModified\":\"2023-07-24T22:24:28+00:00\",\"description\":\"Entdecken Sie die beruhigende Kraft von Kamillen-Tee in Glasr\u00f6hre von SEMPER TEA. Genie\u00dfen Sie die Natur pur. Wohltuend, ganz frei von Koffein.\",\"breadcrumb\":{\"@id\":\"https:\\\/\\\/www.sempertea.eu\\\/Produkte\\\/tisana-manzanilla-camomila-natural\\\/#breadcrumb\"},\"inLanguage\":\"de\",\"potentialAction\":[{\"@type\":\"ReadAction\",\"target\":[\"https:\\\/\\\/www.sempertea.eu\\\/Produkte\\\/tisana-manzanilla-camomila-natural\\\/\"]}]},{\"@type\":\"ImageObject\",\"inLanguage\":\"de\",\"@id\":\"https:\\\/\\\/www.sempertea.eu\\\/Produkte\\\/tisana-manzanilla-camomila-natural\\\/#primaryimage\",\"url\":\"https:\\\/\\\/www.sempertea.eu\\\/wp-content\\\/uploads\\\/2021\\\/08\\\/tisana-manzanilla-organica-en-probeta-semper-tea.jpg\",\"contentUrl\":\"https:\\\/\\\/www.sempertea.eu\\\/wp-content\\\/uploads\\\/2021\\\/08\\\/tisana-manzanilla-organica-en-probeta-semper-tea.jpg\",\"width\":1000,\"height\":1000,\"caption\":\"ideales geschenk tee im reagenzglas semper tea\"},{\"@type\":\"BreadcrumbList\",\"@id\":\"https:\\\/\\\/www.sempertea.eu\\\/Produkte\\\/tisana-manzanilla-camomila-natural\\\/#breadcrumb\",\"itemListElement\":[{\"@type\":\"ListItem\",\"position\":1,\"name\":\"Portada\",\"item\":\"https:\\\/\\\/www.sempertea.eu\\\/de\\\/\"},{\"@type\":\"ListItem\",\"position\":2,\"name\":\"Shop\",\"item\":\"https:\\\/\\\/www.sempertea.eu\\\/de\\\/shop\\\/\"},{\"@type\":\"ListItem\",\"position\":3,\"name\":\"KAMILLE Bio Kr\u00e4utertee I Loser Tee im Reagenzglas\"}]},{\"@type\":\"WebSite\",\"@id\":\"https:\\\/\\\/www.sempertea.eu\\\/#website\",\"url\":\"https:\\\/\\\/www.sempertea.eu\\\/\",\"name\":\"Semper Tea | Mayorista y fabricante de T\u00e9s e Infusiones para hoteles, restaurantes y bares\",\"description\":\"T\u00e9s e infusiones para hosteler\u00eda, hoteler\u00eda y comercio\",\"potentialAction\":[{\"@type\":\"SearchAction\",\"target\":{\"@type\":\"EntryPoint\",\"urlTemplate\":\"https:\\\/\\\/www.sempertea.eu\\\/?s={search_term_string}\"},\"query-input\":{\"@type\":\"PropertyValueSpecification\",\"valueRequired\":true,\"valueName\":\"search_term_string\"}}],\"inLanguage\":\"de\"}]}<\/script>\n<!-- \/ Yoast SEO Premium plugin. -->","yoast_head_json":{"title":"Kamillentee in Glasr\u00f6hre - Nat\u00fcrliche Kr\u00e4utertee-Sorte von SEMPER TEA","description":"Entdecken Sie die beruhigende Kraft von Kamillen-Tee in Glasr\u00f6hre von SEMPER TEA. Genie\u00dfen Sie die Natur pur. Wohltuend, ganz frei von Koffein.","robots":{"index":"index","follow":"follow","max-snippet":"max-snippet:-1","max-image-preview":"max-image-preview:large","max-video-preview":"max-video-preview:-1"},"canonical":"https:\/\/www.sempertea.eu\/Produkte\/tisana-manzanilla-camomila-natural\/","og_locale":"de_DE","og_type":"article","og_title":"KAMILLE Bio Kr\u00e4utertee I Loser Tee im Reagenzglas","og_description":"Entdecken Sie die beruhigende Kraft von Kamillen-Tee in Glasr\u00f6hre von SEMPER TEA. Genie\u00dfen Sie die Natur pur. Wohltuend, ganz frei von Koffein.","og_url":"https:\/\/www.sempertea.eu\/Produkte\/tisana-manzanilla-camomila-natural\/","og_site_name":"Semper Tea | Mayorista y fabricante de T\u00e9s e Infusiones para hoteles, restaurantes y bares","article_modified_time":"2023-07-24T22:24:28+00:00","og_image":[{"url":"https:\/\/www.sempertea.eu\/wp-content\/uploads\/2021\/08\/la-mejor-manzanilla-ecologica-semper-tea.jpg","type":"","width":"","height":""}],"twitter_card":"summary_large_image","twitter_image":"https:\/\/www.sempertea.eu\/wp-content\/uploads\/2021\/08\/la-mejor-manzanilla-ecologica-semper-tea.jpg","twitter_misc":{"Gesch\u00e4tzte Lesezeit":"2\u00a0Minuten"},"schema":{"@context":"https:\/\/schema.org","@graph":[{"@type":"WebPage","@id":"https:\/\/www.sempertea.eu\/Produkte\/tisana-manzanilla-camomila-natural\/","url":"https:\/\/www.sempertea.eu\/Produkte\/tisana-manzanilla-camomila-natural\/","name":"Kamillentee in Glasr\u00f6hre - Nat\u00fcrliche Kr\u00e4utertee-Sorte von SEMPER TEA","isPartOf":{"@id":"https:\/\/www.sempertea.eu\/#website"},"primaryImageOfPage":{"@id":"https:\/\/www.sempertea.eu\/Produkte\/tisana-manzanilla-camomila-natural\/#primaryimage"},"image":{"@id":"https:\/\/www.sempertea.eu\/Produkte\/tisana-manzanilla-camomila-natural\/#primaryimage"},"thumbnailUrl":"https:\/\/www.sempertea.eu\/wp-content\/uploads\/2021\/08\/tisana-manzanilla-organica-en-probeta-semper-tea.jpg","datePublished":"2022-08-14T19:45:00+00:00","dateModified":"2023-07-24T22:24:28+00:00","description":"Entdecken Sie die beruhigende Kraft von Kamillen-Tee in Glasr\u00f6hre von SEMPER TEA. Genie\u00dfen Sie die Natur pur. Wohltuend, ganz frei von Koffein.","breadcrumb":{"@id":"https:\/\/www.sempertea.eu\/Produkte\/tisana-manzanilla-camomila-natural\/#breadcrumb"},"inLanguage":"de","potentialAction":[{"@type":"ReadAction","target":["https:\/\/www.sempertea.eu\/Produkte\/tisana-manzanilla-camomila-natural\/"]}]},{"@type":"ImageObject","inLanguage":"de","@id":"https:\/\/www.sempertea.eu\/Produkte\/tisana-manzanilla-camomila-natural\/#primaryimage","url":"https:\/\/www.sempertea.eu\/wp-content\/uploads\/2021\/08\/tisana-manzanilla-organica-en-probeta-semper-tea.jpg","contentUrl":"https:\/\/www.sempertea.eu\/wp-content\/uploads\/2021\/08\/tisana-manzanilla-organica-en-probeta-semper-tea.jpg","width":1000,"height":1000,"caption":"ideales geschenk tee im reagenzglas semper tea"},{"@type":"BreadcrumbList","@id":"https:\/\/www.sempertea.eu\/Produkte\/tisana-manzanilla-camomila-natural\/#breadcrumb","itemListElement":[{"@type":"ListItem","position":1,"name":"Portada","item":"https:\/\/www.sempertea.eu\/de\/"},{"@type":"ListItem","position":2,"name":"Shop","item":"https:\/\/www.sempertea.eu\/de\/shop\/"},{"@type":"ListItem","position":3,"name":"KAMILLE Bio Kr\u00e4utertee I Loser Tee im Reagenzglas"}]},{"@type":"WebSite","@id":"https:\/\/www.sempertea.eu\/#website","url":"https:\/\/www.sempertea.eu\/","name":"Semper Tea | Mayorista y fabricante de T\u00e9s e Infusiones para hoteles, restaurantes y bares","description":"T\u00e9s e infusiones para hosteler\u00eda, hoteler\u00eda y comercio","potentialAction":[{"@type":"SearchAction","target":{"@type":"EntryPoint","urlTemplate":"https:\/\/www.sempertea.eu\/?s={search_term_string}"},"query-input":{"@type":"PropertyValueSpecification","valueRequired":true,"valueName":"search_term_string"}}],"inLanguage":"de"}]}},"_links":{"self":[{"href":"https:\/\/www.sempertea.eu\/de\/wp-json\/wp\/v2\/product\/5308","targetHints":{"allow":["GET"]}}],"collection":[{"href":"https:\/\/www.sempertea.eu\/de\/wp-json\/wp\/v2\/product"}],"about":[{"href":"https:\/\/www.sempertea.eu\/de\/wp-json\/wp\/v2\/types\/product"}],"replies":[{"embeddable":true,"href":"https:\/\/www.sempertea.eu\/de\/wp-json\/wp\/v2\/comments?post=5308"}],"wp:featuredmedia":[{"embeddable":true,"href":"https:\/\/www.sempertea.eu\/de\/wp-json\/wp\/v2\/media\/4242"}],"wp:attachment":[{"href":"https:\/\/www.sempertea.eu\/de\/wp-json\/wp\/v2\/media?parent=5308"}],"wp:term":[{"taxonomy":"product_brand","embeddable":true,"href":"https:\/\/www.sempertea.eu\/de\/wp-json\/wp\/v2\/product_brand?post=5308"},{"taxonomy":"product_cat","embeddable":true,"href":"https:\/\/www.sempertea.eu\/de\/wp-json\/wp\/v2\/product_cat?post=5308"},{"taxonomy":"product_tag","embeddable":true,"href":"https:\/\/www.sempertea.eu\/de\/wp-json\/wp\/v2\/product_tag?post=5308"}],"curies":[{"name":"wp","href":"https:\/\/api.w.org\/{rel}","templated":true}]}}