{"id":5307,"date":"2021-08-05T10:06:31","date_gmt":"2022-08-14T19:12:49","guid":{"rendered":"https:\/\/www.sempertea.eu\/camomile-ganze-bio-kamillenblueten-i-loser-tee-im-glas\/"},"modified":"2025-07-09T17:51:56","modified_gmt":"2025-07-09T15:51:56","slug":"kamillenblueten-tee-zur-natuerlichen-entspannung","status":"publish","type":"product","link":"https:\/\/www.sempertea.eu\/de\/Produkte\/kamillenblueten-tee-zur-natuerlichen-entspannung\/","title":{"rendered":"SANFTE KAMILLE Bio-Kamillenbl\u00fcten lose | Nat\u00fcrlicher beruhigender Kr\u00e4utertee"},"content":{"rendered":"<div class=\"et_pb_module et_pb_post_title et_pb_post_title_0 et_pb_bg_layout_light et_pb_text_align_left\">\n<div class=\"et_pb_title_container\">\n<h2 class=\"entry-title\">Kamillentee \u2013 ein wohlschmeckendes Kraftpaket<\/h2>\n<\/div>\n<\/div>\n<div class=\"et_pb_module et_pb_text et_pb_text_0 et_pb_bg_layout_light et_pb_text_align_left\">\n<div class=\"et_pb_text_inner\">\n<p>Kamillentee wird seit langem als <b>traditionelles Volksheilmittel<\/b> f\u00fcr eine Vielzahl von Gesundheitsproblemen verwendet.<\/p>\n<p><b>Kamille ist wohlschmeckend <\/b>und bekannt f\u00fcr ihre <b>vielen guten Eigenschaften<\/b>.<br \/>\n&#8211; Sie kann helfen, entspannter zu schlafen. Eine Tasse Kamillentee kann als Einschlafhilfe wirken und Angst und Stress reduzieren.<br \/>\n&#8211; Kann das Immunsystem mit antibakteriellen Eigenschaften st\u00e4rken.<\/p>\n<h3>Kamillentee &#8211; ganze, reine Kamillenbl\u00fcten<\/h3>\n<p>Bei der Wahl der Kamille sollte auf ihre Herkunft und ihren biologischen Ursprung geachtet werden um alle Vorteile zu gew\u00e4hrleisten, die die Natur bieten kann.<\/p>\n<p>Unser <b>Kamillentee &#8218;Camomile&#8216; von Semper Tea<\/b> enth\u00e4lt ganze, nat\u00fcrliche und reine Bl\u00fcten. Alle Inhaltsstoffe dieses Tees sind 100% nat\u00fcrlich.<\/p>\n<\/div>\n<\/div>\n","protected":false},"excerpt":{"rendered":"<p><strong>Die heilende Kraft der Bl\u00fcten<\/strong><\/p>\n<p>Diese Bioselektion ganzer Kamillenbl\u00fcten hat ein besonders feines Aroma mit einem Hauch von S\u00fc\u00dfe. Ein wohltuender Tee, der entspannt und beruhigt, frei von Koffein.<\/p>\n","protected":false},"featured_media":16918,"comment_status":"open","ping_status":"closed","template":"","meta":[],"product_brand":[],"product_cat":[114,115,116,113,129,124,112,108,130],"product_tag":[],"class_list":{"0":"post-5307","1":"product","2":"type-product","3":"status-publish","4":"has-post-thumbnail","6":"product_cat-alle","7":"product_cat-alle-de","8":"product_cat-alle-de-2","9":"product_cat-biotees-sortiment-online-kaufen","10":"product_cat-crystal-loser-tee-recycle-im-glas-tee-reagenzglas-biotee-nachhaltig","11":"product_cat-teesortiment-formate-packaging-attraktiv-biotees-verpackung","12":"product_cat-krautertees-bio-teemischungen-herbal-ohne-koffein","13":"product_cat-sortiment-tee-packaging-verpackung-attraktiv-biotees-design","14":"product_cat-tee-im-glas-umweltfreundlich-umweltgerecht-verpackung","16":"first","17":"instock","18":"shipping-taxable","19":"purchasable","20":"product-type-simple"},"yoast_head":"<!-- This site is optimized with the Yoast SEO Premium plugin v27.3 (Yoast SEO v27.4) - https:\/\/yoast.com\/product\/yoast-seo-premium-wordpress\/ -->\n<title>SANFTE KAMILLE Bio-Kamillenbl\u00fcten lose | Nat\u00fcrlich beruhigend<\/title>\n<meta name=\"description\" content=\"Kamillenbl\u00fcten im Glas, 100% Natur. Biotees in ihrer reinsten Form. Geniessen Sie diese sanfte und beruhigende Tasse Tee und schalten Sie ab.\" \/>\n<meta name=\"robots\" content=\"index, follow, max-snippet:-1, max-image-preview:large, max-video-preview:-1\" \/>\n<link rel=\"canonical\" href=\"https:\/\/www.sempertea.eu\/de\/Produkte\/kamillenblueten-tee-zur-natuerlichen-entspannung\/\" \/>\n<meta property=\"og:locale\" content=\"de_DE\" \/>\n<meta property=\"og:type\" content=\"article\" \/>\n<meta property=\"og:title\" content=\"SANFTE KAMILLE Bio-Kamillenbl\u00fcten lose | Nat\u00fcrlicher beruhigender Kr\u00e4utertee\" \/>\n<meta property=\"og:description\" content=\"Kamillenbl\u00fcten im Glas, 100% Natur. Biotees in ihrer reinsten Form. Geniessen Sie diese sanfte und beruhigende Tasse Tee und schalten Sie ab.\" \/>\n<meta property=\"og:url\" content=\"https:\/\/www.sempertea.eu\/de\/Produkte\/kamillenblueten-tee-zur-natuerlichen-entspannung\/\" \/>\n<meta property=\"og:site_name\" content=\"Semper Tea | Mayorista y fabricante de T\u00e9s e Infusiones para hoteles, restaurantes y bares\" \/>\n<meta property=\"article:modified_time\" content=\"2025-07-09T15:51:56+00:00\" \/>\n<meta property=\"og:image\" content=\"https:\/\/www.sempertea.eu\/wp-content\/uploads\/2021\/08\/la-mejor-manzanilla-a-granel-semper-tea.jpg\" \/>\n<meta name=\"twitter:card\" content=\"summary_large_image\" \/>\n<meta name=\"twitter:image\" content=\"https:\/\/www.sempertea.eu\/wp-content\/uploads\/2021\/08\/gama-de-te-con-entrega-urgente-manzanilla-organica-semper-tea.jpg\" \/>\n<meta name=\"twitter:label1\" content=\"Gesch\u00e4tzte Lesezeit\" \/>\n\t<meta name=\"twitter:data1\" content=\"1\u00a0Minute\" \/>\n<script type=\"application\/ld+json\" class=\"yoast-schema-graph\">{\"@context\":\"https:\\\/\\\/schema.org\",\"@graph\":[{\"@type\":\"WebPage\",\"@id\":\"https:\\\/\\\/www.sempertea.eu\\\/de\\\/Produkte\\\/kamillenblueten-tee-zur-natuerlichen-entspannung\\\/\",\"url\":\"https:\\\/\\\/www.sempertea.eu\\\/de\\\/Produkte\\\/kamillenblueten-tee-zur-natuerlichen-entspannung\\\/\",\"name\":\"SANFTE KAMILLE Bio-Kamillenbl\u00fcten lose | Nat\u00fcrlich beruhigend\",\"isPartOf\":{\"@id\":\"https:\\\/\\\/www.sempertea.eu\\\/#website\"},\"primaryImageOfPage\":{\"@id\":\"https:\\\/\\\/www.sempertea.eu\\\/de\\\/Produkte\\\/kamillenblueten-tee-zur-natuerlichen-entspannung\\\/#primaryimage\"},\"image\":{\"@id\":\"https:\\\/\\\/www.sempertea.eu\\\/de\\\/Produkte\\\/kamillenblueten-tee-zur-natuerlichen-entspannung\\\/#primaryimage\"},\"thumbnailUrl\":\"https:\\\/\\\/www.sempertea.eu\\\/wp-content\\\/uploads\\\/2025\\\/07\\\/manzanilla-pura-ecologica-flor-hoja-infusion-detalle-natural-sempertea.jpg\",\"datePublished\":\"2022-08-14T19:12:49+00:00\",\"dateModified\":\"2025-07-09T15:51:56+00:00\",\"description\":\"Kamillenbl\u00fcten im Glas, 100% Natur. Biotees in ihrer reinsten Form. Geniessen Sie diese sanfte und beruhigende Tasse Tee und schalten Sie ab.\",\"breadcrumb\":{\"@id\":\"https:\\\/\\\/www.sempertea.eu\\\/de\\\/Produkte\\\/kamillenblueten-tee-zur-natuerlichen-entspannung\\\/#breadcrumb\"},\"inLanguage\":\"de\",\"potentialAction\":[{\"@type\":\"ReadAction\",\"target\":[\"https:\\\/\\\/www.sempertea.eu\\\/de\\\/Produkte\\\/kamillenblueten-tee-zur-natuerlichen-entspannung\\\/\"]}]},{\"@type\":\"ImageObject\",\"inLanguage\":\"de\",\"@id\":\"https:\\\/\\\/www.sempertea.eu\\\/de\\\/Produkte\\\/kamillenblueten-tee-zur-natuerlichen-entspannung\\\/#primaryimage\",\"url\":\"https:\\\/\\\/www.sempertea.eu\\\/wp-content\\\/uploads\\\/2025\\\/07\\\/manzanilla-pura-ecologica-flor-hoja-infusion-detalle-natural-sempertea.jpg\",\"contentUrl\":\"https:\\\/\\\/www.sempertea.eu\\\/wp-content\\\/uploads\\\/2025\\\/07\\\/manzanilla-pura-ecologica-flor-hoja-infusion-detalle-natural-sempertea.jpg\",\"width\":1000,\"height\":1000,\"caption\":\"Manzanilla ecol\u00f3gica pura \u2013 Flor entera en tarro de cristal para infusi\u00f3n o detalle natural\"},{\"@type\":\"BreadcrumbList\",\"@id\":\"https:\\\/\\\/www.sempertea.eu\\\/de\\\/Produkte\\\/kamillenblueten-tee-zur-natuerlichen-entspannung\\\/#breadcrumb\",\"itemListElement\":[{\"@type\":\"ListItem\",\"position\":1,\"name\":\"Portada\",\"item\":\"https:\\\/\\\/www.sempertea.eu\\\/de\\\/\"},{\"@type\":\"ListItem\",\"position\":2,\"name\":\"Shop\",\"item\":\"https:\\\/\\\/www.sempertea.eu\\\/de\\\/shop\\\/\"},{\"@type\":\"ListItem\",\"position\":3,\"name\":\"SANFTE KAMILLE Bio-Kamillenbl\u00fcten lose | Nat\u00fcrlicher beruhigender Kr\u00e4utertee\"}]},{\"@type\":\"WebSite\",\"@id\":\"https:\\\/\\\/www.sempertea.eu\\\/#website\",\"url\":\"https:\\\/\\\/www.sempertea.eu\\\/\",\"name\":\"Semper Tea | Mayorista y fabricante de T\u00e9s e Infusiones para hoteles, restaurantes y bares\",\"description\":\"T\u00e9s e infusiones para hosteler\u00eda, hoteler\u00eda y comercio\",\"potentialAction\":[{\"@type\":\"SearchAction\",\"target\":{\"@type\":\"EntryPoint\",\"urlTemplate\":\"https:\\\/\\\/www.sempertea.eu\\\/?s={search_term_string}\"},\"query-input\":{\"@type\":\"PropertyValueSpecification\",\"valueRequired\":true,\"valueName\":\"search_term_string\"}}],\"inLanguage\":\"de\"}]}<\/script>\n<!-- \/ Yoast SEO Premium plugin. -->","yoast_head_json":{"title":"SANFTE KAMILLE Bio-Kamillenbl\u00fcten lose | Nat\u00fcrlich beruhigend","description":"Kamillenbl\u00fcten im Glas, 100% Natur. Biotees in ihrer reinsten Form. Geniessen Sie diese sanfte und beruhigende Tasse Tee und schalten Sie ab.","robots":{"index":"index","follow":"follow","max-snippet":"max-snippet:-1","max-image-preview":"max-image-preview:large","max-video-preview":"max-video-preview:-1"},"canonical":"https:\/\/www.sempertea.eu\/de\/Produkte\/kamillenblueten-tee-zur-natuerlichen-entspannung\/","og_locale":"de_DE","og_type":"article","og_title":"SANFTE KAMILLE Bio-Kamillenbl\u00fcten lose | Nat\u00fcrlicher beruhigender Kr\u00e4utertee","og_description":"Kamillenbl\u00fcten im Glas, 100% Natur. Biotees in ihrer reinsten Form. Geniessen Sie diese sanfte und beruhigende Tasse Tee und schalten Sie ab.","og_url":"https:\/\/www.sempertea.eu\/de\/Produkte\/kamillenblueten-tee-zur-natuerlichen-entspannung\/","og_site_name":"Semper Tea | Mayorista y fabricante de T\u00e9s e Infusiones para hoteles, restaurantes y bares","article_modified_time":"2025-07-09T15:51:56+00:00","og_image":[{"url":"https:\/\/www.sempertea.eu\/wp-content\/uploads\/2021\/08\/la-mejor-manzanilla-a-granel-semper-tea.jpg","type":"","width":"","height":""}],"twitter_card":"summary_large_image","twitter_image":"https:\/\/www.sempertea.eu\/wp-content\/uploads\/2021\/08\/gama-de-te-con-entrega-urgente-manzanilla-organica-semper-tea.jpg","twitter_misc":{"Gesch\u00e4tzte Lesezeit":"1\u00a0Minute"},"schema":{"@context":"https:\/\/schema.org","@graph":[{"@type":"WebPage","@id":"https:\/\/www.sempertea.eu\/de\/Produkte\/kamillenblueten-tee-zur-natuerlichen-entspannung\/","url":"https:\/\/www.sempertea.eu\/de\/Produkte\/kamillenblueten-tee-zur-natuerlichen-entspannung\/","name":"SANFTE KAMILLE Bio-Kamillenbl\u00fcten lose | Nat\u00fcrlich beruhigend","isPartOf":{"@id":"https:\/\/www.sempertea.eu\/#website"},"primaryImageOfPage":{"@id":"https:\/\/www.sempertea.eu\/de\/Produkte\/kamillenblueten-tee-zur-natuerlichen-entspannung\/#primaryimage"},"image":{"@id":"https:\/\/www.sempertea.eu\/de\/Produkte\/kamillenblueten-tee-zur-natuerlichen-entspannung\/#primaryimage"},"thumbnailUrl":"https:\/\/www.sempertea.eu\/wp-content\/uploads\/2025\/07\/manzanilla-pura-ecologica-flor-hoja-infusion-detalle-natural-sempertea.jpg","datePublished":"2022-08-14T19:12:49+00:00","dateModified":"2025-07-09T15:51:56+00:00","description":"Kamillenbl\u00fcten im Glas, 100% Natur. Biotees in ihrer reinsten Form. Geniessen Sie diese sanfte und beruhigende Tasse Tee und schalten Sie ab.","breadcrumb":{"@id":"https:\/\/www.sempertea.eu\/de\/Produkte\/kamillenblueten-tee-zur-natuerlichen-entspannung\/#breadcrumb"},"inLanguage":"de","potentialAction":[{"@type":"ReadAction","target":["https:\/\/www.sempertea.eu\/de\/Produkte\/kamillenblueten-tee-zur-natuerlichen-entspannung\/"]}]},{"@type":"ImageObject","inLanguage":"de","@id":"https:\/\/www.sempertea.eu\/de\/Produkte\/kamillenblueten-tee-zur-natuerlichen-entspannung\/#primaryimage","url":"https:\/\/www.sempertea.eu\/wp-content\/uploads\/2025\/07\/manzanilla-pura-ecologica-flor-hoja-infusion-detalle-natural-sempertea.jpg","contentUrl":"https:\/\/www.sempertea.eu\/wp-content\/uploads\/2025\/07\/manzanilla-pura-ecologica-flor-hoja-infusion-detalle-natural-sempertea.jpg","width":1000,"height":1000,"caption":"Manzanilla ecol\u00f3gica pura \u2013 Flor entera en tarro de cristal para infusi\u00f3n o detalle natural"},{"@type":"BreadcrumbList","@id":"https:\/\/www.sempertea.eu\/de\/Produkte\/kamillenblueten-tee-zur-natuerlichen-entspannung\/#breadcrumb","itemListElement":[{"@type":"ListItem","position":1,"name":"Portada","item":"https:\/\/www.sempertea.eu\/de\/"},{"@type":"ListItem","position":2,"name":"Shop","item":"https:\/\/www.sempertea.eu\/de\/shop\/"},{"@type":"ListItem","position":3,"name":"SANFTE KAMILLE Bio-Kamillenbl\u00fcten lose | Nat\u00fcrlicher beruhigender Kr\u00e4utertee"}]},{"@type":"WebSite","@id":"https:\/\/www.sempertea.eu\/#website","url":"https:\/\/www.sempertea.eu\/","name":"Semper Tea | Mayorista y fabricante de T\u00e9s e Infusiones para hoteles, restaurantes y bares","description":"T\u00e9s e infusiones para hosteler\u00eda, hoteler\u00eda y comercio","potentialAction":[{"@type":"SearchAction","target":{"@type":"EntryPoint","urlTemplate":"https:\/\/www.sempertea.eu\/?s={search_term_string}"},"query-input":{"@type":"PropertyValueSpecification","valueRequired":true,"valueName":"search_term_string"}}],"inLanguage":"de"}]}},"_links":{"self":[{"href":"https:\/\/www.sempertea.eu\/de\/wp-json\/wp\/v2\/product\/5307","targetHints":{"allow":["GET"]}}],"collection":[{"href":"https:\/\/www.sempertea.eu\/de\/wp-json\/wp\/v2\/product"}],"about":[{"href":"https:\/\/www.sempertea.eu\/de\/wp-json\/wp\/v2\/types\/product"}],"replies":[{"embeddable":true,"href":"https:\/\/www.sempertea.eu\/de\/wp-json\/wp\/v2\/comments?post=5307"}],"wp:featuredmedia":[{"embeddable":true,"href":"https:\/\/www.sempertea.eu\/de\/wp-json\/wp\/v2\/media\/16918"}],"wp:attachment":[{"href":"https:\/\/www.sempertea.eu\/de\/wp-json\/wp\/v2\/media?parent=5307"}],"wp:term":[{"taxonomy":"product_brand","embeddable":true,"href":"https:\/\/www.sempertea.eu\/de\/wp-json\/wp\/v2\/product_brand?post=5307"},{"taxonomy":"product_cat","embeddable":true,"href":"https:\/\/www.sempertea.eu\/de\/wp-json\/wp\/v2\/product_cat?post=5307"},{"taxonomy":"product_tag","embeddable":true,"href":"https:\/\/www.sempertea.eu\/de\/wp-json\/wp\/v2\/product_tag?post=5307"}],"curies":[{"name":"wp","href":"https:\/\/api.w.org\/{rel}","templated":true}]}}