{"id":5299,"date":"2021-07-06T13:44:11","date_gmt":"2022-08-12T21:44:17","guid":{"rendered":"https:\/\/www.sempertea.eu\/rooibos-bio-kraeutertee-i-teebeutel\/"},"modified":"2023-07-29T19:53:39","modified_gmt":"2023-07-29T18:53:39","slug":"rooibos-tee-in-bio-kaufen-ohne-koffein","status":"publish","type":"product","link":"https:\/\/www.sempertea.eu\/de\/Produkte\/rooibos-tee-in-bio-kaufen-ohne-koffein\/","title":{"rendered":"ROOIBOS Biotee I Teebeutel"},"content":{"rendered":"<h2>Entdecken Sie den k\u00f6stlichen Rooibos-Tee: Von den Cederbergen in Ihre Tasse<\/h2>\n<p>Die Rooibos-Pflanze, wissenschaftlich bekannt als Aspalathus linearis, stammt aus den Cederbergen in der N\u00e4he von Kapstadt, S\u00fcdafrika, wo sie wild w\u00e4chst. Heutzutage haben sich die Rooibos-Anbauer auf andere Regionen des Landes ausgedehnt, um die weltweite Nachfrage nach diesem einzigartigen Tee zu befriedigen.<\/p>\n<p>Die Rooibos-Pflanze, die unter rauen Bedingungen mit saurem Boden und extremen Temperaturschwankungen gedeiht, \u00e4hnelt mit ihren langen, d\u00fcnnen, <strong>nadelartigen Bl\u00e4ttern<\/strong> einem Strauch. Im zeitigen Fr\u00fchjahr bl\u00fcht sie mit gelben Bl\u00fcten, die jeweils eine H\u00fclsenfrucht mit einem einzigen Samen hervorbringen. Fr\u00fcher waren die Sammler von Rooibos auf Ameisenh\u00fcgel angewiesen, um die Samen zu finden. Heute sammeln die Bauern die Samen, indem sie den Boden um die Pflanze herum durchsieben.<\/p>\n<p>Rooibos wird auf \u00e4hnliche Weise geerntet und verarbeitet wie die Teepflanze. Die Bl\u00e4tter werden <strong>von Hand gepfl\u00fcckt,<\/strong> sortiert, geschnitten und fermentiert, wodurch sie ihre charakteristische r\u00f6tliche Farbe erhalten. Je st\u00e4rker die Oxidation, desto r\u00f6ter, s\u00fc\u00dfer und reicher der Geschmack.<\/p>\n<p>In unserem Online-Teeshop k\u00f6nnen Sie den Charme von Rooibos-Tee mit unseren <strong>Bio-Teebeuteln in Umschl\u00e4gen<\/strong> erleben. Jede Packung enth\u00e4lt 25 Teebeutel und sorgt f\u00fcr ein bequemes und k\u00f6stliches Teekonsum-Erlebnis. Entdecken Sie die nat\u00fcrliche G\u00fcte des Rooibos-Tees und genie\u00dfen Sie seine <strong>koffeinfreien und geschmackvollen Eigenschaften<\/strong>.<\/p>\n","protected":false},"excerpt":{"rendered":"<p><strong>Erdig sanft mit einer leichten S\u00fc\u00dfe &#8211; koffeinfrei<\/strong><\/p>\n<p>Dieser koffeinfreie Rooibos Tee hat eine leichte S\u00fc\u00dfe, ein mildes erdiges Aroma und einen einzigartigen Duft. Aus dem magischen S\u00fcdafrika stammend, ist Rooibos Tee in seiner nat\u00fcrlichsten Form \u2013 koffeinfrei und ideal f\u00fcr die entspannten Stunden am Tag.<\/p>\n<p>&nbsp;<\/p>\n","protected":false},"featured_media":4120,"comment_status":"open","ping_status":"closed","template":"","meta":[],"product_brand":[],"product_cat":[115,116,114,126,113,124,125,122,108],"product_tag":[],"class_list":{"0":"post-5299","1":"product","2":"type-product","3":"status-publish","4":"has-post-thumbnail","6":"product_cat-alle-de","7":"product_cat-alle-de-2","8":"product_cat-alle","9":"product_cat-aufgussbeutel-teebeutel-tee-im-beutel-biotee-klassischer-tee","10":"product_cat-biotees-sortiment-online-kaufen","11":"product_cat-teesortiment-formate-packaging-attraktiv-biotees-verpackung","12":"product_cat-pearl-teebeutel-aufgussbeutel-bio-tee-teebeutel-teesortiment","13":"product_cat-rooibos-tee-erdig-koffein-frei-biotee-sudafrika-rotbusch","14":"product_cat-sortiment-tee-packaging-verpackung-attraktiv-biotees-design","16":"first","17":"instock","18":"shipping-taxable","19":"purchasable","20":"product-type-simple"},"yoast_head":"<!-- This site is optimized with the Yoast SEO Premium plugin v27.3 (Yoast SEO v27.4) - https:\/\/yoast.com\/product\/yoast-seo-premium-wordpress\/ -->\n<title>Rooibos Tee koffeinfrei | Bio Kr\u00e4utertees online kaufen I Semper Tea<\/title>\n<meta name=\"description\" content=\"Rooibos Tee ist erdig sanft mit einer leichte S\u00fc\u00dfe und ganz ohne Koffein. Entdecken Sie unser Biotee Sortiment im klassischen Aufgussbeutel.\" \/>\n<meta name=\"robots\" content=\"index, follow, max-snippet:-1, max-image-preview:large, max-video-preview:-1\" \/>\n<link rel=\"canonical\" href=\"https:\/\/www.sempertea.eu\/Produkte\/te-rooibos-ecologico-en-sobre-comprar-te-organico\/\" \/>\n<meta property=\"og:locale\" content=\"de_DE\" \/>\n<meta property=\"og:type\" content=\"article\" \/>\n<meta property=\"og:title\" content=\"ROOIBOS Biotee I Teebeutel\" \/>\n<meta property=\"og:description\" content=\"Rooibos Tee ist erdig sanft mit einer leichte S\u00fc\u00dfe und ganz ohne Koffein. Entdecken Sie unser Biotee Sortiment im klassischen Aufgussbeutel.\" \/>\n<meta property=\"og:url\" content=\"https:\/\/www.sempertea.eu\/Produkte\/te-rooibos-ecologico-en-sobre-comprar-te-organico\/\" \/>\n<meta property=\"og:site_name\" content=\"Semper Tea | Mayorista y fabricante de T\u00e9s e Infusiones para hoteles, restaurantes y bares\" \/>\n<meta property=\"article:modified_time\" content=\"2023-07-29T18:53:39+00:00\" \/>\n<meta property=\"og:image\" content=\"https:\/\/www.sempertea.eu\/wp-content\/uploads\/2021\/07\/rooibos-en-bolsa-de-te-semper-tea.jpg\" \/>\n<meta name=\"twitter:card\" content=\"summary_large_image\" \/>\n<meta name=\"twitter:image\" content=\"https:\/\/www.sempertea.eu\/wp-content\/uploads\/2021\/07\/rooibos-en-bolsa-de-te-semper-tea.jpg\" \/>\n<meta name=\"twitter:label1\" content=\"Gesch\u00e4tzte Lesezeit\" \/>\n\t<meta name=\"twitter:data1\" content=\"1\u00a0Minute\" \/>\n<script type=\"application\/ld+json\" class=\"yoast-schema-graph\">{\"@context\":\"https:\\\/\\\/schema.org\",\"@graph\":[{\"@type\":\"WebPage\",\"@id\":\"https:\\\/\\\/www.sempertea.eu\\\/Produkte\\\/te-rooibos-ecologico-en-sobre-comprar-te-organico\\\/\",\"url\":\"https:\\\/\\\/www.sempertea.eu\\\/Produkte\\\/te-rooibos-ecologico-en-sobre-comprar-te-organico\\\/\",\"name\":\"Rooibos Tee koffeinfrei | Bio Kr\u00e4utertees online kaufen I Semper Tea\",\"isPartOf\":{\"@id\":\"https:\\\/\\\/www.sempertea.eu\\\/#website\"},\"primaryImageOfPage\":{\"@id\":\"https:\\\/\\\/www.sempertea.eu\\\/Produkte\\\/te-rooibos-ecologico-en-sobre-comprar-te-organico\\\/#primaryimage\"},\"image\":{\"@id\":\"https:\\\/\\\/www.sempertea.eu\\\/Produkte\\\/te-rooibos-ecologico-en-sobre-comprar-te-organico\\\/#primaryimage\"},\"thumbnailUrl\":\"https:\\\/\\\/www.sempertea.eu\\\/wp-content\\\/uploads\\\/2021\\\/07\\\/rooibos-donde-comprar-en-espana-semper-tea.jpg\",\"datePublished\":\"2022-08-12T21:44:17+00:00\",\"dateModified\":\"2023-07-29T18:53:39+00:00\",\"description\":\"Rooibos Tee ist erdig sanft mit einer leichte S\u00fc\u00dfe und ganz ohne Koffein. Entdecken Sie unser Biotee Sortiment im klassischen Aufgussbeutel.\",\"breadcrumb\":{\"@id\":\"https:\\\/\\\/www.sempertea.eu\\\/Produkte\\\/te-rooibos-ecologico-en-sobre-comprar-te-organico\\\/#breadcrumb\"},\"inLanguage\":\"de\",\"potentialAction\":[{\"@type\":\"ReadAction\",\"target\":[\"https:\\\/\\\/www.sempertea.eu\\\/Produkte\\\/te-rooibos-ecologico-en-sobre-comprar-te-organico\\\/\"]}]},{\"@type\":\"ImageObject\",\"inLanguage\":\"de\",\"@id\":\"https:\\\/\\\/www.sempertea.eu\\\/Produkte\\\/te-rooibos-ecologico-en-sobre-comprar-te-organico\\\/#primaryimage\",\"url\":\"https:\\\/\\\/www.sempertea.eu\\\/wp-content\\\/uploads\\\/2021\\\/07\\\/rooibos-donde-comprar-en-espana-semper-tea.jpg\",\"contentUrl\":\"https:\\\/\\\/www.sempertea.eu\\\/wp-content\\\/uploads\\\/2021\\\/07\\\/rooibos-donde-comprar-en-espana-semper-tea.jpg\",\"width\":1500,\"height\":1500,\"caption\":\"rotbusch tee koffein semper tea\"},{\"@type\":\"BreadcrumbList\",\"@id\":\"https:\\\/\\\/www.sempertea.eu\\\/Produkte\\\/te-rooibos-ecologico-en-sobre-comprar-te-organico\\\/#breadcrumb\",\"itemListElement\":[{\"@type\":\"ListItem\",\"position\":1,\"name\":\"Portada\",\"item\":\"https:\\\/\\\/www.sempertea.eu\\\/de\\\/\"},{\"@type\":\"ListItem\",\"position\":2,\"name\":\"Shop\",\"item\":\"https:\\\/\\\/www.sempertea.eu\\\/de\\\/shop\\\/\"},{\"@type\":\"ListItem\",\"position\":3,\"name\":\"ROOIBOS Biotee I Teebeutel\"}]},{\"@type\":\"WebSite\",\"@id\":\"https:\\\/\\\/www.sempertea.eu\\\/#website\",\"url\":\"https:\\\/\\\/www.sempertea.eu\\\/\",\"name\":\"Semper Tea | Mayorista y fabricante de T\u00e9s e Infusiones para hoteles, restaurantes y bares\",\"description\":\"T\u00e9s e infusiones para hosteler\u00eda, hoteler\u00eda y comercio\",\"potentialAction\":[{\"@type\":\"SearchAction\",\"target\":{\"@type\":\"EntryPoint\",\"urlTemplate\":\"https:\\\/\\\/www.sempertea.eu\\\/?s={search_term_string}\"},\"query-input\":{\"@type\":\"PropertyValueSpecification\",\"valueRequired\":true,\"valueName\":\"search_term_string\"}}],\"inLanguage\":\"de\"}]}<\/script>\n<!-- \/ Yoast SEO Premium plugin. -->","yoast_head_json":{"title":"Rooibos Tee koffeinfrei | Bio Kr\u00e4utertees online kaufen I Semper Tea","description":"Rooibos Tee ist erdig sanft mit einer leichte S\u00fc\u00dfe und ganz ohne Koffein. Entdecken Sie unser Biotee Sortiment im klassischen Aufgussbeutel.","robots":{"index":"index","follow":"follow","max-snippet":"max-snippet:-1","max-image-preview":"max-image-preview:large","max-video-preview":"max-video-preview:-1"},"canonical":"https:\/\/www.sempertea.eu\/Produkte\/te-rooibos-ecologico-en-sobre-comprar-te-organico\/","og_locale":"de_DE","og_type":"article","og_title":"ROOIBOS Biotee I Teebeutel","og_description":"Rooibos Tee ist erdig sanft mit einer leichte S\u00fc\u00dfe und ganz ohne Koffein. Entdecken Sie unser Biotee Sortiment im klassischen Aufgussbeutel.","og_url":"https:\/\/www.sempertea.eu\/Produkte\/te-rooibos-ecologico-en-sobre-comprar-te-organico\/","og_site_name":"Semper Tea | Mayorista y fabricante de T\u00e9s e Infusiones para hoteles, restaurantes y bares","article_modified_time":"2023-07-29T18:53:39+00:00","og_image":[{"url":"https:\/\/www.sempertea.eu\/wp-content\/uploads\/2021\/07\/rooibos-en-bolsa-de-te-semper-tea.jpg","type":"","width":"","height":""}],"twitter_card":"summary_large_image","twitter_image":"https:\/\/www.sempertea.eu\/wp-content\/uploads\/2021\/07\/rooibos-en-bolsa-de-te-semper-tea.jpg","twitter_misc":{"Gesch\u00e4tzte Lesezeit":"1\u00a0Minute"},"schema":{"@context":"https:\/\/schema.org","@graph":[{"@type":"WebPage","@id":"https:\/\/www.sempertea.eu\/Produkte\/te-rooibos-ecologico-en-sobre-comprar-te-organico\/","url":"https:\/\/www.sempertea.eu\/Produkte\/te-rooibos-ecologico-en-sobre-comprar-te-organico\/","name":"Rooibos Tee koffeinfrei | Bio Kr\u00e4utertees online kaufen I Semper Tea","isPartOf":{"@id":"https:\/\/www.sempertea.eu\/#website"},"primaryImageOfPage":{"@id":"https:\/\/www.sempertea.eu\/Produkte\/te-rooibos-ecologico-en-sobre-comprar-te-organico\/#primaryimage"},"image":{"@id":"https:\/\/www.sempertea.eu\/Produkte\/te-rooibos-ecologico-en-sobre-comprar-te-organico\/#primaryimage"},"thumbnailUrl":"https:\/\/www.sempertea.eu\/wp-content\/uploads\/2021\/07\/rooibos-donde-comprar-en-espana-semper-tea.jpg","datePublished":"2022-08-12T21:44:17+00:00","dateModified":"2023-07-29T18:53:39+00:00","description":"Rooibos Tee ist erdig sanft mit einer leichte S\u00fc\u00dfe und ganz ohne Koffein. Entdecken Sie unser Biotee Sortiment im klassischen Aufgussbeutel.","breadcrumb":{"@id":"https:\/\/www.sempertea.eu\/Produkte\/te-rooibos-ecologico-en-sobre-comprar-te-organico\/#breadcrumb"},"inLanguage":"de","potentialAction":[{"@type":"ReadAction","target":["https:\/\/www.sempertea.eu\/Produkte\/te-rooibos-ecologico-en-sobre-comprar-te-organico\/"]}]},{"@type":"ImageObject","inLanguage":"de","@id":"https:\/\/www.sempertea.eu\/Produkte\/te-rooibos-ecologico-en-sobre-comprar-te-organico\/#primaryimage","url":"https:\/\/www.sempertea.eu\/wp-content\/uploads\/2021\/07\/rooibos-donde-comprar-en-espana-semper-tea.jpg","contentUrl":"https:\/\/www.sempertea.eu\/wp-content\/uploads\/2021\/07\/rooibos-donde-comprar-en-espana-semper-tea.jpg","width":1500,"height":1500,"caption":"rotbusch tee koffein semper tea"},{"@type":"BreadcrumbList","@id":"https:\/\/www.sempertea.eu\/Produkte\/te-rooibos-ecologico-en-sobre-comprar-te-organico\/#breadcrumb","itemListElement":[{"@type":"ListItem","position":1,"name":"Portada","item":"https:\/\/www.sempertea.eu\/de\/"},{"@type":"ListItem","position":2,"name":"Shop","item":"https:\/\/www.sempertea.eu\/de\/shop\/"},{"@type":"ListItem","position":3,"name":"ROOIBOS Biotee I Teebeutel"}]},{"@type":"WebSite","@id":"https:\/\/www.sempertea.eu\/#website","url":"https:\/\/www.sempertea.eu\/","name":"Semper Tea | Mayorista y fabricante de T\u00e9s e Infusiones para hoteles, restaurantes y bares","description":"T\u00e9s e infusiones para hosteler\u00eda, hoteler\u00eda y comercio","potentialAction":[{"@type":"SearchAction","target":{"@type":"EntryPoint","urlTemplate":"https:\/\/www.sempertea.eu\/?s={search_term_string}"},"query-input":{"@type":"PropertyValueSpecification","valueRequired":true,"valueName":"search_term_string"}}],"inLanguage":"de"}]}},"_links":{"self":[{"href":"https:\/\/www.sempertea.eu\/de\/wp-json\/wp\/v2\/product\/5299","targetHints":{"allow":["GET"]}}],"collection":[{"href":"https:\/\/www.sempertea.eu\/de\/wp-json\/wp\/v2\/product"}],"about":[{"href":"https:\/\/www.sempertea.eu\/de\/wp-json\/wp\/v2\/types\/product"}],"replies":[{"embeddable":true,"href":"https:\/\/www.sempertea.eu\/de\/wp-json\/wp\/v2\/comments?post=5299"}],"wp:featuredmedia":[{"embeddable":true,"href":"https:\/\/www.sempertea.eu\/de\/wp-json\/wp\/v2\/media\/4120"}],"wp:attachment":[{"href":"https:\/\/www.sempertea.eu\/de\/wp-json\/wp\/v2\/media?parent=5299"}],"wp:term":[{"taxonomy":"product_brand","embeddable":true,"href":"https:\/\/www.sempertea.eu\/de\/wp-json\/wp\/v2\/product_brand?post=5299"},{"taxonomy":"product_cat","embeddable":true,"href":"https:\/\/www.sempertea.eu\/de\/wp-json\/wp\/v2\/product_cat?post=5299"},{"taxonomy":"product_tag","embeddable":true,"href":"https:\/\/www.sempertea.eu\/de\/wp-json\/wp\/v2\/product_tag?post=5299"}],"curies":[{"name":"wp","href":"https:\/\/api.w.org\/{rel}","templated":true}]}}