{"id":5298,"date":"2021-05-16T16:14:52","date_gmt":"2022-08-12T21:32:48","guid":{"rendered":"https:\/\/www.sempertea.eu\/pu-erh-bio-roter-tee-i-teebeutel\/"},"modified":"2023-07-29T19:23:56","modified_gmt":"2023-07-29T18:23:56","slug":"pu-erh-tee-bio-roter-tee-in-teebeutel","status":"publish","type":"product","link":"https:\/\/www.sempertea.eu\/de\/Produkte\/pu-erh-tee-bio-roter-tee-in-teebeutel\/","title":{"rendered":"PU-ERH Biotee I Teebeutel"},"content":{"rendered":"<h2>Eigenschaften von Rotem Tee<\/h2>\n<p>Roter Tee, der aus China stammt, ist seit Tausenden von Jahren f\u00fcr seine <strong>gesundheitsf\u00f6rdernden Eigenschaften<\/strong> bekannt und wird als Heilmittel zur Vorbeugung von Krankheiten und f\u00fcr das allgemeine Wohlbefinden eingesetzt. Vor allem Pu-Erh-Tee bietet ein einzigartiges und befriedigendes Teeerlebnis.<\/p>\n<p>Es ist sehr empfehlenswert, Tee in die t\u00e4gliche Routine einzubauen, vor allem wegen seiner positiven Auswirkungen auf die Ern\u00e4hrung. Obwohl alle Teesorten gro\u00dfe Vorteile bieten, hat insbesondere roter Tee eine Vielzahl von Vorteilen. Hier sind einige von ihnen:<\/p>\n<h3>Reguliert den Cholesterinspiegel und unterst\u00fctzt die Gewichtsabnahme<\/h3>\n<p>Mehrere Studien haben gezeigt, dass der regelm\u00e4\u00dfige Genuss von rotem Tee die<strong> Verdauung anregt<\/strong>, insbesondere nach fettreichen Mahlzeiten, und zur Regulierung des Cholesterinspiegels beitr\u00e4gt (senkt das schlechte Cholesterin und erh\u00f6ht das gute Cholesterin). Er kann also eine ideale Wahl f\u00fcr die Tage sein, an denen wir uns nicht gesund ern\u00e4hren (was wir als Junk Food kennen).<\/p>\n<h4><strong>Er hat zahlreiche harntreibende Eigenschaften<\/strong><\/h4>\n<p>Der t\u00e4gliche Genuss einer Tasse <strong>roten Pu-erh-Tees<\/strong>, der in einem klassischen Teebeutel mit 25 Teebeuteln erh\u00e4ltlich ist, wirkt als hochwirksames Diuretikum, das die Urinproduktion anregt und den K\u00f6rper bei der Ausscheidung von Wassereinlagerungen unterst\u00fctzt.<\/p>\n<h3>Hilft dem zentralen Nervensystem<\/h3>\n<p>Es wird angenommen, dass roter Tee <strong>neuroprotektive Eigenschaften<\/strong> besitzt, die m\u00f6glicherweise dazu beitragen, neurodegenerativen Erkrankungen wie Alzheimer und Parkinson vorzubeugen, die das zentrale Nervensystem und kognitive St\u00f6rungen beeintr\u00e4chtigen. Er kann auch <strong>Menschen mit leichten Depressionen<\/strong> helfen, indem er auf das zentrale Nervensystem einwirkt, das alle Informationen und Funktionen im K\u00f6rper verarbeitet.<\/p>\n<h4>Hilft bei der Senkung des Blutzuckerspiegels<\/h4>\n<p>Sein Verzehr ist bei Typ-II-Diabetes geeignet, solange er nicht in \u00fcberm\u00e4\u00dfigen Mengen konsumiert wird, da er ein hervorragender Verb\u00fcndeter ist, um die Reaktion des K\u00f6rpers auf Insulin zu verbessern. Entdecken Sie die erdigen und komplexen Aromen des Pu-Erh-Tees und kaufen Sie <strong>Bio-Tee f\u00fcr ein verj\u00fcngendes Erlebnis<\/strong>. Finden Sie Pu-Erh-Tee in einem klassischen Teebeutel mit 25 Teebeuteln in unserem Online-Shop.<\/p>\n","protected":false},"excerpt":{"rendered":"<p><strong>Erdig, robust und komplex<\/strong><\/p>\n<p>Unser Pu-Erh Tee ist eine kr\u00e4ftigere Teesorte. Er ist als der \u00e4lteste Tee der Welt bekannt und wegen seines Aromas und Geschmacks, einer der am meist konsumierten Tees im asiatischen Raum. Der lange Teilg\u00e4rungsprozess und seine Reife sind f\u00fcr die r\u00f6tliche Farbe und das erdige Aroma verantwortlich. Ein wunderbarer robuster und komplexer Tee.<\/p>\n<p>&nbsp;<\/p>\n","protected":false},"featured_media":4080,"comment_status":"open","ping_status":"closed","template":"","meta":[],"product_brand":[],"product_cat":[115,116,114,126,113,124,125,121,108],"product_tag":[],"class_list":{"0":"post-5298","1":"product","2":"type-product","3":"status-publish","4":"has-post-thumbnail","6":"product_cat-alle-de","7":"product_cat-alle-de-2","8":"product_cat-alle","9":"product_cat-aufgussbeutel-teebeutel-tee-im-beutel-biotee-klassischer-tee","10":"product_cat-biotees-sortiment-online-kaufen","11":"product_cat-teesortiment-formate-packaging-attraktiv-biotees-verpackung","12":"product_cat-pearl-teebeutel-aufgussbeutel-bio-tee-teebeutel-teesortiment","13":"product_cat-excellenter-pu-erh-bio-tee-kaufen","14":"product_cat-sortiment-tee-packaging-verpackung-attraktiv-biotees-design","16":"first","17":"instock","18":"shipping-taxable","19":"purchasable","20":"product-type-simple"},"yoast_head":"<!-- This site is optimized with the Yoast SEO Premium plugin v27.3 (Yoast SEO v27.3) - https:\/\/yoast.com\/product\/yoast-seo-premium-wordpress\/ -->\n<title>PU-ERH Tee in Bio | Gesundheitliche Vorteile | im Aufgussbeutel<\/title>\n<meta name=\"description\" content=\"Pu-erh Tee schmeckt robust, erdig und kr\u00e4ftig. Er wird auch Roter Tee genannt und hat viele gesundheitliche Vorteile. Pu-erh bio im Teebeutel\" \/>\n<meta name=\"robots\" content=\"index, follow, max-snippet:-1, max-image-preview:large, max-video-preview:-1\" \/>\n<link rel=\"canonical\" href=\"https:\/\/www.sempertea.eu\/Produkte\/pu-erh-te-rojo-en-bolsita-clasica\/\" \/>\n<meta property=\"og:locale\" content=\"de_DE\" \/>\n<meta property=\"og:type\" content=\"article\" \/>\n<meta property=\"og:title\" content=\"PU-ERH Biotee I Teebeutel\" \/>\n<meta property=\"og:description\" content=\"Pu-erh Tee schmeckt robust, erdig und kr\u00e4ftig. Er wird auch Roter Tee genannt und hat viele gesundheitliche Vorteile. Pu-erh bio im Teebeutel\" \/>\n<meta property=\"og:url\" content=\"https:\/\/www.sempertea.eu\/Produkte\/pu-erh-te-rojo-en-bolsita-clasica\/\" \/>\n<meta property=\"og:site_name\" content=\"Semper Tea | Mayorista y fabricante de T\u00e9s e Infusiones para hoteles, restaurantes y bares\" \/>\n<meta property=\"article:modified_time\" content=\"2023-07-29T18:23:56+00:00\" \/>\n<meta property=\"og:image\" content=\"https:\/\/www.sempertea.eu\/wp-content\/uploads\/2021\/04\/english-breakfast-te-ingles-ecologico-en-bolsas-comprar-te-online-semper-tea.jpg\" \/>\n<meta name=\"twitter:card\" content=\"summary_large_image\" \/>\n<meta name=\"twitter:image\" content=\"https:\/\/www.sempertea.eu\/wp-content\/uploads\/2021\/04\/te-english-breakfast-te-ingles-marcas-bio-semper-tea.jpg\" \/>\n<meta name=\"twitter:label1\" content=\"Gesch\u00e4tzte Lesezeit\" \/>\n\t<meta name=\"twitter:data1\" content=\"2\u00a0Minuten\" \/>\n<script type=\"application\/ld+json\" class=\"yoast-schema-graph\">{\"@context\":\"https:\\\/\\\/schema.org\",\"@graph\":[{\"@type\":\"WebPage\",\"@id\":\"https:\\\/\\\/www.sempertea.eu\\\/Produkte\\\/pu-erh-te-rojo-en-bolsita-clasica\\\/\",\"url\":\"https:\\\/\\\/www.sempertea.eu\\\/Produkte\\\/pu-erh-te-rojo-en-bolsita-clasica\\\/\",\"name\":\"PU-ERH Tee in Bio | Gesundheitliche Vorteile | im Aufgussbeutel\",\"isPartOf\":{\"@id\":\"https:\\\/\\\/www.sempertea.eu\\\/#website\"},\"primaryImageOfPage\":{\"@id\":\"https:\\\/\\\/www.sempertea.eu\\\/Produkte\\\/pu-erh-te-rojo-en-bolsita-clasica\\\/#primaryimage\"},\"image\":{\"@id\":\"https:\\\/\\\/www.sempertea.eu\\\/Produkte\\\/pu-erh-te-rojo-en-bolsita-clasica\\\/#primaryimage\"},\"thumbnailUrl\":\"https:\\\/\\\/www.sempertea.eu\\\/wp-content\\\/uploads\\\/2021\\\/05\\\/pu-erh-te-rojo-semper-tea.jpg\",\"datePublished\":\"2022-08-12T21:32:48+00:00\",\"dateModified\":\"2023-07-29T18:23:56+00:00\",\"description\":\"Pu-erh Tee schmeckt robust, erdig und kr\u00e4ftig. Er wird auch Roter Tee genannt und hat viele gesundheitliche Vorteile. Pu-erh bio im Teebeutel\",\"breadcrumb\":{\"@id\":\"https:\\\/\\\/www.sempertea.eu\\\/Produkte\\\/pu-erh-te-rojo-en-bolsita-clasica\\\/#breadcrumb\"},\"inLanguage\":\"de\",\"potentialAction\":[{\"@type\":\"ReadAction\",\"target\":[\"https:\\\/\\\/www.sempertea.eu\\\/Produkte\\\/pu-erh-te-rojo-en-bolsita-clasica\\\/\"]}]},{\"@type\":\"ImageObject\",\"inLanguage\":\"de\",\"@id\":\"https:\\\/\\\/www.sempertea.eu\\\/Produkte\\\/pu-erh-te-rojo-en-bolsita-clasica\\\/#primaryimage\",\"url\":\"https:\\\/\\\/www.sempertea.eu\\\/wp-content\\\/uploads\\\/2021\\\/05\\\/pu-erh-te-rojo-semper-tea.jpg\",\"contentUrl\":\"https:\\\/\\\/www.sempertea.eu\\\/wp-content\\\/uploads\\\/2021\\\/05\\\/pu-erh-te-rojo-semper-tea.jpg\",\"width\":1500,\"height\":1500,\"caption\":\"pu erh tee kaufen semper tea\"},{\"@type\":\"BreadcrumbList\",\"@id\":\"https:\\\/\\\/www.sempertea.eu\\\/Produkte\\\/pu-erh-te-rojo-en-bolsita-clasica\\\/#breadcrumb\",\"itemListElement\":[{\"@type\":\"ListItem\",\"position\":1,\"name\":\"Portada\",\"item\":\"https:\\\/\\\/www.sempertea.eu\\\/de\\\/\"},{\"@type\":\"ListItem\",\"position\":2,\"name\":\"Shop\",\"item\":\"https:\\\/\\\/www.sempertea.eu\\\/de\\\/shop\\\/\"},{\"@type\":\"ListItem\",\"position\":3,\"name\":\"PU-ERH Biotee I Teebeutel\"}]},{\"@type\":\"WebSite\",\"@id\":\"https:\\\/\\\/www.sempertea.eu\\\/#website\",\"url\":\"https:\\\/\\\/www.sempertea.eu\\\/\",\"name\":\"Semper Tea | Mayorista y fabricante de T\u00e9s e Infusiones para hoteles, restaurantes y bares\",\"description\":\"T\u00e9s e infusiones para hosteler\u00eda, hoteler\u00eda y comercio\",\"potentialAction\":[{\"@type\":\"SearchAction\",\"target\":{\"@type\":\"EntryPoint\",\"urlTemplate\":\"https:\\\/\\\/www.sempertea.eu\\\/?s={search_term_string}\"},\"query-input\":{\"@type\":\"PropertyValueSpecification\",\"valueRequired\":true,\"valueName\":\"search_term_string\"}}],\"inLanguage\":\"de\"}]}<\/script>\n<!-- \/ Yoast SEO Premium plugin. -->","yoast_head_json":{"title":"PU-ERH Tee in Bio | Gesundheitliche Vorteile | im Aufgussbeutel","description":"Pu-erh Tee schmeckt robust, erdig und kr\u00e4ftig. Er wird auch Roter Tee genannt und hat viele gesundheitliche Vorteile. Pu-erh bio im Teebeutel","robots":{"index":"index","follow":"follow","max-snippet":"max-snippet:-1","max-image-preview":"max-image-preview:large","max-video-preview":"max-video-preview:-1"},"canonical":"https:\/\/www.sempertea.eu\/Produkte\/pu-erh-te-rojo-en-bolsita-clasica\/","og_locale":"de_DE","og_type":"article","og_title":"PU-ERH Biotee I Teebeutel","og_description":"Pu-erh Tee schmeckt robust, erdig und kr\u00e4ftig. Er wird auch Roter Tee genannt und hat viele gesundheitliche Vorteile. Pu-erh bio im Teebeutel","og_url":"https:\/\/www.sempertea.eu\/Produkte\/pu-erh-te-rojo-en-bolsita-clasica\/","og_site_name":"Semper Tea | Mayorista y fabricante de T\u00e9s e Infusiones para hoteles, restaurantes y bares","article_modified_time":"2023-07-29T18:23:56+00:00","og_image":[{"url":"https:\/\/www.sempertea.eu\/wp-content\/uploads\/2021\/04\/english-breakfast-te-ingles-ecologico-en-bolsas-comprar-te-online-semper-tea.jpg","type":"","width":"","height":""}],"twitter_card":"summary_large_image","twitter_image":"https:\/\/www.sempertea.eu\/wp-content\/uploads\/2021\/04\/te-english-breakfast-te-ingles-marcas-bio-semper-tea.jpg","twitter_misc":{"Gesch\u00e4tzte Lesezeit":"2\u00a0Minuten"},"schema":{"@context":"https:\/\/schema.org","@graph":[{"@type":"WebPage","@id":"https:\/\/www.sempertea.eu\/Produkte\/pu-erh-te-rojo-en-bolsita-clasica\/","url":"https:\/\/www.sempertea.eu\/Produkte\/pu-erh-te-rojo-en-bolsita-clasica\/","name":"PU-ERH Tee in Bio | Gesundheitliche Vorteile | im Aufgussbeutel","isPartOf":{"@id":"https:\/\/www.sempertea.eu\/#website"},"primaryImageOfPage":{"@id":"https:\/\/www.sempertea.eu\/Produkte\/pu-erh-te-rojo-en-bolsita-clasica\/#primaryimage"},"image":{"@id":"https:\/\/www.sempertea.eu\/Produkte\/pu-erh-te-rojo-en-bolsita-clasica\/#primaryimage"},"thumbnailUrl":"https:\/\/www.sempertea.eu\/wp-content\/uploads\/2021\/05\/pu-erh-te-rojo-semper-tea.jpg","datePublished":"2022-08-12T21:32:48+00:00","dateModified":"2023-07-29T18:23:56+00:00","description":"Pu-erh Tee schmeckt robust, erdig und kr\u00e4ftig. Er wird auch Roter Tee genannt und hat viele gesundheitliche Vorteile. Pu-erh bio im Teebeutel","breadcrumb":{"@id":"https:\/\/www.sempertea.eu\/Produkte\/pu-erh-te-rojo-en-bolsita-clasica\/#breadcrumb"},"inLanguage":"de","potentialAction":[{"@type":"ReadAction","target":["https:\/\/www.sempertea.eu\/Produkte\/pu-erh-te-rojo-en-bolsita-clasica\/"]}]},{"@type":"ImageObject","inLanguage":"de","@id":"https:\/\/www.sempertea.eu\/Produkte\/pu-erh-te-rojo-en-bolsita-clasica\/#primaryimage","url":"https:\/\/www.sempertea.eu\/wp-content\/uploads\/2021\/05\/pu-erh-te-rojo-semper-tea.jpg","contentUrl":"https:\/\/www.sempertea.eu\/wp-content\/uploads\/2021\/05\/pu-erh-te-rojo-semper-tea.jpg","width":1500,"height":1500,"caption":"pu erh tee kaufen semper tea"},{"@type":"BreadcrumbList","@id":"https:\/\/www.sempertea.eu\/Produkte\/pu-erh-te-rojo-en-bolsita-clasica\/#breadcrumb","itemListElement":[{"@type":"ListItem","position":1,"name":"Portada","item":"https:\/\/www.sempertea.eu\/de\/"},{"@type":"ListItem","position":2,"name":"Shop","item":"https:\/\/www.sempertea.eu\/de\/shop\/"},{"@type":"ListItem","position":3,"name":"PU-ERH Biotee I Teebeutel"}]},{"@type":"WebSite","@id":"https:\/\/www.sempertea.eu\/#website","url":"https:\/\/www.sempertea.eu\/","name":"Semper Tea | Mayorista y fabricante de T\u00e9s e Infusiones para hoteles, restaurantes y bares","description":"T\u00e9s e infusiones para hosteler\u00eda, hoteler\u00eda y comercio","potentialAction":[{"@type":"SearchAction","target":{"@type":"EntryPoint","urlTemplate":"https:\/\/www.sempertea.eu\/?s={search_term_string}"},"query-input":{"@type":"PropertyValueSpecification","valueRequired":true,"valueName":"search_term_string"}}],"inLanguage":"de"}]}},"_links":{"self":[{"href":"https:\/\/www.sempertea.eu\/de\/wp-json\/wp\/v2\/product\/5298","targetHints":{"allow":["GET"]}}],"collection":[{"href":"https:\/\/www.sempertea.eu\/de\/wp-json\/wp\/v2\/product"}],"about":[{"href":"https:\/\/www.sempertea.eu\/de\/wp-json\/wp\/v2\/types\/product"}],"replies":[{"embeddable":true,"href":"https:\/\/www.sempertea.eu\/de\/wp-json\/wp\/v2\/comments?post=5298"}],"wp:featuredmedia":[{"embeddable":true,"href":"https:\/\/www.sempertea.eu\/de\/wp-json\/wp\/v2\/media\/4080"}],"wp:attachment":[{"href":"https:\/\/www.sempertea.eu\/de\/wp-json\/wp\/v2\/media?parent=5298"}],"wp:term":[{"taxonomy":"product_brand","embeddable":true,"href":"https:\/\/www.sempertea.eu\/de\/wp-json\/wp\/v2\/product_brand?post=5298"},{"taxonomy":"product_cat","embeddable":true,"href":"https:\/\/www.sempertea.eu\/de\/wp-json\/wp\/v2\/product_cat?post=5298"},{"taxonomy":"product_tag","embeddable":true,"href":"https:\/\/www.sempertea.eu\/de\/wp-json\/wp\/v2\/product_tag?post=5298"}],"curies":[{"name":"wp","href":"https:\/\/api.w.org\/{rel}","templated":true}]}}