{"id":5297,"date":"2021-07-27T16:43:48","date_gmt":"2022-08-12T21:09:32","guid":{"rendered":"https:\/\/www.sempertea.eu\/mint-bio-kraeutertee-i-teebeutel\/"},"modified":"2023-07-29T18:49:32","modified_gmt":"2023-07-29T17:49:32","slug":"bio-pfefferminztee-teebeutel-kaufen","status":"publish","type":"product","link":"https:\/\/www.sempertea.eu\/de\/Produkte\/bio-pfefferminztee-teebeutel-kaufen\/","title":{"rendered":"MINT Bio Kr\u00e4utertee I Teebeutel"},"content":{"rendered":"<h2>Beleben Sie Ihren Tag ohne Koffein mit unserem erfrischenden Minztee<\/h2>\n<p>Genie\u00dfen Sie den tiefen, intensiven Geschmack der \u00e4gyptischen Bio-Minze mit einem s\u00fc\u00dfen Abgang. Unser Tee ist rein und nat\u00fcrlich, ohne k\u00fcnstliche Zusatzstoffe und ohne Koffein. Ideal als k\u00f6stliches Getr\u00e4nk nach dem Essen, kann er hei\u00df oder kalt genossen werden.<\/p>\n<h3>Garantiert biologischer Ursprung<\/h3>\n<p>Der <strong>klein geschnittene Minztee<\/strong> von Semper Tea ist garantiert aus <strong>kontrolliert biologischem Anbau<\/strong>. Unsere \u00f6kologische Landwirtschaft f\u00f6rdert nachhaltige Praktiken, die die Gesundheit der B\u00f6den und die Umwelt erhalten. Entdecken Sie die erfrischende G\u00fcte unseres Bio-Minztees in einem praktischen Beutel.<\/p>\n<p>Erleben Sie einen Hauch von Natur in jeder Tasse. Kaufen Sie unsere Auswahl an Bio-Tees online und g\u00f6nnen Sie sich ein genussvolles Teerlebnis. Bio-Minztee, erfrischend, \u00e4gyptisch, kontrolliert biologisch, praktischer Beutel, Teerlebnis.<\/p>\n","protected":false},"excerpt":{"rendered":"<p><strong>Beleben Sie Ihren Tag ohne Koffein<\/strong><\/p>\n<p>Der intensive Geschmack begleitet die Frische der Minze mit einem s\u00fc\u00dfen Abgang. Nat\u00fcrlich, kraftvoll und rein \u2013 ohne k\u00fcnstliche Zus\u00e4tze. Pfefferminztee wird ausschlie\u00dflich aus Minzbl\u00e4ttern hergestellt, ist sehr erfrischend und enth\u00e4lt kein Koffein. Eine k\u00f6stliche Tasse, die hei\u00df oder kalt und zu jeder Tageszeit genossen werden kann.<\/p>\n<p>&nbsp;<\/p>\n","protected":false},"featured_media":4152,"comment_status":"open","ping_status":"closed","template":"","meta":[],"product_brand":[],"product_cat":[114,115,116,126,113,124,112,125,108],"product_tag":[],"class_list":{"0":"post-5297","1":"product","2":"type-product","3":"status-publish","4":"has-post-thumbnail","6":"product_cat-alle","7":"product_cat-alle-de","8":"product_cat-alle-de-2","9":"product_cat-aufgussbeutel-teebeutel-tee-im-beutel-biotee-klassischer-tee","10":"product_cat-biotees-sortiment-online-kaufen","11":"product_cat-teesortiment-formate-packaging-attraktiv-biotees-verpackung","12":"product_cat-krautertees-bio-teemischungen-herbal-ohne-koffein","13":"product_cat-pearl-teebeutel-aufgussbeutel-bio-tee-teebeutel-teesortiment","14":"product_cat-sortiment-tee-packaging-verpackung-attraktiv-biotees-design","16":"first","17":"instock","18":"shipping-taxable","19":"purchasable","20":"product-type-simple"},"yoast_head":"<!-- This site is optimized with the Yoast SEO Premium plugin v27.3 (Yoast SEO v27.4) - https:\/\/yoast.com\/product\/yoast-seo-premium-wordpress\/ -->\n<title>Bio Pfefferminztee im Beutel kaufen | Online Shop Bio Tee<\/title>\n<meta name=\"description\" content=\"Nat\u00fcrlich, rein und kraftvoll. Pfefferminztee in Bio. Der intensive Geschmack begleitet die Frische der Minze mit einem s\u00fc\u00dfen Abgang. So gut!\" \/>\n<meta name=\"robots\" content=\"index, follow, max-snippet:-1, max-image-preview:large, max-video-preview:-1\" \/>\n<link rel=\"canonical\" href=\"https:\/\/www.sempertea.eu\/Produkte\/te-de-menta-ecologico-en-bolsa\/\" \/>\n<meta property=\"og:locale\" content=\"de_DE\" \/>\n<meta property=\"og:type\" content=\"article\" \/>\n<meta property=\"og:title\" content=\"MINT Bio Kr\u00e4utertee I Teebeutel\" \/>\n<meta property=\"og:description\" content=\"Nat\u00fcrlich, rein und kraftvoll. Pfefferminztee in Bio. Der intensive Geschmack begleitet die Frische der Minze mit einem s\u00fc\u00dfen Abgang. So gut!\" \/>\n<meta property=\"og:url\" content=\"https:\/\/www.sempertea.eu\/Produkte\/te-de-menta-ecologico-en-bolsa\/\" \/>\n<meta property=\"og:site_name\" content=\"Semper Tea | Mayorista y fabricante de T\u00e9s e Infusiones para hoteles, restaurantes y bares\" \/>\n<meta property=\"article:modified_time\" content=\"2023-07-29T17:49:32+00:00\" \/>\n<meta property=\"og:image\" content=\"https:\/\/www.sempertea.eu\/wp-content\/uploads\/2021\/07\/rooibos-en-bolsa-de-te-semper-tea.jpg\" \/>\n<meta name=\"twitter:card\" content=\"summary_large_image\" \/>\n<meta name=\"twitter:image\" content=\"https:\/\/www.sempertea.eu\/wp-content\/uploads\/2021\/07\/rooibos-en-bolsa-de-te-semper-tea.jpg\" \/>\n<meta name=\"twitter:label1\" content=\"Gesch\u00e4tzte Lesezeit\" \/>\n\t<meta name=\"twitter:data1\" content=\"1\u00a0Minute\" \/>\n<script type=\"application\/ld+json\" class=\"yoast-schema-graph\">{\"@context\":\"https:\\\/\\\/schema.org\",\"@graph\":[{\"@type\":\"WebPage\",\"@id\":\"https:\\\/\\\/www.sempertea.eu\\\/Produkte\\\/te-de-menta-ecologico-en-bolsa\\\/\",\"url\":\"https:\\\/\\\/www.sempertea.eu\\\/Produkte\\\/te-de-menta-ecologico-en-bolsa\\\/\",\"name\":\"Bio Pfefferminztee im Beutel kaufen | Online Shop Bio Tee\",\"isPartOf\":{\"@id\":\"https:\\\/\\\/www.sempertea.eu\\\/#website\"},\"primaryImageOfPage\":{\"@id\":\"https:\\\/\\\/www.sempertea.eu\\\/Produkte\\\/te-de-menta-ecologico-en-bolsa\\\/#primaryimage\"},\"image\":{\"@id\":\"https:\\\/\\\/www.sempertea.eu\\\/Produkte\\\/te-de-menta-ecologico-en-bolsa\\\/#primaryimage\"},\"thumbnailUrl\":\"https:\\\/\\\/www.sempertea.eu\\\/wp-content\\\/uploads\\\/2021\\\/07\\\/infusion-menta-bio-comprar-te-online-bolsita-de-te-semper-tea.jpg\",\"datePublished\":\"2022-08-12T21:09:32+00:00\",\"dateModified\":\"2023-07-29T17:49:32+00:00\",\"description\":\"Nat\u00fcrlich, rein und kraftvoll. Pfefferminztee in Bio. Der intensive Geschmack begleitet die Frische der Minze mit einem s\u00fc\u00dfen Abgang. So gut!\",\"breadcrumb\":{\"@id\":\"https:\\\/\\\/www.sempertea.eu\\\/Produkte\\\/te-de-menta-ecologico-en-bolsa\\\/#breadcrumb\"},\"inLanguage\":\"de\",\"potentialAction\":[{\"@type\":\"ReadAction\",\"target\":[\"https:\\\/\\\/www.sempertea.eu\\\/Produkte\\\/te-de-menta-ecologico-en-bolsa\\\/\"]}]},{\"@type\":\"ImageObject\",\"inLanguage\":\"de\",\"@id\":\"https:\\\/\\\/www.sempertea.eu\\\/Produkte\\\/te-de-menta-ecologico-en-bolsa\\\/#primaryimage\",\"url\":\"https:\\\/\\\/www.sempertea.eu\\\/wp-content\\\/uploads\\\/2021\\\/07\\\/infusion-menta-bio-comprar-te-online-bolsita-de-te-semper-tea.jpg\",\"contentUrl\":\"https:\\\/\\\/www.sempertea.eu\\\/wp-content\\\/uploads\\\/2021\\\/07\\\/infusion-menta-bio-comprar-te-online-bolsita-de-te-semper-tea.jpg\",\"width\":1500,\"height\":1500,\"caption\":\"pfefferminztee schwangerschaft semper tea\"},{\"@type\":\"BreadcrumbList\",\"@id\":\"https:\\\/\\\/www.sempertea.eu\\\/Produkte\\\/te-de-menta-ecologico-en-bolsa\\\/#breadcrumb\",\"itemListElement\":[{\"@type\":\"ListItem\",\"position\":1,\"name\":\"Portada\",\"item\":\"https:\\\/\\\/www.sempertea.eu\\\/de\\\/\"},{\"@type\":\"ListItem\",\"position\":2,\"name\":\"Shop\",\"item\":\"https:\\\/\\\/www.sempertea.eu\\\/de\\\/shop\\\/\"},{\"@type\":\"ListItem\",\"position\":3,\"name\":\"MINT Bio Kr\u00e4utertee I Teebeutel\"}]},{\"@type\":\"WebSite\",\"@id\":\"https:\\\/\\\/www.sempertea.eu\\\/#website\",\"url\":\"https:\\\/\\\/www.sempertea.eu\\\/\",\"name\":\"Semper Tea | Mayorista y fabricante de T\u00e9s e Infusiones para hoteles, restaurantes y bares\",\"description\":\"T\u00e9s e infusiones para hosteler\u00eda, hoteler\u00eda y comercio\",\"potentialAction\":[{\"@type\":\"SearchAction\",\"target\":{\"@type\":\"EntryPoint\",\"urlTemplate\":\"https:\\\/\\\/www.sempertea.eu\\\/?s={search_term_string}\"},\"query-input\":{\"@type\":\"PropertyValueSpecification\",\"valueRequired\":true,\"valueName\":\"search_term_string\"}}],\"inLanguage\":\"de\"}]}<\/script>\n<!-- \/ Yoast SEO Premium plugin. -->","yoast_head_json":{"title":"Bio Pfefferminztee im Beutel kaufen | Online Shop Bio Tee","description":"Nat\u00fcrlich, rein und kraftvoll. Pfefferminztee in Bio. Der intensive Geschmack begleitet die Frische der Minze mit einem s\u00fc\u00dfen Abgang. So gut!","robots":{"index":"index","follow":"follow","max-snippet":"max-snippet:-1","max-image-preview":"max-image-preview:large","max-video-preview":"max-video-preview:-1"},"canonical":"https:\/\/www.sempertea.eu\/Produkte\/te-de-menta-ecologico-en-bolsa\/","og_locale":"de_DE","og_type":"article","og_title":"MINT Bio Kr\u00e4utertee I Teebeutel","og_description":"Nat\u00fcrlich, rein und kraftvoll. Pfefferminztee in Bio. Der intensive Geschmack begleitet die Frische der Minze mit einem s\u00fc\u00dfen Abgang. So gut!","og_url":"https:\/\/www.sempertea.eu\/Produkte\/te-de-menta-ecologico-en-bolsa\/","og_site_name":"Semper Tea | Mayorista y fabricante de T\u00e9s e Infusiones para hoteles, restaurantes y bares","article_modified_time":"2023-07-29T17:49:32+00:00","og_image":[{"url":"https:\/\/www.sempertea.eu\/wp-content\/uploads\/2021\/07\/rooibos-en-bolsa-de-te-semper-tea.jpg","type":"","width":"","height":""}],"twitter_card":"summary_large_image","twitter_image":"https:\/\/www.sempertea.eu\/wp-content\/uploads\/2021\/07\/rooibos-en-bolsa-de-te-semper-tea.jpg","twitter_misc":{"Gesch\u00e4tzte Lesezeit":"1\u00a0Minute"},"schema":{"@context":"https:\/\/schema.org","@graph":[{"@type":"WebPage","@id":"https:\/\/www.sempertea.eu\/Produkte\/te-de-menta-ecologico-en-bolsa\/","url":"https:\/\/www.sempertea.eu\/Produkte\/te-de-menta-ecologico-en-bolsa\/","name":"Bio Pfefferminztee im Beutel kaufen | Online Shop Bio Tee","isPartOf":{"@id":"https:\/\/www.sempertea.eu\/#website"},"primaryImageOfPage":{"@id":"https:\/\/www.sempertea.eu\/Produkte\/te-de-menta-ecologico-en-bolsa\/#primaryimage"},"image":{"@id":"https:\/\/www.sempertea.eu\/Produkte\/te-de-menta-ecologico-en-bolsa\/#primaryimage"},"thumbnailUrl":"https:\/\/www.sempertea.eu\/wp-content\/uploads\/2021\/07\/infusion-menta-bio-comprar-te-online-bolsita-de-te-semper-tea.jpg","datePublished":"2022-08-12T21:09:32+00:00","dateModified":"2023-07-29T17:49:32+00:00","description":"Nat\u00fcrlich, rein und kraftvoll. Pfefferminztee in Bio. Der intensive Geschmack begleitet die Frische der Minze mit einem s\u00fc\u00dfen Abgang. So gut!","breadcrumb":{"@id":"https:\/\/www.sempertea.eu\/Produkte\/te-de-menta-ecologico-en-bolsa\/#breadcrumb"},"inLanguage":"de","potentialAction":[{"@type":"ReadAction","target":["https:\/\/www.sempertea.eu\/Produkte\/te-de-menta-ecologico-en-bolsa\/"]}]},{"@type":"ImageObject","inLanguage":"de","@id":"https:\/\/www.sempertea.eu\/Produkte\/te-de-menta-ecologico-en-bolsa\/#primaryimage","url":"https:\/\/www.sempertea.eu\/wp-content\/uploads\/2021\/07\/infusion-menta-bio-comprar-te-online-bolsita-de-te-semper-tea.jpg","contentUrl":"https:\/\/www.sempertea.eu\/wp-content\/uploads\/2021\/07\/infusion-menta-bio-comprar-te-online-bolsita-de-te-semper-tea.jpg","width":1500,"height":1500,"caption":"pfefferminztee schwangerschaft semper tea"},{"@type":"BreadcrumbList","@id":"https:\/\/www.sempertea.eu\/Produkte\/te-de-menta-ecologico-en-bolsa\/#breadcrumb","itemListElement":[{"@type":"ListItem","position":1,"name":"Portada","item":"https:\/\/www.sempertea.eu\/de\/"},{"@type":"ListItem","position":2,"name":"Shop","item":"https:\/\/www.sempertea.eu\/de\/shop\/"},{"@type":"ListItem","position":3,"name":"MINT Bio Kr\u00e4utertee I Teebeutel"}]},{"@type":"WebSite","@id":"https:\/\/www.sempertea.eu\/#website","url":"https:\/\/www.sempertea.eu\/","name":"Semper Tea | Mayorista y fabricante de T\u00e9s e Infusiones para hoteles, restaurantes y bares","description":"T\u00e9s e infusiones para hosteler\u00eda, hoteler\u00eda y comercio","potentialAction":[{"@type":"SearchAction","target":{"@type":"EntryPoint","urlTemplate":"https:\/\/www.sempertea.eu\/?s={search_term_string}"},"query-input":{"@type":"PropertyValueSpecification","valueRequired":true,"valueName":"search_term_string"}}],"inLanguage":"de"}]}},"_links":{"self":[{"href":"https:\/\/www.sempertea.eu\/de\/wp-json\/wp\/v2\/product\/5297","targetHints":{"allow":["GET"]}}],"collection":[{"href":"https:\/\/www.sempertea.eu\/de\/wp-json\/wp\/v2\/product"}],"about":[{"href":"https:\/\/www.sempertea.eu\/de\/wp-json\/wp\/v2\/types\/product"}],"replies":[{"embeddable":true,"href":"https:\/\/www.sempertea.eu\/de\/wp-json\/wp\/v2\/comments?post=5297"}],"wp:featuredmedia":[{"embeddable":true,"href":"https:\/\/www.sempertea.eu\/de\/wp-json\/wp\/v2\/media\/4152"}],"wp:attachment":[{"href":"https:\/\/www.sempertea.eu\/de\/wp-json\/wp\/v2\/media?parent=5297"}],"wp:term":[{"taxonomy":"product_brand","embeddable":true,"href":"https:\/\/www.sempertea.eu\/de\/wp-json\/wp\/v2\/product_brand?post=5297"},{"taxonomy":"product_cat","embeddable":true,"href":"https:\/\/www.sempertea.eu\/de\/wp-json\/wp\/v2\/product_cat?post=5297"},{"taxonomy":"product_tag","embeddable":true,"href":"https:\/\/www.sempertea.eu\/de\/wp-json\/wp\/v2\/product_tag?post=5297"}],"curies":[{"name":"wp","href":"https:\/\/api.w.org\/{rel}","templated":true}]}}