{"id":5294,"date":"2021-05-17T22:06:52","date_gmt":"2022-08-10T19:14:23","guid":{"rendered":"https:\/\/www.sempertea.eu\/green-biotee-i-teebeutel\/"},"modified":"2023-07-29T16:58:24","modified_gmt":"2023-07-29T15:58:24","slug":"gruner-tee-in-teebeutel-kaufen-klassisch","status":"publish","type":"product","link":"https:\/\/www.sempertea.eu\/de\/Produkte\/gruner-tee-in-teebeutel-kaufen-klassisch\/","title":{"rendered":"GREEN Biotee I Teebeutel"},"content":{"rendered":"<h2>Die Kraft von gr\u00fcnem Tee: F\u00f6rderung von Gesundheit und Vitalit\u00e4t<\/h2>\n<p>Entdecken Sie die Wunder des gr\u00fcnen Tees, der f\u00fcr seine <strong>zahlreichen gesundheitlichen Vorteile<\/strong> gesch\u00e4tzt wird. Seine F\u00e4higkeit, die Gewichtsabnahme zu f\u00f6rdern, indem er den Stoffwechsel anregt und Hei\u00dfhungerattacken reduziert, macht ihn zu einem idealen Verb\u00fcndeten f\u00fcr alle, die ein gesundes Gewicht halten wollen.<\/p>\n<p>Dank des <strong>Koffeins<\/strong> und des L-Theanins in gr\u00fcnem Tee sind Sie au\u00dferdem geistig klarer und wacher, was Ihre kognitive Leistungsf\u00e4higkeit den ganzen Tag \u00fcber verbessert.<\/p>\n<p>Um die Vorteile zu maximieren, empfehlen wir, eine Tasse gr\u00fcnen Tee 30 bis 45 Minuten <strong>nach einer Mahlzeit zu trinken<\/strong>, um die Wirkung auf den Stoffwechsel zu verst\u00e4rken. Um die Gehirnfunktion zu verbessern, sollten Sie gr\u00fcnen Tee zwei Stunden vor oder nach den Mahlzeiten trinken, damit seine Inhaltsstoffe auf Ihr Gehirn einwirken k\u00f6nnen.<\/p>\n<p>Machen Sie sich die ganze Kraft des gr\u00fcnen Tees zunutze und genie\u00dfen Sie seine Vorteile f\u00fcr Ihr k\u00f6rperliches und geistiges Wohlbefinden &#8211; integrieren Sie diesen <strong>wunderbaren Aufguss<\/strong> in Ihre t\u00e4gliche Routine und f\u00fchlen Sie sich <strong>belebt und gesund<\/strong>!<\/p>\n<h3>Die perfekte Tasse beherrschen: Tipps f\u00fcr die Zubereitung von bitterfreiem Gr\u00fcntee<\/h3>\n<p>Um Bitterkeit beim Aufbr\u00fchen von gr\u00fcnem Tee zu vermeiden, beachten Sie die empfohlene Ziehzeit und Temperatur. Lassen Sie das Wasser leicht abk\u00fchlen (etwa 80-85 \u00b0C), bevor Sie es zu den Teebl\u00e4ttern geben. Ziehen Sie diese gr\u00fcnen Teesorten drei bis vier Minuten lang. Vertrauen Sie uns, dass wir uns um Sie und unseren Planeten k\u00fcmmern. Kaufen Sie jetzt ein und beleben Sie Ihren Tag mit unserem Bio-Gr\u00fcntee.<\/p>\n","protected":false},"excerpt":{"rendered":"<p><strong>Gr\u00fcner Tee in seiner reinsten Form &#8211; zart und belebend<\/strong><\/p>\n<p>Dieser Gr\u00fcntee zeichnet sich durch seinen zarten, subtilen Geschmack und seine blassgr\u00fcne Farbe aus. Pur, belebend und reich an antioxidativen Eigenschaften. Eine gesunde Tasse Tee, die zu jeder Tageszeit genossen werden kann.<\/p>\n<p>&nbsp;<\/p>\n","protected":false},"featured_media":4098,"comment_status":"open","ping_status":"closed","template":"","meta":[],"product_brand":[],"product_cat":[115,116,114,126,113,124,119,125,108],"product_tag":[],"class_list":{"0":"post-5294","1":"product","2":"type-product","3":"status-publish","4":"has-post-thumbnail","6":"product_cat-alle-de","7":"product_cat-alle-de-2","8":"product_cat-alle","9":"product_cat-aufgussbeutel-teebeutel-tee-im-beutel-biotee-klassischer-tee","10":"product_cat-biotees-sortiment-online-kaufen","11":"product_cat-teesortiment-formate-packaging-attraktiv-biotees-verpackung","12":"product_cat-grunen-tee-bio-online-bestellen-lose-teubeutel","13":"product_cat-pearl-teebeutel-aufgussbeutel-bio-tee-teebeutel-teesortiment","14":"product_cat-sortiment-tee-packaging-verpackung-attraktiv-biotees-design","16":"first","17":"instock","18":"shipping-taxable","19":"purchasable","20":"product-type-simple"},"yoast_head":"<!-- This site is optimized with the Yoast SEO Premium plugin v27.3 (Yoast SEO v27.3) - https:\/\/yoast.com\/product\/yoast-seo-premium-wordpress\/ -->\n<title>Gr\u00fcner Tee | Kaufe Bio-Tee im klassischen Teebeutel | Semper Tea<\/title>\n<meta name=\"description\" content=\"Dieser Gr\u00fcner Tee zeichnet sich durch zarten, subtilen Geschmack und seine blassgr\u00fcne Farbe aus. Eine gesunde Tasse Tee, nat\u00fcrlich Bio.\" \/>\n<meta name=\"robots\" content=\"index, follow, max-snippet:-1, max-image-preview:large, max-video-preview:-1\" \/>\n<link rel=\"canonical\" href=\"https:\/\/www.sempertea.eu\/Produkte\/te-verde-en-bolsitas-clasicas-green-tea\/\" \/>\n<meta property=\"og:locale\" content=\"de_DE\" \/>\n<meta property=\"og:type\" content=\"article\" \/>\n<meta property=\"og:title\" content=\"GREEN Biotee I Teebeutel\" \/>\n<meta property=\"og:description\" content=\"Dieser Gr\u00fcner Tee zeichnet sich durch zarten, subtilen Geschmack und seine blassgr\u00fcne Farbe aus. Eine gesunde Tasse Tee, nat\u00fcrlich Bio.\" \/>\n<meta property=\"og:url\" content=\"https:\/\/www.sempertea.eu\/Produkte\/te-verde-en-bolsitas-clasicas-green-tea\/\" \/>\n<meta property=\"og:site_name\" content=\"Semper Tea | Mayorista y fabricante de T\u00e9s e Infusiones para hoteles, restaurantes y bares\" \/>\n<meta property=\"article:modified_time\" content=\"2023-07-29T15:58:24+00:00\" \/>\n<meta property=\"og:image\" content=\"https:\/\/www.sempertea.eu\/wp-content\/uploads\/2021\/05\/te-verde-green-tea-en-bolsas-semper-tea.jpg\" \/>\n<meta name=\"twitter:card\" content=\"summary_large_image\" \/>\n<meta name=\"twitter:image\" content=\"https:\/\/www.sempertea.eu\/wp-content\/uploads\/2020\/08\/propiedades-y-beneficios-te-verde-semper-tea.jpg\" \/>\n<meta name=\"twitter:label1\" content=\"Gesch\u00e4tzte Lesezeit\" \/>\n\t<meta name=\"twitter:data1\" content=\"1\u00a0Minute\" \/>\n<script type=\"application\/ld+json\" class=\"yoast-schema-graph\">{\"@context\":\"https:\\\/\\\/schema.org\",\"@graph\":[{\"@type\":\"WebPage\",\"@id\":\"https:\\\/\\\/www.sempertea.eu\\\/Produkte\\\/te-verde-en-bolsitas-clasicas-green-tea\\\/\",\"url\":\"https:\\\/\\\/www.sempertea.eu\\\/Produkte\\\/te-verde-en-bolsitas-clasicas-green-tea\\\/\",\"name\":\"Gr\u00fcner Tee | Kaufe Bio-Tee im klassischen Teebeutel | Semper Tea\",\"isPartOf\":{\"@id\":\"https:\\\/\\\/www.sempertea.eu\\\/#website\"},\"primaryImageOfPage\":{\"@id\":\"https:\\\/\\\/www.sempertea.eu\\\/Produkte\\\/te-verde-en-bolsitas-clasicas-green-tea\\\/#primaryimage\"},\"image\":{\"@id\":\"https:\\\/\\\/www.sempertea.eu\\\/Produkte\\\/te-verde-en-bolsitas-clasicas-green-tea\\\/#primaryimage\"},\"thumbnailUrl\":\"https:\\\/\\\/www.sempertea.eu\\\/wp-content\\\/uploads\\\/2021\\\/05\\\/tomar-te-verde-bajar-peso-te-verde-como-tomarlo-semper-tea.jpg\",\"datePublished\":\"2022-08-10T19:14:23+00:00\",\"dateModified\":\"2023-07-29T15:58:24+00:00\",\"description\":\"Dieser Gr\u00fcner Tee zeichnet sich durch zarten, subtilen Geschmack und seine blassgr\u00fcne Farbe aus. Eine gesunde Tasse Tee, nat\u00fcrlich Bio.\",\"breadcrumb\":{\"@id\":\"https:\\\/\\\/www.sempertea.eu\\\/Produkte\\\/te-verde-en-bolsitas-clasicas-green-tea\\\/#breadcrumb\"},\"inLanguage\":\"de\",\"potentialAction\":[{\"@type\":\"ReadAction\",\"target\":[\"https:\\\/\\\/www.sempertea.eu\\\/Produkte\\\/te-verde-en-bolsitas-clasicas-green-tea\\\/\"]}]},{\"@type\":\"ImageObject\",\"inLanguage\":\"de\",\"@id\":\"https:\\\/\\\/www.sempertea.eu\\\/Produkte\\\/te-verde-en-bolsitas-clasicas-green-tea\\\/#primaryimage\",\"url\":\"https:\\\/\\\/www.sempertea.eu\\\/wp-content\\\/uploads\\\/2021\\\/05\\\/tomar-te-verde-bajar-peso-te-verde-como-tomarlo-semper-tea.jpg\",\"contentUrl\":\"https:\\\/\\\/www.sempertea.eu\\\/wp-content\\\/uploads\\\/2021\\\/05\\\/tomar-te-verde-bajar-peso-te-verde-como-tomarlo-semper-tea.jpg\",\"width\":1500,\"height\":1500,\"caption\":\"Gr\u00fcner Tee | Green Tea in Teebeutel kaufen | Semper Tea\"},{\"@type\":\"BreadcrumbList\",\"@id\":\"https:\\\/\\\/www.sempertea.eu\\\/Produkte\\\/te-verde-en-bolsitas-clasicas-green-tea\\\/#breadcrumb\",\"itemListElement\":[{\"@type\":\"ListItem\",\"position\":1,\"name\":\"Portada\",\"item\":\"https:\\\/\\\/www.sempertea.eu\\\/de\\\/\"},{\"@type\":\"ListItem\",\"position\":2,\"name\":\"Shop\",\"item\":\"https:\\\/\\\/www.sempertea.eu\\\/de\\\/shop\\\/\"},{\"@type\":\"ListItem\",\"position\":3,\"name\":\"GREEN Biotee I Teebeutel\"}]},{\"@type\":\"WebSite\",\"@id\":\"https:\\\/\\\/www.sempertea.eu\\\/#website\",\"url\":\"https:\\\/\\\/www.sempertea.eu\\\/\",\"name\":\"Semper Tea | Mayorista y fabricante de T\u00e9s e Infusiones para hoteles, restaurantes y bares\",\"description\":\"T\u00e9s e infusiones para hosteler\u00eda, hoteler\u00eda y comercio\",\"potentialAction\":[{\"@type\":\"SearchAction\",\"target\":{\"@type\":\"EntryPoint\",\"urlTemplate\":\"https:\\\/\\\/www.sempertea.eu\\\/?s={search_term_string}\"},\"query-input\":{\"@type\":\"PropertyValueSpecification\",\"valueRequired\":true,\"valueName\":\"search_term_string\"}}],\"inLanguage\":\"de\"}]}<\/script>\n<!-- \/ Yoast SEO Premium plugin. -->","yoast_head_json":{"title":"Gr\u00fcner Tee | Kaufe Bio-Tee im klassischen Teebeutel | Semper Tea","description":"Dieser Gr\u00fcner Tee zeichnet sich durch zarten, subtilen Geschmack und seine blassgr\u00fcne Farbe aus. Eine gesunde Tasse Tee, nat\u00fcrlich Bio.","robots":{"index":"index","follow":"follow","max-snippet":"max-snippet:-1","max-image-preview":"max-image-preview:large","max-video-preview":"max-video-preview:-1"},"canonical":"https:\/\/www.sempertea.eu\/Produkte\/te-verde-en-bolsitas-clasicas-green-tea\/","og_locale":"de_DE","og_type":"article","og_title":"GREEN Biotee I Teebeutel","og_description":"Dieser Gr\u00fcner Tee zeichnet sich durch zarten, subtilen Geschmack und seine blassgr\u00fcne Farbe aus. Eine gesunde Tasse Tee, nat\u00fcrlich Bio.","og_url":"https:\/\/www.sempertea.eu\/Produkte\/te-verde-en-bolsitas-clasicas-green-tea\/","og_site_name":"Semper Tea | Mayorista y fabricante de T\u00e9s e Infusiones para hoteles, restaurantes y bares","article_modified_time":"2023-07-29T15:58:24+00:00","og_image":[{"url":"https:\/\/www.sempertea.eu\/wp-content\/uploads\/2021\/05\/te-verde-green-tea-en-bolsas-semper-tea.jpg","type":"","width":"","height":""}],"twitter_card":"summary_large_image","twitter_image":"https:\/\/www.sempertea.eu\/wp-content\/uploads\/2020\/08\/propiedades-y-beneficios-te-verde-semper-tea.jpg","twitter_misc":{"Gesch\u00e4tzte Lesezeit":"1\u00a0Minute"},"schema":{"@context":"https:\/\/schema.org","@graph":[{"@type":"WebPage","@id":"https:\/\/www.sempertea.eu\/Produkte\/te-verde-en-bolsitas-clasicas-green-tea\/","url":"https:\/\/www.sempertea.eu\/Produkte\/te-verde-en-bolsitas-clasicas-green-tea\/","name":"Gr\u00fcner Tee | Kaufe Bio-Tee im klassischen Teebeutel | Semper Tea","isPartOf":{"@id":"https:\/\/www.sempertea.eu\/#website"},"primaryImageOfPage":{"@id":"https:\/\/www.sempertea.eu\/Produkte\/te-verde-en-bolsitas-clasicas-green-tea\/#primaryimage"},"image":{"@id":"https:\/\/www.sempertea.eu\/Produkte\/te-verde-en-bolsitas-clasicas-green-tea\/#primaryimage"},"thumbnailUrl":"https:\/\/www.sempertea.eu\/wp-content\/uploads\/2021\/05\/tomar-te-verde-bajar-peso-te-verde-como-tomarlo-semper-tea.jpg","datePublished":"2022-08-10T19:14:23+00:00","dateModified":"2023-07-29T15:58:24+00:00","description":"Dieser Gr\u00fcner Tee zeichnet sich durch zarten, subtilen Geschmack und seine blassgr\u00fcne Farbe aus. Eine gesunde Tasse Tee, nat\u00fcrlich Bio.","breadcrumb":{"@id":"https:\/\/www.sempertea.eu\/Produkte\/te-verde-en-bolsitas-clasicas-green-tea\/#breadcrumb"},"inLanguage":"de","potentialAction":[{"@type":"ReadAction","target":["https:\/\/www.sempertea.eu\/Produkte\/te-verde-en-bolsitas-clasicas-green-tea\/"]}]},{"@type":"ImageObject","inLanguage":"de","@id":"https:\/\/www.sempertea.eu\/Produkte\/te-verde-en-bolsitas-clasicas-green-tea\/#primaryimage","url":"https:\/\/www.sempertea.eu\/wp-content\/uploads\/2021\/05\/tomar-te-verde-bajar-peso-te-verde-como-tomarlo-semper-tea.jpg","contentUrl":"https:\/\/www.sempertea.eu\/wp-content\/uploads\/2021\/05\/tomar-te-verde-bajar-peso-te-verde-como-tomarlo-semper-tea.jpg","width":1500,"height":1500,"caption":"Gr\u00fcner Tee | Green Tea in Teebeutel kaufen | Semper Tea"},{"@type":"BreadcrumbList","@id":"https:\/\/www.sempertea.eu\/Produkte\/te-verde-en-bolsitas-clasicas-green-tea\/#breadcrumb","itemListElement":[{"@type":"ListItem","position":1,"name":"Portada","item":"https:\/\/www.sempertea.eu\/de\/"},{"@type":"ListItem","position":2,"name":"Shop","item":"https:\/\/www.sempertea.eu\/de\/shop\/"},{"@type":"ListItem","position":3,"name":"GREEN Biotee I Teebeutel"}]},{"@type":"WebSite","@id":"https:\/\/www.sempertea.eu\/#website","url":"https:\/\/www.sempertea.eu\/","name":"Semper Tea | Mayorista y fabricante de T\u00e9s e Infusiones para hoteles, restaurantes y bares","description":"T\u00e9s e infusiones para hosteler\u00eda, hoteler\u00eda y comercio","potentialAction":[{"@type":"SearchAction","target":{"@type":"EntryPoint","urlTemplate":"https:\/\/www.sempertea.eu\/?s={search_term_string}"},"query-input":{"@type":"PropertyValueSpecification","valueRequired":true,"valueName":"search_term_string"}}],"inLanguage":"de"}]}},"_links":{"self":[{"href":"https:\/\/www.sempertea.eu\/de\/wp-json\/wp\/v2\/product\/5294","targetHints":{"allow":["GET"]}}],"collection":[{"href":"https:\/\/www.sempertea.eu\/de\/wp-json\/wp\/v2\/product"}],"about":[{"href":"https:\/\/www.sempertea.eu\/de\/wp-json\/wp\/v2\/types\/product"}],"replies":[{"embeddable":true,"href":"https:\/\/www.sempertea.eu\/de\/wp-json\/wp\/v2\/comments?post=5294"}],"wp:featuredmedia":[{"embeddable":true,"href":"https:\/\/www.sempertea.eu\/de\/wp-json\/wp\/v2\/media\/4098"}],"wp:attachment":[{"href":"https:\/\/www.sempertea.eu\/de\/wp-json\/wp\/v2\/media?parent=5294"}],"wp:term":[{"taxonomy":"product_brand","embeddable":true,"href":"https:\/\/www.sempertea.eu\/de\/wp-json\/wp\/v2\/product_brand?post=5294"},{"taxonomy":"product_cat","embeddable":true,"href":"https:\/\/www.sempertea.eu\/de\/wp-json\/wp\/v2\/product_cat?post=5294"},{"taxonomy":"product_tag","embeddable":true,"href":"https:\/\/www.sempertea.eu\/de\/wp-json\/wp\/v2\/product_tag?post=5294"}],"curies":[{"name":"wp","href":"https:\/\/api.w.org\/{rel}","templated":true}]}}