{"id":5291,"date":"2021-04-30T13:13:19","date_gmt":"2022-08-10T17:33:37","guid":{"rendered":"https:\/\/www.sempertea.eu\/earl-grey-biotee-i-teebeutel\/"},"modified":"2023-07-29T14:19:26","modified_gmt":"2023-07-29T13:19:26","slug":"earl-grey-tee-mit-bergamotte-teebeutel-biotee","status":"publish","type":"product","link":"https:\/\/www.sempertea.eu\/de\/Produkte\/earl-grey-tee-mit-bergamotte-teebeutel-biotee\/","title":{"rendered":"EARL GREY Biotee I Teebeutel"},"content":{"rendered":"<h2>Entdecken Sie die Magie des Earl Grey Tees in unserem Teeladen<\/h2>\n<p>Willkommen in unserem Teeladen, wo Sie die bezaubernde Welt des <strong>Earl Grey Tees<\/strong> finden werden. Lassen Sie sich von den k\u00f6stlichen blumigen Noten und dem frischen, herben Geschmack des <strong>Earl Grey Semper<\/strong> verw\u00f6hnen. Seine Vielseitigkeit zeigt sich in der Kombination mit cremigen Fruchtdesserts, Karottenkuchen, Zitronenkuchen und mehr. Ob Sie nun <strong>Nachmittagstee<\/strong> oder <strong>Sonntagsbrunch<\/strong> genie\u00dfen, Earl Grey ist die ideale Wahl.<\/p>\n<p>Der weltweit bekannte <strong>Earl Grey<\/strong> ist ein robuster <strong>Schwarztee, der mit der Essenz der Bergamotte<\/strong> aufgegossen wird. Diese mediterrane Zitrusfrucht bringt einen einzigartigen blumigen Geschmack mit sich, der an Orange, Zitrone, Limette und Grapefruit erinnert und ein intensives, befriedigendes Erlebnis schafft.<\/p>\n<h3>Biologisch und mit einem Hauch von Zitrusfr\u00fcchten<\/h3>\n<p>Wir sind stolz darauf, <strong>Bio-Teebl\u00e4tter<\/strong> von h\u00f6chster Qualit\u00e4t anbieten zu k\u00f6nnen, einen reinen und nat\u00fcrlichen Teeaufguss zu garantieren. Unser Earl Grey Tee wird in praktischen <strong>klassischen Teebeuteln<\/strong> geliefert, die jedes Mal eine gleichm\u00e4\u00dfige und angenehme Tasse garantieren.<\/p>\n<h4>Genie\u00dfen Sie die K\u00f6stlichkeiten des <strong>Earl Grey Tees<\/strong><\/h4>\n<p>Treten Sie unserer <strong>Tee-Community<\/strong> bei, um Ihre Leidenschaft zu teilen, von anderen Teeliebhabern zu lernen und von <strong>exklusiven Angeboten<\/strong> zu profitieren. Kaufen Sie mit Vertrauen ein, denn wir wissen, dass Ihre <strong>Zufriedenheit<\/strong> f\u00fcr uns an erster Stelle steht.<\/p>\n<p>Erleben Sie Tee wie nie zuvor: Starten Sie mit unserem <strong>BIO Earl Grey Tee mit Bergamotte<\/strong> in ein k\u00f6stliches Teeerlebnis.<\/p>\n","protected":false},"excerpt":{"rendered":"<p><strong>Stimulierend, intensiv und k\u00f6stlich<\/strong><\/p>\n<p class=\"Textbody\" style=\"margin-bottom: 0cm;\">Earl Grey, ein intensiver Schwarztee mit einem Hauch von Bergamotte und Zitrone. Ein Klassiker f\u00fcr echte Schwarztee Liebhaber &#8211; vollmundig, mit klasisschem dezentem Zitrus und Bergamott Geschmack. Eine stimulierende Tasse Tee um den Tag zu starten oder als Powerkick am Nachmittag.<\/p>\n<p>&nbsp;<\/p>\n","protected":false},"featured_media":4038,"comment_status":"open","ping_status":"closed","template":"","meta":[],"product_brand":[],"product_cat":[115,116,114,126,113,124,125,117,108],"product_tag":[],"class_list":{"0":"post-5291","1":"product","2":"type-product","3":"status-publish","4":"has-post-thumbnail","6":"product_cat-alle-de","7":"product_cat-alle-de-2","8":"product_cat-alle","9":"product_cat-aufgussbeutel-teebeutel-tee-im-beutel-biotee-klassischer-tee","10":"product_cat-biotees-sortiment-online-kaufen","11":"product_cat-teesortiment-formate-packaging-attraktiv-biotees-verpackung","12":"product_cat-pearl-teebeutel-aufgussbeutel-bio-tee-teebeutel-teesortiment","13":"product_cat-schwarzer-tee-in-bio-qualitaet-kaufen","14":"product_cat-sortiment-tee-packaging-verpackung-attraktiv-biotees-design","16":"first","17":"instock","18":"shipping-taxable","19":"purchasable","20":"product-type-simple"},"yoast_head":"<!-- This site is optimized with the Yoast SEO Premium plugin v27.3 (Yoast SEO v27.4) - https:\/\/yoast.com\/product\/yoast-seo-premium-wordpress\/ -->\n<title>Entdecke Magie des Earl Grey Tees | Bio-Schwarztee mit Bergamotte<\/title>\n<meta name=\"description\" content=\"Entdecken Sie die Magie des Earl Grey Tees - Hochwertiger Schwarztee mit Bergamotte in 25 Teebeuteln. | Jetzt in unserem Teeladen probieren!\" \/>\n<meta name=\"robots\" content=\"index, follow, max-snippet:-1, max-image-preview:large, max-video-preview:-1\" \/>\n<link rel=\"canonical\" href=\"https:\/\/www.sempertea.eu\/Produkte\/te-earl-grey-con-bergamota-bolsitas-de-te\/\" \/>\n<meta property=\"og:locale\" content=\"de_DE\" \/>\n<meta property=\"og:type\" content=\"article\" \/>\n<meta property=\"og:title\" content=\"EARL GREY Biotee I Teebeutel\" \/>\n<meta property=\"og:description\" content=\"Entdecken Sie die Magie des Earl Grey Tees - Hochwertiger Schwarztee mit Bergamotte in 25 Teebeuteln. | Jetzt in unserem Teeladen probieren!\" \/>\n<meta property=\"og:url\" content=\"https:\/\/www.sempertea.eu\/Produkte\/te-earl-grey-con-bergamota-bolsitas-de-te\/\" \/>\n<meta property=\"og:site_name\" content=\"Semper Tea | Mayorista y fabricante de T\u00e9s e Infusiones para hoteles, restaurantes y bares\" \/>\n<meta property=\"article:modified_time\" content=\"2023-07-29T13:19:26+00:00\" \/>\n<meta property=\"og:image\" content=\"https:\/\/www.sempertea.eu\/wp-content\/uploads\/2021\/04\/english-breakfast-te-ingles-ecologico-en-bolsas-comprar-te-online-semper-tea.jpg\" \/>\n<meta name=\"twitter:card\" content=\"summary_large_image\" \/>\n<meta name=\"twitter:image\" content=\"https:\/\/www.sempertea.eu\/wp-content\/uploads\/2021\/04\/te-english-breakfast-te-ingles-marcas-bio-semper-tea.jpg\" \/>\n<meta name=\"twitter:label1\" content=\"Gesch\u00e4tzte Lesezeit\" \/>\n\t<meta name=\"twitter:data1\" content=\"1\u00a0Minute\" \/>\n<script type=\"application\/ld+json\" class=\"yoast-schema-graph\">{\"@context\":\"https:\\\/\\\/schema.org\",\"@graph\":[{\"@type\":\"WebPage\",\"@id\":\"https:\\\/\\\/www.sempertea.eu\\\/Produkte\\\/te-earl-grey-con-bergamota-bolsitas-de-te\\\/\",\"url\":\"https:\\\/\\\/www.sempertea.eu\\\/Produkte\\\/te-earl-grey-con-bergamota-bolsitas-de-te\\\/\",\"name\":\"Entdecke Magie des Earl Grey Tees | Bio-Schwarztee mit Bergamotte\",\"isPartOf\":{\"@id\":\"https:\\\/\\\/www.sempertea.eu\\\/#website\"},\"primaryImageOfPage\":{\"@id\":\"https:\\\/\\\/www.sempertea.eu\\\/Produkte\\\/te-earl-grey-con-bergamota-bolsitas-de-te\\\/#primaryimage\"},\"image\":{\"@id\":\"https:\\\/\\\/www.sempertea.eu\\\/Produkte\\\/te-earl-grey-con-bergamota-bolsitas-de-te\\\/#primaryimage\"},\"thumbnailUrl\":\"https:\\\/\\\/www.sempertea.eu\\\/wp-content\\\/uploads\\\/2021\\\/04\\\/earl-grey-clasico-te-de-bergamota-beneficios-propiedades-semper-tea.jpg\",\"datePublished\":\"2022-08-10T17:33:37+00:00\",\"dateModified\":\"2023-07-29T13:19:26+00:00\",\"description\":\"Entdecken Sie die Magie des Earl Grey Tees - Hochwertiger Schwarztee mit Bergamotte in 25 Teebeuteln. | Jetzt in unserem Teeladen probieren!\",\"breadcrumb\":{\"@id\":\"https:\\\/\\\/www.sempertea.eu\\\/Produkte\\\/te-earl-grey-con-bergamota-bolsitas-de-te\\\/#breadcrumb\"},\"inLanguage\":\"de\",\"potentialAction\":[{\"@type\":\"ReadAction\",\"target\":[\"https:\\\/\\\/www.sempertea.eu\\\/Produkte\\\/te-earl-grey-con-bergamota-bolsitas-de-te\\\/\"]}]},{\"@type\":\"ImageObject\",\"inLanguage\":\"de\",\"@id\":\"https:\\\/\\\/www.sempertea.eu\\\/Produkte\\\/te-earl-grey-con-bergamota-bolsitas-de-te\\\/#primaryimage\",\"url\":\"https:\\\/\\\/www.sempertea.eu\\\/wp-content\\\/uploads\\\/2021\\\/04\\\/earl-grey-clasico-te-de-bergamota-beneficios-propiedades-semper-tea.jpg\",\"contentUrl\":\"https:\\\/\\\/www.sempertea.eu\\\/wp-content\\\/uploads\\\/2021\\\/04\\\/earl-grey-clasico-te-de-bergamota-beneficios-propiedades-semper-tea.jpg\",\"width\":1500,\"height\":1500,\"caption\":\"Earl Grey mit echter Bergamotte kaufen semper tea\"},{\"@type\":\"BreadcrumbList\",\"@id\":\"https:\\\/\\\/www.sempertea.eu\\\/Produkte\\\/te-earl-grey-con-bergamota-bolsitas-de-te\\\/#breadcrumb\",\"itemListElement\":[{\"@type\":\"ListItem\",\"position\":1,\"name\":\"Portada\",\"item\":\"https:\\\/\\\/www.sempertea.eu\\\/de\\\/\"},{\"@type\":\"ListItem\",\"position\":2,\"name\":\"Shop\",\"item\":\"https:\\\/\\\/www.sempertea.eu\\\/de\\\/shop\\\/\"},{\"@type\":\"ListItem\",\"position\":3,\"name\":\"EARL GREY Biotee I Teebeutel\"}]},{\"@type\":\"WebSite\",\"@id\":\"https:\\\/\\\/www.sempertea.eu\\\/#website\",\"url\":\"https:\\\/\\\/www.sempertea.eu\\\/\",\"name\":\"Semper Tea | Mayorista y fabricante de T\u00e9s e Infusiones para hoteles, restaurantes y bares\",\"description\":\"T\u00e9s e infusiones para hosteler\u00eda, hoteler\u00eda y comercio\",\"potentialAction\":[{\"@type\":\"SearchAction\",\"target\":{\"@type\":\"EntryPoint\",\"urlTemplate\":\"https:\\\/\\\/www.sempertea.eu\\\/?s={search_term_string}\"},\"query-input\":{\"@type\":\"PropertyValueSpecification\",\"valueRequired\":true,\"valueName\":\"search_term_string\"}}],\"inLanguage\":\"de\"}]}<\/script>\n<!-- \/ Yoast SEO Premium plugin. -->","yoast_head_json":{"title":"Entdecke Magie des Earl Grey Tees | Bio-Schwarztee mit Bergamotte","description":"Entdecken Sie die Magie des Earl Grey Tees - Hochwertiger Schwarztee mit Bergamotte in 25 Teebeuteln. | Jetzt in unserem Teeladen probieren!","robots":{"index":"index","follow":"follow","max-snippet":"max-snippet:-1","max-image-preview":"max-image-preview:large","max-video-preview":"max-video-preview:-1"},"canonical":"https:\/\/www.sempertea.eu\/Produkte\/te-earl-grey-con-bergamota-bolsitas-de-te\/","og_locale":"de_DE","og_type":"article","og_title":"EARL GREY Biotee I Teebeutel","og_description":"Entdecken Sie die Magie des Earl Grey Tees - Hochwertiger Schwarztee mit Bergamotte in 25 Teebeuteln. | Jetzt in unserem Teeladen probieren!","og_url":"https:\/\/www.sempertea.eu\/Produkte\/te-earl-grey-con-bergamota-bolsitas-de-te\/","og_site_name":"Semper Tea | Mayorista y fabricante de T\u00e9s e Infusiones para hoteles, restaurantes y bares","article_modified_time":"2023-07-29T13:19:26+00:00","og_image":[{"url":"https:\/\/www.sempertea.eu\/wp-content\/uploads\/2021\/04\/english-breakfast-te-ingles-ecologico-en-bolsas-comprar-te-online-semper-tea.jpg","type":"","width":"","height":""}],"twitter_card":"summary_large_image","twitter_image":"https:\/\/www.sempertea.eu\/wp-content\/uploads\/2021\/04\/te-english-breakfast-te-ingles-marcas-bio-semper-tea.jpg","twitter_misc":{"Gesch\u00e4tzte Lesezeit":"1\u00a0Minute"},"schema":{"@context":"https:\/\/schema.org","@graph":[{"@type":"WebPage","@id":"https:\/\/www.sempertea.eu\/Produkte\/te-earl-grey-con-bergamota-bolsitas-de-te\/","url":"https:\/\/www.sempertea.eu\/Produkte\/te-earl-grey-con-bergamota-bolsitas-de-te\/","name":"Entdecke Magie des Earl Grey Tees | Bio-Schwarztee mit Bergamotte","isPartOf":{"@id":"https:\/\/www.sempertea.eu\/#website"},"primaryImageOfPage":{"@id":"https:\/\/www.sempertea.eu\/Produkte\/te-earl-grey-con-bergamota-bolsitas-de-te\/#primaryimage"},"image":{"@id":"https:\/\/www.sempertea.eu\/Produkte\/te-earl-grey-con-bergamota-bolsitas-de-te\/#primaryimage"},"thumbnailUrl":"https:\/\/www.sempertea.eu\/wp-content\/uploads\/2021\/04\/earl-grey-clasico-te-de-bergamota-beneficios-propiedades-semper-tea.jpg","datePublished":"2022-08-10T17:33:37+00:00","dateModified":"2023-07-29T13:19:26+00:00","description":"Entdecken Sie die Magie des Earl Grey Tees - Hochwertiger Schwarztee mit Bergamotte in 25 Teebeuteln. | Jetzt in unserem Teeladen probieren!","breadcrumb":{"@id":"https:\/\/www.sempertea.eu\/Produkte\/te-earl-grey-con-bergamota-bolsitas-de-te\/#breadcrumb"},"inLanguage":"de","potentialAction":[{"@type":"ReadAction","target":["https:\/\/www.sempertea.eu\/Produkte\/te-earl-grey-con-bergamota-bolsitas-de-te\/"]}]},{"@type":"ImageObject","inLanguage":"de","@id":"https:\/\/www.sempertea.eu\/Produkte\/te-earl-grey-con-bergamota-bolsitas-de-te\/#primaryimage","url":"https:\/\/www.sempertea.eu\/wp-content\/uploads\/2021\/04\/earl-grey-clasico-te-de-bergamota-beneficios-propiedades-semper-tea.jpg","contentUrl":"https:\/\/www.sempertea.eu\/wp-content\/uploads\/2021\/04\/earl-grey-clasico-te-de-bergamota-beneficios-propiedades-semper-tea.jpg","width":1500,"height":1500,"caption":"Earl Grey mit echter Bergamotte kaufen semper tea"},{"@type":"BreadcrumbList","@id":"https:\/\/www.sempertea.eu\/Produkte\/te-earl-grey-con-bergamota-bolsitas-de-te\/#breadcrumb","itemListElement":[{"@type":"ListItem","position":1,"name":"Portada","item":"https:\/\/www.sempertea.eu\/de\/"},{"@type":"ListItem","position":2,"name":"Shop","item":"https:\/\/www.sempertea.eu\/de\/shop\/"},{"@type":"ListItem","position":3,"name":"EARL GREY Biotee I Teebeutel"}]},{"@type":"WebSite","@id":"https:\/\/www.sempertea.eu\/#website","url":"https:\/\/www.sempertea.eu\/","name":"Semper Tea | Mayorista y fabricante de T\u00e9s e Infusiones para hoteles, restaurantes y bares","description":"T\u00e9s e infusiones para hosteler\u00eda, hoteler\u00eda y comercio","potentialAction":[{"@type":"SearchAction","target":{"@type":"EntryPoint","urlTemplate":"https:\/\/www.sempertea.eu\/?s={search_term_string}"},"query-input":{"@type":"PropertyValueSpecification","valueRequired":true,"valueName":"search_term_string"}}],"inLanguage":"de"}]}},"_links":{"self":[{"href":"https:\/\/www.sempertea.eu\/de\/wp-json\/wp\/v2\/product\/5291","targetHints":{"allow":["GET"]}}],"collection":[{"href":"https:\/\/www.sempertea.eu\/de\/wp-json\/wp\/v2\/product"}],"about":[{"href":"https:\/\/www.sempertea.eu\/de\/wp-json\/wp\/v2\/types\/product"}],"replies":[{"embeddable":true,"href":"https:\/\/www.sempertea.eu\/de\/wp-json\/wp\/v2\/comments?post=5291"}],"wp:featuredmedia":[{"embeddable":true,"href":"https:\/\/www.sempertea.eu\/de\/wp-json\/wp\/v2\/media\/4038"}],"wp:attachment":[{"href":"https:\/\/www.sempertea.eu\/de\/wp-json\/wp\/v2\/media?parent=5291"}],"wp:term":[{"taxonomy":"product_brand","embeddable":true,"href":"https:\/\/www.sempertea.eu\/de\/wp-json\/wp\/v2\/product_brand?post=5291"},{"taxonomy":"product_cat","embeddable":true,"href":"https:\/\/www.sempertea.eu\/de\/wp-json\/wp\/v2\/product_cat?post=5291"},{"taxonomy":"product_tag","embeddable":true,"href":"https:\/\/www.sempertea.eu\/de\/wp-json\/wp\/v2\/product_tag?post=5291"}],"curies":[{"name":"wp","href":"https:\/\/api.w.org\/{rel}","templated":true}]}}