{"id":5290,"date":"2021-08-06T14:51:51","date_gmt":"2022-08-10T14:45:13","guid":{"rendered":"https:\/\/www.sempertea.eu\/kamille-ein-uraltes-heilmittel\/"},"modified":"2023-01-31T17:21:02","modified_gmt":"2023-01-31T16:21:02","slug":"kamillentee-in-teebeutel-kaufen-online-bestellen","status":"publish","type":"product","link":"https:\/\/www.sempertea.eu\/de\/Produkte\/kamillentee-in-teebeutel-kaufen-online-bestellen\/","title":{"rendered":"KAMILLE Bio Kr\u00e4utertee I Teebeutel"},"content":{"rendered":"<h2>Kamille wird seit Tausenden von Jahren medizinisch verwendet und war den alten griechischen, r\u00f6mischen und \u00e4gyptischen Kulturen bekannt<\/h2>\n<p>Die Kamillenpflanze ist auf dem gesamten europ\u00e4ischen Kontinent, in Nordamerika und Australien beheimatet. Grund f\u00fcr diese Expansion ist die hochgesch\u00e4tzte, sanft heilende Wirkung der angenehm duftenden Kamille.<\/p>\n<p>Als hei\u00dfer Aufguss entfaltet Kamille ihre Wirkung perfekt als entspannendes, heilendes und wohltuendes Getr\u00e4nk. Unsere Teevariante hat ein besonders feines Aroma und kann zu jeder Tageszeit genossen werden. Ein milder und aromatischer Genuss &#8211; koffeinfrei, rein und nat\u00fcrlich.<\/p>\n<p>Das EU-Bio-Logo bescheinigt die Herkunft aus kontrolliert biologischem Anbau. Das hei\u00dft: keine chemischen Zus\u00e4tze, nur der nat\u00fcrliche, authentische Geschmack echter Kamille.<\/p>\n","protected":false},"excerpt":{"rendered":"<p><strong>Sanft und wohltuend ohne Koffein<\/strong><\/p>\n<p>Eine Tasse Bio Kamillentee sorgt f\u00fcr Behaglichkeit und Entspannung. Das feine und blumige Aroma ist wohltuend und kann zu jeder Tageszeit genossen werden. Ein sanfter Tee ohne Koffein oder Tein.<\/p>\n","protected":false},"featured_media":4272,"comment_status":"open","ping_status":"closed","template":"","meta":[],"product_brand":[],"product_cat":[114,115,116,126,113,124,112,125,108],"product_tag":[],"class_list":{"0":"post-5290","1":"product","2":"type-product","3":"status-publish","4":"has-post-thumbnail","6":"product_cat-alle","7":"product_cat-alle-de","8":"product_cat-alle-de-2","9":"product_cat-aufgussbeutel-teebeutel-tee-im-beutel-biotee-klassischer-tee","10":"product_cat-biotees-sortiment-online-kaufen","11":"product_cat-teesortiment-formate-packaging-attraktiv-biotees-verpackung","12":"product_cat-krautertees-bio-teemischungen-herbal-ohne-koffein","13":"product_cat-pearl-teebeutel-aufgussbeutel-bio-tee-teebeutel-teesortiment","14":"product_cat-sortiment-tee-packaging-verpackung-attraktiv-biotees-design","16":"first","17":"instock","18":"shipping-taxable","19":"purchasable","20":"product-type-simple"},"yoast_head":"<!-- This site is optimized with the Yoast SEO Premium plugin v27.3 (Yoast SEO v27.4) - https:\/\/yoast.com\/product\/yoast-seo-premium-wordpress\/ -->\n<title>Bio Kamillentee im Aufgussbeutel | online bestellen und nach hause liefern<\/title>\n<meta name=\"description\" content=\"Der sanfte Bio Kamillentee im Aufgussbeutel kann bei uns direkt online bestellt werden. Geniessen Sie diesen wohltuenden Biotee. Pure Natur.\" \/>\n<meta name=\"robots\" content=\"index, follow, max-snippet:-1, max-image-preview:large, max-video-preview:-1\" \/>\n<link rel=\"canonical\" href=\"https:\/\/www.sempertea.eu\/de\/Produkte\/kamillentee-in-teebeutel-kaufen-online-bestellen\/\" \/>\n<meta property=\"og:locale\" content=\"de_DE\" \/>\n<meta property=\"og:type\" content=\"article\" \/>\n<meta property=\"og:title\" content=\"KAMILLE Bio Kr\u00e4utertee I Teebeutel\" \/>\n<meta property=\"og:description\" content=\"Der sanfte Bio Kamillentee im Aufgussbeutel kann bei uns direkt online bestellt werden. Geniessen Sie diesen wohltuenden Biotee. Pure Natur.\" \/>\n<meta property=\"og:url\" content=\"https:\/\/www.sempertea.eu\/de\/Produkte\/kamillentee-in-teebeutel-kaufen-online-bestellen\/\" \/>\n<meta property=\"og:site_name\" content=\"Semper Tea | Mayorista y fabricante de T\u00e9s e Infusiones para hoteles, restaurantes y bares\" \/>\n<meta property=\"article:modified_time\" content=\"2023-01-31T16:21:02+00:00\" \/>\n<meta property=\"og:image\" content=\"https:\/\/www.sempertea.eu\/wp-content\/uploads\/2021\/08\/comprar-manzanilla-camomila-natural-ecologica-en-bolsita-semper-tea.jpg\" \/>\n<meta name=\"twitter:card\" content=\"summary_large_image\" \/>\n<meta name=\"twitter:image\" content=\"https:\/\/www.sempertea.eu\/wp-content\/uploads\/2021\/08\/comprar-manzanilla-camomila-natural-ecologica-en-bolsita-semper-tea.jpg\" \/>\n<meta name=\"twitter:label1\" content=\"Gesch\u00e4tzte Lesezeit\" \/>\n\t<meta name=\"twitter:data1\" content=\"1\u00a0Minute\" \/>\n<script type=\"application\/ld+json\" class=\"yoast-schema-graph\">{\"@context\":\"https:\\\/\\\/schema.org\",\"@graph\":[{\"@type\":\"WebPage\",\"@id\":\"https:\\\/\\\/www.sempertea.eu\\\/de\\\/Produkte\\\/kamillentee-in-teebeutel-kaufen-online-bestellen\\\/\",\"url\":\"https:\\\/\\\/www.sempertea.eu\\\/de\\\/Produkte\\\/kamillentee-in-teebeutel-kaufen-online-bestellen\\\/\",\"name\":\"Bio Kamillentee im Aufgussbeutel | online bestellen und nach hause liefern\",\"isPartOf\":{\"@id\":\"https:\\\/\\\/www.sempertea.eu\\\/#website\"},\"primaryImageOfPage\":{\"@id\":\"https:\\\/\\\/www.sempertea.eu\\\/de\\\/Produkte\\\/kamillentee-in-teebeutel-kaufen-online-bestellen\\\/#primaryimage\"},\"image\":{\"@id\":\"https:\\\/\\\/www.sempertea.eu\\\/de\\\/Produkte\\\/kamillentee-in-teebeutel-kaufen-online-bestellen\\\/#primaryimage\"},\"thumbnailUrl\":\"https:\\\/\\\/www.sempertea.eu\\\/wp-content\\\/uploads\\\/2021\\\/08\\\/manzanilla-camomila-ecologica-bio-en-bolsa-semper-tea.jpg\",\"datePublished\":\"2022-08-10T14:45:13+00:00\",\"dateModified\":\"2023-01-31T16:21:02+00:00\",\"description\":\"Der sanfte Bio Kamillentee im Aufgussbeutel kann bei uns direkt online bestellt werden. Geniessen Sie diesen wohltuenden Biotee. Pure Natur.\",\"breadcrumb\":{\"@id\":\"https:\\\/\\\/www.sempertea.eu\\\/de\\\/Produkte\\\/kamillentee-in-teebeutel-kaufen-online-bestellen\\\/#breadcrumb\"},\"inLanguage\":\"de\",\"potentialAction\":[{\"@type\":\"ReadAction\",\"target\":[\"https:\\\/\\\/www.sempertea.eu\\\/de\\\/Produkte\\\/kamillentee-in-teebeutel-kaufen-online-bestellen\\\/\"]}]},{\"@type\":\"ImageObject\",\"inLanguage\":\"de\",\"@id\":\"https:\\\/\\\/www.sempertea.eu\\\/de\\\/Produkte\\\/kamillentee-in-teebeutel-kaufen-online-bestellen\\\/#primaryimage\",\"url\":\"https:\\\/\\\/www.sempertea.eu\\\/wp-content\\\/uploads\\\/2021\\\/08\\\/manzanilla-camomila-ecologica-bio-en-bolsa-semper-tea.jpg\",\"contentUrl\":\"https:\\\/\\\/www.sempertea.eu\\\/wp-content\\\/uploads\\\/2021\\\/08\\\/manzanilla-camomila-ecologica-bio-en-bolsa-semper-tea.jpg\",\"width\":1500,\"height\":1500,\"caption\":\"kamillentee gegen halsschmerzen semper tea\"},{\"@type\":\"BreadcrumbList\",\"@id\":\"https:\\\/\\\/www.sempertea.eu\\\/de\\\/Produkte\\\/kamillentee-in-teebeutel-kaufen-online-bestellen\\\/#breadcrumb\",\"itemListElement\":[{\"@type\":\"ListItem\",\"position\":1,\"name\":\"Portada\",\"item\":\"https:\\\/\\\/www.sempertea.eu\\\/de\\\/\"},{\"@type\":\"ListItem\",\"position\":2,\"name\":\"Shop\",\"item\":\"https:\\\/\\\/www.sempertea.eu\\\/de\\\/shop\\\/\"},{\"@type\":\"ListItem\",\"position\":3,\"name\":\"KAMILLE Bio Kr\u00e4utertee I Teebeutel\"}]},{\"@type\":\"WebSite\",\"@id\":\"https:\\\/\\\/www.sempertea.eu\\\/#website\",\"url\":\"https:\\\/\\\/www.sempertea.eu\\\/\",\"name\":\"Semper Tea | Mayorista y fabricante de T\u00e9s e Infusiones para hoteles, restaurantes y bares\",\"description\":\"T\u00e9s e infusiones para hosteler\u00eda, hoteler\u00eda y comercio\",\"potentialAction\":[{\"@type\":\"SearchAction\",\"target\":{\"@type\":\"EntryPoint\",\"urlTemplate\":\"https:\\\/\\\/www.sempertea.eu\\\/?s={search_term_string}\"},\"query-input\":{\"@type\":\"PropertyValueSpecification\",\"valueRequired\":true,\"valueName\":\"search_term_string\"}}],\"inLanguage\":\"de\"}]}<\/script>\n<!-- \/ Yoast SEO Premium plugin. -->","yoast_head_json":{"title":"Bio Kamillentee im Aufgussbeutel | online bestellen und nach hause liefern","description":"Der sanfte Bio Kamillentee im Aufgussbeutel kann bei uns direkt online bestellt werden. Geniessen Sie diesen wohltuenden Biotee. Pure Natur.","robots":{"index":"index","follow":"follow","max-snippet":"max-snippet:-1","max-image-preview":"max-image-preview:large","max-video-preview":"max-video-preview:-1"},"canonical":"https:\/\/www.sempertea.eu\/de\/Produkte\/kamillentee-in-teebeutel-kaufen-online-bestellen\/","og_locale":"de_DE","og_type":"article","og_title":"KAMILLE Bio Kr\u00e4utertee I Teebeutel","og_description":"Der sanfte Bio Kamillentee im Aufgussbeutel kann bei uns direkt online bestellt werden. Geniessen Sie diesen wohltuenden Biotee. Pure Natur.","og_url":"https:\/\/www.sempertea.eu\/de\/Produkte\/kamillentee-in-teebeutel-kaufen-online-bestellen\/","og_site_name":"Semper Tea | Mayorista y fabricante de T\u00e9s e Infusiones para hoteles, restaurantes y bares","article_modified_time":"2023-01-31T16:21:02+00:00","og_image":[{"url":"https:\/\/www.sempertea.eu\/wp-content\/uploads\/2021\/08\/comprar-manzanilla-camomila-natural-ecologica-en-bolsita-semper-tea.jpg","type":"","width":"","height":""}],"twitter_card":"summary_large_image","twitter_image":"https:\/\/www.sempertea.eu\/wp-content\/uploads\/2021\/08\/comprar-manzanilla-camomila-natural-ecologica-en-bolsita-semper-tea.jpg","twitter_misc":{"Gesch\u00e4tzte Lesezeit":"1\u00a0Minute"},"schema":{"@context":"https:\/\/schema.org","@graph":[{"@type":"WebPage","@id":"https:\/\/www.sempertea.eu\/de\/Produkte\/kamillentee-in-teebeutel-kaufen-online-bestellen\/","url":"https:\/\/www.sempertea.eu\/de\/Produkte\/kamillentee-in-teebeutel-kaufen-online-bestellen\/","name":"Bio Kamillentee im Aufgussbeutel | online bestellen und nach hause liefern","isPartOf":{"@id":"https:\/\/www.sempertea.eu\/#website"},"primaryImageOfPage":{"@id":"https:\/\/www.sempertea.eu\/de\/Produkte\/kamillentee-in-teebeutel-kaufen-online-bestellen\/#primaryimage"},"image":{"@id":"https:\/\/www.sempertea.eu\/de\/Produkte\/kamillentee-in-teebeutel-kaufen-online-bestellen\/#primaryimage"},"thumbnailUrl":"https:\/\/www.sempertea.eu\/wp-content\/uploads\/2021\/08\/manzanilla-camomila-ecologica-bio-en-bolsa-semper-tea.jpg","datePublished":"2022-08-10T14:45:13+00:00","dateModified":"2023-01-31T16:21:02+00:00","description":"Der sanfte Bio Kamillentee im Aufgussbeutel kann bei uns direkt online bestellt werden. Geniessen Sie diesen wohltuenden Biotee. Pure Natur.","breadcrumb":{"@id":"https:\/\/www.sempertea.eu\/de\/Produkte\/kamillentee-in-teebeutel-kaufen-online-bestellen\/#breadcrumb"},"inLanguage":"de","potentialAction":[{"@type":"ReadAction","target":["https:\/\/www.sempertea.eu\/de\/Produkte\/kamillentee-in-teebeutel-kaufen-online-bestellen\/"]}]},{"@type":"ImageObject","inLanguage":"de","@id":"https:\/\/www.sempertea.eu\/de\/Produkte\/kamillentee-in-teebeutel-kaufen-online-bestellen\/#primaryimage","url":"https:\/\/www.sempertea.eu\/wp-content\/uploads\/2021\/08\/manzanilla-camomila-ecologica-bio-en-bolsa-semper-tea.jpg","contentUrl":"https:\/\/www.sempertea.eu\/wp-content\/uploads\/2021\/08\/manzanilla-camomila-ecologica-bio-en-bolsa-semper-tea.jpg","width":1500,"height":1500,"caption":"kamillentee gegen halsschmerzen semper tea"},{"@type":"BreadcrumbList","@id":"https:\/\/www.sempertea.eu\/de\/Produkte\/kamillentee-in-teebeutel-kaufen-online-bestellen\/#breadcrumb","itemListElement":[{"@type":"ListItem","position":1,"name":"Portada","item":"https:\/\/www.sempertea.eu\/de\/"},{"@type":"ListItem","position":2,"name":"Shop","item":"https:\/\/www.sempertea.eu\/de\/shop\/"},{"@type":"ListItem","position":3,"name":"KAMILLE Bio Kr\u00e4utertee I Teebeutel"}]},{"@type":"WebSite","@id":"https:\/\/www.sempertea.eu\/#website","url":"https:\/\/www.sempertea.eu\/","name":"Semper Tea | Mayorista y fabricante de T\u00e9s e Infusiones para hoteles, restaurantes y bares","description":"T\u00e9s e infusiones para hosteler\u00eda, hoteler\u00eda y comercio","potentialAction":[{"@type":"SearchAction","target":{"@type":"EntryPoint","urlTemplate":"https:\/\/www.sempertea.eu\/?s={search_term_string}"},"query-input":{"@type":"PropertyValueSpecification","valueRequired":true,"valueName":"search_term_string"}}],"inLanguage":"de"}]}},"_links":{"self":[{"href":"https:\/\/www.sempertea.eu\/de\/wp-json\/wp\/v2\/product\/5290","targetHints":{"allow":["GET"]}}],"collection":[{"href":"https:\/\/www.sempertea.eu\/de\/wp-json\/wp\/v2\/product"}],"about":[{"href":"https:\/\/www.sempertea.eu\/de\/wp-json\/wp\/v2\/types\/product"}],"replies":[{"embeddable":true,"href":"https:\/\/www.sempertea.eu\/de\/wp-json\/wp\/v2\/comments?post=5290"}],"wp:featuredmedia":[{"embeddable":true,"href":"https:\/\/www.sempertea.eu\/de\/wp-json\/wp\/v2\/media\/4272"}],"wp:attachment":[{"href":"https:\/\/www.sempertea.eu\/de\/wp-json\/wp\/v2\/media?parent=5290"}],"wp:term":[{"taxonomy":"product_brand","embeddable":true,"href":"https:\/\/www.sempertea.eu\/de\/wp-json\/wp\/v2\/product_brand?post=5290"},{"taxonomy":"product_cat","embeddable":true,"href":"https:\/\/www.sempertea.eu\/de\/wp-json\/wp\/v2\/product_cat?post=5290"},{"taxonomy":"product_tag","embeddable":true,"href":"https:\/\/www.sempertea.eu\/de\/wp-json\/wp\/v2\/product_tag?post=5290"}],"curies":[{"name":"wp","href":"https:\/\/api.w.org\/{rel}","templated":true}]}}