{"id":5249,"date":"2021-08-07T19:51:51","date_gmt":"2022-08-07T20:50:57","guid":{"rendered":"https:\/\/www.sempertea.eu\/tee-starterpaket-fuer-horeca-56-pyramiden-tee-box\/"},"modified":"2023-02-08T16:56:05","modified_gmt":"2023-02-08T15:56:05","slug":"tees-fuer-die-gastronomie-horeca-biotee-hotel","status":"publish","type":"product","link":"https:\/\/www.sempertea.eu\/de\/Produkte\/tees-fuer-die-gastronomie-horeca-biotee-hotel\/","title":{"rendered":"Tee Starter Kit f\u00fcr Horeca | 56 Pyramiden-Tee-Box"},"content":{"rendered":"<div class=\"tab-panels\">\n<div id=\"tab-description\" class=\"woocommerce-Tabs-panel woocommerce-Tabs-panel--description panel entry-content active\" role=\"tabpanel\" aria-labelledby=\"tab-title-description\">\n<div class=\"tab-panels\">\n<div id=\"tab-description\" class=\"woocommerce-Tabs-panel woocommerce-Tabs-panel--description panel entry-content active\" role=\"tabpanel\" aria-labelledby=\"tab-title-description\">\n<div class=\"tab-panels\">\n<div class=\"tab-panels\">\n<div id=\"tab-description\" class=\"woocommerce-Tabs-panel woocommerce-Tabs-panel--description panel entry-content active\" role=\"tabpanel\" aria-labelledby=\"tab-title-description\">\n<h2>Starter Kit mit Bio Teepyramiden in eleganter Teekiste<\/h2>\n<p>Mit unserem <strong>Starter Kit Teebox f\u00fcr 56 Teepyramiden der Teelinie Coral,<\/strong>\u00a0k\u00f6nnen Sie sofort mit Semper Tea in <strong>Ihrem Restaurant, Caf\u00e9, Hotel, Catering oder Event <\/strong>beginnen.<\/p>\n<p>Dieses Starterkit besteht aus:<\/p>\n<ul>\n<li>1 x Teekiste f\u00fcr 56 Teepyramiden &#8211; Abmessungen 377 x 338 x 54 mm<\/li>\n<li>2 x Nachf\u00fcllpackungen pro Biotee Sorte (12) mit jeweils 18 Teepyramiden<\/li>\n<li>10 x Teekarten in Spanisch, Englisch und Deutsch<\/li>\n<\/ul>\n<h3>Das Konzept dieser anspruchsvollen Teelinie<\/h3>\n<p>Das Teekonzept Coral erf\u00fcllt die Anforderungen <strong>der gehobenen Hotellerie und Gastronomie <\/strong>und bietet dem Kunden den besten pers\u00f6nlichen Service.<br \/>\n12 Biotees, attraktiv pr\u00e4sentiert in eleganter Teekiste. Lose Bio Teebl\u00e4tter in abbaubaren, pyramidenf\u00f6rmigen Teebeuteln, einzeln verpackt in kleiner Designerbox. Semper Tea macht die Teeauswahl zum Erlebnis.<\/p>\n<h3>Genie\u00dfen Sie unsere Biotees der Teelinie Coral<\/h3>\n<p>\u25cf English Breakfast<br \/>\n\u25cf Earl Grey<br \/>\n\u25cf Oolong<br \/>\n\u25cf Darjeeling<br \/>\n\u25cf Chai<br \/>\n\u25cf Green<br \/>\n\u25cf Herbal<br \/>\n\u25cf Pu-erh Vanilla<br \/>\n\u25cf Rooibos<br \/>\n\u25cf Fruit<br \/>\n\u25cf Mint<br \/>\n\u25cf Camomile<\/p>\n<\/div>\n<\/div>\n<h3>Bio Zertifizierung<\/h3>\n<div class=\"tab-panels\">\n<div id=\"tab-description\" class=\"woocommerce-Tabs-panel woocommerce-Tabs-panel--description panel entry-content active\" role=\"tabpanel\" aria-labelledby=\"tab-title-description\">\n<p>Semper Tea ist mit dem Bio-Zertifikat der Europ\u00e4ischen Union ausgezeichnet. Die Gesundheit des Bodens und die Erhaltung der nat\u00fcrlichen Umwelt sind f\u00fcr den Anbau unserer Tees von entscheidender Bedeutung. Dies spiegelt sich zum Beispiel im Verbot des Einsatzes von D\u00fcngemitteln und Pflanzenschutzmitteln wider.<\/p>\n<p>Unsere zertifizierten Bio-Tees werden auf kontrollierten, biologischen Teeplantagen in der ganzen Welt angebaut. F\u00fcr unsere Verbraucher bedeutet dies einen frischen und vor allem authentischen Geschmack, der die Natur und ihren Lebenszyklus respektiert.<\/p>\n<\/div>\n<\/div>\n<\/div>\n<\/div>\n<\/div>\n<\/div>\n<\/div>\n","protected":false},"excerpt":{"rendered":"<div class=\"product-short-description\">\n<p>Dieses Starterkit enth\u00e4lt:<\/p>\n<ul>\n<li>1 x Teekiste f\u00fcr 56 Teepyramiden<br \/>\nAbmessungen 377 x 338 x 54 mm<\/li>\n<li>2 x Nachf\u00fcllpackungen pro Biotee Sorte (12)<br \/>\nmit jeweils 18 Teepyramiden<\/li>\n<li>10 x Teekarten in Spanisch, Englisch und Deutsch<\/li>\n<\/ul>\n<\/div>\n","protected":false},"featured_media":4337,"comment_status":"open","ping_status":"closed","template":"","meta":[],"product_brand":[],"product_cat":[114,115,116,110,113,109,108],"product_tag":[],"class_list":{"0":"post-5249","1":"product","2":"type-product","3":"status-publish","4":"has-post-thumbnail","6":"product_cat-alle","7":"product_cat-alle-de","8":"product_cat-alle-de-2","9":"product_cat-biologisch-abbaubare-pyramide-teebeutel-biotee-kompostierbar","10":"product_cat-biotees-sortiment-online-kaufen","11":"product_cat-tee-pyramidenbeutel-teepyramide-verpackung-abbaubar-nachhaltig","12":"product_cat-sortiment-tee-packaging-verpackung-attraktiv-biotees-design","14":"first","15":"instock","16":"shipping-taxable","17":"purchasable","18":"product-type-simple"},"yoast_head":"<!-- This site is optimized with the Yoast SEO Premium plugin v27.3 (Yoast SEO v27.3) - https:\/\/yoast.com\/product\/yoast-seo-premium-wordpress\/ -->\n<title>Biotee Sortiment f\u00fcr Hotel und Gastronomie I Ansprechende Formate<\/title>\n<meta name=\"description\" content=\"Biotees anders pr\u00e4sentiert. Loser Tee in der abbaubaren Pyramide, einzeln in Designerbox verpackt. Elegante Teekiste f\u00fcr Buffet und Restaurant\" \/>\n<meta name=\"robots\" content=\"index, follow, max-snippet:-1, max-image-preview:large, max-video-preview:-1\" \/>\n<link rel=\"canonical\" href=\"https:\/\/www.sempertea.eu\/Produkte\/pack-de-iniciacion-tes-e-infusiones-para-profesionales-horeca\/\" \/>\n<meta property=\"og:locale\" content=\"de_DE\" \/>\n<meta property=\"og:type\" content=\"article\" \/>\n<meta property=\"og:title\" content=\"Tee Starter Kit f\u00fcr Horeca | 56 Pyramiden-Tee-Box\" \/>\n<meta property=\"og:description\" content=\"Biotees anders pr\u00e4sentiert. Loser Tee in der abbaubaren Pyramide, einzeln in Designerbox verpackt. Elegante Teekiste f\u00fcr Buffet und Restaurant\" \/>\n<meta property=\"og:url\" content=\"https:\/\/www.sempertea.eu\/Produkte\/pack-de-iniciacion-tes-e-infusiones-para-profesionales-horeca\/\" \/>\n<meta property=\"og:site_name\" content=\"Semper Tea | Mayorista y fabricante de T\u00e9s e Infusiones para hoteles, restaurantes y bares\" \/>\n<meta property=\"article:modified_time\" content=\"2023-02-08T15:56:05+00:00\" \/>\n<meta property=\"og:image\" content=\"https:\/\/www.sempertea.eu\/wp-content\/uploads\/2021\/08\/cajas-para-guardar-te-bolsa-semper-tea.jpg\" \/>\n<meta name=\"twitter:card\" content=\"summary_large_image\" \/>\n<meta name=\"twitter:label1\" content=\"Gesch\u00e4tzte Lesezeit\" \/>\n\t<meta name=\"twitter:data1\" content=\"1\u00a0Minute\" \/>\n<script type=\"application\/ld+json\" class=\"yoast-schema-graph\">{\"@context\":\"https:\\\/\\\/schema.org\",\"@graph\":[{\"@type\":\"WebPage\",\"@id\":\"https:\\\/\\\/www.sempertea.eu\\\/Produkte\\\/pack-de-iniciacion-tes-e-infusiones-para-profesionales-horeca\\\/\",\"url\":\"https:\\\/\\\/www.sempertea.eu\\\/Produkte\\\/pack-de-iniciacion-tes-e-infusiones-para-profesionales-horeca\\\/\",\"name\":\"Biotee Sortiment f\u00fcr Hotel und Gastronomie I Ansprechende Formate\",\"isPartOf\":{\"@id\":\"https:\\\/\\\/www.sempertea.eu\\\/#website\"},\"primaryImageOfPage\":{\"@id\":\"https:\\\/\\\/www.sempertea.eu\\\/Produkte\\\/pack-de-iniciacion-tes-e-infusiones-para-profesionales-horeca\\\/#primaryimage\"},\"image\":{\"@id\":\"https:\\\/\\\/www.sempertea.eu\\\/Produkte\\\/pack-de-iniciacion-tes-e-infusiones-para-profesionales-horeca\\\/#primaryimage\"},\"thumbnailUrl\":\"https:\\\/\\\/www.sempertea.eu\\\/wp-content\\\/uploads\\\/2021\\\/08\\\/pack-de-iniciacion-tes-e-infusiones-para-profesionales-horeca-semper-tea.jpg\",\"datePublished\":\"2022-08-07T20:50:57+00:00\",\"dateModified\":\"2023-02-08T15:56:05+00:00\",\"description\":\"Biotees anders pr\u00e4sentiert. Loser Tee in der abbaubaren Pyramide, einzeln in Designerbox verpackt. Elegante Teekiste f\u00fcr Buffet und Restaurant\",\"breadcrumb\":{\"@id\":\"https:\\\/\\\/www.sempertea.eu\\\/Produkte\\\/pack-de-iniciacion-tes-e-infusiones-para-profesionales-horeca\\\/#breadcrumb\"},\"inLanguage\":\"de\",\"potentialAction\":[{\"@type\":\"ReadAction\",\"target\":[\"https:\\\/\\\/www.sempertea.eu\\\/Produkte\\\/pack-de-iniciacion-tes-e-infusiones-para-profesionales-horeca\\\/\"]}]},{\"@type\":\"ImageObject\",\"inLanguage\":\"de\",\"@id\":\"https:\\\/\\\/www.sempertea.eu\\\/Produkte\\\/pack-de-iniciacion-tes-e-infusiones-para-profesionales-horeca\\\/#primaryimage\",\"url\":\"https:\\\/\\\/www.sempertea.eu\\\/wp-content\\\/uploads\\\/2021\\\/08\\\/pack-de-iniciacion-tes-e-infusiones-para-profesionales-horeca-semper-tea.jpg\",\"contentUrl\":\"https:\\\/\\\/www.sempertea.eu\\\/wp-content\\\/uploads\\\/2021\\\/08\\\/pack-de-iniciacion-tes-e-infusiones-para-profesionales-horeca-semper-tea.jpg\",\"width\":900,\"height\":900,\"caption\":\"Premium Tees - Angebote f\u00fcr die Gastronomie Semper Tea\"},{\"@type\":\"BreadcrumbList\",\"@id\":\"https:\\\/\\\/www.sempertea.eu\\\/Produkte\\\/pack-de-iniciacion-tes-e-infusiones-para-profesionales-horeca\\\/#breadcrumb\",\"itemListElement\":[{\"@type\":\"ListItem\",\"position\":1,\"name\":\"Portada\",\"item\":\"https:\\\/\\\/www.sempertea.eu\\\/de\\\/\"},{\"@type\":\"ListItem\",\"position\":2,\"name\":\"Shop\",\"item\":\"https:\\\/\\\/www.sempertea.eu\\\/de\\\/shop\\\/\"},{\"@type\":\"ListItem\",\"position\":3,\"name\":\"Tee Starter Kit f\u00fcr Horeca | 56 Pyramiden-Tee-Box\"}]},{\"@type\":\"WebSite\",\"@id\":\"https:\\\/\\\/www.sempertea.eu\\\/#website\",\"url\":\"https:\\\/\\\/www.sempertea.eu\\\/\",\"name\":\"Semper Tea | Mayorista y fabricante de T\u00e9s e Infusiones para hoteles, restaurantes y bares\",\"description\":\"T\u00e9s e infusiones para hosteler\u00eda, hoteler\u00eda y comercio\",\"potentialAction\":[{\"@type\":\"SearchAction\",\"target\":{\"@type\":\"EntryPoint\",\"urlTemplate\":\"https:\\\/\\\/www.sempertea.eu\\\/?s={search_term_string}\"},\"query-input\":{\"@type\":\"PropertyValueSpecification\",\"valueRequired\":true,\"valueName\":\"search_term_string\"}}],\"inLanguage\":\"de\"}]}<\/script>\n<!-- \/ Yoast SEO Premium plugin. -->","yoast_head_json":{"title":"Biotee Sortiment f\u00fcr Hotel und Gastronomie I Ansprechende Formate","description":"Biotees anders pr\u00e4sentiert. Loser Tee in der abbaubaren Pyramide, einzeln in Designerbox verpackt. Elegante Teekiste f\u00fcr Buffet und Restaurant","robots":{"index":"index","follow":"follow","max-snippet":"max-snippet:-1","max-image-preview":"max-image-preview:large","max-video-preview":"max-video-preview:-1"},"canonical":"https:\/\/www.sempertea.eu\/Produkte\/pack-de-iniciacion-tes-e-infusiones-para-profesionales-horeca\/","og_locale":"de_DE","og_type":"article","og_title":"Tee Starter Kit f\u00fcr Horeca | 56 Pyramiden-Tee-Box","og_description":"Biotees anders pr\u00e4sentiert. Loser Tee in der abbaubaren Pyramide, einzeln in Designerbox verpackt. Elegante Teekiste f\u00fcr Buffet und Restaurant","og_url":"https:\/\/www.sempertea.eu\/Produkte\/pack-de-iniciacion-tes-e-infusiones-para-profesionales-horeca\/","og_site_name":"Semper Tea | Mayorista y fabricante de T\u00e9s e Infusiones para hoteles, restaurantes y bares","article_modified_time":"2023-02-08T15:56:05+00:00","og_image":[{"url":"https:\/\/www.sempertea.eu\/wp-content\/uploads\/2021\/08\/cajas-para-guardar-te-bolsa-semper-tea.jpg","type":"","width":"","height":""}],"twitter_card":"summary_large_image","twitter_misc":{"Gesch\u00e4tzte Lesezeit":"1\u00a0Minute"},"schema":{"@context":"https:\/\/schema.org","@graph":[{"@type":"WebPage","@id":"https:\/\/www.sempertea.eu\/Produkte\/pack-de-iniciacion-tes-e-infusiones-para-profesionales-horeca\/","url":"https:\/\/www.sempertea.eu\/Produkte\/pack-de-iniciacion-tes-e-infusiones-para-profesionales-horeca\/","name":"Biotee Sortiment f\u00fcr Hotel und Gastronomie I Ansprechende Formate","isPartOf":{"@id":"https:\/\/www.sempertea.eu\/#website"},"primaryImageOfPage":{"@id":"https:\/\/www.sempertea.eu\/Produkte\/pack-de-iniciacion-tes-e-infusiones-para-profesionales-horeca\/#primaryimage"},"image":{"@id":"https:\/\/www.sempertea.eu\/Produkte\/pack-de-iniciacion-tes-e-infusiones-para-profesionales-horeca\/#primaryimage"},"thumbnailUrl":"https:\/\/www.sempertea.eu\/wp-content\/uploads\/2021\/08\/pack-de-iniciacion-tes-e-infusiones-para-profesionales-horeca-semper-tea.jpg","datePublished":"2022-08-07T20:50:57+00:00","dateModified":"2023-02-08T15:56:05+00:00","description":"Biotees anders pr\u00e4sentiert. Loser Tee in der abbaubaren Pyramide, einzeln in Designerbox verpackt. Elegante Teekiste f\u00fcr Buffet und Restaurant","breadcrumb":{"@id":"https:\/\/www.sempertea.eu\/Produkte\/pack-de-iniciacion-tes-e-infusiones-para-profesionales-horeca\/#breadcrumb"},"inLanguage":"de","potentialAction":[{"@type":"ReadAction","target":["https:\/\/www.sempertea.eu\/Produkte\/pack-de-iniciacion-tes-e-infusiones-para-profesionales-horeca\/"]}]},{"@type":"ImageObject","inLanguage":"de","@id":"https:\/\/www.sempertea.eu\/Produkte\/pack-de-iniciacion-tes-e-infusiones-para-profesionales-horeca\/#primaryimage","url":"https:\/\/www.sempertea.eu\/wp-content\/uploads\/2021\/08\/pack-de-iniciacion-tes-e-infusiones-para-profesionales-horeca-semper-tea.jpg","contentUrl":"https:\/\/www.sempertea.eu\/wp-content\/uploads\/2021\/08\/pack-de-iniciacion-tes-e-infusiones-para-profesionales-horeca-semper-tea.jpg","width":900,"height":900,"caption":"Premium Tees - Angebote f\u00fcr die Gastronomie Semper Tea"},{"@type":"BreadcrumbList","@id":"https:\/\/www.sempertea.eu\/Produkte\/pack-de-iniciacion-tes-e-infusiones-para-profesionales-horeca\/#breadcrumb","itemListElement":[{"@type":"ListItem","position":1,"name":"Portada","item":"https:\/\/www.sempertea.eu\/de\/"},{"@type":"ListItem","position":2,"name":"Shop","item":"https:\/\/www.sempertea.eu\/de\/shop\/"},{"@type":"ListItem","position":3,"name":"Tee Starter Kit f\u00fcr Horeca | 56 Pyramiden-Tee-Box"}]},{"@type":"WebSite","@id":"https:\/\/www.sempertea.eu\/#website","url":"https:\/\/www.sempertea.eu\/","name":"Semper Tea | Mayorista y fabricante de T\u00e9s e Infusiones para hoteles, restaurantes y bares","description":"T\u00e9s e infusiones para hosteler\u00eda, hoteler\u00eda y comercio","potentialAction":[{"@type":"SearchAction","target":{"@type":"EntryPoint","urlTemplate":"https:\/\/www.sempertea.eu\/?s={search_term_string}"},"query-input":{"@type":"PropertyValueSpecification","valueRequired":true,"valueName":"search_term_string"}}],"inLanguage":"de"}]}},"_links":{"self":[{"href":"https:\/\/www.sempertea.eu\/de\/wp-json\/wp\/v2\/product\/5249","targetHints":{"allow":["GET"]}}],"collection":[{"href":"https:\/\/www.sempertea.eu\/de\/wp-json\/wp\/v2\/product"}],"about":[{"href":"https:\/\/www.sempertea.eu\/de\/wp-json\/wp\/v2\/types\/product"}],"replies":[{"embeddable":true,"href":"https:\/\/www.sempertea.eu\/de\/wp-json\/wp\/v2\/comments?post=5249"}],"wp:featuredmedia":[{"embeddable":true,"href":"https:\/\/www.sempertea.eu\/de\/wp-json\/wp\/v2\/media\/4337"}],"wp:attachment":[{"href":"https:\/\/www.sempertea.eu\/de\/wp-json\/wp\/v2\/media?parent=5249"}],"wp:term":[{"taxonomy":"product_brand","embeddable":true,"href":"https:\/\/www.sempertea.eu\/de\/wp-json\/wp\/v2\/product_brand?post=5249"},{"taxonomy":"product_cat","embeddable":true,"href":"https:\/\/www.sempertea.eu\/de\/wp-json\/wp\/v2\/product_cat?post=5249"},{"taxonomy":"product_tag","embeddable":true,"href":"https:\/\/www.sempertea.eu\/de\/wp-json\/wp\/v2\/product_tag?post=5249"}],"curies":[{"name":"wp","href":"https:\/\/api.w.org\/{rel}","templated":true}]}}