{"id":5245,"date":"2021-08-07T11:57:54","date_gmt":"2022-08-07T14:58:50","guid":{"rendered":"https:\/\/www.sempertea.eu\/teekiste-mit-6-teepyramiden-tee-geschenke-ideen\/"},"modified":"2023-02-07T19:11:28","modified_gmt":"2023-02-07T18:11:28","slug":"edle-teekiste-zum-verschenken-pyramiden-teeaufgusbeutel","status":"publish","type":"product","link":"https:\/\/www.sempertea.eu\/de\/Produkte\/edle-teekiste-zum-verschenken-pyramiden-teeaufgusbeutel\/","title":{"rendered":"Teekiste mit 6 Teepyramiden | Tee Geschenke"},"content":{"rendered":"<div class=\"tab-panels\">\n<div id=\"tab-description\" class=\"woocommerce-Tabs-panel woocommerce-Tabs-panel--description panel entry-content active\" role=\"tabpanel\" aria-labelledby=\"tab-title-description\">\n<div class=\"tab-panels\">\n<div id=\"tab-description\" class=\"woocommerce-Tabs-panel woocommerce-Tabs-panel--description panel entry-content active\" role=\"tabpanel\" aria-labelledby=\"tab-title-description\">\n<h2>Tee-Geschenkbox mit 6 Tee-Pyramiden einzeln attraktiv verpackt<\/h2>\n<p>Diese Teebox mit 6 Bio-Teepyramiden ist ein wertvolles Geschenk f\u00fcr jeden Teeliebhaber. Eine moderne und elegante Box aus lackiertem Holz mit individuellen F\u00e4chern und 6 ausgew\u00e4hlten Bio-Tees. Loser Blatt-Tee in biologisch abbaubaren Teebeuteln und ansprechender Designer Verpackung. Mit diesem Teepr\u00e4sent liegen Sie immer richtig.<\/p>\n<p>Ma\u00dfe 164 x 124 x 54 mm<\/p>\n<h2>Kleine und feine Teekiste im Hotelzimmer<\/h2>\n<p>Mit unserer kleinsten und pers\u00f6nlichsten Teekiste bieten Sie Ihren G\u00e4sten einen besonderen Genuss in ihrem privaten Ambiente.<br \/>\nDiese Teekiste bietet 6 Bio Teepyramiden, jede ist einzeln verpackt, in Designer-Schachtel, was Hygiene und einfache Handhabung gew\u00e4hrleistet. In der ger\u00e4umigen abbaubaren Pyramide kann der lose Tee perfekt aufquellen um sein exquisites Aroma zu entfalten. Ein garantiert erstklassiger Teegenuss.<\/p>\n<p>Unsere Teekiste mit 6 Teepyramiden finden Sie auch in Besprechungsr\u00e4umen, B\u00fcros oder in jedem Fachgesch\u00e4ft.<br \/>\nAuch als Geschenk beeindrucken Sie jeden Teeliebhaber, mit Qualit\u00e4t, Originalit\u00e4t und einer feinen Auswahl an Biotees.<\/p>\n<p>&nbsp;<\/p>\n<\/div>\n<\/div>\n<\/div>\n<\/div>\n","protected":false},"excerpt":{"rendered":"<div class=\"product-short-description\">\n<p><strong>Teekiste<\/strong> mit 6 abbaubaren Teepyramiden. Eine moderne und elegante Box aus lackiertem Holz mit individuellen Abteilungen. <strong>Die Teekiste<\/strong> enth\u00e4lt 6 Sorten sorgf\u00e4ltig <strong>ausgew\u00e4hlter Bio-Tees und Aufg\u00fcsse.<\/strong><\/p>\n<p>Ma\u00dfe 164 x 124 x 54 mm<\/p>\n<\/div>\n","protected":false},"featured_media":4297,"comment_status":"open","ping_status":"closed","template":"","meta":[],"product_brand":[],"product_cat":[115,116,114,110,113,109,108,123],"product_tag":[],"class_list":{"0":"post-5245","1":"product","2":"type-product","3":"status-publish","4":"has-post-thumbnail","6":"product_cat-alle-de","7":"product_cat-alle-de-2","8":"product_cat-alle","9":"product_cat-biologisch-abbaubare-pyramide-teebeutel-biotee-kompostierbar","10":"product_cat-biotees-sortiment-online-kaufen","11":"product_cat-tee-pyramidenbeutel-teepyramide-verpackung-abbaubar-nachhaltig","12":"product_cat-sortiment-tee-packaging-verpackung-attraktiv-biotees-design","13":"product_cat-teegeschenke-teekisten-teeideen-teeliebhaber-geschenk-mit-tee","15":"first","16":"instock","17":"shipping-taxable","18":"purchasable","19":"product-type-simple"},"yoast_head":"<!-- This site is optimized with the Yoast SEO Premium plugin v27.3 (Yoast SEO v27.4) - https:\/\/yoast.com\/product\/yoast-seo-premium-wordpress\/ -->\n<title>Tolle Teekiste zum Verschenken | Biotee in der abbaubaren Teepyramide<\/title>\n<meta name=\"description\" content=\"Tolles Teegeschenk f\u00fcr Tea Lover. Biotee im Pyramidenbeutel, einzeln in Designerschachtel verpackt und in eleganter Teekiste pr\u00e4sentiert.\" \/>\n<meta name=\"robots\" content=\"index, follow, max-snippet:-1, max-image-preview:large, max-video-preview:-1\" \/>\n<link rel=\"canonical\" href=\"https:\/\/www.sempertea.eu\/de\/Produkte\/edle-teekiste-zum-verschenken-pyramiden-teeaufgusbeutel\/\" \/>\n<meta property=\"og:locale\" content=\"de_DE\" \/>\n<meta property=\"og:type\" content=\"article\" \/>\n<meta property=\"og:title\" content=\"Teekiste mit 6 Teepyramiden | Tee Geschenke\" \/>\n<meta property=\"og:description\" content=\"Tolles Teegeschenk f\u00fcr Tea Lover. Biotee im Pyramidenbeutel, einzeln in Designerschachtel verpackt und in eleganter Teekiste pr\u00e4sentiert.\" \/>\n<meta property=\"og:url\" content=\"https:\/\/www.sempertea.eu\/de\/Produkte\/edle-teekiste-zum-verschenken-pyramiden-teeaufgusbeutel\/\" \/>\n<meta property=\"og:site_name\" content=\"Semper Tea | Mayorista y fabricante de T\u00e9s e Infusiones para hoteles, restaurantes y bares\" \/>\n<meta property=\"article:modified_time\" content=\"2023-02-07T18:11:28+00:00\" \/>\n<meta property=\"og:image\" content=\"https:\/\/www.sempertea.eu\/wp-content\/uploads\/2021\/08\/caja-de-madera-de-tes-e-infusiones-organicas-regalo-exclusivo-semper-tea.jpg\" \/>\n<meta name=\"twitter:card\" content=\"summary_large_image\" \/>\n<meta name=\"twitter:label1\" content=\"Gesch\u00e4tzte Lesezeit\" \/>\n\t<meta name=\"twitter:data1\" content=\"1\u00a0Minute\" \/>\n<script type=\"application\/ld+json\" class=\"yoast-schema-graph\">{\"@context\":\"https:\\\/\\\/schema.org\",\"@graph\":[{\"@type\":\"WebPage\",\"@id\":\"https:\\\/\\\/www.sempertea.eu\\\/de\\\/Produkte\\\/edle-teekiste-zum-verschenken-pyramiden-teeaufgusbeutel\\\/\",\"url\":\"https:\\\/\\\/www.sempertea.eu\\\/de\\\/Produkte\\\/edle-teekiste-zum-verschenken-pyramiden-teeaufgusbeutel\\\/\",\"name\":\"Tolle Teekiste zum Verschenken | Biotee in der abbaubaren Teepyramide\",\"isPartOf\":{\"@id\":\"https:\\\/\\\/www.sempertea.eu\\\/#website\"},\"primaryImageOfPage\":{\"@id\":\"https:\\\/\\\/www.sempertea.eu\\\/de\\\/Produkte\\\/edle-teekiste-zum-verschenken-pyramiden-teeaufgusbeutel\\\/#primaryimage\"},\"image\":{\"@id\":\"https:\\\/\\\/www.sempertea.eu\\\/de\\\/Produkte\\\/edle-teekiste-zum-verschenken-pyramiden-teeaufgusbeutel\\\/#primaryimage\"},\"thumbnailUrl\":\"https:\\\/\\\/www.sempertea.eu\\\/wp-content\\\/uploads\\\/2021\\\/08\\\/caja-para-tes-e-infuisiones-regalo-de-te-kit-de-te-organico-semper-tea-.jpg\",\"datePublished\":\"2022-08-07T14:58:50+00:00\",\"dateModified\":\"2023-02-07T18:11:28+00:00\",\"description\":\"Tolles Teegeschenk f\u00fcr Tea Lover. Biotee im Pyramidenbeutel, einzeln in Designerschachtel verpackt und in eleganter Teekiste pr\u00e4sentiert.\",\"breadcrumb\":{\"@id\":\"https:\\\/\\\/www.sempertea.eu\\\/de\\\/Produkte\\\/edle-teekiste-zum-verschenken-pyramiden-teeaufgusbeutel\\\/#breadcrumb\"},\"inLanguage\":\"de\",\"potentialAction\":[{\"@type\":\"ReadAction\",\"target\":[\"https:\\\/\\\/www.sempertea.eu\\\/de\\\/Produkte\\\/edle-teekiste-zum-verschenken-pyramiden-teeaufgusbeutel\\\/\"]}]},{\"@type\":\"ImageObject\",\"inLanguage\":\"de\",\"@id\":\"https:\\\/\\\/www.sempertea.eu\\\/de\\\/Produkte\\\/edle-teekiste-zum-verschenken-pyramiden-teeaufgusbeutel\\\/#primaryimage\",\"url\":\"https:\\\/\\\/www.sempertea.eu\\\/wp-content\\\/uploads\\\/2021\\\/08\\\/caja-para-tes-e-infuisiones-regalo-de-te-kit-de-te-organico-semper-tea-.jpg\",\"contentUrl\":\"https:\\\/\\\/www.sempertea.eu\\\/wp-content\\\/uploads\\\/2021\\\/08\\\/caja-para-tes-e-infuisiones-regalo-de-te-kit-de-te-organico-semper-tea-.jpg\",\"width\":1500,\"height\":1500,\"caption\":\"Box f\u00fcr Tees Tee-Geschenkbox Bio-Tee-Kit semper tea\"},{\"@type\":\"BreadcrumbList\",\"@id\":\"https:\\\/\\\/www.sempertea.eu\\\/de\\\/Produkte\\\/edle-teekiste-zum-verschenken-pyramiden-teeaufgusbeutel\\\/#breadcrumb\",\"itemListElement\":[{\"@type\":\"ListItem\",\"position\":1,\"name\":\"Portada\",\"item\":\"https:\\\/\\\/www.sempertea.eu\\\/de\\\/\"},{\"@type\":\"ListItem\",\"position\":2,\"name\":\"Shop\",\"item\":\"https:\\\/\\\/www.sempertea.eu\\\/de\\\/shop\\\/\"},{\"@type\":\"ListItem\",\"position\":3,\"name\":\"Teekiste mit 6 Teepyramiden | Tee Geschenke\"}]},{\"@type\":\"WebSite\",\"@id\":\"https:\\\/\\\/www.sempertea.eu\\\/#website\",\"url\":\"https:\\\/\\\/www.sempertea.eu\\\/\",\"name\":\"Semper Tea | Mayorista y fabricante de T\u00e9s e Infusiones para hoteles, restaurantes y bares\",\"description\":\"T\u00e9s e infusiones para hosteler\u00eda, hoteler\u00eda y comercio\",\"potentialAction\":[{\"@type\":\"SearchAction\",\"target\":{\"@type\":\"EntryPoint\",\"urlTemplate\":\"https:\\\/\\\/www.sempertea.eu\\\/?s={search_term_string}\"},\"query-input\":{\"@type\":\"PropertyValueSpecification\",\"valueRequired\":true,\"valueName\":\"search_term_string\"}}],\"inLanguage\":\"de\"}]}<\/script>\n<!-- \/ Yoast SEO Premium plugin. -->","yoast_head_json":{"title":"Tolle Teekiste zum Verschenken | Biotee in der abbaubaren Teepyramide","description":"Tolles Teegeschenk f\u00fcr Tea Lover. Biotee im Pyramidenbeutel, einzeln in Designerschachtel verpackt und in eleganter Teekiste pr\u00e4sentiert.","robots":{"index":"index","follow":"follow","max-snippet":"max-snippet:-1","max-image-preview":"max-image-preview:large","max-video-preview":"max-video-preview:-1"},"canonical":"https:\/\/www.sempertea.eu\/de\/Produkte\/edle-teekiste-zum-verschenken-pyramiden-teeaufgusbeutel\/","og_locale":"de_DE","og_type":"article","og_title":"Teekiste mit 6 Teepyramiden | Tee Geschenke","og_description":"Tolles Teegeschenk f\u00fcr Tea Lover. Biotee im Pyramidenbeutel, einzeln in Designerschachtel verpackt und in eleganter Teekiste pr\u00e4sentiert.","og_url":"https:\/\/www.sempertea.eu\/de\/Produkte\/edle-teekiste-zum-verschenken-pyramiden-teeaufgusbeutel\/","og_site_name":"Semper Tea | Mayorista y fabricante de T\u00e9s e Infusiones para hoteles, restaurantes y bares","article_modified_time":"2023-02-07T18:11:28+00:00","og_image":[{"url":"https:\/\/www.sempertea.eu\/wp-content\/uploads\/2021\/08\/caja-de-madera-de-tes-e-infusiones-organicas-regalo-exclusivo-semper-tea.jpg","type":"","width":"","height":""}],"twitter_card":"summary_large_image","twitter_misc":{"Gesch\u00e4tzte Lesezeit":"1\u00a0Minute"},"schema":{"@context":"https:\/\/schema.org","@graph":[{"@type":"WebPage","@id":"https:\/\/www.sempertea.eu\/de\/Produkte\/edle-teekiste-zum-verschenken-pyramiden-teeaufgusbeutel\/","url":"https:\/\/www.sempertea.eu\/de\/Produkte\/edle-teekiste-zum-verschenken-pyramiden-teeaufgusbeutel\/","name":"Tolle Teekiste zum Verschenken | Biotee in der abbaubaren Teepyramide","isPartOf":{"@id":"https:\/\/www.sempertea.eu\/#website"},"primaryImageOfPage":{"@id":"https:\/\/www.sempertea.eu\/de\/Produkte\/edle-teekiste-zum-verschenken-pyramiden-teeaufgusbeutel\/#primaryimage"},"image":{"@id":"https:\/\/www.sempertea.eu\/de\/Produkte\/edle-teekiste-zum-verschenken-pyramiden-teeaufgusbeutel\/#primaryimage"},"thumbnailUrl":"https:\/\/www.sempertea.eu\/wp-content\/uploads\/2021\/08\/caja-para-tes-e-infuisiones-regalo-de-te-kit-de-te-organico-semper-tea-.jpg","datePublished":"2022-08-07T14:58:50+00:00","dateModified":"2023-02-07T18:11:28+00:00","description":"Tolles Teegeschenk f\u00fcr Tea Lover. Biotee im Pyramidenbeutel, einzeln in Designerschachtel verpackt und in eleganter Teekiste pr\u00e4sentiert.","breadcrumb":{"@id":"https:\/\/www.sempertea.eu\/de\/Produkte\/edle-teekiste-zum-verschenken-pyramiden-teeaufgusbeutel\/#breadcrumb"},"inLanguage":"de","potentialAction":[{"@type":"ReadAction","target":["https:\/\/www.sempertea.eu\/de\/Produkte\/edle-teekiste-zum-verschenken-pyramiden-teeaufgusbeutel\/"]}]},{"@type":"ImageObject","inLanguage":"de","@id":"https:\/\/www.sempertea.eu\/de\/Produkte\/edle-teekiste-zum-verschenken-pyramiden-teeaufgusbeutel\/#primaryimage","url":"https:\/\/www.sempertea.eu\/wp-content\/uploads\/2021\/08\/caja-para-tes-e-infuisiones-regalo-de-te-kit-de-te-organico-semper-tea-.jpg","contentUrl":"https:\/\/www.sempertea.eu\/wp-content\/uploads\/2021\/08\/caja-para-tes-e-infuisiones-regalo-de-te-kit-de-te-organico-semper-tea-.jpg","width":1500,"height":1500,"caption":"Box f\u00fcr Tees Tee-Geschenkbox Bio-Tee-Kit semper tea"},{"@type":"BreadcrumbList","@id":"https:\/\/www.sempertea.eu\/de\/Produkte\/edle-teekiste-zum-verschenken-pyramiden-teeaufgusbeutel\/#breadcrumb","itemListElement":[{"@type":"ListItem","position":1,"name":"Portada","item":"https:\/\/www.sempertea.eu\/de\/"},{"@type":"ListItem","position":2,"name":"Shop","item":"https:\/\/www.sempertea.eu\/de\/shop\/"},{"@type":"ListItem","position":3,"name":"Teekiste mit 6 Teepyramiden | Tee Geschenke"}]},{"@type":"WebSite","@id":"https:\/\/www.sempertea.eu\/#website","url":"https:\/\/www.sempertea.eu\/","name":"Semper Tea | Mayorista y fabricante de T\u00e9s e Infusiones para hoteles, restaurantes y bares","description":"T\u00e9s e infusiones para hosteler\u00eda, hoteler\u00eda y comercio","potentialAction":[{"@type":"SearchAction","target":{"@type":"EntryPoint","urlTemplate":"https:\/\/www.sempertea.eu\/?s={search_term_string}"},"query-input":{"@type":"PropertyValueSpecification","valueRequired":true,"valueName":"search_term_string"}}],"inLanguage":"de"}]}},"_links":{"self":[{"href":"https:\/\/www.sempertea.eu\/de\/wp-json\/wp\/v2\/product\/5245","targetHints":{"allow":["GET"]}}],"collection":[{"href":"https:\/\/www.sempertea.eu\/de\/wp-json\/wp\/v2\/product"}],"about":[{"href":"https:\/\/www.sempertea.eu\/de\/wp-json\/wp\/v2\/types\/product"}],"replies":[{"embeddable":true,"href":"https:\/\/www.sempertea.eu\/de\/wp-json\/wp\/v2\/comments?post=5245"}],"wp:featuredmedia":[{"embeddable":true,"href":"https:\/\/www.sempertea.eu\/de\/wp-json\/wp\/v2\/media\/4297"}],"wp:attachment":[{"href":"https:\/\/www.sempertea.eu\/de\/wp-json\/wp\/v2\/media?parent=5245"}],"wp:term":[{"taxonomy":"product_brand","embeddable":true,"href":"https:\/\/www.sempertea.eu\/de\/wp-json\/wp\/v2\/product_brand?post=5245"},{"taxonomy":"product_cat","embeddable":true,"href":"https:\/\/www.sempertea.eu\/de\/wp-json\/wp\/v2\/product_cat?post=5245"},{"taxonomy":"product_tag","embeddable":true,"href":"https:\/\/www.sempertea.eu\/de\/wp-json\/wp\/v2\/product_tag?post=5245"}],"curies":[{"name":"wp","href":"https:\/\/api.w.org\/{rel}","templated":true}]}}