{"id":5244,"date":"2021-08-07T12:22:32","date_gmt":"2021-08-07T11:22:32","guid":{"rendered":"https:\/\/www.sempertea.eu\/teekiste-mit-56-teepyramiden-geschenke-mit-tee\/"},"modified":"2023-02-07T19:02:18","modified_gmt":"2023-02-07T18:02:18","slug":"teebox-teekiste-buffet-catering-biotee-events","status":"publish","type":"product","link":"https:\/\/www.sempertea.eu\/de\/Produkte\/teebox-teekiste-buffet-catering-biotee-events\/","title":{"rendered":"Teekiste mit 56 Teepyramiden | Tee Geschenke"},"content":{"rendered":"<div class=\"tab-panels\">\n<div id=\"tab-description\" class=\"woocommerce-Tabs-panel woocommerce-Tabs-panel--description panel entry-content active\" role=\"tabpanel\" aria-labelledby=\"tab-title-description\">\n<div class=\"tab-panels\">\n<div id=\"tab-description\" class=\"woocommerce-Tabs-panel woocommerce-Tabs-panel--description panel entry-content active\" role=\"tabpanel\" aria-labelledby=\"tab-title-description\">\n<h2>Grosse Teebox mit 56 Bio-Teepyramiden<\/h2>\n<h3>Attraktive Teepr\u00e4sentation f\u00fcr das Buffet oder Catering<strong><br \/>\n<\/strong><\/h3>\n<p>Ein wesentlicher Teil bei der Zusammenstellung des idealen Buffets ist der visuelle Aspekt. Unsere sch\u00f6ne Teekiste bietet 56 Biotee Pyramiden.<\/p>\n<p><strong>12 Teevarianten, die nach Farben <\/strong>geordnet werden k\u00f6nnen, f\u00fcr die <strong>optische Wirkung<\/strong> und das <strong>Erleichtern beim Auff\u00fcllen.<\/strong> Jeder biologisch abbaubare Pyramidenbeutel ist einzeln verpackt, was Hygiene und einfache Handhabung gew\u00e4hrleistet. Der <strong>ger\u00e4umige Pyramidenbeutel<\/strong> l\u00e4sst den losen Tee aufquellen um sein <strong>exquisites Aroma<\/strong> komplett zu entfalten.<\/p>\n<p>Unsere Teekiste 56 ist die gr\u00f6\u00dfte in unserer Teelinie <strong>Coral<\/strong> und wurde speziell f\u00fcr die gehobene Hotellerie und Gastronomie designed. Bei Buffets, Caterings, Tagungen und Events ist Semper Tea das Highlight bei Ihrem Teeangebot.<\/p>\n<p>Auch als besonderes Geschenk ist unsere Teekiste 56 ideal. Eine Teevielfalt aus aller Welt, um neue Geschmacksrichtungen und Aromen zu entdecken.<\/p>\n<p><strong>Die Teekiste<\/strong> enth\u00e4lt eine Vielfalt an 56 Teepyramiden und w\u00fcrde sicherlich jeden <strong>Tea Lover <\/strong>beeindrucken. Eine moderne und elegante Box aus lackiertem Holz mit individuellen Abteilungen.<\/p>\n<\/div>\n<\/div>\n<\/div>\n<\/div>\n","protected":false},"excerpt":{"rendered":"<div class=\"product-short-description\">\n<p><strong>Tee-Box mit 56 Tees in der biologisch abbaubaren Pyramide.<\/strong> Eine moderne und elegante Box aus lackiertem Holz mit individuellen F\u00e4chern. Die <strong>Teebox<\/strong> enth\u00e4lt 12 erlesene<strong>\u00a0Biotees.<\/strong><\/p>\n<p>Masse 377 x 338 x 54 mm<\/p>\n<\/div>\n","protected":false},"featured_media":4299,"comment_status":"open","ping_status":"closed","template":"","meta":[],"product_brand":[],"product_cat":[114,115,116,110,113,109,361,358,357,108,123,359,356,360],"product_tag":[],"class_list":{"0":"post-5244","1":"product","2":"type-product","3":"status-publish","4":"has-post-thumbnail","6":"product_cat-alle","7":"product_cat-alle-de","8":"product_cat-alle-de-2","9":"product_cat-biologisch-abbaubare-pyramide-teebeutel-biotee-kompostierbar","10":"product_cat-biotees-sortiment-online-kaufen","11":"product_cat-tee-pyramidenbeutel-teepyramide-verpackung-abbaubar-nachhaltig","12":"product_cat-geburtstagsangaben","13":"product_cat-ideen-zum-vatertag","14":"product_cat-muttertags-pakete","15":"product_cat-sortiment-tee-packaging-verpackung-attraktiv-biotees-design","16":"product_cat-teegeschenke-teekisten-teeideen-teeliebhaber-geschenk-mit-tee","17":"product_cat-teeliebhaber-tea-lover","18":"product_cat-valentinsgeschenke","19":"product_cat-weihnachtsgeschenke","21":"first","22":"outofstock","23":"shipping-taxable","24":"purchasable","25":"product-type-simple"},"yoast_head":"<!-- This site is optimized with the Yoast SEO Premium plugin v27.3 (Yoast SEO v27.4) - https:\/\/yoast.com\/product\/yoast-seo-premium-wordpress\/ -->\n<title>Teekiste mit 56 Teepyramiden | Biotee f\u00fcr Buffet, Catering und Events<\/title>\n<meta name=\"description\" content=\"Ansprechend organisierter Tee f\u00fcr das Buffet. 56 Biotee Pyramiden attraktiv pr\u00e4sentiert. Elegante Teekiste f\u00fcr Hotel, Catering und Events.\" \/>\n<meta name=\"robots\" content=\"index, follow, max-snippet:-1, max-image-preview:large, max-video-preview:-1\" \/>\n<link rel=\"canonical\" href=\"https:\/\/www.sempertea.eu\/Produkte\/caja-de-infusiones-para-regalar\/\" \/>\n<meta property=\"og:locale\" content=\"de_DE\" \/>\n<meta property=\"og:type\" content=\"article\" \/>\n<meta property=\"og:title\" content=\"Teekiste mit 56 Teepyramiden | Tee Geschenke\" \/>\n<meta property=\"og:description\" content=\"Ansprechend organisierter Tee f\u00fcr das Buffet. 56 Biotee Pyramiden attraktiv pr\u00e4sentiert. Elegante Teekiste f\u00fcr Hotel, Catering und Events.\" \/>\n<meta property=\"og:url\" content=\"https:\/\/www.sempertea.eu\/Produkte\/caja-de-infusiones-para-regalar\/\" \/>\n<meta property=\"og:site_name\" content=\"Semper Tea | Mayorista y fabricante de T\u00e9s e Infusiones para hoteles, restaurantes y bares\" \/>\n<meta property=\"article:modified_time\" content=\"2023-02-07T18:02:18+00:00\" \/>\n<meta property=\"og:image\" content=\"https:\/\/www.sempertea.eu\/wp-content\/uploads\/2021\/08\/caja-de-madera-de-tes-e-infusiones-organicas-regalo-exclusivo-semper-tea.jpg\" \/>\n<meta name=\"twitter:card\" content=\"summary_large_image\" \/>\n<meta name=\"twitter:label1\" content=\"Gesch\u00e4tzte Lesezeit\" \/>\n\t<meta name=\"twitter:data1\" content=\"1\u00a0Minute\" \/>\n<script type=\"application\/ld+json\" class=\"yoast-schema-graph\">{\"@context\":\"https:\\\/\\\/schema.org\",\"@graph\":[{\"@type\":\"WebPage\",\"@id\":\"https:\\\/\\\/www.sempertea.eu\\\/Produkte\\\/caja-de-infusiones-para-regalar\\\/\",\"url\":\"https:\\\/\\\/www.sempertea.eu\\\/Produkte\\\/caja-de-infusiones-para-regalar\\\/\",\"name\":\"Teekiste mit 56 Teepyramiden | Biotee f\u00fcr Buffet, Catering und Events\",\"isPartOf\":{\"@id\":\"https:\\\/\\\/www.sempertea.eu\\\/#website\"},\"primaryImageOfPage\":{\"@id\":\"https:\\\/\\\/www.sempertea.eu\\\/Produkte\\\/caja-de-infusiones-para-regalar\\\/#primaryimage\"},\"image\":{\"@id\":\"https:\\\/\\\/www.sempertea.eu\\\/Produkte\\\/caja-de-infusiones-para-regalar\\\/#primaryimage\"},\"thumbnailUrl\":\"https:\\\/\\\/www.sempertea.eu\\\/wp-content\\\/uploads\\\/2021\\\/08\\\/caja-para-guardar-infusiones-en-piramide-xxl-semper-tea.jpg\",\"datePublished\":\"2021-08-07T11:22:32+00:00\",\"dateModified\":\"2023-02-07T18:02:18+00:00\",\"description\":\"Ansprechend organisierter Tee f\u00fcr das Buffet. 56 Biotee Pyramiden attraktiv pr\u00e4sentiert. Elegante Teekiste f\u00fcr Hotel, Catering und Events.\",\"breadcrumb\":{\"@id\":\"https:\\\/\\\/www.sempertea.eu\\\/Produkte\\\/caja-de-infusiones-para-regalar\\\/#breadcrumb\"},\"inLanguage\":\"de\",\"potentialAction\":[{\"@type\":\"ReadAction\",\"target\":[\"https:\\\/\\\/www.sempertea.eu\\\/Produkte\\\/caja-de-infusiones-para-regalar\\\/\"]}]},{\"@type\":\"ImageObject\",\"inLanguage\":\"de\",\"@id\":\"https:\\\/\\\/www.sempertea.eu\\\/Produkte\\\/caja-de-infusiones-para-regalar\\\/#primaryimage\",\"url\":\"https:\\\/\\\/www.sempertea.eu\\\/wp-content\\\/uploads\\\/2021\\\/08\\\/caja-para-guardar-infusiones-en-piramide-xxl-semper-tea.jpg\",\"contentUrl\":\"https:\\\/\\\/www.sempertea.eu\\\/wp-content\\\/uploads\\\/2021\\\/08\\\/caja-para-guardar-infusiones-en-piramide-xxl-semper-tea.jpg\",\"width\":900,\"height\":900,\"caption\":\"XXL-Teepyramiden-Aufbewahrungsbox Semper Tea\"},{\"@type\":\"BreadcrumbList\",\"@id\":\"https:\\\/\\\/www.sempertea.eu\\\/Produkte\\\/caja-de-infusiones-para-regalar\\\/#breadcrumb\",\"itemListElement\":[{\"@type\":\"ListItem\",\"position\":1,\"name\":\"Portada\",\"item\":\"https:\\\/\\\/www.sempertea.eu\\\/de\\\/\"},{\"@type\":\"ListItem\",\"position\":2,\"name\":\"Shop\",\"item\":\"https:\\\/\\\/www.sempertea.eu\\\/de\\\/shop\\\/\"},{\"@type\":\"ListItem\",\"position\":3,\"name\":\"Teekiste mit 56 Teepyramiden | Tee Geschenke\"}]},{\"@type\":\"WebSite\",\"@id\":\"https:\\\/\\\/www.sempertea.eu\\\/#website\",\"url\":\"https:\\\/\\\/www.sempertea.eu\\\/\",\"name\":\"Semper Tea | Mayorista y fabricante de T\u00e9s e Infusiones para hoteles, restaurantes y bares\",\"description\":\"T\u00e9s e infusiones para hosteler\u00eda, hoteler\u00eda y comercio\",\"potentialAction\":[{\"@type\":\"SearchAction\",\"target\":{\"@type\":\"EntryPoint\",\"urlTemplate\":\"https:\\\/\\\/www.sempertea.eu\\\/?s={search_term_string}\"},\"query-input\":{\"@type\":\"PropertyValueSpecification\",\"valueRequired\":true,\"valueName\":\"search_term_string\"}}],\"inLanguage\":\"de\"}]}<\/script>\n<!-- \/ Yoast SEO Premium plugin. -->","yoast_head_json":{"title":"Teekiste mit 56 Teepyramiden | Biotee f\u00fcr Buffet, Catering und Events","description":"Ansprechend organisierter Tee f\u00fcr das Buffet. 56 Biotee Pyramiden attraktiv pr\u00e4sentiert. Elegante Teekiste f\u00fcr Hotel, Catering und Events.","robots":{"index":"index","follow":"follow","max-snippet":"max-snippet:-1","max-image-preview":"max-image-preview:large","max-video-preview":"max-video-preview:-1"},"canonical":"https:\/\/www.sempertea.eu\/Produkte\/caja-de-infusiones-para-regalar\/","og_locale":"de_DE","og_type":"article","og_title":"Teekiste mit 56 Teepyramiden | Tee Geschenke","og_description":"Ansprechend organisierter Tee f\u00fcr das Buffet. 56 Biotee Pyramiden attraktiv pr\u00e4sentiert. Elegante Teekiste f\u00fcr Hotel, Catering und Events.","og_url":"https:\/\/www.sempertea.eu\/Produkte\/caja-de-infusiones-para-regalar\/","og_site_name":"Semper Tea | Mayorista y fabricante de T\u00e9s e Infusiones para hoteles, restaurantes y bares","article_modified_time":"2023-02-07T18:02:18+00:00","og_image":[{"url":"https:\/\/www.sempertea.eu\/wp-content\/uploads\/2021\/08\/caja-de-madera-de-tes-e-infusiones-organicas-regalo-exclusivo-semper-tea.jpg","type":"","width":"","height":""}],"twitter_card":"summary_large_image","twitter_misc":{"Gesch\u00e4tzte Lesezeit":"1\u00a0Minute"},"schema":{"@context":"https:\/\/schema.org","@graph":[{"@type":"WebPage","@id":"https:\/\/www.sempertea.eu\/Produkte\/caja-de-infusiones-para-regalar\/","url":"https:\/\/www.sempertea.eu\/Produkte\/caja-de-infusiones-para-regalar\/","name":"Teekiste mit 56 Teepyramiden | Biotee f\u00fcr Buffet, Catering und Events","isPartOf":{"@id":"https:\/\/www.sempertea.eu\/#website"},"primaryImageOfPage":{"@id":"https:\/\/www.sempertea.eu\/Produkte\/caja-de-infusiones-para-regalar\/#primaryimage"},"image":{"@id":"https:\/\/www.sempertea.eu\/Produkte\/caja-de-infusiones-para-regalar\/#primaryimage"},"thumbnailUrl":"https:\/\/www.sempertea.eu\/wp-content\/uploads\/2021\/08\/caja-para-guardar-infusiones-en-piramide-xxl-semper-tea.jpg","datePublished":"2021-08-07T11:22:32+00:00","dateModified":"2023-02-07T18:02:18+00:00","description":"Ansprechend organisierter Tee f\u00fcr das Buffet. 56 Biotee Pyramiden attraktiv pr\u00e4sentiert. Elegante Teekiste f\u00fcr Hotel, Catering und Events.","breadcrumb":{"@id":"https:\/\/www.sempertea.eu\/Produkte\/caja-de-infusiones-para-regalar\/#breadcrumb"},"inLanguage":"de","potentialAction":[{"@type":"ReadAction","target":["https:\/\/www.sempertea.eu\/Produkte\/caja-de-infusiones-para-regalar\/"]}]},{"@type":"ImageObject","inLanguage":"de","@id":"https:\/\/www.sempertea.eu\/Produkte\/caja-de-infusiones-para-regalar\/#primaryimage","url":"https:\/\/www.sempertea.eu\/wp-content\/uploads\/2021\/08\/caja-para-guardar-infusiones-en-piramide-xxl-semper-tea.jpg","contentUrl":"https:\/\/www.sempertea.eu\/wp-content\/uploads\/2021\/08\/caja-para-guardar-infusiones-en-piramide-xxl-semper-tea.jpg","width":900,"height":900,"caption":"XXL-Teepyramiden-Aufbewahrungsbox Semper Tea"},{"@type":"BreadcrumbList","@id":"https:\/\/www.sempertea.eu\/Produkte\/caja-de-infusiones-para-regalar\/#breadcrumb","itemListElement":[{"@type":"ListItem","position":1,"name":"Portada","item":"https:\/\/www.sempertea.eu\/de\/"},{"@type":"ListItem","position":2,"name":"Shop","item":"https:\/\/www.sempertea.eu\/de\/shop\/"},{"@type":"ListItem","position":3,"name":"Teekiste mit 56 Teepyramiden | Tee Geschenke"}]},{"@type":"WebSite","@id":"https:\/\/www.sempertea.eu\/#website","url":"https:\/\/www.sempertea.eu\/","name":"Semper Tea | Mayorista y fabricante de T\u00e9s e Infusiones para hoteles, restaurantes y bares","description":"T\u00e9s e infusiones para hosteler\u00eda, hoteler\u00eda y comercio","potentialAction":[{"@type":"SearchAction","target":{"@type":"EntryPoint","urlTemplate":"https:\/\/www.sempertea.eu\/?s={search_term_string}"},"query-input":{"@type":"PropertyValueSpecification","valueRequired":true,"valueName":"search_term_string"}}],"inLanguage":"de"}]}},"_links":{"self":[{"href":"https:\/\/www.sempertea.eu\/de\/wp-json\/wp\/v2\/product\/5244","targetHints":{"allow":["GET"]}}],"collection":[{"href":"https:\/\/www.sempertea.eu\/de\/wp-json\/wp\/v2\/product"}],"about":[{"href":"https:\/\/www.sempertea.eu\/de\/wp-json\/wp\/v2\/types\/product"}],"replies":[{"embeddable":true,"href":"https:\/\/www.sempertea.eu\/de\/wp-json\/wp\/v2\/comments?post=5244"}],"wp:featuredmedia":[{"embeddable":true,"href":"https:\/\/www.sempertea.eu\/de\/wp-json\/wp\/v2\/media\/4299"}],"wp:attachment":[{"href":"https:\/\/www.sempertea.eu\/de\/wp-json\/wp\/v2\/media?parent=5244"}],"wp:term":[{"taxonomy":"product_brand","embeddable":true,"href":"https:\/\/www.sempertea.eu\/de\/wp-json\/wp\/v2\/product_brand?post=5244"},{"taxonomy":"product_cat","embeddable":true,"href":"https:\/\/www.sempertea.eu\/de\/wp-json\/wp\/v2\/product_cat?post=5244"},{"taxonomy":"product_tag","embeddable":true,"href":"https:\/\/www.sempertea.eu\/de\/wp-json\/wp\/v2\/product_tag?post=5244"}],"curies":[{"name":"wp","href":"https:\/\/api.w.org\/{rel}","templated":true}]}}