{"id":5243,"date":"2021-08-07T11:00:30","date_gmt":"2022-08-07T13:40:42","guid":{"rendered":"https:\/\/www.sempertea.eu\/teekiste-mit-24-teepyramiden-tee-geschenke\/"},"modified":"2023-02-07T18:52:32","modified_gmt":"2023-02-07T17:52:32","slug":"teebox-fuer-pyramidentee-geschenk-kiste-tee-set","status":"publish","type":"product","link":"https:\/\/www.sempertea.eu\/de\/Produkte\/teebox-fuer-pyramidentee-geschenk-kiste-tee-set\/","title":{"rendered":"Teekiste mit 24 Teepyramiden | Tee Geschenke"},"content":{"rendered":"<div class=\"tab-panels\">\n<div id=\"tab-description\" class=\"woocommerce-Tabs-panel woocommerce-Tabs-panel--description panel entry-content active\" role=\"tabpanel\" aria-labelledby=\"tab-title-description\">\n<h2>Teekiste mit 24 biologisch abbaubaren Teepyramiden<\/h2>\n<p>Bio Blatt-Tee, verpackt in einem biologisch abbaubaren <b>Pyramidenbeute<\/b><strong>l<\/strong>, in dem sich die Teebl\u00e4tter ausdehnen und ihr volles Aroma und ihren Geschmack entfalten k\u00f6nnen. Jeder einzelne Beutel kommt in individueller, attraktiver Designerbox &#8211; pr\u00e4sentiert in einer sehr ansprechenden Teekiste.<\/p>\n<h3>Suchen Sie ein besonderes Teegeschenk?<\/h3>\n<p>Dann sind Sie <strong>bei uns richtig<\/strong>. Wir geben Ihnen gerne Ideen und Anregungen um das<strong> richtige Teegeschenk finden<\/strong>.<br \/>\nEs ist oft schwierig bei so vielen Produkten die auf dem Markt sind, das passende Pr\u00e4sent zu finden. Mit den Teeboxen von Semper Tea schenken Sie Qualit\u00e4t, ein tolles Sortiment ausgew\u00e4hlter Biotees und Originalit\u00e4t. Die Teebox ist elegant und modern, mit 24 F\u00e4chern f\u00fcr jede Teepyramide.<\/p>\n<p>Alle Teepyramiden sind in attraktiven Designer-Schachteln verpackt. Dieses Geschenk offeriert <strong>Teevielfalt aus aller Welt<\/strong>\u2013 ideal um neue Geschmacksrichtungen und Aromen zu entdecken.<\/p>\n<h3>Genie\u00dfen Sie die Bio Teelinie Coral von Semper Tea<\/h3>\n<p>\u25cf English Breakfast<br \/>\n\u25cf Earl Grey<br \/>\n\u25cf Oolong<br \/>\n\u25cf Darjeeling<br \/>\n\u25cf Chai<br \/>\n\u25cf Green<br \/>\n\u25cf Herbal<br \/>\n\u25cf Pu-erh Vanilla<br \/>\n\u25cf Rooibos<br \/>\n\u25cf Fruit<br \/>\n\u25cf Mint<br \/>\n\u25cf Camomile<\/p>\n<\/div>\n<\/div>\n","protected":false},"excerpt":{"rendered":"<div class=\"product-short-description\">\n<p><strong>Teebox<\/strong> f\u00fcr 24 biologisch abbaubare <strong>Teepyramiden<\/strong>. Eine moderne und elegante Box aus lackiertem Holz mit individuellen F\u00e4chern. Die <strong>Teebox<\/strong> enth\u00e4lt 12 erlesene Biotees.<\/p>\n<p>Ma\u00dfe 293 x 210 x 54 mm<\/p>\n<\/div>\n","protected":false},"featured_media":4285,"comment_status":"open","ping_status":"closed","template":"","meta":[],"product_brand":[],"product_cat":[114,115,116,110,113,109,108,123],"product_tag":[],"class_list":{"0":"post-5243","1":"product","2":"type-product","3":"status-publish","4":"has-post-thumbnail","6":"product_cat-alle","7":"product_cat-alle-de","8":"product_cat-alle-de-2","9":"product_cat-biologisch-abbaubare-pyramide-teebeutel-biotee-kompostierbar","10":"product_cat-biotees-sortiment-online-kaufen","11":"product_cat-tee-pyramidenbeutel-teepyramide-verpackung-abbaubar-nachhaltig","12":"product_cat-sortiment-tee-packaging-verpackung-attraktiv-biotees-design","13":"product_cat-teegeschenke-teekisten-teeideen-teeliebhaber-geschenk-mit-tee","15":"first","16":"instock","17":"shipping-taxable","18":"purchasable","19":"product-type-simple"},"yoast_head":"<!-- This site is optimized with the Yoast SEO Premium plugin v27.3 (Yoast SEO v27.4) - https:\/\/yoast.com\/product\/yoast-seo-premium-wordpress\/ -->\n<title>TEEKISTE mit 24 Bio-Teepyramiden | Tee Set Geschenk f\u00fcr Sie und Ihn<\/title>\n<meta name=\"description\" content=\"Elegante Teebox mit 24 biologisch abbaubare Teepyramiden. Ein erlesenes Biotee-Sortiment attraktiv pr\u00e4sentiert. Das ideale Geschenk f\u00fcr Jeden.\" \/>\n<meta name=\"robots\" content=\"index, follow, max-snippet:-1, max-image-preview:large, max-video-preview:-1\" \/>\n<link rel=\"canonical\" href=\"https:\/\/www.sempertea.eu\/de\/Produkte\/teebox-fuer-pyramidentee-geschenk-kiste-tee-set\/\" \/>\n<meta property=\"og:locale\" content=\"de_DE\" \/>\n<meta property=\"og:type\" content=\"article\" \/>\n<meta property=\"og:title\" content=\"Teekiste mit 24 Teepyramiden | Tee Geschenke\" \/>\n<meta property=\"og:description\" content=\"Elegante Teebox mit 24 biologisch abbaubare Teepyramiden. Ein erlesenes Biotee-Sortiment attraktiv pr\u00e4sentiert. Das ideale Geschenk f\u00fcr Jeden.\" \/>\n<meta property=\"og:url\" content=\"https:\/\/www.sempertea.eu\/de\/Produkte\/teebox-fuer-pyramidentee-geschenk-kiste-tee-set\/\" \/>\n<meta property=\"og:site_name\" content=\"Semper Tea | Mayorista y fabricante de T\u00e9s e Infusiones para hoteles, restaurantes y bares\" \/>\n<meta property=\"article:modified_time\" content=\"2023-02-07T17:52:32+00:00\" \/>\n<meta property=\"og:image\" content=\"https:\/\/www.sempertea.eu\/wp-content\/uploads\/2021\/08\/caja-de-te-de-regalo-24-te-piramides-semper-tea.jpg\" \/>\n<meta name=\"twitter:card\" content=\"summary_large_image\" \/>\n<meta name=\"twitter:label1\" content=\"Gesch\u00e4tzte Lesezeit\" \/>\n\t<meta name=\"twitter:data1\" content=\"1\u00a0Minute\" \/>\n<script type=\"application\/ld+json\" class=\"yoast-schema-graph\">{\"@context\":\"https:\\\/\\\/schema.org\",\"@graph\":[{\"@type\":\"WebPage\",\"@id\":\"https:\\\/\\\/www.sempertea.eu\\\/de\\\/Produkte\\\/teebox-fuer-pyramidentee-geschenk-kiste-tee-set\\\/\",\"url\":\"https:\\\/\\\/www.sempertea.eu\\\/de\\\/Produkte\\\/teebox-fuer-pyramidentee-geschenk-kiste-tee-set\\\/\",\"name\":\"TEEKISTE mit 24 Bio-Teepyramiden | Tee Set Geschenk f\u00fcr Sie und Ihn\",\"isPartOf\":{\"@id\":\"https:\\\/\\\/www.sempertea.eu\\\/#website\"},\"primaryImageOfPage\":{\"@id\":\"https:\\\/\\\/www.sempertea.eu\\\/de\\\/Produkte\\\/teebox-fuer-pyramidentee-geschenk-kiste-tee-set\\\/#primaryimage\"},\"image\":{\"@id\":\"https:\\\/\\\/www.sempertea.eu\\\/de\\\/Produkte\\\/teebox-fuer-pyramidentee-geschenk-kiste-tee-set\\\/#primaryimage\"},\"thumbnailUrl\":\"https:\\\/\\\/www.sempertea.eu\\\/wp-content\\\/uploads\\\/2021\\\/08\\\/caja-para-tes-organicos-regalo-de-te-kit-de-te-organico-semper-tea.jpg\",\"datePublished\":\"2022-08-07T13:40:42+00:00\",\"dateModified\":\"2023-02-07T17:52:32+00:00\",\"description\":\"Elegante Teebox mit 24 biologisch abbaubare Teepyramiden. Ein erlesenes Biotee-Sortiment attraktiv pr\u00e4sentiert. Das ideale Geschenk f\u00fcr Jeden.\",\"breadcrumb\":{\"@id\":\"https:\\\/\\\/www.sempertea.eu\\\/de\\\/Produkte\\\/teebox-fuer-pyramidentee-geschenk-kiste-tee-set\\\/#breadcrumb\"},\"inLanguage\":\"de\",\"potentialAction\":[{\"@type\":\"ReadAction\",\"target\":[\"https:\\\/\\\/www.sempertea.eu\\\/de\\\/Produkte\\\/teebox-fuer-pyramidentee-geschenk-kiste-tee-set\\\/\"]}]},{\"@type\":\"ImageObject\",\"inLanguage\":\"de\",\"@id\":\"https:\\\/\\\/www.sempertea.eu\\\/de\\\/Produkte\\\/teebox-fuer-pyramidentee-geschenk-kiste-tee-set\\\/#primaryimage\",\"url\":\"https:\\\/\\\/www.sempertea.eu\\\/wp-content\\\/uploads\\\/2021\\\/08\\\/caja-para-tes-organicos-regalo-de-te-kit-de-te-organico-semper-tea.jpg\",\"contentUrl\":\"https:\\\/\\\/www.sempertea.eu\\\/wp-content\\\/uploads\\\/2021\\\/08\\\/caja-para-tes-organicos-regalo-de-te-kit-de-te-organico-semper-tea.jpg\",\"width\":900,\"height\":900,\"caption\":\"Box f\u00fcr Tees Tee-Geschenkbox Bio-Tee-Kit semper tea\"},{\"@type\":\"BreadcrumbList\",\"@id\":\"https:\\\/\\\/www.sempertea.eu\\\/de\\\/Produkte\\\/teebox-fuer-pyramidentee-geschenk-kiste-tee-set\\\/#breadcrumb\",\"itemListElement\":[{\"@type\":\"ListItem\",\"position\":1,\"name\":\"Portada\",\"item\":\"https:\\\/\\\/www.sempertea.eu\\\/de\\\/\"},{\"@type\":\"ListItem\",\"position\":2,\"name\":\"Shop\",\"item\":\"https:\\\/\\\/www.sempertea.eu\\\/de\\\/shop\\\/\"},{\"@type\":\"ListItem\",\"position\":3,\"name\":\"Teekiste mit 24 Teepyramiden | Tee Geschenke\"}]},{\"@type\":\"WebSite\",\"@id\":\"https:\\\/\\\/www.sempertea.eu\\\/#website\",\"url\":\"https:\\\/\\\/www.sempertea.eu\\\/\",\"name\":\"Semper Tea | Mayorista y fabricante de T\u00e9s e Infusiones para hoteles, restaurantes y bares\",\"description\":\"T\u00e9s e infusiones para hosteler\u00eda, hoteler\u00eda y comercio\",\"potentialAction\":[{\"@type\":\"SearchAction\",\"target\":{\"@type\":\"EntryPoint\",\"urlTemplate\":\"https:\\\/\\\/www.sempertea.eu\\\/?s={search_term_string}\"},\"query-input\":{\"@type\":\"PropertyValueSpecification\",\"valueRequired\":true,\"valueName\":\"search_term_string\"}}],\"inLanguage\":\"de\"}]}<\/script>\n<!-- \/ Yoast SEO Premium plugin. -->","yoast_head_json":{"title":"TEEKISTE mit 24 Bio-Teepyramiden | Tee Set Geschenk f\u00fcr Sie und Ihn","description":"Elegante Teebox mit 24 biologisch abbaubare Teepyramiden. Ein erlesenes Biotee-Sortiment attraktiv pr\u00e4sentiert. Das ideale Geschenk f\u00fcr Jeden.","robots":{"index":"index","follow":"follow","max-snippet":"max-snippet:-1","max-image-preview":"max-image-preview:large","max-video-preview":"max-video-preview:-1"},"canonical":"https:\/\/www.sempertea.eu\/de\/Produkte\/teebox-fuer-pyramidentee-geschenk-kiste-tee-set\/","og_locale":"de_DE","og_type":"article","og_title":"Teekiste mit 24 Teepyramiden | Tee Geschenke","og_description":"Elegante Teebox mit 24 biologisch abbaubare Teepyramiden. Ein erlesenes Biotee-Sortiment attraktiv pr\u00e4sentiert. Das ideale Geschenk f\u00fcr Jeden.","og_url":"https:\/\/www.sempertea.eu\/de\/Produkte\/teebox-fuer-pyramidentee-geschenk-kiste-tee-set\/","og_site_name":"Semper Tea | Mayorista y fabricante de T\u00e9s e Infusiones para hoteles, restaurantes y bares","article_modified_time":"2023-02-07T17:52:32+00:00","og_image":[{"url":"https:\/\/www.sempertea.eu\/wp-content\/uploads\/2021\/08\/caja-de-te-de-regalo-24-te-piramides-semper-tea.jpg","type":"","width":"","height":""}],"twitter_card":"summary_large_image","twitter_misc":{"Gesch\u00e4tzte Lesezeit":"1\u00a0Minute"},"schema":{"@context":"https:\/\/schema.org","@graph":[{"@type":"WebPage","@id":"https:\/\/www.sempertea.eu\/de\/Produkte\/teebox-fuer-pyramidentee-geschenk-kiste-tee-set\/","url":"https:\/\/www.sempertea.eu\/de\/Produkte\/teebox-fuer-pyramidentee-geschenk-kiste-tee-set\/","name":"TEEKISTE mit 24 Bio-Teepyramiden | Tee Set Geschenk f\u00fcr Sie und Ihn","isPartOf":{"@id":"https:\/\/www.sempertea.eu\/#website"},"primaryImageOfPage":{"@id":"https:\/\/www.sempertea.eu\/de\/Produkte\/teebox-fuer-pyramidentee-geschenk-kiste-tee-set\/#primaryimage"},"image":{"@id":"https:\/\/www.sempertea.eu\/de\/Produkte\/teebox-fuer-pyramidentee-geschenk-kiste-tee-set\/#primaryimage"},"thumbnailUrl":"https:\/\/www.sempertea.eu\/wp-content\/uploads\/2021\/08\/caja-para-tes-organicos-regalo-de-te-kit-de-te-organico-semper-tea.jpg","datePublished":"2022-08-07T13:40:42+00:00","dateModified":"2023-02-07T17:52:32+00:00","description":"Elegante Teebox mit 24 biologisch abbaubare Teepyramiden. Ein erlesenes Biotee-Sortiment attraktiv pr\u00e4sentiert. Das ideale Geschenk f\u00fcr Jeden.","breadcrumb":{"@id":"https:\/\/www.sempertea.eu\/de\/Produkte\/teebox-fuer-pyramidentee-geschenk-kiste-tee-set\/#breadcrumb"},"inLanguage":"de","potentialAction":[{"@type":"ReadAction","target":["https:\/\/www.sempertea.eu\/de\/Produkte\/teebox-fuer-pyramidentee-geschenk-kiste-tee-set\/"]}]},{"@type":"ImageObject","inLanguage":"de","@id":"https:\/\/www.sempertea.eu\/de\/Produkte\/teebox-fuer-pyramidentee-geschenk-kiste-tee-set\/#primaryimage","url":"https:\/\/www.sempertea.eu\/wp-content\/uploads\/2021\/08\/caja-para-tes-organicos-regalo-de-te-kit-de-te-organico-semper-tea.jpg","contentUrl":"https:\/\/www.sempertea.eu\/wp-content\/uploads\/2021\/08\/caja-para-tes-organicos-regalo-de-te-kit-de-te-organico-semper-tea.jpg","width":900,"height":900,"caption":"Box f\u00fcr Tees Tee-Geschenkbox Bio-Tee-Kit semper tea"},{"@type":"BreadcrumbList","@id":"https:\/\/www.sempertea.eu\/de\/Produkte\/teebox-fuer-pyramidentee-geschenk-kiste-tee-set\/#breadcrumb","itemListElement":[{"@type":"ListItem","position":1,"name":"Portada","item":"https:\/\/www.sempertea.eu\/de\/"},{"@type":"ListItem","position":2,"name":"Shop","item":"https:\/\/www.sempertea.eu\/de\/shop\/"},{"@type":"ListItem","position":3,"name":"Teekiste mit 24 Teepyramiden | Tee Geschenke"}]},{"@type":"WebSite","@id":"https:\/\/www.sempertea.eu\/#website","url":"https:\/\/www.sempertea.eu\/","name":"Semper Tea | Mayorista y fabricante de T\u00e9s e Infusiones para hoteles, restaurantes y bares","description":"T\u00e9s e infusiones para hosteler\u00eda, hoteler\u00eda y comercio","potentialAction":[{"@type":"SearchAction","target":{"@type":"EntryPoint","urlTemplate":"https:\/\/www.sempertea.eu\/?s={search_term_string}"},"query-input":{"@type":"PropertyValueSpecification","valueRequired":true,"valueName":"search_term_string"}}],"inLanguage":"de"}]}},"_links":{"self":[{"href":"https:\/\/www.sempertea.eu\/de\/wp-json\/wp\/v2\/product\/5243","targetHints":{"allow":["GET"]}}],"collection":[{"href":"https:\/\/www.sempertea.eu\/de\/wp-json\/wp\/v2\/product"}],"about":[{"href":"https:\/\/www.sempertea.eu\/de\/wp-json\/wp\/v2\/types\/product"}],"replies":[{"embeddable":true,"href":"https:\/\/www.sempertea.eu\/de\/wp-json\/wp\/v2\/comments?post=5243"}],"wp:featuredmedia":[{"embeddable":true,"href":"https:\/\/www.sempertea.eu\/de\/wp-json\/wp\/v2\/media\/4285"}],"wp:attachment":[{"href":"https:\/\/www.sempertea.eu\/de\/wp-json\/wp\/v2\/media?parent=5243"}],"wp:term":[{"taxonomy":"product_brand","embeddable":true,"href":"https:\/\/www.sempertea.eu\/de\/wp-json\/wp\/v2\/product_brand?post=5243"},{"taxonomy":"product_cat","embeddable":true,"href":"https:\/\/www.sempertea.eu\/de\/wp-json\/wp\/v2\/product_cat?post=5243"},{"taxonomy":"product_tag","embeddable":true,"href":"https:\/\/www.sempertea.eu\/de\/wp-json\/wp\/v2\/product_tag?post=5243"}],"curies":[{"name":"wp","href":"https:\/\/api.w.org\/{rel}","templated":true}]}}