{"id":5242,"date":"2021-07-06T12:02:27","date_gmt":"2022-08-04T21:30:45","guid":{"rendered":"https:\/\/www.sempertea.eu\/rooibos-biotee-i-pyramidenbeutel\/"},"modified":"2023-07-30T19:29:06","modified_gmt":"2023-07-30T18:29:06","slug":"rooibos-rotbusch-tee-ohne-koffein","status":"publish","type":"product","link":"https:\/\/www.sempertea.eu\/de\/Produkte\/rooibos-rotbusch-tee-ohne-koffein\/","title":{"rendered":"ROOIBOS Biotee I Pyramidenbeutel"},"content":{"rendered":"<h2>Der Rooibos-Strauch<\/h2>\n<p>Rooibos ist ein Strauch aus S\u00fcdafrika, den die Einheimischen des Landes zur Zubereitung eines k\u00f6stlichen Aufgusses verwenden. Nachdem die Zweige in der Sonne getrocknet wurden, werden sie in kleine St\u00fccke geschnitten. Die daraus resultierende Tasse hat eine rubinrote Farbe, einen <strong>milden und s\u00fc\u00dfen Geschmack<\/strong> sowie ein herrliches Aroma. Rooibos-Tee enth\u00e4lt weder Koffein noch Thein.<\/p>\n<h3>Rotbusch-Tee von Semper Tea<\/h3>\n<p>Semper Tea bietet ein k\u00f6stliches und gesundes Getr\u00e4nk mit Rooibos-Tee in pyramidenf\u00f6rmigen Teebeuteln. Dieser einzigartige Aufguss zeichnet sich durch einen s\u00fc\u00dfen Geschmack mit einem subtilen nussigen Unterton aus. Da er von Natur aus <strong>koffeinfrei<\/strong> ist, kann er zu jeder Tageszeit genossen werden, sogar vor dem Schlafengehen f\u00fcr Entspannung und besseren Schlaf.<\/p>\n<p>Dar\u00fcber hinaus ist Rooibos-Tee reich an <strong>Antioxidantien<\/strong> und enth\u00e4lt viele Vitamine und Mineralien wie Vitamin C, <strong>Eisen, Kalium, Kalzium, Kupfer, Zink und Fluorid.<\/strong><\/p>\n<h4><strong>Willkommen in unserer Welt des Rooibos-Tees!<\/strong><\/h4>\n<p>Erleben Sie den au\u00dfergew\u00f6hnlichen Geschmack und die gesundheitlichen Vorteile unseres koffeinfreien Rooibos-Tees. Nachhaltig verpackt in biologisch abbaubaren Pyramiden-Teebeuteln, ist dieses s\u00fcdafrikanische Juwel eine nat\u00fcrliche und wohltuende Wahl.<\/p>\n<p>Wir bei Semper Tea sind stolz darauf, Tee von h\u00f6chster Qualit\u00e4t zu liefern, der vor <strong>Antioxidantien und un\u00fcbertroffenem Geschmack<\/strong> nur so strotzt.<\/p>\n<p>Begleiten Sie uns auf eine Reise der Aromen und des Wohlbefindens und entdecken Sie, warum Rooibos-Tee von Teeliebhabern weltweit gesch\u00e4tzt wird. Lassen Sie sich von unserer Rooibos-<strong>Tee-Community<\/strong> inspirieren und entdecken Sie die Vorz\u00fcge dieser au\u00dfergew\u00f6hnlichen Teesorte!<\/p>\n","protected":false},"excerpt":{"rendered":"<p><strong>Natur pur, vollmundig und koffeinfrei<\/strong><\/p>\n<p>Ein vollmundiger Tee mit nat\u00fcrlichem Aroma aus dem magischen S\u00fcdafrika. Ein angenehmer, leicht erdiger und s\u00fc\u00dfer Geschmack mit einer tiefen, braunen Farbe. Ein entspannendes Getr\u00e4nk ohne Koffein, das zu jeder Tageszeit genossen warden kann.<\/p>\n","protected":false},"featured_media":4118,"comment_status":"open","ping_status":"closed","template":"","meta":[],"product_brand":[],"product_cat":[114,115,116,110,113,109,122,108],"product_tag":[],"class_list":{"0":"post-5242","1":"product","2":"type-product","3":"status-publish","4":"has-post-thumbnail","6":"product_cat-alle","7":"product_cat-alle-de","8":"product_cat-alle-de-2","9":"product_cat-biologisch-abbaubare-pyramide-teebeutel-biotee-kompostierbar","10":"product_cat-biotees-sortiment-online-kaufen","11":"product_cat-tee-pyramidenbeutel-teepyramide-verpackung-abbaubar-nachhaltig","12":"product_cat-rooibos-tee-erdig-koffein-frei-biotee-sudafrika-rotbusch","13":"product_cat-sortiment-tee-packaging-verpackung-attraktiv-biotees-design","15":"first","16":"instock","17":"shipping-taxable","18":"purchasable","19":"product-type-simple"},"yoast_head":"<!-- This site is optimized with the Yoast SEO Premium plugin v27.3 (Yoast SEO v27.4) - https:\/\/yoast.com\/product\/yoast-seo-premium-wordpress\/ -->\n<title>Rooibos Tee kaufen | Rotbusch Tee in Pyramidenform | Koffeinfreier Tee<\/title>\n<meta name=\"description\" content=\"Ein vollmundiger Tee mit leicht erdig-nussigem Geschmack in rot-brauner Farbe. Rotbusch Biotee ist gesund, ohne Koffein und purer Genuss.\" \/>\n<meta name=\"robots\" content=\"index, follow, max-snippet:-1, max-image-preview:large, max-video-preview:-1\" \/>\n<link rel=\"canonical\" href=\"https:\/\/www.sempertea.eu\/de\/Produkte\/rooibos-rotbusch-tee-ohne-koffein\/\" \/>\n<meta property=\"og:locale\" content=\"de_DE\" \/>\n<meta property=\"og:type\" content=\"article\" \/>\n<meta property=\"og:title\" content=\"ROOIBOS Biotee I Pyramidenbeutel\" \/>\n<meta property=\"og:description\" content=\"Ein vollmundiger Tee mit leicht erdig-nussigem Geschmack in rot-brauner Farbe. Rotbusch Biotee ist gesund, ohne Koffein und purer Genuss.\" \/>\n<meta property=\"og:url\" content=\"https:\/\/www.sempertea.eu\/de\/Produkte\/rooibos-rotbusch-tee-ohne-koffein\/\" \/>\n<meta property=\"og:site_name\" content=\"Semper Tea | Mayorista y fabricante de T\u00e9s e Infusiones para hoteles, restaurantes y bares\" \/>\n<meta property=\"article:modified_time\" content=\"2023-07-30T18:29:06+00:00\" \/>\n<meta property=\"og:image\" content=\"https:\/\/www.sempertea.eu\/wp-content\/uploads\/2021\/07\/te-rooibos-para-dormir-semper-tea.jpg\" \/>\n\t<meta property=\"og:image:width\" content=\"900\" \/>\n\t<meta property=\"og:image:height\" content=\"900\" \/>\n\t<meta property=\"og:image:type\" content=\"image\/jpeg\" \/>\n<meta name=\"twitter:card\" content=\"summary_large_image\" \/>\n<meta name=\"twitter:label1\" content=\"Gesch\u00e4tzte Lesezeit\" \/>\n\t<meta name=\"twitter:data1\" content=\"1\u00a0Minute\" \/>\n<script type=\"application\/ld+json\" class=\"yoast-schema-graph\">{\"@context\":\"https:\\\/\\\/schema.org\",\"@graph\":[{\"@type\":\"WebPage\",\"@id\":\"https:\\\/\\\/www.sempertea.eu\\\/de\\\/Produkte\\\/rooibos-rotbusch-tee-ohne-koffein\\\/\",\"url\":\"https:\\\/\\\/www.sempertea.eu\\\/de\\\/Produkte\\\/rooibos-rotbusch-tee-ohne-koffein\\\/\",\"name\":\"Rooibos Tee kaufen | Rotbusch Tee in Pyramidenform | Koffeinfreier Tee\",\"isPartOf\":{\"@id\":\"https:\\\/\\\/www.sempertea.eu\\\/#website\"},\"primaryImageOfPage\":{\"@id\":\"https:\\\/\\\/www.sempertea.eu\\\/de\\\/Produkte\\\/rooibos-rotbusch-tee-ohne-koffein\\\/#primaryimage\"},\"image\":{\"@id\":\"https:\\\/\\\/www.sempertea.eu\\\/de\\\/Produkte\\\/rooibos-rotbusch-tee-ohne-koffein\\\/#primaryimage\"},\"thumbnailUrl\":\"https:\\\/\\\/www.sempertea.eu\\\/wp-content\\\/uploads\\\/2021\\\/07\\\/te-rooibos-para-dormir-semper-tea.jpg\",\"datePublished\":\"2022-08-04T21:30:45+00:00\",\"dateModified\":\"2023-07-30T18:29:06+00:00\",\"description\":\"Ein vollmundiger Tee mit leicht erdig-nussigem Geschmack in rot-brauner Farbe. Rotbusch Biotee ist gesund, ohne Koffein und purer Genuss.\",\"breadcrumb\":{\"@id\":\"https:\\\/\\\/www.sempertea.eu\\\/de\\\/Produkte\\\/rooibos-rotbusch-tee-ohne-koffein\\\/#breadcrumb\"},\"inLanguage\":\"de\",\"potentialAction\":[{\"@type\":\"ReadAction\",\"target\":[\"https:\\\/\\\/www.sempertea.eu\\\/de\\\/Produkte\\\/rooibos-rotbusch-tee-ohne-koffein\\\/\"]}]},{\"@type\":\"ImageObject\",\"inLanguage\":\"de\",\"@id\":\"https:\\\/\\\/www.sempertea.eu\\\/de\\\/Produkte\\\/rooibos-rotbusch-tee-ohne-koffein\\\/#primaryimage\",\"url\":\"https:\\\/\\\/www.sempertea.eu\\\/wp-content\\\/uploads\\\/2021\\\/07\\\/te-rooibos-para-dormir-semper-tea.jpg\",\"contentUrl\":\"https:\\\/\\\/www.sempertea.eu\\\/wp-content\\\/uploads\\\/2021\\\/07\\\/te-rooibos-para-dormir-semper-tea.jpg\",\"width\":900,\"height\":900,\"caption\":\"rooibos tee kaufen semper tea\"},{\"@type\":\"BreadcrumbList\",\"@id\":\"https:\\\/\\\/www.sempertea.eu\\\/de\\\/Produkte\\\/rooibos-rotbusch-tee-ohne-koffein\\\/#breadcrumb\",\"itemListElement\":[{\"@type\":\"ListItem\",\"position\":1,\"name\":\"Portada\",\"item\":\"https:\\\/\\\/www.sempertea.eu\\\/de\\\/\"},{\"@type\":\"ListItem\",\"position\":2,\"name\":\"Shop\",\"item\":\"https:\\\/\\\/www.sempertea.eu\\\/de\\\/shop\\\/\"},{\"@type\":\"ListItem\",\"position\":3,\"name\":\"ROOIBOS Biotee I Pyramidenbeutel\"}]},{\"@type\":\"WebSite\",\"@id\":\"https:\\\/\\\/www.sempertea.eu\\\/#website\",\"url\":\"https:\\\/\\\/www.sempertea.eu\\\/\",\"name\":\"Semper Tea | Mayorista y fabricante de T\u00e9s e Infusiones para hoteles, restaurantes y bares\",\"description\":\"T\u00e9s e infusiones para hosteler\u00eda, hoteler\u00eda y comercio\",\"potentialAction\":[{\"@type\":\"SearchAction\",\"target\":{\"@type\":\"EntryPoint\",\"urlTemplate\":\"https:\\\/\\\/www.sempertea.eu\\\/?s={search_term_string}\"},\"query-input\":{\"@type\":\"PropertyValueSpecification\",\"valueRequired\":true,\"valueName\":\"search_term_string\"}}],\"inLanguage\":\"de\"}]}<\/script>\n<!-- \/ Yoast SEO Premium plugin. -->","yoast_head_json":{"title":"Rooibos Tee kaufen | Rotbusch Tee in Pyramidenform | Koffeinfreier Tee","description":"Ein vollmundiger Tee mit leicht erdig-nussigem Geschmack in rot-brauner Farbe. Rotbusch Biotee ist gesund, ohne Koffein und purer Genuss.","robots":{"index":"index","follow":"follow","max-snippet":"max-snippet:-1","max-image-preview":"max-image-preview:large","max-video-preview":"max-video-preview:-1"},"canonical":"https:\/\/www.sempertea.eu\/de\/Produkte\/rooibos-rotbusch-tee-ohne-koffein\/","og_locale":"de_DE","og_type":"article","og_title":"ROOIBOS Biotee I Pyramidenbeutel","og_description":"Ein vollmundiger Tee mit leicht erdig-nussigem Geschmack in rot-brauner Farbe. Rotbusch Biotee ist gesund, ohne Koffein und purer Genuss.","og_url":"https:\/\/www.sempertea.eu\/de\/Produkte\/rooibos-rotbusch-tee-ohne-koffein\/","og_site_name":"Semper Tea | Mayorista y fabricante de T\u00e9s e Infusiones para hoteles, restaurantes y bares","article_modified_time":"2023-07-30T18:29:06+00:00","og_image":[{"width":900,"height":900,"url":"https:\/\/www.sempertea.eu\/wp-content\/uploads\/2021\/07\/te-rooibos-para-dormir-semper-tea.jpg","type":"image\/jpeg"}],"twitter_card":"summary_large_image","twitter_misc":{"Gesch\u00e4tzte Lesezeit":"1\u00a0Minute"},"schema":{"@context":"https:\/\/schema.org","@graph":[{"@type":"WebPage","@id":"https:\/\/www.sempertea.eu\/de\/Produkte\/rooibos-rotbusch-tee-ohne-koffein\/","url":"https:\/\/www.sempertea.eu\/de\/Produkte\/rooibos-rotbusch-tee-ohne-koffein\/","name":"Rooibos Tee kaufen | Rotbusch Tee in Pyramidenform | Koffeinfreier Tee","isPartOf":{"@id":"https:\/\/www.sempertea.eu\/#website"},"primaryImageOfPage":{"@id":"https:\/\/www.sempertea.eu\/de\/Produkte\/rooibos-rotbusch-tee-ohne-koffein\/#primaryimage"},"image":{"@id":"https:\/\/www.sempertea.eu\/de\/Produkte\/rooibos-rotbusch-tee-ohne-koffein\/#primaryimage"},"thumbnailUrl":"https:\/\/www.sempertea.eu\/wp-content\/uploads\/2021\/07\/te-rooibos-para-dormir-semper-tea.jpg","datePublished":"2022-08-04T21:30:45+00:00","dateModified":"2023-07-30T18:29:06+00:00","description":"Ein vollmundiger Tee mit leicht erdig-nussigem Geschmack in rot-brauner Farbe. Rotbusch Biotee ist gesund, ohne Koffein und purer Genuss.","breadcrumb":{"@id":"https:\/\/www.sempertea.eu\/de\/Produkte\/rooibos-rotbusch-tee-ohne-koffein\/#breadcrumb"},"inLanguage":"de","potentialAction":[{"@type":"ReadAction","target":["https:\/\/www.sempertea.eu\/de\/Produkte\/rooibos-rotbusch-tee-ohne-koffein\/"]}]},{"@type":"ImageObject","inLanguage":"de","@id":"https:\/\/www.sempertea.eu\/de\/Produkte\/rooibos-rotbusch-tee-ohne-koffein\/#primaryimage","url":"https:\/\/www.sempertea.eu\/wp-content\/uploads\/2021\/07\/te-rooibos-para-dormir-semper-tea.jpg","contentUrl":"https:\/\/www.sempertea.eu\/wp-content\/uploads\/2021\/07\/te-rooibos-para-dormir-semper-tea.jpg","width":900,"height":900,"caption":"rooibos tee kaufen semper tea"},{"@type":"BreadcrumbList","@id":"https:\/\/www.sempertea.eu\/de\/Produkte\/rooibos-rotbusch-tee-ohne-koffein\/#breadcrumb","itemListElement":[{"@type":"ListItem","position":1,"name":"Portada","item":"https:\/\/www.sempertea.eu\/de\/"},{"@type":"ListItem","position":2,"name":"Shop","item":"https:\/\/www.sempertea.eu\/de\/shop\/"},{"@type":"ListItem","position":3,"name":"ROOIBOS Biotee I Pyramidenbeutel"}]},{"@type":"WebSite","@id":"https:\/\/www.sempertea.eu\/#website","url":"https:\/\/www.sempertea.eu\/","name":"Semper Tea | Mayorista y fabricante de T\u00e9s e Infusiones para hoteles, restaurantes y bares","description":"T\u00e9s e infusiones para hosteler\u00eda, hoteler\u00eda y comercio","potentialAction":[{"@type":"SearchAction","target":{"@type":"EntryPoint","urlTemplate":"https:\/\/www.sempertea.eu\/?s={search_term_string}"},"query-input":{"@type":"PropertyValueSpecification","valueRequired":true,"valueName":"search_term_string"}}],"inLanguage":"de"}]}},"_links":{"self":[{"href":"https:\/\/www.sempertea.eu\/de\/wp-json\/wp\/v2\/product\/5242","targetHints":{"allow":["GET"]}}],"collection":[{"href":"https:\/\/www.sempertea.eu\/de\/wp-json\/wp\/v2\/product"}],"about":[{"href":"https:\/\/www.sempertea.eu\/de\/wp-json\/wp\/v2\/types\/product"}],"replies":[{"embeddable":true,"href":"https:\/\/www.sempertea.eu\/de\/wp-json\/wp\/v2\/comments?post=5242"}],"wp:featuredmedia":[{"embeddable":true,"href":"https:\/\/www.sempertea.eu\/de\/wp-json\/wp\/v2\/media\/4118"}],"wp:attachment":[{"href":"https:\/\/www.sempertea.eu\/de\/wp-json\/wp\/v2\/media?parent=5242"}],"wp:term":[{"taxonomy":"product_brand","embeddable":true,"href":"https:\/\/www.sempertea.eu\/de\/wp-json\/wp\/v2\/product_brand?post=5242"},{"taxonomy":"product_cat","embeddable":true,"href":"https:\/\/www.sempertea.eu\/de\/wp-json\/wp\/v2\/product_cat?post=5242"},{"taxonomy":"product_tag","embeddable":true,"href":"https:\/\/www.sempertea.eu\/de\/wp-json\/wp\/v2\/product_tag?post=5242"}],"curies":[{"name":"wp","href":"https:\/\/api.w.org\/{rel}","templated":true}]}}