{"id":5241,"date":"2021-05-16T15:59:05","date_gmt":"2022-08-04T21:12:22","guid":{"rendered":"https:\/\/www.sempertea.eu\/pu-erh-vanilla-biotee-i-pyramidenbeutel\/"},"modified":"2023-07-30T21:02:59","modified_gmt":"2023-07-30T20:02:59","slug":"pu-erh-tee-pyramide-abbaubar-biotee-beutel-vanille","status":"publish","type":"product","link":"https:\/\/www.sempertea.eu\/de\/Produkte\/pu-erh-tee-pyramide-abbaubar-biotee-beutel-vanille\/","title":{"rendered":"PU-ERH VANILLA Biotee I Pyramidenbeutel"},"content":{"rendered":"<h2>Pu-Erh Tee &#8211; Der Edle Schwarze<\/h2>\n<p>Pu-Erh Tee, auch als roter Tee bekannt, stammt von der <strong>Pflanze Camellia sinensis.<\/strong> Aus dieser Pflanze werden auch Oolong Tee, Schwarzer Tee, Wei\u00dfer Tee, Gr\u00fcner Tee und Pu-Erh Tee hergestellt.<\/p>\n<p>Je nach Behandlung der Teebl\u00e4tter erhalten sie unterschiedliche Eigenschaften, aber sie haben alle eine Gemeinsamkeit: antioxidative Vorteile.<\/p>\n<h3>Pu-Erh Tee und seine Wirkung<\/h3>\n<p>Pu-Erh Teebl\u00e4tter werden einem speziellen Fermentationsprozess unterzogen, der verschiedene besondere Vorteile haben kann:<br \/>\n&#8211; Energetisierende Wirkung<br \/>\n&#8211; Senkung des Risikos von Herzerkrankungen<br \/>\n&#8211; <strong>Verbesserung der Verdauung<\/strong><br \/>\n&#8211; Stressreduktion<br \/>\n&#8211; Reich an Antioxidantien und Vitamin C<\/p>\n<h4>Premium Pu-Erh-Tee &#8211; Genie\u00dfen Sie exquisite Aromen | Jetzt kaufen<\/h4>\n<p><strong>Pu-Erh Tee<\/strong>, auch als roter Tee bekannt, wird wie schwarzer, gr\u00fcner, wei\u00dfer und blauer Tee aus der Kamelie (Camellia sinensis) gewonnen. Jede Teesorte weist einzigartige Merkmale und Eigenschaften auf, hat aber eine Gemeinsamkeit: die antioxidative Wirkung, die der Hautalterung und dem Verfall des K\u00f6rpers entgegenwirkt.<\/p>\n<p>Pu-Erh Tee zeichnet sich durch seinen Fermentationsprozess aus, der ihm seine positiven Eigenschaften verleiht. Bei der Herstellung werden die Bl\u00e4tter sorgf\u00e4ltig ausgew\u00e4hlt, leicht angewelkt, um \u00fcbersch\u00fcssiges Wasser zu entfernen, und bei kontrollierter Temperatur ger\u00f6stet, um Oxidation zu verhindern und die gesundheitsf\u00f6rdernden Inhaltsstoffe zu erhalten.<\/p>\n<h3>Genie\u00dfen Sie unseren Premium Roten Pu-Erh Loseblatt-Tee<\/h3>\n<p>Genie\u00dfen Sie den Reichtum und die Raffinesse unseres losen roten Pu-Erh-Tees, der meisterhaft zu einem weichen, erdigen Geschmack verarbeitet wurde. <strong>Mit einer s\u00fc\u00dfen Vanillenote<\/strong> versehen, wird jeder Schluck zu einem exquisiten Erlebnis. Setzen Sie auf Nachhaltigkeit mit unseren <strong>biologisch abbaubaren Pyramiden-Teebeuteln.<\/strong> Erh\u00f6hen Sie Ihre Teemomente mit unserer hochwertigen Pu-Erh-Tee-Mischung &#8211; jetzt kaufen!<\/p>\n","protected":false},"excerpt":{"rendered":"<p><strong>Erdig mit einem Hauch s\u00fc\u00dfer Vanille<\/strong><\/p>\n<p>Unser ausgezeichneter Biotee Pu-erh hat einen weichen, duftigen und zugleich erdigen Geschmack. Eine balancierte Mischung von s\u00fc\u00dfer, nat\u00fcrlicher Vanille und dem intensiven Geschmack von Pu-Erh Tee. Ein wahrer Genuss.<\/p>\n","protected":false},"featured_media":4072,"comment_status":"open","ping_status":"closed","template":"","meta":[],"product_brand":[],"product_cat":[115,116,114,110,113,109,121,108],"product_tag":[],"class_list":{"0":"post-5241","1":"product","2":"type-product","3":"status-publish","4":"has-post-thumbnail","6":"product_cat-alle-de","7":"product_cat-alle-de-2","8":"product_cat-alle","9":"product_cat-biologisch-abbaubare-pyramide-teebeutel-biotee-kompostierbar","10":"product_cat-biotees-sortiment-online-kaufen","11":"product_cat-tee-pyramidenbeutel-teepyramide-verpackung-abbaubar-nachhaltig","12":"product_cat-excellenter-pu-erh-bio-tee-kaufen","13":"product_cat-sortiment-tee-packaging-verpackung-attraktiv-biotees-design","15":"first","16":"instock","17":"shipping-taxable","18":"purchasable","19":"product-type-simple"},"yoast_head":"<!-- This site is optimized with the Yoast SEO Premium plugin v27.3 (Yoast SEO v27.4) - https:\/\/yoast.com\/product\/yoast-seo-premium-wordpress\/ -->\n<title>Pu-Erh Tee mit Vanille im abbaubaren Pyramidenbeutel | Online kaufen<\/title>\n<meta name=\"description\" content=\"Unser ausgezeichneter Biotee Pu-erh hat einen weichen und erdigen Geschmack, balanciert von nat\u00fcrlicher Vanille. Loser Tee im Pyramidenbeutel\" \/>\n<meta name=\"robots\" content=\"index, follow, max-snippet:-1, max-image-preview:large, max-video-preview:-1\" \/>\n<link rel=\"canonical\" href=\"https:\/\/www.sempertea.eu\/Produkte\/te-rojo-pu-erh-para-que-sirve-el-te-rojo\/\" \/>\n<meta property=\"og:locale\" content=\"de_DE\" \/>\n<meta property=\"og:type\" content=\"article\" \/>\n<meta property=\"og:title\" content=\"PU-ERH VANILLA Biotee I Pyramidenbeutel\" \/>\n<meta property=\"og:description\" content=\"Unser ausgezeichneter Biotee Pu-erh hat einen weichen und erdigen Geschmack, balanciert von nat\u00fcrlicher Vanille. Loser Tee im Pyramidenbeutel\" \/>\n<meta property=\"og:url\" content=\"https:\/\/www.sempertea.eu\/Produkte\/te-rojo-pu-erh-para-que-sirve-el-te-rojo\/\" \/>\n<meta property=\"og:site_name\" content=\"Semper Tea | Mayorista y fabricante de T\u00e9s e Infusiones para hoteles, restaurantes y bares\" \/>\n<meta property=\"article:modified_time\" content=\"2023-07-30T20:02:59+00:00\" \/>\n<meta property=\"og:image\" content=\"https:\/\/www.sempertea.eu\/wp-content\/uploads\/2021\/05\/te-blanco-comprar-semper-tea.jpg\" \/>\n<meta name=\"twitter:card\" content=\"summary_large_image\" \/>\n<meta name=\"twitter:label1\" content=\"Gesch\u00e4tzte Lesezeit\" \/>\n\t<meta name=\"twitter:data1\" content=\"1\u00a0Minute\" \/>\n<script type=\"application\/ld+json\" class=\"yoast-schema-graph\">{\"@context\":\"https:\\\/\\\/schema.org\",\"@graph\":[{\"@type\":\"WebPage\",\"@id\":\"https:\\\/\\\/www.sempertea.eu\\\/Produkte\\\/te-rojo-pu-erh-para-que-sirve-el-te-rojo\\\/\",\"url\":\"https:\\\/\\\/www.sempertea.eu\\\/Produkte\\\/te-rojo-pu-erh-para-que-sirve-el-te-rojo\\\/\",\"name\":\"Pu-Erh Tee mit Vanille im abbaubaren Pyramidenbeutel | Online kaufen\",\"isPartOf\":{\"@id\":\"https:\\\/\\\/www.sempertea.eu\\\/#website\"},\"primaryImageOfPage\":{\"@id\":\"https:\\\/\\\/www.sempertea.eu\\\/Produkte\\\/te-rojo-pu-erh-para-que-sirve-el-te-rojo\\\/#primaryimage\"},\"image\":{\"@id\":\"https:\\\/\\\/www.sempertea.eu\\\/Produkte\\\/te-rojo-pu-erh-para-que-sirve-el-te-rojo\\\/#primaryimage\"},\"thumbnailUrl\":\"https:\\\/\\\/www.sempertea.eu\\\/wp-content\\\/uploads\\\/2021\\\/05\\\/el-te-rojo-tiene-teina-semper-tea.jpg\",\"datePublished\":\"2022-08-04T21:12:22+00:00\",\"dateModified\":\"2023-07-30T20:02:59+00:00\",\"description\":\"Unser ausgezeichneter Biotee Pu-erh hat einen weichen und erdigen Geschmack, balanciert von nat\u00fcrlicher Vanille. Loser Tee im Pyramidenbeutel\",\"breadcrumb\":{\"@id\":\"https:\\\/\\\/www.sempertea.eu\\\/Produkte\\\/te-rojo-pu-erh-para-que-sirve-el-te-rojo\\\/#breadcrumb\"},\"inLanguage\":\"de\",\"potentialAction\":[{\"@type\":\"ReadAction\",\"target\":[\"https:\\\/\\\/www.sempertea.eu\\\/Produkte\\\/te-rojo-pu-erh-para-que-sirve-el-te-rojo\\\/\"]}]},{\"@type\":\"ImageObject\",\"inLanguage\":\"de\",\"@id\":\"https:\\\/\\\/www.sempertea.eu\\\/Produkte\\\/te-rojo-pu-erh-para-que-sirve-el-te-rojo\\\/#primaryimage\",\"url\":\"https:\\\/\\\/www.sempertea.eu\\\/wp-content\\\/uploads\\\/2021\\\/05\\\/el-te-rojo-tiene-teina-semper-tea.jpg\",\"contentUrl\":\"https:\\\/\\\/www.sempertea.eu\\\/wp-content\\\/uploads\\\/2021\\\/05\\\/el-te-rojo-tiene-teina-semper-tea.jpg\",\"width\":900,\"height\":900,\"caption\":\"pu erh tee gesund semper tea\"},{\"@type\":\"BreadcrumbList\",\"@id\":\"https:\\\/\\\/www.sempertea.eu\\\/Produkte\\\/te-rojo-pu-erh-para-que-sirve-el-te-rojo\\\/#breadcrumb\",\"itemListElement\":[{\"@type\":\"ListItem\",\"position\":1,\"name\":\"Portada\",\"item\":\"https:\\\/\\\/www.sempertea.eu\\\/de\\\/\"},{\"@type\":\"ListItem\",\"position\":2,\"name\":\"Shop\",\"item\":\"https:\\\/\\\/www.sempertea.eu\\\/de\\\/shop\\\/\"},{\"@type\":\"ListItem\",\"position\":3,\"name\":\"PU-ERH VANILLA Biotee I Pyramidenbeutel\"}]},{\"@type\":\"WebSite\",\"@id\":\"https:\\\/\\\/www.sempertea.eu\\\/#website\",\"url\":\"https:\\\/\\\/www.sempertea.eu\\\/\",\"name\":\"Semper Tea | Mayorista y fabricante de T\u00e9s e Infusiones para hoteles, restaurantes y bares\",\"description\":\"T\u00e9s e infusiones para hosteler\u00eda, hoteler\u00eda y comercio\",\"potentialAction\":[{\"@type\":\"SearchAction\",\"target\":{\"@type\":\"EntryPoint\",\"urlTemplate\":\"https:\\\/\\\/www.sempertea.eu\\\/?s={search_term_string}\"},\"query-input\":{\"@type\":\"PropertyValueSpecification\",\"valueRequired\":true,\"valueName\":\"search_term_string\"}}],\"inLanguage\":\"de\"}]}<\/script>\n<!-- \/ Yoast SEO Premium plugin. -->","yoast_head_json":{"title":"Pu-Erh Tee mit Vanille im abbaubaren Pyramidenbeutel | Online kaufen","description":"Unser ausgezeichneter Biotee Pu-erh hat einen weichen und erdigen Geschmack, balanciert von nat\u00fcrlicher Vanille. Loser Tee im Pyramidenbeutel","robots":{"index":"index","follow":"follow","max-snippet":"max-snippet:-1","max-image-preview":"max-image-preview:large","max-video-preview":"max-video-preview:-1"},"canonical":"https:\/\/www.sempertea.eu\/Produkte\/te-rojo-pu-erh-para-que-sirve-el-te-rojo\/","og_locale":"de_DE","og_type":"article","og_title":"PU-ERH VANILLA Biotee I Pyramidenbeutel","og_description":"Unser ausgezeichneter Biotee Pu-erh hat einen weichen und erdigen Geschmack, balanciert von nat\u00fcrlicher Vanille. Loser Tee im Pyramidenbeutel","og_url":"https:\/\/www.sempertea.eu\/Produkte\/te-rojo-pu-erh-para-que-sirve-el-te-rojo\/","og_site_name":"Semper Tea | Mayorista y fabricante de T\u00e9s e Infusiones para hoteles, restaurantes y bares","article_modified_time":"2023-07-30T20:02:59+00:00","og_image":[{"url":"https:\/\/www.sempertea.eu\/wp-content\/uploads\/2021\/05\/te-blanco-comprar-semper-tea.jpg","type":"","width":"","height":""}],"twitter_card":"summary_large_image","twitter_misc":{"Gesch\u00e4tzte Lesezeit":"1\u00a0Minute"},"schema":{"@context":"https:\/\/schema.org","@graph":[{"@type":"WebPage","@id":"https:\/\/www.sempertea.eu\/Produkte\/te-rojo-pu-erh-para-que-sirve-el-te-rojo\/","url":"https:\/\/www.sempertea.eu\/Produkte\/te-rojo-pu-erh-para-que-sirve-el-te-rojo\/","name":"Pu-Erh Tee mit Vanille im abbaubaren Pyramidenbeutel | Online kaufen","isPartOf":{"@id":"https:\/\/www.sempertea.eu\/#website"},"primaryImageOfPage":{"@id":"https:\/\/www.sempertea.eu\/Produkte\/te-rojo-pu-erh-para-que-sirve-el-te-rojo\/#primaryimage"},"image":{"@id":"https:\/\/www.sempertea.eu\/Produkte\/te-rojo-pu-erh-para-que-sirve-el-te-rojo\/#primaryimage"},"thumbnailUrl":"https:\/\/www.sempertea.eu\/wp-content\/uploads\/2021\/05\/el-te-rojo-tiene-teina-semper-tea.jpg","datePublished":"2022-08-04T21:12:22+00:00","dateModified":"2023-07-30T20:02:59+00:00","description":"Unser ausgezeichneter Biotee Pu-erh hat einen weichen und erdigen Geschmack, balanciert von nat\u00fcrlicher Vanille. Loser Tee im Pyramidenbeutel","breadcrumb":{"@id":"https:\/\/www.sempertea.eu\/Produkte\/te-rojo-pu-erh-para-que-sirve-el-te-rojo\/#breadcrumb"},"inLanguage":"de","potentialAction":[{"@type":"ReadAction","target":["https:\/\/www.sempertea.eu\/Produkte\/te-rojo-pu-erh-para-que-sirve-el-te-rojo\/"]}]},{"@type":"ImageObject","inLanguage":"de","@id":"https:\/\/www.sempertea.eu\/Produkte\/te-rojo-pu-erh-para-que-sirve-el-te-rojo\/#primaryimage","url":"https:\/\/www.sempertea.eu\/wp-content\/uploads\/2021\/05\/el-te-rojo-tiene-teina-semper-tea.jpg","contentUrl":"https:\/\/www.sempertea.eu\/wp-content\/uploads\/2021\/05\/el-te-rojo-tiene-teina-semper-tea.jpg","width":900,"height":900,"caption":"pu erh tee gesund semper tea"},{"@type":"BreadcrumbList","@id":"https:\/\/www.sempertea.eu\/Produkte\/te-rojo-pu-erh-para-que-sirve-el-te-rojo\/#breadcrumb","itemListElement":[{"@type":"ListItem","position":1,"name":"Portada","item":"https:\/\/www.sempertea.eu\/de\/"},{"@type":"ListItem","position":2,"name":"Shop","item":"https:\/\/www.sempertea.eu\/de\/shop\/"},{"@type":"ListItem","position":3,"name":"PU-ERH VANILLA Biotee I Pyramidenbeutel"}]},{"@type":"WebSite","@id":"https:\/\/www.sempertea.eu\/#website","url":"https:\/\/www.sempertea.eu\/","name":"Semper Tea | Mayorista y fabricante de T\u00e9s e Infusiones para hoteles, restaurantes y bares","description":"T\u00e9s e infusiones para hosteler\u00eda, hoteler\u00eda y comercio","potentialAction":[{"@type":"SearchAction","target":{"@type":"EntryPoint","urlTemplate":"https:\/\/www.sempertea.eu\/?s={search_term_string}"},"query-input":{"@type":"PropertyValueSpecification","valueRequired":true,"valueName":"search_term_string"}}],"inLanguage":"de"}]}},"_links":{"self":[{"href":"https:\/\/www.sempertea.eu\/de\/wp-json\/wp\/v2\/product\/5241","targetHints":{"allow":["GET"]}}],"collection":[{"href":"https:\/\/www.sempertea.eu\/de\/wp-json\/wp\/v2\/product"}],"about":[{"href":"https:\/\/www.sempertea.eu\/de\/wp-json\/wp\/v2\/types\/product"}],"replies":[{"embeddable":true,"href":"https:\/\/www.sempertea.eu\/de\/wp-json\/wp\/v2\/comments?post=5241"}],"wp:featuredmedia":[{"embeddable":true,"href":"https:\/\/www.sempertea.eu\/de\/wp-json\/wp\/v2\/media\/4072"}],"wp:attachment":[{"href":"https:\/\/www.sempertea.eu\/de\/wp-json\/wp\/v2\/media?parent=5241"}],"wp:term":[{"taxonomy":"product_brand","embeddable":true,"href":"https:\/\/www.sempertea.eu\/de\/wp-json\/wp\/v2\/product_brand?post=5241"},{"taxonomy":"product_cat","embeddable":true,"href":"https:\/\/www.sempertea.eu\/de\/wp-json\/wp\/v2\/product_cat?post=5241"},{"taxonomy":"product_tag","embeddable":true,"href":"https:\/\/www.sempertea.eu\/de\/wp-json\/wp\/v2\/product_tag?post=5241"}],"curies":[{"name":"wp","href":"https:\/\/api.w.org\/{rel}","templated":true}]}}