{"id":5237,"date":"2021-07-29T18:25:34","date_gmt":"2022-08-04T19:57:11","guid":{"rendered":"https:\/\/www.sempertea.eu\/herbal-bio-kraeutertee-i-pyramidenbeutel\/"},"modified":"2023-07-30T23:10:58","modified_gmt":"2023-07-30T22:10:58","slug":"lakritz-biotee-minze-pyramidenbeutel-ohne-tein","status":"publish","type":"product","link":"https:\/\/www.sempertea.eu\/de\/Produkte\/lakritz-biotee-minze-pyramidenbeutel-ohne-tein\/","title":{"rendered":"HERBAL Bio Kr\u00e4utertee I Pyramidenbeutel"},"content":{"rendered":"<h2>Lakritztee- bzw S\u00fc\u00dfholztee<\/h2>\n<p>Vielseitige Kr\u00e4utertee mit Gesundheitsvorteilen:<\/p>\n<p>&#8211; Verdauungshilfe: F\u00f6rdert eine gesunde Verdauung und hilft bei Verstopfung.<br \/>\n&#8211; Entz\u00fcndungshemmend: Lindert Beschwerden bei Arthritis und entz\u00fcndlichen Erkrankungen.<br \/>\n&#8211; Blutdruckregulierend: Unterst\u00fctzt Menschen mit <strong>niedrigem Blutdruck.<\/strong><br \/>\n&#8211; Herzgesundheit: Kann Herzkrankheiten vorbeugen.<br \/>\n&#8211; Pr\u00e4menstruelle Symptome: Lindert Beschwerden vor der Menstruation.<br \/>\n&#8211; Verdauungslinderung: Hilft bei saurem <strong>Reflux, Magenverstimmungen und Sodbrennen<\/strong>.<\/p>\n<p>Genie\u00dfen Sie die erfrischende Mischung des <strong>HERBAL S\u00fc\u00dfholz- und Minztees<\/strong>, zubereitet in <strong>einer biologisch abbaubaren Pyramide<\/strong>. Diese Bio-Tee bietet eine k\u00f6stliche Kombination aus Lakritz- und Minzgeschmack und unterst\u00fctzt Ihr allgemeines Wohlbefinden auf nat\u00fcrliche Weise. Erleben Sie Tee mit dieser beruhigenden und nachhaltigen Wahl. Jetzt kaufen!<\/p>\n<h3>Erleben Sie die nat\u00fcrliche S\u00fc\u00dfe von Lakritz- und Minztee | Bio-Pyramidenmischung<\/h3>\n<p>Erleben Sie die erfrischende Mischung des HERBAL Lakritz- und Minztees, zubereitet in einer biologisch abbaubaren Pyramide. Dieser Bio-Tee bietet eine k\u00f6stliche Kombination aus Lakritz- und Minzgeschmack und unterst\u00fctzt Ihr allgemeines Wohlbefinden auf nat\u00fcrliche Weise. Erleben Sie Tee mit dieser beruhigenden und nachhaltigen Wahl. Jetzt kaufen!<\/p>\n<p>Bitte beachten Sie, den Lakritzverzehr auf ein bis zwei Tassen pro Tag zu beschr\u00e4nken, da ein \u00fcberm\u00e4\u00dfiger Konsum f\u00fcr Personen mit Herzkrankheiten oder Bluthochdruck problematisch sein kann.<\/p>\n","protected":false},"excerpt":{"rendered":"<p><strong>Delikat, weich und zarts\u00fcss<\/strong><\/p>\n<p>Herbal ist ein k\u00f6stlicher Tee mit biologischen Zutaten: getrocknete Apfelst\u00fcckchen, erfrischendes Zitronengras kombiniert mit S\u00fc\u00dfholz und Minze. Eine wunderbare Kombination die durch die S\u00fcsse von Lakritze intensiviert wird.<\/p>\n","protected":false},"featured_media":4194,"comment_status":"open","ping_status":"closed","template":"","meta":[],"product_brand":[],"product_cat":[116,114,115,110,113,109,112,108],"product_tag":[],"class_list":{"0":"post-5237","1":"product","2":"type-product","3":"status-publish","4":"has-post-thumbnail","6":"product_cat-alle-de-2","7":"product_cat-alle","8":"product_cat-alle-de","9":"product_cat-biologisch-abbaubare-pyramide-teebeutel-biotee-kompostierbar","10":"product_cat-biotees-sortiment-online-kaufen","11":"product_cat-tee-pyramidenbeutel-teepyramide-verpackung-abbaubar-nachhaltig","12":"product_cat-krautertees-bio-teemischungen-herbal-ohne-koffein","13":"product_cat-sortiment-tee-packaging-verpackung-attraktiv-biotees-design","15":"first","16":"instock","17":"shipping-taxable","18":"purchasable","19":"product-type-simple"},"yoast_head":"<!-- This site is optimized with the Yoast SEO Premium plugin v27.3 (Yoast SEO v27.3) - https:\/\/yoast.com\/product\/yoast-seo-premium-wordpress\/ -->\n<title>Lakritz BioTee mit Minze | im abbaubaren Pyramidenbeutel | ohne Tein<\/title>\n<meta name=\"description\" content=\"Herbal ist ein Biotee mit Lakritz und Minze. Eine wunderbare Tee Mischung mit einem leichten, s\u00fc\u00dfen Aroma. Nat\u00fcrlicher Genuss ohne Koffein.\" \/>\n<meta name=\"robots\" content=\"index, follow, max-snippet:-1, max-image-preview:large, max-video-preview:-1\" \/>\n<link rel=\"canonical\" href=\"https:\/\/www.sempertea.eu\/Produkte\/te-de-regaliz\/\" \/>\n<meta property=\"og:locale\" content=\"de_DE\" \/>\n<meta property=\"og:type\" content=\"article\" \/>\n<meta property=\"og:title\" content=\"HERBAL Bio Kr\u00e4utertee I Pyramidenbeutel\" \/>\n<meta property=\"og:description\" content=\"Herbal ist ein Biotee mit Lakritz und Minze. Eine wunderbare Tee Mischung mit einem leichten, s\u00fc\u00dfen Aroma. Nat\u00fcrlicher Genuss ohne Koffein.\" \/>\n<meta property=\"og:url\" content=\"https:\/\/www.sempertea.eu\/Produkte\/te-de-regaliz\/\" \/>\n<meta property=\"og:site_name\" content=\"Semper Tea | Mayorista y fabricante de T\u00e9s e Infusiones para hoteles, restaurantes y bares\" \/>\n<meta property=\"article:modified_time\" content=\"2023-07-30T22:10:58+00:00\" \/>\n<meta property=\"og:image\" content=\"https:\/\/www.sempertea.eu\/wp-content\/uploads\/2021\/07\/herbal-te-de-regaliz-menta-bolsa-piramide-semper-tea.jpg\" \/>\n\t<meta property=\"og:image:width\" content=\"900\" \/>\n\t<meta property=\"og:image:height\" content=\"900\" \/>\n\t<meta property=\"og:image:type\" content=\"image\/jpeg\" \/>\n<meta name=\"twitter:card\" content=\"summary_large_image\" \/>\n<meta name=\"twitter:label1\" content=\"Gesch\u00e4tzte Lesezeit\" \/>\n\t<meta name=\"twitter:data1\" content=\"1\u00a0Minute\" \/>\n<script type=\"application\/ld+json\" class=\"yoast-schema-graph\">{\"@context\":\"https:\\\/\\\/schema.org\",\"@graph\":[{\"@type\":\"WebPage\",\"@id\":\"https:\\\/\\\/www.sempertea.eu\\\/Produkte\\\/te-de-regaliz\\\/\",\"url\":\"https:\\\/\\\/www.sempertea.eu\\\/Produkte\\\/te-de-regaliz\\\/\",\"name\":\"Lakritz BioTee mit Minze | im abbaubaren Pyramidenbeutel | ohne Tein\",\"isPartOf\":{\"@id\":\"https:\\\/\\\/www.sempertea.eu\\\/#website\"},\"primaryImageOfPage\":{\"@id\":\"https:\\\/\\\/www.sempertea.eu\\\/Produkte\\\/te-de-regaliz\\\/#primaryimage\"},\"image\":{\"@id\":\"https:\\\/\\\/www.sempertea.eu\\\/Produkte\\\/te-de-regaliz\\\/#primaryimage\"},\"thumbnailUrl\":\"https:\\\/\\\/www.sempertea.eu\\\/wp-content\\\/uploads\\\/2021\\\/07\\\/herbal-te-de-regaliz-menta-bolsa-piramide-semper-tea.jpg\",\"datePublished\":\"2022-08-04T19:57:11+00:00\",\"dateModified\":\"2023-07-30T22:10:58+00:00\",\"description\":\"Herbal ist ein Biotee mit Lakritz und Minze. Eine wunderbare Tee Mischung mit einem leichten, s\u00fc\u00dfen Aroma. Nat\u00fcrlicher Genuss ohne Koffein.\",\"breadcrumb\":{\"@id\":\"https:\\\/\\\/www.sempertea.eu\\\/Produkte\\\/te-de-regaliz\\\/#breadcrumb\"},\"inLanguage\":\"de\",\"potentialAction\":[{\"@type\":\"ReadAction\",\"target\":[\"https:\\\/\\\/www.sempertea.eu\\\/Produkte\\\/te-de-regaliz\\\/\"]}]},{\"@type\":\"ImageObject\",\"inLanguage\":\"de\",\"@id\":\"https:\\\/\\\/www.sempertea.eu\\\/Produkte\\\/te-de-regaliz\\\/#primaryimage\",\"url\":\"https:\\\/\\\/www.sempertea.eu\\\/wp-content\\\/uploads\\\/2021\\\/07\\\/herbal-te-de-regaliz-menta-bolsa-piramide-semper-tea.jpg\",\"contentUrl\":\"https:\\\/\\\/www.sempertea.eu\\\/wp-content\\\/uploads\\\/2021\\\/07\\\/herbal-te-de-regaliz-menta-bolsa-piramide-semper-tea.jpg\",\"width\":900,\"height\":900,\"caption\":\"Minze-Lakritz koffeinfreier Kr\u00e4utertee ohne Teine Semper Tea\"},{\"@type\":\"BreadcrumbList\",\"@id\":\"https:\\\/\\\/www.sempertea.eu\\\/Produkte\\\/te-de-regaliz\\\/#breadcrumb\",\"itemListElement\":[{\"@type\":\"ListItem\",\"position\":1,\"name\":\"Portada\",\"item\":\"https:\\\/\\\/www.sempertea.eu\\\/de\\\/\"},{\"@type\":\"ListItem\",\"position\":2,\"name\":\"Shop\",\"item\":\"https:\\\/\\\/www.sempertea.eu\\\/de\\\/shop\\\/\"},{\"@type\":\"ListItem\",\"position\":3,\"name\":\"HERBAL Bio Kr\u00e4utertee I Pyramidenbeutel\"}]},{\"@type\":\"WebSite\",\"@id\":\"https:\\\/\\\/www.sempertea.eu\\\/#website\",\"url\":\"https:\\\/\\\/www.sempertea.eu\\\/\",\"name\":\"Semper Tea | Mayorista y fabricante de T\u00e9s e Infusiones para hoteles, restaurantes y bares\",\"description\":\"T\u00e9s e infusiones para hosteler\u00eda, hoteler\u00eda y comercio\",\"potentialAction\":[{\"@type\":\"SearchAction\",\"target\":{\"@type\":\"EntryPoint\",\"urlTemplate\":\"https:\\\/\\\/www.sempertea.eu\\\/?s={search_term_string}\"},\"query-input\":{\"@type\":\"PropertyValueSpecification\",\"valueRequired\":true,\"valueName\":\"search_term_string\"}}],\"inLanguage\":\"de\"}]}<\/script>\n<!-- \/ Yoast SEO Premium plugin. -->","yoast_head_json":{"title":"Lakritz BioTee mit Minze | im abbaubaren Pyramidenbeutel | ohne Tein","description":"Herbal ist ein Biotee mit Lakritz und Minze. Eine wunderbare Tee Mischung mit einem leichten, s\u00fc\u00dfen Aroma. Nat\u00fcrlicher Genuss ohne Koffein.","robots":{"index":"index","follow":"follow","max-snippet":"max-snippet:-1","max-image-preview":"max-image-preview:large","max-video-preview":"max-video-preview:-1"},"canonical":"https:\/\/www.sempertea.eu\/Produkte\/te-de-regaliz\/","og_locale":"de_DE","og_type":"article","og_title":"HERBAL Bio Kr\u00e4utertee I Pyramidenbeutel","og_description":"Herbal ist ein Biotee mit Lakritz und Minze. Eine wunderbare Tee Mischung mit einem leichten, s\u00fc\u00dfen Aroma. Nat\u00fcrlicher Genuss ohne Koffein.","og_url":"https:\/\/www.sempertea.eu\/Produkte\/te-de-regaliz\/","og_site_name":"Semper Tea | Mayorista y fabricante de T\u00e9s e Infusiones para hoteles, restaurantes y bares","article_modified_time":"2023-07-30T22:10:58+00:00","og_image":[{"width":900,"height":900,"url":"https:\/\/www.sempertea.eu\/wp-content\/uploads\/2021\/07\/herbal-te-de-regaliz-menta-bolsa-piramide-semper-tea.jpg","type":"image\/jpeg"}],"twitter_card":"summary_large_image","twitter_misc":{"Gesch\u00e4tzte Lesezeit":"1\u00a0Minute"},"schema":{"@context":"https:\/\/schema.org","@graph":[{"@type":"WebPage","@id":"https:\/\/www.sempertea.eu\/Produkte\/te-de-regaliz\/","url":"https:\/\/www.sempertea.eu\/Produkte\/te-de-regaliz\/","name":"Lakritz BioTee mit Minze | im abbaubaren Pyramidenbeutel | ohne Tein","isPartOf":{"@id":"https:\/\/www.sempertea.eu\/#website"},"primaryImageOfPage":{"@id":"https:\/\/www.sempertea.eu\/Produkte\/te-de-regaliz\/#primaryimage"},"image":{"@id":"https:\/\/www.sempertea.eu\/Produkte\/te-de-regaliz\/#primaryimage"},"thumbnailUrl":"https:\/\/www.sempertea.eu\/wp-content\/uploads\/2021\/07\/herbal-te-de-regaliz-menta-bolsa-piramide-semper-tea.jpg","datePublished":"2022-08-04T19:57:11+00:00","dateModified":"2023-07-30T22:10:58+00:00","description":"Herbal ist ein Biotee mit Lakritz und Minze. Eine wunderbare Tee Mischung mit einem leichten, s\u00fc\u00dfen Aroma. Nat\u00fcrlicher Genuss ohne Koffein.","breadcrumb":{"@id":"https:\/\/www.sempertea.eu\/Produkte\/te-de-regaliz\/#breadcrumb"},"inLanguage":"de","potentialAction":[{"@type":"ReadAction","target":["https:\/\/www.sempertea.eu\/Produkte\/te-de-regaliz\/"]}]},{"@type":"ImageObject","inLanguage":"de","@id":"https:\/\/www.sempertea.eu\/Produkte\/te-de-regaliz\/#primaryimage","url":"https:\/\/www.sempertea.eu\/wp-content\/uploads\/2021\/07\/herbal-te-de-regaliz-menta-bolsa-piramide-semper-tea.jpg","contentUrl":"https:\/\/www.sempertea.eu\/wp-content\/uploads\/2021\/07\/herbal-te-de-regaliz-menta-bolsa-piramide-semper-tea.jpg","width":900,"height":900,"caption":"Minze-Lakritz koffeinfreier Kr\u00e4utertee ohne Teine Semper Tea"},{"@type":"BreadcrumbList","@id":"https:\/\/www.sempertea.eu\/Produkte\/te-de-regaliz\/#breadcrumb","itemListElement":[{"@type":"ListItem","position":1,"name":"Portada","item":"https:\/\/www.sempertea.eu\/de\/"},{"@type":"ListItem","position":2,"name":"Shop","item":"https:\/\/www.sempertea.eu\/de\/shop\/"},{"@type":"ListItem","position":3,"name":"HERBAL Bio Kr\u00e4utertee I Pyramidenbeutel"}]},{"@type":"WebSite","@id":"https:\/\/www.sempertea.eu\/#website","url":"https:\/\/www.sempertea.eu\/","name":"Semper Tea | Mayorista y fabricante de T\u00e9s e Infusiones para hoteles, restaurantes y bares","description":"T\u00e9s e infusiones para hosteler\u00eda, hoteler\u00eda y comercio","potentialAction":[{"@type":"SearchAction","target":{"@type":"EntryPoint","urlTemplate":"https:\/\/www.sempertea.eu\/?s={search_term_string}"},"query-input":{"@type":"PropertyValueSpecification","valueRequired":true,"valueName":"search_term_string"}}],"inLanguage":"de"}]}},"_links":{"self":[{"href":"https:\/\/www.sempertea.eu\/de\/wp-json\/wp\/v2\/product\/5237","targetHints":{"allow":["GET"]}}],"collection":[{"href":"https:\/\/www.sempertea.eu\/de\/wp-json\/wp\/v2\/product"}],"about":[{"href":"https:\/\/www.sempertea.eu\/de\/wp-json\/wp\/v2\/types\/product"}],"replies":[{"embeddable":true,"href":"https:\/\/www.sempertea.eu\/de\/wp-json\/wp\/v2\/comments?post=5237"}],"wp:featuredmedia":[{"embeddable":true,"href":"https:\/\/www.sempertea.eu\/de\/wp-json\/wp\/v2\/media\/4194"}],"wp:attachment":[{"href":"https:\/\/www.sempertea.eu\/de\/wp-json\/wp\/v2\/media?parent=5237"}],"wp:term":[{"taxonomy":"product_brand","embeddable":true,"href":"https:\/\/www.sempertea.eu\/de\/wp-json\/wp\/v2\/product_brand?post=5237"},{"taxonomy":"product_cat","embeddable":true,"href":"https:\/\/www.sempertea.eu\/de\/wp-json\/wp\/v2\/product_cat?post=5237"},{"taxonomy":"product_tag","embeddable":true,"href":"https:\/\/www.sempertea.eu\/de\/wp-json\/wp\/v2\/product_tag?post=5237"}],"curies":[{"name":"wp","href":"https:\/\/api.w.org\/{rel}","templated":true}]}}