{"id":5235,"date":"2021-07-28T18:16:56","date_gmt":"2021-07-28T17:16:56","guid":{"rendered":"https:\/\/www.sempertea.eu\/fruit-bio-fruechtetee-i-pyramidenbeutel\/"},"modified":"2025-02-07T11:02:17","modified_gmt":"2025-02-07T10:02:17","slug":"fruechtetee-teepyramide-ohne-tein-bio-ohne-koffein","status":"publish","type":"product","link":"https:\/\/www.sempertea.eu\/de\/Produkte\/fruechtetee-teepyramide-ohne-tein-bio-ohne-koffein\/","title":{"rendered":"FRUIT Bio Fr\u00fcchtetee I Pyramidenbeutel"},"content":{"rendered":"<h2>\u2728 Eine Explosion von Geschmack und lebendigen Farben \u2013 Koffeinfrei \ud83c\udf53<\/h2>\n<p>Entdecken Sie die Magie unseres <strong>Bio-Fr\u00fcchtetees<\/strong>, einer lebendigen Infusion mit einem prickelnden, verf\u00fchrerischen Duft. Jeder Schluck nimmt Sie mit auf eine <strong>k\u00f6stliche Sinnesreise<\/strong>.<\/p>\n<p><strong>Fr\u00fcchtetee<\/strong>, ein zeitloser Klassiker, begeistert mit seinem faszinierenden Aroma, sobald er mit hei\u00dfem Wasser aufgegossen wird. Unsere <strong>besondere Mischung<\/strong> ist eine <strong>rote Fusion<\/strong> aus <em>Hibiskus, Hagebutte<\/em> und Apfel, verfeinert mit <strong>nat\u00fcrlichen Aromen von Waldbeeren, nat\u00fcrlichem Orangenaroma und gefriergetrockneter Erdbeere<\/strong>. Eine perfekte Balance aus S\u00e4ure, S\u00fc\u00dfe und Frische \u2013 ideal f\u00fcr jede Tageszeit.<\/p>\n<p>Bei <strong>Semper Tea<\/strong> vereinen wir <strong>Tradition und Moderne<\/strong>, um Ihnen eine Infusion zu bieten, die nicht nur <strong>gesund und erfrischend<\/strong>, sondern auch das perfekte Getr\u00e4nk f\u00fcr warme Sommertage ist.<\/p>\n<p>\u2728 <strong>Genie\u00dfen Sie es eiskalt<\/strong>, mit viel Eis f\u00fcr ein noch belebenderes Erlebnis.<\/p>\n<h3>\ud83c\udf75 Pyramiden-Teebeutel: Praktisch und nachhaltig \u267b\ufe0f<\/h3>\n<p>Unsere <strong>Pyramiden-Teebeutel<\/strong> bieten die perfekte Kombination aus <strong>Komfort und Umweltfreundlichkeit<\/strong>. Hergestellt aus <strong>biologisch abbaubaren Materialien<\/strong>, erm\u00f6glichen sie es Ihnen, einen k\u00f6stlichen und nachhaltigen Tee zu genie\u00dfen \u2013 ganz ohne unn\u00f6tigen Abfall.<\/p>\n<p>\u267b\ufe0f <strong>100 % plastikfrei. 100 % nat\u00fcrlicher Geschmack.<\/strong> Genie\u00dfen Sie Tee mit gutem Gewissen! \ud83c\udf0d\ud83c\udf75<\/p>\n","protected":false},"excerpt":{"rendered":"<p><strong>\u2728<\/strong><strong> Eine Explosion von Farbe und lebendigem Aroma \u2013 Koffeinfrei <\/strong><strong>\ud83c\udf53<\/strong><\/p>\n<p>Fr\u00fcchtetee ist eine <strong>k\u00f6stliche rote Mischung<\/strong> aus <em>Hibiskus, Hagebutte<\/em> und Apfel, verfeinert mit <strong>nat\u00fcrlichen Aromen von Waldbeeren, nat\u00fcrlichem Orangenaroma und gefriergetrockneter Erdbeere<\/strong>.<\/p>\n<p>Jede Tasse bietet eine <strong>einzigartige Explosion von Farbe, Frische und einem verf\u00fchrerischen Aroma<\/strong>, die ein perfektes Sinneserlebnis zu jeder Tageszeit schafft. \ud83c\udf75\u2728<\/p>\n","protected":false},"featured_media":4172,"comment_status":"open","ping_status":"closed","template":"","meta":[],"product_brand":[],"product_cat":[114,115,116,110,113,109,118,108],"product_tag":[],"class_list":{"0":"post-5235","1":"product","2":"type-product","3":"status-publish","4":"has-post-thumbnail","6":"product_cat-alle","7":"product_cat-alle-de","8":"product_cat-alle-de-2","9":"product_cat-biologisch-abbaubare-pyramide-teebeutel-biotee-kompostierbar","10":"product_cat-biotees-sortiment-online-kaufen","11":"product_cat-tee-pyramidenbeutel-teepyramide-verpackung-abbaubar-nachhaltig","12":"product_cat-fruchtetee-fruchte-biotee-hibiskus-erdbeere-fruchtmischung","13":"product_cat-sortiment-tee-packaging-verpackung-attraktiv-biotees-design","15":"first","16":"instock","17":"shipping-taxable","18":"purchasable","19":"product-type-simple"},"yoast_head":"<!-- This site is optimized with the Yoast SEO Premium plugin v27.3 (Yoast SEO v27.4) - https:\/\/yoast.com\/product\/yoast-seo-premium-wordpress\/ -->\n<title>Fr\u00fcchtetee Bio-Pyramidentee | OHNE TEIN | Semper Tea<\/title>\n<meta name=\"description\" content=\"K\u00f6stliche rote Mischung aus Hibiskus, Hagebutte und Apfel, verfeinert mit nat\u00fcrlichen Aromen von Waldbeeren, Orangenaroma und gefriergetrockneter Erdbeere.\" \/>\n<meta name=\"robots\" content=\"index, follow, max-snippet:-1, max-image-preview:large, max-video-preview:-1\" \/>\n<link rel=\"canonical\" href=\"https:\/\/www.sempertea.eu\/de\/Produkte\/fruechtetee-teepyramide-ohne-tein-bio-ohne-koffein\/\" \/>\n<meta property=\"og:locale\" content=\"de_DE\" \/>\n<meta property=\"og:type\" content=\"article\" \/>\n<meta property=\"og:title\" content=\"FRUIT Bio Fr\u00fcchtetee I Pyramidenbeutel\" \/>\n<meta property=\"og:description\" content=\"K\u00f6stliche rote Mischung aus Hibiskus, Hagebutte und Apfel, verfeinert mit nat\u00fcrlichen Aromen von Waldbeeren, Orangenaroma und gefriergetrockneter Erdbeere.\" \/>\n<meta property=\"og:url\" content=\"https:\/\/www.sempertea.eu\/de\/Produkte\/fruechtetee-teepyramide-ohne-tein-bio-ohne-koffein\/\" \/>\n<meta property=\"og:site_name\" content=\"Semper Tea | Mayorista y fabricante de T\u00e9s e Infusiones para hoteles, restaurantes y bares\" \/>\n<meta property=\"article:modified_time\" content=\"2025-02-07T10:02:17+00:00\" \/>\n<meta property=\"og:image\" content=\"https:\/\/www.sempertea.eu\/wp-content\/uploads\/2021\/07\/tes-e-infusiones-de-frutas-mejor-oferta-en-bolsa-piramide-semper-tea.jpg\" \/>\n\t<meta property=\"og:image:width\" content=\"900\" \/>\n\t<meta property=\"og:image:height\" content=\"900\" \/>\n\t<meta property=\"og:image:type\" content=\"image\/jpeg\" \/>\n<meta name=\"twitter:card\" content=\"summary_large_image\" \/>\n<meta name=\"twitter:label1\" content=\"Gesch\u00e4tzte Lesezeit\" \/>\n\t<meta name=\"twitter:data1\" content=\"2\u00a0Minuten\" \/>\n<script type=\"application\/ld+json\" class=\"yoast-schema-graph\">{\"@context\":\"https:\\\/\\\/schema.org\",\"@graph\":[{\"@type\":\"WebPage\",\"@id\":\"https:\\\/\\\/www.sempertea.eu\\\/de\\\/Produkte\\\/fruechtetee-teepyramide-ohne-tein-bio-ohne-koffein\\\/\",\"url\":\"https:\\\/\\\/www.sempertea.eu\\\/de\\\/Produkte\\\/fruechtetee-teepyramide-ohne-tein-bio-ohne-koffein\\\/\",\"name\":\"Fr\u00fcchtetee Bio-Pyramidentee | OHNE TEIN | Semper Tea\",\"isPartOf\":{\"@id\":\"https:\\\/\\\/www.sempertea.eu\\\/#website\"},\"primaryImageOfPage\":{\"@id\":\"https:\\\/\\\/www.sempertea.eu\\\/de\\\/Produkte\\\/fruechtetee-teepyramide-ohne-tein-bio-ohne-koffein\\\/#primaryimage\"},\"image\":{\"@id\":\"https:\\\/\\\/www.sempertea.eu\\\/de\\\/Produkte\\\/fruechtetee-teepyramide-ohne-tein-bio-ohne-koffein\\\/#primaryimage\"},\"thumbnailUrl\":\"https:\\\/\\\/www.sempertea.eu\\\/wp-content\\\/uploads\\\/2021\\\/07\\\/tes-e-infusiones-de-frutas-mejor-oferta-en-bolsa-piramide-semper-tea.jpg\",\"datePublished\":\"2021-07-28T17:16:56+00:00\",\"dateModified\":\"2025-02-07T10:02:17+00:00\",\"description\":\"K\u00f6stliche rote Mischung aus Hibiskus, Hagebutte und Apfel, verfeinert mit nat\u00fcrlichen Aromen von Waldbeeren, Orangenaroma und gefriergetrockneter Erdbeere.\",\"breadcrumb\":{\"@id\":\"https:\\\/\\\/www.sempertea.eu\\\/de\\\/Produkte\\\/fruechtetee-teepyramide-ohne-tein-bio-ohne-koffein\\\/#breadcrumb\"},\"inLanguage\":\"de\",\"potentialAction\":[{\"@type\":\"ReadAction\",\"target\":[\"https:\\\/\\\/www.sempertea.eu\\\/de\\\/Produkte\\\/fruechtetee-teepyramide-ohne-tein-bio-ohne-koffein\\\/\"]}]},{\"@type\":\"ImageObject\",\"inLanguage\":\"de\",\"@id\":\"https:\\\/\\\/www.sempertea.eu\\\/de\\\/Produkte\\\/fruechtetee-teepyramide-ohne-tein-bio-ohne-koffein\\\/#primaryimage\",\"url\":\"https:\\\/\\\/www.sempertea.eu\\\/wp-content\\\/uploads\\\/2021\\\/07\\\/tes-e-infusiones-de-frutas-mejor-oferta-en-bolsa-piramide-semper-tea.jpg\",\"contentUrl\":\"https:\\\/\\\/www.sempertea.eu\\\/wp-content\\\/uploads\\\/2021\\\/07\\\/tes-e-infusiones-de-frutas-mejor-oferta-en-bolsa-piramide-semper-tea.jpg\",\"width\":900,\"height\":900,\"caption\":\"Tees und Fr\u00fcchtetees bestes Angebot in Pyramide Teebeutel semper tea\"},{\"@type\":\"BreadcrumbList\",\"@id\":\"https:\\\/\\\/www.sempertea.eu\\\/de\\\/Produkte\\\/fruechtetee-teepyramide-ohne-tein-bio-ohne-koffein\\\/#breadcrumb\",\"itemListElement\":[{\"@type\":\"ListItem\",\"position\":1,\"name\":\"Portada\",\"item\":\"https:\\\/\\\/www.sempertea.eu\\\/de\\\/\"},{\"@type\":\"ListItem\",\"position\":2,\"name\":\"Shop\",\"item\":\"https:\\\/\\\/www.sempertea.eu\\\/de\\\/shop\\\/\"},{\"@type\":\"ListItem\",\"position\":3,\"name\":\"FRUIT Bio Fr\u00fcchtetee I Pyramidenbeutel\"}]},{\"@type\":\"WebSite\",\"@id\":\"https:\\\/\\\/www.sempertea.eu\\\/#website\",\"url\":\"https:\\\/\\\/www.sempertea.eu\\\/\",\"name\":\"Semper Tea | Mayorista y fabricante de T\u00e9s e Infusiones para hoteles, restaurantes y bares\",\"description\":\"T\u00e9s e infusiones para hosteler\u00eda, hoteler\u00eda y comercio\",\"potentialAction\":[{\"@type\":\"SearchAction\",\"target\":{\"@type\":\"EntryPoint\",\"urlTemplate\":\"https:\\\/\\\/www.sempertea.eu\\\/?s={search_term_string}\"},\"query-input\":{\"@type\":\"PropertyValueSpecification\",\"valueRequired\":true,\"valueName\":\"search_term_string\"}}],\"inLanguage\":\"de\"}]}<\/script>\n<!-- \/ Yoast SEO Premium plugin. -->","yoast_head_json":{"title":"Fr\u00fcchtetee Bio-Pyramidentee | OHNE TEIN | Semper Tea","description":"K\u00f6stliche rote Mischung aus Hibiskus, Hagebutte und Apfel, verfeinert mit nat\u00fcrlichen Aromen von Waldbeeren, Orangenaroma und gefriergetrockneter Erdbeere.","robots":{"index":"index","follow":"follow","max-snippet":"max-snippet:-1","max-image-preview":"max-image-preview:large","max-video-preview":"max-video-preview:-1"},"canonical":"https:\/\/www.sempertea.eu\/de\/Produkte\/fruechtetee-teepyramide-ohne-tein-bio-ohne-koffein\/","og_locale":"de_DE","og_type":"article","og_title":"FRUIT Bio Fr\u00fcchtetee I Pyramidenbeutel","og_description":"K\u00f6stliche rote Mischung aus Hibiskus, Hagebutte und Apfel, verfeinert mit nat\u00fcrlichen Aromen von Waldbeeren, Orangenaroma und gefriergetrockneter Erdbeere.","og_url":"https:\/\/www.sempertea.eu\/de\/Produkte\/fruechtetee-teepyramide-ohne-tein-bio-ohne-koffein\/","og_site_name":"Semper Tea | Mayorista y fabricante de T\u00e9s e Infusiones para hoteles, restaurantes y bares","article_modified_time":"2025-02-07T10:02:17+00:00","og_image":[{"width":900,"height":900,"url":"https:\/\/www.sempertea.eu\/wp-content\/uploads\/2021\/07\/tes-e-infusiones-de-frutas-mejor-oferta-en-bolsa-piramide-semper-tea.jpg","type":"image\/jpeg"}],"twitter_card":"summary_large_image","twitter_misc":{"Gesch\u00e4tzte Lesezeit":"2\u00a0Minuten"},"schema":{"@context":"https:\/\/schema.org","@graph":[{"@type":"WebPage","@id":"https:\/\/www.sempertea.eu\/de\/Produkte\/fruechtetee-teepyramide-ohne-tein-bio-ohne-koffein\/","url":"https:\/\/www.sempertea.eu\/de\/Produkte\/fruechtetee-teepyramide-ohne-tein-bio-ohne-koffein\/","name":"Fr\u00fcchtetee Bio-Pyramidentee | OHNE TEIN | Semper Tea","isPartOf":{"@id":"https:\/\/www.sempertea.eu\/#website"},"primaryImageOfPage":{"@id":"https:\/\/www.sempertea.eu\/de\/Produkte\/fruechtetee-teepyramide-ohne-tein-bio-ohne-koffein\/#primaryimage"},"image":{"@id":"https:\/\/www.sempertea.eu\/de\/Produkte\/fruechtetee-teepyramide-ohne-tein-bio-ohne-koffein\/#primaryimage"},"thumbnailUrl":"https:\/\/www.sempertea.eu\/wp-content\/uploads\/2021\/07\/tes-e-infusiones-de-frutas-mejor-oferta-en-bolsa-piramide-semper-tea.jpg","datePublished":"2021-07-28T17:16:56+00:00","dateModified":"2025-02-07T10:02:17+00:00","description":"K\u00f6stliche rote Mischung aus Hibiskus, Hagebutte und Apfel, verfeinert mit nat\u00fcrlichen Aromen von Waldbeeren, Orangenaroma und gefriergetrockneter Erdbeere.","breadcrumb":{"@id":"https:\/\/www.sempertea.eu\/de\/Produkte\/fruechtetee-teepyramide-ohne-tein-bio-ohne-koffein\/#breadcrumb"},"inLanguage":"de","potentialAction":[{"@type":"ReadAction","target":["https:\/\/www.sempertea.eu\/de\/Produkte\/fruechtetee-teepyramide-ohne-tein-bio-ohne-koffein\/"]}]},{"@type":"ImageObject","inLanguage":"de","@id":"https:\/\/www.sempertea.eu\/de\/Produkte\/fruechtetee-teepyramide-ohne-tein-bio-ohne-koffein\/#primaryimage","url":"https:\/\/www.sempertea.eu\/wp-content\/uploads\/2021\/07\/tes-e-infusiones-de-frutas-mejor-oferta-en-bolsa-piramide-semper-tea.jpg","contentUrl":"https:\/\/www.sempertea.eu\/wp-content\/uploads\/2021\/07\/tes-e-infusiones-de-frutas-mejor-oferta-en-bolsa-piramide-semper-tea.jpg","width":900,"height":900,"caption":"Tees und Fr\u00fcchtetees bestes Angebot in Pyramide Teebeutel semper tea"},{"@type":"BreadcrumbList","@id":"https:\/\/www.sempertea.eu\/de\/Produkte\/fruechtetee-teepyramide-ohne-tein-bio-ohne-koffein\/#breadcrumb","itemListElement":[{"@type":"ListItem","position":1,"name":"Portada","item":"https:\/\/www.sempertea.eu\/de\/"},{"@type":"ListItem","position":2,"name":"Shop","item":"https:\/\/www.sempertea.eu\/de\/shop\/"},{"@type":"ListItem","position":3,"name":"FRUIT Bio Fr\u00fcchtetee I Pyramidenbeutel"}]},{"@type":"WebSite","@id":"https:\/\/www.sempertea.eu\/#website","url":"https:\/\/www.sempertea.eu\/","name":"Semper Tea | Mayorista y fabricante de T\u00e9s e Infusiones para hoteles, restaurantes y bares","description":"T\u00e9s e infusiones para hosteler\u00eda, hoteler\u00eda y comercio","potentialAction":[{"@type":"SearchAction","target":{"@type":"EntryPoint","urlTemplate":"https:\/\/www.sempertea.eu\/?s={search_term_string}"},"query-input":{"@type":"PropertyValueSpecification","valueRequired":true,"valueName":"search_term_string"}}],"inLanguage":"de"}]}},"_links":{"self":[{"href":"https:\/\/www.sempertea.eu\/de\/wp-json\/wp\/v2\/product\/5235","targetHints":{"allow":["GET"]}}],"collection":[{"href":"https:\/\/www.sempertea.eu\/de\/wp-json\/wp\/v2\/product"}],"about":[{"href":"https:\/\/www.sempertea.eu\/de\/wp-json\/wp\/v2\/types\/product"}],"replies":[{"embeddable":true,"href":"https:\/\/www.sempertea.eu\/de\/wp-json\/wp\/v2\/comments?post=5235"}],"wp:featuredmedia":[{"embeddable":true,"href":"https:\/\/www.sempertea.eu\/de\/wp-json\/wp\/v2\/media\/4172"}],"wp:attachment":[{"href":"https:\/\/www.sempertea.eu\/de\/wp-json\/wp\/v2\/media?parent=5235"}],"wp:term":[{"taxonomy":"product_brand","embeddable":true,"href":"https:\/\/www.sempertea.eu\/de\/wp-json\/wp\/v2\/product_brand?post=5235"},{"taxonomy":"product_cat","embeddable":true,"href":"https:\/\/www.sempertea.eu\/de\/wp-json\/wp\/v2\/product_cat?post=5235"},{"taxonomy":"product_tag","embeddable":true,"href":"https:\/\/www.sempertea.eu\/de\/wp-json\/wp\/v2\/product_tag?post=5235"}],"curies":[{"name":"wp","href":"https:\/\/api.w.org\/{rel}","templated":true}]}}