{"id":5234,"date":"2021-04-30T09:25:21","date_gmt":"2022-08-04T18:21:44","guid":{"rendered":"https:\/\/www.sempertea.eu\/english-breakfast-bio-tee-i-pyramidenbeutel\/"},"modified":"2023-07-31T21:49:47","modified_gmt":"2023-07-31T20:49:47","slug":"english-breakfast-pyramidentee-in-bio-online-kaufen","status":"publish","type":"product","link":"https:\/\/www.sempertea.eu\/de\/Produkte\/english-breakfast-pyramidentee-in-bio-online-kaufen\/","title":{"rendered":"ENGLISH BREAKFAST Biotee I Pyramidenbeutel"},"content":{"rendered":"<h2>English Breakfast &#8211; Ein belebendes Teeerlebnis<\/h2>\n<p>Genie\u00dfen Sie den kr\u00e4ftigen und intensiven Geschmack unseres English Breakfast Tees, eine perfekte Reinkarnation der britischen Teekultur. Diese herrlich tiefgr\u00fcndige Mischung besteht aus den feinsten schwarzen Teesorten aus <strong>Assam, Ceylon und Kenia.<\/strong><\/p>\n<p>Nachhaltig verpackt in <strong>100 % biologisch abbaubaren Pyramidenbeuteln<\/strong>, verleiht dieses unverwechselbare Getr\u00e4nk Ihrem Alltag neue Energie.<\/p>\n<p>Entdecken und kaufen Sie diese exquisiten Tees in unserem <strong>Online-Teeshop<\/strong>, wo wir Schwarztee aus biologischem Anbau als Grundlage f\u00fcr unsere verschiedenen Teemischungen, darunter English Breakfast, Earl Grey mit Bergamotte, Darjeeling und gew\u00fcrzter schwarzer Chai-Tee, verwenden.<\/p>\n<p>English Breakfast, bekannt f\u00fcr seinen reichhaltigen und exotischen Geschmack, ist eine Hommage an die legend\u00e4ren <strong>Schwarzteemischungen<\/strong> aus Assam, Ceylon und Kenia. Der charakteristische r\u00f6tlich-braune Farbton ist eine wunderbare M\u00f6glichkeit, Ihre t\u00e4glichen Rituale mit neuer Energie zu erf\u00fcllen.<\/p>\n<p>Probieren Sie diesen Tee morgens mit etwas Milch und einem St\u00fcck Kuchen, um Ihre Fr\u00fchst\u00fccksroutine perfekt zu erg\u00e4nzen. Erleben Sie mit Semper Tea ein unvergleichliches Teeerlebnis!<\/p>\n<p>&nbsp;<\/p>\n","protected":false},"excerpt":{"rendered":"<p><strong>Wunderbare Mischung aus erlesenen Schwarztees<\/strong><\/p>\n<p class=\"Textbody\" style=\"margin-bottom: 0cm;\">Entdecken Sie ein belebendes Teeerlebnis mit unserem English Breakfast. Genie\u00dfen Sie den kr\u00e4ftigen und intensiven Geschmack aus den besten Schwarzteesorten von Assam, Ceylon und Kenia. Nachhaltig verpackt in biologisch abbaubaren Pyramidenbeuteln, verleiht dieser Tee Ihrem Alltag neue Energie.<\/p>\n<p>&nbsp;<\/p>\n","protected":false},"featured_media":4004,"comment_status":"open","ping_status":"closed","template":"","meta":[],"product_brand":[],"product_cat":[116,114,115,110,113,109,117,108],"product_tag":[],"class_list":{"0":"post-5234","1":"product","2":"type-product","3":"status-publish","4":"has-post-thumbnail","6":"product_cat-alle-de-2","7":"product_cat-alle","8":"product_cat-alle-de","9":"product_cat-biologisch-abbaubare-pyramide-teebeutel-biotee-kompostierbar","10":"product_cat-biotees-sortiment-online-kaufen","11":"product_cat-tee-pyramidenbeutel-teepyramide-verpackung-abbaubar-nachhaltig","12":"product_cat-schwarzer-tee-in-bio-qualitaet-kaufen","13":"product_cat-sortiment-tee-packaging-verpackung-attraktiv-biotees-design","15":"first","16":"instock","17":"shipping-taxable","18":"purchasable","19":"product-type-simple"},"yoast_head":"<!-- This site is optimized with the Yoast SEO Premium plugin v27.3 (Yoast SEO v27.4) - https:\/\/yoast.com\/product\/yoast-seo-premium-wordpress\/ -->\n<title>English Breakfast Pyramidentee I Bio-Qualit\u00e4t I online shop Semper Tea<\/title>\n<meta name=\"description\" content=\"Eine Mischung aus feinsten Schwarztees. Unser English Breakfast kommt in der biologisch abbaubaren Pyramide, einzeln in Designerbox verpackt.\" \/>\n<meta name=\"robots\" content=\"index, follow, max-snippet:-1, max-image-preview:large, max-video-preview:-1\" \/>\n<link rel=\"canonical\" href=\"https:\/\/www.sempertea.eu\/de\/Produkte\/english-breakfast-pyramidentee-in-bio-online-kaufen\/\" \/>\n<meta property=\"og:locale\" content=\"de_DE\" \/>\n<meta property=\"og:type\" content=\"article\" \/>\n<meta property=\"og:title\" content=\"ENGLISH BREAKFAST Biotee I Pyramidenbeutel\" \/>\n<meta property=\"og:description\" content=\"Eine Mischung aus feinsten Schwarztees. Unser English Breakfast kommt in der biologisch abbaubaren Pyramide, einzeln in Designerbox verpackt.\" \/>\n<meta property=\"og:url\" content=\"https:\/\/www.sempertea.eu\/de\/Produkte\/english-breakfast-pyramidentee-in-bio-online-kaufen\/\" \/>\n<meta property=\"og:site_name\" content=\"Semper Tea | Mayorista y fabricante de T\u00e9s e Infusiones para hoteles, restaurantes y bares\" \/>\n<meta property=\"article:modified_time\" content=\"2023-07-31T20:49:47+00:00\" \/>\n<meta property=\"og:image\" content=\"https:\/\/www.sempertea.eu\/wp-content\/uploads\/2021\/04\/english-breakfast-te-desayuno-ingles-bolsa-piramide-biodegradable-semper-tea.jpg\" \/>\n\t<meta property=\"og:image:width\" content=\"900\" \/>\n\t<meta property=\"og:image:height\" content=\"900\" \/>\n\t<meta property=\"og:image:type\" content=\"image\/jpeg\" \/>\n<meta name=\"twitter:card\" content=\"summary_large_image\" \/>\n<meta name=\"twitter:label1\" content=\"Gesch\u00e4tzte Lesezeit\" \/>\n\t<meta name=\"twitter:data1\" content=\"1\u00a0Minute\" \/>\n<script type=\"application\/ld+json\" class=\"yoast-schema-graph\">{\"@context\":\"https:\\\/\\\/schema.org\",\"@graph\":[{\"@type\":\"WebPage\",\"@id\":\"https:\\\/\\\/www.sempertea.eu\\\/de\\\/Produkte\\\/english-breakfast-pyramidentee-in-bio-online-kaufen\\\/\",\"url\":\"https:\\\/\\\/www.sempertea.eu\\\/de\\\/Produkte\\\/english-breakfast-pyramidentee-in-bio-online-kaufen\\\/\",\"name\":\"English Breakfast Pyramidentee I Bio-Qualit\u00e4t I online shop Semper Tea\",\"isPartOf\":{\"@id\":\"https:\\\/\\\/www.sempertea.eu\\\/#website\"},\"primaryImageOfPage\":{\"@id\":\"https:\\\/\\\/www.sempertea.eu\\\/de\\\/Produkte\\\/english-breakfast-pyramidentee-in-bio-online-kaufen\\\/#primaryimage\"},\"image\":{\"@id\":\"https:\\\/\\\/www.sempertea.eu\\\/de\\\/Produkte\\\/english-breakfast-pyramidentee-in-bio-online-kaufen\\\/#primaryimage\"},\"thumbnailUrl\":\"https:\\\/\\\/www.sempertea.eu\\\/wp-content\\\/uploads\\\/2021\\\/04\\\/english-breakfast-te-desayuno-ingles-bolsa-piramide-biodegradable-semper-tea.jpg\",\"datePublished\":\"2022-08-04T18:21:44+00:00\",\"dateModified\":\"2023-07-31T20:49:47+00:00\",\"description\":\"Eine Mischung aus feinsten Schwarztees. Unser English Breakfast kommt in der biologisch abbaubaren Pyramide, einzeln in Designerbox verpackt.\",\"breadcrumb\":{\"@id\":\"https:\\\/\\\/www.sempertea.eu\\\/de\\\/Produkte\\\/english-breakfast-pyramidentee-in-bio-online-kaufen\\\/#breadcrumb\"},\"inLanguage\":\"de\",\"potentialAction\":[{\"@type\":\"ReadAction\",\"target\":[\"https:\\\/\\\/www.sempertea.eu\\\/de\\\/Produkte\\\/english-breakfast-pyramidentee-in-bio-online-kaufen\\\/\"]}]},{\"@type\":\"ImageObject\",\"inLanguage\":\"de\",\"@id\":\"https:\\\/\\\/www.sempertea.eu\\\/de\\\/Produkte\\\/english-breakfast-pyramidentee-in-bio-online-kaufen\\\/#primaryimage\",\"url\":\"https:\\\/\\\/www.sempertea.eu\\\/wp-content\\\/uploads\\\/2021\\\/04\\\/english-breakfast-te-desayuno-ingles-bolsa-piramide-biodegradable-semper-tea.jpg\",\"contentUrl\":\"https:\\\/\\\/www.sempertea.eu\\\/wp-content\\\/uploads\\\/2021\\\/04\\\/english-breakfast-te-desayuno-ingles-bolsa-piramide-biodegradable-semper-tea.jpg\",\"width\":900,\"height\":900,\"caption\":\"englischer breakfast Fr\u00fchst\u00fcckstee in biologisch abbaubarer Pyramidenbeutel semper tea\"},{\"@type\":\"BreadcrumbList\",\"@id\":\"https:\\\/\\\/www.sempertea.eu\\\/de\\\/Produkte\\\/english-breakfast-pyramidentee-in-bio-online-kaufen\\\/#breadcrumb\",\"itemListElement\":[{\"@type\":\"ListItem\",\"position\":1,\"name\":\"Portada\",\"item\":\"https:\\\/\\\/www.sempertea.eu\\\/de\\\/\"},{\"@type\":\"ListItem\",\"position\":2,\"name\":\"Shop\",\"item\":\"https:\\\/\\\/www.sempertea.eu\\\/de\\\/shop\\\/\"},{\"@type\":\"ListItem\",\"position\":3,\"name\":\"ENGLISH BREAKFAST Biotee I Pyramidenbeutel\"}]},{\"@type\":\"WebSite\",\"@id\":\"https:\\\/\\\/www.sempertea.eu\\\/#website\",\"url\":\"https:\\\/\\\/www.sempertea.eu\\\/\",\"name\":\"Semper Tea | Mayorista y fabricante de T\u00e9s e Infusiones para hoteles, restaurantes y bares\",\"description\":\"T\u00e9s e infusiones para hosteler\u00eda, hoteler\u00eda y comercio\",\"potentialAction\":[{\"@type\":\"SearchAction\",\"target\":{\"@type\":\"EntryPoint\",\"urlTemplate\":\"https:\\\/\\\/www.sempertea.eu\\\/?s={search_term_string}\"},\"query-input\":{\"@type\":\"PropertyValueSpecification\",\"valueRequired\":true,\"valueName\":\"search_term_string\"}}],\"inLanguage\":\"de\"}]}<\/script>\n<!-- \/ Yoast SEO Premium plugin. -->","yoast_head_json":{"title":"English Breakfast Pyramidentee I Bio-Qualit\u00e4t I online shop Semper Tea","description":"Eine Mischung aus feinsten Schwarztees. Unser English Breakfast kommt in der biologisch abbaubaren Pyramide, einzeln in Designerbox verpackt.","robots":{"index":"index","follow":"follow","max-snippet":"max-snippet:-1","max-image-preview":"max-image-preview:large","max-video-preview":"max-video-preview:-1"},"canonical":"https:\/\/www.sempertea.eu\/de\/Produkte\/english-breakfast-pyramidentee-in-bio-online-kaufen\/","og_locale":"de_DE","og_type":"article","og_title":"ENGLISH BREAKFAST Biotee I Pyramidenbeutel","og_description":"Eine Mischung aus feinsten Schwarztees. Unser English Breakfast kommt in der biologisch abbaubaren Pyramide, einzeln in Designerbox verpackt.","og_url":"https:\/\/www.sempertea.eu\/de\/Produkte\/english-breakfast-pyramidentee-in-bio-online-kaufen\/","og_site_name":"Semper Tea | Mayorista y fabricante de T\u00e9s e Infusiones para hoteles, restaurantes y bares","article_modified_time":"2023-07-31T20:49:47+00:00","og_image":[{"width":900,"height":900,"url":"https:\/\/www.sempertea.eu\/wp-content\/uploads\/2021\/04\/english-breakfast-te-desayuno-ingles-bolsa-piramide-biodegradable-semper-tea.jpg","type":"image\/jpeg"}],"twitter_card":"summary_large_image","twitter_misc":{"Gesch\u00e4tzte Lesezeit":"1\u00a0Minute"},"schema":{"@context":"https:\/\/schema.org","@graph":[{"@type":"WebPage","@id":"https:\/\/www.sempertea.eu\/de\/Produkte\/english-breakfast-pyramidentee-in-bio-online-kaufen\/","url":"https:\/\/www.sempertea.eu\/de\/Produkte\/english-breakfast-pyramidentee-in-bio-online-kaufen\/","name":"English Breakfast Pyramidentee I Bio-Qualit\u00e4t I online shop Semper Tea","isPartOf":{"@id":"https:\/\/www.sempertea.eu\/#website"},"primaryImageOfPage":{"@id":"https:\/\/www.sempertea.eu\/de\/Produkte\/english-breakfast-pyramidentee-in-bio-online-kaufen\/#primaryimage"},"image":{"@id":"https:\/\/www.sempertea.eu\/de\/Produkte\/english-breakfast-pyramidentee-in-bio-online-kaufen\/#primaryimage"},"thumbnailUrl":"https:\/\/www.sempertea.eu\/wp-content\/uploads\/2021\/04\/english-breakfast-te-desayuno-ingles-bolsa-piramide-biodegradable-semper-tea.jpg","datePublished":"2022-08-04T18:21:44+00:00","dateModified":"2023-07-31T20:49:47+00:00","description":"Eine Mischung aus feinsten Schwarztees. Unser English Breakfast kommt in der biologisch abbaubaren Pyramide, einzeln in Designerbox verpackt.","breadcrumb":{"@id":"https:\/\/www.sempertea.eu\/de\/Produkte\/english-breakfast-pyramidentee-in-bio-online-kaufen\/#breadcrumb"},"inLanguage":"de","potentialAction":[{"@type":"ReadAction","target":["https:\/\/www.sempertea.eu\/de\/Produkte\/english-breakfast-pyramidentee-in-bio-online-kaufen\/"]}]},{"@type":"ImageObject","inLanguage":"de","@id":"https:\/\/www.sempertea.eu\/de\/Produkte\/english-breakfast-pyramidentee-in-bio-online-kaufen\/#primaryimage","url":"https:\/\/www.sempertea.eu\/wp-content\/uploads\/2021\/04\/english-breakfast-te-desayuno-ingles-bolsa-piramide-biodegradable-semper-tea.jpg","contentUrl":"https:\/\/www.sempertea.eu\/wp-content\/uploads\/2021\/04\/english-breakfast-te-desayuno-ingles-bolsa-piramide-biodegradable-semper-tea.jpg","width":900,"height":900,"caption":"englischer breakfast Fr\u00fchst\u00fcckstee in biologisch abbaubarer Pyramidenbeutel semper tea"},{"@type":"BreadcrumbList","@id":"https:\/\/www.sempertea.eu\/de\/Produkte\/english-breakfast-pyramidentee-in-bio-online-kaufen\/#breadcrumb","itemListElement":[{"@type":"ListItem","position":1,"name":"Portada","item":"https:\/\/www.sempertea.eu\/de\/"},{"@type":"ListItem","position":2,"name":"Shop","item":"https:\/\/www.sempertea.eu\/de\/shop\/"},{"@type":"ListItem","position":3,"name":"ENGLISH BREAKFAST Biotee I Pyramidenbeutel"}]},{"@type":"WebSite","@id":"https:\/\/www.sempertea.eu\/#website","url":"https:\/\/www.sempertea.eu\/","name":"Semper Tea | Mayorista y fabricante de T\u00e9s e Infusiones para hoteles, restaurantes y bares","description":"T\u00e9s e infusiones para hosteler\u00eda, hoteler\u00eda y comercio","potentialAction":[{"@type":"SearchAction","target":{"@type":"EntryPoint","urlTemplate":"https:\/\/www.sempertea.eu\/?s={search_term_string}"},"query-input":{"@type":"PropertyValueSpecification","valueRequired":true,"valueName":"search_term_string"}}],"inLanguage":"de"}]}},"_links":{"self":[{"href":"https:\/\/www.sempertea.eu\/de\/wp-json\/wp\/v2\/product\/5234","targetHints":{"allow":["GET"]}}],"collection":[{"href":"https:\/\/www.sempertea.eu\/de\/wp-json\/wp\/v2\/product"}],"about":[{"href":"https:\/\/www.sempertea.eu\/de\/wp-json\/wp\/v2\/types\/product"}],"replies":[{"embeddable":true,"href":"https:\/\/www.sempertea.eu\/de\/wp-json\/wp\/v2\/comments?post=5234"}],"wp:featuredmedia":[{"embeddable":true,"href":"https:\/\/www.sempertea.eu\/de\/wp-json\/wp\/v2\/media\/4004"}],"wp:attachment":[{"href":"https:\/\/www.sempertea.eu\/de\/wp-json\/wp\/v2\/media?parent=5234"}],"wp:term":[{"taxonomy":"product_brand","embeddable":true,"href":"https:\/\/www.sempertea.eu\/de\/wp-json\/wp\/v2\/product_brand?post=5234"},{"taxonomy":"product_cat","embeddable":true,"href":"https:\/\/www.sempertea.eu\/de\/wp-json\/wp\/v2\/product_cat?post=5234"},{"taxonomy":"product_tag","embeddable":true,"href":"https:\/\/www.sempertea.eu\/de\/wp-json\/wp\/v2\/product_tag?post=5234"}],"curies":[{"name":"wp","href":"https:\/\/api.w.org\/{rel}","templated":true}]}}