{"id":5233,"date":"2021-04-30T12:39:27","date_gmt":"2022-08-04T17:57:31","guid":{"rendered":"https:\/\/www.sempertea.eu\/earl-grey-bio-tee-i-pyramidenbeutel\/"},"modified":"2023-07-31T22:07:47","modified_gmt":"2023-07-31T21:07:47","slug":"earl-grey-teepyramide-material-biologisch-abbaubar","status":"publish","type":"product","link":"https:\/\/www.sempertea.eu\/de\/Produkte\/earl-grey-teepyramide-material-biologisch-abbaubar\/","title":{"rendered":"EARL GREY Biotee I Pyramidenbeutel"},"content":{"rendered":"<h2>Erh\u00f6hen Sie Ihr Teeerlebnis mit dem Earl Grey Pyramidenbeutel<\/h2>\n<p>Genie\u00dfen Sie den exquisiten Geschmack von Earl Grey Tee, perfekt verpackt in einem <strong>biologisch abbaubaren Pyramidenbeutel<\/strong>. Lassen Sie sich von dem aromatischen Bergamotte-Aroma auf eine k\u00f6stliche Reise mitnehmen und genie\u00dfen Sie den Tee mit einem guten Umweltgewissen. Entdecken Sie die perfekte Mischung aus Geschmack und Nachhaltigkeit in unserem Online-Teeshop.<\/p>\n<h3>Erleben Sie Earl Grey mit Bergamotte &#8211; ein nuancierter Genuss<\/h3>\n<p>Earl Grey-Liebhaber, das ist etwas f\u00fcr Sie! Genie\u00dfen Sie die k\u00f6stliche Mischung aus schwarzem Tee und cremigem Bergamotte-Aroma, die Sie dazu einl\u00e4dt, ihren nuancierten Geschmack ohne Milch zu genie\u00dfen. Umh\u00fcllt von s\u00fc\u00dfen Aromen, ist diese<strong> k\u00f6stliche Mischung ein wahrer Genuss f\u00fcr die Sinne<\/strong>.<\/p>\n<h4><strong>Die klassische Geschichte des Earl Grey &#8211; Enth\u00fcllung der Legende<\/strong><\/h4>\n<p>Earl Grey, der zeitlose Klassiker mit einem einzigartigen Twist. Genie\u00dfen Sie seinen kr\u00e4ftigen und besonderen Geschmack, der durch das <strong>fruchtige Zitrusaroma<\/strong> der Bergamotte erg\u00e4nzt wird. Diese k\u00f6stliche Interpretation ist die ideale Wahl f\u00fcr den Nachmittagstee und erweckt die Legende in jeder Tasse zum Leben.<\/p>\n<h3>Ein weltbekannter Klassiker &#8211; Entfaltung des Zitrus-Charmes<\/h3>\n<p><strong>Earl Grey, einer der ber\u00fchmtesten Tees der Welt,<\/strong> bietet einen intensiv aromatisierten schwarzen Tee, der mit \u00e4therischen \u00d6len aus der Rinde des <strong>Bergamottenbaum<\/strong>s versetzt ist. Diese mediterrane Zitrusfrucht hat einen blumigen Geschmack, der an eine k\u00f6stliche Mischung aus Orange, Zitrone, Limette und Grapefruit erinnert. Genie\u00dfen Sie den Charme der Zitrusfr\u00fcchte bei jedem Schluck!<\/p>\n<div class=\"et_pb_module et_pb_text et_pb_text_0 et_pb_bg_layout_light et_pb_text_align_left\">\n<div class=\"et_pb_text_inner\">\n<p>&nbsp;<\/p>\n<\/div>\n<\/div>\n","protected":false},"excerpt":{"rendered":"<p><strong>Ein echter Klassiker &#8211; aromatisch und erfrischend<\/strong><\/p>\n<p class=\"Textbody\" style=\"margin-bottom: 0cm;\">Abgerundet wird unser Earl Grey durch das nat\u00fcrliche Aroma der Bergamotte. Ein schmackhafter und erfrischender Klassiker f\u00fcr den feinen Gaumen. Perfekt f\u00fcr den Nachmittag. Stimulierend und anregend, mit einer erfrischenden Note.<\/p>\n<p>&nbsp;<\/p>\n","protected":false},"featured_media":4034,"comment_status":"open","ping_status":"closed","template":"","meta":[],"product_brand":[],"product_cat":[114,115,116,110,113,109,117,108],"product_tag":[],"class_list":{"0":"post-5233","1":"product","2":"type-product","3":"status-publish","4":"has-post-thumbnail","6":"product_cat-alle","7":"product_cat-alle-de","8":"product_cat-alle-de-2","9":"product_cat-biologisch-abbaubare-pyramide-teebeutel-biotee-kompostierbar","10":"product_cat-biotees-sortiment-online-kaufen","11":"product_cat-tee-pyramidenbeutel-teepyramide-verpackung-abbaubar-nachhaltig","12":"product_cat-schwarzer-tee-in-bio-qualitaet-kaufen","13":"product_cat-sortiment-tee-packaging-verpackung-attraktiv-biotees-design","15":"first","16":"instock","17":"shipping-taxable","18":"purchasable","19":"product-type-simple"},"yoast_head":"<!-- This site is optimized with the Yoast SEO Premium plugin v27.3 (Yoast SEO v27.3) - https:\/\/yoast.com\/product\/yoast-seo-premium-wordpress\/ -->\n<title>Earl Grey Pyramidentee | Biologisch abbaubarer Teebeutel<\/title>\n<meta name=\"description\" content=\"Ein k\u00f6stlicher Biotee, schwarzer Earl Grey mit Bergamotte. Ein Biotee im biologisch abbaubaren Pyramidenbeutel. Der ideale Tee am Nachmittag.\" \/>\n<meta name=\"robots\" content=\"index, follow, max-snippet:-1, max-image-preview:large, max-video-preview:-1\" \/>\n<link rel=\"canonical\" href=\"https:\/\/www.sempertea.eu\/de\/Produkte\/earl-grey-teepyramide-material-biologisch-abbaubar\/\" \/>\n<meta property=\"og:locale\" content=\"de_DE\" \/>\n<meta property=\"og:type\" content=\"article\" \/>\n<meta property=\"og:title\" content=\"EARL GREY Biotee I Pyramidenbeutel\" \/>\n<meta property=\"og:description\" content=\"Ein k\u00f6stlicher Biotee, schwarzer Earl Grey mit Bergamotte. Ein Biotee im biologisch abbaubaren Pyramidenbeutel. Der ideale Tee am Nachmittag.\" \/>\n<meta property=\"og:url\" content=\"https:\/\/www.sempertea.eu\/de\/Produkte\/earl-grey-teepyramide-material-biologisch-abbaubar\/\" \/>\n<meta property=\"og:site_name\" content=\"Semper Tea | Mayorista y fabricante de T\u00e9s e Infusiones para hoteles, restaurantes y bares\" \/>\n<meta property=\"article:modified_time\" content=\"2023-07-31T21:07:47+00:00\" \/>\n<meta property=\"og:image\" content=\"https:\/\/www.sempertea.eu\/wp-content\/uploads\/2021\/04\/te-negro-earl-grey-bio-en-bolsa-piramide-biodegradable-semper-tea.jpg\" \/>\n\t<meta property=\"og:image:width\" content=\"900\" \/>\n\t<meta property=\"og:image:height\" content=\"900\" \/>\n\t<meta property=\"og:image:type\" content=\"image\/jpeg\" \/>\n<meta name=\"twitter:card\" content=\"summary_large_image\" \/>\n<meta name=\"twitter:label1\" content=\"Gesch\u00e4tzte Lesezeit\" \/>\n\t<meta name=\"twitter:data1\" content=\"1\u00a0Minute\" \/>\n<script type=\"application\/ld+json\" class=\"yoast-schema-graph\">{\"@context\":\"https:\\\/\\\/schema.org\",\"@graph\":[{\"@type\":\"WebPage\",\"@id\":\"https:\\\/\\\/www.sempertea.eu\\\/de\\\/Produkte\\\/earl-grey-teepyramide-material-biologisch-abbaubar\\\/\",\"url\":\"https:\\\/\\\/www.sempertea.eu\\\/de\\\/Produkte\\\/earl-grey-teepyramide-material-biologisch-abbaubar\\\/\",\"name\":\"Earl Grey Pyramidentee | Biologisch abbaubarer Teebeutel\",\"isPartOf\":{\"@id\":\"https:\\\/\\\/www.sempertea.eu\\\/#website\"},\"primaryImageOfPage\":{\"@id\":\"https:\\\/\\\/www.sempertea.eu\\\/de\\\/Produkte\\\/earl-grey-teepyramide-material-biologisch-abbaubar\\\/#primaryimage\"},\"image\":{\"@id\":\"https:\\\/\\\/www.sempertea.eu\\\/de\\\/Produkte\\\/earl-grey-teepyramide-material-biologisch-abbaubar\\\/#primaryimage\"},\"thumbnailUrl\":\"https:\\\/\\\/www.sempertea.eu\\\/wp-content\\\/uploads\\\/2021\\\/04\\\/te-negro-earl-grey-bio-en-bolsa-piramide-biodegradable-semper-tea.jpg\",\"datePublished\":\"2022-08-04T17:57:31+00:00\",\"dateModified\":\"2023-07-31T21:07:47+00:00\",\"description\":\"Ein k\u00f6stlicher Biotee, schwarzer Earl Grey mit Bergamotte. Ein Biotee im biologisch abbaubaren Pyramidenbeutel. Der ideale Tee am Nachmittag.\",\"breadcrumb\":{\"@id\":\"https:\\\/\\\/www.sempertea.eu\\\/de\\\/Produkte\\\/earl-grey-teepyramide-material-biologisch-abbaubar\\\/#breadcrumb\"},\"inLanguage\":\"de\",\"potentialAction\":[{\"@type\":\"ReadAction\",\"target\":[\"https:\\\/\\\/www.sempertea.eu\\\/de\\\/Produkte\\\/earl-grey-teepyramide-material-biologisch-abbaubar\\\/\"]}]},{\"@type\":\"ImageObject\",\"inLanguage\":\"de\",\"@id\":\"https:\\\/\\\/www.sempertea.eu\\\/de\\\/Produkte\\\/earl-grey-teepyramide-material-biologisch-abbaubar\\\/#primaryimage\",\"url\":\"https:\\\/\\\/www.sempertea.eu\\\/wp-content\\\/uploads\\\/2021\\\/04\\\/te-negro-earl-grey-bio-en-bolsa-piramide-biodegradable-semper-tea.jpg\",\"contentUrl\":\"https:\\\/\\\/www.sempertea.eu\\\/wp-content\\\/uploads\\\/2021\\\/04\\\/te-negro-earl-grey-bio-en-bolsa-piramide-biodegradable-semper-tea.jpg\",\"width\":900,\"height\":900,\"caption\":\"schwarzer Bio-Earl-Grey-Tee im biologisch abbaubaren Pyramidenbeutel semper tea\"},{\"@type\":\"BreadcrumbList\",\"@id\":\"https:\\\/\\\/www.sempertea.eu\\\/de\\\/Produkte\\\/earl-grey-teepyramide-material-biologisch-abbaubar\\\/#breadcrumb\",\"itemListElement\":[{\"@type\":\"ListItem\",\"position\":1,\"name\":\"Portada\",\"item\":\"https:\\\/\\\/www.sempertea.eu\\\/de\\\/\"},{\"@type\":\"ListItem\",\"position\":2,\"name\":\"Shop\",\"item\":\"https:\\\/\\\/www.sempertea.eu\\\/de\\\/shop\\\/\"},{\"@type\":\"ListItem\",\"position\":3,\"name\":\"EARL GREY Biotee I Pyramidenbeutel\"}]},{\"@type\":\"WebSite\",\"@id\":\"https:\\\/\\\/www.sempertea.eu\\\/#website\",\"url\":\"https:\\\/\\\/www.sempertea.eu\\\/\",\"name\":\"Semper Tea | Mayorista y fabricante de T\u00e9s e Infusiones para hoteles, restaurantes y bares\",\"description\":\"T\u00e9s e infusiones para hosteler\u00eda, hoteler\u00eda y comercio\",\"potentialAction\":[{\"@type\":\"SearchAction\",\"target\":{\"@type\":\"EntryPoint\",\"urlTemplate\":\"https:\\\/\\\/www.sempertea.eu\\\/?s={search_term_string}\"},\"query-input\":{\"@type\":\"PropertyValueSpecification\",\"valueRequired\":true,\"valueName\":\"search_term_string\"}}],\"inLanguage\":\"de\"}]}<\/script>\n<!-- \/ Yoast SEO Premium plugin. -->","yoast_head_json":{"title":"Earl Grey Pyramidentee | Biologisch abbaubarer Teebeutel","description":"Ein k\u00f6stlicher Biotee, schwarzer Earl Grey mit Bergamotte. Ein Biotee im biologisch abbaubaren Pyramidenbeutel. Der ideale Tee am Nachmittag.","robots":{"index":"index","follow":"follow","max-snippet":"max-snippet:-1","max-image-preview":"max-image-preview:large","max-video-preview":"max-video-preview:-1"},"canonical":"https:\/\/www.sempertea.eu\/de\/Produkte\/earl-grey-teepyramide-material-biologisch-abbaubar\/","og_locale":"de_DE","og_type":"article","og_title":"EARL GREY Biotee I Pyramidenbeutel","og_description":"Ein k\u00f6stlicher Biotee, schwarzer Earl Grey mit Bergamotte. Ein Biotee im biologisch abbaubaren Pyramidenbeutel. Der ideale Tee am Nachmittag.","og_url":"https:\/\/www.sempertea.eu\/de\/Produkte\/earl-grey-teepyramide-material-biologisch-abbaubar\/","og_site_name":"Semper Tea | Mayorista y fabricante de T\u00e9s e Infusiones para hoteles, restaurantes y bares","article_modified_time":"2023-07-31T21:07:47+00:00","og_image":[{"width":900,"height":900,"url":"https:\/\/www.sempertea.eu\/wp-content\/uploads\/2021\/04\/te-negro-earl-grey-bio-en-bolsa-piramide-biodegradable-semper-tea.jpg","type":"image\/jpeg"}],"twitter_card":"summary_large_image","twitter_misc":{"Gesch\u00e4tzte Lesezeit":"1\u00a0Minute"},"schema":{"@context":"https:\/\/schema.org","@graph":[{"@type":"WebPage","@id":"https:\/\/www.sempertea.eu\/de\/Produkte\/earl-grey-teepyramide-material-biologisch-abbaubar\/","url":"https:\/\/www.sempertea.eu\/de\/Produkte\/earl-grey-teepyramide-material-biologisch-abbaubar\/","name":"Earl Grey Pyramidentee | Biologisch abbaubarer Teebeutel","isPartOf":{"@id":"https:\/\/www.sempertea.eu\/#website"},"primaryImageOfPage":{"@id":"https:\/\/www.sempertea.eu\/de\/Produkte\/earl-grey-teepyramide-material-biologisch-abbaubar\/#primaryimage"},"image":{"@id":"https:\/\/www.sempertea.eu\/de\/Produkte\/earl-grey-teepyramide-material-biologisch-abbaubar\/#primaryimage"},"thumbnailUrl":"https:\/\/www.sempertea.eu\/wp-content\/uploads\/2021\/04\/te-negro-earl-grey-bio-en-bolsa-piramide-biodegradable-semper-tea.jpg","datePublished":"2022-08-04T17:57:31+00:00","dateModified":"2023-07-31T21:07:47+00:00","description":"Ein k\u00f6stlicher Biotee, schwarzer Earl Grey mit Bergamotte. Ein Biotee im biologisch abbaubaren Pyramidenbeutel. Der ideale Tee am Nachmittag.","breadcrumb":{"@id":"https:\/\/www.sempertea.eu\/de\/Produkte\/earl-grey-teepyramide-material-biologisch-abbaubar\/#breadcrumb"},"inLanguage":"de","potentialAction":[{"@type":"ReadAction","target":["https:\/\/www.sempertea.eu\/de\/Produkte\/earl-grey-teepyramide-material-biologisch-abbaubar\/"]}]},{"@type":"ImageObject","inLanguage":"de","@id":"https:\/\/www.sempertea.eu\/de\/Produkte\/earl-grey-teepyramide-material-biologisch-abbaubar\/#primaryimage","url":"https:\/\/www.sempertea.eu\/wp-content\/uploads\/2021\/04\/te-negro-earl-grey-bio-en-bolsa-piramide-biodegradable-semper-tea.jpg","contentUrl":"https:\/\/www.sempertea.eu\/wp-content\/uploads\/2021\/04\/te-negro-earl-grey-bio-en-bolsa-piramide-biodegradable-semper-tea.jpg","width":900,"height":900,"caption":"schwarzer Bio-Earl-Grey-Tee im biologisch abbaubaren Pyramidenbeutel semper tea"},{"@type":"BreadcrumbList","@id":"https:\/\/www.sempertea.eu\/de\/Produkte\/earl-grey-teepyramide-material-biologisch-abbaubar\/#breadcrumb","itemListElement":[{"@type":"ListItem","position":1,"name":"Portada","item":"https:\/\/www.sempertea.eu\/de\/"},{"@type":"ListItem","position":2,"name":"Shop","item":"https:\/\/www.sempertea.eu\/de\/shop\/"},{"@type":"ListItem","position":3,"name":"EARL GREY Biotee I Pyramidenbeutel"}]},{"@type":"WebSite","@id":"https:\/\/www.sempertea.eu\/#website","url":"https:\/\/www.sempertea.eu\/","name":"Semper Tea | Mayorista y fabricante de T\u00e9s e Infusiones para hoteles, restaurantes y bares","description":"T\u00e9s e infusiones para hosteler\u00eda, hoteler\u00eda y comercio","potentialAction":[{"@type":"SearchAction","target":{"@type":"EntryPoint","urlTemplate":"https:\/\/www.sempertea.eu\/?s={search_term_string}"},"query-input":{"@type":"PropertyValueSpecification","valueRequired":true,"valueName":"search_term_string"}}],"inLanguage":"de"}]}},"_links":{"self":[{"href":"https:\/\/www.sempertea.eu\/de\/wp-json\/wp\/v2\/product\/5233","targetHints":{"allow":["GET"]}}],"collection":[{"href":"https:\/\/www.sempertea.eu\/de\/wp-json\/wp\/v2\/product"}],"about":[{"href":"https:\/\/www.sempertea.eu\/de\/wp-json\/wp\/v2\/types\/product"}],"replies":[{"embeddable":true,"href":"https:\/\/www.sempertea.eu\/de\/wp-json\/wp\/v2\/comments?post=5233"}],"wp:featuredmedia":[{"embeddable":true,"href":"https:\/\/www.sempertea.eu\/de\/wp-json\/wp\/v2\/media\/4034"}],"wp:attachment":[{"href":"https:\/\/www.sempertea.eu\/de\/wp-json\/wp\/v2\/media?parent=5233"}],"wp:term":[{"taxonomy":"product_brand","embeddable":true,"href":"https:\/\/www.sempertea.eu\/de\/wp-json\/wp\/v2\/product_brand?post=5233"},{"taxonomy":"product_cat","embeddable":true,"href":"https:\/\/www.sempertea.eu\/de\/wp-json\/wp\/v2\/product_cat?post=5233"},{"taxonomy":"product_tag","embeddable":true,"href":"https:\/\/www.sempertea.eu\/de\/wp-json\/wp\/v2\/product_tag?post=5233"}],"curies":[{"name":"wp","href":"https:\/\/api.w.org\/{rel}","templated":true}]}}