{"id":5232,"date":"2021-04-30T13:33:21","date_gmt":"2022-08-04T17:42:05","guid":{"rendered":"https:\/\/www.sempertea.eu\/darjeeling-bio-tee-i-pyramidenbeutel\/"},"modified":"2023-10-27T12:02:57","modified_gmt":"2023-10-27T11:02:57","slug":"tee-darjeeling-himalaya-pyramidentee-biologisch-abbaubar","status":"publish","type":"product","link":"https:\/\/www.sempertea.eu\/de\/Produkte\/tee-darjeeling-himalaya-pyramidentee-biologisch-abbaubar\/","title":{"rendered":"DARJEELING Biotee I Pyramidenbeutel"},"content":{"rendered":"<h2>Darjeeling &#8211; Schwarzer Tee im biologisch abbaubaren Pyramiden-Teebeutel<\/h2>\n<p>Schwarzer Darjeeling-Tee aus der Teelinie Coral. Ein wunderbarer Tee f\u00fcr den wahren Feinschmecker, mit einem w\u00fcrzig-fruchtigen Charakter.<\/p>\n<h3>Darjeeling hebt sich von der Masse ab<\/h3>\n<p>Das ber\u00fchmte Teeanbaugebiet \u201eDarjeeling\u201c liegt auf \u00fcber 2000 Metern H\u00f6he an den S\u00fcdh\u00e4ngen des Himalaya. Er ist auch Namensgeber seiner bekannten Schwarztees, die zu den besten der Welt geh\u00f6ren.<\/p>\n<p>Nicht nur die besondere H\u00f6henlage, sondern auch die durch den Monsun bedingten klimatischen Bedingungen schaffen beste Voraussetzungen f\u00fcr die ideale Reifung der Bl\u00e4tter und Blattsprossen.<\/p>\n<p>Die besondere Sorgfalt bei der Ernte und Verarbeitung verleiht unserer delikaten Schwarztee-Variante ein angenehm fruchtiges Aroma. Ein Tee, der sich von der Masse abhebt. Unser Darjeeling Tee stammt aus kontrolliert biologischem Anbau. Der Verzicht auf chemische D\u00fcngemittel tr\u00e4gt zur Gesundheit des Bodens und zur Erhaltung der nat\u00fcrlichen Umwelt bei.<\/p>\n","protected":false},"excerpt":{"rendered":"<p><strong>Zart und k\u00f6stlich &#8211; f\u00fcr den wahren Feinschmecker<\/strong><\/p>\n<p class=\"Textbody\" style=\"margin-bottom: 0cm;\">Dieser Schwarze Tee ist auch als Champagner unter den Tees bekannt und stammt aus dem ber\u00fchmten Darjeeling-Gebiet, an den S\u00fcdh\u00e4ngen des Himalaya. Sein einzigartiger Geschmack und sein Aroma fallen auf und sind nicht nur auf die H\u00f6henlage, sondern auch auf das feuchte Klima und den Boden zur\u00fcckzuf\u00fchren. Ein Tee f\u00fcr den wahren Feinschmecker.<\/p>\n<p>&nbsp;<\/p>\n","protected":false},"featured_media":4044,"comment_status":"open","ping_status":"closed","template":"","meta":[],"product_brand":[],"product_cat":[115,116,114,110,113,109,117,108],"product_tag":[],"class_list":{"0":"post-5232","1":"product","2":"type-product","3":"status-publish","4":"has-post-thumbnail","6":"product_cat-alle-de","7":"product_cat-alle-de-2","8":"product_cat-alle","9":"product_cat-biologisch-abbaubare-pyramide-teebeutel-biotee-kompostierbar","10":"product_cat-biotees-sortiment-online-kaufen","11":"product_cat-tee-pyramidenbeutel-teepyramide-verpackung-abbaubar-nachhaltig","12":"product_cat-schwarzer-tee-in-bio-qualitaet-kaufen","13":"product_cat-sortiment-tee-packaging-verpackung-attraktiv-biotees-design","15":"first","16":"instock","17":"shipping-taxable","18":"purchasable","19":"product-type-simple"},"yoast_head":"<!-- This site is optimized with the Yoast SEO Premium plugin v27.3 (Yoast SEO v27.4) - https:\/\/yoast.com\/product\/yoast-seo-premium-wordpress\/ -->\n<title>Schwarzer Tee Darjeeling | abbaubare Teepyramide | Designerbox<\/title>\n<meta name=\"description\" content=\"Darjeeling Schwarztee, auch bekannt als Champagner unter den Tees, kommt in der biologisch abbaubaren Pyramide, verpackt in Designerbox.\" \/>\n<meta name=\"robots\" content=\"index, follow, max-snippet:-1, max-image-preview:large, max-video-preview:-1\" \/>\n<link rel=\"canonical\" href=\"https:\/\/www.sempertea.eu\/Produkte\/te-darjeeling-del-himalaya-te-piramide-biodegradable\/\" \/>\n<meta property=\"og:locale\" content=\"de_DE\" \/>\n<meta property=\"og:type\" content=\"article\" \/>\n<meta property=\"og:title\" content=\"DARJEELING Biotee I Pyramidenbeutel\" \/>\n<meta property=\"og:description\" content=\"Darjeeling Schwarztee, auch bekannt als Champagner unter den Tees, kommt in der biologisch abbaubaren Pyramide, verpackt in Designerbox.\" \/>\n<meta property=\"og:url\" content=\"https:\/\/www.sempertea.eu\/Produkte\/te-darjeeling-del-himalaya-te-piramide-biodegradable\/\" \/>\n<meta property=\"og:site_name\" content=\"Semper Tea | Mayorista y fabricante de T\u00e9s e Infusiones para hoteles, restaurantes y bares\" \/>\n<meta property=\"article:modified_time\" content=\"2023-10-27T11:02:57+00:00\" \/>\n<meta property=\"og:image\" content=\"https:\/\/www.sempertea.eu\/wp-content\/uploads\/2021\/04\/comprar-te-negro-darjeeling-bio-online-bolsa-piramide-semper-tea.jpg\" \/>\n\t<meta property=\"og:image:width\" content=\"900\" \/>\n\t<meta property=\"og:image:height\" content=\"900\" \/>\n\t<meta property=\"og:image:type\" content=\"image\/jpeg\" \/>\n<meta name=\"twitter:card\" content=\"summary_large_image\" \/>\n<meta name=\"twitter:label1\" content=\"Gesch\u00e4tzte Lesezeit\" \/>\n\t<meta name=\"twitter:data1\" content=\"1\u00a0Minute\" \/>\n<script type=\"application\/ld+json\" class=\"yoast-schema-graph\">{\"@context\":\"https:\\\/\\\/schema.org\",\"@graph\":[{\"@type\":\"WebPage\",\"@id\":\"https:\\\/\\\/www.sempertea.eu\\\/Produkte\\\/te-darjeeling-del-himalaya-te-piramide-biodegradable\\\/\",\"url\":\"https:\\\/\\\/www.sempertea.eu\\\/Produkte\\\/te-darjeeling-del-himalaya-te-piramide-biodegradable\\\/\",\"name\":\"Schwarzer Tee Darjeeling | abbaubare Teepyramide | Designerbox\",\"isPartOf\":{\"@id\":\"https:\\\/\\\/www.sempertea.eu\\\/#website\"},\"primaryImageOfPage\":{\"@id\":\"https:\\\/\\\/www.sempertea.eu\\\/Produkte\\\/te-darjeeling-del-himalaya-te-piramide-biodegradable\\\/#primaryimage\"},\"image\":{\"@id\":\"https:\\\/\\\/www.sempertea.eu\\\/Produkte\\\/te-darjeeling-del-himalaya-te-piramide-biodegradable\\\/#primaryimage\"},\"thumbnailUrl\":\"https:\\\/\\\/www.sempertea.eu\\\/wp-content\\\/uploads\\\/2021\\\/04\\\/comprar-te-negro-darjeeling-bio-online-bolsa-piramide-semper-tea.jpg\",\"datePublished\":\"2022-08-04T17:42:05+00:00\",\"dateModified\":\"2023-10-27T11:02:57+00:00\",\"description\":\"Darjeeling Schwarztee, auch bekannt als Champagner unter den Tees, kommt in der biologisch abbaubaren Pyramide, verpackt in Designerbox.\",\"breadcrumb\":{\"@id\":\"https:\\\/\\\/www.sempertea.eu\\\/Produkte\\\/te-darjeeling-del-himalaya-te-piramide-biodegradable\\\/#breadcrumb\"},\"inLanguage\":\"de\",\"potentialAction\":[{\"@type\":\"ReadAction\",\"target\":[\"https:\\\/\\\/www.sempertea.eu\\\/Produkte\\\/te-darjeeling-del-himalaya-te-piramide-biodegradable\\\/\"]}]},{\"@type\":\"ImageObject\",\"inLanguage\":\"de\",\"@id\":\"https:\\\/\\\/www.sempertea.eu\\\/Produkte\\\/te-darjeeling-del-himalaya-te-piramide-biodegradable\\\/#primaryimage\",\"url\":\"https:\\\/\\\/www.sempertea.eu\\\/wp-content\\\/uploads\\\/2021\\\/04\\\/comprar-te-negro-darjeeling-bio-online-bolsa-piramide-semper-tea.jpg\",\"contentUrl\":\"https:\\\/\\\/www.sempertea.eu\\\/wp-content\\\/uploads\\\/2021\\\/04\\\/comprar-te-negro-darjeeling-bio-online-bolsa-piramide-semper-tea.jpg\",\"width\":900,\"height\":900,\"caption\":\"Bio-Darjeeling-Schwarztee online kaufen Online-Pyramidenbeutel Semper Tee\"},{\"@type\":\"BreadcrumbList\",\"@id\":\"https:\\\/\\\/www.sempertea.eu\\\/Produkte\\\/te-darjeeling-del-himalaya-te-piramide-biodegradable\\\/#breadcrumb\",\"itemListElement\":[{\"@type\":\"ListItem\",\"position\":1,\"name\":\"Portada\",\"item\":\"https:\\\/\\\/www.sempertea.eu\\\/de\\\/\"},{\"@type\":\"ListItem\",\"position\":2,\"name\":\"Shop\",\"item\":\"https:\\\/\\\/www.sempertea.eu\\\/de\\\/shop\\\/\"},{\"@type\":\"ListItem\",\"position\":3,\"name\":\"DARJEELING Biotee I Pyramidenbeutel\"}]},{\"@type\":\"WebSite\",\"@id\":\"https:\\\/\\\/www.sempertea.eu\\\/#website\",\"url\":\"https:\\\/\\\/www.sempertea.eu\\\/\",\"name\":\"Semper Tea | Mayorista y fabricante de T\u00e9s e Infusiones para hoteles, restaurantes y bares\",\"description\":\"T\u00e9s e infusiones para hosteler\u00eda, hoteler\u00eda y comercio\",\"potentialAction\":[{\"@type\":\"SearchAction\",\"target\":{\"@type\":\"EntryPoint\",\"urlTemplate\":\"https:\\\/\\\/www.sempertea.eu\\\/?s={search_term_string}\"},\"query-input\":{\"@type\":\"PropertyValueSpecification\",\"valueRequired\":true,\"valueName\":\"search_term_string\"}}],\"inLanguage\":\"de\"}]}<\/script>\n<!-- \/ Yoast SEO Premium plugin. -->","yoast_head_json":{"title":"Schwarzer Tee Darjeeling | abbaubare Teepyramide | Designerbox","description":"Darjeeling Schwarztee, auch bekannt als Champagner unter den Tees, kommt in der biologisch abbaubaren Pyramide, verpackt in Designerbox.","robots":{"index":"index","follow":"follow","max-snippet":"max-snippet:-1","max-image-preview":"max-image-preview:large","max-video-preview":"max-video-preview:-1"},"canonical":"https:\/\/www.sempertea.eu\/Produkte\/te-darjeeling-del-himalaya-te-piramide-biodegradable\/","og_locale":"de_DE","og_type":"article","og_title":"DARJEELING Biotee I Pyramidenbeutel","og_description":"Darjeeling Schwarztee, auch bekannt als Champagner unter den Tees, kommt in der biologisch abbaubaren Pyramide, verpackt in Designerbox.","og_url":"https:\/\/www.sempertea.eu\/Produkte\/te-darjeeling-del-himalaya-te-piramide-biodegradable\/","og_site_name":"Semper Tea | Mayorista y fabricante de T\u00e9s e Infusiones para hoteles, restaurantes y bares","article_modified_time":"2023-10-27T11:02:57+00:00","og_image":[{"width":900,"height":900,"url":"https:\/\/www.sempertea.eu\/wp-content\/uploads\/2021\/04\/comprar-te-negro-darjeeling-bio-online-bolsa-piramide-semper-tea.jpg","type":"image\/jpeg"}],"twitter_card":"summary_large_image","twitter_misc":{"Gesch\u00e4tzte Lesezeit":"1\u00a0Minute"},"schema":{"@context":"https:\/\/schema.org","@graph":[{"@type":"WebPage","@id":"https:\/\/www.sempertea.eu\/Produkte\/te-darjeeling-del-himalaya-te-piramide-biodegradable\/","url":"https:\/\/www.sempertea.eu\/Produkte\/te-darjeeling-del-himalaya-te-piramide-biodegradable\/","name":"Schwarzer Tee Darjeeling | abbaubare Teepyramide | Designerbox","isPartOf":{"@id":"https:\/\/www.sempertea.eu\/#website"},"primaryImageOfPage":{"@id":"https:\/\/www.sempertea.eu\/Produkte\/te-darjeeling-del-himalaya-te-piramide-biodegradable\/#primaryimage"},"image":{"@id":"https:\/\/www.sempertea.eu\/Produkte\/te-darjeeling-del-himalaya-te-piramide-biodegradable\/#primaryimage"},"thumbnailUrl":"https:\/\/www.sempertea.eu\/wp-content\/uploads\/2021\/04\/comprar-te-negro-darjeeling-bio-online-bolsa-piramide-semper-tea.jpg","datePublished":"2022-08-04T17:42:05+00:00","dateModified":"2023-10-27T11:02:57+00:00","description":"Darjeeling Schwarztee, auch bekannt als Champagner unter den Tees, kommt in der biologisch abbaubaren Pyramide, verpackt in Designerbox.","breadcrumb":{"@id":"https:\/\/www.sempertea.eu\/Produkte\/te-darjeeling-del-himalaya-te-piramide-biodegradable\/#breadcrumb"},"inLanguage":"de","potentialAction":[{"@type":"ReadAction","target":["https:\/\/www.sempertea.eu\/Produkte\/te-darjeeling-del-himalaya-te-piramide-biodegradable\/"]}]},{"@type":"ImageObject","inLanguage":"de","@id":"https:\/\/www.sempertea.eu\/Produkte\/te-darjeeling-del-himalaya-te-piramide-biodegradable\/#primaryimage","url":"https:\/\/www.sempertea.eu\/wp-content\/uploads\/2021\/04\/comprar-te-negro-darjeeling-bio-online-bolsa-piramide-semper-tea.jpg","contentUrl":"https:\/\/www.sempertea.eu\/wp-content\/uploads\/2021\/04\/comprar-te-negro-darjeeling-bio-online-bolsa-piramide-semper-tea.jpg","width":900,"height":900,"caption":"Bio-Darjeeling-Schwarztee online kaufen Online-Pyramidenbeutel Semper Tee"},{"@type":"BreadcrumbList","@id":"https:\/\/www.sempertea.eu\/Produkte\/te-darjeeling-del-himalaya-te-piramide-biodegradable\/#breadcrumb","itemListElement":[{"@type":"ListItem","position":1,"name":"Portada","item":"https:\/\/www.sempertea.eu\/de\/"},{"@type":"ListItem","position":2,"name":"Shop","item":"https:\/\/www.sempertea.eu\/de\/shop\/"},{"@type":"ListItem","position":3,"name":"DARJEELING Biotee I Pyramidenbeutel"}]},{"@type":"WebSite","@id":"https:\/\/www.sempertea.eu\/#website","url":"https:\/\/www.sempertea.eu\/","name":"Semper Tea | Mayorista y fabricante de T\u00e9s e Infusiones para hoteles, restaurantes y bares","description":"T\u00e9s e infusiones para hosteler\u00eda, hoteler\u00eda y comercio","potentialAction":[{"@type":"SearchAction","target":{"@type":"EntryPoint","urlTemplate":"https:\/\/www.sempertea.eu\/?s={search_term_string}"},"query-input":{"@type":"PropertyValueSpecification","valueRequired":true,"valueName":"search_term_string"}}],"inLanguage":"de"}]}},"_links":{"self":[{"href":"https:\/\/www.sempertea.eu\/de\/wp-json\/wp\/v2\/product\/5232","targetHints":{"allow":["GET"]}}],"collection":[{"href":"https:\/\/www.sempertea.eu\/de\/wp-json\/wp\/v2\/product"}],"about":[{"href":"https:\/\/www.sempertea.eu\/de\/wp-json\/wp\/v2\/types\/product"}],"replies":[{"embeddable":true,"href":"https:\/\/www.sempertea.eu\/de\/wp-json\/wp\/v2\/comments?post=5232"}],"wp:featuredmedia":[{"embeddable":true,"href":"https:\/\/www.sempertea.eu\/de\/wp-json\/wp\/v2\/media\/4044"}],"wp:attachment":[{"href":"https:\/\/www.sempertea.eu\/de\/wp-json\/wp\/v2\/media?parent=5232"}],"wp:term":[{"taxonomy":"product_brand","embeddable":true,"href":"https:\/\/www.sempertea.eu\/de\/wp-json\/wp\/v2\/product_brand?post=5232"},{"taxonomy":"product_cat","embeddable":true,"href":"https:\/\/www.sempertea.eu\/de\/wp-json\/wp\/v2\/product_cat?post=5232"},{"taxonomy":"product_tag","embeddable":true,"href":"https:\/\/www.sempertea.eu\/de\/wp-json\/wp\/v2\/product_tag?post=5232"}],"curies":[{"name":"wp","href":"https:\/\/api.w.org\/{rel}","templated":true}]}}