{"id":5231,"date":"2021-04-29T19:09:30","date_gmt":"2022-08-04T13:04:17","guid":{"rendered":"https:\/\/www.sempertea.eu\/chai-bio-tee-i-pyramidenbeutel\/"},"modified":"2023-08-01T20:36:24","modified_gmt":"2023-08-01T19:36:24","slug":"te-chai-in-pyramide-bio","status":"publish","type":"product","link":"https:\/\/www.sempertea.eu\/de\/Produkte\/te-chai-in-pyramide-bio\/","title":{"rendered":"CHAI Bio-Tee I Pyramidenbeutel"},"content":{"rendered":"<h2>Intensiv, aromatisch und exotisch &#8211; Chaitee<\/h2>\n<p>Ein Schwarztee mit exzentrischen, warmen Aromen. Erinnert an das ferne Indien. Exotische Kombination orientalischer Gew\u00fcrze, die als Nationalgetr\u00e4nk gilt.<\/p>\n<h3>Inder genie\u00dfen diesen schwarzen Tee traditionell mit einem Schuss hei\u00dfer Milch und Honig oder Zucker.<\/h3>\n<p>So ist Chai-Tee zu jeder Tageszeit und fast \u00fcberall erh\u00e4ltlich \u2013 auf der Stra\u00dfe, in Z\u00fcgen oder an Bushaltestellen. Da dieser Tee Koffein enth\u00e4lt, ist er eine w\u00fcrzige Alternative zu Kaffee, die anregend wirken kann. Dieser Schwarze Tee und seine Aromastoffe sind vollst\u00e4ndig biologisch.<\/p>\n<p>Aus <strong>kontrolliertem, \u00f6kologischem Anbau<\/strong>, <strong>ohne Zugabe von chemischen D\u00fcngemitteln<\/strong> unter Ber\u00fccksichtigung des nat\u00fcrlichen Lebenskreislaufs. Zu den Gew\u00fcrzen geh\u00f6ren <strong>Zimt, Nelken, Ingwer,<\/strong>Kardamom, Sternanis, Muskatnuss, schwarzer Pfeffer usw.<\/p>\n<p>Im Allgemeinen handelt es sich um einen kr\u00e4ftigen Tee mit einem vollmundigen Geschmack. Durch die Zugabe von Zucker oder Honig betont der Tee die Gew\u00fcrze und die Milch macht ihn weicher. Chaitee enth\u00e4lt fast <strong>immer Milch,<\/strong> um den Charakter der Gew\u00fcrze zu unterstreichen.<\/p>\n<p>Dieses Getr\u00e4nk ist eine Explosion von Geschm\u00e4ckern und Aromen, ein k\u00f6stlicher Tee, der hei\u00df oder kalt genossen werden kann.<\/p>\n","protected":false},"excerpt":{"rendered":"<p><strong>Intensiv, aromatisch und exotisch<\/strong><\/p>\n<p class=\"Textbody\" style=\"margin-bottom: 0cm;\">Ein Tee mit exzentrischen und warmen Aromen, der an das ferne Indien erinnert. Eine feine Mischung aus: Schwarztee mit Zimt, Kardamom, Ingwer und Nelken. Sie k\u00f6nnen Chai mit hei\u00dfer Milch, Honig oder Zucker trinken und zu jeder Tageszeit genie\u00dfen.<\/p>\n<p>&nbsp;<\/p>\n","protected":false},"featured_media":3996,"comment_status":"open","ping_status":"closed","template":"","meta":[],"product_brand":[],"product_cat":[114,115,116,110,113,109,117,108],"product_tag":[],"class_list":{"0":"post-5231","1":"product","2":"type-product","3":"status-publish","4":"has-post-thumbnail","6":"product_cat-alle","7":"product_cat-alle-de","8":"product_cat-alle-de-2","9":"product_cat-biologisch-abbaubare-pyramide-teebeutel-biotee-kompostierbar","10":"product_cat-biotees-sortiment-online-kaufen","11":"product_cat-tee-pyramidenbeutel-teepyramide-verpackung-abbaubar-nachhaltig","12":"product_cat-schwarzer-tee-in-bio-qualitaet-kaufen","13":"product_cat-sortiment-tee-packaging-verpackung-attraktiv-biotees-design","15":"first","16":"instock","17":"shipping-taxable","18":"purchasable","19":"product-type-simple"},"yoast_head":"<!-- This site is optimized with the Yoast SEO Premium plugin v27.3 (Yoast SEO v27.3) - https:\/\/yoast.com\/product\/yoast-seo-premium-wordpress\/ -->\n<title>Chai Tee in Pyramidenform | Bio | Indischer Chaitee kaufen<\/title>\n<meta name=\"description\" content=\"Aromatisierter schwarzer Tee in einem biologisch abbaubaren Pyramidenbeutel. Eine Explosion exotischer Aromen: Chai-Tee mit Zimt, Kardamom, Ingwer und Nelken.\" \/>\n<meta name=\"robots\" content=\"index, follow, max-snippet:-1, max-image-preview:large, max-video-preview:-1\" \/>\n<link rel=\"canonical\" href=\"https:\/\/www.sempertea.eu\/Produkte\/te-chai-en-piramide-organico\/\" \/>\n<meta property=\"og:locale\" content=\"de_DE\" \/>\n<meta property=\"og:type\" content=\"article\" \/>\n<meta property=\"og:title\" content=\"CHAI Bio-Tee I Pyramidenbeutel\" \/>\n<meta property=\"og:description\" content=\"Aromatisierter schwarzer Tee in einem biologisch abbaubaren Pyramidenbeutel. Eine Explosion exotischer Aromen: Chai-Tee mit Zimt, Kardamom, Ingwer und Nelken.\" \/>\n<meta property=\"og:url\" content=\"https:\/\/www.sempertea.eu\/Produkte\/te-chai-en-piramide-organico\/\" \/>\n<meta property=\"og:site_name\" content=\"Semper Tea | Mayorista y fabricante de T\u00e9s e Infusiones para hoteles, restaurantes y bares\" \/>\n<meta property=\"article:modified_time\" content=\"2023-08-01T19:36:24+00:00\" \/>\n<meta property=\"og:image\" content=\"https:\/\/www.sempertea.eu\/wp-content\/uploads\/2021\/04\/te-chai-organico-cafeina-bolsa-piramide-biodegradable-semper-tea.jpg\" \/>\n\t<meta property=\"og:image:width\" content=\"900\" \/>\n\t<meta property=\"og:image:height\" content=\"900\" \/>\n\t<meta property=\"og:image:type\" content=\"image\/jpeg\" \/>\n<meta name=\"twitter:card\" content=\"summary_large_image\" \/>\n<meta name=\"twitter:label1\" content=\"Gesch\u00e4tzte Lesezeit\" \/>\n\t<meta name=\"twitter:data1\" content=\"1\u00a0Minute\" \/>\n<script type=\"application\/ld+json\" class=\"yoast-schema-graph\">{\"@context\":\"https:\\\/\\\/schema.org\",\"@graph\":[{\"@type\":\"WebPage\",\"@id\":\"https:\\\/\\\/www.sempertea.eu\\\/Produkte\\\/te-chai-en-piramide-organico\\\/\",\"url\":\"https:\\\/\\\/www.sempertea.eu\\\/Produkte\\\/te-chai-en-piramide-organico\\\/\",\"name\":\"Chai Tee in Pyramidenform | Bio | Indischer Chaitee kaufen\",\"isPartOf\":{\"@id\":\"https:\\\/\\\/www.sempertea.eu\\\/#website\"},\"primaryImageOfPage\":{\"@id\":\"https:\\\/\\\/www.sempertea.eu\\\/Produkte\\\/te-chai-en-piramide-organico\\\/#primaryimage\"},\"image\":{\"@id\":\"https:\\\/\\\/www.sempertea.eu\\\/Produkte\\\/te-chai-en-piramide-organico\\\/#primaryimage\"},\"thumbnailUrl\":\"https:\\\/\\\/www.sempertea.eu\\\/wp-content\\\/uploads\\\/2021\\\/04\\\/te-chai-organico-cafeina-bolsa-piramide-biodegradable-semper-tea.jpg\",\"datePublished\":\"2022-08-04T13:04:17+00:00\",\"dateModified\":\"2023-08-01T19:36:24+00:00\",\"description\":\"Aromatisierter schwarzer Tee in einem biologisch abbaubaren Pyramidenbeutel. Eine Explosion exotischer Aromen: Chai-Tee mit Zimt, Kardamom, Ingwer und Nelken.\",\"breadcrumb\":{\"@id\":\"https:\\\/\\\/www.sempertea.eu\\\/Produkte\\\/te-chai-en-piramide-organico\\\/#breadcrumb\"},\"inLanguage\":\"de\",\"potentialAction\":[{\"@type\":\"ReadAction\",\"target\":[\"https:\\\/\\\/www.sempertea.eu\\\/Produkte\\\/te-chai-en-piramide-organico\\\/\"]}]},{\"@type\":\"ImageObject\",\"inLanguage\":\"de\",\"@id\":\"https:\\\/\\\/www.sempertea.eu\\\/Produkte\\\/te-chai-en-piramide-organico\\\/#primaryimage\",\"url\":\"https:\\\/\\\/www.sempertea.eu\\\/wp-content\\\/uploads\\\/2021\\\/04\\\/te-chai-organico-cafeina-bolsa-piramide-biodegradable-semper-tea.jpg\",\"contentUrl\":\"https:\\\/\\\/www.sempertea.eu\\\/wp-content\\\/uploads\\\/2021\\\/04\\\/te-chai-organico-cafeina-bolsa-piramide-biodegradable-semper-tea.jpg\",\"width\":900,\"height\":900,\"caption\":\"Bio Chai Tee mit Koffein biologisch abbaubarer Pyramidenbeutel biologisch abbaubarer Semper Tea\"},{\"@type\":\"BreadcrumbList\",\"@id\":\"https:\\\/\\\/www.sempertea.eu\\\/Produkte\\\/te-chai-en-piramide-organico\\\/#breadcrumb\",\"itemListElement\":[{\"@type\":\"ListItem\",\"position\":1,\"name\":\"Portada\",\"item\":\"https:\\\/\\\/www.sempertea.eu\\\/de\\\/\"},{\"@type\":\"ListItem\",\"position\":2,\"name\":\"Shop\",\"item\":\"https:\\\/\\\/www.sempertea.eu\\\/de\\\/shop\\\/\"},{\"@type\":\"ListItem\",\"position\":3,\"name\":\"CHAI Bio-Tee I Pyramidenbeutel\"}]},{\"@type\":\"WebSite\",\"@id\":\"https:\\\/\\\/www.sempertea.eu\\\/#website\",\"url\":\"https:\\\/\\\/www.sempertea.eu\\\/\",\"name\":\"Semper Tea | Mayorista y fabricante de T\u00e9s e Infusiones para hoteles, restaurantes y bares\",\"description\":\"T\u00e9s e infusiones para hosteler\u00eda, hoteler\u00eda y comercio\",\"potentialAction\":[{\"@type\":\"SearchAction\",\"target\":{\"@type\":\"EntryPoint\",\"urlTemplate\":\"https:\\\/\\\/www.sempertea.eu\\\/?s={search_term_string}\"},\"query-input\":{\"@type\":\"PropertyValueSpecification\",\"valueRequired\":true,\"valueName\":\"search_term_string\"}}],\"inLanguage\":\"de\"}]}<\/script>\n<!-- \/ Yoast SEO Premium plugin. -->","yoast_head_json":{"title":"Chai Tee in Pyramidenform | Bio | Indischer Chaitee kaufen","description":"Aromatisierter schwarzer Tee in einem biologisch abbaubaren Pyramidenbeutel. Eine Explosion exotischer Aromen: Chai-Tee mit Zimt, Kardamom, Ingwer und Nelken.","robots":{"index":"index","follow":"follow","max-snippet":"max-snippet:-1","max-image-preview":"max-image-preview:large","max-video-preview":"max-video-preview:-1"},"canonical":"https:\/\/www.sempertea.eu\/Produkte\/te-chai-en-piramide-organico\/","og_locale":"de_DE","og_type":"article","og_title":"CHAI Bio-Tee I Pyramidenbeutel","og_description":"Aromatisierter schwarzer Tee in einem biologisch abbaubaren Pyramidenbeutel. Eine Explosion exotischer Aromen: Chai-Tee mit Zimt, Kardamom, Ingwer und Nelken.","og_url":"https:\/\/www.sempertea.eu\/Produkte\/te-chai-en-piramide-organico\/","og_site_name":"Semper Tea | Mayorista y fabricante de T\u00e9s e Infusiones para hoteles, restaurantes y bares","article_modified_time":"2023-08-01T19:36:24+00:00","og_image":[{"width":900,"height":900,"url":"https:\/\/www.sempertea.eu\/wp-content\/uploads\/2021\/04\/te-chai-organico-cafeina-bolsa-piramide-biodegradable-semper-tea.jpg","type":"image\/jpeg"}],"twitter_card":"summary_large_image","twitter_misc":{"Gesch\u00e4tzte Lesezeit":"1\u00a0Minute"},"schema":{"@context":"https:\/\/schema.org","@graph":[{"@type":"WebPage","@id":"https:\/\/www.sempertea.eu\/Produkte\/te-chai-en-piramide-organico\/","url":"https:\/\/www.sempertea.eu\/Produkte\/te-chai-en-piramide-organico\/","name":"Chai Tee in Pyramidenform | Bio | Indischer Chaitee kaufen","isPartOf":{"@id":"https:\/\/www.sempertea.eu\/#website"},"primaryImageOfPage":{"@id":"https:\/\/www.sempertea.eu\/Produkte\/te-chai-en-piramide-organico\/#primaryimage"},"image":{"@id":"https:\/\/www.sempertea.eu\/Produkte\/te-chai-en-piramide-organico\/#primaryimage"},"thumbnailUrl":"https:\/\/www.sempertea.eu\/wp-content\/uploads\/2021\/04\/te-chai-organico-cafeina-bolsa-piramide-biodegradable-semper-tea.jpg","datePublished":"2022-08-04T13:04:17+00:00","dateModified":"2023-08-01T19:36:24+00:00","description":"Aromatisierter schwarzer Tee in einem biologisch abbaubaren Pyramidenbeutel. Eine Explosion exotischer Aromen: Chai-Tee mit Zimt, Kardamom, Ingwer und Nelken.","breadcrumb":{"@id":"https:\/\/www.sempertea.eu\/Produkte\/te-chai-en-piramide-organico\/#breadcrumb"},"inLanguage":"de","potentialAction":[{"@type":"ReadAction","target":["https:\/\/www.sempertea.eu\/Produkte\/te-chai-en-piramide-organico\/"]}]},{"@type":"ImageObject","inLanguage":"de","@id":"https:\/\/www.sempertea.eu\/Produkte\/te-chai-en-piramide-organico\/#primaryimage","url":"https:\/\/www.sempertea.eu\/wp-content\/uploads\/2021\/04\/te-chai-organico-cafeina-bolsa-piramide-biodegradable-semper-tea.jpg","contentUrl":"https:\/\/www.sempertea.eu\/wp-content\/uploads\/2021\/04\/te-chai-organico-cafeina-bolsa-piramide-biodegradable-semper-tea.jpg","width":900,"height":900,"caption":"Bio Chai Tee mit Koffein biologisch abbaubarer Pyramidenbeutel biologisch abbaubarer Semper Tea"},{"@type":"BreadcrumbList","@id":"https:\/\/www.sempertea.eu\/Produkte\/te-chai-en-piramide-organico\/#breadcrumb","itemListElement":[{"@type":"ListItem","position":1,"name":"Portada","item":"https:\/\/www.sempertea.eu\/de\/"},{"@type":"ListItem","position":2,"name":"Shop","item":"https:\/\/www.sempertea.eu\/de\/shop\/"},{"@type":"ListItem","position":3,"name":"CHAI Bio-Tee I Pyramidenbeutel"}]},{"@type":"WebSite","@id":"https:\/\/www.sempertea.eu\/#website","url":"https:\/\/www.sempertea.eu\/","name":"Semper Tea | Mayorista y fabricante de T\u00e9s e Infusiones para hoteles, restaurantes y bares","description":"T\u00e9s e infusiones para hosteler\u00eda, hoteler\u00eda y comercio","potentialAction":[{"@type":"SearchAction","target":{"@type":"EntryPoint","urlTemplate":"https:\/\/www.sempertea.eu\/?s={search_term_string}"},"query-input":{"@type":"PropertyValueSpecification","valueRequired":true,"valueName":"search_term_string"}}],"inLanguage":"de"}]}},"_links":{"self":[{"href":"https:\/\/www.sempertea.eu\/de\/wp-json\/wp\/v2\/product\/5231","targetHints":{"allow":["GET"]}}],"collection":[{"href":"https:\/\/www.sempertea.eu\/de\/wp-json\/wp\/v2\/product"}],"about":[{"href":"https:\/\/www.sempertea.eu\/de\/wp-json\/wp\/v2\/types\/product"}],"replies":[{"embeddable":true,"href":"https:\/\/www.sempertea.eu\/de\/wp-json\/wp\/v2\/comments?post=5231"}],"wp:featuredmedia":[{"embeddable":true,"href":"https:\/\/www.sempertea.eu\/de\/wp-json\/wp\/v2\/media\/3996"}],"wp:attachment":[{"href":"https:\/\/www.sempertea.eu\/de\/wp-json\/wp\/v2\/media?parent=5231"}],"wp:term":[{"taxonomy":"product_brand","embeddable":true,"href":"https:\/\/www.sempertea.eu\/de\/wp-json\/wp\/v2\/product_brand?post=5231"},{"taxonomy":"product_cat","embeddable":true,"href":"https:\/\/www.sempertea.eu\/de\/wp-json\/wp\/v2\/product_cat?post=5231"},{"taxonomy":"product_tag","embeddable":true,"href":"https:\/\/www.sempertea.eu\/de\/wp-json\/wp\/v2\/product_tag?post=5231"}],"curies":[{"name":"wp","href":"https:\/\/api.w.org\/{rel}","templated":true}]}}