{"id":5230,"date":"2020-08-14T20:52:37","date_gmt":"2022-08-04T12:40:46","guid":{"rendered":"https:\/\/www.sempertea.eu\/camomile-bio-kamillentee-i-pyramidenbeutel\/"},"modified":"2025-01-23T09:46:18","modified_gmt":"2025-01-23T08:46:18","slug":"aufguss-kamille-kamille-pyramide-kaufen","status":"publish","type":"product","link":"https:\/\/www.sempertea.eu\/de\/Produkte\/aufguss-kamille-kamille-pyramide-kaufen\/","title":{"rendered":"CAMOMILE Bio Kr\u00e4utertee I Pyramidenbeutel"},"content":{"rendered":"<h2>Kamille &#8211; Kamillentee in biologisch abbaubarem Pyramidens\u00e4ckchen<\/h2>\n<p>Entdecken Sie das aromatische und sanfte Vergn\u00fcgen. Kamille, die f\u00fcr ihre <strong>heilenden Eigenschaften<\/strong> gesch\u00e4tzt wird, wird seit Jahrtausenden von den alten griechischen, r\u00f6mischen und \u00e4gyptischen Kulturen verwendet. Heute ist sie auf dem gesamten europ\u00e4ischen Kontinent, in Nordamerika und Australien verbreitet. Der Grund f\u00fcr ihren Ruhm liegt in ihrer<strong> milden Heilwirkung<\/strong> und ihrem angenehmen Aroma.<\/p>\n<h3>Bio-Kamille &#8211; ideal f\u00fcr alle<\/h3>\n<p>Als warmer Aufguss entfaltet Kamille ihren entspannenden und beruhigenden Charme. Unsere Tee-Variante mit \u00e4gyptischer Kamille bietet ein besonders feines Aroma, perfekt f\u00fcr jede Tageszeit.<\/p>\n<p><strong>Mild und aromatisch, koffeinfrei<\/strong> &#8211; Unser <a href=\"https:\/\/www.sempertea.eu\/de\/Produkte\/bio-krautertee-plastikfrei-kamillentee\/\">Bio-Kamillentee<\/a> ist rein und nat\u00fcrlich. <strong>Zertifiziert mit dem EU-Bio-Logo<\/strong>, stammt er aus kontrolliert biologischem Anbau &#8211; frei von chemischen Zus\u00e4tzen, nur mit dem unverf\u00e4lschten und authentischen Geschmack der echten Kamille.<\/p>\n","protected":false},"excerpt":{"rendered":"<p><strong>Entspannend, rein und seidig &#8211; koffeinfrei<\/strong><\/p>\n<p>Seit der Antike ist Kamille auf der ganzen Welt als \u201eMuttertee\u201c bekannt, ein entspannendes und heilendes Getr\u00e4nk.<br \/>\nUnser Bio-Kamillentee mit ganzen Bl\u00fcten hat ein besonders feines Aroma und kann jederzeit genossen werden.<\/p>\n","protected":false},"featured_media":3672,"comment_status":"open","ping_status":"closed","template":"","meta":[],"product_brand":[],"product_cat":[116,114,115,110,113,109,112,108],"product_tag":[],"class_list":{"0":"post-5230","1":"product","2":"type-product","3":"status-publish","4":"has-post-thumbnail","6":"product_cat-alle-de-2","7":"product_cat-alle","8":"product_cat-alle-de","9":"product_cat-biologisch-abbaubare-pyramide-teebeutel-biotee-kompostierbar","10":"product_cat-biotees-sortiment-online-kaufen","11":"product_cat-tee-pyramidenbeutel-teepyramide-verpackung-abbaubar-nachhaltig","12":"product_cat-krautertees-bio-teemischungen-herbal-ohne-koffein","13":"product_cat-sortiment-tee-packaging-verpackung-attraktiv-biotees-design","15":"first","16":"instock","17":"shipping-taxable","18":"purchasable","19":"product-type-simple"},"yoast_head":"<!-- This site is optimized with the Yoast SEO Premium plugin v27.3 (Yoast SEO v27.4) - https:\/\/yoast.com\/product\/yoast-seo-premium-wordpress\/ -->\n<title>BIO Kamillentee in biologisch abbaubarem Pyramidens\u00e4ckchen<\/title>\n<meta name=\"description\" content=\"Geniessen Sie diese pure und reine Kamille im biologisch abbaubarem Pyramidens\u00e4ckchen. Verschiedene Formate erh\u00e4ltlich online in unserem Shop.\" \/>\n<meta name=\"robots\" content=\"index, follow, max-snippet:-1, max-image-preview:large, max-video-preview:-1\" \/>\n<link rel=\"canonical\" href=\"https:\/\/www.sempertea.eu\/de\/Produkte\/aufguss-kamille-kamille-pyramide-kaufen\/\" \/>\n<meta property=\"og:locale\" content=\"de_DE\" \/>\n<meta property=\"og:type\" content=\"article\" \/>\n<meta property=\"og:title\" content=\"CAMOMILE Bio Kr\u00e4utertee I Pyramidenbeutel\" \/>\n<meta property=\"og:description\" content=\"Geniessen Sie diese pure und reine Kamille im biologisch abbaubarem Pyramidens\u00e4ckchen. Verschiedene Formate erh\u00e4ltlich online in unserem Shop.\" \/>\n<meta property=\"og:url\" content=\"https:\/\/www.sempertea.eu\/de\/Produkte\/aufguss-kamille-kamille-pyramide-kaufen\/\" \/>\n<meta property=\"og:site_name\" content=\"Semper Tea | Mayorista y fabricante de T\u00e9s e Infusiones para hoteles, restaurantes y bares\" \/>\n<meta property=\"article:modified_time\" content=\"2025-01-23T08:46:18+00:00\" \/>\n<meta property=\"og:image\" content=\"https:\/\/www.sempertea.eu\/wp-content\/uploads\/2020\/08\/mejor-precio-manzanilla-camomila-natural-ecologica-piramide-semper-tea.jpg\" \/>\n\t<meta property=\"og:image:width\" content=\"900\" \/>\n\t<meta property=\"og:image:height\" content=\"900\" \/>\n\t<meta property=\"og:image:type\" content=\"image\/jpeg\" \/>\n<meta name=\"twitter:card\" content=\"summary_large_image\" \/>\n<meta name=\"twitter:label1\" content=\"Gesch\u00e4tzte Lesezeit\" \/>\n\t<meta name=\"twitter:data1\" content=\"1\u00a0Minute\" \/>\n<script type=\"application\/ld+json\" class=\"yoast-schema-graph\">{\"@context\":\"https:\\\/\\\/schema.org\",\"@graph\":[{\"@type\":\"WebPage\",\"@id\":\"https:\\\/\\\/www.sempertea.eu\\\/de\\\/Produkte\\\/aufguss-kamille-kamille-pyramide-kaufen\\\/\",\"url\":\"https:\\\/\\\/www.sempertea.eu\\\/de\\\/Produkte\\\/aufguss-kamille-kamille-pyramide-kaufen\\\/\",\"name\":\"BIO Kamillentee in biologisch abbaubarem Pyramidens\u00e4ckchen\",\"isPartOf\":{\"@id\":\"https:\\\/\\\/www.sempertea.eu\\\/#website\"},\"primaryImageOfPage\":{\"@id\":\"https:\\\/\\\/www.sempertea.eu\\\/de\\\/Produkte\\\/aufguss-kamille-kamille-pyramide-kaufen\\\/#primaryimage\"},\"image\":{\"@id\":\"https:\\\/\\\/www.sempertea.eu\\\/de\\\/Produkte\\\/aufguss-kamille-kamille-pyramide-kaufen\\\/#primaryimage\"},\"thumbnailUrl\":\"https:\\\/\\\/www.sempertea.eu\\\/wp-content\\\/uploads\\\/2020\\\/08\\\/mejor-precio-manzanilla-camomila-natural-ecologica-piramide-semper-tea.jpg\",\"datePublished\":\"2022-08-04T12:40:46+00:00\",\"dateModified\":\"2025-01-23T08:46:18+00:00\",\"description\":\"Geniessen Sie diese pure und reine Kamille im biologisch abbaubarem Pyramidens\u00e4ckchen. Verschiedene Formate erh\u00e4ltlich online in unserem Shop.\",\"breadcrumb\":{\"@id\":\"https:\\\/\\\/www.sempertea.eu\\\/de\\\/Produkte\\\/aufguss-kamille-kamille-pyramide-kaufen\\\/#breadcrumb\"},\"inLanguage\":\"de\",\"potentialAction\":[{\"@type\":\"ReadAction\",\"target\":[\"https:\\\/\\\/www.sempertea.eu\\\/de\\\/Produkte\\\/aufguss-kamille-kamille-pyramide-kaufen\\\/\"]}]},{\"@type\":\"ImageObject\",\"inLanguage\":\"de\",\"@id\":\"https:\\\/\\\/www.sempertea.eu\\\/de\\\/Produkte\\\/aufguss-kamille-kamille-pyramide-kaufen\\\/#primaryimage\",\"url\":\"https:\\\/\\\/www.sempertea.eu\\\/wp-content\\\/uploads\\\/2020\\\/08\\\/mejor-precio-manzanilla-camomila-natural-ecologica-piramide-semper-tea.jpg\",\"contentUrl\":\"https:\\\/\\\/www.sempertea.eu\\\/wp-content\\\/uploads\\\/2020\\\/08\\\/mejor-precio-manzanilla-camomila-natural-ecologica-piramide-semper-tea.jpg\",\"width\":900,\"height\":900,\"caption\":\"kaufen Kamilletee nat\u00fcrlich Bio in Pyramiden semper Tee\"},{\"@type\":\"BreadcrumbList\",\"@id\":\"https:\\\/\\\/www.sempertea.eu\\\/de\\\/Produkte\\\/aufguss-kamille-kamille-pyramide-kaufen\\\/#breadcrumb\",\"itemListElement\":[{\"@type\":\"ListItem\",\"position\":1,\"name\":\"Portada\",\"item\":\"https:\\\/\\\/www.sempertea.eu\\\/de\\\/\"},{\"@type\":\"ListItem\",\"position\":2,\"name\":\"Shop\",\"item\":\"https:\\\/\\\/www.sempertea.eu\\\/de\\\/shop\\\/\"},{\"@type\":\"ListItem\",\"position\":3,\"name\":\"CAMOMILE Bio Kr\u00e4utertee I Pyramidenbeutel\"}]},{\"@type\":\"WebSite\",\"@id\":\"https:\\\/\\\/www.sempertea.eu\\\/#website\",\"url\":\"https:\\\/\\\/www.sempertea.eu\\\/\",\"name\":\"Semper Tea | Mayorista y fabricante de T\u00e9s e Infusiones para hoteles, restaurantes y bares\",\"description\":\"T\u00e9s e infusiones para hosteler\u00eda, hoteler\u00eda y comercio\",\"potentialAction\":[{\"@type\":\"SearchAction\",\"target\":{\"@type\":\"EntryPoint\",\"urlTemplate\":\"https:\\\/\\\/www.sempertea.eu\\\/?s={search_term_string}\"},\"query-input\":{\"@type\":\"PropertyValueSpecification\",\"valueRequired\":true,\"valueName\":\"search_term_string\"}}],\"inLanguage\":\"de\"}]}<\/script>\n<!-- \/ Yoast SEO Premium plugin. -->","yoast_head_json":{"title":"BIO Kamillentee in biologisch abbaubarem Pyramidens\u00e4ckchen","description":"Geniessen Sie diese pure und reine Kamille im biologisch abbaubarem Pyramidens\u00e4ckchen. Verschiedene Formate erh\u00e4ltlich online in unserem Shop.","robots":{"index":"index","follow":"follow","max-snippet":"max-snippet:-1","max-image-preview":"max-image-preview:large","max-video-preview":"max-video-preview:-1"},"canonical":"https:\/\/www.sempertea.eu\/de\/Produkte\/aufguss-kamille-kamille-pyramide-kaufen\/","og_locale":"de_DE","og_type":"article","og_title":"CAMOMILE Bio Kr\u00e4utertee I Pyramidenbeutel","og_description":"Geniessen Sie diese pure und reine Kamille im biologisch abbaubarem Pyramidens\u00e4ckchen. Verschiedene Formate erh\u00e4ltlich online in unserem Shop.","og_url":"https:\/\/www.sempertea.eu\/de\/Produkte\/aufguss-kamille-kamille-pyramide-kaufen\/","og_site_name":"Semper Tea | Mayorista y fabricante de T\u00e9s e Infusiones para hoteles, restaurantes y bares","article_modified_time":"2025-01-23T08:46:18+00:00","og_image":[{"width":900,"height":900,"url":"https:\/\/www.sempertea.eu\/wp-content\/uploads\/2020\/08\/mejor-precio-manzanilla-camomila-natural-ecologica-piramide-semper-tea.jpg","type":"image\/jpeg"}],"twitter_card":"summary_large_image","twitter_misc":{"Gesch\u00e4tzte Lesezeit":"1\u00a0Minute"},"schema":{"@context":"https:\/\/schema.org","@graph":[{"@type":"WebPage","@id":"https:\/\/www.sempertea.eu\/de\/Produkte\/aufguss-kamille-kamille-pyramide-kaufen\/","url":"https:\/\/www.sempertea.eu\/de\/Produkte\/aufguss-kamille-kamille-pyramide-kaufen\/","name":"BIO Kamillentee in biologisch abbaubarem Pyramidens\u00e4ckchen","isPartOf":{"@id":"https:\/\/www.sempertea.eu\/#website"},"primaryImageOfPage":{"@id":"https:\/\/www.sempertea.eu\/de\/Produkte\/aufguss-kamille-kamille-pyramide-kaufen\/#primaryimage"},"image":{"@id":"https:\/\/www.sempertea.eu\/de\/Produkte\/aufguss-kamille-kamille-pyramide-kaufen\/#primaryimage"},"thumbnailUrl":"https:\/\/www.sempertea.eu\/wp-content\/uploads\/2020\/08\/mejor-precio-manzanilla-camomila-natural-ecologica-piramide-semper-tea.jpg","datePublished":"2022-08-04T12:40:46+00:00","dateModified":"2025-01-23T08:46:18+00:00","description":"Geniessen Sie diese pure und reine Kamille im biologisch abbaubarem Pyramidens\u00e4ckchen. Verschiedene Formate erh\u00e4ltlich online in unserem Shop.","breadcrumb":{"@id":"https:\/\/www.sempertea.eu\/de\/Produkte\/aufguss-kamille-kamille-pyramide-kaufen\/#breadcrumb"},"inLanguage":"de","potentialAction":[{"@type":"ReadAction","target":["https:\/\/www.sempertea.eu\/de\/Produkte\/aufguss-kamille-kamille-pyramide-kaufen\/"]}]},{"@type":"ImageObject","inLanguage":"de","@id":"https:\/\/www.sempertea.eu\/de\/Produkte\/aufguss-kamille-kamille-pyramide-kaufen\/#primaryimage","url":"https:\/\/www.sempertea.eu\/wp-content\/uploads\/2020\/08\/mejor-precio-manzanilla-camomila-natural-ecologica-piramide-semper-tea.jpg","contentUrl":"https:\/\/www.sempertea.eu\/wp-content\/uploads\/2020\/08\/mejor-precio-manzanilla-camomila-natural-ecologica-piramide-semper-tea.jpg","width":900,"height":900,"caption":"kaufen Kamilletee nat\u00fcrlich Bio in Pyramiden semper Tee"},{"@type":"BreadcrumbList","@id":"https:\/\/www.sempertea.eu\/de\/Produkte\/aufguss-kamille-kamille-pyramide-kaufen\/#breadcrumb","itemListElement":[{"@type":"ListItem","position":1,"name":"Portada","item":"https:\/\/www.sempertea.eu\/de\/"},{"@type":"ListItem","position":2,"name":"Shop","item":"https:\/\/www.sempertea.eu\/de\/shop\/"},{"@type":"ListItem","position":3,"name":"CAMOMILE Bio Kr\u00e4utertee I Pyramidenbeutel"}]},{"@type":"WebSite","@id":"https:\/\/www.sempertea.eu\/#website","url":"https:\/\/www.sempertea.eu\/","name":"Semper Tea | Mayorista y fabricante de T\u00e9s e Infusiones para hoteles, restaurantes y bares","description":"T\u00e9s e infusiones para hosteler\u00eda, hoteler\u00eda y comercio","potentialAction":[{"@type":"SearchAction","target":{"@type":"EntryPoint","urlTemplate":"https:\/\/www.sempertea.eu\/?s={search_term_string}"},"query-input":{"@type":"PropertyValueSpecification","valueRequired":true,"valueName":"search_term_string"}}],"inLanguage":"de"}]}},"_links":{"self":[{"href":"https:\/\/www.sempertea.eu\/de\/wp-json\/wp\/v2\/product\/5230","targetHints":{"allow":["GET"]}}],"collection":[{"href":"https:\/\/www.sempertea.eu\/de\/wp-json\/wp\/v2\/product"}],"about":[{"href":"https:\/\/www.sempertea.eu\/de\/wp-json\/wp\/v2\/types\/product"}],"replies":[{"embeddable":true,"href":"https:\/\/www.sempertea.eu\/de\/wp-json\/wp\/v2\/comments?post=5230"}],"wp:featuredmedia":[{"embeddable":true,"href":"https:\/\/www.sempertea.eu\/de\/wp-json\/wp\/v2\/media\/3672"}],"wp:attachment":[{"href":"https:\/\/www.sempertea.eu\/de\/wp-json\/wp\/v2\/media?parent=5230"}],"wp:term":[{"taxonomy":"product_brand","embeddable":true,"href":"https:\/\/www.sempertea.eu\/de\/wp-json\/wp\/v2\/product_brand?post=5230"},{"taxonomy":"product_cat","embeddable":true,"href":"https:\/\/www.sempertea.eu\/de\/wp-json\/wp\/v2\/product_cat?post=5230"},{"taxonomy":"product_tag","embeddable":true,"href":"https:\/\/www.sempertea.eu\/de\/wp-json\/wp\/v2\/product_tag?post=5230"}],"curies":[{"name":"wp","href":"https:\/\/api.w.org\/{rel}","templated":true}]}}