{"id":21460,"date":"2026-03-10T15:31:18","date_gmt":"2026-03-10T14:31:18","guid":{"rendered":"https:\/\/www.sempertea.eu\/bio-kamillenblueten-lose-50-g-100-g-500-g-kraeutertee\/"},"modified":"2026-03-11T14:25:16","modified_gmt":"2026-03-11T13:25:16","slug":"beste-bio-kamillenblueten-kaufen","status":"publish","type":"product","link":"https:\/\/www.sempertea.eu\/de\/Produkte\/beste-bio-kamillenblueten-kaufen\/","title":{"rendered":"Bio KAMILLENBL\u00dcTEN lose | 50 g, 100 g &amp; 500 g Kr\u00e4utertee"},"content":{"rendered":"<h2 data-start=\"347\" data-end=\"684\">Flor de Manzanilla ecol\u00f3gica<\/h2>\n<p data-start=\"347\" data-end=\"684\">Bio Kamillenbl\u00fcten lose sind ein klassischer Kr\u00e4utertee, der f\u00fcr seine milde Note, sein blumiges Aroma und seine wohltuende Wirkung gesch\u00e4tzt wird. Sorgf\u00e4ltig ausgew\u00e4hlt und aus \u00f6kologischem Anbau stammend, ergibt dieser Bio Kamillentee eine klare, feine und nat\u00fcrliche Tasse \u2013 ideal f\u00fcr entspannte Pausen zu jeder Tageszeit.<\/p>\n<p data-start=\"686\" data-end=\"1079\">Ihr Aufguss ist leicht und angenehm, mit feinen blumigen Noten und einem ausgewogenen Charakter, der diesen Bio Kamillentee zu einem der beliebtesten Kr\u00e4utertees f\u00fcr alle macht, die Wohlbefinden und Einfachheit in jeder Tasse suchen. Kamillentee ist ideal nach dem Essen oder am Abend, da er f\u00fcr seine sanfte Art und seine traditionelle Verbindung mit Verdauungskomfort und Entspannung gesch\u00e4tzt wird.<\/p>\n<h3 data-start=\"686\" data-end=\"1079\"><span style=\"font-size: 14.4px;\">Bio Kr\u00e4utertee lose mit mildem, blumigem und nat\u00fcrlichem Geschmack<\/span><\/h3>\n<p data-start=\"1081\" data-end=\"1447\">Erh\u00e4ltlich im Beutel mit 50 g, 100 g und 500 g, eignet sich diese Referenz sowohl f\u00fcr den privaten Genuss als auch f\u00fcr <strong data-start=\"1095\" data-end=\"1127\">Bio-L\u00e4den, Feinkostgesch\u00e4fte, Reformh\u00e4user, Caf\u00e9s und die Gastronomie<\/strong>, die einen premium Bio Kr\u00e4utertee anbieten m\u00f6chten. Ein unverzichtbarer Klassiker f\u00fcr jedes Sortiment an <strong data-start=\"1291\" data-end=\"1320\">nat\u00fcrlichen Tees und Kr\u00e4uteraufg\u00fcssen,<\/strong> mit einer praktischen, gepflegten und vielseitigen Pr\u00e4sentation.<\/p>\n","protected":false},"excerpt":{"rendered":"<p><strong>Bio Kamillenbl\u00fcten lose erh\u00e4ltlich<\/strong><\/p>\n<p>Bio Kamillenbl\u00fcten lose im Beutel, erh\u00e4ltlich in 50 g, 100 g und 500 g. Ein milder, blumiger und feiner Bio Kr\u00e4utertee \u2013 ideal f\u00fcr Momente der Ruhe und des Wohlbefindens.<\/p>\n<p>Perfekt f\u00fcr alle, die nat\u00fcrliche Premium-Kamille mit einem klaren, feinen und angenehmen Tassenprofil suchen.<\/p>\n","protected":false},"featured_media":16115,"comment_status":"open","ping_status":"closed","template":"","meta":[],"product_brand":[],"product_cat":[379,114,115,116,113,124,112,127,108,135],"product_tag":[],"class_list":{"0":"post-21460","1":"product","2":"type-product","3":"status-publish","4":"has-post-thumbnail","6":"product_cat-bio-tee-grosshandel-loser-tee","7":"product_cat-alle","8":"product_cat-alle-de","9":"product_cat-alle-de-2","10":"product_cat-biotees-sortiment-online-kaufen","11":"product_cat-teesortiment-formate-packaging-attraktiv-biotees-verpackung","12":"product_cat-krautertees-bio-teemischungen-herbal-ohne-koffein","13":"product_cat-loser-tee-im-papier-beutel-biotee-in-der-tute-nachhaltig","14":"product_cat-sortiment-tee-packaging-verpackung-attraktiv-biotees-design","15":"product_cat-uncategorized-de","17":"first","18":"instock","19":"shipping-taxable","20":"purchasable","21":"product-type-variable"},"yoast_head":"<!-- This site is optimized with the Yoast SEO Premium plugin v27.3 (Yoast SEO v27.4) - https:\/\/yoast.com\/product\/yoast-seo-premium-wordpress\/ -->\n<title>Bio Kamillenbl\u00fcten lose online kaufen | 50 g, 100 g &amp; 500 g<\/title>\n<meta name=\"description\" content=\"Bio Kamillenbl\u00fcten lose im Beutel, erh\u00e4ltlich in 50 g, 100 g und 500 g. Ein milder, blumiger und nat\u00fcrlicher Kr\u00e4utertee zur Entspannung und f\u00fcr ein gutes Bauchgef\u00fchl.\" \/>\n<meta name=\"robots\" content=\"index, follow, max-snippet:-1, max-image-preview:large, max-video-preview:-1\" \/>\n<link rel=\"canonical\" href=\"https:\/\/www.sempertea.eu\/de\/Produkte\/beste-bio-kamillenblueten-kaufen\/\" \/>\n<meta property=\"og:locale\" content=\"de_DE\" \/>\n<meta property=\"og:type\" content=\"article\" \/>\n<meta property=\"og:title\" content=\"Bio KAMILLENBL\u00dcTEN lose | 50 g, 100 g &amp; 500 g Kr\u00e4utertee\" \/>\n<meta property=\"og:description\" content=\"Bio Kamillenbl\u00fcten lose im Beutel, erh\u00e4ltlich in 50 g, 100 g und 500 g. Ein milder, blumiger und nat\u00fcrlicher Kr\u00e4utertee zur Entspannung und f\u00fcr ein gutes Bauchgef\u00fchl.\" \/>\n<meta property=\"og:url\" content=\"https:\/\/www.sempertea.eu\/de\/Produkte\/beste-bio-kamillenblueten-kaufen\/\" \/>\n<meta property=\"og:site_name\" content=\"Semper Tea | Mayorista y fabricante de T\u00e9s e Infusiones para hoteles, restaurantes y bares\" \/>\n<meta property=\"article:modified_time\" content=\"2026-03-11T13:25:16+00:00\" \/>\n<meta property=\"og:image\" content=\"https:\/\/www.sempertea.eu\/wp-content\/uploads\/2025\/06\/infusion-camomila-granel-relajante-profesional-semper-tea.jpg\" \/>\n\t<meta property=\"og:image:width\" content=\"831\" \/>\n\t<meta property=\"og:image:height\" content=\"831\" \/>\n\t<meta property=\"og:image:type\" content=\"image\/jpeg\" \/>\n<meta name=\"twitter:card\" content=\"summary_large_image\" \/>\n<meta name=\"twitter:label1\" content=\"Gesch\u00e4tzte Lesezeit\" \/>\n\t<meta name=\"twitter:data1\" content=\"1\u00a0Minute\" \/>\n<script type=\"application\/ld+json\" class=\"yoast-schema-graph\">{\"@context\":\"https:\\\/\\\/schema.org\",\"@graph\":[{\"@type\":\"WebPage\",\"@id\":\"https:\\\/\\\/www.sempertea.eu\\\/de\\\/Produkte\\\/beste-bio-kamillenblueten-kaufen\\\/\",\"url\":\"https:\\\/\\\/www.sempertea.eu\\\/de\\\/Produkte\\\/beste-bio-kamillenblueten-kaufen\\\/\",\"name\":\"Bio Kamillenbl\u00fcten lose online kaufen | 50 g, 100 g & 500 g\",\"isPartOf\":{\"@id\":\"https:\\\/\\\/www.sempertea.eu\\\/#website\"},\"primaryImageOfPage\":{\"@id\":\"https:\\\/\\\/www.sempertea.eu\\\/de\\\/Produkte\\\/beste-bio-kamillenblueten-kaufen\\\/#primaryimage\"},\"image\":{\"@id\":\"https:\\\/\\\/www.sempertea.eu\\\/de\\\/Produkte\\\/beste-bio-kamillenblueten-kaufen\\\/#primaryimage\"},\"thumbnailUrl\":\"https:\\\/\\\/www.sempertea.eu\\\/wp-content\\\/uploads\\\/2025\\\/06\\\/infusion-camomila-granel-relajante-profesional-semper-tea.jpg\",\"datePublished\":\"2026-03-10T14:31:18+00:00\",\"dateModified\":\"2026-03-11T13:25:16+00:00\",\"description\":\"Bio Kamillenbl\u00fcten lose im Beutel, erh\u00e4ltlich in 50 g, 100 g und 500 g. Ein milder, blumiger und nat\u00fcrlicher Kr\u00e4utertee zur Entspannung und f\u00fcr ein gutes Bauchgef\u00fchl.\",\"breadcrumb\":{\"@id\":\"https:\\\/\\\/www.sempertea.eu\\\/de\\\/Produkte\\\/beste-bio-kamillenblueten-kaufen\\\/#breadcrumb\"},\"inLanguage\":\"de\",\"potentialAction\":[{\"@type\":\"ReadAction\",\"target\":[\"https:\\\/\\\/www.sempertea.eu\\\/de\\\/Produkte\\\/beste-bio-kamillenblueten-kaufen\\\/\"]}]},{\"@type\":\"ImageObject\",\"inLanguage\":\"de\",\"@id\":\"https:\\\/\\\/www.sempertea.eu\\\/de\\\/Produkte\\\/beste-bio-kamillenblueten-kaufen\\\/#primaryimage\",\"url\":\"https:\\\/\\\/www.sempertea.eu\\\/wp-content\\\/uploads\\\/2025\\\/06\\\/infusion-camomila-granel-relajante-profesional-semper-tea.jpg\",\"contentUrl\":\"https:\\\/\\\/www.sempertea.eu\\\/wp-content\\\/uploads\\\/2025\\\/06\\\/infusion-camomila-granel-relajante-profesional-semper-tea.jpg\",\"width\":831,\"height\":831,\"caption\":\"infusion camomila granel relajante profesional semper tea\"},{\"@type\":\"BreadcrumbList\",\"@id\":\"https:\\\/\\\/www.sempertea.eu\\\/de\\\/Produkte\\\/beste-bio-kamillenblueten-kaufen\\\/#breadcrumb\",\"itemListElement\":[{\"@type\":\"ListItem\",\"position\":1,\"name\":\"Portada\",\"item\":\"https:\\\/\\\/www.sempertea.eu\\\/de\\\/\"},{\"@type\":\"ListItem\",\"position\":2,\"name\":\"Shop\",\"item\":\"https:\\\/\\\/www.sempertea.eu\\\/de\\\/shop\\\/\"},{\"@type\":\"ListItem\",\"position\":3,\"name\":\"Bio KAMILLENBL\u00dcTEN lose | 50 g, 100 g &amp; 500 g Kr\u00e4utertee\"}]},{\"@type\":\"WebSite\",\"@id\":\"https:\\\/\\\/www.sempertea.eu\\\/#website\",\"url\":\"https:\\\/\\\/www.sempertea.eu\\\/\",\"name\":\"Semper Tea | Mayorista y fabricante de T\u00e9s e Infusiones para hoteles, restaurantes y bares\",\"description\":\"T\u00e9s e infusiones para hosteler\u00eda, hoteler\u00eda y comercio\",\"potentialAction\":[{\"@type\":\"SearchAction\",\"target\":{\"@type\":\"EntryPoint\",\"urlTemplate\":\"https:\\\/\\\/www.sempertea.eu\\\/?s={search_term_string}\"},\"query-input\":{\"@type\":\"PropertyValueSpecification\",\"valueRequired\":true,\"valueName\":\"search_term_string\"}}],\"inLanguage\":\"de\"}]}<\/script>\n<!-- \/ Yoast SEO Premium plugin. -->","yoast_head_json":{"title":"Bio Kamillenbl\u00fcten lose online kaufen | 50 g, 100 g & 500 g","description":"Bio Kamillenbl\u00fcten lose im Beutel, erh\u00e4ltlich in 50 g, 100 g und 500 g. Ein milder, blumiger und nat\u00fcrlicher Kr\u00e4utertee zur Entspannung und f\u00fcr ein gutes Bauchgef\u00fchl.","robots":{"index":"index","follow":"follow","max-snippet":"max-snippet:-1","max-image-preview":"max-image-preview:large","max-video-preview":"max-video-preview:-1"},"canonical":"https:\/\/www.sempertea.eu\/de\/Produkte\/beste-bio-kamillenblueten-kaufen\/","og_locale":"de_DE","og_type":"article","og_title":"Bio KAMILLENBL\u00dcTEN lose | 50 g, 100 g &amp; 500 g Kr\u00e4utertee","og_description":"Bio Kamillenbl\u00fcten lose im Beutel, erh\u00e4ltlich in 50 g, 100 g und 500 g. Ein milder, blumiger und nat\u00fcrlicher Kr\u00e4utertee zur Entspannung und f\u00fcr ein gutes Bauchgef\u00fchl.","og_url":"https:\/\/www.sempertea.eu\/de\/Produkte\/beste-bio-kamillenblueten-kaufen\/","og_site_name":"Semper Tea | Mayorista y fabricante de T\u00e9s e Infusiones para hoteles, restaurantes y bares","article_modified_time":"2026-03-11T13:25:16+00:00","og_image":[{"width":831,"height":831,"url":"https:\/\/www.sempertea.eu\/wp-content\/uploads\/2025\/06\/infusion-camomila-granel-relajante-profesional-semper-tea.jpg","type":"image\/jpeg"}],"twitter_card":"summary_large_image","twitter_misc":{"Gesch\u00e4tzte Lesezeit":"1\u00a0Minute"},"schema":{"@context":"https:\/\/schema.org","@graph":[{"@type":"WebPage","@id":"https:\/\/www.sempertea.eu\/de\/Produkte\/beste-bio-kamillenblueten-kaufen\/","url":"https:\/\/www.sempertea.eu\/de\/Produkte\/beste-bio-kamillenblueten-kaufen\/","name":"Bio Kamillenbl\u00fcten lose online kaufen | 50 g, 100 g & 500 g","isPartOf":{"@id":"https:\/\/www.sempertea.eu\/#website"},"primaryImageOfPage":{"@id":"https:\/\/www.sempertea.eu\/de\/Produkte\/beste-bio-kamillenblueten-kaufen\/#primaryimage"},"image":{"@id":"https:\/\/www.sempertea.eu\/de\/Produkte\/beste-bio-kamillenblueten-kaufen\/#primaryimage"},"thumbnailUrl":"https:\/\/www.sempertea.eu\/wp-content\/uploads\/2025\/06\/infusion-camomila-granel-relajante-profesional-semper-tea.jpg","datePublished":"2026-03-10T14:31:18+00:00","dateModified":"2026-03-11T13:25:16+00:00","description":"Bio Kamillenbl\u00fcten lose im Beutel, erh\u00e4ltlich in 50 g, 100 g und 500 g. Ein milder, blumiger und nat\u00fcrlicher Kr\u00e4utertee zur Entspannung und f\u00fcr ein gutes Bauchgef\u00fchl.","breadcrumb":{"@id":"https:\/\/www.sempertea.eu\/de\/Produkte\/beste-bio-kamillenblueten-kaufen\/#breadcrumb"},"inLanguage":"de","potentialAction":[{"@type":"ReadAction","target":["https:\/\/www.sempertea.eu\/de\/Produkte\/beste-bio-kamillenblueten-kaufen\/"]}]},{"@type":"ImageObject","inLanguage":"de","@id":"https:\/\/www.sempertea.eu\/de\/Produkte\/beste-bio-kamillenblueten-kaufen\/#primaryimage","url":"https:\/\/www.sempertea.eu\/wp-content\/uploads\/2025\/06\/infusion-camomila-granel-relajante-profesional-semper-tea.jpg","contentUrl":"https:\/\/www.sempertea.eu\/wp-content\/uploads\/2025\/06\/infusion-camomila-granel-relajante-profesional-semper-tea.jpg","width":831,"height":831,"caption":"infusion camomila granel relajante profesional semper tea"},{"@type":"BreadcrumbList","@id":"https:\/\/www.sempertea.eu\/de\/Produkte\/beste-bio-kamillenblueten-kaufen\/#breadcrumb","itemListElement":[{"@type":"ListItem","position":1,"name":"Portada","item":"https:\/\/www.sempertea.eu\/de\/"},{"@type":"ListItem","position":2,"name":"Shop","item":"https:\/\/www.sempertea.eu\/de\/shop\/"},{"@type":"ListItem","position":3,"name":"Bio KAMILLENBL\u00dcTEN lose | 50 g, 100 g &amp; 500 g Kr\u00e4utertee"}]},{"@type":"WebSite","@id":"https:\/\/www.sempertea.eu\/#website","url":"https:\/\/www.sempertea.eu\/","name":"Semper Tea | Mayorista y fabricante de T\u00e9s e Infusiones para hoteles, restaurantes y bares","description":"T\u00e9s e infusiones para hosteler\u00eda, hoteler\u00eda y comercio","potentialAction":[{"@type":"SearchAction","target":{"@type":"EntryPoint","urlTemplate":"https:\/\/www.sempertea.eu\/?s={search_term_string}"},"query-input":{"@type":"PropertyValueSpecification","valueRequired":true,"valueName":"search_term_string"}}],"inLanguage":"de"}]}},"_links":{"self":[{"href":"https:\/\/www.sempertea.eu\/de\/wp-json\/wp\/v2\/product\/21460","targetHints":{"allow":["GET"]}}],"collection":[{"href":"https:\/\/www.sempertea.eu\/de\/wp-json\/wp\/v2\/product"}],"about":[{"href":"https:\/\/www.sempertea.eu\/de\/wp-json\/wp\/v2\/types\/product"}],"replies":[{"embeddable":true,"href":"https:\/\/www.sempertea.eu\/de\/wp-json\/wp\/v2\/comments?post=21460"}],"wp:featuredmedia":[{"embeddable":true,"href":"https:\/\/www.sempertea.eu\/de\/wp-json\/wp\/v2\/media\/16115"}],"wp:attachment":[{"href":"https:\/\/www.sempertea.eu\/de\/wp-json\/wp\/v2\/media?parent=21460"}],"wp:term":[{"taxonomy":"product_brand","embeddable":true,"href":"https:\/\/www.sempertea.eu\/de\/wp-json\/wp\/v2\/product_brand?post=21460"},{"taxonomy":"product_cat","embeddable":true,"href":"https:\/\/www.sempertea.eu\/de\/wp-json\/wp\/v2\/product_cat?post=21460"},{"taxonomy":"product_tag","embeddable":true,"href":"https:\/\/www.sempertea.eu\/de\/wp-json\/wp\/v2\/product_tag?post=21460"}],"curies":[{"name":"wp","href":"https:\/\/api.w.org\/{rel}","templated":true}]}}