{"id":21361,"date":"2026-03-03T10:45:55","date_gmt":"2026-03-03T09:45:55","guid":{"rendered":"https:\/\/www.sempertea.eu\/cuerpo-y-alma-infusion-organica-de-hierbas-con-lavanda-tila-y-melisa-i-50gr-100gr-y-500gr-a-granel-en-bolsa\/"},"modified":"2026-03-10T11:03:11","modified_gmt":"2026-03-10T10:03:11","slug":"bio-schlaftee-entspannen-kraeutertee-lavendel-lindenblueten-melisse","status":"publish","type":"product","link":"https:\/\/www.sempertea.eu\/de\/Produkte\/bio-schlaftee-entspannen-kraeutertee-lavendel-lindenblueten-melisse\/","title":{"rendered":"BODY &#038; SOUL Bio-Kr\u00e4utertee Lavendel, Lindenbl\u00fcten &#038; Melisse | 50 g, 100 g, 500 g lose im Beutel"},"content":{"rendered":"<h2 data-start=\"262\" data-end=\"364\">BODY &amp; SOUL Lavendel-Tee mit Lindenbl\u00fcten und Melisse<br \/>\nSpa-Tee mit beruhigender Wirkung<\/h2>\n<p data-start=\"366\" data-end=\"696\">BODY &amp; SOUL ist ein koffeinfreier, biologischer Kr\u00e4utertee, der auf traditionelle Pflanzenkunde und moderne Wellnessbed\u00fcrfnisse setzt. Die harmonische Komposition aus Lavendel, Lindenbl\u00fcten, Melisse, Pfefferminze und Zitronengras entfaltet ein mildes, blumig-zitrisches Aroma \u2013 ideal als nat\u00fcrlicher Begleiter am Abend.<\/p>\n<p data-start=\"698\" data-end=\"1052\">Diese Rezeptur ist mehr als nur ein Tee zum Einschlafen. Sie schafft bewusste Pausen, f\u00f6rdert die innere Balance und unterst\u00fctzt das Einschlafen auf nat\u00fcrliche Weise. Dank ihrer sanften, aber wirkungsvollen Pflanzenkraft gilt BODY &amp; SOUL als einer der besten Beruhigungstees f\u00fcr empfindsame, stressgeplagte Menschen \u2013 auch geeignet f\u00fcr Kinder.<\/p>\n<p data-start=\"1054\" data-end=\"1077\"><strong data-start=\"1054\" data-end=\"1077\">Eigenschaften von Body &amp; Soul<\/strong><\/p>\n<ul data-start=\"1079\" data-end=\"1486\">\n<li data-start=\"1079\" data-end=\"1172\">\n<p data-start=\"1081\" data-end=\"1172\">Lavendeltee: entspannend und nervenberuhigend \u2013 ein Klassiker unter den Schlaftees<\/p>\n<\/li>\n<li data-start=\"1173\" data-end=\"1240\">\n<p data-start=\"1175\" data-end=\"1240\">Lindenbl\u00fcten: helfen bei innerer Unruhe und Spannungszust\u00e4nden<\/p>\n<\/li>\n<li data-start=\"1241\" data-end=\"1324\">\n<p data-start=\"1243\" data-end=\"1324\"><a href=\"https:\/\/es.wikipedia.org\/wiki\/Melissa_officinalis\">Melisse:<\/a> beruhigt Geist und Magen<\/p>\n<\/li>\n<li data-start=\"1325\" data-end=\"1390\">\n<p data-start=\"1327\" data-end=\"1390\">Pfefferminze: erfrischt und harmonisiert<\/p>\n<\/li>\n<li data-start=\"1391\" data-end=\"1486\">\n<p data-start=\"1393\" data-end=\"1486\">Zitronengras: bringt Zitrusleichtigkeit und emotionale Ausgeglichenheit<\/p>\n<\/li>\n<\/ul>\n<p data-start=\"1488\" data-end=\"1682\">100\u202f% bio-zertifiziert, frei von Koffein, Zuckerzusatz und Mikroplastik \u2013 Calm ist ein stilvoller, nachhaltiger Tee f\u00fcr alle, die bewusst entspannen m\u00f6chten.<\/p>\n<h3 data-start=\"1684\" data-end=\"1734\">Bio-Kr\u00e4utertee ohne Koffein<\/h3>\n<p data-start=\"1736\" data-end=\"2015\">Eine sanfte Mischung aus Lavendel, Lindenbl\u00fcten, Melisse, Pfefferminze und Zitronengras \u2013 ideal zum Abschalten am Abend.<br \/>\nBODY &amp; SOUL ist koffeinfrei und unterst\u00fctzt auf nat\u00fcrliche Weise einen ruhigen Schlaf. Der perfekte Tee zum Einschlafen und eine hochwertige Alternative zu klassischem Lavendeltee.<\/p>\n","protected":false},"excerpt":{"rendered":"<p data-start=\"156\" data-end=\"197\"><strong data-start=\"156\" data-end=\"197\">Bio-Kr\u00e4utertee ohne Koffein<\/strong><\/p>\n<p data-start=\"199\" data-end=\"589\">Eine sanfte Mischung aus Lavendel, Lindenbl\u00fcten, Melisse, Pfefferminze und Zitronengras \u2013 ideal zum Abschalten am Abend.<\/p>\n<p data-start=\"591\" data-end=\"947\">BODY &amp; SOUL ist koffeinfrei und unterst\u00fctzt auf nat\u00fcrliche Weise einen ruhigen Schlaf. Der perfekte Tee zum Einschlafen und eine hochwertige Alternative zu klassischem Lavendeltee.<\/p>\n","protected":false},"featured_media":16127,"comment_status":"open","ping_status":"closed","template":"","meta":[],"product_brand":[],"product_cat":[379,115,116,114,113,124,112,127,108],"product_tag":[],"class_list":{"0":"post-21361","1":"product","2":"type-product","3":"status-publish","4":"has-post-thumbnail","6":"product_cat-bio-tee-grosshandel-loser-tee","7":"product_cat-alle-de","8":"product_cat-alle-de-2","9":"product_cat-alle","10":"product_cat-biotees-sortiment-online-kaufen","11":"product_cat-teesortiment-formate-packaging-attraktiv-biotees-verpackung","12":"product_cat-krautertees-bio-teemischungen-herbal-ohne-koffein","13":"product_cat-loser-tee-im-papier-beutel-biotee-in-der-tute-nachhaltig","14":"product_cat-sortiment-tee-packaging-verpackung-attraktiv-biotees-design","16":"first","17":"instock","18":"shipping-taxable","19":"purchasable","20":"product-type-variable"},"yoast_head":"<!-- This site is optimized with the Yoast SEO Premium plugin v27.3 (Yoast SEO v27.4) - https:\/\/yoast.com\/product\/yoast-seo-premium-wordpress\/ -->\n<title>Schlaftee zum Entspannen | Kr\u00e4utertee Lavendel Lindenbl\u00fcten Melisse<\/title>\n<meta name=\"description\" content=\"Bio-Entspannungstee mit Lavendel, Lindenbl\u00fcten, Melisse, Pfefferminze und Zitronengras. Ideal, um besser zu schlafen, Stress zu lindern und innere Unruhe auf nat\u00fcrliche Weise zu beruhigen.\" \/>\n<meta name=\"robots\" content=\"index, follow, max-snippet:-1, max-image-preview:large, max-video-preview:-1\" \/>\n<link rel=\"canonical\" href=\"https:\/\/www.sempertea.eu\/de\/Produkte\/bio-schlaftee-entspannen-kraeutertee-lavendel-lindenblueten-melisse\/\" \/>\n<meta property=\"og:locale\" content=\"de_DE\" \/>\n<meta property=\"og:type\" content=\"article\" \/>\n<meta property=\"og:title\" content=\"BODY &amp; SOUL Bio-Kr\u00e4utertee Lavendel, Lindenbl\u00fcten &amp; Melisse | 50 g, 100 g, 500 g lose im Beutel\" \/>\n<meta property=\"og:description\" content=\"Bio-Entspannungstee mit Lavendel, Lindenbl\u00fcten, Melisse, Pfefferminze und Zitronengras. Ideal, um besser zu schlafen, Stress zu lindern und innere Unruhe auf nat\u00fcrliche Weise zu beruhigen.\" \/>\n<meta property=\"og:url\" content=\"https:\/\/www.sempertea.eu\/de\/Produkte\/bio-schlaftee-entspannen-kraeutertee-lavendel-lindenblueten-melisse\/\" \/>\n<meta property=\"og:site_name\" content=\"Semper Tea | Mayorista y fabricante de T\u00e9s e Infusiones para hoteles, restaurantes y bares\" \/>\n<meta property=\"article:modified_time\" content=\"2026-03-10T10:03:11+00:00\" \/>\n<meta property=\"og:image\" content=\"https:\/\/www.sempertea.eu\/wp-content\/uploads\/2025\/06\/infusion-melisa-lavanda-granel-relajante-hosteleria-semper-tea.jpg\" \/>\n\t<meta property=\"og:image:width\" content=\"834\" \/>\n\t<meta property=\"og:image:height\" content=\"834\" \/>\n\t<meta property=\"og:image:type\" content=\"image\/jpeg\" \/>\n<meta name=\"twitter:card\" content=\"summary_large_image\" \/>\n<meta name=\"twitter:label1\" content=\"Gesch\u00e4tzte Lesezeit\" \/>\n\t<meta name=\"twitter:data1\" content=\"2\u00a0Minuten\" \/>\n<script type=\"application\/ld+json\" class=\"yoast-schema-graph\">{\"@context\":\"https:\\\/\\\/schema.org\",\"@graph\":[{\"@type\":\"WebPage\",\"@id\":\"https:\\\/\\\/www.sempertea.eu\\\/de\\\/Produkte\\\/bio-schlaftee-entspannen-kraeutertee-lavendel-lindenblueten-melisse\\\/\",\"url\":\"https:\\\/\\\/www.sempertea.eu\\\/de\\\/Produkte\\\/bio-schlaftee-entspannen-kraeutertee-lavendel-lindenblueten-melisse\\\/\",\"name\":\"Schlaftee zum Entspannen | Kr\u00e4utertee Lavendel Lindenbl\u00fcten Melisse\",\"isPartOf\":{\"@id\":\"https:\\\/\\\/www.sempertea.eu\\\/#website\"},\"primaryImageOfPage\":{\"@id\":\"https:\\\/\\\/www.sempertea.eu\\\/de\\\/Produkte\\\/bio-schlaftee-entspannen-kraeutertee-lavendel-lindenblueten-melisse\\\/#primaryimage\"},\"image\":{\"@id\":\"https:\\\/\\\/www.sempertea.eu\\\/de\\\/Produkte\\\/bio-schlaftee-entspannen-kraeutertee-lavendel-lindenblueten-melisse\\\/#primaryimage\"},\"thumbnailUrl\":\"https:\\\/\\\/www.sempertea.eu\\\/wp-content\\\/uploads\\\/2025\\\/06\\\/infusion-melisa-lavanda-granel-relajante-hosteleria-semper-tea.jpg\",\"datePublished\":\"2026-03-03T09:45:55+00:00\",\"dateModified\":\"2026-03-10T10:03:11+00:00\",\"description\":\"Bio-Entspannungstee mit Lavendel, Lindenbl\u00fcten, Melisse, Pfefferminze und Zitronengras. Ideal, um besser zu schlafen, Stress zu lindern und innere Unruhe auf nat\u00fcrliche Weise zu beruhigen.\",\"breadcrumb\":{\"@id\":\"https:\\\/\\\/www.sempertea.eu\\\/de\\\/Produkte\\\/bio-schlaftee-entspannen-kraeutertee-lavendel-lindenblueten-melisse\\\/#breadcrumb\"},\"inLanguage\":\"de\",\"potentialAction\":[{\"@type\":\"ReadAction\",\"target\":[\"https:\\\/\\\/www.sempertea.eu\\\/de\\\/Produkte\\\/bio-schlaftee-entspannen-kraeutertee-lavendel-lindenblueten-melisse\\\/\"]}]},{\"@type\":\"ImageObject\",\"inLanguage\":\"de\",\"@id\":\"https:\\\/\\\/www.sempertea.eu\\\/de\\\/Produkte\\\/bio-schlaftee-entspannen-kraeutertee-lavendel-lindenblueten-melisse\\\/#primaryimage\",\"url\":\"https:\\\/\\\/www.sempertea.eu\\\/wp-content\\\/uploads\\\/2025\\\/06\\\/infusion-melisa-lavanda-granel-relajante-hosteleria-semper-tea.jpg\",\"contentUrl\":\"https:\\\/\\\/www.sempertea.eu\\\/wp-content\\\/uploads\\\/2025\\\/06\\\/infusion-melisa-lavanda-granel-relajante-hosteleria-semper-tea.jpg\",\"width\":834,\"height\":834,\"caption\":\"infusion melisa lavanda granel relajante hosteleria semper tea\"},{\"@type\":\"BreadcrumbList\",\"@id\":\"https:\\\/\\\/www.sempertea.eu\\\/de\\\/Produkte\\\/bio-schlaftee-entspannen-kraeutertee-lavendel-lindenblueten-melisse\\\/#breadcrumb\",\"itemListElement\":[{\"@type\":\"ListItem\",\"position\":1,\"name\":\"Portada\",\"item\":\"https:\\\/\\\/www.sempertea.eu\\\/de\\\/\"},{\"@type\":\"ListItem\",\"position\":2,\"name\":\"Shop\",\"item\":\"https:\\\/\\\/www.sempertea.eu\\\/de\\\/shop\\\/\"},{\"@type\":\"ListItem\",\"position\":3,\"name\":\"BODY &#038; SOUL Bio-Kr\u00e4utertee Lavendel, Lindenbl\u00fcten &#038; Melisse | 50 g, 100 g, 500 g lose im Beutel\"}]},{\"@type\":\"WebSite\",\"@id\":\"https:\\\/\\\/www.sempertea.eu\\\/#website\",\"url\":\"https:\\\/\\\/www.sempertea.eu\\\/\",\"name\":\"Semper Tea | Mayorista y fabricante de T\u00e9s e Infusiones para hoteles, restaurantes y bares\",\"description\":\"T\u00e9s e infusiones para hosteler\u00eda, hoteler\u00eda y comercio\",\"potentialAction\":[{\"@type\":\"SearchAction\",\"target\":{\"@type\":\"EntryPoint\",\"urlTemplate\":\"https:\\\/\\\/www.sempertea.eu\\\/?s={search_term_string}\"},\"query-input\":{\"@type\":\"PropertyValueSpecification\",\"valueRequired\":true,\"valueName\":\"search_term_string\"}}],\"inLanguage\":\"de\"}]}<\/script>\n<!-- \/ Yoast SEO Premium plugin. -->","yoast_head_json":{"title":"Schlaftee zum Entspannen | Kr\u00e4utertee Lavendel Lindenbl\u00fcten Melisse","description":"Bio-Entspannungstee mit Lavendel, Lindenbl\u00fcten, Melisse, Pfefferminze und Zitronengras. Ideal, um besser zu schlafen, Stress zu lindern und innere Unruhe auf nat\u00fcrliche Weise zu beruhigen.","robots":{"index":"index","follow":"follow","max-snippet":"max-snippet:-1","max-image-preview":"max-image-preview:large","max-video-preview":"max-video-preview:-1"},"canonical":"https:\/\/www.sempertea.eu\/de\/Produkte\/bio-schlaftee-entspannen-kraeutertee-lavendel-lindenblueten-melisse\/","og_locale":"de_DE","og_type":"article","og_title":"BODY & SOUL Bio-Kr\u00e4utertee Lavendel, Lindenbl\u00fcten & Melisse | 50 g, 100 g, 500 g lose im Beutel","og_description":"Bio-Entspannungstee mit Lavendel, Lindenbl\u00fcten, Melisse, Pfefferminze und Zitronengras. Ideal, um besser zu schlafen, Stress zu lindern und innere Unruhe auf nat\u00fcrliche Weise zu beruhigen.","og_url":"https:\/\/www.sempertea.eu\/de\/Produkte\/bio-schlaftee-entspannen-kraeutertee-lavendel-lindenblueten-melisse\/","og_site_name":"Semper Tea | Mayorista y fabricante de T\u00e9s e Infusiones para hoteles, restaurantes y bares","article_modified_time":"2026-03-10T10:03:11+00:00","og_image":[{"width":834,"height":834,"url":"https:\/\/www.sempertea.eu\/wp-content\/uploads\/2025\/06\/infusion-melisa-lavanda-granel-relajante-hosteleria-semper-tea.jpg","type":"image\/jpeg"}],"twitter_card":"summary_large_image","twitter_misc":{"Gesch\u00e4tzte Lesezeit":"2\u00a0Minuten"},"schema":{"@context":"https:\/\/schema.org","@graph":[{"@type":"WebPage","@id":"https:\/\/www.sempertea.eu\/de\/Produkte\/bio-schlaftee-entspannen-kraeutertee-lavendel-lindenblueten-melisse\/","url":"https:\/\/www.sempertea.eu\/de\/Produkte\/bio-schlaftee-entspannen-kraeutertee-lavendel-lindenblueten-melisse\/","name":"Schlaftee zum Entspannen | Kr\u00e4utertee Lavendel Lindenbl\u00fcten Melisse","isPartOf":{"@id":"https:\/\/www.sempertea.eu\/#website"},"primaryImageOfPage":{"@id":"https:\/\/www.sempertea.eu\/de\/Produkte\/bio-schlaftee-entspannen-kraeutertee-lavendel-lindenblueten-melisse\/#primaryimage"},"image":{"@id":"https:\/\/www.sempertea.eu\/de\/Produkte\/bio-schlaftee-entspannen-kraeutertee-lavendel-lindenblueten-melisse\/#primaryimage"},"thumbnailUrl":"https:\/\/www.sempertea.eu\/wp-content\/uploads\/2025\/06\/infusion-melisa-lavanda-granel-relajante-hosteleria-semper-tea.jpg","datePublished":"2026-03-03T09:45:55+00:00","dateModified":"2026-03-10T10:03:11+00:00","description":"Bio-Entspannungstee mit Lavendel, Lindenbl\u00fcten, Melisse, Pfefferminze und Zitronengras. Ideal, um besser zu schlafen, Stress zu lindern und innere Unruhe auf nat\u00fcrliche Weise zu beruhigen.","breadcrumb":{"@id":"https:\/\/www.sempertea.eu\/de\/Produkte\/bio-schlaftee-entspannen-kraeutertee-lavendel-lindenblueten-melisse\/#breadcrumb"},"inLanguage":"de","potentialAction":[{"@type":"ReadAction","target":["https:\/\/www.sempertea.eu\/de\/Produkte\/bio-schlaftee-entspannen-kraeutertee-lavendel-lindenblueten-melisse\/"]}]},{"@type":"ImageObject","inLanguage":"de","@id":"https:\/\/www.sempertea.eu\/de\/Produkte\/bio-schlaftee-entspannen-kraeutertee-lavendel-lindenblueten-melisse\/#primaryimage","url":"https:\/\/www.sempertea.eu\/wp-content\/uploads\/2025\/06\/infusion-melisa-lavanda-granel-relajante-hosteleria-semper-tea.jpg","contentUrl":"https:\/\/www.sempertea.eu\/wp-content\/uploads\/2025\/06\/infusion-melisa-lavanda-granel-relajante-hosteleria-semper-tea.jpg","width":834,"height":834,"caption":"infusion melisa lavanda granel relajante hosteleria semper tea"},{"@type":"BreadcrumbList","@id":"https:\/\/www.sempertea.eu\/de\/Produkte\/bio-schlaftee-entspannen-kraeutertee-lavendel-lindenblueten-melisse\/#breadcrumb","itemListElement":[{"@type":"ListItem","position":1,"name":"Portada","item":"https:\/\/www.sempertea.eu\/de\/"},{"@type":"ListItem","position":2,"name":"Shop","item":"https:\/\/www.sempertea.eu\/de\/shop\/"},{"@type":"ListItem","position":3,"name":"BODY &#038; SOUL Bio-Kr\u00e4utertee Lavendel, Lindenbl\u00fcten &#038; Melisse | 50 g, 100 g, 500 g lose im Beutel"}]},{"@type":"WebSite","@id":"https:\/\/www.sempertea.eu\/#website","url":"https:\/\/www.sempertea.eu\/","name":"Semper Tea | Mayorista y fabricante de T\u00e9s e Infusiones para hoteles, restaurantes y bares","description":"T\u00e9s e infusiones para hosteler\u00eda, hoteler\u00eda y comercio","potentialAction":[{"@type":"SearchAction","target":{"@type":"EntryPoint","urlTemplate":"https:\/\/www.sempertea.eu\/?s={search_term_string}"},"query-input":{"@type":"PropertyValueSpecification","valueRequired":true,"valueName":"search_term_string"}}],"inLanguage":"de"}]}},"_links":{"self":[{"href":"https:\/\/www.sempertea.eu\/de\/wp-json\/wp\/v2\/product\/21361","targetHints":{"allow":["GET"]}}],"collection":[{"href":"https:\/\/www.sempertea.eu\/de\/wp-json\/wp\/v2\/product"}],"about":[{"href":"https:\/\/www.sempertea.eu\/de\/wp-json\/wp\/v2\/types\/product"}],"replies":[{"embeddable":true,"href":"https:\/\/www.sempertea.eu\/de\/wp-json\/wp\/v2\/comments?post=21361"}],"wp:featuredmedia":[{"embeddable":true,"href":"https:\/\/www.sempertea.eu\/de\/wp-json\/wp\/v2\/media\/16127"}],"wp:attachment":[{"href":"https:\/\/www.sempertea.eu\/de\/wp-json\/wp\/v2\/media?parent=21361"}],"wp:term":[{"taxonomy":"product_brand","embeddable":true,"href":"https:\/\/www.sempertea.eu\/de\/wp-json\/wp\/v2\/product_brand?post=21361"},{"taxonomy":"product_cat","embeddable":true,"href":"https:\/\/www.sempertea.eu\/de\/wp-json\/wp\/v2\/product_cat?post=21361"},{"taxonomy":"product_tag","embeddable":true,"href":"https:\/\/www.sempertea.eu\/de\/wp-json\/wp\/v2\/product_tag?post=21361"}],"curies":[{"name":"wp","href":"https:\/\/api.w.org\/{rel}","templated":true}]}}