{"id":18951,"date":"2025-09-19T23:22:30","date_gmt":"2025-09-19T21:22:30","guid":{"rendered":"https:\/\/www.sempertea.eu\/genmaicha-gruen-bio-tee-kompostierbare-pyramiden-lose\/"},"modified":"2025-09-21T00:16:27","modified_gmt":"2025-09-20T22:16:27","slug":"genmaicha-gruener-bio-tee-pyramiden-lose","status":"publish","type":"product","link":"https:\/\/www.sempertea.eu\/de\/Produkte\/genmaicha-gruener-bio-tee-pyramiden-lose\/","title":{"rendered":"GENMAICHA GR\u00dcN Bio Tee | Kompostierbare Pyramiden lose"},"content":{"rendered":"<h2>Was ist Genmaicha?<\/h2>\n<p>Genmaicha ist ein traditioneller japanischer Gr\u00fcntee, veredelt mit ger\u00f6stetem Getreide. Sein mildes, nussiges Aroma mit pflanzlichen Noten macht ihn besonders angenehm und einzigartig im Geschmack. In Japan gesch\u00e4tzt wegen seiner ausgewogenen Wirkung und des milden Koffeingehalts.<\/p>\n<h3>Kompostierbare Pyramiden, plastikfrei<\/h3>\n<p>Unsere Pyramiden bestehen aus pflanzlichen, kompostierbaren Materialien \u2014 ohne Kunststoff oder Nylon. Jede Pyramide bewahrt die Frische der ganzen Teeblattbl\u00e4tter, w\u00e4hrend sie gleichzeitig umweltbewusst ist. Ideal f\u00fcr Unternehmen und private Genie\u00dfer, die Nachhaltigkeit und echten Geschmack verlangen.<\/p>\n<h4>Gro\u00dfformat f\u00fcr Gastronomie &amp; Privatgebrauch<\/h4>\n<p>Lose geliefert mit kompostierbaren Pyramiden\u2011Beuteln eignet sich dieser Tee f\u00fcr Buffets in Hotels, Caf\u00e9s, Wellnessbereiche, Fachgesch\u00e4fte oder Home\u2011Brewer. Flexibles Abmessen, wenig Abfall und volle Wirkung bei Pr\u00e4sentation.<\/p>\n","protected":false},"excerpt":{"rendered":"<p data-start=\"443\" data-end=\"527\"><strong data-start=\"443\" data-end=\"527\">Premium Erlebnis vom ersten Schluck an<\/strong><\/p>\n<p data-start=\"1790\" data-end=\"1933\">Unser Bio Genmaicha vereint hochwertigen gr\u00fcnen Tee aus Japan mit ger\u00f6stetem Vollkorn\u2011Reis in jeder kompostierbaren Pyramide. Perfekt f\u00fcr Profis im Gastgewerbe und f\u00fcr alle, die \u00f6kologischen Genuss sch\u00e4tzen.<\/p>\n<p data-start=\"1790\" data-end=\"1933\">Die Pyramiden sind plastikfrei und bestehen aus kompostierbaren Materialien, die Blattqualit\u00e4t bleibt erhalten. Ideal f\u00fcr Gro\u00dfverbrauch, reduzierten Abfall, geeignet f\u00fcr Caf\u00e9s, Brunch\u00adMen\u00fcs, Teefachgesch\u00e4fte oder zuhause.<\/p>\n","protected":false},"featured_media":18913,"comment_status":"open","ping_status":"closed","template":"","meta":[],"product_brand":[],"product_cat":[115,116,114,110,124,119,128,108,135],"product_tag":[],"class_list":{"0":"post-18951","1":"product","2":"type-product","3":"status-publish","4":"has-post-thumbnail","6":"product_cat-alle-de","7":"product_cat-alle-de-2","8":"product_cat-alle","9":"product_cat-biologisch-abbaubare-pyramide-teebeutel-biotee-kompostierbar","10":"product_cat-teesortiment-formate-packaging-attraktiv-biotees-verpackung","11":"product_cat-grunen-tee-bio-online-bestellen-lose-teubeutel","12":"product_cat-teebeutel-ohne-mikroplastik-plastikfreie-teepyramiden","13":"product_cat-sortiment-tee-packaging-verpackung-attraktiv-biotees-design","14":"product_cat-uncategorized-de","16":"first","17":"instock","18":"shipping-taxable","19":"purchasable","20":"product-type-variable"},"yoast_head":"<!-- This site is optimized with the Yoast SEO Premium plugin v27.3 (Yoast SEO v27.3) - https:\/\/yoast.com\/product\/yoast-seo-premium-wordpress\/ -->\n<title>Bio Genmaicha Tee | Kompostierbare Teepyramiden lose bestellen<\/title>\n<meta name=\"description\" content=\"Bio Genmaicha mit ger\u00f6stetem Reis, in kompostierbaren Pyramiden. Ideal f\u00fcr Gastronomie, Caf\u00e9s oder den bewussten Teekenner. Mild und nachhaltig.\" \/>\n<meta name=\"robots\" content=\"index, follow, max-snippet:-1, max-image-preview:large, max-video-preview:-1\" \/>\n<link rel=\"canonical\" href=\"https:\/\/www.sempertea.eu\/de\/Produkte\/genmaicha-gruener-bio-tee-pyramiden-lose\/\" \/>\n<meta property=\"og:locale\" content=\"de_DE\" \/>\n<meta property=\"og:type\" content=\"article\" \/>\n<meta property=\"og:title\" content=\"GENMAICHA GR\u00dcN Bio Tee | Kompostierbare Pyramiden lose\" \/>\n<meta property=\"og:description\" content=\"Bio Genmaicha mit ger\u00f6stetem Reis, in kompostierbaren Pyramiden. Ideal f\u00fcr Gastronomie, Caf\u00e9s oder den bewussten Teekenner. Mild und nachhaltig.\" \/>\n<meta property=\"og:url\" content=\"https:\/\/www.sempertea.eu\/de\/Produkte\/genmaicha-gruener-bio-tee-pyramiden-lose\/\" \/>\n<meta property=\"og:site_name\" content=\"Semper Tea | Mayorista y fabricante de T\u00e9s e Infusiones para hoteles, restaurantes y bares\" \/>\n<meta property=\"article:modified_time\" content=\"2025-09-20T22:16:27+00:00\" \/>\n<meta property=\"og:image\" content=\"https:\/\/www.sempertea.eu\/wp-content\/uploads\/2025\/09\/genmaicha-te-verde-piramides-granel-semper-tea.jpg\" \/>\n\t<meta property=\"og:image:width\" content=\"1000\" \/>\n\t<meta property=\"og:image:height\" content=\"1000\" \/>\n\t<meta property=\"og:image:type\" content=\"image\/jpeg\" \/>\n<meta name=\"twitter:card\" content=\"summary_large_image\" \/>\n<meta name=\"twitter:label1\" content=\"Gesch\u00e4tzte Lesezeit\" \/>\n\t<meta name=\"twitter:data1\" content=\"1\u00a0Minute\" \/>\n<script type=\"application\/ld+json\" class=\"yoast-schema-graph\">{\"@context\":\"https:\\\/\\\/schema.org\",\"@graph\":[{\"@type\":\"WebPage\",\"@id\":\"https:\\\/\\\/www.sempertea.eu\\\/de\\\/Produkte\\\/genmaicha-gruener-bio-tee-pyramiden-lose\\\/\",\"url\":\"https:\\\/\\\/www.sempertea.eu\\\/de\\\/Produkte\\\/genmaicha-gruener-bio-tee-pyramiden-lose\\\/\",\"name\":\"Bio Genmaicha Tee | Kompostierbare Teepyramiden lose bestellen\",\"isPartOf\":{\"@id\":\"https:\\\/\\\/www.sempertea.eu\\\/#website\"},\"primaryImageOfPage\":{\"@id\":\"https:\\\/\\\/www.sempertea.eu\\\/de\\\/Produkte\\\/genmaicha-gruener-bio-tee-pyramiden-lose\\\/#primaryimage\"},\"image\":{\"@id\":\"https:\\\/\\\/www.sempertea.eu\\\/de\\\/Produkte\\\/genmaicha-gruener-bio-tee-pyramiden-lose\\\/#primaryimage\"},\"thumbnailUrl\":\"https:\\\/\\\/www.sempertea.eu\\\/wp-content\\\/uploads\\\/2025\\\/09\\\/genmaicha-te-verde-piramides-granel-semper-tea.jpg\",\"datePublished\":\"2025-09-19T21:22:30+00:00\",\"dateModified\":\"2025-09-20T22:16:27+00:00\",\"description\":\"Bio Genmaicha mit ger\u00f6stetem Reis, in kompostierbaren Pyramiden. Ideal f\u00fcr Gastronomie, Caf\u00e9s oder den bewussten Teekenner. Mild und nachhaltig.\",\"breadcrumb\":{\"@id\":\"https:\\\/\\\/www.sempertea.eu\\\/de\\\/Produkte\\\/genmaicha-gruener-bio-tee-pyramiden-lose\\\/#breadcrumb\"},\"inLanguage\":\"de\",\"potentialAction\":[{\"@type\":\"ReadAction\",\"target\":[\"https:\\\/\\\/www.sempertea.eu\\\/de\\\/Produkte\\\/genmaicha-gruener-bio-tee-pyramiden-lose\\\/\"]}]},{\"@type\":\"ImageObject\",\"inLanguage\":\"de\",\"@id\":\"https:\\\/\\\/www.sempertea.eu\\\/de\\\/Produkte\\\/genmaicha-gruener-bio-tee-pyramiden-lose\\\/#primaryimage\",\"url\":\"https:\\\/\\\/www.sempertea.eu\\\/wp-content\\\/uploads\\\/2025\\\/09\\\/genmaicha-te-verde-piramides-granel-semper-tea.jpg\",\"contentUrl\":\"https:\\\/\\\/www.sempertea.eu\\\/wp-content\\\/uploads\\\/2025\\\/09\\\/genmaicha-te-verde-piramides-granel-semper-tea.jpg\",\"width\":1000,\"height\":1000,\"caption\":\"Genmaicha en pir\u00e1mides compostables a granel\"},{\"@type\":\"BreadcrumbList\",\"@id\":\"https:\\\/\\\/www.sempertea.eu\\\/de\\\/Produkte\\\/genmaicha-gruener-bio-tee-pyramiden-lose\\\/#breadcrumb\",\"itemListElement\":[{\"@type\":\"ListItem\",\"position\":1,\"name\":\"Portada\",\"item\":\"https:\\\/\\\/www.sempertea.eu\\\/de\\\/\"},{\"@type\":\"ListItem\",\"position\":2,\"name\":\"Shop\",\"item\":\"https:\\\/\\\/www.sempertea.eu\\\/de\\\/shop\\\/\"},{\"@type\":\"ListItem\",\"position\":3,\"name\":\"GENMAICHA GR\u00dcN Bio Tee | Kompostierbare Pyramiden lose\"}]},{\"@type\":\"WebSite\",\"@id\":\"https:\\\/\\\/www.sempertea.eu\\\/#website\",\"url\":\"https:\\\/\\\/www.sempertea.eu\\\/\",\"name\":\"Semper Tea | Mayorista y fabricante de T\u00e9s e Infusiones para hoteles, restaurantes y bares\",\"description\":\"T\u00e9s e infusiones para hosteler\u00eda, hoteler\u00eda y comercio\",\"potentialAction\":[{\"@type\":\"SearchAction\",\"target\":{\"@type\":\"EntryPoint\",\"urlTemplate\":\"https:\\\/\\\/www.sempertea.eu\\\/?s={search_term_string}\"},\"query-input\":{\"@type\":\"PropertyValueSpecification\",\"valueRequired\":true,\"valueName\":\"search_term_string\"}}],\"inLanguage\":\"de\"}]}<\/script>\n<!-- \/ Yoast SEO Premium plugin. -->","yoast_head_json":{"title":"Bio Genmaicha Tee | Kompostierbare Teepyramiden lose bestellen","description":"Bio Genmaicha mit ger\u00f6stetem Reis, in kompostierbaren Pyramiden. Ideal f\u00fcr Gastronomie, Caf\u00e9s oder den bewussten Teekenner. Mild und nachhaltig.","robots":{"index":"index","follow":"follow","max-snippet":"max-snippet:-1","max-image-preview":"max-image-preview:large","max-video-preview":"max-video-preview:-1"},"canonical":"https:\/\/www.sempertea.eu\/de\/Produkte\/genmaicha-gruener-bio-tee-pyramiden-lose\/","og_locale":"de_DE","og_type":"article","og_title":"GENMAICHA GR\u00dcN Bio Tee | Kompostierbare Pyramiden lose","og_description":"Bio Genmaicha mit ger\u00f6stetem Reis, in kompostierbaren Pyramiden. Ideal f\u00fcr Gastronomie, Caf\u00e9s oder den bewussten Teekenner. Mild und nachhaltig.","og_url":"https:\/\/www.sempertea.eu\/de\/Produkte\/genmaicha-gruener-bio-tee-pyramiden-lose\/","og_site_name":"Semper Tea | Mayorista y fabricante de T\u00e9s e Infusiones para hoteles, restaurantes y bares","article_modified_time":"2025-09-20T22:16:27+00:00","og_image":[{"width":1000,"height":1000,"url":"https:\/\/www.sempertea.eu\/wp-content\/uploads\/2025\/09\/genmaicha-te-verde-piramides-granel-semper-tea.jpg","type":"image\/jpeg"}],"twitter_card":"summary_large_image","twitter_misc":{"Gesch\u00e4tzte Lesezeit":"1\u00a0Minute"},"schema":{"@context":"https:\/\/schema.org","@graph":[{"@type":"WebPage","@id":"https:\/\/www.sempertea.eu\/de\/Produkte\/genmaicha-gruener-bio-tee-pyramiden-lose\/","url":"https:\/\/www.sempertea.eu\/de\/Produkte\/genmaicha-gruener-bio-tee-pyramiden-lose\/","name":"Bio Genmaicha Tee | Kompostierbare Teepyramiden lose bestellen","isPartOf":{"@id":"https:\/\/www.sempertea.eu\/#website"},"primaryImageOfPage":{"@id":"https:\/\/www.sempertea.eu\/de\/Produkte\/genmaicha-gruener-bio-tee-pyramiden-lose\/#primaryimage"},"image":{"@id":"https:\/\/www.sempertea.eu\/de\/Produkte\/genmaicha-gruener-bio-tee-pyramiden-lose\/#primaryimage"},"thumbnailUrl":"https:\/\/www.sempertea.eu\/wp-content\/uploads\/2025\/09\/genmaicha-te-verde-piramides-granel-semper-tea.jpg","datePublished":"2025-09-19T21:22:30+00:00","dateModified":"2025-09-20T22:16:27+00:00","description":"Bio Genmaicha mit ger\u00f6stetem Reis, in kompostierbaren Pyramiden. Ideal f\u00fcr Gastronomie, Caf\u00e9s oder den bewussten Teekenner. Mild und nachhaltig.","breadcrumb":{"@id":"https:\/\/www.sempertea.eu\/de\/Produkte\/genmaicha-gruener-bio-tee-pyramiden-lose\/#breadcrumb"},"inLanguage":"de","potentialAction":[{"@type":"ReadAction","target":["https:\/\/www.sempertea.eu\/de\/Produkte\/genmaicha-gruener-bio-tee-pyramiden-lose\/"]}]},{"@type":"ImageObject","inLanguage":"de","@id":"https:\/\/www.sempertea.eu\/de\/Produkte\/genmaicha-gruener-bio-tee-pyramiden-lose\/#primaryimage","url":"https:\/\/www.sempertea.eu\/wp-content\/uploads\/2025\/09\/genmaicha-te-verde-piramides-granel-semper-tea.jpg","contentUrl":"https:\/\/www.sempertea.eu\/wp-content\/uploads\/2025\/09\/genmaicha-te-verde-piramides-granel-semper-tea.jpg","width":1000,"height":1000,"caption":"Genmaicha en pir\u00e1mides compostables a granel"},{"@type":"BreadcrumbList","@id":"https:\/\/www.sempertea.eu\/de\/Produkte\/genmaicha-gruener-bio-tee-pyramiden-lose\/#breadcrumb","itemListElement":[{"@type":"ListItem","position":1,"name":"Portada","item":"https:\/\/www.sempertea.eu\/de\/"},{"@type":"ListItem","position":2,"name":"Shop","item":"https:\/\/www.sempertea.eu\/de\/shop\/"},{"@type":"ListItem","position":3,"name":"GENMAICHA GR\u00dcN Bio Tee | Kompostierbare Pyramiden lose"}]},{"@type":"WebSite","@id":"https:\/\/www.sempertea.eu\/#website","url":"https:\/\/www.sempertea.eu\/","name":"Semper Tea | Mayorista y fabricante de T\u00e9s e Infusiones para hoteles, restaurantes y bares","description":"T\u00e9s e infusiones para hosteler\u00eda, hoteler\u00eda y comercio","potentialAction":[{"@type":"SearchAction","target":{"@type":"EntryPoint","urlTemplate":"https:\/\/www.sempertea.eu\/?s={search_term_string}"},"query-input":{"@type":"PropertyValueSpecification","valueRequired":true,"valueName":"search_term_string"}}],"inLanguage":"de"}]}},"_links":{"self":[{"href":"https:\/\/www.sempertea.eu\/de\/wp-json\/wp\/v2\/product\/18951","targetHints":{"allow":["GET"]}}],"collection":[{"href":"https:\/\/www.sempertea.eu\/de\/wp-json\/wp\/v2\/product"}],"about":[{"href":"https:\/\/www.sempertea.eu\/de\/wp-json\/wp\/v2\/types\/product"}],"replies":[{"embeddable":true,"href":"https:\/\/www.sempertea.eu\/de\/wp-json\/wp\/v2\/comments?post=18951"}],"wp:featuredmedia":[{"embeddable":true,"href":"https:\/\/www.sempertea.eu\/de\/wp-json\/wp\/v2\/media\/18913"}],"wp:attachment":[{"href":"https:\/\/www.sempertea.eu\/de\/wp-json\/wp\/v2\/media?parent=18951"}],"wp:term":[{"taxonomy":"product_brand","embeddable":true,"href":"https:\/\/www.sempertea.eu\/de\/wp-json\/wp\/v2\/product_brand?post=18951"},{"taxonomy":"product_cat","embeddable":true,"href":"https:\/\/www.sempertea.eu\/de\/wp-json\/wp\/v2\/product_cat?post=18951"},{"taxonomy":"product_tag","embeddable":true,"href":"https:\/\/www.sempertea.eu\/de\/wp-json\/wp\/v2\/product_tag?post=18951"}],"curies":[{"name":"wp","href":"https:\/\/api.w.org\/{rel}","templated":true}]}}