{"id":18700,"date":"2025-09-02T21:20:06","date_gmt":"2025-09-02T19:20:06","guid":{"rendered":"https:\/\/www.sempertea.eu\/genmaicha-gruen-tee-bio-japanischer-tee-mit-geroestetem-reis\/"},"modified":"2025-09-02T22:31:31","modified_gmt":"2025-09-02T20:31:31","slug":"bester-genmaicha-gruen-tee-bio","status":"publish","type":"product","link":"https:\/\/www.sempertea.eu\/de\/Produkte\/bester-genmaicha-gruen-tee-bio\/","title":{"rendered":"GENMAICHA GR\u00dcN Tee Bio | Japanischer Tee mit ger\u00f6stetem Reis"},"content":{"rendered":"<h2>Genmaicha Bio Gr\u00fcntee Japanisch<\/h2>\n<p>Genmaicha ist ein japanischer Bio Gr\u00fcntee mit ger\u00f6stetem Vollkornreis \u2013 <strong>eine traditionelle Mischung, die milde Noten mit einem feinen, ger\u00f6steten Geschmack vereint<\/strong>. Durch seinen niedrigen Koffeingehalt ist dieser Genmaicha Tee ideal f\u00fcr alle, die einen wohltuenden Aufguss mit jahrtausendealten Wurzeln in der japanischen Teekultur suchen.<\/p>\n<h3>Gr\u00fcner Tee mit ger\u00f6stetem Reis<\/h3>\n<p>Dieser Bio Genmaicha im 55 g Glas ist ideal f\u00fcr <strong>Gourmetgesch\u00e4fte, Teeh\u00e4user, Concept Stores oder als Teil eines Premium-Geschenksets.<\/strong> Das Glas sch\u00fctzt die ganzen Bl\u00e4tter vor Licht und Feuchtigkeit, bewahrt ihr nat\u00fcrliches Aroma und spiegelt das Engagement f\u00fcr Qualit\u00e4t und Nachhaltigkeit wider.<\/p>\n<h4>Koffeinarm, Nat\u00fcrlich &amp; Authentisch im Glas<\/h4>\n<p>Hergestellt aus biologisch angebautem Gr\u00fcntee, frei von <strong>Pestiziden und Mikroplastik<\/strong>, bietet <strong>Genmaicha<\/strong> ein ausgewogenes Erlebnis aus japanischer Tradition, authentischem Geschmack und Umweltbewusstsein.<\/p>\n<p>Ideal f\u00fcr<\/p>\n<ul>\n<li>Concept Stores und Feinkostgesch\u00e4fte<\/li>\n<li>Hotels, Wellness-Spas und exklusive Geschenksets<\/li>\n<li>Kr\u00e4utergesch\u00e4fte und Fachh\u00e4ndler mit biologischer Auswahl<\/li>\n<\/ul>\n","protected":false},"excerpt":{"rendered":"<p data-start=\"3511\" data-end=\"3651\"><strong>Bio Genmaicha: Japanischer Gr\u00fcntee mit ger\u00f6stetem Reis \u2013 authentisch, mild und voll im Geschmack<\/strong><\/p>\n<p data-start=\"3511\" data-end=\"3651\">Bio im Glas. Authentischer japanischer Gr\u00fcntee mit ger\u00f6stetem Reis, mild und ausgewogen im Geschmack. Premium-Pr\u00e4sentation, plastikfrei und elegant gestaltet \u2013 ideal f\u00fcr Feinkostl\u00e4den oder als perfektes Geschenk.<\/p>\n<h3 data-start=\"3653\" data-end=\"3669\"><\/h3>\n","protected":false},"featured_media":18703,"comment_status":"open","ping_status":"closed","template":"","meta":[],"product_brand":[],"product_cat":[114,115,116,113,129,124,119,108,130,123,135],"product_tag":[],"class_list":{"0":"post-18700","1":"product","2":"type-product","3":"status-publish","4":"has-post-thumbnail","6":"product_cat-alle","7":"product_cat-alle-de","8":"product_cat-alle-de-2","9":"product_cat-biotees-sortiment-online-kaufen","10":"product_cat-crystal-loser-tee-recycle-im-glas-tee-reagenzglas-biotee-nachhaltig","11":"product_cat-teesortiment-formate-packaging-attraktiv-biotees-verpackung","12":"product_cat-grunen-tee-bio-online-bestellen-lose-teubeutel","13":"product_cat-sortiment-tee-packaging-verpackung-attraktiv-biotees-design","14":"product_cat-tee-im-glas-umweltfreundlich-umweltgerecht-verpackung","15":"product_cat-teegeschenke-teekisten-teeideen-teeliebhaber-geschenk-mit-tee","16":"product_cat-uncategorized-de","18":"first","19":"instock","20":"shipping-taxable","21":"purchasable","22":"product-type-simple"},"yoast_head":"<!-- This site is optimized with the Yoast SEO Premium plugin v27.3 (Yoast SEO v27.4) - https:\/\/yoast.com\/product\/yoast-seo-premium-wordpress\/ -->\n<title>Bester GENMAICHA GR\u00dcN Tee | Japanisch mit ger\u00f6stetem Reis<\/title>\n<meta name=\"description\" content=\"Bio Genmaicha: Japanischer Gr\u00fcntee mit ger\u00f6stetem Reis. Mild, koffeinarm und authentisch, im Glas verpackt f\u00fcr Frische und Nachhaltigkeit.\" \/>\n<meta name=\"robots\" content=\"index, follow, max-snippet:-1, max-image-preview:large, max-video-preview:-1\" \/>\n<link rel=\"canonical\" href=\"https:\/\/www.sempertea.eu\/de\/Produkte\/bester-genmaicha-gruen-tee-bio\/\" \/>\n<meta property=\"og:locale\" content=\"de_DE\" \/>\n<meta property=\"og:type\" content=\"article\" \/>\n<meta property=\"og:title\" content=\"GENMAICHA GR\u00dcN Tee Bio | Japanischer Tee mit ger\u00f6stetem Reis\" \/>\n<meta property=\"og:description\" content=\"Bio Genmaicha: Japanischer Gr\u00fcntee mit ger\u00f6stetem Reis. Mild, koffeinarm und authentisch, im Glas verpackt f\u00fcr Frische und Nachhaltigkeit.\" \/>\n<meta property=\"og:url\" content=\"https:\/\/www.sempertea.eu\/de\/Produkte\/bester-genmaicha-gruen-tee-bio\/\" \/>\n<meta property=\"og:site_name\" content=\"Semper Tea | Mayorista y fabricante de T\u00e9s e Infusiones para hoteles, restaurantes y bares\" \/>\n<meta property=\"article:modified_time\" content=\"2025-09-02T20:31:31+00:00\" \/>\n<meta property=\"og:image\" content=\"https:\/\/www.sempertea.eu\/wp-content\/uploads\/2025\/09\/genmaicha-tee-online-kaufen-sempertea.jpg\" \/>\n\t<meta property=\"og:image:width\" content=\"1000\" \/>\n\t<meta property=\"og:image:height\" content=\"1000\" \/>\n\t<meta property=\"og:image:type\" content=\"image\/jpeg\" \/>\n<meta name=\"twitter:card\" content=\"summary_large_image\" \/>\n<meta name=\"twitter:label1\" content=\"Gesch\u00e4tzte Lesezeit\" \/>\n\t<meta name=\"twitter:data1\" content=\"1\u00a0Minute\" \/>\n<script type=\"application\/ld+json\" class=\"yoast-schema-graph\">{\"@context\":\"https:\\\/\\\/schema.org\",\"@graph\":[{\"@type\":\"WebPage\",\"@id\":\"https:\\\/\\\/www.sempertea.eu\\\/de\\\/Produkte\\\/bester-genmaicha-gruen-tee-bio\\\/\",\"url\":\"https:\\\/\\\/www.sempertea.eu\\\/de\\\/Produkte\\\/bester-genmaicha-gruen-tee-bio\\\/\",\"name\":\"Bester GENMAICHA GR\u00dcN Tee | Japanisch mit ger\u00f6stetem Reis\",\"isPartOf\":{\"@id\":\"https:\\\/\\\/www.sempertea.eu\\\/#website\"},\"primaryImageOfPage\":{\"@id\":\"https:\\\/\\\/www.sempertea.eu\\\/de\\\/Produkte\\\/bester-genmaicha-gruen-tee-bio\\\/#primaryimage\"},\"image\":{\"@id\":\"https:\\\/\\\/www.sempertea.eu\\\/de\\\/Produkte\\\/bester-genmaicha-gruen-tee-bio\\\/#primaryimage\"},\"thumbnailUrl\":\"https:\\\/\\\/www.sempertea.eu\\\/wp-content\\\/uploads\\\/2025\\\/09\\\/genmaicha-tee-online-kaufen-sempertea.jpg\",\"datePublished\":\"2025-09-02T19:20:06+00:00\",\"dateModified\":\"2025-09-02T20:31:31+00:00\",\"description\":\"Bio Genmaicha: Japanischer Gr\u00fcntee mit ger\u00f6stetem Reis. Mild, koffeinarm und authentisch, im Glas verpackt f\u00fcr Frische und Nachhaltigkeit.\",\"breadcrumb\":{\"@id\":\"https:\\\/\\\/www.sempertea.eu\\\/de\\\/Produkte\\\/bester-genmaicha-gruen-tee-bio\\\/#breadcrumb\"},\"inLanguage\":\"de\",\"potentialAction\":[{\"@type\":\"ReadAction\",\"target\":[\"https:\\\/\\\/www.sempertea.eu\\\/de\\\/Produkte\\\/bester-genmaicha-gruen-tee-bio\\\/\"]}]},{\"@type\":\"ImageObject\",\"inLanguage\":\"de\",\"@id\":\"https:\\\/\\\/www.sempertea.eu\\\/de\\\/Produkte\\\/bester-genmaicha-gruen-tee-bio\\\/#primaryimage\",\"url\":\"https:\\\/\\\/www.sempertea.eu\\\/wp-content\\\/uploads\\\/2025\\\/09\\\/genmaicha-tee-online-kaufen-sempertea.jpg\",\"contentUrl\":\"https:\\\/\\\/www.sempertea.eu\\\/wp-content\\\/uploads\\\/2025\\\/09\\\/genmaicha-tee-online-kaufen-sempertea.jpg\",\"width\":1000,\"height\":1000,\"caption\":\"Genmaicha Tee Kaufen | Bio Gr\u00fcntee Lose im Glas\"},{\"@type\":\"BreadcrumbList\",\"@id\":\"https:\\\/\\\/www.sempertea.eu\\\/de\\\/Produkte\\\/bester-genmaicha-gruen-tee-bio\\\/#breadcrumb\",\"itemListElement\":[{\"@type\":\"ListItem\",\"position\":1,\"name\":\"Portada\",\"item\":\"https:\\\/\\\/www.sempertea.eu\\\/de\\\/\"},{\"@type\":\"ListItem\",\"position\":2,\"name\":\"Shop\",\"item\":\"https:\\\/\\\/www.sempertea.eu\\\/de\\\/shop\\\/\"},{\"@type\":\"ListItem\",\"position\":3,\"name\":\"GENMAICHA GR\u00dcN Tee Bio | Japanischer Tee mit ger\u00f6stetem Reis\"}]},{\"@type\":\"WebSite\",\"@id\":\"https:\\\/\\\/www.sempertea.eu\\\/#website\",\"url\":\"https:\\\/\\\/www.sempertea.eu\\\/\",\"name\":\"Semper Tea | Mayorista y fabricante de T\u00e9s e Infusiones para hoteles, restaurantes y bares\",\"description\":\"T\u00e9s e infusiones para hosteler\u00eda, hoteler\u00eda y comercio\",\"potentialAction\":[{\"@type\":\"SearchAction\",\"target\":{\"@type\":\"EntryPoint\",\"urlTemplate\":\"https:\\\/\\\/www.sempertea.eu\\\/?s={search_term_string}\"},\"query-input\":{\"@type\":\"PropertyValueSpecification\",\"valueRequired\":true,\"valueName\":\"search_term_string\"}}],\"inLanguage\":\"de\"}]}<\/script>\n<!-- \/ Yoast SEO Premium plugin. -->","yoast_head_json":{"title":"Bester GENMAICHA GR\u00dcN Tee | Japanisch mit ger\u00f6stetem Reis","description":"Bio Genmaicha: Japanischer Gr\u00fcntee mit ger\u00f6stetem Reis. Mild, koffeinarm und authentisch, im Glas verpackt f\u00fcr Frische und Nachhaltigkeit.","robots":{"index":"index","follow":"follow","max-snippet":"max-snippet:-1","max-image-preview":"max-image-preview:large","max-video-preview":"max-video-preview:-1"},"canonical":"https:\/\/www.sempertea.eu\/de\/Produkte\/bester-genmaicha-gruen-tee-bio\/","og_locale":"de_DE","og_type":"article","og_title":"GENMAICHA GR\u00dcN Tee Bio | Japanischer Tee mit ger\u00f6stetem Reis","og_description":"Bio Genmaicha: Japanischer Gr\u00fcntee mit ger\u00f6stetem Reis. Mild, koffeinarm und authentisch, im Glas verpackt f\u00fcr Frische und Nachhaltigkeit.","og_url":"https:\/\/www.sempertea.eu\/de\/Produkte\/bester-genmaicha-gruen-tee-bio\/","og_site_name":"Semper Tea | Mayorista y fabricante de T\u00e9s e Infusiones para hoteles, restaurantes y bares","article_modified_time":"2025-09-02T20:31:31+00:00","og_image":[{"width":1000,"height":1000,"url":"https:\/\/www.sempertea.eu\/wp-content\/uploads\/2025\/09\/genmaicha-tee-online-kaufen-sempertea.jpg","type":"image\/jpeg"}],"twitter_card":"summary_large_image","twitter_misc":{"Gesch\u00e4tzte Lesezeit":"1\u00a0Minute"},"schema":{"@context":"https:\/\/schema.org","@graph":[{"@type":"WebPage","@id":"https:\/\/www.sempertea.eu\/de\/Produkte\/bester-genmaicha-gruen-tee-bio\/","url":"https:\/\/www.sempertea.eu\/de\/Produkte\/bester-genmaicha-gruen-tee-bio\/","name":"Bester GENMAICHA GR\u00dcN Tee | Japanisch mit ger\u00f6stetem Reis","isPartOf":{"@id":"https:\/\/www.sempertea.eu\/#website"},"primaryImageOfPage":{"@id":"https:\/\/www.sempertea.eu\/de\/Produkte\/bester-genmaicha-gruen-tee-bio\/#primaryimage"},"image":{"@id":"https:\/\/www.sempertea.eu\/de\/Produkte\/bester-genmaicha-gruen-tee-bio\/#primaryimage"},"thumbnailUrl":"https:\/\/www.sempertea.eu\/wp-content\/uploads\/2025\/09\/genmaicha-tee-online-kaufen-sempertea.jpg","datePublished":"2025-09-02T19:20:06+00:00","dateModified":"2025-09-02T20:31:31+00:00","description":"Bio Genmaicha: Japanischer Gr\u00fcntee mit ger\u00f6stetem Reis. Mild, koffeinarm und authentisch, im Glas verpackt f\u00fcr Frische und Nachhaltigkeit.","breadcrumb":{"@id":"https:\/\/www.sempertea.eu\/de\/Produkte\/bester-genmaicha-gruen-tee-bio\/#breadcrumb"},"inLanguage":"de","potentialAction":[{"@type":"ReadAction","target":["https:\/\/www.sempertea.eu\/de\/Produkte\/bester-genmaicha-gruen-tee-bio\/"]}]},{"@type":"ImageObject","inLanguage":"de","@id":"https:\/\/www.sempertea.eu\/de\/Produkte\/bester-genmaicha-gruen-tee-bio\/#primaryimage","url":"https:\/\/www.sempertea.eu\/wp-content\/uploads\/2025\/09\/genmaicha-tee-online-kaufen-sempertea.jpg","contentUrl":"https:\/\/www.sempertea.eu\/wp-content\/uploads\/2025\/09\/genmaicha-tee-online-kaufen-sempertea.jpg","width":1000,"height":1000,"caption":"Genmaicha Tee Kaufen | Bio Gr\u00fcntee Lose im Glas"},{"@type":"BreadcrumbList","@id":"https:\/\/www.sempertea.eu\/de\/Produkte\/bester-genmaicha-gruen-tee-bio\/#breadcrumb","itemListElement":[{"@type":"ListItem","position":1,"name":"Portada","item":"https:\/\/www.sempertea.eu\/de\/"},{"@type":"ListItem","position":2,"name":"Shop","item":"https:\/\/www.sempertea.eu\/de\/shop\/"},{"@type":"ListItem","position":3,"name":"GENMAICHA GR\u00dcN Tee Bio | Japanischer Tee mit ger\u00f6stetem Reis"}]},{"@type":"WebSite","@id":"https:\/\/www.sempertea.eu\/#website","url":"https:\/\/www.sempertea.eu\/","name":"Semper Tea | Mayorista y fabricante de T\u00e9s e Infusiones para hoteles, restaurantes y bares","description":"T\u00e9s e infusiones para hosteler\u00eda, hoteler\u00eda y comercio","potentialAction":[{"@type":"SearchAction","target":{"@type":"EntryPoint","urlTemplate":"https:\/\/www.sempertea.eu\/?s={search_term_string}"},"query-input":{"@type":"PropertyValueSpecification","valueRequired":true,"valueName":"search_term_string"}}],"inLanguage":"de"}]}},"_links":{"self":[{"href":"https:\/\/www.sempertea.eu\/de\/wp-json\/wp\/v2\/product\/18700","targetHints":{"allow":["GET"]}}],"collection":[{"href":"https:\/\/www.sempertea.eu\/de\/wp-json\/wp\/v2\/product"}],"about":[{"href":"https:\/\/www.sempertea.eu\/de\/wp-json\/wp\/v2\/types\/product"}],"replies":[{"embeddable":true,"href":"https:\/\/www.sempertea.eu\/de\/wp-json\/wp\/v2\/comments?post=18700"}],"wp:featuredmedia":[{"embeddable":true,"href":"https:\/\/www.sempertea.eu\/de\/wp-json\/wp\/v2\/media\/18703"}],"wp:attachment":[{"href":"https:\/\/www.sempertea.eu\/de\/wp-json\/wp\/v2\/media?parent=18700"}],"wp:term":[{"taxonomy":"product_brand","embeddable":true,"href":"https:\/\/www.sempertea.eu\/de\/wp-json\/wp\/v2\/product_brand?post=18700"},{"taxonomy":"product_cat","embeddable":true,"href":"https:\/\/www.sempertea.eu\/de\/wp-json\/wp\/v2\/product_cat?post=18700"},{"taxonomy":"product_tag","embeddable":true,"href":"https:\/\/www.sempertea.eu\/de\/wp-json\/wp\/v2\/product_tag?post=18700"}],"curies":[{"name":"wp","href":"https:\/\/api.w.org\/{rel}","templated":true}]}}