{"id":18429,"date":"2025-08-16T20:01:33","date_gmt":"2025-08-16T18:01:33","guid":{"rendered":"https:\/\/www.sempertea.eu\/fruechtekorb-bio-fruechtetee-lose-hibiskus-hagebutte-apfel-erdbeere-koffeinfrei-nachhaltig\/"},"modified":"2025-08-17T18:10:58","modified_gmt":"2025-08-17T16:10:58","slug":"bio-fruechtetee-lose-hibiskus-hagebutte-apfel-erdbeere","status":"publish","type":"product","link":"https:\/\/www.sempertea.eu\/de\/Produkte\/bio-fruechtetee-lose-hibiskus-hagebutte-apfel-erdbeere\/","title":{"rendered":"FR\u00dcCHTEKORB Bio-Fr\u00fcchtetee lose | Hibiskus, Hagebutte, Apfel &amp; Erdbeere | Koffeinfrei &amp; nachhaltig"},"content":{"rendered":"<h2>Premium-Zutaten in jeder Mischung<\/h2>\n<p>Der<strong> Bio-Fr\u00fcchtetee Fr\u00fcchtekorb los<\/strong>e von Semper Tea \u00fcberzeugt durch seine aromatische Intensit\u00e4t und seine leuchtenden Farben. Jede Mischung vereint sorgf\u00e4ltig ausgew\u00e4hlte Zutaten wie Hibiskus, von Natur aus reich an Vitamin C, und Hagebutte, die Frische und eine feine S\u00e4ure verleihen. Das Ergebnis ist ein koffeinfreier Fr\u00fcchteaufguss, der sich wunderbar hei\u00df an kalten Tagen oder als erfrischender Sommer-Eistee genie\u00dfen l\u00e4sst.<\/p>\n<h3>Fr\u00fcchtetee oder Fr\u00fcchteaufguss?<\/h3>\n<p>Obwohl man ihn oft Fr\u00fcchtetee nennt, enth\u00e4lt er keine Bl\u00e4tter der Camellia-sinensis-Pflanze. Das bedeutet, der Fr\u00fcchtekorb Bio-Fr\u00fcchtetee lose ist ein nat\u00fcrlicher Fr\u00fcchteaufguss ohne Tein, perfekt f\u00fcr jede Tageszeit und ideal f\u00fcr die ganze Familie.<\/p>\n<h4>Eine gesunde und nachhaltige Wahl<\/h4>\n<p>Obwohl man ihn oft Fr\u00fcchtetee nennt, enth\u00e4lt er keine Bl\u00e4tter der Camellia-sinensis-Pflanze. Das bedeutet, der Fr\u00fcchtekorb Bio-Fr\u00fcchtetee lose ist ein nat\u00fcrlicher Fr\u00fcchteaufguss ohne Tein, perfekt f\u00fcr jede Tageszeit und ideal f\u00fcr die ganze Familie.<\/p>\n<p>Bei Semper Tea entwickeln wir Fr\u00fcchtekorb Bio-Fr\u00fcchtetee lose, verpackt in plastikfreien Kraftpapierbeuteln, die das Aroma bewahren und die Frische garantieren. Eine umweltfreundliche Wahl \u2013 praktisch sowohl f\u00fcr Caf\u00e9s, Hotels, Restaurants (Horeca) als auch f\u00fcr alle, die Premium-Qualit\u00e4t zuhause oder im Fachhandel suchen.<\/p>\n<h5>Eine gesunde und nachhaltige Wahl<\/h5>\n<p>Der Bio-Fr\u00fcchtetee Fr\u00fcchtekorb lose ist eine nat\u00fcrliche Alternative zu koffeinhaltigen Getr\u00e4nken.<\/p>\n<p>Kalt: als loser Eistee zubereitet, die perfekte Erfrischung mit einer gesunden und nat\u00fcrlichen Note.<\/p>\n<p>Hei\u00df: eine aromatische, fruchtige Tasse f\u00fcr entspannte Momente.<\/p>\n","protected":false},"excerpt":{"rendered":"<p><strong>Fruchtiger und erfrischender Tee \u2013 ohne Tein und 100 % nat\u00fcrlich<\/strong><\/p>\n<p><strong>K\u00f6stliche Mischung aus Bio-Fr\u00fcchten<\/strong>, hergestellt mit nat\u00fcrlichen Zutaten wie <strong>Hibiskus, Hagebutte, Apfel und Erdbeere<\/strong>. Ihr intensiver und erfrischender Geschmack macht sie zur idealen Wahl f\u00fcr jeden Moment des Tages. <strong>Koffeinfrei und reich an Vitaminen<\/strong> \u2013 perfekt f\u00fcr alle, die ein gesundes und aromatisches Getr\u00e4nk suchen. Genie\u00dfe diesen fruchtigen Bio-Aufguss und erlebe seinen einzigartigen Geschmack!<\/p>\n","protected":false},"featured_media":16119,"comment_status":"open","ping_status":"closed","template":"","meta":[],"product_brand":[],"product_cat":[379,115,116,114,113,124,118,127,108,135],"product_tag":[],"class_list":{"0":"post-18429","1":"product","2":"type-product","3":"status-publish","4":"has-post-thumbnail","6":"product_cat-bio-tee-grosshandel-loser-tee","7":"product_cat-alle-de","8":"product_cat-alle-de-2","9":"product_cat-alle","10":"product_cat-biotees-sortiment-online-kaufen","11":"product_cat-teesortiment-formate-packaging-attraktiv-biotees-verpackung","12":"product_cat-fruchtetee-fruchte-biotee-hibiskus-erdbeere-fruchtmischung","13":"product_cat-loser-tee-im-papier-beutel-biotee-in-der-tute-nachhaltig","14":"product_cat-sortiment-tee-packaging-verpackung-attraktiv-biotees-design","15":"product_cat-uncategorized-de","17":"first","18":"instock","19":"shipping-taxable","20":"purchasable","21":"product-type-variable"},"yoast_head":"<!-- This site is optimized with the Yoast SEO Premium plugin v27.3 (Yoast SEO v27.3) - https:\/\/yoast.com\/product\/yoast-seo-premium-wordpress\/ -->\n<title>Bio-Fr\u00fcchtetee lose | Hibiskus Hagebutte Apfel &amp; Erdbeere | Koffeinfrei<\/title>\n<meta name=\"description\" content=\"Genie\u00dfe Bio-Fr\u00fcchtetee lose mit Hibiskus, Hagebutte, Apfel und Erdbeere. Koffeinfrei, voller Vitamine verpackt \u2013 f\u00fcr Horeca, Zuhause und Feinkostl\u00e4den.\" \/>\n<meta name=\"robots\" content=\"index, follow, max-snippet:-1, max-image-preview:large, max-video-preview:-1\" \/>\n<link rel=\"canonical\" href=\"https:\/\/www.sempertea.eu\/de\/Produkte\/bio-fruechtetee-lose-hibiskus-hagebutte-apfel-erdbeere\/\" \/>\n<meta property=\"og:locale\" content=\"de_DE\" \/>\n<meta property=\"og:type\" content=\"article\" \/>\n<meta property=\"og:title\" content=\"FR\u00dcCHTEKORB Bio-Fr\u00fcchtetee lose | Hibiskus, Hagebutte, Apfel &amp; Erdbeere | Koffeinfrei &amp; nachhaltig\" \/>\n<meta property=\"og:description\" content=\"Genie\u00dfe Bio-Fr\u00fcchtetee lose mit Hibiskus, Hagebutte, Apfel und Erdbeere. Koffeinfrei, voller Vitamine verpackt \u2013 f\u00fcr Horeca, Zuhause und Feinkostl\u00e4den.\" \/>\n<meta property=\"og:url\" content=\"https:\/\/www.sempertea.eu\/de\/Produkte\/bio-fruechtetee-lose-hibiskus-hagebutte-apfel-erdbeere\/\" \/>\n<meta property=\"og:site_name\" content=\"Semper Tea | Mayorista y fabricante de T\u00e9s e Infusiones para hoteles, restaurantes y bares\" \/>\n<meta property=\"article:modified_time\" content=\"2025-08-17T16:10:58+00:00\" \/>\n<meta property=\"og:image\" content=\"https:\/\/www.sempertea.eu\/wp-content\/uploads\/2025\/06\/infusion-hibisco-frutas-rojas-granel-ecologica-profesional-semper-tea.jpg\" \/>\n\t<meta property=\"og:image:width\" content=\"750\" \/>\n\t<meta property=\"og:image:height\" content=\"750\" \/>\n\t<meta property=\"og:image:type\" content=\"image\/jpeg\" \/>\n<meta name=\"twitter:card\" content=\"summary_large_image\" \/>\n<meta name=\"twitter:label1\" content=\"Gesch\u00e4tzte Lesezeit\" \/>\n\t<meta name=\"twitter:data1\" content=\"2\u00a0Minuten\" \/>\n<script type=\"application\/ld+json\" class=\"yoast-schema-graph\">{\"@context\":\"https:\\\/\\\/schema.org\",\"@graph\":[{\"@type\":\"WebPage\",\"@id\":\"https:\\\/\\\/www.sempertea.eu\\\/de\\\/Produkte\\\/bio-fruechtetee-lose-hibiskus-hagebutte-apfel-erdbeere\\\/\",\"url\":\"https:\\\/\\\/www.sempertea.eu\\\/de\\\/Produkte\\\/bio-fruechtetee-lose-hibiskus-hagebutte-apfel-erdbeere\\\/\",\"name\":\"Bio-Fr\u00fcchtetee lose | Hibiskus Hagebutte Apfel & Erdbeere | Koffeinfrei\",\"isPartOf\":{\"@id\":\"https:\\\/\\\/www.sempertea.eu\\\/#website\"},\"primaryImageOfPage\":{\"@id\":\"https:\\\/\\\/www.sempertea.eu\\\/de\\\/Produkte\\\/bio-fruechtetee-lose-hibiskus-hagebutte-apfel-erdbeere\\\/#primaryimage\"},\"image\":{\"@id\":\"https:\\\/\\\/www.sempertea.eu\\\/de\\\/Produkte\\\/bio-fruechtetee-lose-hibiskus-hagebutte-apfel-erdbeere\\\/#primaryimage\"},\"thumbnailUrl\":\"https:\\\/\\\/www.sempertea.eu\\\/wp-content\\\/uploads\\\/2025\\\/06\\\/infusion-hibisco-frutas-rojas-granel-ecologica-profesional-semper-tea.jpg\",\"datePublished\":\"2025-08-16T18:01:33+00:00\",\"dateModified\":\"2025-08-17T16:10:58+00:00\",\"description\":\"Genie\u00dfe Bio-Fr\u00fcchtetee lose mit Hibiskus, Hagebutte, Apfel und Erdbeere. Koffeinfrei, voller Vitamine verpackt \u2013 f\u00fcr Horeca, Zuhause und Feinkostl\u00e4den.\",\"breadcrumb\":{\"@id\":\"https:\\\/\\\/www.sempertea.eu\\\/de\\\/Produkte\\\/bio-fruechtetee-lose-hibiskus-hagebutte-apfel-erdbeere\\\/#breadcrumb\"},\"inLanguage\":\"de\",\"potentialAction\":[{\"@type\":\"ReadAction\",\"target\":[\"https:\\\/\\\/www.sempertea.eu\\\/de\\\/Produkte\\\/bio-fruechtetee-lose-hibiskus-hagebutte-apfel-erdbeere\\\/\"]}]},{\"@type\":\"ImageObject\",\"inLanguage\":\"de\",\"@id\":\"https:\\\/\\\/www.sempertea.eu\\\/de\\\/Produkte\\\/bio-fruechtetee-lose-hibiskus-hagebutte-apfel-erdbeere\\\/#primaryimage\",\"url\":\"https:\\\/\\\/www.sempertea.eu\\\/wp-content\\\/uploads\\\/2025\\\/06\\\/infusion-hibisco-frutas-rojas-granel-ecologica-profesional-semper-tea.jpg\",\"contentUrl\":\"https:\\\/\\\/www.sempertea.eu\\\/wp-content\\\/uploads\\\/2025\\\/06\\\/infusion-hibisco-frutas-rojas-granel-ecologica-profesional-semper-tea.jpg\",\"width\":750,\"height\":750,\"caption\":\"infusion hibisco frutas rojas granel ecologica profesional semper tea\"},{\"@type\":\"BreadcrumbList\",\"@id\":\"https:\\\/\\\/www.sempertea.eu\\\/de\\\/Produkte\\\/bio-fruechtetee-lose-hibiskus-hagebutte-apfel-erdbeere\\\/#breadcrumb\",\"itemListElement\":[{\"@type\":\"ListItem\",\"position\":1,\"name\":\"Portada\",\"item\":\"https:\\\/\\\/www.sempertea.eu\\\/de\\\/\"},{\"@type\":\"ListItem\",\"position\":2,\"name\":\"Shop\",\"item\":\"https:\\\/\\\/www.sempertea.eu\\\/de\\\/shop\\\/\"},{\"@type\":\"ListItem\",\"position\":3,\"name\":\"FR\u00dcCHTEKORB Bio-Fr\u00fcchtetee lose | Hibiskus, Hagebutte, Apfel &amp; Erdbeere | Koffeinfrei &amp; nachhaltig\"}]},{\"@type\":\"WebSite\",\"@id\":\"https:\\\/\\\/www.sempertea.eu\\\/#website\",\"url\":\"https:\\\/\\\/www.sempertea.eu\\\/\",\"name\":\"Semper Tea | Mayorista y fabricante de T\u00e9s e Infusiones para hoteles, restaurantes y bares\",\"description\":\"T\u00e9s e infusiones para hosteler\u00eda, hoteler\u00eda y comercio\",\"potentialAction\":[{\"@type\":\"SearchAction\",\"target\":{\"@type\":\"EntryPoint\",\"urlTemplate\":\"https:\\\/\\\/www.sempertea.eu\\\/?s={search_term_string}\"},\"query-input\":{\"@type\":\"PropertyValueSpecification\",\"valueRequired\":true,\"valueName\":\"search_term_string\"}}],\"inLanguage\":\"de\"}]}<\/script>\n<!-- \/ Yoast SEO Premium plugin. -->","yoast_head_json":{"title":"Bio-Fr\u00fcchtetee lose | Hibiskus Hagebutte Apfel & Erdbeere | Koffeinfrei","description":"Genie\u00dfe Bio-Fr\u00fcchtetee lose mit Hibiskus, Hagebutte, Apfel und Erdbeere. Koffeinfrei, voller Vitamine verpackt \u2013 f\u00fcr Horeca, Zuhause und Feinkostl\u00e4den.","robots":{"index":"index","follow":"follow","max-snippet":"max-snippet:-1","max-image-preview":"max-image-preview:large","max-video-preview":"max-video-preview:-1"},"canonical":"https:\/\/www.sempertea.eu\/de\/Produkte\/bio-fruechtetee-lose-hibiskus-hagebutte-apfel-erdbeere\/","og_locale":"de_DE","og_type":"article","og_title":"FR\u00dcCHTEKORB Bio-Fr\u00fcchtetee lose | Hibiskus, Hagebutte, Apfel &amp; Erdbeere | Koffeinfrei &amp; nachhaltig","og_description":"Genie\u00dfe Bio-Fr\u00fcchtetee lose mit Hibiskus, Hagebutte, Apfel und Erdbeere. Koffeinfrei, voller Vitamine verpackt \u2013 f\u00fcr Horeca, Zuhause und Feinkostl\u00e4den.","og_url":"https:\/\/www.sempertea.eu\/de\/Produkte\/bio-fruechtetee-lose-hibiskus-hagebutte-apfel-erdbeere\/","og_site_name":"Semper Tea | Mayorista y fabricante de T\u00e9s e Infusiones para hoteles, restaurantes y bares","article_modified_time":"2025-08-17T16:10:58+00:00","og_image":[{"width":750,"height":750,"url":"https:\/\/www.sempertea.eu\/wp-content\/uploads\/2025\/06\/infusion-hibisco-frutas-rojas-granel-ecologica-profesional-semper-tea.jpg","type":"image\/jpeg"}],"twitter_card":"summary_large_image","twitter_misc":{"Gesch\u00e4tzte Lesezeit":"2\u00a0Minuten"},"schema":{"@context":"https:\/\/schema.org","@graph":[{"@type":"WebPage","@id":"https:\/\/www.sempertea.eu\/de\/Produkte\/bio-fruechtetee-lose-hibiskus-hagebutte-apfel-erdbeere\/","url":"https:\/\/www.sempertea.eu\/de\/Produkte\/bio-fruechtetee-lose-hibiskus-hagebutte-apfel-erdbeere\/","name":"Bio-Fr\u00fcchtetee lose | Hibiskus Hagebutte Apfel & Erdbeere | Koffeinfrei","isPartOf":{"@id":"https:\/\/www.sempertea.eu\/#website"},"primaryImageOfPage":{"@id":"https:\/\/www.sempertea.eu\/de\/Produkte\/bio-fruechtetee-lose-hibiskus-hagebutte-apfel-erdbeere\/#primaryimage"},"image":{"@id":"https:\/\/www.sempertea.eu\/de\/Produkte\/bio-fruechtetee-lose-hibiskus-hagebutte-apfel-erdbeere\/#primaryimage"},"thumbnailUrl":"https:\/\/www.sempertea.eu\/wp-content\/uploads\/2025\/06\/infusion-hibisco-frutas-rojas-granel-ecologica-profesional-semper-tea.jpg","datePublished":"2025-08-16T18:01:33+00:00","dateModified":"2025-08-17T16:10:58+00:00","description":"Genie\u00dfe Bio-Fr\u00fcchtetee lose mit Hibiskus, Hagebutte, Apfel und Erdbeere. Koffeinfrei, voller Vitamine verpackt \u2013 f\u00fcr Horeca, Zuhause und Feinkostl\u00e4den.","breadcrumb":{"@id":"https:\/\/www.sempertea.eu\/de\/Produkte\/bio-fruechtetee-lose-hibiskus-hagebutte-apfel-erdbeere\/#breadcrumb"},"inLanguage":"de","potentialAction":[{"@type":"ReadAction","target":["https:\/\/www.sempertea.eu\/de\/Produkte\/bio-fruechtetee-lose-hibiskus-hagebutte-apfel-erdbeere\/"]}]},{"@type":"ImageObject","inLanguage":"de","@id":"https:\/\/www.sempertea.eu\/de\/Produkte\/bio-fruechtetee-lose-hibiskus-hagebutte-apfel-erdbeere\/#primaryimage","url":"https:\/\/www.sempertea.eu\/wp-content\/uploads\/2025\/06\/infusion-hibisco-frutas-rojas-granel-ecologica-profesional-semper-tea.jpg","contentUrl":"https:\/\/www.sempertea.eu\/wp-content\/uploads\/2025\/06\/infusion-hibisco-frutas-rojas-granel-ecologica-profesional-semper-tea.jpg","width":750,"height":750,"caption":"infusion hibisco frutas rojas granel ecologica profesional semper tea"},{"@type":"BreadcrumbList","@id":"https:\/\/www.sempertea.eu\/de\/Produkte\/bio-fruechtetee-lose-hibiskus-hagebutte-apfel-erdbeere\/#breadcrumb","itemListElement":[{"@type":"ListItem","position":1,"name":"Portada","item":"https:\/\/www.sempertea.eu\/de\/"},{"@type":"ListItem","position":2,"name":"Shop","item":"https:\/\/www.sempertea.eu\/de\/shop\/"},{"@type":"ListItem","position":3,"name":"FR\u00dcCHTEKORB Bio-Fr\u00fcchtetee lose | Hibiskus, Hagebutte, Apfel &amp; Erdbeere | Koffeinfrei &amp; nachhaltig"}]},{"@type":"WebSite","@id":"https:\/\/www.sempertea.eu\/#website","url":"https:\/\/www.sempertea.eu\/","name":"Semper Tea | Mayorista y fabricante de T\u00e9s e Infusiones para hoteles, restaurantes y bares","description":"T\u00e9s e infusiones para hosteler\u00eda, hoteler\u00eda y comercio","potentialAction":[{"@type":"SearchAction","target":{"@type":"EntryPoint","urlTemplate":"https:\/\/www.sempertea.eu\/?s={search_term_string}"},"query-input":{"@type":"PropertyValueSpecification","valueRequired":true,"valueName":"search_term_string"}}],"inLanguage":"de"}]}},"_links":{"self":[{"href":"https:\/\/www.sempertea.eu\/de\/wp-json\/wp\/v2\/product\/18429","targetHints":{"allow":["GET"]}}],"collection":[{"href":"https:\/\/www.sempertea.eu\/de\/wp-json\/wp\/v2\/product"}],"about":[{"href":"https:\/\/www.sempertea.eu\/de\/wp-json\/wp\/v2\/types\/product"}],"replies":[{"embeddable":true,"href":"https:\/\/www.sempertea.eu\/de\/wp-json\/wp\/v2\/comments?post=18429"}],"wp:featuredmedia":[{"embeddable":true,"href":"https:\/\/www.sempertea.eu\/de\/wp-json\/wp\/v2\/media\/16119"}],"wp:attachment":[{"href":"https:\/\/www.sempertea.eu\/de\/wp-json\/wp\/v2\/media?parent=18429"}],"wp:term":[{"taxonomy":"product_brand","embeddable":true,"href":"https:\/\/www.sempertea.eu\/de\/wp-json\/wp\/v2\/product_brand?post=18429"},{"taxonomy":"product_cat","embeddable":true,"href":"https:\/\/www.sempertea.eu\/de\/wp-json\/wp\/v2\/product_cat?post=18429"},{"taxonomy":"product_tag","embeddable":true,"href":"https:\/\/www.sempertea.eu\/de\/wp-json\/wp\/v2\/product_tag?post=18429"}],"curies":[{"name":"wp","href":"https:\/\/api.w.org\/{rel}","templated":true}]}}