{"id":18384,"date":"2025-08-16T13:10:56","date_gmt":"2025-08-16T11:10:56","guid":{"rendered":"https:\/\/www.sempertea.eu\/fruits-passion-fruechtetee-biologisch-abbaubare-pyramiden-im-grosspack-40-200-stueck-fuer-horeca-zuhause\/"},"modified":"2025-08-16T18:59:38","modified_gmt":"2025-08-16T16:59:38","slug":"bio-fruechtetee-pyramidenbeutel-grosspackung","status":"publish","type":"product","link":"https:\/\/www.sempertea.eu\/de\/Produkte\/bio-fruechtetee-pyramidenbeutel-grosspackung\/","title":{"rendered":"FRUITS PASSION Fr\u00fcchtetee biologisch abbaubare Pyramiden im Gro\u00dfpack (40\/200 St\u00fcck) | F\u00fcr Horeca &amp; Zuhause"},"content":{"rendered":"<h2>Koffeinfreier Fr\u00fcchtetee in biologisch abbaubaren Pyramidenbeuteln (Gro\u00dfpackung)<\/h2>\n<p>Erleben Sie eine lebendige und koffeinfreie Mischung: <strong>Bio-Fr\u00fcchtetee in Pyramidenbeuteln (Gro\u00dfpackung)<\/strong> mit Hibiskus, Hagebutte und Orangenschale. Jeder Schluck bietet eine rubinrote Farbe, ein frisches Zitrusaroma und ein intensives fruchtiges Profil, das Lust auf mehr macht. Perfekt als Eistee im Sommer oder hei\u00df das ganze Jahr \u00fcber.<\/p>\n<p>Bei Semper Tea verbinden wir Tradition und Moderne: biologische Zutaten, <strong>aromatische Mischungen<\/strong> und Formate, die f\u00fcr den Alltag entwickelt wurden. Unser <strong>Fr\u00fcchtetee in Pyramidenbeuteln<\/strong> (auch bekannt als <strong>Teepyramiden<\/strong> oder <strong>Pyramiden-Teebeutel<\/strong>) sorgt f\u00fcr eine optimale Aromaentfaltung und ist sowohl zu Hause als auch in Hotels, Caf\u00e9s und Feinkostgesch\u00e4ften praktisch.<\/p>\n<h3>Warum Sie ihn lieben werden<\/h3>\n<p>Koffeinfrei: ideal zu jeder Tageszeit.<\/p>\n<p>Nat\u00fcrlicher Geschmack: Hibiskus und Hagebutte bringen Frische, w\u00e4hrend Orange eine helle, aromatische Note hinzuf\u00fcgt.<\/p>\n<p>Professionelles Format: erh\u00e4ltlich als Fr\u00fcchtetee-Gro\u00dfpackung in Pyramidenform f\u00fcr eine reibungslose Rotation am Buffet oder Tresen. Auch <strong>verf\u00fcgbar als 40 \/ 200 biologisch abbaubare Pyramiden einzeln verpackt f\u00fcr noch mehr Komfort.<\/strong><\/p>\n<p>Nachhaltigkeit: biologisch abbaubare und kompostierbare Pyramidenbeutel, zertifiziert nach UNE EN 13432, f\u00fcr einen verantwortungsvollen Service.<\/p>\n<p>Einfache Zubereitung: sauberes Dosieren, attraktive Pr\u00e4sentation und gleichbleibende Tassenqualit\u00e4t \u2013 ideal f\u00fcr Horeca und Einzelhandel.<\/p>\n<h4>Komfort und Pr\u00e4sentation, die \u00fcberzeugen<\/h4>\n<p>Die Lava Linie bietet Gro\u00dfpackungen, die speziell f\u00fcr Horeca und Fachgesch\u00e4fte entwickelt wurden: <strong>servierfertige Pyramidenbeutel<\/strong>, ein edles Erscheinungsbild und gleichbleibende Qualit\u00e4t in jeder Tasse. Kraftpapier-Verpackungen und unser umweltfreundlicher Ansatz runden das Erlebnis mit einer praktischen, nachhaltigen L\u00f6sung ab.<\/p>\n<p>So genie\u00dfen Sie ihn<\/p>\n<p><a href=\"https:\/\/www.sempertea.eu\/fruit-iced-tea-te-frio-de-frutas\/\">Kalt (Sommer)<\/a>: Bereiten Sie einen Cold Brew Fr\u00fcchtetee in einer Karaffe zu und servieren Sie ihn mit Eisw\u00fcrfeln und Orangenscheiben.<\/p>\n<p>Hei\u00df (ganzj\u00e4hrig): Eine aromatische Tasse, die allein \u00fcberzeugt oder perfekt zu leichten Desserts und Snacks passt.<\/p>\n","protected":false},"excerpt":{"rendered":"<p><strong>Erfrischender Fr\u00fcchtetee f\u00fcr jeden Moment<\/strong><\/p>\n<p>Nichts geht \u00fcber das faszinierende Aroma von Fr\u00fcchtetee, um den Tag zu beginnen. Wir laden dich ein, diese besondere Sorte zu genie\u00dfen \u2013 eine rote Fusion aus Hibiskus, Hagebutte und Orangenschale, die einen wahrhaft k\u00f6stlichen Geschmack bietet.<\/p>\n","protected":false},"featured_media":10684,"comment_status":"open","ping_status":"closed","template":"","meta":[],"product_brand":[],"product_cat":[132,114,115,116,110,113,124,118,128,108,135],"product_tag":[258],"class_list":{"0":"post-18384","1":"product","2":"type-product","3":"status-publish","4":"has-post-thumbnail","6":"product_cat-tee-ohne-plastik-verpackung-biotees-natur-plastikfrei","7":"product_cat-alle","8":"product_cat-alle-de","9":"product_cat-alle-de-2","10":"product_cat-biologisch-abbaubare-pyramide-teebeutel-biotee-kompostierbar","11":"product_cat-biotees-sortiment-online-kaufen","12":"product_cat-teesortiment-formate-packaging-attraktiv-biotees-verpackung","13":"product_cat-fruchtetee-fruchte-biotee-hibiskus-erdbeere-fruchtmischung","14":"product_cat-teebeutel-ohne-mikroplastik-plastikfreie-teepyramiden","15":"product_cat-sortiment-tee-packaging-verpackung-attraktiv-biotees-design","16":"product_cat-uncategorized-de","17":"product_tag-lava40-de","19":"first","20":"instock","21":"shipping-taxable","22":"purchasable","23":"product-type-variable"},"yoast_head":"<!-- This site is optimized with the Yoast SEO Premium plugin v27.3 (Yoast SEO v27.3) - https:\/\/yoast.com\/product\/yoast-seo-premium-wordpress\/ -->\n<title>Fr\u00fcchtetee Pyramidenbeutel biologisch abbaubar Gro\u00dfpack 40\/200 Stck<\/title>\n<meta name=\"description\" content=\"Bio-Fr\u00fcchtetee in biologisch abbaubaren Pyramidenbeuteln. Hibiskus, Hagebutte und Orange. Gro\u00dfpackung 40\/200 St\u00fcck f\u00fcr Horeca, Caf\u00e9 und Zuhause.\" \/>\n<meta name=\"robots\" content=\"index, follow, max-snippet:-1, max-image-preview:large, max-video-preview:-1\" \/>\n<link rel=\"canonical\" href=\"https:\/\/www.sempertea.eu\/de\/Produkte\/bio-fruechtetee-pyramidenbeutel-grosspackung\/\" \/>\n<meta property=\"og:locale\" content=\"de_DE\" \/>\n<meta property=\"og:type\" content=\"article\" \/>\n<meta property=\"og:title\" content=\"FRUITS PASSION Fr\u00fcchtetee biologisch abbaubare Pyramiden im Gro\u00dfpack (40\/200 St\u00fcck) | F\u00fcr Horeca &amp; Zuhause\" \/>\n<meta property=\"og:description\" content=\"Bio-Fr\u00fcchtetee in biologisch abbaubaren Pyramidenbeuteln. Hibiskus, Hagebutte und Orange. Gro\u00dfpackung 40\/200 St\u00fcck f\u00fcr Horeca, Caf\u00e9 und Zuhause.\" \/>\n<meta property=\"og:url\" content=\"https:\/\/www.sempertea.eu\/de\/Produkte\/bio-fruechtetee-pyramidenbeutel-grosspackung\/\" \/>\n<meta property=\"og:site_name\" content=\"Semper Tea | Mayorista y fabricante de T\u00e9s e Infusiones para hoteles, restaurantes y bares\" \/>\n<meta property=\"article:modified_time\" content=\"2025-08-16T16:59:38+00:00\" \/>\n<meta property=\"og:image\" content=\"https:\/\/www.sempertea.eu\/wp-content\/uploads\/2024\/07\/te-piramide-al-por-mayor-sin-plastico-te-de-frutas-eco-semper-tea.jpg\" \/>\n\t<meta property=\"og:image:width\" content=\"1000\" \/>\n\t<meta property=\"og:image:height\" content=\"1000\" \/>\n\t<meta property=\"og:image:type\" content=\"image\/jpeg\" \/>\n<meta name=\"twitter:card\" content=\"summary_large_image\" \/>\n<meta name=\"twitter:label1\" content=\"Gesch\u00e4tzte Lesezeit\" \/>\n\t<meta name=\"twitter:data1\" content=\"2\u00a0Minuten\" \/>\n<script type=\"application\/ld+json\" class=\"yoast-schema-graph\">{\"@context\":\"https:\\\/\\\/schema.org\",\"@graph\":[{\"@type\":\"WebPage\",\"@id\":\"https:\\\/\\\/www.sempertea.eu\\\/de\\\/Produkte\\\/bio-fruechtetee-pyramidenbeutel-grosspackung\\\/\",\"url\":\"https:\\\/\\\/www.sempertea.eu\\\/de\\\/Produkte\\\/bio-fruechtetee-pyramidenbeutel-grosspackung\\\/\",\"name\":\"Fr\u00fcchtetee Pyramidenbeutel biologisch abbaubar Gro\u00dfpack 40\\\/200 Stck\",\"isPartOf\":{\"@id\":\"https:\\\/\\\/www.sempertea.eu\\\/#website\"},\"primaryImageOfPage\":{\"@id\":\"https:\\\/\\\/www.sempertea.eu\\\/de\\\/Produkte\\\/bio-fruechtetee-pyramidenbeutel-grosspackung\\\/#primaryimage\"},\"image\":{\"@id\":\"https:\\\/\\\/www.sempertea.eu\\\/de\\\/Produkte\\\/bio-fruechtetee-pyramidenbeutel-grosspackung\\\/#primaryimage\"},\"thumbnailUrl\":\"https:\\\/\\\/www.sempertea.eu\\\/wp-content\\\/uploads\\\/2024\\\/07\\\/te-piramide-al-por-mayor-sin-plastico-te-de-frutas-eco-semper-tea.jpg\",\"datePublished\":\"2025-08-16T11:10:56+00:00\",\"dateModified\":\"2025-08-16T16:59:38+00:00\",\"description\":\"Bio-Fr\u00fcchtetee in biologisch abbaubaren Pyramidenbeuteln. Hibiskus, Hagebutte und Orange. Gro\u00dfpackung 40\\\/200 St\u00fcck f\u00fcr Horeca, Caf\u00e9 und Zuhause.\",\"breadcrumb\":{\"@id\":\"https:\\\/\\\/www.sempertea.eu\\\/de\\\/Produkte\\\/bio-fruechtetee-pyramidenbeutel-grosspackung\\\/#breadcrumb\"},\"inLanguage\":\"de\",\"potentialAction\":[{\"@type\":\"ReadAction\",\"target\":[\"https:\\\/\\\/www.sempertea.eu\\\/de\\\/Produkte\\\/bio-fruechtetee-pyramidenbeutel-grosspackung\\\/\"]}]},{\"@type\":\"ImageObject\",\"inLanguage\":\"de\",\"@id\":\"https:\\\/\\\/www.sempertea.eu\\\/de\\\/Produkte\\\/bio-fruechtetee-pyramidenbeutel-grosspackung\\\/#primaryimage\",\"url\":\"https:\\\/\\\/www.sempertea.eu\\\/wp-content\\\/uploads\\\/2024\\\/07\\\/te-piramide-al-por-mayor-sin-plastico-te-de-frutas-eco-semper-tea.jpg\",\"contentUrl\":\"https:\\\/\\\/www.sempertea.eu\\\/wp-content\\\/uploads\\\/2024\\\/07\\\/te-piramide-al-por-mayor-sin-plastico-te-de-frutas-eco-semper-tea.jpg\",\"width\":1000,\"height\":1000,\"caption\":\"te piramides sin plastico biodegradable compostable a granel semper tea\"},{\"@type\":\"BreadcrumbList\",\"@id\":\"https:\\\/\\\/www.sempertea.eu\\\/de\\\/Produkte\\\/bio-fruechtetee-pyramidenbeutel-grosspackung\\\/#breadcrumb\",\"itemListElement\":[{\"@type\":\"ListItem\",\"position\":1,\"name\":\"Portada\",\"item\":\"https:\\\/\\\/www.sempertea.eu\\\/de\\\/\"},{\"@type\":\"ListItem\",\"position\":2,\"name\":\"Shop\",\"item\":\"https:\\\/\\\/www.sempertea.eu\\\/de\\\/shop\\\/\"},{\"@type\":\"ListItem\",\"position\":3,\"name\":\"FRUITS PASSION Fr\u00fcchtetee biologisch abbaubare Pyramiden im Gro\u00dfpack (40\\\/200 St\u00fcck) | F\u00fcr Horeca &amp; Zuhause\"}]},{\"@type\":\"WebSite\",\"@id\":\"https:\\\/\\\/www.sempertea.eu\\\/#website\",\"url\":\"https:\\\/\\\/www.sempertea.eu\\\/\",\"name\":\"Semper Tea | Mayorista y fabricante de T\u00e9s e Infusiones para hoteles, restaurantes y bares\",\"description\":\"T\u00e9s e infusiones para hosteler\u00eda, hoteler\u00eda y comercio\",\"potentialAction\":[{\"@type\":\"SearchAction\",\"target\":{\"@type\":\"EntryPoint\",\"urlTemplate\":\"https:\\\/\\\/www.sempertea.eu\\\/?s={search_term_string}\"},\"query-input\":{\"@type\":\"PropertyValueSpecification\",\"valueRequired\":true,\"valueName\":\"search_term_string\"}}],\"inLanguage\":\"de\"}]}<\/script>\n<!-- \/ Yoast SEO Premium plugin. -->","yoast_head_json":{"title":"Fr\u00fcchtetee Pyramidenbeutel biologisch abbaubar Gro\u00dfpack 40\/200 Stck","description":"Bio-Fr\u00fcchtetee in biologisch abbaubaren Pyramidenbeuteln. Hibiskus, Hagebutte und Orange. Gro\u00dfpackung 40\/200 St\u00fcck f\u00fcr Horeca, Caf\u00e9 und Zuhause.","robots":{"index":"index","follow":"follow","max-snippet":"max-snippet:-1","max-image-preview":"max-image-preview:large","max-video-preview":"max-video-preview:-1"},"canonical":"https:\/\/www.sempertea.eu\/de\/Produkte\/bio-fruechtetee-pyramidenbeutel-grosspackung\/","og_locale":"de_DE","og_type":"article","og_title":"FRUITS PASSION Fr\u00fcchtetee biologisch abbaubare Pyramiden im Gro\u00dfpack (40\/200 St\u00fcck) | F\u00fcr Horeca &amp; Zuhause","og_description":"Bio-Fr\u00fcchtetee in biologisch abbaubaren Pyramidenbeuteln. Hibiskus, Hagebutte und Orange. Gro\u00dfpackung 40\/200 St\u00fcck f\u00fcr Horeca, Caf\u00e9 und Zuhause.","og_url":"https:\/\/www.sempertea.eu\/de\/Produkte\/bio-fruechtetee-pyramidenbeutel-grosspackung\/","og_site_name":"Semper Tea | Mayorista y fabricante de T\u00e9s e Infusiones para hoteles, restaurantes y bares","article_modified_time":"2025-08-16T16:59:38+00:00","og_image":[{"width":1000,"height":1000,"url":"https:\/\/www.sempertea.eu\/wp-content\/uploads\/2024\/07\/te-piramide-al-por-mayor-sin-plastico-te-de-frutas-eco-semper-tea.jpg","type":"image\/jpeg"}],"twitter_card":"summary_large_image","twitter_misc":{"Gesch\u00e4tzte Lesezeit":"2\u00a0Minuten"},"schema":{"@context":"https:\/\/schema.org","@graph":[{"@type":"WebPage","@id":"https:\/\/www.sempertea.eu\/de\/Produkte\/bio-fruechtetee-pyramidenbeutel-grosspackung\/","url":"https:\/\/www.sempertea.eu\/de\/Produkte\/bio-fruechtetee-pyramidenbeutel-grosspackung\/","name":"Fr\u00fcchtetee Pyramidenbeutel biologisch abbaubar Gro\u00dfpack 40\/200 Stck","isPartOf":{"@id":"https:\/\/www.sempertea.eu\/#website"},"primaryImageOfPage":{"@id":"https:\/\/www.sempertea.eu\/de\/Produkte\/bio-fruechtetee-pyramidenbeutel-grosspackung\/#primaryimage"},"image":{"@id":"https:\/\/www.sempertea.eu\/de\/Produkte\/bio-fruechtetee-pyramidenbeutel-grosspackung\/#primaryimage"},"thumbnailUrl":"https:\/\/www.sempertea.eu\/wp-content\/uploads\/2024\/07\/te-piramide-al-por-mayor-sin-plastico-te-de-frutas-eco-semper-tea.jpg","datePublished":"2025-08-16T11:10:56+00:00","dateModified":"2025-08-16T16:59:38+00:00","description":"Bio-Fr\u00fcchtetee in biologisch abbaubaren Pyramidenbeuteln. Hibiskus, Hagebutte und Orange. Gro\u00dfpackung 40\/200 St\u00fcck f\u00fcr Horeca, Caf\u00e9 und Zuhause.","breadcrumb":{"@id":"https:\/\/www.sempertea.eu\/de\/Produkte\/bio-fruechtetee-pyramidenbeutel-grosspackung\/#breadcrumb"},"inLanguage":"de","potentialAction":[{"@type":"ReadAction","target":["https:\/\/www.sempertea.eu\/de\/Produkte\/bio-fruechtetee-pyramidenbeutel-grosspackung\/"]}]},{"@type":"ImageObject","inLanguage":"de","@id":"https:\/\/www.sempertea.eu\/de\/Produkte\/bio-fruechtetee-pyramidenbeutel-grosspackung\/#primaryimage","url":"https:\/\/www.sempertea.eu\/wp-content\/uploads\/2024\/07\/te-piramide-al-por-mayor-sin-plastico-te-de-frutas-eco-semper-tea.jpg","contentUrl":"https:\/\/www.sempertea.eu\/wp-content\/uploads\/2024\/07\/te-piramide-al-por-mayor-sin-plastico-te-de-frutas-eco-semper-tea.jpg","width":1000,"height":1000,"caption":"te piramides sin plastico biodegradable compostable a granel semper tea"},{"@type":"BreadcrumbList","@id":"https:\/\/www.sempertea.eu\/de\/Produkte\/bio-fruechtetee-pyramidenbeutel-grosspackung\/#breadcrumb","itemListElement":[{"@type":"ListItem","position":1,"name":"Portada","item":"https:\/\/www.sempertea.eu\/de\/"},{"@type":"ListItem","position":2,"name":"Shop","item":"https:\/\/www.sempertea.eu\/de\/shop\/"},{"@type":"ListItem","position":3,"name":"FRUITS PASSION Fr\u00fcchtetee biologisch abbaubare Pyramiden im Gro\u00dfpack (40\/200 St\u00fcck) | F\u00fcr Horeca &amp; Zuhause"}]},{"@type":"WebSite","@id":"https:\/\/www.sempertea.eu\/#website","url":"https:\/\/www.sempertea.eu\/","name":"Semper Tea | Mayorista y fabricante de T\u00e9s e Infusiones para hoteles, restaurantes y bares","description":"T\u00e9s e infusiones para hosteler\u00eda, hoteler\u00eda y comercio","potentialAction":[{"@type":"SearchAction","target":{"@type":"EntryPoint","urlTemplate":"https:\/\/www.sempertea.eu\/?s={search_term_string}"},"query-input":{"@type":"PropertyValueSpecification","valueRequired":true,"valueName":"search_term_string"}}],"inLanguage":"de"}]}},"_links":{"self":[{"href":"https:\/\/www.sempertea.eu\/de\/wp-json\/wp\/v2\/product\/18384","targetHints":{"allow":["GET"]}}],"collection":[{"href":"https:\/\/www.sempertea.eu\/de\/wp-json\/wp\/v2\/product"}],"about":[{"href":"https:\/\/www.sempertea.eu\/de\/wp-json\/wp\/v2\/types\/product"}],"replies":[{"embeddable":true,"href":"https:\/\/www.sempertea.eu\/de\/wp-json\/wp\/v2\/comments?post=18384"}],"wp:featuredmedia":[{"embeddable":true,"href":"https:\/\/www.sempertea.eu\/de\/wp-json\/wp\/v2\/media\/10684"}],"wp:attachment":[{"href":"https:\/\/www.sempertea.eu\/de\/wp-json\/wp\/v2\/media?parent=18384"}],"wp:term":[{"taxonomy":"product_brand","embeddable":true,"href":"https:\/\/www.sempertea.eu\/de\/wp-json\/wp\/v2\/product_brand?post=18384"},{"taxonomy":"product_cat","embeddable":true,"href":"https:\/\/www.sempertea.eu\/de\/wp-json\/wp\/v2\/product_cat?post=18384"},{"taxonomy":"product_tag","embeddable":true,"href":"https:\/\/www.sempertea.eu\/de\/wp-json\/wp\/v2\/product_tag?post=18384"}],"curies":[{"name":"wp","href":"https:\/\/api.w.org\/{rel}","templated":true}]}}