{"id":18324,"date":"2025-08-12T18:50:26","date_gmt":"2025-08-12T16:50:26","guid":{"rendered":"https:\/\/www.sempertea.eu\/fruechtekorb-bio-fruechtetee-lose-im-glas-koffeinfrei-fruchtig-aromatisch\/"},"modified":"2025-08-13T18:25:01","modified_gmt":"2025-08-13T16:25:01","slug":"fruechtekorb-bio-fruechtetee-lose-im-glas-koffeinfrei-fruchtig-aromatisch","status":"publish","type":"product","link":"https:\/\/www.sempertea.eu\/de\/Produkte\/fruechtekorb-bio-fruechtetee-lose-im-glas-koffeinfrei-fruchtig-aromatisch\/","title":{"rendered":"FR\u00dcCHTEKORB Bio-Fr\u00fcchtetee | Lose im Glas, koffeinfrei, fruchtig &amp; aromatisch"},"content":{"rendered":"<h2>Bio-Fr\u00fcchtetee | Lose im Glas, koffeinfrei, fruchtig &amp; aromatisch, hei\u00df oder kalt, nachhaltige Verpackung<\/h2>\n<p>Fr\u00fcchtetee Fr\u00fcchtekorb Eine originelle Pr\u00e4sentation, um diesen k\u00f6stlichen Tee zu probieren. Fruchtig-aromatische Bio-Mischung mit Hibiskus, Hagebutte, Apfelst\u00fccken und Erdbeeren \u2013 nat\u00fcrlich, bek\u00f6mmlich und voller Farbe. Ein <strong>Cocktail aus Vitaminen<\/strong> und gesundheitsf\u00f6rdernden Wirkstoffen!<\/p>\n<p>Sein k\u00f6stlicher Geschmack macht Lust auf einen ganzj\u00e4hrigen Genuss, entweder hei\u00df oder kalt zubereitet. Immer ein Volltreffer.<\/p>\n<p>Genie\u00dfen Sie den Geschmack und das Aroma der Natur vom heimischen Sofa aus mit qualitativ hochwertigen, losen Tees.<\/p>\n<h3>Wir bieten Ihnen eine Auswahl klassischer Teesorten in unseren eleganten Teegl\u00e4sern<\/h3>\n<p>Als Zwischenmahlzeit k\u00f6nnen Sie diesen <strong>traditionellen Apfeltee mit Fr\u00fcchten<\/strong> zubereiten. Oder verwenden Sie eine <strong>unserer Teeboxen als Pr\u00e4sent<\/strong> und lassen Sie jeden die Geschmacksrichtung des <a href=\"https:\/\/mejorconsalud.com\/como-preparar-una-infusion-de-frutas-5-recetas-faciles\/\"><strong>Bio- oder Kr\u00e4utertees <\/strong><\/a>w\u00e4hlen, die ihm am besten gef\u00e4llt. Bei unserer <strong>gro\u00dfen Teeauswahl <\/strong>ist f\u00fcr jeden etwas dabei. Wenn Sie Lust auf ein <strong>kaltes Getr\u00e4nk<\/strong> mit unserem <strong>Fr\u00fcchtetee<\/strong> haben, genie\u00dfen Sie eine perfekte und sehr erfrischende Option. Sie k\u00f6nnen Ihren <strong>Eistee<\/strong> in einer Kanne mit Eis servieren und ihn mit Fr\u00fcchten<\/p>\n","protected":false},"excerpt":{"rendered":"<p><strong>Eine fruchtige Melange aus Farbe und Aroma &#8211; koffeinfrei<\/strong><\/p>\n<p>Ein fruchtiger und erfrischender Kr\u00e4utertee, k\u00f6stlich gemischt mit nat\u00fcrlichen und biologischen Zutaten: Hibiskus, Hagebutte, Apfelst\u00fccke und Erdbeere. Von Natur aus koffeinfrei und mit vielen Vitaminen f\u00fcr die Gesundheit.<\/p>\n","protected":false},"featured_media":18264,"comment_status":"open","ping_status":"closed","template":"","meta":[],"product_brand":[],"product_cat":[115,116,114,113,129,124,118,108,130,135],"product_tag":[],"class_list":{"0":"post-18324","1":"product","2":"type-product","3":"status-publish","4":"has-post-thumbnail","6":"product_cat-alle-de","7":"product_cat-alle-de-2","8":"product_cat-alle","9":"product_cat-biotees-sortiment-online-kaufen","10":"product_cat-crystal-loser-tee-recycle-im-glas-tee-reagenzglas-biotee-nachhaltig","11":"product_cat-teesortiment-formate-packaging-attraktiv-biotees-verpackung","12":"product_cat-fruchtetee-fruchte-biotee-hibiskus-erdbeere-fruchtmischung","13":"product_cat-sortiment-tee-packaging-verpackung-attraktiv-biotees-design","14":"product_cat-tee-im-glas-umweltfreundlich-umweltgerecht-verpackung","15":"product_cat-uncategorized-de","17":"first","18":"instock","19":"shipping-taxable","20":"purchasable","21":"product-type-simple"},"yoast_head":"<!-- This site is optimized with the Yoast SEO Premium plugin v27.3 (Yoast SEO v27.3) - https:\/\/yoast.com\/product\/yoast-seo-premium-wordpress\/ -->\n<title>Bio-Fr\u00fcchtetee | Loser Tee im Glas | Originelles Geschenk<\/title>\n<meta name=\"description\" content=\"Bio-Fr\u00fcchtetee, Premium, koffeinfrei, Glasbeh\u00e4lter mit loser Ware. Lebendiger Geschmack nat\u00fcrliches Aroma. Perfekt f\u00fcr zu Hause, Gourmetl\u00e4den und Gastronomie.\" \/>\n<meta name=\"robots\" content=\"index, follow, max-snippet:-1, max-image-preview:large, max-video-preview:-1\" \/>\n<link rel=\"canonical\" href=\"https:\/\/www.sempertea.eu\/de\/Produkte\/fruechtekorb-bio-fruechtetee-lose-im-glas-koffeinfrei-fruchtig-aromatisch\/\" \/>\n<meta property=\"og:locale\" content=\"de_DE\" \/>\n<meta property=\"og:type\" content=\"article\" \/>\n<meta property=\"og:title\" content=\"FR\u00dcCHTEKORB Bio-Fr\u00fcchtetee | Lose im Glas, koffeinfrei, fruchtig &amp; aromatisch\" \/>\n<meta property=\"og:description\" content=\"Bio-Fr\u00fcchtetee, Premium, koffeinfrei, Glasbeh\u00e4lter mit loser Ware. Lebendiger Geschmack nat\u00fcrliches Aroma. Perfekt f\u00fcr zu Hause, Gourmetl\u00e4den und Gastronomie.\" \/>\n<meta property=\"og:url\" content=\"https:\/\/www.sempertea.eu\/de\/Produkte\/fruechtekorb-bio-fruechtetee-lose-im-glas-koffeinfrei-fruchtig-aromatisch\/\" \/>\n<meta property=\"og:site_name\" content=\"Semper Tea | Mayorista y fabricante de T\u00e9s e Infusiones para hoteles, restaurantes y bares\" \/>\n<meta property=\"article:modified_time\" content=\"2025-08-13T16:25:01+00:00\" \/>\n<meta property=\"og:image\" content=\"https:\/\/www.sempertea.eu\/wp-content\/uploads\/2025\/08\/fruechtetee-geschenkbox-eco-verpackungl-semper-tea-1.jpg\" \/>\n\t<meta property=\"og:image:width\" content=\"1000\" \/>\n\t<meta property=\"og:image:height\" content=\"1000\" \/>\n\t<meta property=\"og:image:type\" content=\"image\/jpeg\" \/>\n<meta name=\"twitter:card\" content=\"summary_large_image\" \/>\n<meta name=\"twitter:label1\" content=\"Gesch\u00e4tzte Lesezeit\" \/>\n\t<meta name=\"twitter:data1\" content=\"1\u00a0Minute\" \/>\n<script type=\"application\/ld+json\" class=\"yoast-schema-graph\">{\"@context\":\"https:\\\/\\\/schema.org\",\"@graph\":[{\"@type\":\"WebPage\",\"@id\":\"https:\\\/\\\/www.sempertea.eu\\\/de\\\/Produkte\\\/fruechtekorb-bio-fruechtetee-lose-im-glas-koffeinfrei-fruchtig-aromatisch\\\/\",\"url\":\"https:\\\/\\\/www.sempertea.eu\\\/de\\\/Produkte\\\/fruechtekorb-bio-fruechtetee-lose-im-glas-koffeinfrei-fruchtig-aromatisch\\\/\",\"name\":\"Bio-Fr\u00fcchtetee | Loser Tee im Glas | Originelles Geschenk\",\"isPartOf\":{\"@id\":\"https:\\\/\\\/www.sempertea.eu\\\/#website\"},\"primaryImageOfPage\":{\"@id\":\"https:\\\/\\\/www.sempertea.eu\\\/de\\\/Produkte\\\/fruechtekorb-bio-fruechtetee-lose-im-glas-koffeinfrei-fruchtig-aromatisch\\\/#primaryimage\"},\"image\":{\"@id\":\"https:\\\/\\\/www.sempertea.eu\\\/de\\\/Produkte\\\/fruechtekorb-bio-fruechtetee-lose-im-glas-koffeinfrei-fruchtig-aromatisch\\\/#primaryimage\"},\"thumbnailUrl\":\"https:\\\/\\\/www.sempertea.eu\\\/wp-content\\\/uploads\\\/2025\\\/08\\\/infusion-de-arandanos-hibisco-escaramujo-frutas-del-bosque-granel-semper-tea.jpg\",\"datePublished\":\"2025-08-12T16:50:26+00:00\",\"dateModified\":\"2025-08-13T16:25:01+00:00\",\"description\":\"Bio-Fr\u00fcchtetee, Premium, koffeinfrei, Glasbeh\u00e4lter mit loser Ware. Lebendiger Geschmack nat\u00fcrliches Aroma. Perfekt f\u00fcr zu Hause, Gourmetl\u00e4den und Gastronomie.\",\"breadcrumb\":{\"@id\":\"https:\\\/\\\/www.sempertea.eu\\\/de\\\/Produkte\\\/fruechtekorb-bio-fruechtetee-lose-im-glas-koffeinfrei-fruchtig-aromatisch\\\/#breadcrumb\"},\"inLanguage\":\"de\",\"potentialAction\":[{\"@type\":\"ReadAction\",\"target\":[\"https:\\\/\\\/www.sempertea.eu\\\/de\\\/Produkte\\\/fruechtekorb-bio-fruechtetee-lose-im-glas-koffeinfrei-fruchtig-aromatisch\\\/\"]}]},{\"@type\":\"ImageObject\",\"inLanguage\":\"de\",\"@id\":\"https:\\\/\\\/www.sempertea.eu\\\/de\\\/Produkte\\\/fruechtekorb-bio-fruechtetee-lose-im-glas-koffeinfrei-fruchtig-aromatisch\\\/#primaryimage\",\"url\":\"https:\\\/\\\/www.sempertea.eu\\\/wp-content\\\/uploads\\\/2025\\\/08\\\/infusion-de-arandanos-hibisco-escaramujo-frutas-del-bosque-granel-semper-tea.jpg\",\"contentUrl\":\"https:\\\/\\\/www.sempertea.eu\\\/wp-content\\\/uploads\\\/2025\\\/08\\\/infusion-de-arandanos-hibisco-escaramujo-frutas-del-bosque-granel-semper-tea.jpg\",\"width\":1000,\"height\":1000,\"caption\":\"Ar\u00e1ndanos con Hibisco \u2014 Infusi\u00f3n de frutas del bosque a granel\"},{\"@type\":\"BreadcrumbList\",\"@id\":\"https:\\\/\\\/www.sempertea.eu\\\/de\\\/Produkte\\\/fruechtekorb-bio-fruechtetee-lose-im-glas-koffeinfrei-fruchtig-aromatisch\\\/#breadcrumb\",\"itemListElement\":[{\"@type\":\"ListItem\",\"position\":1,\"name\":\"Portada\",\"item\":\"https:\\\/\\\/www.sempertea.eu\\\/de\\\/\"},{\"@type\":\"ListItem\",\"position\":2,\"name\":\"Shop\",\"item\":\"https:\\\/\\\/www.sempertea.eu\\\/de\\\/shop\\\/\"},{\"@type\":\"ListItem\",\"position\":3,\"name\":\"FR\u00dcCHTEKORB Bio-Fr\u00fcchtetee | Lose im Glas, koffeinfrei, fruchtig &amp; aromatisch\"}]},{\"@type\":\"WebSite\",\"@id\":\"https:\\\/\\\/www.sempertea.eu\\\/#website\",\"url\":\"https:\\\/\\\/www.sempertea.eu\\\/\",\"name\":\"Semper Tea | Mayorista y fabricante de T\u00e9s e Infusiones para hoteles, restaurantes y bares\",\"description\":\"T\u00e9s e infusiones para hosteler\u00eda, hoteler\u00eda y comercio\",\"potentialAction\":[{\"@type\":\"SearchAction\",\"target\":{\"@type\":\"EntryPoint\",\"urlTemplate\":\"https:\\\/\\\/www.sempertea.eu\\\/?s={search_term_string}\"},\"query-input\":{\"@type\":\"PropertyValueSpecification\",\"valueRequired\":true,\"valueName\":\"search_term_string\"}}],\"inLanguage\":\"de\"}]}<\/script>\n<!-- \/ Yoast SEO Premium plugin. -->","yoast_head_json":{"title":"Bio-Fr\u00fcchtetee | Loser Tee im Glas | Originelles Geschenk","description":"Bio-Fr\u00fcchtetee, Premium, koffeinfrei, Glasbeh\u00e4lter mit loser Ware. Lebendiger Geschmack nat\u00fcrliches Aroma. Perfekt f\u00fcr zu Hause, Gourmetl\u00e4den und Gastronomie.","robots":{"index":"index","follow":"follow","max-snippet":"max-snippet:-1","max-image-preview":"max-image-preview:large","max-video-preview":"max-video-preview:-1"},"canonical":"https:\/\/www.sempertea.eu\/de\/Produkte\/fruechtekorb-bio-fruechtetee-lose-im-glas-koffeinfrei-fruchtig-aromatisch\/","og_locale":"de_DE","og_type":"article","og_title":"FR\u00dcCHTEKORB Bio-Fr\u00fcchtetee | Lose im Glas, koffeinfrei, fruchtig &amp; aromatisch","og_description":"Bio-Fr\u00fcchtetee, Premium, koffeinfrei, Glasbeh\u00e4lter mit loser Ware. Lebendiger Geschmack nat\u00fcrliches Aroma. Perfekt f\u00fcr zu Hause, Gourmetl\u00e4den und Gastronomie.","og_url":"https:\/\/www.sempertea.eu\/de\/Produkte\/fruechtekorb-bio-fruechtetee-lose-im-glas-koffeinfrei-fruchtig-aromatisch\/","og_site_name":"Semper Tea | Mayorista y fabricante de T\u00e9s e Infusiones para hoteles, restaurantes y bares","article_modified_time":"2025-08-13T16:25:01+00:00","og_image":[{"width":1000,"height":1000,"url":"https:\/\/www.sempertea.eu\/wp-content\/uploads\/2025\/08\/fruechtetee-geschenkbox-eco-verpackungl-semper-tea-1.jpg","type":"image\/jpeg"}],"twitter_card":"summary_large_image","twitter_misc":{"Gesch\u00e4tzte Lesezeit":"1\u00a0Minute"},"schema":{"@context":"https:\/\/schema.org","@graph":[{"@type":"WebPage","@id":"https:\/\/www.sempertea.eu\/de\/Produkte\/fruechtekorb-bio-fruechtetee-lose-im-glas-koffeinfrei-fruchtig-aromatisch\/","url":"https:\/\/www.sempertea.eu\/de\/Produkte\/fruechtekorb-bio-fruechtetee-lose-im-glas-koffeinfrei-fruchtig-aromatisch\/","name":"Bio-Fr\u00fcchtetee | Loser Tee im Glas | Originelles Geschenk","isPartOf":{"@id":"https:\/\/www.sempertea.eu\/#website"},"primaryImageOfPage":{"@id":"https:\/\/www.sempertea.eu\/de\/Produkte\/fruechtekorb-bio-fruechtetee-lose-im-glas-koffeinfrei-fruchtig-aromatisch\/#primaryimage"},"image":{"@id":"https:\/\/www.sempertea.eu\/de\/Produkte\/fruechtekorb-bio-fruechtetee-lose-im-glas-koffeinfrei-fruchtig-aromatisch\/#primaryimage"},"thumbnailUrl":"https:\/\/www.sempertea.eu\/wp-content\/uploads\/2025\/08\/infusion-de-arandanos-hibisco-escaramujo-frutas-del-bosque-granel-semper-tea.jpg","datePublished":"2025-08-12T16:50:26+00:00","dateModified":"2025-08-13T16:25:01+00:00","description":"Bio-Fr\u00fcchtetee, Premium, koffeinfrei, Glasbeh\u00e4lter mit loser Ware. Lebendiger Geschmack nat\u00fcrliches Aroma. Perfekt f\u00fcr zu Hause, Gourmetl\u00e4den und Gastronomie.","breadcrumb":{"@id":"https:\/\/www.sempertea.eu\/de\/Produkte\/fruechtekorb-bio-fruechtetee-lose-im-glas-koffeinfrei-fruchtig-aromatisch\/#breadcrumb"},"inLanguage":"de","potentialAction":[{"@type":"ReadAction","target":["https:\/\/www.sempertea.eu\/de\/Produkte\/fruechtekorb-bio-fruechtetee-lose-im-glas-koffeinfrei-fruchtig-aromatisch\/"]}]},{"@type":"ImageObject","inLanguage":"de","@id":"https:\/\/www.sempertea.eu\/de\/Produkte\/fruechtekorb-bio-fruechtetee-lose-im-glas-koffeinfrei-fruchtig-aromatisch\/#primaryimage","url":"https:\/\/www.sempertea.eu\/wp-content\/uploads\/2025\/08\/infusion-de-arandanos-hibisco-escaramujo-frutas-del-bosque-granel-semper-tea.jpg","contentUrl":"https:\/\/www.sempertea.eu\/wp-content\/uploads\/2025\/08\/infusion-de-arandanos-hibisco-escaramujo-frutas-del-bosque-granel-semper-tea.jpg","width":1000,"height":1000,"caption":"Ar\u00e1ndanos con Hibisco \u2014 Infusi\u00f3n de frutas del bosque a granel"},{"@type":"BreadcrumbList","@id":"https:\/\/www.sempertea.eu\/de\/Produkte\/fruechtekorb-bio-fruechtetee-lose-im-glas-koffeinfrei-fruchtig-aromatisch\/#breadcrumb","itemListElement":[{"@type":"ListItem","position":1,"name":"Portada","item":"https:\/\/www.sempertea.eu\/de\/"},{"@type":"ListItem","position":2,"name":"Shop","item":"https:\/\/www.sempertea.eu\/de\/shop\/"},{"@type":"ListItem","position":3,"name":"FR\u00dcCHTEKORB Bio-Fr\u00fcchtetee | Lose im Glas, koffeinfrei, fruchtig &amp; aromatisch"}]},{"@type":"WebSite","@id":"https:\/\/www.sempertea.eu\/#website","url":"https:\/\/www.sempertea.eu\/","name":"Semper Tea | Mayorista y fabricante de T\u00e9s e Infusiones para hoteles, restaurantes y bares","description":"T\u00e9s e infusiones para hosteler\u00eda, hoteler\u00eda y comercio","potentialAction":[{"@type":"SearchAction","target":{"@type":"EntryPoint","urlTemplate":"https:\/\/www.sempertea.eu\/?s={search_term_string}"},"query-input":{"@type":"PropertyValueSpecification","valueRequired":true,"valueName":"search_term_string"}}],"inLanguage":"de"}]}},"_links":{"self":[{"href":"https:\/\/www.sempertea.eu\/de\/wp-json\/wp\/v2\/product\/18324","targetHints":{"allow":["GET"]}}],"collection":[{"href":"https:\/\/www.sempertea.eu\/de\/wp-json\/wp\/v2\/product"}],"about":[{"href":"https:\/\/www.sempertea.eu\/de\/wp-json\/wp\/v2\/types\/product"}],"replies":[{"embeddable":true,"href":"https:\/\/www.sempertea.eu\/de\/wp-json\/wp\/v2\/comments?post=18324"}],"wp:featuredmedia":[{"embeddable":true,"href":"https:\/\/www.sempertea.eu\/de\/wp-json\/wp\/v2\/media\/18264"}],"wp:attachment":[{"href":"https:\/\/www.sempertea.eu\/de\/wp-json\/wp\/v2\/media?parent=18324"}],"wp:term":[{"taxonomy":"product_brand","embeddable":true,"href":"https:\/\/www.sempertea.eu\/de\/wp-json\/wp\/v2\/product_brand?post=18324"},{"taxonomy":"product_cat","embeddable":true,"href":"https:\/\/www.sempertea.eu\/de\/wp-json\/wp\/v2\/product_cat?post=18324"},{"taxonomy":"product_tag","embeddable":true,"href":"https:\/\/www.sempertea.eu\/de\/wp-json\/wp\/v2\/product_tag?post=18324"}],"curies":[{"name":"wp","href":"https:\/\/api.w.org\/{rel}","templated":true}]}}