{"id":18206,"date":"2025-08-11T16:06:15","date_gmt":"2025-08-11T14:06:15","guid":{"rendered":"https:\/\/www.sempertea.eu\/cool-mint-bio-lose-minze-koffeinfrei-erfrischender-und-verdauungsfoerdernder-tee\/"},"modified":"2025-08-11T22:05:20","modified_gmt":"2025-08-11T20:05:20","slug":"pfefferminze-bio-horeca-kaufen-koffeinfrei-schneller-versand","status":"publish","type":"product","link":"https:\/\/www.sempertea.eu\/de\/Produkte\/pfefferminze-bio-horeca-kaufen-koffeinfrei-schneller-versand\/","title":{"rendered":"COOL MINT Bio Lose Minze (koffeinfrei) | Erfrischender und verdauungsf\u00f6rdernder Tee"},"content":{"rendered":"<h2>Frische, die man sp\u00fcrt! Bio-Pfefferminze \u201eBrise\u201c \u2013 Loser Kr\u00e4utertee im Papierbeutel f\u00fcr Zuhause, Einzelhandel &amp; Gastronomie (HORECA) | koffeinfrei | Schneller Versand | jetzt kaufen<\/h2>\n<p>Das nat\u00fcrliche Menthol der Bio-Pfefferminze (Mentha piperita) macht jeden Schluck zur Brise frischer Luft. Selbst hei\u00df aufgegossen bleibt ein k\u00fchlendes Mundgef\u00fchl \u2013 ideal, um den Gaumen zu \u201eresetten\u201c. Im Sommer als Eistee\/Kaltaufguss mit Eis und Zitronenscheibe, im Winter als beruhigende Kr\u00e4uterinfusion f\u00fcr den Abend. Koffeinfrei, bek\u00f6mmlich, aromatisch \u2013 jetzt lose im Papierbeutel kaufen.<\/p>\n<h3>Sofortiger Cool-Effekt dank Menthol<\/h3>\n<p>Angenehme Frische \u2013 sogar in der hei\u00dfen Tasse.<\/p>\n<p>Sanfter Start am Morgen: gilt als kreislaufanregend und macht wacher.<\/p>\n<p>Begleiter f\u00fcrs t\u00e4gliche Wohlbefinden: von vielen als wohltuend bei Spannungskopfschmerzen empfunden.<\/p>\n<h4>Koffeinfrei &amp; sanft: perfekt f\u00fcr jede Uhrzeit.<\/h4>\n<p>Barista-Tipp: F\u00fcr Cold Brew vom Feinsten: 6\u20138 Std. im K\u00fchlschrank kalt ziehen lassen, dann auf Eis servieren.<\/p>\n","protected":false},"excerpt":{"rendered":"<p><strong>Frisch und entspannend &#8211; ohne Koffein<\/strong><\/p>\n<p>Genie\u00dfe eine frische, beruhigende Infusion aus<strong> Bio-Pfefferminze <\/strong>in <strong>Premiumqualit\u00e4t<\/strong>. Der ausgewogene Geschmack mit nat\u00fcrlicher S\u00fc\u00dfe und intensivem Aroma sorgt f\u00fcr ein<strong> revitalisierendes Erlebnis<\/strong> in jeder Tasse. <strong>Koffeinfrei und bek\u00f6mmlich<\/strong> \u2013 Perfekt als <strong>Kaltaufguss\/Eistee<\/strong> an warmen Tagen oder wohltuend hei\u00df an Winterabenden.<\/p>\n","protected":false},"featured_media":16131,"comment_status":"open","ping_status":"closed","template":"","meta":[],"product_brand":[],"product_cat":[379,114,115,116,113,124,112,127,108,135],"product_tag":[],"class_list":{"0":"post-18206","1":"product","2":"type-product","3":"status-publish","4":"has-post-thumbnail","6":"product_cat-bio-tee-grosshandel-loser-tee","7":"product_cat-alle","8":"product_cat-alle-de","9":"product_cat-alle-de-2","10":"product_cat-biotees-sortiment-online-kaufen","11":"product_cat-teesortiment-formate-packaging-attraktiv-biotees-verpackung","12":"product_cat-krautertees-bio-teemischungen-herbal-ohne-koffein","13":"product_cat-loser-tee-im-papier-beutel-biotee-in-der-tute-nachhaltig","14":"product_cat-sortiment-tee-packaging-verpackung-attraktiv-biotees-design","15":"product_cat-uncategorized-de","17":"first","18":"instock","19":"shipping-taxable","20":"purchasable","21":"product-type-variable"},"yoast_head":"<!-- This site is optimized with the Yoast SEO Premium plugin v27.3 (Yoast SEO v27.3) - https:\/\/yoast.com\/product\/yoast-seo-premium-wordpress\/ -->\n<title>Pfefferminze bio HORECA kaufen (koffeinfrei) | Schneller Versand<\/title>\n<meta name=\"description\" content=\"Frisch entspannend - ohne Koffein. Minztee als Losen Tee kaufen. Besondere Geschenkidee. Ideal als Sommergetr\u00e4nk oder als wohltuender Tee bei kaltem Wetter.\" \/>\n<meta name=\"robots\" content=\"index, follow, max-snippet:-1, max-image-preview:large, max-video-preview:-1\" \/>\n<link rel=\"canonical\" href=\"https:\/\/www.sempertea.eu\/de\/Produkte\/pfefferminze-bio-horeca-kaufen-koffeinfrei-schneller-versand\/\" \/>\n<meta property=\"og:locale\" content=\"de_DE\" \/>\n<meta property=\"og:type\" content=\"article\" \/>\n<meta property=\"og:title\" content=\"COOL MINT Bio Lose Minze (koffeinfrei) | Erfrischender und verdauungsf\u00f6rdernder Tee\" \/>\n<meta property=\"og:description\" content=\"Frisch entspannend - ohne Koffein. Minztee als Losen Tee kaufen. Besondere Geschenkidee. Ideal als Sommergetr\u00e4nk oder als wohltuender Tee bei kaltem Wetter.\" \/>\n<meta property=\"og:url\" content=\"https:\/\/www.sempertea.eu\/de\/Produkte\/pfefferminze-bio-horeca-kaufen-koffeinfrei-schneller-versand\/\" \/>\n<meta property=\"og:site_name\" content=\"Semper Tea | Mayorista y fabricante de T\u00e9s e Infusiones para hoteles, restaurantes y bares\" \/>\n<meta property=\"article:modified_time\" content=\"2025-08-11T20:05:20+00:00\" \/>\n<meta property=\"og:image\" content=\"https:\/\/www.sempertea.eu\/wp-content\/uploads\/2025\/08\/horeca-minze-grosshandel-expressversand-gastronomie-semper-tea.jpg\" \/>\n\t<meta property=\"og:image:width\" content=\"664\" \/>\n\t<meta property=\"og:image:height\" content=\"664\" \/>\n\t<meta property=\"og:image:type\" content=\"image\/jpeg\" \/>\n<meta name=\"twitter:card\" content=\"summary_large_image\" \/>\n<meta name=\"twitter:label1\" content=\"Gesch\u00e4tzte Lesezeit\" \/>\n\t<meta name=\"twitter:data1\" content=\"1\u00a0Minute\" \/>\n<script type=\"application\/ld+json\" class=\"yoast-schema-graph\">{\"@context\":\"https:\\\/\\\/schema.org\",\"@graph\":[{\"@type\":\"WebPage\",\"@id\":\"https:\\\/\\\/www.sempertea.eu\\\/de\\\/Produkte\\\/pfefferminze-bio-horeca-kaufen-koffeinfrei-schneller-versand\\\/\",\"url\":\"https:\\\/\\\/www.sempertea.eu\\\/de\\\/Produkte\\\/pfefferminze-bio-horeca-kaufen-koffeinfrei-schneller-versand\\\/\",\"name\":\"Pfefferminze bio HORECA kaufen (koffeinfrei) | Schneller Versand\",\"isPartOf\":{\"@id\":\"https:\\\/\\\/www.sempertea.eu\\\/#website\"},\"primaryImageOfPage\":{\"@id\":\"https:\\\/\\\/www.sempertea.eu\\\/de\\\/Produkte\\\/pfefferminze-bio-horeca-kaufen-koffeinfrei-schneller-versand\\\/#primaryimage\"},\"image\":{\"@id\":\"https:\\\/\\\/www.sempertea.eu\\\/de\\\/Produkte\\\/pfefferminze-bio-horeca-kaufen-koffeinfrei-schneller-versand\\\/#primaryimage\"},\"thumbnailUrl\":\"https:\\\/\\\/www.sempertea.eu\\\/wp-content\\\/uploads\\\/2025\\\/06\\\/infusion-menta-hoja-entera-granel-refrescante-natural-semper-tea.jpg\",\"datePublished\":\"2025-08-11T14:06:15+00:00\",\"dateModified\":\"2025-08-11T20:05:20+00:00\",\"description\":\"Frisch entspannend - ohne Koffein. Minztee als Losen Tee kaufen. Besondere Geschenkidee. Ideal als Sommergetr\u00e4nk oder als wohltuender Tee bei kaltem Wetter.\",\"breadcrumb\":{\"@id\":\"https:\\\/\\\/www.sempertea.eu\\\/de\\\/Produkte\\\/pfefferminze-bio-horeca-kaufen-koffeinfrei-schneller-versand\\\/#breadcrumb\"},\"inLanguage\":\"de\",\"potentialAction\":[{\"@type\":\"ReadAction\",\"target\":[\"https:\\\/\\\/www.sempertea.eu\\\/de\\\/Produkte\\\/pfefferminze-bio-horeca-kaufen-koffeinfrei-schneller-versand\\\/\"]}]},{\"@type\":\"ImageObject\",\"inLanguage\":\"de\",\"@id\":\"https:\\\/\\\/www.sempertea.eu\\\/de\\\/Produkte\\\/pfefferminze-bio-horeca-kaufen-koffeinfrei-schneller-versand\\\/#primaryimage\",\"url\":\"https:\\\/\\\/www.sempertea.eu\\\/wp-content\\\/uploads\\\/2025\\\/06\\\/infusion-menta-hoja-entera-granel-refrescante-natural-semper-tea.jpg\",\"contentUrl\":\"https:\\\/\\\/www.sempertea.eu\\\/wp-content\\\/uploads\\\/2025\\\/06\\\/infusion-menta-hoja-entera-granel-refrescante-natural-semper-tea.jpg\",\"width\":664,\"height\":664,\"caption\":\"infusion menta hoja entera granel refrescante natural semper tea\"},{\"@type\":\"BreadcrumbList\",\"@id\":\"https:\\\/\\\/www.sempertea.eu\\\/de\\\/Produkte\\\/pfefferminze-bio-horeca-kaufen-koffeinfrei-schneller-versand\\\/#breadcrumb\",\"itemListElement\":[{\"@type\":\"ListItem\",\"position\":1,\"name\":\"Portada\",\"item\":\"https:\\\/\\\/www.sempertea.eu\\\/de\\\/\"},{\"@type\":\"ListItem\",\"position\":2,\"name\":\"Shop\",\"item\":\"https:\\\/\\\/www.sempertea.eu\\\/de\\\/shop\\\/\"},{\"@type\":\"ListItem\",\"position\":3,\"name\":\"COOL MINT Bio Lose Minze (koffeinfrei) | Erfrischender und verdauungsf\u00f6rdernder Tee\"}]},{\"@type\":\"WebSite\",\"@id\":\"https:\\\/\\\/www.sempertea.eu\\\/#website\",\"url\":\"https:\\\/\\\/www.sempertea.eu\\\/\",\"name\":\"Semper Tea | Mayorista y fabricante de T\u00e9s e Infusiones para hoteles, restaurantes y bares\",\"description\":\"T\u00e9s e infusiones para hosteler\u00eda, hoteler\u00eda y comercio\",\"potentialAction\":[{\"@type\":\"SearchAction\",\"target\":{\"@type\":\"EntryPoint\",\"urlTemplate\":\"https:\\\/\\\/www.sempertea.eu\\\/?s={search_term_string}\"},\"query-input\":{\"@type\":\"PropertyValueSpecification\",\"valueRequired\":true,\"valueName\":\"search_term_string\"}}],\"inLanguage\":\"de\"}]}<\/script>\n<!-- \/ Yoast SEO Premium plugin. -->","yoast_head_json":{"title":"Pfefferminze bio HORECA kaufen (koffeinfrei) | Schneller Versand","description":"Frisch entspannend - ohne Koffein. Minztee als Losen Tee kaufen. Besondere Geschenkidee. Ideal als Sommergetr\u00e4nk oder als wohltuender Tee bei kaltem Wetter.","robots":{"index":"index","follow":"follow","max-snippet":"max-snippet:-1","max-image-preview":"max-image-preview:large","max-video-preview":"max-video-preview:-1"},"canonical":"https:\/\/www.sempertea.eu\/de\/Produkte\/pfefferminze-bio-horeca-kaufen-koffeinfrei-schneller-versand\/","og_locale":"de_DE","og_type":"article","og_title":"COOL MINT Bio Lose Minze (koffeinfrei) | Erfrischender und verdauungsf\u00f6rdernder Tee","og_description":"Frisch entspannend - ohne Koffein. Minztee als Losen Tee kaufen. Besondere Geschenkidee. Ideal als Sommergetr\u00e4nk oder als wohltuender Tee bei kaltem Wetter.","og_url":"https:\/\/www.sempertea.eu\/de\/Produkte\/pfefferminze-bio-horeca-kaufen-koffeinfrei-schneller-versand\/","og_site_name":"Semper Tea | Mayorista y fabricante de T\u00e9s e Infusiones para hoteles, restaurantes y bares","article_modified_time":"2025-08-11T20:05:20+00:00","og_image":[{"width":664,"height":664,"url":"https:\/\/www.sempertea.eu\/wp-content\/uploads\/2025\/08\/horeca-minze-grosshandel-expressversand-gastronomie-semper-tea.jpg","type":"image\/jpeg"}],"twitter_card":"summary_large_image","twitter_misc":{"Gesch\u00e4tzte Lesezeit":"1\u00a0Minute"},"schema":{"@context":"https:\/\/schema.org","@graph":[{"@type":"WebPage","@id":"https:\/\/www.sempertea.eu\/de\/Produkte\/pfefferminze-bio-horeca-kaufen-koffeinfrei-schneller-versand\/","url":"https:\/\/www.sempertea.eu\/de\/Produkte\/pfefferminze-bio-horeca-kaufen-koffeinfrei-schneller-versand\/","name":"Pfefferminze bio HORECA kaufen (koffeinfrei) | Schneller Versand","isPartOf":{"@id":"https:\/\/www.sempertea.eu\/#website"},"primaryImageOfPage":{"@id":"https:\/\/www.sempertea.eu\/de\/Produkte\/pfefferminze-bio-horeca-kaufen-koffeinfrei-schneller-versand\/#primaryimage"},"image":{"@id":"https:\/\/www.sempertea.eu\/de\/Produkte\/pfefferminze-bio-horeca-kaufen-koffeinfrei-schneller-versand\/#primaryimage"},"thumbnailUrl":"https:\/\/www.sempertea.eu\/wp-content\/uploads\/2025\/06\/infusion-menta-hoja-entera-granel-refrescante-natural-semper-tea.jpg","datePublished":"2025-08-11T14:06:15+00:00","dateModified":"2025-08-11T20:05:20+00:00","description":"Frisch entspannend - ohne Koffein. Minztee als Losen Tee kaufen. Besondere Geschenkidee. Ideal als Sommergetr\u00e4nk oder als wohltuender Tee bei kaltem Wetter.","breadcrumb":{"@id":"https:\/\/www.sempertea.eu\/de\/Produkte\/pfefferminze-bio-horeca-kaufen-koffeinfrei-schneller-versand\/#breadcrumb"},"inLanguage":"de","potentialAction":[{"@type":"ReadAction","target":["https:\/\/www.sempertea.eu\/de\/Produkte\/pfefferminze-bio-horeca-kaufen-koffeinfrei-schneller-versand\/"]}]},{"@type":"ImageObject","inLanguage":"de","@id":"https:\/\/www.sempertea.eu\/de\/Produkte\/pfefferminze-bio-horeca-kaufen-koffeinfrei-schneller-versand\/#primaryimage","url":"https:\/\/www.sempertea.eu\/wp-content\/uploads\/2025\/06\/infusion-menta-hoja-entera-granel-refrescante-natural-semper-tea.jpg","contentUrl":"https:\/\/www.sempertea.eu\/wp-content\/uploads\/2025\/06\/infusion-menta-hoja-entera-granel-refrescante-natural-semper-tea.jpg","width":664,"height":664,"caption":"infusion menta hoja entera granel refrescante natural semper tea"},{"@type":"BreadcrumbList","@id":"https:\/\/www.sempertea.eu\/de\/Produkte\/pfefferminze-bio-horeca-kaufen-koffeinfrei-schneller-versand\/#breadcrumb","itemListElement":[{"@type":"ListItem","position":1,"name":"Portada","item":"https:\/\/www.sempertea.eu\/de\/"},{"@type":"ListItem","position":2,"name":"Shop","item":"https:\/\/www.sempertea.eu\/de\/shop\/"},{"@type":"ListItem","position":3,"name":"COOL MINT Bio Lose Minze (koffeinfrei) | Erfrischender und verdauungsf\u00f6rdernder Tee"}]},{"@type":"WebSite","@id":"https:\/\/www.sempertea.eu\/#website","url":"https:\/\/www.sempertea.eu\/","name":"Semper Tea | Mayorista y fabricante de T\u00e9s e Infusiones para hoteles, restaurantes y bares","description":"T\u00e9s e infusiones para hosteler\u00eda, hoteler\u00eda y comercio","potentialAction":[{"@type":"SearchAction","target":{"@type":"EntryPoint","urlTemplate":"https:\/\/www.sempertea.eu\/?s={search_term_string}"},"query-input":{"@type":"PropertyValueSpecification","valueRequired":true,"valueName":"search_term_string"}}],"inLanguage":"de"}]}},"_links":{"self":[{"href":"https:\/\/www.sempertea.eu\/de\/wp-json\/wp\/v2\/product\/18206","targetHints":{"allow":["GET"]}}],"collection":[{"href":"https:\/\/www.sempertea.eu\/de\/wp-json\/wp\/v2\/product"}],"about":[{"href":"https:\/\/www.sempertea.eu\/de\/wp-json\/wp\/v2\/types\/product"}],"replies":[{"embeddable":true,"href":"https:\/\/www.sempertea.eu\/de\/wp-json\/wp\/v2\/comments?post=18206"}],"wp:featuredmedia":[{"embeddable":true,"href":"https:\/\/www.sempertea.eu\/de\/wp-json\/wp\/v2\/media\/16131"}],"wp:attachment":[{"href":"https:\/\/www.sempertea.eu\/de\/wp-json\/wp\/v2\/media?parent=18206"}],"wp:term":[{"taxonomy":"product_brand","embeddable":true,"href":"https:\/\/www.sempertea.eu\/de\/wp-json\/wp\/v2\/product_brand?post=18206"},{"taxonomy":"product_cat","embeddable":true,"href":"https:\/\/www.sempertea.eu\/de\/wp-json\/wp\/v2\/product_cat?post=18206"},{"taxonomy":"product_tag","embeddable":true,"href":"https:\/\/www.sempertea.eu\/de\/wp-json\/wp\/v2\/product_tag?post=18206"}],"curies":[{"name":"wp","href":"https:\/\/api.w.org\/{rel}","templated":true}]}}