{"id":17176,"date":"2025-07-20T13:57:39","date_gmt":"2025-07-20T11:57:39","guid":{"rendered":"https:\/\/www.sempertea.eu\/earl-grey-schwarztee-mit-echter-bergamotte-kompstierbare-teepyramiden\/"},"modified":"2025-07-20T15:00:43","modified_gmt":"2025-07-20T13:00:43","slug":"earl-grey-schwarztee-mit-echter-bergamotte-teepyramiden-ohne-plastik","status":"publish","type":"product","link":"https:\/\/www.sempertea.eu\/de\/Produkte\/earl-grey-schwarztee-mit-echter-bergamotte-teepyramiden-ohne-plastik\/","title":{"rendered":"EARL GREY Schwarztee mit echter Bergamotte | TeePyramiden ohne Plastik"},"content":{"rendered":"<h2>Earl Grey Tee in Pyramiden \u2013 Schwarzer Bio-Tee mit Bergamotte \u2013 Aromatisch &amp; elegant &#8211; Komostierbar nach EU Standard EN 13432<\/h2>\n<p>Der <strong>Bio-Earl-Grey-Schwarztee von Semper Tea<\/strong> verbindet Tradition mit moderner Pr\u00e4sentation. Unser aromatisierter <strong>Schwarztee in praktischen, biologisch abbaubaren Pyramidenbeuteln<\/strong> bietet den charakteristischen Geschmack von <strong>echter Bergamotte<\/strong> \u2013 frisch, elegant und ausbalanciert. Jede Pyramide enth\u00e4lt hochwertige, lose Teebl\u00e4tter, die sich im Wasser voll entfalten und ein intensives, aber harmonisches Aroma erzeugen.<\/p>\n<p>Besonders f\u00fcr Fachgesch\u00e4fte, Hotels, Caf\u00e9s und Wellnessbereiche ist dieser Tee die perfekte Wahl: Die losen Pyramiden erm\u00f6glichen eine flexible Zubereitung im t\u00e4glichen Einsatz, sei es im Buffetbereich, im Service oder im Verkauf.<\/p>\n<p>Die Gro\u00dfpackung bietet wirtschaftliche Vorteile ohne Kompromisse bei der Qualit\u00e4t. Hergestellt in Spanien unter \u00f6kologischen Standards, ist unser Earl Grey frei von Mikroplastik, <strong>Verpackung und Inhalt sind plastikfrei <\/strong>und umweltschonend.<\/p>\n<p>Ob mit einem Spritzer Milch nach englischer Art oder pur \u2013 dieser Tee ist ein echtes Geschmackserlebnis. \u00dcberzeugen Sie Ihre Kundschaft mit einem <strong>Premiumprodukt,<\/strong> das sowohl im Einzelhandel als auch in der Gastronomie gl\u00e4nzt.<\/p>\n<p>Auch<strong> f\u00fcr private Teeliebhaber<\/strong>, die Wert auf Qualit\u00e4t und Umweltbewusstsein legen, ist dieses Produkt ideal geeignet.<\/p>\n","protected":false},"excerpt":{"rendered":"<p><strong>Der Charme des Earl Grey mit Bergamotte<\/strong><\/p>\n<p>Eleganter Earl Grey Schwarztee mit feinem nat\u00fcrlichen Bergamotte-Aroma in biologisch abbaubaren Pyramidenbeuteln. Ideal f\u00fcr Feinkostl\u00e4den, Teefachgesch\u00e4fte, Hotellerie und Zuhause. Unser aromatisierter Schwarztee kombiniert hochwertige Teebl\u00e4tter mit echter Bergamotte f\u00fcr ein klassisches Geschmackserlebnis.<\/p>\n","protected":false},"featured_media":10660,"comment_status":"open","ping_status":"closed","template":"","meta":[],"product_brand":[],"product_cat":[132,114,115,116,110,113,124,128,127,117,108,135],"product_tag":[258],"class_list":{"0":"post-17176","1":"product","2":"type-product","3":"status-publish","4":"has-post-thumbnail","6":"product_cat-tee-ohne-plastik-verpackung-biotees-natur-plastikfrei","7":"product_cat-alle","8":"product_cat-alle-de","9":"product_cat-alle-de-2","10":"product_cat-biologisch-abbaubare-pyramide-teebeutel-biotee-kompostierbar","11":"product_cat-biotees-sortiment-online-kaufen","12":"product_cat-teesortiment-formate-packaging-attraktiv-biotees-verpackung","13":"product_cat-teebeutel-ohne-mikroplastik-plastikfreie-teepyramiden","14":"product_cat-loser-tee-im-papier-beutel-biotee-in-der-tute-nachhaltig","15":"product_cat-schwarzer-tee-in-bio-qualitaet-kaufen","16":"product_cat-sortiment-tee-packaging-verpackung-attraktiv-biotees-design","17":"product_cat-uncategorized-de","18":"product_tag-lava40-de","20":"first","21":"instock","22":"shipping-taxable","23":"purchasable","24":"product-type-variable"},"yoast_head":"<!-- This site is optimized with the Yoast SEO Premium plugin v27.3 (Yoast SEO v27.4) - https:\/\/yoast.com\/product\/yoast-seo-premium-wordpress\/ -->\n<title>Earl Grey Tee in Pyramiden ohne Plastik | Bio Schwarztee mit Bergamotte<\/title>\n<meta name=\"description\" content=\"Earl Grey Tee mit Bergamotte TeePyramiden | Premiumtee ohne Mikroplastik | Gastronomie und f\u00fcr Zuhause | Biologisch abbaubar Kompostierbar\" \/>\n<meta name=\"robots\" content=\"index, follow, max-snippet:-1, max-image-preview:large, max-video-preview:-1\" \/>\n<link rel=\"canonical\" href=\"https:\/\/www.sempertea.eu\/de\/Produkte\/earl-grey-schwarztee-mit-echter-bergamotte-teepyramiden-ohne-plastik\/\" \/>\n<meta property=\"og:locale\" content=\"de_DE\" \/>\n<meta property=\"og:type\" content=\"article\" \/>\n<meta property=\"og:title\" content=\"EARL GREY Schwarztee mit echter Bergamotte | TeePyramiden ohne Plastik\" \/>\n<meta property=\"og:description\" content=\"Earl Grey Tee mit Bergamotte TeePyramiden | Premiumtee ohne Mikroplastik | Gastronomie und f\u00fcr Zuhause | Biologisch abbaubar Kompostierbar\" \/>\n<meta property=\"og:url\" content=\"https:\/\/www.sempertea.eu\/de\/Produkte\/earl-grey-schwarztee-mit-echter-bergamotte-teepyramiden-ohne-plastik\/\" \/>\n<meta property=\"og:site_name\" content=\"Semper Tea | Mayorista y fabricante de T\u00e9s e Infusiones para hoteles, restaurantes y bares\" \/>\n<meta property=\"article:modified_time\" content=\"2025-07-20T13:00:43+00:00\" \/>\n<meta property=\"og:image\" content=\"https:\/\/www.sempertea.eu\/wp-content\/uploads\/2024\/07\/piramide-biodegradable-te-mayorista-earl-grey-semper-tea.jpg\" \/>\n\t<meta property=\"og:image:width\" content=\"1000\" \/>\n\t<meta property=\"og:image:height\" content=\"1000\" \/>\n\t<meta property=\"og:image:type\" content=\"image\/jpeg\" \/>\n<meta name=\"twitter:card\" content=\"summary_large_image\" \/>\n<meta name=\"twitter:label1\" content=\"Gesch\u00e4tzte Lesezeit\" \/>\n\t<meta name=\"twitter:data1\" content=\"2\u00a0Minuten\" \/>\n<script type=\"application\/ld+json\" class=\"yoast-schema-graph\">{\"@context\":\"https:\\\/\\\/schema.org\",\"@graph\":[{\"@type\":\"WebPage\",\"@id\":\"https:\\\/\\\/www.sempertea.eu\\\/de\\\/Produkte\\\/earl-grey-schwarztee-mit-echter-bergamotte-teepyramiden-ohne-plastik\\\/\",\"url\":\"https:\\\/\\\/www.sempertea.eu\\\/de\\\/Produkte\\\/earl-grey-schwarztee-mit-echter-bergamotte-teepyramiden-ohne-plastik\\\/\",\"name\":\"Earl Grey Tee in Pyramiden ohne Plastik | Bio Schwarztee mit Bergamotte\",\"isPartOf\":{\"@id\":\"https:\\\/\\\/www.sempertea.eu\\\/#website\"},\"primaryImageOfPage\":{\"@id\":\"https:\\\/\\\/www.sempertea.eu\\\/de\\\/Produkte\\\/earl-grey-schwarztee-mit-echter-bergamotte-teepyramiden-ohne-plastik\\\/#primaryimage\"},\"image\":{\"@id\":\"https:\\\/\\\/www.sempertea.eu\\\/de\\\/Produkte\\\/earl-grey-schwarztee-mit-echter-bergamotte-teepyramiden-ohne-plastik\\\/#primaryimage\"},\"thumbnailUrl\":\"https:\\\/\\\/www.sempertea.eu\\\/wp-content\\\/uploads\\\/2024\\\/07\\\/piramide-biodegradable-te-mayorista-earl-grey-semper-tea.jpg\",\"datePublished\":\"2025-07-20T11:57:39+00:00\",\"dateModified\":\"2025-07-20T13:00:43+00:00\",\"description\":\"Earl Grey Tee mit Bergamotte TeePyramiden | Premiumtee ohne Mikroplastik | Gastronomie und f\u00fcr Zuhause | Biologisch abbaubar Kompostierbar\",\"breadcrumb\":{\"@id\":\"https:\\\/\\\/www.sempertea.eu\\\/de\\\/Produkte\\\/earl-grey-schwarztee-mit-echter-bergamotte-teepyramiden-ohne-plastik\\\/#breadcrumb\"},\"inLanguage\":\"de\",\"potentialAction\":[{\"@type\":\"ReadAction\",\"target\":[\"https:\\\/\\\/www.sempertea.eu\\\/de\\\/Produkte\\\/earl-grey-schwarztee-mit-echter-bergamotte-teepyramiden-ohne-plastik\\\/\"]}]},{\"@type\":\"ImageObject\",\"inLanguage\":\"de\",\"@id\":\"https:\\\/\\\/www.sempertea.eu\\\/de\\\/Produkte\\\/earl-grey-schwarztee-mit-echter-bergamotte-teepyramiden-ohne-plastik\\\/#primaryimage\",\"url\":\"https:\\\/\\\/www.sempertea.eu\\\/wp-content\\\/uploads\\\/2024\\\/07\\\/piramide-biodegradable-te-mayorista-earl-grey-semper-tea.jpg\",\"contentUrl\":\"https:\\\/\\\/www.sempertea.eu\\\/wp-content\\\/uploads\\\/2024\\\/07\\\/piramide-biodegradable-te-mayorista-earl-grey-semper-tea.jpg\",\"width\":1000,\"height\":1000,\"caption\":\"piramide biodegradable te mayorista earl grey semper tea\"},{\"@type\":\"BreadcrumbList\",\"@id\":\"https:\\\/\\\/www.sempertea.eu\\\/de\\\/Produkte\\\/earl-grey-schwarztee-mit-echter-bergamotte-teepyramiden-ohne-plastik\\\/#breadcrumb\",\"itemListElement\":[{\"@type\":\"ListItem\",\"position\":1,\"name\":\"Portada\",\"item\":\"https:\\\/\\\/www.sempertea.eu\\\/de\\\/\"},{\"@type\":\"ListItem\",\"position\":2,\"name\":\"Shop\",\"item\":\"https:\\\/\\\/www.sempertea.eu\\\/de\\\/shop\\\/\"},{\"@type\":\"ListItem\",\"position\":3,\"name\":\"EARL GREY Schwarztee mit echter Bergamotte | TeePyramiden ohne Plastik\"}]},{\"@type\":\"WebSite\",\"@id\":\"https:\\\/\\\/www.sempertea.eu\\\/#website\",\"url\":\"https:\\\/\\\/www.sempertea.eu\\\/\",\"name\":\"Semper Tea | Mayorista y fabricante de T\u00e9s e Infusiones para hoteles, restaurantes y bares\",\"description\":\"T\u00e9s e infusiones para hosteler\u00eda, hoteler\u00eda y comercio\",\"potentialAction\":[{\"@type\":\"SearchAction\",\"target\":{\"@type\":\"EntryPoint\",\"urlTemplate\":\"https:\\\/\\\/www.sempertea.eu\\\/?s={search_term_string}\"},\"query-input\":{\"@type\":\"PropertyValueSpecification\",\"valueRequired\":true,\"valueName\":\"search_term_string\"}}],\"inLanguage\":\"de\"}]}<\/script>\n<!-- \/ Yoast SEO Premium plugin. -->","yoast_head_json":{"title":"Earl Grey Tee in Pyramiden ohne Plastik | Bio Schwarztee mit Bergamotte","description":"Earl Grey Tee mit Bergamotte TeePyramiden | Premiumtee ohne Mikroplastik | Gastronomie und f\u00fcr Zuhause | Biologisch abbaubar Kompostierbar","robots":{"index":"index","follow":"follow","max-snippet":"max-snippet:-1","max-image-preview":"max-image-preview:large","max-video-preview":"max-video-preview:-1"},"canonical":"https:\/\/www.sempertea.eu\/de\/Produkte\/earl-grey-schwarztee-mit-echter-bergamotte-teepyramiden-ohne-plastik\/","og_locale":"de_DE","og_type":"article","og_title":"EARL GREY Schwarztee mit echter Bergamotte | TeePyramiden ohne Plastik","og_description":"Earl Grey Tee mit Bergamotte TeePyramiden | Premiumtee ohne Mikroplastik | Gastronomie und f\u00fcr Zuhause | Biologisch abbaubar Kompostierbar","og_url":"https:\/\/www.sempertea.eu\/de\/Produkte\/earl-grey-schwarztee-mit-echter-bergamotte-teepyramiden-ohne-plastik\/","og_site_name":"Semper Tea | Mayorista y fabricante de T\u00e9s e Infusiones para hoteles, restaurantes y bares","article_modified_time":"2025-07-20T13:00:43+00:00","og_image":[{"width":1000,"height":1000,"url":"https:\/\/www.sempertea.eu\/wp-content\/uploads\/2024\/07\/piramide-biodegradable-te-mayorista-earl-grey-semper-tea.jpg","type":"image\/jpeg"}],"twitter_card":"summary_large_image","twitter_misc":{"Gesch\u00e4tzte Lesezeit":"2\u00a0Minuten"},"schema":{"@context":"https:\/\/schema.org","@graph":[{"@type":"WebPage","@id":"https:\/\/www.sempertea.eu\/de\/Produkte\/earl-grey-schwarztee-mit-echter-bergamotte-teepyramiden-ohne-plastik\/","url":"https:\/\/www.sempertea.eu\/de\/Produkte\/earl-grey-schwarztee-mit-echter-bergamotte-teepyramiden-ohne-plastik\/","name":"Earl Grey Tee in Pyramiden ohne Plastik | Bio Schwarztee mit Bergamotte","isPartOf":{"@id":"https:\/\/www.sempertea.eu\/#website"},"primaryImageOfPage":{"@id":"https:\/\/www.sempertea.eu\/de\/Produkte\/earl-grey-schwarztee-mit-echter-bergamotte-teepyramiden-ohne-plastik\/#primaryimage"},"image":{"@id":"https:\/\/www.sempertea.eu\/de\/Produkte\/earl-grey-schwarztee-mit-echter-bergamotte-teepyramiden-ohne-plastik\/#primaryimage"},"thumbnailUrl":"https:\/\/www.sempertea.eu\/wp-content\/uploads\/2024\/07\/piramide-biodegradable-te-mayorista-earl-grey-semper-tea.jpg","datePublished":"2025-07-20T11:57:39+00:00","dateModified":"2025-07-20T13:00:43+00:00","description":"Earl Grey Tee mit Bergamotte TeePyramiden | Premiumtee ohne Mikroplastik | Gastronomie und f\u00fcr Zuhause | Biologisch abbaubar Kompostierbar","breadcrumb":{"@id":"https:\/\/www.sempertea.eu\/de\/Produkte\/earl-grey-schwarztee-mit-echter-bergamotte-teepyramiden-ohne-plastik\/#breadcrumb"},"inLanguage":"de","potentialAction":[{"@type":"ReadAction","target":["https:\/\/www.sempertea.eu\/de\/Produkte\/earl-grey-schwarztee-mit-echter-bergamotte-teepyramiden-ohne-plastik\/"]}]},{"@type":"ImageObject","inLanguage":"de","@id":"https:\/\/www.sempertea.eu\/de\/Produkte\/earl-grey-schwarztee-mit-echter-bergamotte-teepyramiden-ohne-plastik\/#primaryimage","url":"https:\/\/www.sempertea.eu\/wp-content\/uploads\/2024\/07\/piramide-biodegradable-te-mayorista-earl-grey-semper-tea.jpg","contentUrl":"https:\/\/www.sempertea.eu\/wp-content\/uploads\/2024\/07\/piramide-biodegradable-te-mayorista-earl-grey-semper-tea.jpg","width":1000,"height":1000,"caption":"piramide biodegradable te mayorista earl grey semper tea"},{"@type":"BreadcrumbList","@id":"https:\/\/www.sempertea.eu\/de\/Produkte\/earl-grey-schwarztee-mit-echter-bergamotte-teepyramiden-ohne-plastik\/#breadcrumb","itemListElement":[{"@type":"ListItem","position":1,"name":"Portada","item":"https:\/\/www.sempertea.eu\/de\/"},{"@type":"ListItem","position":2,"name":"Shop","item":"https:\/\/www.sempertea.eu\/de\/shop\/"},{"@type":"ListItem","position":3,"name":"EARL GREY Schwarztee mit echter Bergamotte | TeePyramiden ohne Plastik"}]},{"@type":"WebSite","@id":"https:\/\/www.sempertea.eu\/#website","url":"https:\/\/www.sempertea.eu\/","name":"Semper Tea | Mayorista y fabricante de T\u00e9s e Infusiones para hoteles, restaurantes y bares","description":"T\u00e9s e infusiones para hosteler\u00eda, hoteler\u00eda y comercio","potentialAction":[{"@type":"SearchAction","target":{"@type":"EntryPoint","urlTemplate":"https:\/\/www.sempertea.eu\/?s={search_term_string}"},"query-input":{"@type":"PropertyValueSpecification","valueRequired":true,"valueName":"search_term_string"}}],"inLanguage":"de"}]}},"_links":{"self":[{"href":"https:\/\/www.sempertea.eu\/de\/wp-json\/wp\/v2\/product\/17176","targetHints":{"allow":["GET"]}}],"collection":[{"href":"https:\/\/www.sempertea.eu\/de\/wp-json\/wp\/v2\/product"}],"about":[{"href":"https:\/\/www.sempertea.eu\/de\/wp-json\/wp\/v2\/types\/product"}],"replies":[{"embeddable":true,"href":"https:\/\/www.sempertea.eu\/de\/wp-json\/wp\/v2\/comments?post=17176"}],"wp:featuredmedia":[{"embeddable":true,"href":"https:\/\/www.sempertea.eu\/de\/wp-json\/wp\/v2\/media\/10660"}],"wp:attachment":[{"href":"https:\/\/www.sempertea.eu\/de\/wp-json\/wp\/v2\/media?parent=17176"}],"wp:term":[{"taxonomy":"product_brand","embeddable":true,"href":"https:\/\/www.sempertea.eu\/de\/wp-json\/wp\/v2\/product_brand?post=17176"},{"taxonomy":"product_cat","embeddable":true,"href":"https:\/\/www.sempertea.eu\/de\/wp-json\/wp\/v2\/product_cat?post=17176"},{"taxonomy":"product_tag","embeddable":true,"href":"https:\/\/www.sempertea.eu\/de\/wp-json\/wp\/v2\/product_tag?post=17176"}],"curies":[{"name":"wp","href":"https:\/\/api.w.org\/{rel}","templated":true}]}}