{"id":17015,"date":"2025-07-13T23:47:53","date_gmt":"2025-07-13T22:35:37","guid":{"rendered":"https:\/\/www.sempertea.eu\/earl-grey-noble-bio-schwarztee-mit-bergamotte-natuerliches-aroma\/"},"modified":"2025-07-14T00:39:27","modified_gmt":"2025-07-13T22:39:27","slug":"earl-grey-noble-bio-schwarztee-mit-bergamotte-natuerliches-aroma","status":"publish","type":"product","link":"https:\/\/www.sempertea.eu\/de\/Produkte\/earl-grey-noble-bio-schwarztee-mit-bergamotte-natuerliches-aroma\/","title":{"rendered":"EARL GREY NOBLE Bio-Schwarztee mit Bergamotte | Nat\u00fcrliches Aroma"},"content":{"rendered":"<div class=\"et_pb_module et_pb_post_title et_pb_post_title_0 et_pb_bg_layout_light et_pb_text_align_left\">\n<div class=\"et_pb_title_container\">\n<h2 class=\"entry-title\">Earl Grey Bio \u2013 Premium Tee f\u00fcr Teeliebhaber \u2013 Aromatischer Genuss in edler Verpackung<\/h2>\n<\/div>\n<\/div>\n<div class=\"et_pb_module et_pb_text et_pb_text_0 et_pb_bg_layout_light et_pb_text_align_left\">\n<div class=\"et_pb_text_inner\">\n<p>Der <strong>ideale Wohlf\u00fchltee<\/strong> am Nachmittag. Es handelt sich um einen <strong>kr\u00e4ftigen, schwarzen Tee mit intensivem Geschmack<\/strong>. Aromatisiert mit \u00e4therischen \u00d6len aus <a href=\"https:\/\/npgsweb.ars-grin.gov\/gringlobal\/taxonomydetail.aspx?10698\">Bergamottenrinde<\/a>. Eine Zitrusfrucht, die ihm seinen charakteristischen Geschmack und seine Aromen verleiht. Diese einzigartige Frucht, die aus dem Mittelmeerraum stammt, hat einen sehr blumigen Geschmack. Er \u00e4hnelt einer Mischung aus Orange und Zitrone, mit einem Hauch von Limette und Grapefruit.<\/p>\n<\/div>\n<\/div>\n<h3>Earl Grey, ein Klassiker mit vielen Geschichten<\/h3>\n<p>Earl Grey ist einer der bekanntesten Tees der Welt. Es ist ein kr\u00e4ftiger Schwarztee mit einem intensiven Aroma. Aromatisiert mit \u00e4therischen \u00d6len aus der Bergamottenrinde, die ihm seinen charakteristischen Geschmack und sein Aroma verleihen. Diese einzigartige Frucht, die im Mittelmeerraum beheimatet ist, hat einen sehr blumigen Geschmack. Sie \u00e4hnelt einer Mischung aus Orange und Zitrone mit einem Hauch von Limette und Grapefruit.<\/p>\n<p>Geschichte des <a href=\"https:\/\/en.wikipedia.org\/wiki\/Earl_Grey\"><strong>Earl Grey Tees Duftende <\/strong><\/a>und aromatisierte Tees entstanden in China w\u00e4hrend der Tang-Dynastie (618-907). Damals pressten die <a href=\"https:\/\/www.gov.uk\/government\/history\/past-prime-ministers\/charles-grey-2nd-earl-grey\">Teebauern die frischen Bl\u00e4tter zu einem <strong>konzentrierten Tee<\/strong><\/a>, den sie dann durch Mischen von Kr\u00e4utern parf\u00fcmierten, um ihm ein st\u00e4rkeres Aroma zu verleihen. Sp\u00e4ter kamen Blumen und Gew\u00fcrze hinzu.<\/p>\n<p>Insbesondere \u00fcber die Herkunft des Earl Grey\u00b4s kursieren mehrere Theorien. Fast alle sind sich einig, dass der Name auf einen englischen Grafen, Sir Charles Grey, zur\u00fcckzuf\u00fchren ist. Er war nicht nur Adeliger, sondern im <a href=\"https:\/\/en.m.wikipedia.org\/wiki\/Earl_Grey_tea\"><strong>neunzehnten Jahrhundert auch Premierminister<\/strong><\/a>.<\/p>\n","protected":false},"excerpt":{"rendered":"<p><strong>Earl Grey Bio \u2013 Intensiver Schwarztee mit Bergamotte \u2013 Klassischer und aromatischer Geschmack<\/strong><\/p>\n<p>Kr\u00e4ftiger Bio-Earl-Grey mit nat\u00fcrlicher Bergamotte \u2013 intensiv, ausgewogen und aromatisch. Perfekt f\u00fcr den genussvollen Start in den Tag oder als edles Teegeschenk.<\/p>\n","protected":false},"featured_media":16890,"comment_status":"open","ping_status":"closed","template":"","meta":[],"product_brand":[],"product_cat":[115,116,114,113,129,117,108,130],"product_tag":[290],"class_list":{"0":"post-17015","1":"product","2":"type-product","3":"status-publish","4":"has-post-thumbnail","6":"product_cat-alle-de","7":"product_cat-alle-de-2","8":"product_cat-alle","9":"product_cat-biotees-sortiment-online-kaufen","10":"product_cat-crystal-loser-tee-recycle-im-glas-tee-reagenzglas-biotee-nachhaltig","11":"product_cat-schwarzer-tee-in-bio-qualitaet-kaufen","12":"product_cat-sortiment-tee-packaging-verpackung-attraktiv-biotees-design","13":"product_cat-tee-im-glas-umweltfreundlich-umweltgerecht-verpackung","14":"product_tag-blatt-tee-oder-ganzer-blutentee","16":"first","17":"instock","18":"shipping-taxable","19":"purchasable","20":"product-type-simple"},"yoast_head":"<!-- This site is optimized with the Yoast SEO Premium plugin v27.3 (Yoast SEO v27.4) - https:\/\/yoast.com\/product\/yoast-seo-premium-wordpress\/ -->\n<title>Earl Grey Bio-Schwarztee mit Bergamotte Premium | Gourmet-Geschenkidee<\/title>\n<meta name=\"description\" content=\"hochwertiger schwarzer tee mit bergamotte als geschenk earl grey tee f\u00fcr teeliebhaber geschenkidee bio tee geschenkbox mit bergamotte\" \/>\n<meta name=\"robots\" content=\"index, follow, max-snippet:-1, max-image-preview:large, max-video-preview:-1\" \/>\n<link rel=\"canonical\" href=\"https:\/\/www.sempertea.eu\/earl-grey-noble-te-negro-ecologico-bergamota-premium\/\" \/>\n<meta property=\"og:locale\" content=\"de_DE\" \/>\n<meta property=\"og:type\" content=\"article\" \/>\n<meta property=\"og:title\" content=\"EARL GREY NOBLE Bio-Schwarztee mit Bergamotte | Nat\u00fcrliches Aroma\" \/>\n<meta property=\"og:description\" content=\"hochwertiger schwarzer tee mit bergamotte als geschenk earl grey tee f\u00fcr teeliebhaber geschenkidee bio tee geschenkbox mit bergamotte\" \/>\n<meta property=\"og:url\" content=\"https:\/\/www.sempertea.eu\/earl-grey-noble-te-negro-ecologico-bergamota-premium\/\" \/>\n<meta property=\"og:site_name\" content=\"Semper Tea | Mayorista y fabricante de T\u00e9s e Infusiones para hoteles, restaurantes y bares\" \/>\n<meta property=\"article:modified_time\" content=\"2025-07-13T22:39:27+00:00\" \/>\n<meta property=\"og:image\" content=\"https:\/\/www.sempertea.eu\/wp-content\/uploads\/2025\/07\/earl-grey-te-ecologico-tarro-gourmet-regalo-semper-tea-1.jpg\" \/>\n\t<meta property=\"og:image:width\" content=\"1000\" \/>\n\t<meta property=\"og:image:height\" content=\"1000\" \/>\n\t<meta property=\"og:image:type\" content=\"image\/jpeg\" \/>\n<meta name=\"twitter:card\" content=\"summary_large_image\" \/>\n<meta name=\"twitter:label1\" content=\"Gesch\u00e4tzte Lesezeit\" \/>\n\t<meta name=\"twitter:data1\" content=\"2\u00a0Minuten\" \/>\n<script type=\"application\/ld+json\" class=\"yoast-schema-graph\">{\"@context\":\"https:\\\/\\\/schema.org\",\"@graph\":[{\"@type\":\"WebPage\",\"@id\":\"https:\\\/\\\/www.sempertea.eu\\\/earl-grey-noble-te-negro-ecologico-bergamota-premium\\\/\",\"url\":\"https:\\\/\\\/www.sempertea.eu\\\/earl-grey-noble-te-negro-ecologico-bergamota-premium\\\/\",\"name\":\"Earl Grey Bio-Schwarztee mit Bergamotte Premium | Gourmet-Geschenkidee\",\"isPartOf\":{\"@id\":\"https:\\\/\\\/www.sempertea.eu\\\/#website\"},\"primaryImageOfPage\":{\"@id\":\"https:\\\/\\\/www.sempertea.eu\\\/earl-grey-noble-te-negro-ecologico-bergamota-premium\\\/#primaryimage\"},\"image\":{\"@id\":\"https:\\\/\\\/www.sempertea.eu\\\/earl-grey-noble-te-negro-ecologico-bergamota-premium\\\/#primaryimage\"},\"thumbnailUrl\":\"https:\\\/\\\/www.sempertea.eu\\\/wp-content\\\/uploads\\\/2025\\\/07\\\/earl-grey-te-ecologico-tarro-gourmet-regalo-semper-tea-1.jpg\",\"datePublished\":\"2025-07-13T22:35:37+00:00\",\"dateModified\":\"2025-07-13T22:39:27+00:00\",\"description\":\"hochwertiger schwarzer tee mit bergamotte als geschenk earl grey tee f\u00fcr teeliebhaber geschenkidee bio tee geschenkbox mit bergamotte\",\"breadcrumb\":{\"@id\":\"https:\\\/\\\/www.sempertea.eu\\\/earl-grey-noble-te-negro-ecologico-bergamota-premium\\\/#breadcrumb\"},\"inLanguage\":\"de\",\"potentialAction\":[{\"@type\":\"ReadAction\",\"target\":[\"https:\\\/\\\/www.sempertea.eu\\\/earl-grey-noble-te-negro-ecologico-bergamota-premium\\\/\"]}]},{\"@type\":\"ImageObject\",\"inLanguage\":\"de\",\"@id\":\"https:\\\/\\\/www.sempertea.eu\\\/earl-grey-noble-te-negro-ecologico-bergamota-premium\\\/#primaryimage\",\"url\":\"https:\\\/\\\/www.sempertea.eu\\\/wp-content\\\/uploads\\\/2025\\\/07\\\/earl-grey-te-ecologico-tarro-gourmet-regalo-semper-tea-1.jpg\",\"contentUrl\":\"https:\\\/\\\/www.sempertea.eu\\\/wp-content\\\/uploads\\\/2025\\\/07\\\/earl-grey-te-ecologico-tarro-gourmet-regalo-semper-tea-1.jpg\",\"width\":1000,\"height\":1000,\"caption\":\"T\u00e9 Earl Grey ecol\u00f3gico en hoja suelta \u2013 Tarro de cristal ideal para tiendas gourmet\"},{\"@type\":\"BreadcrumbList\",\"@id\":\"https:\\\/\\\/www.sempertea.eu\\\/earl-grey-noble-te-negro-ecologico-bergamota-premium\\\/#breadcrumb\",\"itemListElement\":[{\"@type\":\"ListItem\",\"position\":1,\"name\":\"Portada\",\"item\":\"https:\\\/\\\/www.sempertea.eu\\\/de\\\/\"},{\"@type\":\"ListItem\",\"position\":2,\"name\":\"Shop\",\"item\":\"https:\\\/\\\/www.sempertea.eu\\\/de\\\/shop\\\/\"},{\"@type\":\"ListItem\",\"position\":3,\"name\":\"EARL GREY NOBLE Bio-Schwarztee mit Bergamotte | Nat\u00fcrliches Aroma\"}]},{\"@type\":\"WebSite\",\"@id\":\"https:\\\/\\\/www.sempertea.eu\\\/#website\",\"url\":\"https:\\\/\\\/www.sempertea.eu\\\/\",\"name\":\"Semper Tea | Mayorista y fabricante de T\u00e9s e Infusiones para hoteles, restaurantes y bares\",\"description\":\"T\u00e9s e infusiones para hosteler\u00eda, hoteler\u00eda y comercio\",\"potentialAction\":[{\"@type\":\"SearchAction\",\"target\":{\"@type\":\"EntryPoint\",\"urlTemplate\":\"https:\\\/\\\/www.sempertea.eu\\\/?s={search_term_string}\"},\"query-input\":{\"@type\":\"PropertyValueSpecification\",\"valueRequired\":true,\"valueName\":\"search_term_string\"}}],\"inLanguage\":\"de\"}]}<\/script>\n<!-- \/ Yoast SEO Premium plugin. -->","yoast_head_json":{"title":"Earl Grey Bio-Schwarztee mit Bergamotte Premium | Gourmet-Geschenkidee","description":"hochwertiger schwarzer tee mit bergamotte als geschenk earl grey tee f\u00fcr teeliebhaber geschenkidee bio tee geschenkbox mit bergamotte","robots":{"index":"index","follow":"follow","max-snippet":"max-snippet:-1","max-image-preview":"max-image-preview:large","max-video-preview":"max-video-preview:-1"},"canonical":"https:\/\/www.sempertea.eu\/earl-grey-noble-te-negro-ecologico-bergamota-premium\/","og_locale":"de_DE","og_type":"article","og_title":"EARL GREY NOBLE Bio-Schwarztee mit Bergamotte | Nat\u00fcrliches Aroma","og_description":"hochwertiger schwarzer tee mit bergamotte als geschenk earl grey tee f\u00fcr teeliebhaber geschenkidee bio tee geschenkbox mit bergamotte","og_url":"https:\/\/www.sempertea.eu\/earl-grey-noble-te-negro-ecologico-bergamota-premium\/","og_site_name":"Semper Tea | Mayorista y fabricante de T\u00e9s e Infusiones para hoteles, restaurantes y bares","article_modified_time":"2025-07-13T22:39:27+00:00","og_image":[{"width":1000,"height":1000,"url":"https:\/\/www.sempertea.eu\/wp-content\/uploads\/2025\/07\/earl-grey-te-ecologico-tarro-gourmet-regalo-semper-tea-1.jpg","type":"image\/jpeg"}],"twitter_card":"summary_large_image","twitter_misc":{"Gesch\u00e4tzte Lesezeit":"2\u00a0Minuten"},"schema":{"@context":"https:\/\/schema.org","@graph":[{"@type":"WebPage","@id":"https:\/\/www.sempertea.eu\/earl-grey-noble-te-negro-ecologico-bergamota-premium\/","url":"https:\/\/www.sempertea.eu\/earl-grey-noble-te-negro-ecologico-bergamota-premium\/","name":"Earl Grey Bio-Schwarztee mit Bergamotte Premium | Gourmet-Geschenkidee","isPartOf":{"@id":"https:\/\/www.sempertea.eu\/#website"},"primaryImageOfPage":{"@id":"https:\/\/www.sempertea.eu\/earl-grey-noble-te-negro-ecologico-bergamota-premium\/#primaryimage"},"image":{"@id":"https:\/\/www.sempertea.eu\/earl-grey-noble-te-negro-ecologico-bergamota-premium\/#primaryimage"},"thumbnailUrl":"https:\/\/www.sempertea.eu\/wp-content\/uploads\/2025\/07\/earl-grey-te-ecologico-tarro-gourmet-regalo-semper-tea-1.jpg","datePublished":"2025-07-13T22:35:37+00:00","dateModified":"2025-07-13T22:39:27+00:00","description":"hochwertiger schwarzer tee mit bergamotte als geschenk earl grey tee f\u00fcr teeliebhaber geschenkidee bio tee geschenkbox mit bergamotte","breadcrumb":{"@id":"https:\/\/www.sempertea.eu\/earl-grey-noble-te-negro-ecologico-bergamota-premium\/#breadcrumb"},"inLanguage":"de","potentialAction":[{"@type":"ReadAction","target":["https:\/\/www.sempertea.eu\/earl-grey-noble-te-negro-ecologico-bergamota-premium\/"]}]},{"@type":"ImageObject","inLanguage":"de","@id":"https:\/\/www.sempertea.eu\/earl-grey-noble-te-negro-ecologico-bergamota-premium\/#primaryimage","url":"https:\/\/www.sempertea.eu\/wp-content\/uploads\/2025\/07\/earl-grey-te-ecologico-tarro-gourmet-regalo-semper-tea-1.jpg","contentUrl":"https:\/\/www.sempertea.eu\/wp-content\/uploads\/2025\/07\/earl-grey-te-ecologico-tarro-gourmet-regalo-semper-tea-1.jpg","width":1000,"height":1000,"caption":"T\u00e9 Earl Grey ecol\u00f3gico en hoja suelta \u2013 Tarro de cristal ideal para tiendas gourmet"},{"@type":"BreadcrumbList","@id":"https:\/\/www.sempertea.eu\/earl-grey-noble-te-negro-ecologico-bergamota-premium\/#breadcrumb","itemListElement":[{"@type":"ListItem","position":1,"name":"Portada","item":"https:\/\/www.sempertea.eu\/de\/"},{"@type":"ListItem","position":2,"name":"Shop","item":"https:\/\/www.sempertea.eu\/de\/shop\/"},{"@type":"ListItem","position":3,"name":"EARL GREY NOBLE Bio-Schwarztee mit Bergamotte | Nat\u00fcrliches Aroma"}]},{"@type":"WebSite","@id":"https:\/\/www.sempertea.eu\/#website","url":"https:\/\/www.sempertea.eu\/","name":"Semper Tea | Mayorista y fabricante de T\u00e9s e Infusiones para hoteles, restaurantes y bares","description":"T\u00e9s e infusiones para hosteler\u00eda, hoteler\u00eda y comercio","potentialAction":[{"@type":"SearchAction","target":{"@type":"EntryPoint","urlTemplate":"https:\/\/www.sempertea.eu\/?s={search_term_string}"},"query-input":{"@type":"PropertyValueSpecification","valueRequired":true,"valueName":"search_term_string"}}],"inLanguage":"de"}]}},"_links":{"self":[{"href":"https:\/\/www.sempertea.eu\/de\/wp-json\/wp\/v2\/product\/17015","targetHints":{"allow":["GET"]}}],"collection":[{"href":"https:\/\/www.sempertea.eu\/de\/wp-json\/wp\/v2\/product"}],"about":[{"href":"https:\/\/www.sempertea.eu\/de\/wp-json\/wp\/v2\/types\/product"}],"replies":[{"embeddable":true,"href":"https:\/\/www.sempertea.eu\/de\/wp-json\/wp\/v2\/comments?post=17015"}],"wp:featuredmedia":[{"embeddable":true,"href":"https:\/\/www.sempertea.eu\/de\/wp-json\/wp\/v2\/media\/16890"}],"wp:attachment":[{"href":"https:\/\/www.sempertea.eu\/de\/wp-json\/wp\/v2\/media?parent=17015"}],"wp:term":[{"taxonomy":"product_brand","embeddable":true,"href":"https:\/\/www.sempertea.eu\/de\/wp-json\/wp\/v2\/product_brand?post=17015"},{"taxonomy":"product_cat","embeddable":true,"href":"https:\/\/www.sempertea.eu\/de\/wp-json\/wp\/v2\/product_cat?post=17015"},{"taxonomy":"product_tag","embeddable":true,"href":"https:\/\/www.sempertea.eu\/de\/wp-json\/wp\/v2\/product_tag?post=17015"}],"curies":[{"name":"wp","href":"https:\/\/api.w.org\/{rel}","templated":true}]}}