{"id":16631,"date":"2025-06-19T16:45:25","date_gmt":"2025-06-30T13:22:12","guid":{"rendered":"https:\/\/www.sempertea.eu\/geschenkset-refill-chill-bio-tees-und-thermoflasche\/"},"modified":"2025-06-30T15:22:12","modified_gmt":"2025-06-30T13:22:12","slug":"geschenkset-refill-chill-bio-tees-und-thermoflasche","status":"publish","type":"product","link":"https:\/\/www.sempertea.eu\/de\/Produkte\/geschenkset-refill-chill-bio-tees-und-thermoflasche\/","title":{"rendered":"Geschenkset REFILL &amp; CHILL | Bio-Tees und Thermoflasche"},"content":{"rendered":"<h2>Geschenkset mit Bio-Tees und -Aufg\u00fcssen, Flasche und Stofftasche | Refill &amp; Chill<\/h2>\n<p>Verschenke Wohlbefinden und Nachhaltigkeit in einer Box. Das Geschenkset Refill &amp; Chill ist eine originelle Idee f\u00fcr alle, die mit einem bedeutungsvollen und bewussten Detail \u00fcberraschen m\u00f6chten. Ideal, um Tee und Aufg\u00fcsse zu jedem besonderen Anlass zu verschenken.  <\/p>\n<p>Enth\u00e4lt:<\/p>\n<p><strong>Hochwertige Bio-Tees und Aufg\u00fcsse:<\/strong><\/p>\n<p>Bio-<a href=\"https:\/\/www.sempertea.eu\/comprar-tisana-manzanilla-en-bolsa\/\"><strong>Kamillenaufguss<\/strong><\/a>: beruhigend, sanft, perfekt zum Entspannen.<\/p>\n<p>Bio-<a href=\"https:\/\/www.sempertea.eu\/te-rooibos-ecologico-en-sobre-comprar-te-organico\/\"><strong>Rooibos<\/strong><\/a>: koffeinfrei, mit s\u00fc\u00dfem und wohltuendem Geschmack.<\/p>\n<p>Klassischer Bio-<a href=\"https:\/\/www.sempertea.eu\/te-verde-en-bolsitas-clasicas-green-tea\/\"><strong>Gr\u00fcntee<\/strong><\/a>: antioxidativ und belebend.<\/p>\n<p><strong>Thermoflasche aus Glas LONDON (500 ml):<\/strong><br \/>\nHergestellt aus hitzebest\u00e4ndigem Borosilikatglas, mit Edelstahldeckel, sicherem Schraubverschluss und Tragegriff. Modernes, buntes Design, mikrowellengeeignet. Die ideale Wahl, wenn du eine stilvolle und praktische Flasche f\u00fcr Aufg\u00fcsse oder eine Teetasse suchst.  <\/p>\n<p><strong>Tote-Bag aus recycelter Baumwolle:<\/strong><br \/>\nUmweltfreundlich und langlebig, perfekt zum Transportieren deiner Aufg\u00fcsse oder als Teebeutel-Tasche f\u00fcr unterwegs. Eine nachhaltige Erg\u00e4nzung f\u00fcr dein Tee-Set. <\/p>\n<p>Mit Liebe zum Detail pr\u00e4sentiert, ist dieses Tee- und Aufguss-Set das perfekte Geschenk f\u00fcr Teeliebhaber, Kr\u00e4uterfans und besondere Anl\u00e4sse. Ideal f\u00fcr Geburtstage, Jubil\u00e4en, Muttertag oder einfach, um mit Tee Zuneigung zu zeigen. <\/p>\n<p data-start=\"1531\" data-end=\"1667\">Ein <strong data-start=\"1674\" data-end=\"1766\">Geschenk<\/strong>, das Zuneigung, Respekt f\u00fcr den Planeten und die Liebe zu besonderen Momenten vermittelt. <a href=\"https:\/\/www.sempertea.eu\/de\/teegeschenke-teekisten-teeideen-teeliebhaber-geschenk-mit-tee\/\" target=\"_blank\" rel=\"noopener\">Entdecke <\/a>weitere Inspirationen in unserer Kollektion origineller Teegeschenke.<\/p>\n","protected":false},"excerpt":{"rendered":"<p>Ein Geschenk mit \u00f6kologischem Geist, um Tee mit Eleganz und Bewusstsein zu genie\u00dfen. Enth\u00e4lt: <\/p>\n<p>Bio-<strong>Kamille<\/strong>: sanft und entspannend.<\/p>\n<p>Bio-<strong>Rooibos<\/strong>: koffeinfrei, s\u00fc\u00df und wohltuend.<\/p>\n<p>Bio-<strong>Gr\u00fcntee<\/strong>: antioxidativ und belebend.<\/p>\n<p><strong>Thermoflasche <\/strong>aus Glas (500 ml): robust und modern, ideal zum Mitnehmen von Aufg\u00fcssen.<\/p>\n<p><strong>Tote-Bag<\/strong> aus recycelter Baumwolle: praktisch und nachhaltig.<\/p>\n<p>Mit Liebe verpackt \u2013 ideal f\u00fcr Geburtstage, Dankesch\u00f6ns oder besondere Gesten.<\/p>\n","protected":false},"featured_media":15217,"comment_status":"open","ping_status":"closed","template":"","meta":[],"product_brand":[],"product_cat":[361,358,357,123,359,135,356,360],"product_tag":[369],"class_list":{"0":"post-16631","1":"product","2":"type-product","3":"status-publish","4":"has-post-thumbnail","6":"product_cat-geburtstagsangaben","7":"product_cat-ideen-zum-vatertag","8":"product_cat-muttertags-pakete","9":"product_cat-teegeschenke-teekisten-teeideen-teeliebhaber-geschenk-mit-tee","10":"product_cat-teeliebhaber-tea-lover","11":"product_cat-uncategorized-de","12":"product_cat-valentinsgeschenke","13":"product_cat-weihnachtsgeschenke","14":"product_tag-teepakete-und-geschenke-fur-teeliebhaber","16":"first","17":"instock","18":"shipping-taxable","19":"purchasable","20":"product-type-simple"},"yoast_head":"<!-- This site is optimized with the Yoast SEO Premium plugin v27.3 (Yoast SEO v27.4) - https:\/\/yoast.com\/product\/yoast-seo-premium-wordpress\/ -->\n<title>Geschenkset Bio-Aufg\u00fcsse mit Flasche und Tote Bag | Refill &amp; Chill<\/title>\n<meta name=\"description\" content=\"Geschenkset mit Bio-Tees und Thermoflasche aus Glas. Ein modernes und nachhaltiges Set, um Tee jederzeit zu genie\u00dfen.\" \/>\n<meta name=\"robots\" content=\"index, follow, max-snippet:-1, max-image-preview:large, max-video-preview:-1\" \/>\n<link rel=\"canonical\" href=\"https:\/\/www.sempertea.eu\/de\/Produkte\/geschenkset-refill-chill-bio-tees-und-thermoflasche\/\" \/>\n<meta property=\"og:locale\" content=\"de_DE\" \/>\n<meta property=\"og:type\" content=\"article\" \/>\n<meta property=\"og:title\" content=\"Geschenkset REFILL &amp; CHILL | Bio-Tees und Thermoflasche\" \/>\n<meta property=\"og:description\" content=\"Geschenkset mit Bio-Tees und Thermoflasche aus Glas. Ein modernes und nachhaltiges Set, um Tee jederzeit zu genie\u00dfen.\" \/>\n<meta property=\"og:url\" content=\"https:\/\/www.sempertea.eu\/de\/Produkte\/geschenkset-refill-chill-bio-tees-und-thermoflasche\/\" \/>\n<meta property=\"og:site_name\" content=\"Semper Tea | Mayorista y fabricante de T\u00e9s e Infusiones para hoteles, restaurantes y bares\" \/>\n<meta property=\"og:image\" content=\"https:\/\/www.sempertea.eu\/wp-content\/uploads\/2025\/04\/pack-de-regalo-tes-ecologicos-y-botella-termica-01.jpg\" \/>\n\t<meta property=\"og:image:width\" content=\"1000\" \/>\n\t<meta property=\"og:image:height\" content=\"1000\" \/>\n\t<meta property=\"og:image:type\" content=\"image\/jpeg\" \/>\n<meta name=\"twitter:card\" content=\"summary_large_image\" \/>\n<meta name=\"twitter:label1\" content=\"Gesch\u00e4tzte Lesezeit\" \/>\n\t<meta name=\"twitter:data1\" content=\"1\u00a0Minute\" \/>\n<script type=\"application\/ld+json\" class=\"yoast-schema-graph\">{\"@context\":\"https:\\\/\\\/schema.org\",\"@graph\":[{\"@type\":\"WebPage\",\"@id\":\"https:\\\/\\\/www.sempertea.eu\\\/de\\\/Produkte\\\/geschenkset-refill-chill-bio-tees-und-thermoflasche\\\/\",\"url\":\"https:\\\/\\\/www.sempertea.eu\\\/de\\\/Produkte\\\/geschenkset-refill-chill-bio-tees-und-thermoflasche\\\/\",\"name\":\"Geschenkset Bio-Aufg\u00fcsse mit Flasche und Tote Bag | Refill & Chill\",\"isPartOf\":{\"@id\":\"https:\\\/\\\/www.sempertea.eu\\\/#website\"},\"primaryImageOfPage\":{\"@id\":\"https:\\\/\\\/www.sempertea.eu\\\/de\\\/Produkte\\\/geschenkset-refill-chill-bio-tees-und-thermoflasche\\\/#primaryimage\"},\"image\":{\"@id\":\"https:\\\/\\\/www.sempertea.eu\\\/de\\\/Produkte\\\/geschenkset-refill-chill-bio-tees-und-thermoflasche\\\/#primaryimage\"},\"thumbnailUrl\":\"https:\\\/\\\/www.sempertea.eu\\\/wp-content\\\/uploads\\\/2025\\\/04\\\/pack-de-regalo-tes-ecologicos-y-botella-termica-01.jpg\",\"datePublished\":\"2025-06-30T13:22:12+00:00\",\"description\":\"Geschenkset mit Bio-Tees und Thermoflasche aus Glas. Ein modernes und nachhaltiges Set, um Tee jederzeit zu genie\u00dfen.\",\"breadcrumb\":{\"@id\":\"https:\\\/\\\/www.sempertea.eu\\\/de\\\/Produkte\\\/geschenkset-refill-chill-bio-tees-und-thermoflasche\\\/#breadcrumb\"},\"inLanguage\":\"de\",\"potentialAction\":[{\"@type\":\"ReadAction\",\"target\":[\"https:\\\/\\\/www.sempertea.eu\\\/de\\\/Produkte\\\/geschenkset-refill-chill-bio-tees-und-thermoflasche\\\/\"]}]},{\"@type\":\"ImageObject\",\"inLanguage\":\"de\",\"@id\":\"https:\\\/\\\/www.sempertea.eu\\\/de\\\/Produkte\\\/geschenkset-refill-chill-bio-tees-und-thermoflasche\\\/#primaryimage\",\"url\":\"https:\\\/\\\/www.sempertea.eu\\\/wp-content\\\/uploads\\\/2025\\\/04\\\/pack-de-regalo-tes-ecologicos-y-botella-termica-01.jpg\",\"contentUrl\":\"https:\\\/\\\/www.sempertea.eu\\\/wp-content\\\/uploads\\\/2025\\\/04\\\/pack-de-regalo-tes-ecologicos-y-botella-termica-01.jpg\",\"width\":1000,\"height\":1000,\"caption\":\"pack de regalo tes ecologicos y botella termica\"},{\"@type\":\"BreadcrumbList\",\"@id\":\"https:\\\/\\\/www.sempertea.eu\\\/de\\\/Produkte\\\/geschenkset-refill-chill-bio-tees-und-thermoflasche\\\/#breadcrumb\",\"itemListElement\":[{\"@type\":\"ListItem\",\"position\":1,\"name\":\"Portada\",\"item\":\"https:\\\/\\\/www.sempertea.eu\\\/de\\\/\"},{\"@type\":\"ListItem\",\"position\":2,\"name\":\"Shop\",\"item\":\"https:\\\/\\\/www.sempertea.eu\\\/de\\\/shop\\\/\"},{\"@type\":\"ListItem\",\"position\":3,\"name\":\"Geschenkset REFILL &amp; CHILL | Bio-Tees und Thermoflasche\"}]},{\"@type\":\"WebSite\",\"@id\":\"https:\\\/\\\/www.sempertea.eu\\\/#website\",\"url\":\"https:\\\/\\\/www.sempertea.eu\\\/\",\"name\":\"Semper Tea | Mayorista y fabricante de T\u00e9s e Infusiones para hoteles, restaurantes y bares\",\"description\":\"T\u00e9s e infusiones para hosteler\u00eda, hoteler\u00eda y comercio\",\"potentialAction\":[{\"@type\":\"SearchAction\",\"target\":{\"@type\":\"EntryPoint\",\"urlTemplate\":\"https:\\\/\\\/www.sempertea.eu\\\/?s={search_term_string}\"},\"query-input\":{\"@type\":\"PropertyValueSpecification\",\"valueRequired\":true,\"valueName\":\"search_term_string\"}}],\"inLanguage\":\"de\"}]}<\/script>\n<!-- \/ Yoast SEO Premium plugin. -->","yoast_head_json":{"title":"Geschenkset Bio-Aufg\u00fcsse mit Flasche und Tote Bag | Refill & Chill","description":"Geschenkset mit Bio-Tees und Thermoflasche aus Glas. Ein modernes und nachhaltiges Set, um Tee jederzeit zu genie\u00dfen.","robots":{"index":"index","follow":"follow","max-snippet":"max-snippet:-1","max-image-preview":"max-image-preview:large","max-video-preview":"max-video-preview:-1"},"canonical":"https:\/\/www.sempertea.eu\/de\/Produkte\/geschenkset-refill-chill-bio-tees-und-thermoflasche\/","og_locale":"de_DE","og_type":"article","og_title":"Geschenkset REFILL &amp; CHILL | Bio-Tees und Thermoflasche","og_description":"Geschenkset mit Bio-Tees und Thermoflasche aus Glas. Ein modernes und nachhaltiges Set, um Tee jederzeit zu genie\u00dfen.","og_url":"https:\/\/www.sempertea.eu\/de\/Produkte\/geschenkset-refill-chill-bio-tees-und-thermoflasche\/","og_site_name":"Semper Tea | Mayorista y fabricante de T\u00e9s e Infusiones para hoteles, restaurantes y bares","og_image":[{"width":1000,"height":1000,"url":"https:\/\/www.sempertea.eu\/wp-content\/uploads\/2025\/04\/pack-de-regalo-tes-ecologicos-y-botella-termica-01.jpg","type":"image\/jpeg"}],"twitter_card":"summary_large_image","twitter_misc":{"Gesch\u00e4tzte Lesezeit":"1\u00a0Minute"},"schema":{"@context":"https:\/\/schema.org","@graph":[{"@type":"WebPage","@id":"https:\/\/www.sempertea.eu\/de\/Produkte\/geschenkset-refill-chill-bio-tees-und-thermoflasche\/","url":"https:\/\/www.sempertea.eu\/de\/Produkte\/geschenkset-refill-chill-bio-tees-und-thermoflasche\/","name":"Geschenkset Bio-Aufg\u00fcsse mit Flasche und Tote Bag | Refill & Chill","isPartOf":{"@id":"https:\/\/www.sempertea.eu\/#website"},"primaryImageOfPage":{"@id":"https:\/\/www.sempertea.eu\/de\/Produkte\/geschenkset-refill-chill-bio-tees-und-thermoflasche\/#primaryimage"},"image":{"@id":"https:\/\/www.sempertea.eu\/de\/Produkte\/geschenkset-refill-chill-bio-tees-und-thermoflasche\/#primaryimage"},"thumbnailUrl":"https:\/\/www.sempertea.eu\/wp-content\/uploads\/2025\/04\/pack-de-regalo-tes-ecologicos-y-botella-termica-01.jpg","datePublished":"2025-06-30T13:22:12+00:00","description":"Geschenkset mit Bio-Tees und Thermoflasche aus Glas. Ein modernes und nachhaltiges Set, um Tee jederzeit zu genie\u00dfen.","breadcrumb":{"@id":"https:\/\/www.sempertea.eu\/de\/Produkte\/geschenkset-refill-chill-bio-tees-und-thermoflasche\/#breadcrumb"},"inLanguage":"de","potentialAction":[{"@type":"ReadAction","target":["https:\/\/www.sempertea.eu\/de\/Produkte\/geschenkset-refill-chill-bio-tees-und-thermoflasche\/"]}]},{"@type":"ImageObject","inLanguage":"de","@id":"https:\/\/www.sempertea.eu\/de\/Produkte\/geschenkset-refill-chill-bio-tees-und-thermoflasche\/#primaryimage","url":"https:\/\/www.sempertea.eu\/wp-content\/uploads\/2025\/04\/pack-de-regalo-tes-ecologicos-y-botella-termica-01.jpg","contentUrl":"https:\/\/www.sempertea.eu\/wp-content\/uploads\/2025\/04\/pack-de-regalo-tes-ecologicos-y-botella-termica-01.jpg","width":1000,"height":1000,"caption":"pack de regalo tes ecologicos y botella termica"},{"@type":"BreadcrumbList","@id":"https:\/\/www.sempertea.eu\/de\/Produkte\/geschenkset-refill-chill-bio-tees-und-thermoflasche\/#breadcrumb","itemListElement":[{"@type":"ListItem","position":1,"name":"Portada","item":"https:\/\/www.sempertea.eu\/de\/"},{"@type":"ListItem","position":2,"name":"Shop","item":"https:\/\/www.sempertea.eu\/de\/shop\/"},{"@type":"ListItem","position":3,"name":"Geschenkset REFILL &amp; CHILL | Bio-Tees und Thermoflasche"}]},{"@type":"WebSite","@id":"https:\/\/www.sempertea.eu\/#website","url":"https:\/\/www.sempertea.eu\/","name":"Semper Tea | Mayorista y fabricante de T\u00e9s e Infusiones para hoteles, restaurantes y bares","description":"T\u00e9s e infusiones para hosteler\u00eda, hoteler\u00eda y comercio","potentialAction":[{"@type":"SearchAction","target":{"@type":"EntryPoint","urlTemplate":"https:\/\/www.sempertea.eu\/?s={search_term_string}"},"query-input":{"@type":"PropertyValueSpecification","valueRequired":true,"valueName":"search_term_string"}}],"inLanguage":"de"}]}},"_links":{"self":[{"href":"https:\/\/www.sempertea.eu\/de\/wp-json\/wp\/v2\/product\/16631","targetHints":{"allow":["GET"]}}],"collection":[{"href":"https:\/\/www.sempertea.eu\/de\/wp-json\/wp\/v2\/product"}],"about":[{"href":"https:\/\/www.sempertea.eu\/de\/wp-json\/wp\/v2\/types\/product"}],"replies":[{"embeddable":true,"href":"https:\/\/www.sempertea.eu\/de\/wp-json\/wp\/v2\/comments?post=16631"}],"wp:featuredmedia":[{"embeddable":true,"href":"https:\/\/www.sempertea.eu\/de\/wp-json\/wp\/v2\/media\/15217"}],"wp:attachment":[{"href":"https:\/\/www.sempertea.eu\/de\/wp-json\/wp\/v2\/media?parent=16631"}],"wp:term":[{"taxonomy":"product_brand","embeddable":true,"href":"https:\/\/www.sempertea.eu\/de\/wp-json\/wp\/v2\/product_brand?post=16631"},{"taxonomy":"product_cat","embeddable":true,"href":"https:\/\/www.sempertea.eu\/de\/wp-json\/wp\/v2\/product_cat?post=16631"},{"taxonomy":"product_tag","embeddable":true,"href":"https:\/\/www.sempertea.eu\/de\/wp-json\/wp\/v2\/product_tag?post=16631"}],"curies":[{"name":"wp","href":"https:\/\/api.w.org\/{rel}","templated":true}]}}