{"id":16464,"date":"2025-06-09T11:05:23","date_gmt":"2025-06-09T09:05:23","guid":{"rendered":"https:\/\/www.sempertea.eu\/ginger-lemon-bio-kraeutertee-mit-ingwer-und-zitrone-i-lose-in-beutel\/"},"modified":"2025-07-19T15:23:46","modified_gmt":"2025-07-19T13:23:46","slug":"ginger-lemon-bio-kraeutertee-mit-ingwer-und-zitrone-i-lose-in-beutel","status":"publish","type":"product","link":"https:\/\/www.sempertea.eu\/de\/Produkte\/ginger-lemon-bio-kraeutertee-mit-ingwer-und-zitrone-i-lose-in-beutel\/","title":{"rendered":"GINGER LEMON Bio-Kr\u00e4utertee mit Ingwer und Zitrone I lose in Beutel"},"content":{"rendered":"<h2>Bio-Ingwer-Zitronen-Tee, lose \u2013 Reinheit, Kraft und nat\u00fcrliches Wohlbefinden<\/h2>\n<p>Ein intensiver, vielseitiger und unverf\u00e4lschter Tee. Unser 100 % biologischer Ingwer in loser Form ist f\u00fcr alle gedacht, die reine und wirksame Zutaten sch\u00e4tzen. Keine Mischungen, keine Zusatzstoffe, nur getrockneter Ingwer in kleinen St\u00fccken f\u00fcr einen Tee, der reich an Aroma, Geschmack und Eigenschaften ist.  <\/p>\n<p>Ideal f\u00fcr Reformh\u00e4user, Unverpackt-L\u00e4den, Caf\u00e9s und Gastronomiebetriebe, die auf nachhaltige, gesunde und hochwertige Produkte setzen.<\/p>\n<p><strong>Einzigartiger Inhaltsstoff<\/strong><\/p>\n<ul>\n<li>100 % biologischer getrockneter Ingwer<\/li>\n<li>Ohne Pestizide, ohne Zusatzaromen<\/li>\n<li>Nat\u00fcrlich frei von Tein<\/li>\n<\/ul>\n<p><strong>Besondere Eigenschaften<\/strong><\/p>\n<ul>\n<li>F\u00f6rdert die Verdauung und das Wohlbefinden des Magens<\/li>\n<li>Spendet W\u00e4rme und sorgt f\u00fcr Wohlbefinden, besonders an kalten Tagen.<\/li>\n<li>Stimuliert auf nat\u00fcrliche Weise ohne Aufputschmittel<\/li>\n<\/ul>\n<p><strong>Vielseitigkeit und Verwendung<\/strong><\/p>\n<ul>\n<li>Ideal zum Aufgie\u00dfen pur oder mit Zitrone, Minze oder Honig.<\/li>\n<li>Perfekt f\u00fcr die Wintersaison oder als Tee nach dem Essen.<\/li>\n<li>F\u00fcr jede Tageszeit geeignet<\/li>\n<\/ul>\n<p><strong>Format: lose<\/strong><\/p>\n<ul>\n<li>Produkt nach Gewicht: erh\u00e4ltlich in Kraftpapiert\u00fcten zu 50 g, 250 g und 1 kg<\/li>\n<li>Praktisch f\u00fcr die individuelle Dosierung und zur Reduzierung von Abfall<\/li>\n<\/ul>\n<p><strong>Zubereitung<\/strong>: 1 Teel\u00f6ffel pro Tasse hinzuf\u00fcgen. 5 bis 7 Minuten in hei\u00dfem Wasser ziehen lassen. <\/p>\n","protected":false},"excerpt":{"rendered":"<p data-start=\"658\" data-end=\"824\"><strong>Bio-Ingwer-Zitronen-Tee, lose<\/strong><\/p>\n<p data-start=\"658\" data-end=\"824\">100 % biologischer Ingwer, getrocknet und ohne Tein. Ein intensiver und nat\u00fcrlicher Tee, ideal zur Verdauungsf\u00f6rderung und f\u00fcr das Wohlbefinden. Ideal f\u00fcr Caf\u00e9s, Unverpackt-L\u00e4den und Liebhaber des puren Geschmacks.  <\/p>\n","protected":false},"featured_media":16123,"comment_status":"open","ping_status":"closed","template":"","meta":[],"product_brand":[],"product_cat":[379,116,114,113,127,108,135],"product_tag":[290],"class_list":{"0":"post-16464","1":"product","2":"type-product","3":"status-publish","4":"has-post-thumbnail","6":"product_cat-bio-tee-grosshandel-loser-tee","7":"product_cat-alle-de-2","8":"product_cat-alle","9":"product_cat-biotees-sortiment-online-kaufen","10":"product_cat-loser-tee-im-papier-beutel-biotee-in-der-tute-nachhaltig","11":"product_cat-sortiment-tee-packaging-verpackung-attraktiv-biotees-design","12":"product_cat-uncategorized-de","13":"product_tag-blatt-tee-oder-ganzer-blutentee","15":"first","16":"instock","17":"shipping-taxable","18":"purchasable","19":"product-type-variable"},"yoast_head":"<!-- This site is optimized with the Yoast SEO Premium plugin v27.3 (Yoast SEO v27.3) - https:\/\/yoast.com\/product\/yoast-seo-premium-wordpress\/ -->\n<title>Bio-Ingwer-Zitronen-Tee, lose | Nat\u00fcrlich und ohne Tein<\/title>\n<meta name=\"description\" content=\"Bio-Ingwer-Tee, lose abgepackt. Reiner Ingwer, ohne Zusatzstoffe und ohne Tein, f\u00fcr Gesch\u00e4fte, Caf\u00e9s und Gastronomiebetriebe oder f\u00fcr zu Hause. Intensiver Geschmack und verdauungsf\u00f6rdernde Eigenschaften.\" \/>\n<meta name=\"robots\" content=\"index, follow, max-snippet:-1, max-image-preview:large, max-video-preview:-1\" \/>\n<link rel=\"canonical\" href=\"https:\/\/www.sempertea.eu\/de\/Produkte\/ginger-lemon-bio-kraeutertee-mit-ingwer-und-zitrone-i-lose-in-beutel\/\" \/>\n<meta property=\"og:locale\" content=\"de_DE\" \/>\n<meta property=\"og:type\" content=\"article\" \/>\n<meta property=\"og:title\" content=\"GINGER LEMON Bio-Kr\u00e4utertee mit Ingwer und Zitrone I lose in Beutel\" \/>\n<meta property=\"og:description\" content=\"Bio-Ingwer-Tee, lose abgepackt. Reiner Ingwer, ohne Zusatzstoffe und ohne Tein, f\u00fcr Gesch\u00e4fte, Caf\u00e9s und Gastronomiebetriebe oder f\u00fcr zu Hause. Intensiver Geschmack und verdauungsf\u00f6rdernde Eigenschaften.\" \/>\n<meta property=\"og:url\" content=\"https:\/\/www.sempertea.eu\/de\/Produkte\/ginger-lemon-bio-kraeutertee-mit-ingwer-und-zitrone-i-lose-in-beutel\/\" \/>\n<meta property=\"og:site_name\" content=\"Semper Tea | Mayorista y fabricante de T\u00e9s e Infusiones para hoteles, restaurantes y bares\" \/>\n<meta property=\"article:modified_time\" content=\"2025-07-19T13:23:46+00:00\" \/>\n<meta property=\"og:image\" content=\"https:\/\/www.sempertea.eu\/wp-content\/uploads\/2025\/06\/infusion-jengibre-limon-granel-citrica-vitalizante-semper-tea-1.jpg\" \/>\n\t<meta property=\"og:image:width\" content=\"714\" \/>\n\t<meta property=\"og:image:height\" content=\"714\" \/>\n\t<meta property=\"og:image:type\" content=\"image\/jpeg\" \/>\n<meta name=\"twitter:card\" content=\"summary_large_image\" \/>\n<meta name=\"twitter:label1\" content=\"Gesch\u00e4tzte Lesezeit\" \/>\n\t<meta name=\"twitter:data1\" content=\"2\u00a0Minuten\" \/>\n<script type=\"application\/ld+json\" class=\"yoast-schema-graph\">{\"@context\":\"https:\\\/\\\/schema.org\",\"@graph\":[{\"@type\":\"WebPage\",\"@id\":\"https:\\\/\\\/www.sempertea.eu\\\/de\\\/Produkte\\\/ginger-lemon-bio-kraeutertee-mit-ingwer-und-zitrone-i-lose-in-beutel\\\/\",\"url\":\"https:\\\/\\\/www.sempertea.eu\\\/de\\\/Produkte\\\/ginger-lemon-bio-kraeutertee-mit-ingwer-und-zitrone-i-lose-in-beutel\\\/\",\"name\":\"Bio-Ingwer-Zitronen-Tee, lose | Nat\u00fcrlich und ohne Tein\",\"isPartOf\":{\"@id\":\"https:\\\/\\\/www.sempertea.eu\\\/#website\"},\"primaryImageOfPage\":{\"@id\":\"https:\\\/\\\/www.sempertea.eu\\\/de\\\/Produkte\\\/ginger-lemon-bio-kraeutertee-mit-ingwer-und-zitrone-i-lose-in-beutel\\\/#primaryimage\"},\"image\":{\"@id\":\"https:\\\/\\\/www.sempertea.eu\\\/de\\\/Produkte\\\/ginger-lemon-bio-kraeutertee-mit-ingwer-und-zitrone-i-lose-in-beutel\\\/#primaryimage\"},\"thumbnailUrl\":\"https:\\\/\\\/www.sempertea.eu\\\/wp-content\\\/uploads\\\/2025\\\/06\\\/infusion-jengibre-limon-granel-citrica-vitalizante-semper-tea-1.jpg\",\"datePublished\":\"2025-06-09T09:05:23+00:00\",\"dateModified\":\"2025-07-19T13:23:46+00:00\",\"description\":\"Bio-Ingwer-Tee, lose abgepackt. Reiner Ingwer, ohne Zusatzstoffe und ohne Tein, f\u00fcr Gesch\u00e4fte, Caf\u00e9s und Gastronomiebetriebe oder f\u00fcr zu Hause. Intensiver Geschmack und verdauungsf\u00f6rdernde Eigenschaften.\",\"breadcrumb\":{\"@id\":\"https:\\\/\\\/www.sempertea.eu\\\/de\\\/Produkte\\\/ginger-lemon-bio-kraeutertee-mit-ingwer-und-zitrone-i-lose-in-beutel\\\/#breadcrumb\"},\"inLanguage\":\"de\",\"potentialAction\":[{\"@type\":\"ReadAction\",\"target\":[\"https:\\\/\\\/www.sempertea.eu\\\/de\\\/Produkte\\\/ginger-lemon-bio-kraeutertee-mit-ingwer-und-zitrone-i-lose-in-beutel\\\/\"]}]},{\"@type\":\"ImageObject\",\"inLanguage\":\"de\",\"@id\":\"https:\\\/\\\/www.sempertea.eu\\\/de\\\/Produkte\\\/ginger-lemon-bio-kraeutertee-mit-ingwer-und-zitrone-i-lose-in-beutel\\\/#primaryimage\",\"url\":\"https:\\\/\\\/www.sempertea.eu\\\/wp-content\\\/uploads\\\/2025\\\/06\\\/infusion-jengibre-limon-granel-citrica-vitalizante-semper-tea-1.jpg\",\"contentUrl\":\"https:\\\/\\\/www.sempertea.eu\\\/wp-content\\\/uploads\\\/2025\\\/06\\\/infusion-jengibre-limon-granel-citrica-vitalizante-semper-tea-1.jpg\",\"width\":714,\"height\":714,\"caption\":\"infusion jengibre limon granel citrica vitalizante semper tea\"},{\"@type\":\"BreadcrumbList\",\"@id\":\"https:\\\/\\\/www.sempertea.eu\\\/de\\\/Produkte\\\/ginger-lemon-bio-kraeutertee-mit-ingwer-und-zitrone-i-lose-in-beutel\\\/#breadcrumb\",\"itemListElement\":[{\"@type\":\"ListItem\",\"position\":1,\"name\":\"Portada\",\"item\":\"https:\\\/\\\/www.sempertea.eu\\\/de\\\/\"},{\"@type\":\"ListItem\",\"position\":2,\"name\":\"Shop\",\"item\":\"https:\\\/\\\/www.sempertea.eu\\\/de\\\/shop\\\/\"},{\"@type\":\"ListItem\",\"position\":3,\"name\":\"GINGER LEMON Bio-Kr\u00e4utertee mit Ingwer und Zitrone I lose in Beutel\"}]},{\"@type\":\"WebSite\",\"@id\":\"https:\\\/\\\/www.sempertea.eu\\\/#website\",\"url\":\"https:\\\/\\\/www.sempertea.eu\\\/\",\"name\":\"Semper Tea | Mayorista y fabricante de T\u00e9s e Infusiones para hoteles, restaurantes y bares\",\"description\":\"T\u00e9s e infusiones para hosteler\u00eda, hoteler\u00eda y comercio\",\"potentialAction\":[{\"@type\":\"SearchAction\",\"target\":{\"@type\":\"EntryPoint\",\"urlTemplate\":\"https:\\\/\\\/www.sempertea.eu\\\/?s={search_term_string}\"},\"query-input\":{\"@type\":\"PropertyValueSpecification\",\"valueRequired\":true,\"valueName\":\"search_term_string\"}}],\"inLanguage\":\"de\"}]}<\/script>\n<!-- \/ Yoast SEO Premium plugin. -->","yoast_head_json":{"title":"Bio-Ingwer-Zitronen-Tee, lose | Nat\u00fcrlich und ohne Tein","description":"Bio-Ingwer-Tee, lose abgepackt. Reiner Ingwer, ohne Zusatzstoffe und ohne Tein, f\u00fcr Gesch\u00e4fte, Caf\u00e9s und Gastronomiebetriebe oder f\u00fcr zu Hause. Intensiver Geschmack und verdauungsf\u00f6rdernde Eigenschaften.","robots":{"index":"index","follow":"follow","max-snippet":"max-snippet:-1","max-image-preview":"max-image-preview:large","max-video-preview":"max-video-preview:-1"},"canonical":"https:\/\/www.sempertea.eu\/de\/Produkte\/ginger-lemon-bio-kraeutertee-mit-ingwer-und-zitrone-i-lose-in-beutel\/","og_locale":"de_DE","og_type":"article","og_title":"GINGER LEMON Bio-Kr\u00e4utertee mit Ingwer und Zitrone I lose in Beutel","og_description":"Bio-Ingwer-Tee, lose abgepackt. Reiner Ingwer, ohne Zusatzstoffe und ohne Tein, f\u00fcr Gesch\u00e4fte, Caf\u00e9s und Gastronomiebetriebe oder f\u00fcr zu Hause. Intensiver Geschmack und verdauungsf\u00f6rdernde Eigenschaften.","og_url":"https:\/\/www.sempertea.eu\/de\/Produkte\/ginger-lemon-bio-kraeutertee-mit-ingwer-und-zitrone-i-lose-in-beutel\/","og_site_name":"Semper Tea | Mayorista y fabricante de T\u00e9s e Infusiones para hoteles, restaurantes y bares","article_modified_time":"2025-07-19T13:23:46+00:00","og_image":[{"width":714,"height":714,"url":"https:\/\/www.sempertea.eu\/wp-content\/uploads\/2025\/06\/infusion-jengibre-limon-granel-citrica-vitalizante-semper-tea-1.jpg","type":"image\/jpeg"}],"twitter_card":"summary_large_image","twitter_misc":{"Gesch\u00e4tzte Lesezeit":"2\u00a0Minuten"},"schema":{"@context":"https:\/\/schema.org","@graph":[{"@type":"WebPage","@id":"https:\/\/www.sempertea.eu\/de\/Produkte\/ginger-lemon-bio-kraeutertee-mit-ingwer-und-zitrone-i-lose-in-beutel\/","url":"https:\/\/www.sempertea.eu\/de\/Produkte\/ginger-lemon-bio-kraeutertee-mit-ingwer-und-zitrone-i-lose-in-beutel\/","name":"Bio-Ingwer-Zitronen-Tee, lose | Nat\u00fcrlich und ohne Tein","isPartOf":{"@id":"https:\/\/www.sempertea.eu\/#website"},"primaryImageOfPage":{"@id":"https:\/\/www.sempertea.eu\/de\/Produkte\/ginger-lemon-bio-kraeutertee-mit-ingwer-und-zitrone-i-lose-in-beutel\/#primaryimage"},"image":{"@id":"https:\/\/www.sempertea.eu\/de\/Produkte\/ginger-lemon-bio-kraeutertee-mit-ingwer-und-zitrone-i-lose-in-beutel\/#primaryimage"},"thumbnailUrl":"https:\/\/www.sempertea.eu\/wp-content\/uploads\/2025\/06\/infusion-jengibre-limon-granel-citrica-vitalizante-semper-tea-1.jpg","datePublished":"2025-06-09T09:05:23+00:00","dateModified":"2025-07-19T13:23:46+00:00","description":"Bio-Ingwer-Tee, lose abgepackt. Reiner Ingwer, ohne Zusatzstoffe und ohne Tein, f\u00fcr Gesch\u00e4fte, Caf\u00e9s und Gastronomiebetriebe oder f\u00fcr zu Hause. Intensiver Geschmack und verdauungsf\u00f6rdernde Eigenschaften.","breadcrumb":{"@id":"https:\/\/www.sempertea.eu\/de\/Produkte\/ginger-lemon-bio-kraeutertee-mit-ingwer-und-zitrone-i-lose-in-beutel\/#breadcrumb"},"inLanguage":"de","potentialAction":[{"@type":"ReadAction","target":["https:\/\/www.sempertea.eu\/de\/Produkte\/ginger-lemon-bio-kraeutertee-mit-ingwer-und-zitrone-i-lose-in-beutel\/"]}]},{"@type":"ImageObject","inLanguage":"de","@id":"https:\/\/www.sempertea.eu\/de\/Produkte\/ginger-lemon-bio-kraeutertee-mit-ingwer-und-zitrone-i-lose-in-beutel\/#primaryimage","url":"https:\/\/www.sempertea.eu\/wp-content\/uploads\/2025\/06\/infusion-jengibre-limon-granel-citrica-vitalizante-semper-tea-1.jpg","contentUrl":"https:\/\/www.sempertea.eu\/wp-content\/uploads\/2025\/06\/infusion-jengibre-limon-granel-citrica-vitalizante-semper-tea-1.jpg","width":714,"height":714,"caption":"infusion jengibre limon granel citrica vitalizante semper tea"},{"@type":"BreadcrumbList","@id":"https:\/\/www.sempertea.eu\/de\/Produkte\/ginger-lemon-bio-kraeutertee-mit-ingwer-und-zitrone-i-lose-in-beutel\/#breadcrumb","itemListElement":[{"@type":"ListItem","position":1,"name":"Portada","item":"https:\/\/www.sempertea.eu\/de\/"},{"@type":"ListItem","position":2,"name":"Shop","item":"https:\/\/www.sempertea.eu\/de\/shop\/"},{"@type":"ListItem","position":3,"name":"GINGER LEMON Bio-Kr\u00e4utertee mit Ingwer und Zitrone I lose in Beutel"}]},{"@type":"WebSite","@id":"https:\/\/www.sempertea.eu\/#website","url":"https:\/\/www.sempertea.eu\/","name":"Semper Tea | Mayorista y fabricante de T\u00e9s e Infusiones para hoteles, restaurantes y bares","description":"T\u00e9s e infusiones para hosteler\u00eda, hoteler\u00eda y comercio","potentialAction":[{"@type":"SearchAction","target":{"@type":"EntryPoint","urlTemplate":"https:\/\/www.sempertea.eu\/?s={search_term_string}"},"query-input":{"@type":"PropertyValueSpecification","valueRequired":true,"valueName":"search_term_string"}}],"inLanguage":"de"}]}},"_links":{"self":[{"href":"https:\/\/www.sempertea.eu\/de\/wp-json\/wp\/v2\/product\/16464","targetHints":{"allow":["GET"]}}],"collection":[{"href":"https:\/\/www.sempertea.eu\/de\/wp-json\/wp\/v2\/product"}],"about":[{"href":"https:\/\/www.sempertea.eu\/de\/wp-json\/wp\/v2\/types\/product"}],"replies":[{"embeddable":true,"href":"https:\/\/www.sempertea.eu\/de\/wp-json\/wp\/v2\/comments?post=16464"}],"wp:featuredmedia":[{"embeddable":true,"href":"https:\/\/www.sempertea.eu\/de\/wp-json\/wp\/v2\/media\/16123"}],"wp:attachment":[{"href":"https:\/\/www.sempertea.eu\/de\/wp-json\/wp\/v2\/media?parent=16464"}],"wp:term":[{"taxonomy":"product_brand","embeddable":true,"href":"https:\/\/www.sempertea.eu\/de\/wp-json\/wp\/v2\/product_brand?post=16464"},{"taxonomy":"product_cat","embeddable":true,"href":"https:\/\/www.sempertea.eu\/de\/wp-json\/wp\/v2\/product_cat?post=16464"},{"taxonomy":"product_tag","embeddable":true,"href":"https:\/\/www.sempertea.eu\/de\/wp-json\/wp\/v2\/product_tag?post=16464"}],"curies":[{"name":"wp","href":"https:\/\/api.w.org\/{rel}","templated":true}]}}