{"id":16457,"date":"2025-06-18T17:10:15","date_gmt":"2025-06-20T13:09:30","guid":{"rendered":"https:\/\/www.sempertea.eu\/ginger-lemon-pyramiden-lose-i-ingwer-zitronen-tee\/"},"modified":"2025-06-20T15:09:30","modified_gmt":"2025-06-20T13:09:30","slug":"ginger-lemon-pyramiden-lose-i-ingwer-zitronen-tee","status":"publish","type":"product","link":"https:\/\/www.sempertea.eu\/de\/Produkte\/ginger-lemon-pyramiden-lose-i-ingwer-zitronen-tee\/","title":{"rendered":"GINGER LEMON Pyramiden lose I Ingwer-Zitronen-Tee"},"content":{"rendered":"<h2 data-start=\"867\" data-end=\"954\">Bio-Ingwer-Zitronen-Tee in biologisch abbaubaren Pyramidenbeuteln \u2013 Gro\u00dfpackung<\/h2>\n<p data-start=\"956\" data-end=\"1272\">Dieser Ingwer-Zitronen-Tee vereint Zutaten aus biologischem Anbau, die sorgf\u00e4ltig aufgrund ihres Geschmacks und ihrer wohltuenden Eigenschaften ausgew\u00e4hlt wurden. Ingwer, bekannt f\u00fcr seine verdauungsf\u00f6rdernde und entz\u00fcndungshemmende Wirkung, wird mit der nat\u00fcrlichen Frische der Zitrone kombiniert und ergibt ein aromatisches, intensives und ausgewogenes Getr\u00e4nk. <\/p>\n<p data-start=\"1274\" data-end=\"1548\">Das Format in biologisch abbaubaren Pyramiden garantiert einen optimalen Aufguss, sodass sich die Inhaltsstoffe entfalten und ihr volles Aroma entfalten k\u00f6nnen. Dar\u00fcber hinaus sind die Pyramiden frei von Kunststoff und biologisch abbaubar, was einem nachhaltigen und verantwortungsbewussten Konsum entspricht. <\/p>\n<p data-start=\"1550\" data-end=\"1838\">Dieser Tee ist in loser Form erh\u00e4ltlich, ideal f\u00fcr Betriebe, die ein \u00f6kologisches Produkt anbieten m\u00f6chten, ohne unn\u00f6tigen Abfall zu verursachen. Perfekt f\u00fcr Unverpackt-L\u00e4den, Reformh\u00e4user, Hotels, Restaurants oder Caf\u00e9s, die Wert auf Qualit\u00e4t und Umweltbewusstsein legen. <\/p>\n<p data-start=\"1840\" data-end=\"1969\">Es enth\u00e4lt kein Tein und kann daher den ganzen Tag \u00fcber getrunken werden, auch abends als wohltuendes Getr\u00e4nk vor dem Schlafengehen.<\/p>\n<h3 data-start=\"1971\" data-end=\"2027\">Eigenschaften und Vorteile von Ingwer als Aufguss:<\/h3>\n<ul data-start=\"2028\" data-end=\"2243\">\n<li data-start=\"2028\" data-end=\"2084\">\n<p data-start=\"2030\" data-end=\"2084\">F\u00f6rdert die Verdauung und lindert Magenbeschwerden<\/p>\n<\/li>\n<li data-start=\"2085\" data-end=\"2127\">\n<p data-start=\"2087\" data-end=\"2127\">Tr\u00e4gt zum Wohlbefinden des Rachens bei<\/p>\n<\/li>\n<li data-start=\"2128\" data-end=\"2161\">\n<p data-start=\"2130\" data-end=\"2161\">Unterst\u00fctzt das Immunsystem<\/p>\n<\/li>\n<li data-start=\"2162\" data-end=\"2196\">\n<p data-start=\"2164\" data-end=\"2196\">Spendet innere W\u00e4rme und Komfort<\/p>\n<\/li>\n<li data-start=\"2197\" data-end=\"2243\">\n<p data-start=\"2199\" data-end=\"2243\">Ohne Tein, f\u00fcr den Genuss am Abend geeignet<\/p>\n<\/li>\n<\/ul>\n<h4 data-start=\"2245\" data-end=\"2280\"><span style=\"font-size: 110%;\">Produktmerkmale:<\/span><\/h4>\n<ul data-start=\"2281\" data-end=\"2492\">\n<li data-start=\"2281\" data-end=\"2329\">\n<p data-start=\"2283\" data-end=\"2329\">Ingwer-Zitronen-Tee, 100 % biologisch<\/p>\n<\/li>\n<li data-start=\"2330\" data-end=\"2372\">\n<p data-start=\"2332\" data-end=\"2372\">Biologisch abbaubare Pyramiden, ohne Kunststoff<\/p>\n<\/li>\n<li data-start=\"2373\" data-end=\"2407\">\n<p data-start=\"2375\" data-end=\"2407\">Pr\u00e4sentation in Gro\u00dfgebinden<\/p>\n<\/li>\n<li data-start=\"2408\" data-end=\"2447\">\n<p data-start=\"2410\" data-end=\"2447\">Ohne k\u00fcnstliche Aromen und Zusatzstoffe<\/p>\n<\/li>\n<li data-start=\"2448\" data-end=\"2492\">\n<p data-start=\"2450\" data-end=\"2492\">F\u00fcr vegane und allergenfreie Ern\u00e4hrung geeignet<\/p>\n<\/li>\n<\/ul>\n<p data-start=\"2494\" data-end=\"2635\">Eine nat\u00fcrliche, funktionelle und nachhaltige Mischung f\u00fcr alle, die sich wohlf\u00fchlen m\u00f6chten, ohne auf Geschmack und Umweltfreundlichkeit zu verzichten.<\/p>\n","protected":false},"excerpt":{"rendered":"<p><strong>Verdauungsf\u00f6rdernder Ingwer-Zitronen-Tee \u2013 biologisch und plastikfrei<\/strong><\/p>\n<p>Bio-Ingwer-Zitronen-Tee in biologisch abbaubaren Pyramidenbeuteln, ohne Mikroplastik, lose abgepackt. Eine nat\u00fcrliche, intensive und erfrischende Mischung mit positiven Eigenschaften f\u00fcr die Verdauung und das t\u00e4gliche Wohlbefinden. In Pyramidenbeuteln, lose abgepackt.  <\/p>\n<p>&nbsp;<\/p>\n","protected":false},"featured_media":15976,"comment_status":"open","ping_status":"closed","template":"","meta":[],"product_brand":[],"product_cat":[114,115,116,110,113,112,128,127,108,135],"product_tag":[258],"class_list":{"0":"post-16457","1":"product","2":"type-product","3":"status-publish","4":"has-post-thumbnail","6":"product_cat-alle","7":"product_cat-alle-de","8":"product_cat-alle-de-2","9":"product_cat-biologisch-abbaubare-pyramide-teebeutel-biotee-kompostierbar","10":"product_cat-biotees-sortiment-online-kaufen","11":"product_cat-krautertees-bio-teemischungen-herbal-ohne-koffein","12":"product_cat-teebeutel-ohne-mikroplastik-plastikfreie-teepyramiden","13":"product_cat-loser-tee-im-papier-beutel-biotee-in-der-tute-nachhaltig","14":"product_cat-sortiment-tee-packaging-verpackung-attraktiv-biotees-design","15":"product_cat-uncategorized-de","16":"product_tag-lava40-de","18":"first","19":"instock","20":"shipping-taxable","21":"purchasable","22":"product-type-variable"},"yoast_head":"<!-- This site is optimized with the Yoast SEO Premium plugin v27.3 (Yoast SEO v27.4) - https:\/\/yoast.com\/product\/yoast-seo-premium-wordpress\/ -->\n<title>Ingwer-Zitronen-Tee aus biologischem Anbau, Pyramidenbeutel | Ohne MIKROPLASTIK<\/title>\n<meta name=\"description\" content=\"Bio-Tee aus Ingwer und Zitrone in biologisch abbaubaren Pyramidenbeuteln. Ideal f\u00fcr die Gastronomie, Unverpackt-L\u00e4den oder den bewussten Konsum.\" \/>\n<meta name=\"robots\" content=\"index, follow, max-snippet:-1, max-image-preview:large, max-video-preview:-1\" \/>\n<link rel=\"canonical\" href=\"https:\/\/www.sempertea.eu\/de\/Produkte\/ginger-lemon-pyramiden-lose-i-ingwer-zitronen-tee\/\" \/>\n<meta property=\"og:locale\" content=\"de_DE\" \/>\n<meta property=\"og:type\" content=\"article\" \/>\n<meta property=\"og:title\" content=\"GINGER LEMON Pyramiden lose I Ingwer-Zitronen-Tee\" \/>\n<meta property=\"og:description\" content=\"Bio-Tee aus Ingwer und Zitrone in biologisch abbaubaren Pyramidenbeuteln. Ideal f\u00fcr die Gastronomie, Unverpackt-L\u00e4den oder den bewussten Konsum.\" \/>\n<meta property=\"og:url\" content=\"https:\/\/www.sempertea.eu\/de\/Produkte\/ginger-lemon-pyramiden-lose-i-ingwer-zitronen-tee\/\" \/>\n<meta property=\"og:site_name\" content=\"Semper Tea | Mayorista y fabricante de T\u00e9s e Infusiones para hoteles, restaurantes y bares\" \/>\n<meta property=\"og:image\" content=\"https:\/\/www.sempertea.eu\/wp-content\/uploads\/2025\/06\/jengibre-limon-granel-semper-tea.jpg\" \/>\n\t<meta property=\"og:image:width\" content=\"1000\" \/>\n\t<meta property=\"og:image:height\" content=\"1000\" \/>\n\t<meta property=\"og:image:type\" content=\"image\/jpeg\" \/>\n<meta name=\"twitter:card\" content=\"summary_large_image\" \/>\n<meta name=\"twitter:label1\" content=\"Gesch\u00e4tzte Lesezeit\" \/>\n\t<meta name=\"twitter:data1\" content=\"1\u00a0Minute\" \/>\n<script type=\"application\/ld+json\" class=\"yoast-schema-graph\">{\"@context\":\"https:\\\/\\\/schema.org\",\"@graph\":[{\"@type\":\"WebPage\",\"@id\":\"https:\\\/\\\/www.sempertea.eu\\\/de\\\/Produkte\\\/ginger-lemon-pyramiden-lose-i-ingwer-zitronen-tee\\\/\",\"url\":\"https:\\\/\\\/www.sempertea.eu\\\/de\\\/Produkte\\\/ginger-lemon-pyramiden-lose-i-ingwer-zitronen-tee\\\/\",\"name\":\"Ingwer-Zitronen-Tee aus biologischem Anbau, Pyramidenbeutel | Ohne MIKROPLASTIK\",\"isPartOf\":{\"@id\":\"https:\\\/\\\/www.sempertea.eu\\\/#website\"},\"primaryImageOfPage\":{\"@id\":\"https:\\\/\\\/www.sempertea.eu\\\/de\\\/Produkte\\\/ginger-lemon-pyramiden-lose-i-ingwer-zitronen-tee\\\/#primaryimage\"},\"image\":{\"@id\":\"https:\\\/\\\/www.sempertea.eu\\\/de\\\/Produkte\\\/ginger-lemon-pyramiden-lose-i-ingwer-zitronen-tee\\\/#primaryimage\"},\"thumbnailUrl\":\"https:\\\/\\\/www.sempertea.eu\\\/wp-content\\\/uploads\\\/2025\\\/06\\\/jengibre-limon-granel-semper-tea.jpg\",\"datePublished\":\"2025-06-20T13:09:30+00:00\",\"description\":\"Bio-Tee aus Ingwer und Zitrone in biologisch abbaubaren Pyramidenbeuteln. Ideal f\u00fcr die Gastronomie, Unverpackt-L\u00e4den oder den bewussten Konsum.\",\"breadcrumb\":{\"@id\":\"https:\\\/\\\/www.sempertea.eu\\\/de\\\/Produkte\\\/ginger-lemon-pyramiden-lose-i-ingwer-zitronen-tee\\\/#breadcrumb\"},\"inLanguage\":\"de\",\"potentialAction\":[{\"@type\":\"ReadAction\",\"target\":[\"https:\\\/\\\/www.sempertea.eu\\\/de\\\/Produkte\\\/ginger-lemon-pyramiden-lose-i-ingwer-zitronen-tee\\\/\"]}]},{\"@type\":\"ImageObject\",\"inLanguage\":\"de\",\"@id\":\"https:\\\/\\\/www.sempertea.eu\\\/de\\\/Produkte\\\/ginger-lemon-pyramiden-lose-i-ingwer-zitronen-tee\\\/#primaryimage\",\"url\":\"https:\\\/\\\/www.sempertea.eu\\\/wp-content\\\/uploads\\\/2025\\\/06\\\/jengibre-limon-granel-semper-tea.jpg\",\"contentUrl\":\"https:\\\/\\\/www.sempertea.eu\\\/wp-content\\\/uploads\\\/2025\\\/06\\\/jengibre-limon-granel-semper-tea.jpg\",\"width\":1000,\"height\":1000,\"caption\":\"jengibre limon granel semper tea\"},{\"@type\":\"BreadcrumbList\",\"@id\":\"https:\\\/\\\/www.sempertea.eu\\\/de\\\/Produkte\\\/ginger-lemon-pyramiden-lose-i-ingwer-zitronen-tee\\\/#breadcrumb\",\"itemListElement\":[{\"@type\":\"ListItem\",\"position\":1,\"name\":\"Portada\",\"item\":\"https:\\\/\\\/www.sempertea.eu\\\/de\\\/\"},{\"@type\":\"ListItem\",\"position\":2,\"name\":\"Shop\",\"item\":\"https:\\\/\\\/www.sempertea.eu\\\/de\\\/shop\\\/\"},{\"@type\":\"ListItem\",\"position\":3,\"name\":\"GINGER LEMON Pyramiden lose I Ingwer-Zitronen-Tee\"}]},{\"@type\":\"WebSite\",\"@id\":\"https:\\\/\\\/www.sempertea.eu\\\/#website\",\"url\":\"https:\\\/\\\/www.sempertea.eu\\\/\",\"name\":\"Semper Tea | Mayorista y fabricante de T\u00e9s e Infusiones para hoteles, restaurantes y bares\",\"description\":\"T\u00e9s e infusiones para hosteler\u00eda, hoteler\u00eda y comercio\",\"potentialAction\":[{\"@type\":\"SearchAction\",\"target\":{\"@type\":\"EntryPoint\",\"urlTemplate\":\"https:\\\/\\\/www.sempertea.eu\\\/?s={search_term_string}\"},\"query-input\":{\"@type\":\"PropertyValueSpecification\",\"valueRequired\":true,\"valueName\":\"search_term_string\"}}],\"inLanguage\":\"de\"}]}<\/script>\n<!-- \/ Yoast SEO Premium plugin. -->","yoast_head_json":{"title":"Ingwer-Zitronen-Tee aus biologischem Anbau, Pyramidenbeutel | Ohne MIKROPLASTIK","description":"Bio-Tee aus Ingwer und Zitrone in biologisch abbaubaren Pyramidenbeuteln. Ideal f\u00fcr die Gastronomie, Unverpackt-L\u00e4den oder den bewussten Konsum.","robots":{"index":"index","follow":"follow","max-snippet":"max-snippet:-1","max-image-preview":"max-image-preview:large","max-video-preview":"max-video-preview:-1"},"canonical":"https:\/\/www.sempertea.eu\/de\/Produkte\/ginger-lemon-pyramiden-lose-i-ingwer-zitronen-tee\/","og_locale":"de_DE","og_type":"article","og_title":"GINGER LEMON Pyramiden lose I Ingwer-Zitronen-Tee","og_description":"Bio-Tee aus Ingwer und Zitrone in biologisch abbaubaren Pyramidenbeuteln. Ideal f\u00fcr die Gastronomie, Unverpackt-L\u00e4den oder den bewussten Konsum.","og_url":"https:\/\/www.sempertea.eu\/de\/Produkte\/ginger-lemon-pyramiden-lose-i-ingwer-zitronen-tee\/","og_site_name":"Semper Tea | Mayorista y fabricante de T\u00e9s e Infusiones para hoteles, restaurantes y bares","og_image":[{"width":1000,"height":1000,"url":"https:\/\/www.sempertea.eu\/wp-content\/uploads\/2025\/06\/jengibre-limon-granel-semper-tea.jpg","type":"image\/jpeg"}],"twitter_card":"summary_large_image","twitter_misc":{"Gesch\u00e4tzte Lesezeit":"1\u00a0Minute"},"schema":{"@context":"https:\/\/schema.org","@graph":[{"@type":"WebPage","@id":"https:\/\/www.sempertea.eu\/de\/Produkte\/ginger-lemon-pyramiden-lose-i-ingwer-zitronen-tee\/","url":"https:\/\/www.sempertea.eu\/de\/Produkte\/ginger-lemon-pyramiden-lose-i-ingwer-zitronen-tee\/","name":"Ingwer-Zitronen-Tee aus biologischem Anbau, Pyramidenbeutel | Ohne MIKROPLASTIK","isPartOf":{"@id":"https:\/\/www.sempertea.eu\/#website"},"primaryImageOfPage":{"@id":"https:\/\/www.sempertea.eu\/de\/Produkte\/ginger-lemon-pyramiden-lose-i-ingwer-zitronen-tee\/#primaryimage"},"image":{"@id":"https:\/\/www.sempertea.eu\/de\/Produkte\/ginger-lemon-pyramiden-lose-i-ingwer-zitronen-tee\/#primaryimage"},"thumbnailUrl":"https:\/\/www.sempertea.eu\/wp-content\/uploads\/2025\/06\/jengibre-limon-granel-semper-tea.jpg","datePublished":"2025-06-20T13:09:30+00:00","description":"Bio-Tee aus Ingwer und Zitrone in biologisch abbaubaren Pyramidenbeuteln. Ideal f\u00fcr die Gastronomie, Unverpackt-L\u00e4den oder den bewussten Konsum.","breadcrumb":{"@id":"https:\/\/www.sempertea.eu\/de\/Produkte\/ginger-lemon-pyramiden-lose-i-ingwer-zitronen-tee\/#breadcrumb"},"inLanguage":"de","potentialAction":[{"@type":"ReadAction","target":["https:\/\/www.sempertea.eu\/de\/Produkte\/ginger-lemon-pyramiden-lose-i-ingwer-zitronen-tee\/"]}]},{"@type":"ImageObject","inLanguage":"de","@id":"https:\/\/www.sempertea.eu\/de\/Produkte\/ginger-lemon-pyramiden-lose-i-ingwer-zitronen-tee\/#primaryimage","url":"https:\/\/www.sempertea.eu\/wp-content\/uploads\/2025\/06\/jengibre-limon-granel-semper-tea.jpg","contentUrl":"https:\/\/www.sempertea.eu\/wp-content\/uploads\/2025\/06\/jengibre-limon-granel-semper-tea.jpg","width":1000,"height":1000,"caption":"jengibre limon granel semper tea"},{"@type":"BreadcrumbList","@id":"https:\/\/www.sempertea.eu\/de\/Produkte\/ginger-lemon-pyramiden-lose-i-ingwer-zitronen-tee\/#breadcrumb","itemListElement":[{"@type":"ListItem","position":1,"name":"Portada","item":"https:\/\/www.sempertea.eu\/de\/"},{"@type":"ListItem","position":2,"name":"Shop","item":"https:\/\/www.sempertea.eu\/de\/shop\/"},{"@type":"ListItem","position":3,"name":"GINGER LEMON Pyramiden lose I Ingwer-Zitronen-Tee"}]},{"@type":"WebSite","@id":"https:\/\/www.sempertea.eu\/#website","url":"https:\/\/www.sempertea.eu\/","name":"Semper Tea | Mayorista y fabricante de T\u00e9s e Infusiones para hoteles, restaurantes y bares","description":"T\u00e9s e infusiones para hosteler\u00eda, hoteler\u00eda y comercio","potentialAction":[{"@type":"SearchAction","target":{"@type":"EntryPoint","urlTemplate":"https:\/\/www.sempertea.eu\/?s={search_term_string}"},"query-input":{"@type":"PropertyValueSpecification","valueRequired":true,"valueName":"search_term_string"}}],"inLanguage":"de"}]}},"_links":{"self":[{"href":"https:\/\/www.sempertea.eu\/de\/wp-json\/wp\/v2\/product\/16457","targetHints":{"allow":["GET"]}}],"collection":[{"href":"https:\/\/www.sempertea.eu\/de\/wp-json\/wp\/v2\/product"}],"about":[{"href":"https:\/\/www.sempertea.eu\/de\/wp-json\/wp\/v2\/types\/product"}],"replies":[{"embeddable":true,"href":"https:\/\/www.sempertea.eu\/de\/wp-json\/wp\/v2\/comments?post=16457"}],"wp:featuredmedia":[{"embeddable":true,"href":"https:\/\/www.sempertea.eu\/de\/wp-json\/wp\/v2\/media\/15976"}],"wp:attachment":[{"href":"https:\/\/www.sempertea.eu\/de\/wp-json\/wp\/v2\/media?parent=16457"}],"wp:term":[{"taxonomy":"product_brand","embeddable":true,"href":"https:\/\/www.sempertea.eu\/de\/wp-json\/wp\/v2\/product_brand?post=16457"},{"taxonomy":"product_cat","embeddable":true,"href":"https:\/\/www.sempertea.eu\/de\/wp-json\/wp\/v2\/product_cat?post=16457"},{"taxonomy":"product_tag","embeddable":true,"href":"https:\/\/www.sempertea.eu\/de\/wp-json\/wp\/v2\/product_tag?post=16457"}],"curies":[{"name":"wp","href":"https:\/\/api.w.org\/{rel}","templated":true}]}}