{"id":15547,"date":"2025-05-13T17:41:28","date_gmt":"2025-05-14T15:06:03","guid":{"rendered":"https:\/\/www.sempertea.eu\/rooibos-cinnamon-pyramiden-lose-rooibos-tee-mit-zimt\/"},"modified":"2025-05-15T17:05:42","modified_gmt":"2025-05-15T15:05:42","slug":"rooibos-zimttee-plastikfreie-teepyramiden-daheim-hotels-gastronomie","status":"publish","type":"product","link":"https:\/\/www.sempertea.eu\/de\/Produkte\/rooibos-zimttee-plastikfreie-teepyramiden-daheim-hotels-gastronomie\/","title":{"rendered":"ROOIBOS CINNAMON lose Pyramiden | Rooibos Zimt-Tee"},"content":{"rendered":"<h2 data-start=\"159\" data-end=\"246\">Zimttee \u2013 Rooibos-Zimt mit echtem Ceylon-Zimt | Premium-Teepyramiden in Gro\u00dfpackung<\/h2>\n<p data-start=\"248\" data-end=\"587\">Jede Pyramide enth\u00e4lt hochwertigen Bio-Rooibos in ganzen Bl\u00e4ttern, kombiniert mit aromatischen Ceylon-Zimtst\u00fcckchen \u2013 eine klassische Mischung f\u00fcr eine wohltuende Tasse Tee. <strong data-start=\"422\" data-end=\"442\">Rooibos mit Zimt<\/strong> ist von Natur aus frei von Teein und eignet sich perfekt f\u00fcr ruhige Momente \u2013 morgens, nach dem Essen oder einfach zum Abschalten zwischendurch.<\/p>\n<p data-start=\"589\" data-end=\"850\">Der angenehm milde Geschmack wird erg\u00e4nzt durch die nat\u00fcrlichen Eigenschaften des Rooibos und des Zimts, die eine sanfte Verdauung unterst\u00fctzen und zur Entspannung beitragen. <strong data-start=\"764\" data-end=\"779\">Ceylon-Zimt<\/strong> wird seit jeher f\u00fcr seine beruhigende und st\u00e4rkende Wirkung gesch\u00e4tzt.<\/p>\n<h3 data-start=\"852\" data-end=\"908\">Plastikfreier Rooibos-Tee f\u00fcr Gastronomie und Hotels<\/h3>\n<p data-start=\"910\" data-end=\"1252\">Das Gro\u00dfpackungsformat sorgt f\u00fcr einen effizienten, nachhaltigen und kosteng\u00fcnstigen Service \u2013 ideal f\u00fcr Buffets, Fr\u00fchst\u00fccksbereiche, Caf\u00e9s oder Selbstbedienung. Die biologisch abbaubaren Pyramiden werden in recycelbaren Kraftpapierbeuteln verpackt \u2013 ganz ohne Plastik oder Mikroplastik. Ein verantwortungsvoller Beitrag f\u00fcr Umwelt und G\u00e4ste.<\/p>\n<h4 data-start=\"1254\" data-end=\"1318\">Bio-Kr\u00e4utertees f\u00fcr Hotels \u2013 Nat\u00fcrlich, aromatisch, stilvoll<\/h4>\n<p data-start=\"1320\" data-end=\"1537\"><strong data-start=\"1320\" data-end=\"1345\">Rooibos Zimt \u2013 LAVA40<\/strong> steht f\u00fcr moderne Teekultur, in der Geschmack, Qualit\u00e4t und Nachhaltigkeit zusammenkommen. Ob im Hotel, im Spa-Bereich oder im Caf\u00e9 \u2013 dieser Tee bringt W\u00e4rme, Tiefe und Stil in jedes Angebot.<\/p>\n<p data-start=\"1539\" data-end=\"1862\">Die Rooibos-Zimt-Pyramiden geh\u00f6ren zur professionellen <strong data-start=\"1594\" data-end=\"1625\">LAVA40-Linie von Semper Tea<\/strong>, entwickelt f\u00fcr den HORECA-Bereich. Die Mischung aus der sanften S\u00fc\u00dfe des Rooibos und dem w\u00fcrzigen Aroma von echtem Ceylon-Zimt ist ideal f\u00fcr alle, die ihren G\u00e4sten eine besondere, gesunde und umweltfreundliche Teewahl anbieten m\u00f6chten.<\/p>\n","protected":false},"excerpt":{"rendered":"<p>Dieser <strong data-start=\"132\" data-end=\"152\">Rooibos<\/strong>\u00a0kombiniert den weichen, nat\u00fcrlich s\u00fc\u00dfen Geschmack von <strong data-start=\"207\" data-end=\"222\">Rotbuschtee<\/strong> \u2013 bekannt f\u00fcr seine antioxidativen, entspannenden und verdauungsf\u00f6rdernden Eigenschaften \u2013 mit dem aromatischen, w\u00fcrzigen Akzent von <strong data-start=\"356\" data-end=\"371\">Ceylon-Zimt<\/strong>. Eine perfekte Wahl f\u00fcr alle, die ihren Kunden einen <strong data-start=\"425\" data-end=\"451\">Rooibos-Tee ohne Teein<\/strong> sowie ein <strong data-start=\"462\" data-end=\"512\">gesundes und umweltfreundliches Genusserlebnis<\/strong> bieten m\u00f6chten.<\/p>\n","protected":false},"featured_media":15437,"comment_status":"open","ping_status":"closed","template":"","meta":[],"product_brand":[],"product_cat":[116,110,113,128,127,122,108],"product_tag":[],"class_list":{"0":"post-15547","1":"product","2":"type-product","3":"status-publish","4":"has-post-thumbnail","6":"product_cat-alle-de-2","7":"product_cat-biologisch-abbaubare-pyramide-teebeutel-biotee-kompostierbar","8":"product_cat-biotees-sortiment-online-kaufen","9":"product_cat-teebeutel-ohne-mikroplastik-plastikfreie-teepyramiden","10":"product_cat-loser-tee-im-papier-beutel-biotee-in-der-tute-nachhaltig","11":"product_cat-rooibos-tee-erdig-koffein-frei-biotee-sudafrika-rotbusch","12":"product_cat-sortiment-tee-packaging-verpackung-attraktiv-biotees-design","14":"first","15":"instock","16":"shipping-taxable","17":"purchasable","18":"product-type-variable"},"yoast_head":"<!-- This site is optimized with the Yoast SEO Premium plugin v27.3 (Yoast SEO v27.3) - https:\/\/yoast.com\/product\/yoast-seo-premium-wordpress\/ -->\n<title>Rooibos Zimttee Teepyramiden f\u00fcr Daheim und Gastronomie<\/title>\n<meta name=\"description\" content=\"Bio-Zimttee aus Rooibos mit Ceylon-Zimt in plastikfreien Teepyramiden. Ideal f\u00fcr Daheim, Hotels, Buffets und nachhaltige Gastronomie.\" \/>\n<meta name=\"robots\" content=\"index, follow, max-snippet:-1, max-image-preview:large, max-video-preview:-1\" \/>\n<link rel=\"canonical\" href=\"https:\/\/www.sempertea.eu\/de\/Produkte\/rooibos-zimttee-plastikfreie-teepyramiden-daheim-hotels-gastronomie\/\" \/>\n<meta property=\"og:locale\" content=\"de_DE\" \/>\n<meta property=\"og:type\" content=\"article\" \/>\n<meta property=\"og:title\" content=\"ROOIBOS CINNAMON lose Pyramiden | Rooibos Zimt-Tee\" \/>\n<meta property=\"og:description\" content=\"Bio-Zimttee aus Rooibos mit Ceylon-Zimt in plastikfreien Teepyramiden. Ideal f\u00fcr Daheim, Hotels, Buffets und nachhaltige Gastronomie.\" \/>\n<meta property=\"og:url\" content=\"https:\/\/www.sempertea.eu\/de\/Produkte\/rooibos-zimttee-plastikfreie-teepyramiden-daheim-hotels-gastronomie\/\" \/>\n<meta property=\"og:site_name\" content=\"Semper Tea | Mayorista y fabricante de T\u00e9s e Infusiones para hoteles, restaurantes y bares\" \/>\n<meta property=\"article:modified_time\" content=\"2025-05-15T15:05:42+00:00\" \/>\n<meta property=\"og:image\" content=\"https:\/\/www.sempertea.eu\/wp-content\/uploads\/2025\/05\/roibo-infusion.jpg\" \/>\n\t<meta property=\"og:image:width\" content=\"1000\" \/>\n\t<meta property=\"og:image:height\" content=\"1000\" \/>\n\t<meta property=\"og:image:type\" content=\"image\/jpeg\" \/>\n<meta name=\"twitter:card\" content=\"summary_large_image\" \/>\n<meta name=\"twitter:label1\" content=\"Gesch\u00e4tzte Lesezeit\" \/>\n\t<meta name=\"twitter:data1\" content=\"2\u00a0Minuten\" \/>\n<script type=\"application\/ld+json\" class=\"yoast-schema-graph\">{\"@context\":\"https:\\\/\\\/schema.org\",\"@graph\":[{\"@type\":\"WebPage\",\"@id\":\"https:\\\/\\\/www.sempertea.eu\\\/de\\\/Produkte\\\/rooibos-zimttee-plastikfreie-teepyramiden-daheim-hotels-gastronomie\\\/\",\"url\":\"https:\\\/\\\/www.sempertea.eu\\\/de\\\/Produkte\\\/rooibos-zimttee-plastikfreie-teepyramiden-daheim-hotels-gastronomie\\\/\",\"name\":\"Rooibos Zimttee Teepyramiden f\u00fcr Daheim und Gastronomie\",\"isPartOf\":{\"@id\":\"https:\\\/\\\/www.sempertea.eu\\\/#website\"},\"primaryImageOfPage\":{\"@id\":\"https:\\\/\\\/www.sempertea.eu\\\/de\\\/Produkte\\\/rooibos-zimttee-plastikfreie-teepyramiden-daheim-hotels-gastronomie\\\/#primaryimage\"},\"image\":{\"@id\":\"https:\\\/\\\/www.sempertea.eu\\\/de\\\/Produkte\\\/rooibos-zimttee-plastikfreie-teepyramiden-daheim-hotels-gastronomie\\\/#primaryimage\"},\"thumbnailUrl\":\"https:\\\/\\\/www.sempertea.eu\\\/wp-content\\\/uploads\\\/2025\\\/05\\\/roibo-infusion.jpg\",\"datePublished\":\"2025-05-14T15:06:03+00:00\",\"dateModified\":\"2025-05-15T15:05:42+00:00\",\"description\":\"Bio-Zimttee aus Rooibos mit Ceylon-Zimt in plastikfreien Teepyramiden. Ideal f\u00fcr Daheim, Hotels, Buffets und nachhaltige Gastronomie.\",\"breadcrumb\":{\"@id\":\"https:\\\/\\\/www.sempertea.eu\\\/de\\\/Produkte\\\/rooibos-zimttee-plastikfreie-teepyramiden-daheim-hotels-gastronomie\\\/#breadcrumb\"},\"inLanguage\":\"de\",\"potentialAction\":[{\"@type\":\"ReadAction\",\"target\":[\"https:\\\/\\\/www.sempertea.eu\\\/de\\\/Produkte\\\/rooibos-zimttee-plastikfreie-teepyramiden-daheim-hotels-gastronomie\\\/\"]}]},{\"@type\":\"ImageObject\",\"inLanguage\":\"de\",\"@id\":\"https:\\\/\\\/www.sempertea.eu\\\/de\\\/Produkte\\\/rooibos-zimttee-plastikfreie-teepyramiden-daheim-hotels-gastronomie\\\/#primaryimage\",\"url\":\"https:\\\/\\\/www.sempertea.eu\\\/wp-content\\\/uploads\\\/2025\\\/05\\\/roibo-infusion.jpg\",\"contentUrl\":\"https:\\\/\\\/www.sempertea.eu\\\/wp-content\\\/uploads\\\/2025\\\/05\\\/roibo-infusion.jpg\",\"width\":1000,\"height\":1000,\"caption\":\"roibo infusion\"},{\"@type\":\"BreadcrumbList\",\"@id\":\"https:\\\/\\\/www.sempertea.eu\\\/de\\\/Produkte\\\/rooibos-zimttee-plastikfreie-teepyramiden-daheim-hotels-gastronomie\\\/#breadcrumb\",\"itemListElement\":[{\"@type\":\"ListItem\",\"position\":1,\"name\":\"Portada\",\"item\":\"https:\\\/\\\/www.sempertea.eu\\\/de\\\/\"},{\"@type\":\"ListItem\",\"position\":2,\"name\":\"Shop\",\"item\":\"https:\\\/\\\/www.sempertea.eu\\\/de\\\/shop\\\/\"},{\"@type\":\"ListItem\",\"position\":3,\"name\":\"ROOIBOS CINNAMON lose Pyramiden | Rooibos Zimt-Tee\"}]},{\"@type\":\"WebSite\",\"@id\":\"https:\\\/\\\/www.sempertea.eu\\\/#website\",\"url\":\"https:\\\/\\\/www.sempertea.eu\\\/\",\"name\":\"Semper Tea | Mayorista y fabricante de T\u00e9s e Infusiones para hoteles, restaurantes y bares\",\"description\":\"T\u00e9s e infusiones para hosteler\u00eda, hoteler\u00eda y comercio\",\"potentialAction\":[{\"@type\":\"SearchAction\",\"target\":{\"@type\":\"EntryPoint\",\"urlTemplate\":\"https:\\\/\\\/www.sempertea.eu\\\/?s={search_term_string}\"},\"query-input\":{\"@type\":\"PropertyValueSpecification\",\"valueRequired\":true,\"valueName\":\"search_term_string\"}}],\"inLanguage\":\"de\"}]}<\/script>\n<!-- \/ Yoast SEO Premium plugin. -->","yoast_head_json":{"title":"Rooibos Zimttee Teepyramiden f\u00fcr Daheim und Gastronomie","description":"Bio-Zimttee aus Rooibos mit Ceylon-Zimt in plastikfreien Teepyramiden. Ideal f\u00fcr Daheim, Hotels, Buffets und nachhaltige Gastronomie.","robots":{"index":"index","follow":"follow","max-snippet":"max-snippet:-1","max-image-preview":"max-image-preview:large","max-video-preview":"max-video-preview:-1"},"canonical":"https:\/\/www.sempertea.eu\/de\/Produkte\/rooibos-zimttee-plastikfreie-teepyramiden-daheim-hotels-gastronomie\/","og_locale":"de_DE","og_type":"article","og_title":"ROOIBOS CINNAMON lose Pyramiden | Rooibos Zimt-Tee","og_description":"Bio-Zimttee aus Rooibos mit Ceylon-Zimt in plastikfreien Teepyramiden. Ideal f\u00fcr Daheim, Hotels, Buffets und nachhaltige Gastronomie.","og_url":"https:\/\/www.sempertea.eu\/de\/Produkte\/rooibos-zimttee-plastikfreie-teepyramiden-daheim-hotels-gastronomie\/","og_site_name":"Semper Tea | Mayorista y fabricante de T\u00e9s e Infusiones para hoteles, restaurantes y bares","article_modified_time":"2025-05-15T15:05:42+00:00","og_image":[{"width":1000,"height":1000,"url":"https:\/\/www.sempertea.eu\/wp-content\/uploads\/2025\/05\/roibo-infusion.jpg","type":"image\/jpeg"}],"twitter_card":"summary_large_image","twitter_misc":{"Gesch\u00e4tzte Lesezeit":"2\u00a0Minuten"},"schema":{"@context":"https:\/\/schema.org","@graph":[{"@type":"WebPage","@id":"https:\/\/www.sempertea.eu\/de\/Produkte\/rooibos-zimttee-plastikfreie-teepyramiden-daheim-hotels-gastronomie\/","url":"https:\/\/www.sempertea.eu\/de\/Produkte\/rooibos-zimttee-plastikfreie-teepyramiden-daheim-hotels-gastronomie\/","name":"Rooibos Zimttee Teepyramiden f\u00fcr Daheim und Gastronomie","isPartOf":{"@id":"https:\/\/www.sempertea.eu\/#website"},"primaryImageOfPage":{"@id":"https:\/\/www.sempertea.eu\/de\/Produkte\/rooibos-zimttee-plastikfreie-teepyramiden-daheim-hotels-gastronomie\/#primaryimage"},"image":{"@id":"https:\/\/www.sempertea.eu\/de\/Produkte\/rooibos-zimttee-plastikfreie-teepyramiden-daheim-hotels-gastronomie\/#primaryimage"},"thumbnailUrl":"https:\/\/www.sempertea.eu\/wp-content\/uploads\/2025\/05\/roibo-infusion.jpg","datePublished":"2025-05-14T15:06:03+00:00","dateModified":"2025-05-15T15:05:42+00:00","description":"Bio-Zimttee aus Rooibos mit Ceylon-Zimt in plastikfreien Teepyramiden. Ideal f\u00fcr Daheim, Hotels, Buffets und nachhaltige Gastronomie.","breadcrumb":{"@id":"https:\/\/www.sempertea.eu\/de\/Produkte\/rooibos-zimttee-plastikfreie-teepyramiden-daheim-hotels-gastronomie\/#breadcrumb"},"inLanguage":"de","potentialAction":[{"@type":"ReadAction","target":["https:\/\/www.sempertea.eu\/de\/Produkte\/rooibos-zimttee-plastikfreie-teepyramiden-daheim-hotels-gastronomie\/"]}]},{"@type":"ImageObject","inLanguage":"de","@id":"https:\/\/www.sempertea.eu\/de\/Produkte\/rooibos-zimttee-plastikfreie-teepyramiden-daheim-hotels-gastronomie\/#primaryimage","url":"https:\/\/www.sempertea.eu\/wp-content\/uploads\/2025\/05\/roibo-infusion.jpg","contentUrl":"https:\/\/www.sempertea.eu\/wp-content\/uploads\/2025\/05\/roibo-infusion.jpg","width":1000,"height":1000,"caption":"roibo infusion"},{"@type":"BreadcrumbList","@id":"https:\/\/www.sempertea.eu\/de\/Produkte\/rooibos-zimttee-plastikfreie-teepyramiden-daheim-hotels-gastronomie\/#breadcrumb","itemListElement":[{"@type":"ListItem","position":1,"name":"Portada","item":"https:\/\/www.sempertea.eu\/de\/"},{"@type":"ListItem","position":2,"name":"Shop","item":"https:\/\/www.sempertea.eu\/de\/shop\/"},{"@type":"ListItem","position":3,"name":"ROOIBOS CINNAMON lose Pyramiden | Rooibos Zimt-Tee"}]},{"@type":"WebSite","@id":"https:\/\/www.sempertea.eu\/#website","url":"https:\/\/www.sempertea.eu\/","name":"Semper Tea | Mayorista y fabricante de T\u00e9s e Infusiones para hoteles, restaurantes y bares","description":"T\u00e9s e infusiones para hosteler\u00eda, hoteler\u00eda y comercio","potentialAction":[{"@type":"SearchAction","target":{"@type":"EntryPoint","urlTemplate":"https:\/\/www.sempertea.eu\/?s={search_term_string}"},"query-input":{"@type":"PropertyValueSpecification","valueRequired":true,"valueName":"search_term_string"}}],"inLanguage":"de"}]}},"_links":{"self":[{"href":"https:\/\/www.sempertea.eu\/de\/wp-json\/wp\/v2\/product\/15547","targetHints":{"allow":["GET"]}}],"collection":[{"href":"https:\/\/www.sempertea.eu\/de\/wp-json\/wp\/v2\/product"}],"about":[{"href":"https:\/\/www.sempertea.eu\/de\/wp-json\/wp\/v2\/types\/product"}],"replies":[{"embeddable":true,"href":"https:\/\/www.sempertea.eu\/de\/wp-json\/wp\/v2\/comments?post=15547"}],"wp:featuredmedia":[{"embeddable":true,"href":"https:\/\/www.sempertea.eu\/de\/wp-json\/wp\/v2\/media\/15437"}],"wp:attachment":[{"href":"https:\/\/www.sempertea.eu\/de\/wp-json\/wp\/v2\/media?parent=15547"}],"wp:term":[{"taxonomy":"product_brand","embeddable":true,"href":"https:\/\/www.sempertea.eu\/de\/wp-json\/wp\/v2\/product_brand?post=15547"},{"taxonomy":"product_cat","embeddable":true,"href":"https:\/\/www.sempertea.eu\/de\/wp-json\/wp\/v2\/product_cat?post=15547"},{"taxonomy":"product_tag","embeddable":true,"href":"https:\/\/www.sempertea.eu\/de\/wp-json\/wp\/v2\/product_tag?post=15547"}],"curies":[{"name":"wp","href":"https:\/\/api.w.org\/{rel}","templated":true}]}}