{"id":15546,"date":"2025-05-13T18:03:56","date_gmt":"2025-05-14T14:54:07","guid":{"rendered":"https:\/\/www.sempertea.eu\/rooibos-cinnamon-bio-tee-mit-zimt-i-pyramiden-tee\/"},"modified":"2025-06-12T18:58:22","modified_gmt":"2025-06-12T16:58:22","slug":"bester-premium-rooibos-zimt-tee","status":"publish","type":"product","link":"https:\/\/www.sempertea.eu\/de\/Produkte\/bester-premium-rooibos-zimt-tee\/","title":{"rendered":"ROOIBOS CINNAMON Bio-Tee mit Zimt I Pyramiden-Tee"},"content":{"rendered":"<h2 data-start=\"624\" data-end=\"689\">Premium Rooibos Zimt Tee in Pyramiden \u2013 Entspannende Rotbuschtee-Infusionen f\u00fcr einen <span class=\"keyword _ngcontent-gbl-112\" aria-hidden=\"false\">erholsamen Schlaf<\/span><\/h2>\n<p class=\"\" data-start=\"438\" data-end=\"827\">Die Mischung aus Bio-<strong data-start=\"456\" data-end=\"478\"><a href=\"https:\/\/www.sempertea.eu\/rooibos-tiene-teina\/\">Rooibos <\/a>und Ceylon<\/strong> Zimt aus unserer <strong data-start=\"485\" data-end=\"504\">Coral<\/strong>-Kollektion vereint die nat\u00fcrliche S\u00fc\u00dfe des <strong data-start=\"535\" data-end=\"556\">Roibuschtee <\/strong>mit dem warmen, w\u00fcrzigen Aroma von Zimt aus <strong data-start=\"595\" data-end=\"615\">Ceylon<\/strong>. Das Ergebnis ist eine rooibos infusion, koffeinfrei und ideal f\u00fcr jede Tageszeit. Diese ausgewogene Kombination von Milde und Charakter macht jede Tasse zu einem wohltuenden Erlebnis \u2013 f\u00fcr K\u00f6rper und Geist.<\/p>\n<p class=\"\" data-start=\"1116\" data-end=\"1436\">Dieser rotbuschtee ist frei von <strong data-start=\"1116\" data-end=\"1196\">Mikroplastik<\/strong>, enth\u00e4lt keine <strong data-start=\"1203\" data-end=\"1221\">Teein <\/strong>(th\u00e9 sans th\u00e9ine) und besteht ausschlie\u00dflich aus zertifizierten Bio-Zutaten. Perfekt geeignet f\u00fcr Teekarten, die Wert auf nachhaltige Herkunft, Umweltbewusstsein und das Wohlbefinden der G\u00e4ste legen.<\/p>\n<h3 data-start=\"175\" data-end=\"215\">Zimt am Abend \u2013 Entspannungstee \u2013 Rooibos f\u00fcr <span class=\"keyword _ngcontent-gbl-112\" aria-hidden=\"false\">einen <\/span>guten Schlaf<\/h3>\n<p data-start=\"217\" data-end=\"557\">Eine beruhigende Mischung aus rooibostee und einem Hauch von ceylon zimt, ideal zur Entspannung. Rooibos, auch bekannt als rotbusch, stammt urspr\u00fcnglich aus S\u00fcdafrika und ist bekannt f\u00fcr seine <strong data-start=\"381\" data-end=\"430\">gesundheitsf\u00f6rdernden <\/strong>Eigenschaften wie antioxidative Wirkung, Unterst\u00fctzung der Verdauung und entz\u00fcndungshemmende Effekte.<\/p>\n<p data-start=\"559\" data-end=\"786\">Dank des niedrigen Tanningehalts ist rooibusch magenfreundlich und unterst\u00fctzt das Nervensystem. Eine w\u00e4rmende, umh\u00fcllende Infusion \u2013 ideal f\u00fcr Momente der Selbstf\u00fcrsorge und <strong data-start=\"746\" data-end=\"785\">n\u00e4chtlichen <\/strong>Ruhe.<\/p>\n<p data-start=\"788\" data-end=\"869\"><strong data-start=\"788\" data-end=\"869\">Eine Bio-Infusion mit Seele \u2013 von Anfang an f\u00fcr dein Wohlbefinden gemacht<\/strong><\/p>\n<h4><strong>Rooibos Zimt f\u00fcr die Gastronomie \u2013 Stilvoll &amp; Biologisch abbaubar<\/strong><\/h4>\n<p class=\"\" data-start=\"2352\" data-end=\"2700\"><strong data-start=\"2352\" data-end=\"2376\">Rooibos <\/strong>Zimt Coral ist Teil unserer <strong data-start=\"2413\" data-end=\"2438\">entspannenden <\/strong>Teelinien \u2013 konzipiert, um Pausen zu bereichern, das Kundenerlebnis zu verbessern und das nachhaltige Engagement Ihres Betriebs zu unterstreichen. Eine elegante, gesunde und r\u00fcckstandsfreie rotbuschtee-Infusion, die zu den Werten von Gastgebern passt, die auf Qualit\u00e4t und Umwelt achten.<\/p>\n<p class=\"\" data-start=\"2352\" data-end=\"2700\"><span style=\"font-size: 14.4px;\">Verpackt <\/span>in <strong style=\"font-size: 14.4px;\" data-start=\"853\" data-end=\"881\">praktischen<\/strong>, biologisch abbaubaren <strong style=\"font-size: 14.4px;\" data-start=\"996\" data-end=\"1006\">Pyramidenbeuteln <\/strong>und einem stilvollen Etui \u2013 ideal f\u00fcr Hotels, Caf\u00e9s und Restaurants, die <span style=\"font-size: 14.4px;\">rooibostees <\/span>in <span style=\"font-size: 14.4px;\">Premiumqualit\u00e4t <\/span>mit Nachhaltigkeit verbinden m\u00f6chten.<\/p>\n","protected":false},"excerpt":{"rendered":"<p><span class=\"relative -mx-px my-[-0.2rem] rounded px-px py-[0.2rem] transition-colors duration-100 ease-in-out\">Ein sensorisches Erlebnis<strong>: Rooibos<\/strong> <strong>Zimt<\/strong> \u2013 Bio-Infusion in Pyramiden der <strong data-start=\"105\" data-end=\"124\">Coral<\/strong>-Kollektion<\/span><\/p>\n<p><span class=\"relative -mx-px my-[-0.2rem] rounded px-px py-[0.2rem] transition-colors duration-100 ease-in-out\">Diese rooibos tee Mischung kombiniert die nat\u00fcrliche S\u00fc\u00dfe von roibuschtee mit dem aromatisch-w\u00fcrzigen Duft von ceylon zimt kaufen<\/span>. <span class=\"relative -mx-px my-[-0.2rem] rounded px-px py-[0.2rem] transition-colors duration-100 ease-in-out\">Eine koffeinfreie, wohltuende roibusch infusion, die sich f\u00fcr jeden Moment eignet.<\/span><\/p>\n<p><span class=\"relative -mx-px my-[-0.2rem] rounded px-px py-[0.2rem] transition-colors duration-100 ease-in-out\">Frei von Mikroplastik, mit zertifizierten Bio-Zutaten \u2013 ideal f\u00fcr anspruchsvolle Teeliebhaber und nachhaltige Gastronomiekonzepte.<\/span><\/p>\n","protected":false},"featured_media":15410,"comment_status":"open","ping_status":"closed","template":"","meta":[],"product_brand":[],"product_cat":[114,115,116,110,113,109,124,122,108],"product_tag":[],"class_list":{"0":"post-15546","1":"product","2":"type-product","3":"status-publish","4":"has-post-thumbnail","6":"product_cat-alle","7":"product_cat-alle-de","8":"product_cat-alle-de-2","9":"product_cat-biologisch-abbaubare-pyramide-teebeutel-biotee-kompostierbar","10":"product_cat-biotees-sortiment-online-kaufen","11":"product_cat-tee-pyramidenbeutel-teepyramide-verpackung-abbaubar-nachhaltig","12":"product_cat-teesortiment-formate-packaging-attraktiv-biotees-verpackung","13":"product_cat-rooibos-tee-erdig-koffein-frei-biotee-sudafrika-rotbusch","14":"product_cat-sortiment-tee-packaging-verpackung-attraktiv-biotees-design","16":"first","17":"instock","18":"shipping-taxable","19":"purchasable","20":"product-type-simple"},"yoast_head":"<!-- This site is optimized with the Yoast SEO Premium plugin v27.3 (Yoast SEO v27.3) - https:\/\/yoast.com\/product\/yoast-seo-premium-wordpress\/ -->\n<title>Zimt- und Rooibos-Tee | Bester Premium Rooibos Tee<\/title>\n<meta name=\"description\" content=\"W\u00e4rmender Geschmack von Zimt- und bester Premium-Rooibos-Tee. Pyramiden-Tee f\u00fcr Hotels und Caf\u00e9s. Tee f\u00fcr einen guten Schlaf.\" \/>\n<meta name=\"robots\" content=\"index, follow, max-snippet:-1, max-image-preview:large, max-video-preview:-1\" \/>\n<link rel=\"canonical\" href=\"https:\/\/www.sempertea.eu\/de\/Produkte\/bester-premium-rooibos-zimt-tee\/\" \/>\n<meta property=\"og:locale\" content=\"de_DE\" \/>\n<meta property=\"og:type\" content=\"article\" \/>\n<meta property=\"og:title\" content=\"ROOIBOS CINNAMON Bio-Tee mit Zimt I Pyramiden-Tee\" \/>\n<meta property=\"og:description\" content=\"W\u00e4rmender Geschmack von Zimt- und bester Premium-Rooibos-Tee. Pyramiden-Tee f\u00fcr Hotels und Caf\u00e9s. Tee f\u00fcr einen guten Schlaf.\" \/>\n<meta property=\"og:url\" content=\"https:\/\/www.sempertea.eu\/de\/Produkte\/bester-premium-rooibos-zimt-tee\/\" \/>\n<meta property=\"og:site_name\" content=\"Semper Tea | Mayorista y fabricante de T\u00e9s e Infusiones para hoteles, restaurantes y bares\" \/>\n<meta property=\"article:modified_time\" content=\"2025-06-12T16:58:22+00:00\" \/>\n<meta property=\"og:image\" content=\"https:\/\/www.sempertea.eu\/wp-content\/uploads\/2025\/05\/infusion-rooibos-con-canela-para-dormir-bien.jpg.jpg\" \/>\n\t<meta property=\"og:image:width\" content=\"1000\" \/>\n\t<meta property=\"og:image:height\" content=\"1000\" \/>\n\t<meta property=\"og:image:type\" content=\"image\/jpeg\" \/>\n<meta name=\"twitter:card\" content=\"summary_large_image\" \/>\n<meta name=\"twitter:label1\" content=\"Gesch\u00e4tzte Lesezeit\" \/>\n\t<meta name=\"twitter:data1\" content=\"2\u00a0Minuten\" \/>\n<script type=\"application\/ld+json\" class=\"yoast-schema-graph\">{\"@context\":\"https:\\\/\\\/schema.org\",\"@graph\":[{\"@type\":\"WebPage\",\"@id\":\"https:\\\/\\\/www.sempertea.eu\\\/de\\\/Produkte\\\/bester-premium-rooibos-zimt-tee\\\/\",\"url\":\"https:\\\/\\\/www.sempertea.eu\\\/de\\\/Produkte\\\/bester-premium-rooibos-zimt-tee\\\/\",\"name\":\"Zimt- und Rooibos-Tee | Bester Premium Rooibos Tee\",\"isPartOf\":{\"@id\":\"https:\\\/\\\/www.sempertea.eu\\\/#website\"},\"primaryImageOfPage\":{\"@id\":\"https:\\\/\\\/www.sempertea.eu\\\/de\\\/Produkte\\\/bester-premium-rooibos-zimt-tee\\\/#primaryimage\"},\"image\":{\"@id\":\"https:\\\/\\\/www.sempertea.eu\\\/de\\\/Produkte\\\/bester-premium-rooibos-zimt-tee\\\/#primaryimage\"},\"thumbnailUrl\":\"https:\\\/\\\/www.sempertea.eu\\\/wp-content\\\/uploads\\\/2025\\\/05\\\/infusion-rooibos-con-canela-para-dormir-bien.jpg.jpg\",\"datePublished\":\"2025-05-14T14:54:07+00:00\",\"dateModified\":\"2025-06-12T16:58:22+00:00\",\"description\":\"W\u00e4rmender Geschmack von Zimt- und bester Premium-Rooibos-Tee. Pyramiden-Tee f\u00fcr Hotels und Caf\u00e9s. Tee f\u00fcr einen guten Schlaf.\",\"breadcrumb\":{\"@id\":\"https:\\\/\\\/www.sempertea.eu\\\/de\\\/Produkte\\\/bester-premium-rooibos-zimt-tee\\\/#breadcrumb\"},\"inLanguage\":\"de\",\"potentialAction\":[{\"@type\":\"ReadAction\",\"target\":[\"https:\\\/\\\/www.sempertea.eu\\\/de\\\/Produkte\\\/bester-premium-rooibos-zimt-tee\\\/\"]}]},{\"@type\":\"ImageObject\",\"inLanguage\":\"de\",\"@id\":\"https:\\\/\\\/www.sempertea.eu\\\/de\\\/Produkte\\\/bester-premium-rooibos-zimt-tee\\\/#primaryimage\",\"url\":\"https:\\\/\\\/www.sempertea.eu\\\/wp-content\\\/uploads\\\/2025\\\/05\\\/infusion-rooibos-con-canela-para-dormir-bien.jpg.jpg\",\"contentUrl\":\"https:\\\/\\\/www.sempertea.eu\\\/wp-content\\\/uploads\\\/2025\\\/05\\\/infusion-rooibos-con-canela-para-dormir-bien.jpg.jpg\",\"width\":1000,\"height\":1000,\"caption\":\"Infusion rooibos con canela para dormir bien\"},{\"@type\":\"BreadcrumbList\",\"@id\":\"https:\\\/\\\/www.sempertea.eu\\\/de\\\/Produkte\\\/bester-premium-rooibos-zimt-tee\\\/#breadcrumb\",\"itemListElement\":[{\"@type\":\"ListItem\",\"position\":1,\"name\":\"Portada\",\"item\":\"https:\\\/\\\/www.sempertea.eu\\\/de\\\/\"},{\"@type\":\"ListItem\",\"position\":2,\"name\":\"Shop\",\"item\":\"https:\\\/\\\/www.sempertea.eu\\\/de\\\/shop\\\/\"},{\"@type\":\"ListItem\",\"position\":3,\"name\":\"ROOIBOS CINNAMON Bio-Tee mit Zimt I Pyramiden-Tee\"}]},{\"@type\":\"WebSite\",\"@id\":\"https:\\\/\\\/www.sempertea.eu\\\/#website\",\"url\":\"https:\\\/\\\/www.sempertea.eu\\\/\",\"name\":\"Semper Tea | Mayorista y fabricante de T\u00e9s e Infusiones para hoteles, restaurantes y bares\",\"description\":\"T\u00e9s e infusiones para hosteler\u00eda, hoteler\u00eda y comercio\",\"potentialAction\":[{\"@type\":\"SearchAction\",\"target\":{\"@type\":\"EntryPoint\",\"urlTemplate\":\"https:\\\/\\\/www.sempertea.eu\\\/?s={search_term_string}\"},\"query-input\":{\"@type\":\"PropertyValueSpecification\",\"valueRequired\":true,\"valueName\":\"search_term_string\"}}],\"inLanguage\":\"de\"}]}<\/script>\n<!-- \/ Yoast SEO Premium plugin. -->","yoast_head_json":{"title":"Zimt- und Rooibos-Tee | Bester Premium Rooibos Tee","description":"W\u00e4rmender Geschmack von Zimt- und bester Premium-Rooibos-Tee. Pyramiden-Tee f\u00fcr Hotels und Caf\u00e9s. Tee f\u00fcr einen guten Schlaf.","robots":{"index":"index","follow":"follow","max-snippet":"max-snippet:-1","max-image-preview":"max-image-preview:large","max-video-preview":"max-video-preview:-1"},"canonical":"https:\/\/www.sempertea.eu\/de\/Produkte\/bester-premium-rooibos-zimt-tee\/","og_locale":"de_DE","og_type":"article","og_title":"ROOIBOS CINNAMON Bio-Tee mit Zimt I Pyramiden-Tee","og_description":"W\u00e4rmender Geschmack von Zimt- und bester Premium-Rooibos-Tee. Pyramiden-Tee f\u00fcr Hotels und Caf\u00e9s. Tee f\u00fcr einen guten Schlaf.","og_url":"https:\/\/www.sempertea.eu\/de\/Produkte\/bester-premium-rooibos-zimt-tee\/","og_site_name":"Semper Tea | Mayorista y fabricante de T\u00e9s e Infusiones para hoteles, restaurantes y bares","article_modified_time":"2025-06-12T16:58:22+00:00","og_image":[{"width":1000,"height":1000,"url":"https:\/\/www.sempertea.eu\/wp-content\/uploads\/2025\/05\/infusion-rooibos-con-canela-para-dormir-bien.jpg.jpg","type":"image\/jpeg"}],"twitter_card":"summary_large_image","twitter_misc":{"Gesch\u00e4tzte Lesezeit":"2\u00a0Minuten"},"schema":{"@context":"https:\/\/schema.org","@graph":[{"@type":"WebPage","@id":"https:\/\/www.sempertea.eu\/de\/Produkte\/bester-premium-rooibos-zimt-tee\/","url":"https:\/\/www.sempertea.eu\/de\/Produkte\/bester-premium-rooibos-zimt-tee\/","name":"Zimt- und Rooibos-Tee | Bester Premium Rooibos Tee","isPartOf":{"@id":"https:\/\/www.sempertea.eu\/#website"},"primaryImageOfPage":{"@id":"https:\/\/www.sempertea.eu\/de\/Produkte\/bester-premium-rooibos-zimt-tee\/#primaryimage"},"image":{"@id":"https:\/\/www.sempertea.eu\/de\/Produkte\/bester-premium-rooibos-zimt-tee\/#primaryimage"},"thumbnailUrl":"https:\/\/www.sempertea.eu\/wp-content\/uploads\/2025\/05\/infusion-rooibos-con-canela-para-dormir-bien.jpg.jpg","datePublished":"2025-05-14T14:54:07+00:00","dateModified":"2025-06-12T16:58:22+00:00","description":"W\u00e4rmender Geschmack von Zimt- und bester Premium-Rooibos-Tee. Pyramiden-Tee f\u00fcr Hotels und Caf\u00e9s. Tee f\u00fcr einen guten Schlaf.","breadcrumb":{"@id":"https:\/\/www.sempertea.eu\/de\/Produkte\/bester-premium-rooibos-zimt-tee\/#breadcrumb"},"inLanguage":"de","potentialAction":[{"@type":"ReadAction","target":["https:\/\/www.sempertea.eu\/de\/Produkte\/bester-premium-rooibos-zimt-tee\/"]}]},{"@type":"ImageObject","inLanguage":"de","@id":"https:\/\/www.sempertea.eu\/de\/Produkte\/bester-premium-rooibos-zimt-tee\/#primaryimage","url":"https:\/\/www.sempertea.eu\/wp-content\/uploads\/2025\/05\/infusion-rooibos-con-canela-para-dormir-bien.jpg.jpg","contentUrl":"https:\/\/www.sempertea.eu\/wp-content\/uploads\/2025\/05\/infusion-rooibos-con-canela-para-dormir-bien.jpg.jpg","width":1000,"height":1000,"caption":"Infusion rooibos con canela para dormir bien"},{"@type":"BreadcrumbList","@id":"https:\/\/www.sempertea.eu\/de\/Produkte\/bester-premium-rooibos-zimt-tee\/#breadcrumb","itemListElement":[{"@type":"ListItem","position":1,"name":"Portada","item":"https:\/\/www.sempertea.eu\/de\/"},{"@type":"ListItem","position":2,"name":"Shop","item":"https:\/\/www.sempertea.eu\/de\/shop\/"},{"@type":"ListItem","position":3,"name":"ROOIBOS CINNAMON Bio-Tee mit Zimt I Pyramiden-Tee"}]},{"@type":"WebSite","@id":"https:\/\/www.sempertea.eu\/#website","url":"https:\/\/www.sempertea.eu\/","name":"Semper Tea | Mayorista y fabricante de T\u00e9s e Infusiones para hoteles, restaurantes y bares","description":"T\u00e9s e infusiones para hosteler\u00eda, hoteler\u00eda y comercio","potentialAction":[{"@type":"SearchAction","target":{"@type":"EntryPoint","urlTemplate":"https:\/\/www.sempertea.eu\/?s={search_term_string}"},"query-input":{"@type":"PropertyValueSpecification","valueRequired":true,"valueName":"search_term_string"}}],"inLanguage":"de"}]}},"_links":{"self":[{"href":"https:\/\/www.sempertea.eu\/de\/wp-json\/wp\/v2\/product\/15546","targetHints":{"allow":["GET"]}}],"collection":[{"href":"https:\/\/www.sempertea.eu\/de\/wp-json\/wp\/v2\/product"}],"about":[{"href":"https:\/\/www.sempertea.eu\/de\/wp-json\/wp\/v2\/types\/product"}],"replies":[{"embeddable":true,"href":"https:\/\/www.sempertea.eu\/de\/wp-json\/wp\/v2\/comments?post=15546"}],"wp:featuredmedia":[{"embeddable":true,"href":"https:\/\/www.sempertea.eu\/de\/wp-json\/wp\/v2\/media\/15410"}],"wp:attachment":[{"href":"https:\/\/www.sempertea.eu\/de\/wp-json\/wp\/v2\/media?parent=15546"}],"wp:term":[{"taxonomy":"product_brand","embeddable":true,"href":"https:\/\/www.sempertea.eu\/de\/wp-json\/wp\/v2\/product_brand?post=15546"},{"taxonomy":"product_cat","embeddable":true,"href":"https:\/\/www.sempertea.eu\/de\/wp-json\/wp\/v2\/product_cat?post=15546"},{"taxonomy":"product_tag","embeddable":true,"href":"https:\/\/www.sempertea.eu\/de\/wp-json\/wp\/v2\/product_tag?post=15546"}],"curies":[{"name":"wp","href":"https:\/\/api.w.org\/{rel}","templated":true}]}}