{"id":15536,"date":"2025-05-12T16:38:16","date_gmt":"2025-05-14T13:56:23","guid":{"rendered":"https:\/\/www.sempertea.eu\/jasmin-gruener-tee-bio-gruentee-in-losen-pyramiden\/"},"modified":"2025-05-22T09:23:21","modified_gmt":"2025-05-22T07:23:21","slug":"bio-jasmintee-kaufen-gruener-tee-jasminblueten-china","status":"publish","type":"product","link":"https:\/\/www.sempertea.eu\/de\/Produkte\/bio-jasmintee-kaufen-gruener-tee-jasminblueten-china\/","title":{"rendered":"Jasmin Gr\u00fcner Tee \u2013 Bio Gr\u00fcntee in losen Pyramiden"},"content":{"rendered":"<h2 data-start=\"227\" data-end=\"289\">Chinesischer Jasmintee \u2013 Gr\u00fcner Tee in losen \u00f6kologischen Pyramiden<\/h2>\n<p data-start=\"291\" data-end=\"648\">Zart blumig, mild und ausgewogen: Der chinesische <strong data-start=\"337\" data-end=\"356\">Jasmintee <\/strong>von Semper Tea besticht durch seine nat\u00fcrliche Eleganz. Hergestellt aus hochwertigem <strong data-start=\"419\" data-end=\"467\">Bio-Jasmin-Gr\u00fcntee<\/strong> und echten Jasminbl\u00fcten, bietet dieser Aufguss ein raffiniertes Geschmackserlebnis, bei dem jeder Schluck den aromatischen und entspannenden Charakter dieser klassischen orientalischen Sorte offenbart. <\/p>\n<p data-start=\"650\" data-end=\"928\">Jede einzelne \u00f6kologische <strong data-start=\"655\" data-end=\"684\">Pyramide <\/strong>enth\u00e4lt ganze Teebl\u00e4tter, was eine optimale Entfaltung des Geschmacks und Aromas garantiert. <strong data-start=\"824\" data-end=\"854\">Ohne Mikroplastik<\/strong>, ohne Einzelverpackung, in einem biologisch abbaubaren und nachhaltigen Format, konzipiert f\u00fcr einen bewussten und umweltfreundlichen Konsum. <\/p>\n<p data-start=\"930\" data-end=\"1322\">Dieser lose <strong data-start=\"935\" data-end=\"957\">Jasmintee <\/strong>wurde speziell f\u00fcr professionelle Umgebungen entwickelt, in denen Wert auf <strong data-start=\"1081\" data-end=\"1122\">Qualit\u00e4t <\/strong>und Details gelegt wird. Die lose Form erm\u00f6glicht einen schnellen, funktionalen und eleganten Service und eignet sich perfekt f\u00fcr Buffets, Hotelfr\u00fchst\u00fccke, Caf\u00e9s, Selbstbedienungsrestaurants oder Gro\u00dfveranstaltungen. Die Kostenkontrolle pro Tasse macht ihn zu einer idealen Wahl, ohne auf eine Gourmet-Pr\u00e4sentation verzichten zu m\u00fcssen.  <\/p>\n<p data-start=\"1324\" data-end=\"1509\">Wenn Sie <strong data-start=\"1342\" data-end=\"1379\">Jasmintee <\/strong>f\u00fcr die Gastronomie suchen, ist diese Sorte eine vielseitige und wirkungsvolle Wahl, die sich perfekt f\u00fcr Teekarten, Wellnessbereiche oder Besprechungsr\u00e4ume eignet.<\/p>\n<p data-start=\"1511\" data-end=\"1683\">Der Bio-<strong data-start=\"1514\" data-end=\"1531\">Jasmintee<\/strong> von Semper Tea ist viel mehr als nur ein Aufguss: Er ist ein Zeichen von Wohlbefinden und Raffinesse, erh\u00e4ltlich in seiner praktischsten und umweltfreundlichsten Form.<\/p>\n","protected":false},"excerpt":{"rendered":"<p><strong>Gr\u00fcner Jasmintee \u2013 China Jasmine Chun Hao Superior Quin<\/strong><\/p>\n<p>Feine Mischung aus Bio Gr\u00fcntee und frischen Jasminbl\u00fcten, traditionell aromatisiert. Leicht, blumig und sanft \u2013 ideal f\u00fcr eine entspannte Pause oder eine erfrischende Tasse Tee. <\/p>\n<p><strong>Herkunft<\/strong>: China<br \/>\n<strong>Aroma:<\/strong> Blumig, elegant, langanhaltend<br \/>\n<strong>Ideale Temperatur<\/strong>: 85 \u00b0C<br \/>\n<strong>Ziehzeit:<\/strong> 3 Minuten<br \/>\n<strong>Ideal f\u00fcr:<\/strong> Pur, kalt oder warm<br \/>\n<strong>Format<\/strong>: Pyramiden lose<\/p>\n<p><strong>Genie\u00dfe das authentische Erlebnis von Jasmintee das ganze Jahr \u00fcber.<\/strong><\/p>\n","protected":false},"featured_media":15399,"comment_status":"open","ping_status":"closed","template":"","meta":[],"product_brand":[],"product_cat":[115,114,110,113,124,119,128,135],"product_tag":[258],"class_list":{"0":"post-15536","1":"product","2":"type-product","3":"status-publish","4":"has-post-thumbnail","6":"product_cat-alle-de","7":"product_cat-alle","8":"product_cat-biologisch-abbaubare-pyramide-teebeutel-biotee-kompostierbar","9":"product_cat-biotees-sortiment-online-kaufen","10":"product_cat-teesortiment-formate-packaging-attraktiv-biotees-verpackung","11":"product_cat-grunen-tee-bio-online-bestellen-lose-teubeutel","12":"product_cat-teebeutel-ohne-mikroplastik-plastikfreie-teepyramiden","13":"product_cat-uncategorized-de","14":"product_tag-lava40-de","16":"first","17":"instock","18":"shipping-taxable","19":"purchasable","20":"product-type-variable"},"yoast_head":"<!-- This site is optimized with the Yoast SEO Premium plugin v27.3 (Yoast SEO v27.4) - https:\/\/yoast.com\/product\/yoast-seo-premium-wordpress\/ -->\n<title>Chinesischer Jasmintee | Pyramiden LOSE | OHNE Mikroplastik<\/title>\n<meta name=\"description\" content=\"Chinesischer Jasmin-Gr\u00fcntee in Pyramidenform, lose, biologisch und ohne Mikroplastik. F\u00fcr Buffets, Caf\u00e9s oder den h\u00e4ufigen Gebrauch, ohne Abstriche bei Qualit\u00e4t und \u00c4sthetik.\" \/>\n<meta name=\"robots\" content=\"index, follow, max-snippet:-1, max-image-preview:large, max-video-preview:-1\" \/>\n<link rel=\"canonical\" href=\"https:\/\/www.sempertea.eu\/de\/Produkte\/bio-jasmintee-kaufen-gruener-tee-jasminblueten-china\/\" \/>\n<meta property=\"og:locale\" content=\"de_DE\" \/>\n<meta property=\"og:type\" content=\"article\" \/>\n<meta property=\"og:title\" content=\"Jasmin Gr\u00fcner Tee \u2013 Bio Gr\u00fcntee in losen Pyramiden\" \/>\n<meta property=\"og:description\" content=\"Chinesischer Jasmin-Gr\u00fcntee in Pyramidenform, lose, biologisch und ohne Mikroplastik. F\u00fcr Buffets, Caf\u00e9s oder den h\u00e4ufigen Gebrauch, ohne Abstriche bei Qualit\u00e4t und \u00c4sthetik.\" \/>\n<meta property=\"og:url\" content=\"https:\/\/www.sempertea.eu\/de\/Produkte\/bio-jasmintee-kaufen-gruener-tee-jasminblueten-china\/\" \/>\n<meta property=\"og:site_name\" content=\"Semper Tea | Mayorista y fabricante de T\u00e9s e Infusiones para hoteles, restaurantes y bares\" \/>\n<meta property=\"article:modified_time\" content=\"2025-05-22T07:23:21+00:00\" \/>\n<meta property=\"og:image\" content=\"https:\/\/www.sempertea.eu\/wp-content\/uploads\/2025\/05\/te-verde-jazmin-a-granel.jpg\" \/>\n\t<meta property=\"og:image:width\" content=\"1000\" \/>\n\t<meta property=\"og:image:height\" content=\"1000\" \/>\n\t<meta property=\"og:image:type\" content=\"image\/jpeg\" \/>\n<meta name=\"twitter:card\" content=\"summary_large_image\" \/>\n<meta name=\"twitter:label1\" content=\"Gesch\u00e4tzte Lesezeit\" \/>\n\t<meta name=\"twitter:data1\" content=\"2\u00a0Minuten\" \/>\n<script type=\"application\/ld+json\" class=\"yoast-schema-graph\">{\"@context\":\"https:\\\/\\\/schema.org\",\"@graph\":[{\"@type\":\"WebPage\",\"@id\":\"https:\\\/\\\/www.sempertea.eu\\\/de\\\/Produkte\\\/bio-jasmintee-kaufen-gruener-tee-jasminblueten-china\\\/\",\"url\":\"https:\\\/\\\/www.sempertea.eu\\\/de\\\/Produkte\\\/bio-jasmintee-kaufen-gruener-tee-jasminblueten-china\\\/\",\"name\":\"Chinesischer Jasmintee | Pyramiden LOSE | OHNE Mikroplastik\",\"isPartOf\":{\"@id\":\"https:\\\/\\\/www.sempertea.eu\\\/#website\"},\"primaryImageOfPage\":{\"@id\":\"https:\\\/\\\/www.sempertea.eu\\\/de\\\/Produkte\\\/bio-jasmintee-kaufen-gruener-tee-jasminblueten-china\\\/#primaryimage\"},\"image\":{\"@id\":\"https:\\\/\\\/www.sempertea.eu\\\/de\\\/Produkte\\\/bio-jasmintee-kaufen-gruener-tee-jasminblueten-china\\\/#primaryimage\"},\"thumbnailUrl\":\"https:\\\/\\\/www.sempertea.eu\\\/wp-content\\\/uploads\\\/2025\\\/05\\\/te-verde-jazmin-a-granel.jpg\",\"datePublished\":\"2025-05-14T13:56:23+00:00\",\"dateModified\":\"2025-05-22T07:23:21+00:00\",\"description\":\"Chinesischer Jasmin-Gr\u00fcntee in Pyramidenform, lose, biologisch und ohne Mikroplastik. F\u00fcr Buffets, Caf\u00e9s oder den h\u00e4ufigen Gebrauch, ohne Abstriche bei Qualit\u00e4t und \u00c4sthetik.\",\"breadcrumb\":{\"@id\":\"https:\\\/\\\/www.sempertea.eu\\\/de\\\/Produkte\\\/bio-jasmintee-kaufen-gruener-tee-jasminblueten-china\\\/#breadcrumb\"},\"inLanguage\":\"de\",\"potentialAction\":[{\"@type\":\"ReadAction\",\"target\":[\"https:\\\/\\\/www.sempertea.eu\\\/de\\\/Produkte\\\/bio-jasmintee-kaufen-gruener-tee-jasminblueten-china\\\/\"]}]},{\"@type\":\"ImageObject\",\"inLanguage\":\"de\",\"@id\":\"https:\\\/\\\/www.sempertea.eu\\\/de\\\/Produkte\\\/bio-jasmintee-kaufen-gruener-tee-jasminblueten-china\\\/#primaryimage\",\"url\":\"https:\\\/\\\/www.sempertea.eu\\\/wp-content\\\/uploads\\\/2025\\\/05\\\/te-verde-jazmin-a-granel.jpg\",\"contentUrl\":\"https:\\\/\\\/www.sempertea.eu\\\/wp-content\\\/uploads\\\/2025\\\/05\\\/te-verde-jazmin-a-granel.jpg\",\"width\":1000,\"height\":1000,\"caption\":\"Te verde jazmin a granel\"},{\"@type\":\"BreadcrumbList\",\"@id\":\"https:\\\/\\\/www.sempertea.eu\\\/de\\\/Produkte\\\/bio-jasmintee-kaufen-gruener-tee-jasminblueten-china\\\/#breadcrumb\",\"itemListElement\":[{\"@type\":\"ListItem\",\"position\":1,\"name\":\"Portada\",\"item\":\"https:\\\/\\\/www.sempertea.eu\\\/de\\\/\"},{\"@type\":\"ListItem\",\"position\":2,\"name\":\"Shop\",\"item\":\"https:\\\/\\\/www.sempertea.eu\\\/de\\\/shop\\\/\"},{\"@type\":\"ListItem\",\"position\":3,\"name\":\"Jasmin Gr\u00fcner Tee \u2013 Bio Gr\u00fcntee in losen Pyramiden\"}]},{\"@type\":\"WebSite\",\"@id\":\"https:\\\/\\\/www.sempertea.eu\\\/#website\",\"url\":\"https:\\\/\\\/www.sempertea.eu\\\/\",\"name\":\"Semper Tea | Mayorista y fabricante de T\u00e9s e Infusiones para hoteles, restaurantes y bares\",\"description\":\"T\u00e9s e infusiones para hosteler\u00eda, hoteler\u00eda y comercio\",\"potentialAction\":[{\"@type\":\"SearchAction\",\"target\":{\"@type\":\"EntryPoint\",\"urlTemplate\":\"https:\\\/\\\/www.sempertea.eu\\\/?s={search_term_string}\"},\"query-input\":{\"@type\":\"PropertyValueSpecification\",\"valueRequired\":true,\"valueName\":\"search_term_string\"}}],\"inLanguage\":\"de\"}]}<\/script>\n<!-- \/ Yoast SEO Premium plugin. -->","yoast_head_json":{"title":"Chinesischer Jasmintee | Pyramiden LOSE | OHNE Mikroplastik","description":"Chinesischer Jasmin-Gr\u00fcntee in Pyramidenform, lose, biologisch und ohne Mikroplastik. F\u00fcr Buffets, Caf\u00e9s oder den h\u00e4ufigen Gebrauch, ohne Abstriche bei Qualit\u00e4t und \u00c4sthetik.","robots":{"index":"index","follow":"follow","max-snippet":"max-snippet:-1","max-image-preview":"max-image-preview:large","max-video-preview":"max-video-preview:-1"},"canonical":"https:\/\/www.sempertea.eu\/de\/Produkte\/bio-jasmintee-kaufen-gruener-tee-jasminblueten-china\/","og_locale":"de_DE","og_type":"article","og_title":"Jasmin Gr\u00fcner Tee \u2013 Bio Gr\u00fcntee in losen Pyramiden","og_description":"Chinesischer Jasmin-Gr\u00fcntee in Pyramidenform, lose, biologisch und ohne Mikroplastik. F\u00fcr Buffets, Caf\u00e9s oder den h\u00e4ufigen Gebrauch, ohne Abstriche bei Qualit\u00e4t und \u00c4sthetik.","og_url":"https:\/\/www.sempertea.eu\/de\/Produkte\/bio-jasmintee-kaufen-gruener-tee-jasminblueten-china\/","og_site_name":"Semper Tea | Mayorista y fabricante de T\u00e9s e Infusiones para hoteles, restaurantes y bares","article_modified_time":"2025-05-22T07:23:21+00:00","og_image":[{"width":1000,"height":1000,"url":"https:\/\/www.sempertea.eu\/wp-content\/uploads\/2025\/05\/te-verde-jazmin-a-granel.jpg","type":"image\/jpeg"}],"twitter_card":"summary_large_image","twitter_misc":{"Gesch\u00e4tzte Lesezeit":"2\u00a0Minuten"},"schema":{"@context":"https:\/\/schema.org","@graph":[{"@type":"WebPage","@id":"https:\/\/www.sempertea.eu\/de\/Produkte\/bio-jasmintee-kaufen-gruener-tee-jasminblueten-china\/","url":"https:\/\/www.sempertea.eu\/de\/Produkte\/bio-jasmintee-kaufen-gruener-tee-jasminblueten-china\/","name":"Chinesischer Jasmintee | Pyramiden LOSE | OHNE Mikroplastik","isPartOf":{"@id":"https:\/\/www.sempertea.eu\/#website"},"primaryImageOfPage":{"@id":"https:\/\/www.sempertea.eu\/de\/Produkte\/bio-jasmintee-kaufen-gruener-tee-jasminblueten-china\/#primaryimage"},"image":{"@id":"https:\/\/www.sempertea.eu\/de\/Produkte\/bio-jasmintee-kaufen-gruener-tee-jasminblueten-china\/#primaryimage"},"thumbnailUrl":"https:\/\/www.sempertea.eu\/wp-content\/uploads\/2025\/05\/te-verde-jazmin-a-granel.jpg","datePublished":"2025-05-14T13:56:23+00:00","dateModified":"2025-05-22T07:23:21+00:00","description":"Chinesischer Jasmin-Gr\u00fcntee in Pyramidenform, lose, biologisch und ohne Mikroplastik. F\u00fcr Buffets, Caf\u00e9s oder den h\u00e4ufigen Gebrauch, ohne Abstriche bei Qualit\u00e4t und \u00c4sthetik.","breadcrumb":{"@id":"https:\/\/www.sempertea.eu\/de\/Produkte\/bio-jasmintee-kaufen-gruener-tee-jasminblueten-china\/#breadcrumb"},"inLanguage":"de","potentialAction":[{"@type":"ReadAction","target":["https:\/\/www.sempertea.eu\/de\/Produkte\/bio-jasmintee-kaufen-gruener-tee-jasminblueten-china\/"]}]},{"@type":"ImageObject","inLanguage":"de","@id":"https:\/\/www.sempertea.eu\/de\/Produkte\/bio-jasmintee-kaufen-gruener-tee-jasminblueten-china\/#primaryimage","url":"https:\/\/www.sempertea.eu\/wp-content\/uploads\/2025\/05\/te-verde-jazmin-a-granel.jpg","contentUrl":"https:\/\/www.sempertea.eu\/wp-content\/uploads\/2025\/05\/te-verde-jazmin-a-granel.jpg","width":1000,"height":1000,"caption":"Te verde jazmin a granel"},{"@type":"BreadcrumbList","@id":"https:\/\/www.sempertea.eu\/de\/Produkte\/bio-jasmintee-kaufen-gruener-tee-jasminblueten-china\/#breadcrumb","itemListElement":[{"@type":"ListItem","position":1,"name":"Portada","item":"https:\/\/www.sempertea.eu\/de\/"},{"@type":"ListItem","position":2,"name":"Shop","item":"https:\/\/www.sempertea.eu\/de\/shop\/"},{"@type":"ListItem","position":3,"name":"Jasmin Gr\u00fcner Tee \u2013 Bio Gr\u00fcntee in losen Pyramiden"}]},{"@type":"WebSite","@id":"https:\/\/www.sempertea.eu\/#website","url":"https:\/\/www.sempertea.eu\/","name":"Semper Tea | Mayorista y fabricante de T\u00e9s e Infusiones para hoteles, restaurantes y bares","description":"T\u00e9s e infusiones para hosteler\u00eda, hoteler\u00eda y comercio","potentialAction":[{"@type":"SearchAction","target":{"@type":"EntryPoint","urlTemplate":"https:\/\/www.sempertea.eu\/?s={search_term_string}"},"query-input":{"@type":"PropertyValueSpecification","valueRequired":true,"valueName":"search_term_string"}}],"inLanguage":"de"}]}},"_links":{"self":[{"href":"https:\/\/www.sempertea.eu\/de\/wp-json\/wp\/v2\/product\/15536","targetHints":{"allow":["GET"]}}],"collection":[{"href":"https:\/\/www.sempertea.eu\/de\/wp-json\/wp\/v2\/product"}],"about":[{"href":"https:\/\/www.sempertea.eu\/de\/wp-json\/wp\/v2\/types\/product"}],"replies":[{"embeddable":true,"href":"https:\/\/www.sempertea.eu\/de\/wp-json\/wp\/v2\/comments?post=15536"}],"wp:featuredmedia":[{"embeddable":true,"href":"https:\/\/www.sempertea.eu\/de\/wp-json\/wp\/v2\/media\/15399"}],"wp:attachment":[{"href":"https:\/\/www.sempertea.eu\/de\/wp-json\/wp\/v2\/media?parent=15536"}],"wp:term":[{"taxonomy":"product_brand","embeddable":true,"href":"https:\/\/www.sempertea.eu\/de\/wp-json\/wp\/v2\/product_brand?post=15536"},{"taxonomy":"product_cat","embeddable":true,"href":"https:\/\/www.sempertea.eu\/de\/wp-json\/wp\/v2\/product_cat?post=15536"},{"taxonomy":"product_tag","embeddable":true,"href":"https:\/\/www.sempertea.eu\/de\/wp-json\/wp\/v2\/product_tag?post=15536"}],"curies":[{"name":"wp","href":"https:\/\/api.w.org\/{rel}","templated":true}]}}