{"id":15230,"date":"2025-04-30T09:27:11","date_gmt":"2025-04-30T13:55:06","guid":{"rendered":"https:\/\/www.sempertea.eu\/calm-bio-tee-i-pyramiden-tee\/"},"modified":"2025-05-23T16:01:21","modified_gmt":"2025-05-23T14:01:21","slug":"entspannungs-tee-besseren-schlaf-lavendel-melisse","status":"publish","type":"product","link":"https:\/\/www.sempertea.eu\/de\/Produkte\/entspannungs-tee-besseren-schlaf-lavendel-melisse\/","title":{"rendered":"CALM Bio Kr\u00e4utertee I Pyramidenbeutel"},"content":{"rendered":"<h2 data-start=\"140\" data-end=\"231\">Entspannungstee mit Lavendel, Melisse,<a href=\"https:\/\/www.sempertea.eu\/de\/Produkte\/pfefferminztee-kaufen-online-in-der-pyramide\/\"> Minze<\/a> und Lindenbl\u00fcten<\/h2>\n<p class=\"\" data-start=\"233\" data-end=\"529\">Dieser <strong data-start=\"240\" data-end=\"255\">Lavendeltee<\/strong> mit Melisse, Lindenbl\u00fcten, Minze und Zitronengras ist ein nat\u00fcrlicher <strong data-start=\"326\" data-end=\"339\">Schlaftee<\/strong>, der K\u00f6rper und Geist auf sanfte Weise zur Ruhe bringt. Die Kombination aus f\u00fcnf bew\u00e4hrten Kr\u00e4utern \u2013 darunter <strong data-start=\"451\" data-end=\"471\"><a href=\"https:\/\/de.wikipedia.org\/wiki\/Lavendel_(Gattung)\">Lavendel<\/a> als Tee<\/strong> \u2013 macht ihn zu einem der <strong data-start=\"497\" data-end=\"528\">besten Tees zum Einschlafen<\/strong>.<\/p>\n<p class=\"\" data-start=\"531\" data-end=\"733\">Der Aufguss wirkt wie eine pflanzliche Alternative zu <strong data-start=\"585\" data-end=\"604\">Schlaftabletten<\/strong>: Er hilft, innere Unruhe zu lindern, die <strong data-start=\"646\" data-end=\"669\">Nerven zu beruhigen<\/strong> und eine entspannte Atmosph\u00e4re zu schaffen \u2013 ganz ohne Koffein.<\/p>\n<h3 data-start=\"140\" data-end=\"231\">Bester Tee zum Einschlafen<\/h3>\n<p class=\"\" data-start=\"735\" data-end=\"1027\">Ob als <strong data-start=\"742\" data-end=\"763\">entspannender Tee<\/strong> am Abend oder als t\u00e4gliches Ritual f\u00fcr besseren Schlaf: Diese Mischung unterst\u00fctzt Sie dabei, Stress abzubauen und einen erholsamen Schlaf zu finden. Ideal f\u00fcr Menschen, die unter <strong data-start=\"944\" data-end=\"963\">Schlaflosigkeit<\/strong> leiden oder sich einfach eine nat\u00fcrliche Abendroutine w\u00fcnschen.<\/p>\n<p class=\"\" data-start=\"1029\" data-end=\"1186\">Mit einem milden, blumigen Aroma und einer wohltuenden Wirkung ist dieser <strong data-start=\"1103\" data-end=\"1119\">Lavendel Tee<\/strong> der perfekte <strong data-start=\"1133\" data-end=\"1152\">Entspannungstee<\/strong>, um den Tag ausklingen zu lassen. Melissen Tee online bestellen.<\/p>\n<p class=\"\" data-start=\"1188\" data-end=\"1312\">Genie\u00dfen Sie diesen Tee jeden Abend und sp\u00fcren Sie, wie er Ihre Schlafqualit\u00e4t verbessert \u2013 ganz nat\u00fcrlich und wohltuend.<\/p>\n","protected":false},"excerpt":{"rendered":"<p><strong data-start=\"90\" data-end=\"164\">Entspannender Tee mit Melisse, Lavendel, Lindenbl\u00fcten, Minze und Zitronengras.<\/strong><\/p>\n<p>Die perfekte <strong data-start=\"189\" data-end=\"212\">Kr\u00e4utermischung <\/strong>f\u00fcr einen tiefen Schlaf, zur Beruhigung des Geistes und zum Stressabbau.<\/p>\n<p>Ideal als Tee bei <strong data-start=\"278\" data-end=\"315\">Nervosit\u00e4t <\/strong>und Unruhe oder als neue Abendroutine.<\/p>\n<p><strong data-start=\"354\" data-end=\"410\">Schlafen Sie gut mit diesem nat\u00fcrlichen, koffeinfreien Tee.<\/strong><\/p>\n","protected":false},"featured_media":15240,"comment_status":"open","ping_status":"closed","template":"","meta":[],"product_brand":[],"product_cat":[114,116,110,109,112,108],"product_tag":[],"class_list":{"0":"post-15230","1":"product","2":"type-product","3":"status-publish","4":"has-post-thumbnail","6":"product_cat-alle","7":"product_cat-alle-de-2","8":"product_cat-biologisch-abbaubare-pyramide-teebeutel-biotee-kompostierbar","9":"product_cat-tee-pyramidenbeutel-teepyramide-verpackung-abbaubar-nachhaltig","10":"product_cat-krautertees-bio-teemischungen-herbal-ohne-koffein","11":"product_cat-sortiment-tee-packaging-verpackung-attraktiv-biotees-design","13":"first","14":"instock","15":"shipping-taxable","16":"purchasable","17":"product-type-simple"},"yoast_head":"<!-- This site is optimized with the Yoast SEO Premium plugin v27.3 (Yoast SEO v27.3) - https:\/\/yoast.com\/product\/yoast-seo-premium-wordpress\/ -->\n<title>Entspannungs Tee f\u00fcr besseren Schlaf | Lavendel &amp; Melisse<\/title>\n<meta name=\"description\" content=\"Nat\u00fcrlicher Lavendeltee mit Melisse und Lindenbl\u00fcten \u2013 entspannender Tee zur Beruhigung, ideal als Schlaftee gegen Schlaflosigkeit und f\u00fcr tiefen Schlaf.\" \/>\n<meta name=\"robots\" content=\"index, follow, max-snippet:-1, max-image-preview:large, max-video-preview:-1\" \/>\n<link rel=\"canonical\" href=\"https:\/\/www.sempertea.eu\/de\/Produkte\/entspannungs-tee-besseren-schlaf-lavendel-melisse\/\" \/>\n<meta property=\"og:locale\" content=\"de_DE\" \/>\n<meta property=\"og:type\" content=\"article\" \/>\n<meta property=\"og:title\" content=\"CALM Bio Kr\u00e4utertee I Pyramidenbeutel\" \/>\n<meta property=\"og:description\" content=\"Nat\u00fcrlicher Lavendeltee mit Melisse und Lindenbl\u00fcten \u2013 entspannender Tee zur Beruhigung, ideal als Schlaftee gegen Schlaflosigkeit und f\u00fcr tiefen Schlaf.\" \/>\n<meta property=\"og:url\" content=\"https:\/\/www.sempertea.eu\/de\/Produkte\/entspannungs-tee-besseren-schlaf-lavendel-melisse\/\" \/>\n<meta property=\"og:site_name\" content=\"Semper Tea | Mayorista y fabricante de T\u00e9s e Infusiones para hoteles, restaurantes y bares\" \/>\n<meta property=\"article:modified_time\" content=\"2025-05-23T14:01:21+00:00\" \/>\n<meta property=\"og:image\" content=\"https:\/\/www.sempertea.eu\/wp-content\/uploads\/2025\/04\/te-relajante-con-lavanda-para-dormir-bien-semper-tea-1-1.jpg-1.jpg\" \/>\n\t<meta property=\"og:image:width\" content=\"1000\" \/>\n\t<meta property=\"og:image:height\" content=\"1000\" \/>\n\t<meta property=\"og:image:type\" content=\"image\/jpeg\" \/>\n<meta name=\"twitter:card\" content=\"summary_large_image\" \/>\n<meta name=\"twitter:label1\" content=\"Gesch\u00e4tzte Lesezeit\" \/>\n\t<meta name=\"twitter:data1\" content=\"1\u00a0Minute\" \/>\n<script type=\"application\/ld+json\" class=\"yoast-schema-graph\">{\"@context\":\"https:\\\/\\\/schema.org\",\"@graph\":[{\"@type\":\"WebPage\",\"@id\":\"https:\\\/\\\/www.sempertea.eu\\\/de\\\/Produkte\\\/entspannungs-tee-besseren-schlaf-lavendel-melisse\\\/\",\"url\":\"https:\\\/\\\/www.sempertea.eu\\\/de\\\/Produkte\\\/entspannungs-tee-besseren-schlaf-lavendel-melisse\\\/\",\"name\":\"Entspannungs Tee f\u00fcr besseren Schlaf | Lavendel & Melisse\",\"isPartOf\":{\"@id\":\"https:\\\/\\\/www.sempertea.eu\\\/#website\"},\"primaryImageOfPage\":{\"@id\":\"https:\\\/\\\/www.sempertea.eu\\\/de\\\/Produkte\\\/entspannungs-tee-besseren-schlaf-lavendel-melisse\\\/#primaryimage\"},\"image\":{\"@id\":\"https:\\\/\\\/www.sempertea.eu\\\/de\\\/Produkte\\\/entspannungs-tee-besseren-schlaf-lavendel-melisse\\\/#primaryimage\"},\"thumbnailUrl\":\"https:\\\/\\\/www.sempertea.eu\\\/wp-content\\\/uploads\\\/2025\\\/04\\\/te-relajante-con-lavanda-para-dormir-bien-semper-tea-1-1.jpg-1.jpg\",\"datePublished\":\"2025-04-30T13:55:06+00:00\",\"dateModified\":\"2025-05-23T14:01:21+00:00\",\"description\":\"Nat\u00fcrlicher Lavendeltee mit Melisse und Lindenbl\u00fcten \u2013 entspannender Tee zur Beruhigung, ideal als Schlaftee gegen Schlaflosigkeit und f\u00fcr tiefen Schlaf.\",\"breadcrumb\":{\"@id\":\"https:\\\/\\\/www.sempertea.eu\\\/de\\\/Produkte\\\/entspannungs-tee-besseren-schlaf-lavendel-melisse\\\/#breadcrumb\"},\"inLanguage\":\"de\",\"potentialAction\":[{\"@type\":\"ReadAction\",\"target\":[\"https:\\\/\\\/www.sempertea.eu\\\/de\\\/Produkte\\\/entspannungs-tee-besseren-schlaf-lavendel-melisse\\\/\"]}]},{\"@type\":\"ImageObject\",\"inLanguage\":\"de\",\"@id\":\"https:\\\/\\\/www.sempertea.eu\\\/de\\\/Produkte\\\/entspannungs-tee-besseren-schlaf-lavendel-melisse\\\/#primaryimage\",\"url\":\"https:\\\/\\\/www.sempertea.eu\\\/wp-content\\\/uploads\\\/2025\\\/04\\\/te-relajante-con-lavanda-para-dormir-bien-semper-tea-1-1.jpg-1.jpg\",\"contentUrl\":\"https:\\\/\\\/www.sempertea.eu\\\/wp-content\\\/uploads\\\/2025\\\/04\\\/te-relajante-con-lavanda-para-dormir-bien-semper-tea-1-1.jpg-1.jpg\",\"width\":1000,\"height\":1000,\"caption\":\"te relajante con lavanda para dormir bien semper tea\"},{\"@type\":\"BreadcrumbList\",\"@id\":\"https:\\\/\\\/www.sempertea.eu\\\/de\\\/Produkte\\\/entspannungs-tee-besseren-schlaf-lavendel-melisse\\\/#breadcrumb\",\"itemListElement\":[{\"@type\":\"ListItem\",\"position\":1,\"name\":\"Portada\",\"item\":\"https:\\\/\\\/www.sempertea.eu\\\/de\\\/\"},{\"@type\":\"ListItem\",\"position\":2,\"name\":\"Shop\",\"item\":\"https:\\\/\\\/www.sempertea.eu\\\/de\\\/shop\\\/\"},{\"@type\":\"ListItem\",\"position\":3,\"name\":\"CALM Bio Kr\u00e4utertee I Pyramidenbeutel\"}]},{\"@type\":\"WebSite\",\"@id\":\"https:\\\/\\\/www.sempertea.eu\\\/#website\",\"url\":\"https:\\\/\\\/www.sempertea.eu\\\/\",\"name\":\"Semper Tea | Mayorista y fabricante de T\u00e9s e Infusiones para hoteles, restaurantes y bares\",\"description\":\"T\u00e9s e infusiones para hosteler\u00eda, hoteler\u00eda y comercio\",\"potentialAction\":[{\"@type\":\"SearchAction\",\"target\":{\"@type\":\"EntryPoint\",\"urlTemplate\":\"https:\\\/\\\/www.sempertea.eu\\\/?s={search_term_string}\"},\"query-input\":{\"@type\":\"PropertyValueSpecification\",\"valueRequired\":true,\"valueName\":\"search_term_string\"}}],\"inLanguage\":\"de\"}]}<\/script>\n<!-- \/ Yoast SEO Premium plugin. -->","yoast_head_json":{"title":"Entspannungs Tee f\u00fcr besseren Schlaf | Lavendel & Melisse","description":"Nat\u00fcrlicher Lavendeltee mit Melisse und Lindenbl\u00fcten \u2013 entspannender Tee zur Beruhigung, ideal als Schlaftee gegen Schlaflosigkeit und f\u00fcr tiefen Schlaf.","robots":{"index":"index","follow":"follow","max-snippet":"max-snippet:-1","max-image-preview":"max-image-preview:large","max-video-preview":"max-video-preview:-1"},"canonical":"https:\/\/www.sempertea.eu\/de\/Produkte\/entspannungs-tee-besseren-schlaf-lavendel-melisse\/","og_locale":"de_DE","og_type":"article","og_title":"CALM Bio Kr\u00e4utertee I Pyramidenbeutel","og_description":"Nat\u00fcrlicher Lavendeltee mit Melisse und Lindenbl\u00fcten \u2013 entspannender Tee zur Beruhigung, ideal als Schlaftee gegen Schlaflosigkeit und f\u00fcr tiefen Schlaf.","og_url":"https:\/\/www.sempertea.eu\/de\/Produkte\/entspannungs-tee-besseren-schlaf-lavendel-melisse\/","og_site_name":"Semper Tea | Mayorista y fabricante de T\u00e9s e Infusiones para hoteles, restaurantes y bares","article_modified_time":"2025-05-23T14:01:21+00:00","og_image":[{"width":1000,"height":1000,"url":"https:\/\/www.sempertea.eu\/wp-content\/uploads\/2025\/04\/te-relajante-con-lavanda-para-dormir-bien-semper-tea-1-1.jpg-1.jpg","type":"image\/jpeg"}],"twitter_card":"summary_large_image","twitter_misc":{"Gesch\u00e4tzte Lesezeit":"1\u00a0Minute"},"schema":{"@context":"https:\/\/schema.org","@graph":[{"@type":"WebPage","@id":"https:\/\/www.sempertea.eu\/de\/Produkte\/entspannungs-tee-besseren-schlaf-lavendel-melisse\/","url":"https:\/\/www.sempertea.eu\/de\/Produkte\/entspannungs-tee-besseren-schlaf-lavendel-melisse\/","name":"Entspannungs Tee f\u00fcr besseren Schlaf | Lavendel & Melisse","isPartOf":{"@id":"https:\/\/www.sempertea.eu\/#website"},"primaryImageOfPage":{"@id":"https:\/\/www.sempertea.eu\/de\/Produkte\/entspannungs-tee-besseren-schlaf-lavendel-melisse\/#primaryimage"},"image":{"@id":"https:\/\/www.sempertea.eu\/de\/Produkte\/entspannungs-tee-besseren-schlaf-lavendel-melisse\/#primaryimage"},"thumbnailUrl":"https:\/\/www.sempertea.eu\/wp-content\/uploads\/2025\/04\/te-relajante-con-lavanda-para-dormir-bien-semper-tea-1-1.jpg-1.jpg","datePublished":"2025-04-30T13:55:06+00:00","dateModified":"2025-05-23T14:01:21+00:00","description":"Nat\u00fcrlicher Lavendeltee mit Melisse und Lindenbl\u00fcten \u2013 entspannender Tee zur Beruhigung, ideal als Schlaftee gegen Schlaflosigkeit und f\u00fcr tiefen Schlaf.","breadcrumb":{"@id":"https:\/\/www.sempertea.eu\/de\/Produkte\/entspannungs-tee-besseren-schlaf-lavendel-melisse\/#breadcrumb"},"inLanguage":"de","potentialAction":[{"@type":"ReadAction","target":["https:\/\/www.sempertea.eu\/de\/Produkte\/entspannungs-tee-besseren-schlaf-lavendel-melisse\/"]}]},{"@type":"ImageObject","inLanguage":"de","@id":"https:\/\/www.sempertea.eu\/de\/Produkte\/entspannungs-tee-besseren-schlaf-lavendel-melisse\/#primaryimage","url":"https:\/\/www.sempertea.eu\/wp-content\/uploads\/2025\/04\/te-relajante-con-lavanda-para-dormir-bien-semper-tea-1-1.jpg-1.jpg","contentUrl":"https:\/\/www.sempertea.eu\/wp-content\/uploads\/2025\/04\/te-relajante-con-lavanda-para-dormir-bien-semper-tea-1-1.jpg-1.jpg","width":1000,"height":1000,"caption":"te relajante con lavanda para dormir bien semper tea"},{"@type":"BreadcrumbList","@id":"https:\/\/www.sempertea.eu\/de\/Produkte\/entspannungs-tee-besseren-schlaf-lavendel-melisse\/#breadcrumb","itemListElement":[{"@type":"ListItem","position":1,"name":"Portada","item":"https:\/\/www.sempertea.eu\/de\/"},{"@type":"ListItem","position":2,"name":"Shop","item":"https:\/\/www.sempertea.eu\/de\/shop\/"},{"@type":"ListItem","position":3,"name":"CALM Bio Kr\u00e4utertee I Pyramidenbeutel"}]},{"@type":"WebSite","@id":"https:\/\/www.sempertea.eu\/#website","url":"https:\/\/www.sempertea.eu\/","name":"Semper Tea | Mayorista y fabricante de T\u00e9s e Infusiones para hoteles, restaurantes y bares","description":"T\u00e9s e infusiones para hosteler\u00eda, hoteler\u00eda y comercio","potentialAction":[{"@type":"SearchAction","target":{"@type":"EntryPoint","urlTemplate":"https:\/\/www.sempertea.eu\/?s={search_term_string}"},"query-input":{"@type":"PropertyValueSpecification","valueRequired":true,"valueName":"search_term_string"}}],"inLanguage":"de"}]}},"_links":{"self":[{"href":"https:\/\/www.sempertea.eu\/de\/wp-json\/wp\/v2\/product\/15230","targetHints":{"allow":["GET"]}}],"collection":[{"href":"https:\/\/www.sempertea.eu\/de\/wp-json\/wp\/v2\/product"}],"about":[{"href":"https:\/\/www.sempertea.eu\/de\/wp-json\/wp\/v2\/types\/product"}],"replies":[{"embeddable":true,"href":"https:\/\/www.sempertea.eu\/de\/wp-json\/wp\/v2\/comments?post=15230"}],"wp:featuredmedia":[{"embeddable":true,"href":"https:\/\/www.sempertea.eu\/de\/wp-json\/wp\/v2\/media\/15240"}],"wp:attachment":[{"href":"https:\/\/www.sempertea.eu\/de\/wp-json\/wp\/v2\/media?parent=15230"}],"wp:term":[{"taxonomy":"product_brand","embeddable":true,"href":"https:\/\/www.sempertea.eu\/de\/wp-json\/wp\/v2\/product_brand?post=15230"},{"taxonomy":"product_cat","embeddable":true,"href":"https:\/\/www.sempertea.eu\/de\/wp-json\/wp\/v2\/product_cat?post=15230"},{"taxonomy":"product_tag","embeddable":true,"href":"https:\/\/www.sempertea.eu\/de\/wp-json\/wp\/v2\/product_tag?post=15230"}],"curies":[{"name":"wp","href":"https:\/\/api.w.org\/{rel}","templated":true}]}}