{"id":15149,"date":"2025-04-29T18:42:29","date_gmt":"2025-04-29T17:01:50","guid":{"rendered":"https:\/\/www.sempertea.eu\/jasmine-biotee-i-pyramidenbeutel\/"},"modified":"2025-04-30T19:50:22","modified_gmt":"2025-04-30T17:50:22","slug":"gruener-jasmintee-bio-in-pyramiden","status":"publish","type":"product","link":"https:\/\/www.sempertea.eu\/de\/Produkte\/gruener-jasmintee-bio-in-pyramiden\/","title":{"rendered":"JASMINE Biotee I Pyramidenbeutel"},"content":{"rendered":"<h2>Gr\u00fcner Jasmintee \u2013 China Jasmine Chun Hao Superior Quin<\/h2>\n<p><strong>Coral-Teelinie | Biotee | In biologisch abbaubaren Pyramiden<\/strong><\/p>\n<p>Lass dich von der floralen Eleganz unseres neuen <strong>Gr\u00fcnen Jasmintees <\/strong>aus der Coral-Linie verzaubern. Hergestellt aus \u00f6kologischem gr\u00fcnen Tee und frisch geernteten Jasminbl\u00fcten w\u00e4hrend ihrer kurzen Bl\u00fctezeit in China, bietet dieser gute Jasmintee eine leichte, zart duftende Infusion \u2013 perfekt, um sie zu jeder Tageszeit zu genie\u00dfen.<\/p>\n<p>Der Aromatisierungsprozess folgt einer alten Tradition: Die Teebl\u00e4tter werden sorgf\u00e4ltig mit frischen Jasminbl\u00fcten geschichtet, sodass der Jasmintee das nat\u00fcrliche Aroma der Bl\u00fcten aufnehmen kann. Sobald das perfekte Gleichgewicht erreicht ist, werden die Bl\u00fcten entfernt, um Bitternoten zu vermeiden. So entsteht ein raffinierter, weicher Tee mit einem anhaltend floralen Duft.<\/p>\n<p>Wie alle Produkte der Coral-Linie wird auch dieser Tee in <strong>biologisch abbaubaren Pyramidenbeuteln<\/strong> und <strong>recycelbaren Kartonverpackungen <\/strong>pr\u00e4sentiert \u2013 eine perfekte Kombination aus Qualit\u00e4t, Nachhaltigkeit und Praktikabilit\u00e4t.<\/p>\n<p>Perfekt f\u00fcr Hotels, Caf\u00e9s, B\u00fcros oder f\u00fcr den Genuss zu Hause \u2013 der Gr\u00fcne Jasmintee l\u00e4dt zu einer aromatischen Pause ein und hilft, sich auf das Wesentliche zu besinnen.<\/p>\n","protected":false},"excerpt":{"rendered":"<p><strong>Gr\u00fcner Jasmintee \u2013 China Jasmine Chun Hao Superior Quin<\/strong><\/p>\n<p>Feine Mischung aus Bio Gr\u00fcntee und frischen Jasminbl\u00fcten, traditionell aromatisiert. Leicht, blumig und sanft \u2013 ideal f\u00fcr eine entspannte Pause oder eine erfrischende Tasse Tee.<\/p>\n<p><strong>Herkunft<\/strong>: China<br \/>\n<strong>Aroma:<\/strong> Blumig, elegant, langanhaltend<br \/>\n<strong>Ideale Temperatur<\/strong>: 85 \u00b0C<br \/>\n<strong>Ziehzeit:<\/strong> 3 Minuten<br \/>\n<strong>Ideal f\u00fcr:<\/strong> Pur, kalt oder warm<br \/>\n<strong>Format<\/strong>: 18 biologisch abbaubare Pyramiden<\/p>\n<p><strong>Genie\u00dfe das authentische Erlebnis von Jasmintee das ganze Jahr \u00fcber.<\/strong><\/p>\n","protected":false},"featured_media":15128,"comment_status":"open","ping_status":"closed","template":"","meta":[],"product_brand":[],"product_cat":[114,115,116,110,113,109,124,119,108],"product_tag":[],"class_list":{"0":"post-15149","1":"product","2":"type-product","3":"status-publish","4":"has-post-thumbnail","6":"product_cat-alle","7":"product_cat-alle-de","8":"product_cat-alle-de-2","9":"product_cat-biologisch-abbaubare-pyramide-teebeutel-biotee-kompostierbar","10":"product_cat-biotees-sortiment-online-kaufen","11":"product_cat-tee-pyramidenbeutel-teepyramide-verpackung-abbaubar-nachhaltig","12":"product_cat-teesortiment-formate-packaging-attraktiv-biotees-verpackung","13":"product_cat-grunen-tee-bio-online-bestellen-lose-teubeutel","14":"product_cat-sortiment-tee-packaging-verpackung-attraktiv-biotees-design","16":"first","17":"instock","18":"shipping-taxable","19":"purchasable","20":"product-type-simple"},"yoast_head":"<!-- This site is optimized with the Yoast SEO Premium plugin v27.3 (Yoast SEO v27.3) - https:\/\/yoast.com\/product\/yoast-seo-premium-wordpress\/ -->\n<title>Gr\u00fcner Jasmintee Bio in Pyramiden | Blumig &amp; sanfter Geschmack<\/title>\n<meta name=\"description\" content=\"Gr\u00fcner Jasmintee in biologisch abbaubaren Pyramiden \u2013 aromatisch und nachhaltig genie\u00dfen. China Jasmine Chun Hao Superior Quin.\" \/>\n<meta name=\"robots\" content=\"index, follow, max-snippet:-1, max-image-preview:large, max-video-preview:-1\" \/>\n<link rel=\"canonical\" href=\"https:\/\/www.sempertea.eu\/de\/Produkte\/gruener-jasmintee-bio-in-pyramiden\/\" \/>\n<meta property=\"og:locale\" content=\"de_DE\" \/>\n<meta property=\"og:type\" content=\"article\" \/>\n<meta property=\"og:title\" content=\"JASMINE Biotee I Pyramidenbeutel\" \/>\n<meta property=\"og:description\" content=\"Gr\u00fcner Jasmintee in biologisch abbaubaren Pyramiden \u2013 aromatisch und nachhaltig genie\u00dfen. China Jasmine Chun Hao Superior Quin.\" \/>\n<meta property=\"og:url\" content=\"https:\/\/www.sempertea.eu\/de\/Produkte\/gruener-jasmintee-bio-in-pyramiden\/\" \/>\n<meta property=\"og:site_name\" content=\"Semper Tea | Mayorista y fabricante de T\u00e9s e Infusiones para hoteles, restaurantes y bares\" \/>\n<meta property=\"article:modified_time\" content=\"2025-04-30T17:50:22+00:00\" \/>\n<meta property=\"og:image\" content=\"https:\/\/www.sempertea.eu\/wp-content\/uploads\/2025\/04\/flores-jazmin-hojas-te-verde.jpg.jpg\" \/>\n\t<meta property=\"og:image:width\" content=\"1000\" \/>\n\t<meta property=\"og:image:height\" content=\"1000\" \/>\n\t<meta property=\"og:image:type\" content=\"image\/jpeg\" \/>\n<meta name=\"twitter:card\" content=\"summary_large_image\" \/>\n<meta name=\"twitter:label1\" content=\"Gesch\u00e4tzte Lesezeit\" \/>\n\t<meta name=\"twitter:data1\" content=\"1\u00a0Minute\" \/>\n<script type=\"application\/ld+json\" class=\"yoast-schema-graph\">{\"@context\":\"https:\\\/\\\/schema.org\",\"@graph\":[{\"@type\":\"WebPage\",\"@id\":\"https:\\\/\\\/www.sempertea.eu\\\/de\\\/Produkte\\\/gruener-jasmintee-bio-in-pyramiden\\\/\",\"url\":\"https:\\\/\\\/www.sempertea.eu\\\/de\\\/Produkte\\\/gruener-jasmintee-bio-in-pyramiden\\\/\",\"name\":\"Gr\u00fcner Jasmintee Bio in Pyramiden | Blumig & sanfter Geschmack\",\"isPartOf\":{\"@id\":\"https:\\\/\\\/www.sempertea.eu\\\/#website\"},\"primaryImageOfPage\":{\"@id\":\"https:\\\/\\\/www.sempertea.eu\\\/de\\\/Produkte\\\/gruener-jasmintee-bio-in-pyramiden\\\/#primaryimage\"},\"image\":{\"@id\":\"https:\\\/\\\/www.sempertea.eu\\\/de\\\/Produkte\\\/gruener-jasmintee-bio-in-pyramiden\\\/#primaryimage\"},\"thumbnailUrl\":\"https:\\\/\\\/www.sempertea.eu\\\/wp-content\\\/uploads\\\/2025\\\/04\\\/flores-jazmin-hojas-te-verde.jpg.jpg\",\"datePublished\":\"2025-04-29T17:01:50+00:00\",\"dateModified\":\"2025-04-30T17:50:22+00:00\",\"description\":\"Gr\u00fcner Jasmintee in biologisch abbaubaren Pyramiden \u2013 aromatisch und nachhaltig genie\u00dfen. China Jasmine Chun Hao Superior Quin.\",\"breadcrumb\":{\"@id\":\"https:\\\/\\\/www.sempertea.eu\\\/de\\\/Produkte\\\/gruener-jasmintee-bio-in-pyramiden\\\/#breadcrumb\"},\"inLanguage\":\"de\",\"potentialAction\":[{\"@type\":\"ReadAction\",\"target\":[\"https:\\\/\\\/www.sempertea.eu\\\/de\\\/Produkte\\\/gruener-jasmintee-bio-in-pyramiden\\\/\"]}]},{\"@type\":\"ImageObject\",\"inLanguage\":\"de\",\"@id\":\"https:\\\/\\\/www.sempertea.eu\\\/de\\\/Produkte\\\/gruener-jasmintee-bio-in-pyramiden\\\/#primaryimage\",\"url\":\"https:\\\/\\\/www.sempertea.eu\\\/wp-content\\\/uploads\\\/2025\\\/04\\\/flores-jazmin-hojas-te-verde.jpg.jpg\",\"contentUrl\":\"https:\\\/\\\/www.sempertea.eu\\\/wp-content\\\/uploads\\\/2025\\\/04\\\/flores-jazmin-hojas-te-verde.jpg.jpg\",\"width\":1000,\"height\":1000,\"caption\":\"Flores frescas de jazm\u00edn y hojas de t\u00e9 verde\"},{\"@type\":\"BreadcrumbList\",\"@id\":\"https:\\\/\\\/www.sempertea.eu\\\/de\\\/Produkte\\\/gruener-jasmintee-bio-in-pyramiden\\\/#breadcrumb\",\"itemListElement\":[{\"@type\":\"ListItem\",\"position\":1,\"name\":\"Portada\",\"item\":\"https:\\\/\\\/www.sempertea.eu\\\/de\\\/\"},{\"@type\":\"ListItem\",\"position\":2,\"name\":\"Shop\",\"item\":\"https:\\\/\\\/www.sempertea.eu\\\/de\\\/shop\\\/\"},{\"@type\":\"ListItem\",\"position\":3,\"name\":\"JASMINE Biotee I Pyramidenbeutel\"}]},{\"@type\":\"WebSite\",\"@id\":\"https:\\\/\\\/www.sempertea.eu\\\/#website\",\"url\":\"https:\\\/\\\/www.sempertea.eu\\\/\",\"name\":\"Semper Tea | Mayorista y fabricante de T\u00e9s e Infusiones para hoteles, restaurantes y bares\",\"description\":\"T\u00e9s e infusiones para hosteler\u00eda, hoteler\u00eda y comercio\",\"potentialAction\":[{\"@type\":\"SearchAction\",\"target\":{\"@type\":\"EntryPoint\",\"urlTemplate\":\"https:\\\/\\\/www.sempertea.eu\\\/?s={search_term_string}\"},\"query-input\":{\"@type\":\"PropertyValueSpecification\",\"valueRequired\":true,\"valueName\":\"search_term_string\"}}],\"inLanguage\":\"de\"}]}<\/script>\n<!-- \/ Yoast SEO Premium plugin. -->","yoast_head_json":{"title":"Gr\u00fcner Jasmintee Bio in Pyramiden | Blumig & sanfter Geschmack","description":"Gr\u00fcner Jasmintee in biologisch abbaubaren Pyramiden \u2013 aromatisch und nachhaltig genie\u00dfen. China Jasmine Chun Hao Superior Quin.","robots":{"index":"index","follow":"follow","max-snippet":"max-snippet:-1","max-image-preview":"max-image-preview:large","max-video-preview":"max-video-preview:-1"},"canonical":"https:\/\/www.sempertea.eu\/de\/Produkte\/gruener-jasmintee-bio-in-pyramiden\/","og_locale":"de_DE","og_type":"article","og_title":"JASMINE Biotee I Pyramidenbeutel","og_description":"Gr\u00fcner Jasmintee in biologisch abbaubaren Pyramiden \u2013 aromatisch und nachhaltig genie\u00dfen. China Jasmine Chun Hao Superior Quin.","og_url":"https:\/\/www.sempertea.eu\/de\/Produkte\/gruener-jasmintee-bio-in-pyramiden\/","og_site_name":"Semper Tea | Mayorista y fabricante de T\u00e9s e Infusiones para hoteles, restaurantes y bares","article_modified_time":"2025-04-30T17:50:22+00:00","og_image":[{"width":1000,"height":1000,"url":"https:\/\/www.sempertea.eu\/wp-content\/uploads\/2025\/04\/flores-jazmin-hojas-te-verde.jpg.jpg","type":"image\/jpeg"}],"twitter_card":"summary_large_image","twitter_misc":{"Gesch\u00e4tzte Lesezeit":"1\u00a0Minute"},"schema":{"@context":"https:\/\/schema.org","@graph":[{"@type":"WebPage","@id":"https:\/\/www.sempertea.eu\/de\/Produkte\/gruener-jasmintee-bio-in-pyramiden\/","url":"https:\/\/www.sempertea.eu\/de\/Produkte\/gruener-jasmintee-bio-in-pyramiden\/","name":"Gr\u00fcner Jasmintee Bio in Pyramiden | Blumig & sanfter Geschmack","isPartOf":{"@id":"https:\/\/www.sempertea.eu\/#website"},"primaryImageOfPage":{"@id":"https:\/\/www.sempertea.eu\/de\/Produkte\/gruener-jasmintee-bio-in-pyramiden\/#primaryimage"},"image":{"@id":"https:\/\/www.sempertea.eu\/de\/Produkte\/gruener-jasmintee-bio-in-pyramiden\/#primaryimage"},"thumbnailUrl":"https:\/\/www.sempertea.eu\/wp-content\/uploads\/2025\/04\/flores-jazmin-hojas-te-verde.jpg.jpg","datePublished":"2025-04-29T17:01:50+00:00","dateModified":"2025-04-30T17:50:22+00:00","description":"Gr\u00fcner Jasmintee in biologisch abbaubaren Pyramiden \u2013 aromatisch und nachhaltig genie\u00dfen. China Jasmine Chun Hao Superior Quin.","breadcrumb":{"@id":"https:\/\/www.sempertea.eu\/de\/Produkte\/gruener-jasmintee-bio-in-pyramiden\/#breadcrumb"},"inLanguage":"de","potentialAction":[{"@type":"ReadAction","target":["https:\/\/www.sempertea.eu\/de\/Produkte\/gruener-jasmintee-bio-in-pyramiden\/"]}]},{"@type":"ImageObject","inLanguage":"de","@id":"https:\/\/www.sempertea.eu\/de\/Produkte\/gruener-jasmintee-bio-in-pyramiden\/#primaryimage","url":"https:\/\/www.sempertea.eu\/wp-content\/uploads\/2025\/04\/flores-jazmin-hojas-te-verde.jpg.jpg","contentUrl":"https:\/\/www.sempertea.eu\/wp-content\/uploads\/2025\/04\/flores-jazmin-hojas-te-verde.jpg.jpg","width":1000,"height":1000,"caption":"Flores frescas de jazm\u00edn y hojas de t\u00e9 verde"},{"@type":"BreadcrumbList","@id":"https:\/\/www.sempertea.eu\/de\/Produkte\/gruener-jasmintee-bio-in-pyramiden\/#breadcrumb","itemListElement":[{"@type":"ListItem","position":1,"name":"Portada","item":"https:\/\/www.sempertea.eu\/de\/"},{"@type":"ListItem","position":2,"name":"Shop","item":"https:\/\/www.sempertea.eu\/de\/shop\/"},{"@type":"ListItem","position":3,"name":"JASMINE Biotee I Pyramidenbeutel"}]},{"@type":"WebSite","@id":"https:\/\/www.sempertea.eu\/#website","url":"https:\/\/www.sempertea.eu\/","name":"Semper Tea | Mayorista y fabricante de T\u00e9s e Infusiones para hoteles, restaurantes y bares","description":"T\u00e9s e infusiones para hosteler\u00eda, hoteler\u00eda y comercio","potentialAction":[{"@type":"SearchAction","target":{"@type":"EntryPoint","urlTemplate":"https:\/\/www.sempertea.eu\/?s={search_term_string}"},"query-input":{"@type":"PropertyValueSpecification","valueRequired":true,"valueName":"search_term_string"}}],"inLanguage":"de"}]}},"_links":{"self":[{"href":"https:\/\/www.sempertea.eu\/de\/wp-json\/wp\/v2\/product\/15149","targetHints":{"allow":["GET"]}}],"collection":[{"href":"https:\/\/www.sempertea.eu\/de\/wp-json\/wp\/v2\/product"}],"about":[{"href":"https:\/\/www.sempertea.eu\/de\/wp-json\/wp\/v2\/types\/product"}],"replies":[{"embeddable":true,"href":"https:\/\/www.sempertea.eu\/de\/wp-json\/wp\/v2\/comments?post=15149"}],"wp:featuredmedia":[{"embeddable":true,"href":"https:\/\/www.sempertea.eu\/de\/wp-json\/wp\/v2\/media\/15128"}],"wp:attachment":[{"href":"https:\/\/www.sempertea.eu\/de\/wp-json\/wp\/v2\/media?parent=15149"}],"wp:term":[{"taxonomy":"product_brand","embeddable":true,"href":"https:\/\/www.sempertea.eu\/de\/wp-json\/wp\/v2\/product_brand?post=15149"},{"taxonomy":"product_cat","embeddable":true,"href":"https:\/\/www.sempertea.eu\/de\/wp-json\/wp\/v2\/product_cat?post=15149"},{"taxonomy":"product_tag","embeddable":true,"href":"https:\/\/www.sempertea.eu\/de\/wp-json\/wp\/v2\/product_tag?post=15149"}],"curies":[{"name":"wp","href":"https:\/\/api.w.org\/{rel}","templated":true}]}}