{"id":14768,"date":"2025-04-07T14:18:39","date_gmt":"2025-04-07T12:18:39","guid":{"rendered":"https:\/\/www.sempertea.eu\/japanischer-matcha-tee-dose-40-gr\/"},"modified":"2025-04-24T16:18:28","modified_gmt":"2025-04-24T14:18:28","slug":"japanischer-matcha-tee-dose-40-gr","status":"publish","type":"product","link":"https:\/\/www.sempertea.eu\/de\/Produkte\/japanischer-matcha-tee-dose-40-gr\/","title":{"rendered":"Japanischer Matcha-Tee | Dose 40 gr"},"content":{"rendered":"<p class=\"\" data-start=\"50\" data-end=\"525\">Der j<strong data-start=\"53\" data-end=\"74\">apanische Matcha-Tee <\/strong>von <strong data-start=\"78\" data-end=\"92\">Semper Tea<\/strong> ist eine ideale Wahl f\u00fcr alle, die die Vorteile von Matcha in ihrem Alltag genie\u00dfen m\u00f6chten.<\/p>\n<p class=\"\" data-start=\"50\" data-end=\"525\">Dieser hochwertige gemahlene gr\u00fcne Tee stammt aus ausgew\u00e4hlten Plantagen in Japan und wird aus sorgf\u00e4ltig angebauten und verarbeiteten Bl\u00e4ttern hergestellt, um alle seine Eigenschaften zu bewahren. Er hat einen intensiven Geschmack mit leicht bitteren Noten und einem charakteristischen pflanzlichen Touch und eignet sich sowohl f\u00fcr Getr\u00e4nke als auch f\u00fcr kulinarische Rezepte. <\/p>\n<h2 data-start=\"527\" data-end=\"576\">Ein Superfood voller Vorteile<\/h2>\n<p class=\"\" data-start=\"577\" data-end=\"885\">Matcha ist bekannt f\u00fcr seinen hohen Gehalt an <strong data-start=\"624\" data-end=\"641\">Antioxidantien<\/strong>, die freie Radikale bek\u00e4mpfen und das allgemeine Wohlbefinden f\u00f6rdern. Er ist auch reich an <strong data-start=\"739\" data-end=\"752\">L-Theanin<\/strong>, einer Aminos\u00e4ure, die die Konzentration und Entspannung verbessert, ohne Nervosit\u00e4t zu erzeugen, und f\u00fcr eine stabile und lang anhaltende Energie sorgt. <\/p>\n<ul>\n<li data-start=\"935\" data-end=\"1198\">Dieser Matcha eignet sich perfekt f\u00fcr die Zubereitung auf vielf\u00e4ltige Weise:<\/li>\n<li data-start=\"935\" data-end=\"1198\">Genie\u00dfen Sie ihn als <strong data-start=\"1015\" data-end=\"1033\">traditionellen Tee<\/strong> mit hei\u00dfem Wasser.<\/li>\n<li data-start=\"935\" data-end=\"1198\">F\u00fcge es <strong data-start=\"1076\" data-end=\"1099\">Smoothies und Shakes<\/strong> f\u00fcr einen Extra-Kick an Vitalit\u00e4t hinzu.<\/li>\n<li data-start=\"935\" data-end=\"1198\">Verwenden Sie ihn in Rezepten wie <strong data-start=\"1154\" data-end=\"1195\">Latte, Desserts, Eiscreme oder Backwaren.<\/strong><\/li>\n<\/ul>\n<h2 data-start=\"1200\" data-end=\"1244\">Qualit\u00e4t und praktische Aufmachung<\/h2>\n<p class=\"\" data-start=\"1245\" data-end=\"1479\">Es wird in einer <strong data-start=\"1266\" data-end=\"1274\">40-g<\/strong>-Dose angeboten, die ideal ist, um seine Frische zu bewahren und es jederzeit genie\u00dfen zu k\u00f6nnen. Dank seiner Aufmachung kannst du es f\u00fcr jede Zubereitung leicht dosieren und alle seine Vorteile nutzen, ohne an Qualit\u00e4t zu verlieren. <\/p>\n<p class=\"\" data-start=\"1481\" data-end=\"1664\">Nehmen Sie <strong data-start=\"53\" data-end=\"74\">japanischen Matcha-Tee<\/strong> von <strong data-start=\"78\" data-end=\"92\">Semper Tea<\/strong> in Ihren Alltag auf und genie\u00dfen Sie ein gesundes Getr\u00e4nk voller Geschmack und Eigenschaften. Bestellen Sie jetzt und entdecken Sie die Kraft von Matcha! <\/p>\n","protected":false},"excerpt":{"rendered":"<p>Genie\u00dfen Sie echten <strong data-start=\"126\" data-end=\"154\">japanischen Matcha-Tee<\/strong> von <strong data-start=\"158\" data-end=\"172\">Semper Tea<\/strong>, der sich perfekt f\u00fcr die Zubereitung k\u00f6stlicher <strong data-start=\"208\" data-end=\"218\">Latte<\/strong>, <strong data-start=\"220\" data-end=\"233\">Smoothies <\/strong>und <strong data-start=\"247\" data-end=\"266\">kreativer Kochrezepte<\/strong> eignet.<\/p>\n<p><strong>Dur\u00e9e approximative <\/strong>: 40 jours.<\/p>\n<p>Mit seinem <strong data-start=\"275\" data-end=\"290\">milden<\/strong> Geschmack und seinem hohen Gehalt an <strong data-start=\"314\" data-end=\"331\">Antioxidantien<\/strong> bietet Ihnen dieser <strong data-start=\"338\" data-end=\"364\">Matcha <\/strong>f\u00fcr Backwaren und Getr\u00e4nke <strong data-start=\"385\" data-end=\"404\">nat\u00fcrliche Energie<\/strong> und Wohlbefinden. Ideal f\u00fcr alle, die hochwertigen<strong data-start=\"444\" data-end=\"464\"> japanischen Gr\u00fcntee<\/strong> suchen und Matcha-Tee einfach und sicher <strong data-start=\"486\" data-end=\"514\">online <\/strong>kaufen m\u00f6chten. <\/p>\n<ul>\n<li>Reich an Antioxidantien und nachhaltiger Energie.<\/li>\n<li>Hilft bei der Konzentration ohne Nervosit\u00e4t.<\/li>\n<li>Vielseitig verwendbar f\u00fcr Tee, Latte, Smoothies und Desserts.<\/li>\n<\/ul>\n","protected":false},"featured_media":16168,"comment_status":"open","ping_status":"closed","template":"","meta":[],"product_brand":[],"product_cat":[115,116,114,113,124,119,128,127,111,135],"product_tag":[258],"class_list":{"0":"post-14768","1":"product","2":"type-product","3":"status-publish","4":"has-post-thumbnail","6":"product_cat-alle-de","7":"product_cat-alle-de-2","8":"product_cat-alle","9":"product_cat-biotees-sortiment-online-kaufen","10":"product_cat-teesortiment-formate-packaging-attraktiv-biotees-verpackung","11":"product_cat-grunen-tee-bio-online-bestellen-lose-teubeutel","12":"product_cat-teebeutel-ohne-mikroplastik-plastikfreie-teepyramiden","13":"product_cat-loser-tee-im-papier-beutel-biotee-in-der-tute-nachhaltig","14":"product_cat-matchatee-premium-gruner-tee-japan-bio","15":"product_cat-uncategorized-de","16":"product_tag-lava40-de","18":"first","19":"instock","20":"shipping-taxable","21":"purchasable","22":"product-type-simple"},"yoast_head":"<!-- This site is optimized with the Yoast SEO Premium plugin v27.3 (Yoast SEO v27.3) - https:\/\/yoast.com\/product\/yoast-seo-premium-wordpress\/ -->\n<title>Japanischer Matcha-Tee gemahlen f\u00fcr Latte, Smoothies und K\u00fcche<\/title>\n<meta name=\"description\" content=\"Echter gemahlener japanischer Matcha-Tee. Ideal f\u00fcr die Zubereitung von Latte, Smoothies und kreativen Rezepten. Mild im Geschmack, voller Antioxidantien und nat\u00fcrlicher Energie.\" \/>\n<meta name=\"robots\" content=\"index, follow, max-snippet:-1, max-image-preview:large, max-video-preview:-1\" \/>\n<link rel=\"canonical\" href=\"https:\/\/www.sempertea.eu\/de\/Produkte\/japanischer-matcha-tee-dose-40-gr\/\" \/>\n<meta property=\"og:locale\" content=\"de_DE\" \/>\n<meta property=\"og:type\" content=\"article\" \/>\n<meta property=\"og:title\" content=\"Japanischer Matcha-Tee | Dose 40 gr\" \/>\n<meta property=\"og:description\" content=\"Echter gemahlener japanischer Matcha-Tee. Ideal f\u00fcr die Zubereitung von Latte, Smoothies und kreativen Rezepten. Mild im Geschmack, voller Antioxidantien und nat\u00fcrlicher Energie.\" \/>\n<meta property=\"og:url\" content=\"https:\/\/www.sempertea.eu\/de\/Produkte\/japanischer-matcha-tee-dose-40-gr\/\" \/>\n<meta property=\"og:site_name\" content=\"Semper Tea | Mayorista y fabricante de T\u00e9s e Infusiones para hoteles, restaurantes y bares\" \/>\n<meta property=\"article:modified_time\" content=\"2025-04-24T14:18:28+00:00\" \/>\n<meta property=\"og:image\" content=\"https:\/\/www.sempertea.eu\/wp-content\/uploads\/2025\/03\/te-japones-matcha-semper-tea.jpg\" \/>\n\t<meta property=\"og:image:width\" content=\"1000\" \/>\n\t<meta property=\"og:image:height\" content=\"1000\" \/>\n\t<meta property=\"og:image:type\" content=\"image\/jpeg\" \/>\n<meta name=\"twitter:card\" content=\"summary_large_image\" \/>\n<meta name=\"twitter:label1\" content=\"Gesch\u00e4tzte Lesezeit\" \/>\n\t<meta name=\"twitter:data1\" content=\"1\u00a0Minute\" \/>\n<script type=\"application\/ld+json\" class=\"yoast-schema-graph\">{\"@context\":\"https:\\\/\\\/schema.org\",\"@graph\":[{\"@type\":\"WebPage\",\"@id\":\"https:\\\/\\\/www.sempertea.eu\\\/de\\\/Produkte\\\/japanischer-matcha-tee-dose-40-gr\\\/\",\"url\":\"https:\\\/\\\/www.sempertea.eu\\\/de\\\/Produkte\\\/japanischer-matcha-tee-dose-40-gr\\\/\",\"name\":\"Japanischer Matcha-Tee gemahlen f\u00fcr Latte, Smoothies und K\u00fcche\",\"isPartOf\":{\"@id\":\"https:\\\/\\\/www.sempertea.eu\\\/#website\"},\"primaryImageOfPage\":{\"@id\":\"https:\\\/\\\/www.sempertea.eu\\\/de\\\/Produkte\\\/japanischer-matcha-tee-dose-40-gr\\\/#primaryimage\"},\"image\":{\"@id\":\"https:\\\/\\\/www.sempertea.eu\\\/de\\\/Produkte\\\/japanischer-matcha-tee-dose-40-gr\\\/#primaryimage\"},\"thumbnailUrl\":\"https:\\\/\\\/www.sempertea.eu\\\/wp-content\\\/uploads\\\/2025\\\/06\\\/lata-te-matcha-ecologico-polvo-semper-tea.jpg\",\"datePublished\":\"2025-04-07T12:18:39+00:00\",\"dateModified\":\"2025-04-24T14:18:28+00:00\",\"description\":\"Echter gemahlener japanischer Matcha-Tee. Ideal f\u00fcr die Zubereitung von Latte, Smoothies und kreativen Rezepten. Mild im Geschmack, voller Antioxidantien und nat\u00fcrlicher Energie.\",\"breadcrumb\":{\"@id\":\"https:\\\/\\\/www.sempertea.eu\\\/de\\\/Produkte\\\/japanischer-matcha-tee-dose-40-gr\\\/#breadcrumb\"},\"inLanguage\":\"de\",\"potentialAction\":[{\"@type\":\"ReadAction\",\"target\":[\"https:\\\/\\\/www.sempertea.eu\\\/de\\\/Produkte\\\/japanischer-matcha-tee-dose-40-gr\\\/\"]}]},{\"@type\":\"ImageObject\",\"inLanguage\":\"de\",\"@id\":\"https:\\\/\\\/www.sempertea.eu\\\/de\\\/Produkte\\\/japanischer-matcha-tee-dose-40-gr\\\/#primaryimage\",\"url\":\"https:\\\/\\\/www.sempertea.eu\\\/wp-content\\\/uploads\\\/2025\\\/06\\\/lata-te-matcha-ecologico-polvo-semper-tea.jpg\",\"contentUrl\":\"https:\\\/\\\/www.sempertea.eu\\\/wp-content\\\/uploads\\\/2025\\\/06\\\/lata-te-matcha-ecologico-polvo-semper-tea.jpg\",\"width\":1000,\"height\":1000,\"caption\":\"lata te matcha ecologico polvo semper tea\"},{\"@type\":\"BreadcrumbList\",\"@id\":\"https:\\\/\\\/www.sempertea.eu\\\/de\\\/Produkte\\\/japanischer-matcha-tee-dose-40-gr\\\/#breadcrumb\",\"itemListElement\":[{\"@type\":\"ListItem\",\"position\":1,\"name\":\"Portada\",\"item\":\"https:\\\/\\\/www.sempertea.eu\\\/de\\\/\"},{\"@type\":\"ListItem\",\"position\":2,\"name\":\"Shop\",\"item\":\"https:\\\/\\\/www.sempertea.eu\\\/de\\\/shop\\\/\"},{\"@type\":\"ListItem\",\"position\":3,\"name\":\"Japanischer Matcha-Tee | Dose 40 gr\"}]},{\"@type\":\"WebSite\",\"@id\":\"https:\\\/\\\/www.sempertea.eu\\\/#website\",\"url\":\"https:\\\/\\\/www.sempertea.eu\\\/\",\"name\":\"Semper Tea | Mayorista y fabricante de T\u00e9s e Infusiones para hoteles, restaurantes y bares\",\"description\":\"T\u00e9s e infusiones para hosteler\u00eda, hoteler\u00eda y comercio\",\"potentialAction\":[{\"@type\":\"SearchAction\",\"target\":{\"@type\":\"EntryPoint\",\"urlTemplate\":\"https:\\\/\\\/www.sempertea.eu\\\/?s={search_term_string}\"},\"query-input\":{\"@type\":\"PropertyValueSpecification\",\"valueRequired\":true,\"valueName\":\"search_term_string\"}}],\"inLanguage\":\"de\"}]}<\/script>\n<!-- \/ Yoast SEO Premium plugin. -->","yoast_head_json":{"title":"Japanischer Matcha-Tee gemahlen f\u00fcr Latte, Smoothies und K\u00fcche","description":"Echter gemahlener japanischer Matcha-Tee. Ideal f\u00fcr die Zubereitung von Latte, Smoothies und kreativen Rezepten. Mild im Geschmack, voller Antioxidantien und nat\u00fcrlicher Energie.","robots":{"index":"index","follow":"follow","max-snippet":"max-snippet:-1","max-image-preview":"max-image-preview:large","max-video-preview":"max-video-preview:-1"},"canonical":"https:\/\/www.sempertea.eu\/de\/Produkte\/japanischer-matcha-tee-dose-40-gr\/","og_locale":"de_DE","og_type":"article","og_title":"Japanischer Matcha-Tee | Dose 40 gr","og_description":"Echter gemahlener japanischer Matcha-Tee. Ideal f\u00fcr die Zubereitung von Latte, Smoothies und kreativen Rezepten. Mild im Geschmack, voller Antioxidantien und nat\u00fcrlicher Energie.","og_url":"https:\/\/www.sempertea.eu\/de\/Produkte\/japanischer-matcha-tee-dose-40-gr\/","og_site_name":"Semper Tea | Mayorista y fabricante de T\u00e9s e Infusiones para hoteles, restaurantes y bares","article_modified_time":"2025-04-24T14:18:28+00:00","og_image":[{"width":1000,"height":1000,"url":"https:\/\/www.sempertea.eu\/wp-content\/uploads\/2025\/03\/te-japones-matcha-semper-tea.jpg","type":"image\/jpeg"}],"twitter_card":"summary_large_image","twitter_misc":{"Gesch\u00e4tzte Lesezeit":"1\u00a0Minute"},"schema":{"@context":"https:\/\/schema.org","@graph":[{"@type":"WebPage","@id":"https:\/\/www.sempertea.eu\/de\/Produkte\/japanischer-matcha-tee-dose-40-gr\/","url":"https:\/\/www.sempertea.eu\/de\/Produkte\/japanischer-matcha-tee-dose-40-gr\/","name":"Japanischer Matcha-Tee gemahlen f\u00fcr Latte, Smoothies und K\u00fcche","isPartOf":{"@id":"https:\/\/www.sempertea.eu\/#website"},"primaryImageOfPage":{"@id":"https:\/\/www.sempertea.eu\/de\/Produkte\/japanischer-matcha-tee-dose-40-gr\/#primaryimage"},"image":{"@id":"https:\/\/www.sempertea.eu\/de\/Produkte\/japanischer-matcha-tee-dose-40-gr\/#primaryimage"},"thumbnailUrl":"https:\/\/www.sempertea.eu\/wp-content\/uploads\/2025\/06\/lata-te-matcha-ecologico-polvo-semper-tea.jpg","datePublished":"2025-04-07T12:18:39+00:00","dateModified":"2025-04-24T14:18:28+00:00","description":"Echter gemahlener japanischer Matcha-Tee. Ideal f\u00fcr die Zubereitung von Latte, Smoothies und kreativen Rezepten. Mild im Geschmack, voller Antioxidantien und nat\u00fcrlicher Energie.","breadcrumb":{"@id":"https:\/\/www.sempertea.eu\/de\/Produkte\/japanischer-matcha-tee-dose-40-gr\/#breadcrumb"},"inLanguage":"de","potentialAction":[{"@type":"ReadAction","target":["https:\/\/www.sempertea.eu\/de\/Produkte\/japanischer-matcha-tee-dose-40-gr\/"]}]},{"@type":"ImageObject","inLanguage":"de","@id":"https:\/\/www.sempertea.eu\/de\/Produkte\/japanischer-matcha-tee-dose-40-gr\/#primaryimage","url":"https:\/\/www.sempertea.eu\/wp-content\/uploads\/2025\/06\/lata-te-matcha-ecologico-polvo-semper-tea.jpg","contentUrl":"https:\/\/www.sempertea.eu\/wp-content\/uploads\/2025\/06\/lata-te-matcha-ecologico-polvo-semper-tea.jpg","width":1000,"height":1000,"caption":"lata te matcha ecologico polvo semper tea"},{"@type":"BreadcrumbList","@id":"https:\/\/www.sempertea.eu\/de\/Produkte\/japanischer-matcha-tee-dose-40-gr\/#breadcrumb","itemListElement":[{"@type":"ListItem","position":1,"name":"Portada","item":"https:\/\/www.sempertea.eu\/de\/"},{"@type":"ListItem","position":2,"name":"Shop","item":"https:\/\/www.sempertea.eu\/de\/shop\/"},{"@type":"ListItem","position":3,"name":"Japanischer Matcha-Tee | Dose 40 gr"}]},{"@type":"WebSite","@id":"https:\/\/www.sempertea.eu\/#website","url":"https:\/\/www.sempertea.eu\/","name":"Semper Tea | Mayorista y fabricante de T\u00e9s e Infusiones para hoteles, restaurantes y bares","description":"T\u00e9s e infusiones para hosteler\u00eda, hoteler\u00eda y comercio","potentialAction":[{"@type":"SearchAction","target":{"@type":"EntryPoint","urlTemplate":"https:\/\/www.sempertea.eu\/?s={search_term_string}"},"query-input":{"@type":"PropertyValueSpecification","valueRequired":true,"valueName":"search_term_string"}}],"inLanguage":"de"}]}},"_links":{"self":[{"href":"https:\/\/www.sempertea.eu\/de\/wp-json\/wp\/v2\/product\/14768","targetHints":{"allow":["GET"]}}],"collection":[{"href":"https:\/\/www.sempertea.eu\/de\/wp-json\/wp\/v2\/product"}],"about":[{"href":"https:\/\/www.sempertea.eu\/de\/wp-json\/wp\/v2\/types\/product"}],"replies":[{"embeddable":true,"href":"https:\/\/www.sempertea.eu\/de\/wp-json\/wp\/v2\/comments?post=14768"}],"wp:featuredmedia":[{"embeddable":true,"href":"https:\/\/www.sempertea.eu\/de\/wp-json\/wp\/v2\/media\/16168"}],"wp:attachment":[{"href":"https:\/\/www.sempertea.eu\/de\/wp-json\/wp\/v2\/media?parent=14768"}],"wp:term":[{"taxonomy":"product_brand","embeddable":true,"href":"https:\/\/www.sempertea.eu\/de\/wp-json\/wp\/v2\/product_brand?post=14768"},{"taxonomy":"product_cat","embeddable":true,"href":"https:\/\/www.sempertea.eu\/de\/wp-json\/wp\/v2\/product_cat?post=14768"},{"taxonomy":"product_tag","embeddable":true,"href":"https:\/\/www.sempertea.eu\/de\/wp-json\/wp\/v2\/product_tag?post=14768"}],"curies":[{"name":"wp","href":"https:\/\/api.w.org\/{rel}","templated":true}]}}