{"id":14764,"date":"2025-03-31T09:14:40","date_gmt":"2025-04-07T13:20:43","guid":{"rendered":"https:\/\/www.sempertea.eu\/starter-set-spender-fuer-die-gastronomie-mit-premium-tee-in-pyramiden\/"},"modified":"2025-04-07T15:20:43","modified_gmt":"2025-04-07T13:20:43","slug":"starter-set-spender-fuer-die-gastronomie-mit-premium-tee-in-pyramiden","status":"publish","type":"product","link":"https:\/\/www.sempertea.eu\/de\/Produkte\/starter-set-spender-fuer-die-gastronomie-mit-premium-tee-in-pyramiden\/","title":{"rendered":"Starter-Set | Spender f\u00fcr die Gastronomie mit Premium-Tee in Pyramiden"},"content":{"rendered":"<p data-start=\"80\" data-end=\"457\">Bieten Sie Ihren Kunden ein raffiniertes und praktisches Teeerlebnis mit unserem <strong data-start=\"159\" data-end=\"178\">Starter-Kit f\u00fcr das Gastgewerbe<\/strong>, das einen <strong data-start=\"195\" data-end=\"225\">vertikalen Teedispenser<\/strong> und <strong data-start=\"228\" data-end=\"259\">450 Pyramiden mit Premium-Tees und Aufg\u00fcssen<\/strong> aus unserer Ambar-Kollektion enth\u00e4lt.<\/p>\n<p data-start=\"80\" data-end=\"457\">Dieses f\u00fcr Gastronomiebetriebe wie Caf\u00e9s, Restaurants und Hotels konzipierte Paket garantiert Komfort, eine elegante Pr\u00e4sentation und eine gro\u00dfe Auswahl an Geschmacksrichtungen f\u00fcr jeden Geschmack.<\/p>\n<h2 data-start=\"459\" data-end=\"500\">Funktionales und elegantes Design<\/h2>\n<p data-start=\"501\" data-end=\"798\">Der <strong data-start=\"504\" data-end=\"528\">vertikale Teedispenser<\/strong> der <a href=\"https:\/\/www.sempertea.eu\/infusiones-libres-de-plastico\/\" target=\"_blank\" rel=\"noopener\">Kollektion Ambar<\/a> erm\u00f6glicht es, die Teepyramiden attraktiv und \u00fcbersichtlich zu ordnen und zu pr\u00e4sentieren, was dem Kunden die Auswahl erleichtert und den Service beschleunigt. Sein kompaktes Design optimiert den Platz an der Bar oder im Selbstbedienungsbereich und bietet eine praktische und professionelle L\u00f6sung. <\/p>\n<h3 data-start=\"800\" data-end=\"841\">Auswahl an Premium-Aromen<\/h3>\n<p data-start=\"842\" data-end=\"1179\">Dieses Paket enth\u00e4lt <strong data-start=\"860\" data-end=\"907\">450 Pyramiden mit Tee und Bio-Kr\u00e4utertees<\/strong>, die aus hochwertigen Zutaten hergestellt und einzeln verpackt sind, um ihre Frische und ihr Aroma zu bewahren. Blatt-Tee, zu 100 % ohne Kunststoff verpackt und verpackt. <\/p>\n<p data-start=\"842\" data-end=\"1179\">Zehn k\u00f6stliche Geschmacksrichtungen f\u00fcr Teeliebhaber, die etwas anderes suchen. Von klassischen und raffinierten Tees bis hin zu fruchtigen und Kr\u00e4utertees ist jede Option darauf ausgelegt, in jeder Tasse ein einzigartiges Erlebnis zu bieten. <\/p>\n<h4 data-start=\"1181\" data-end=\"1226\">Vorteile des Starter-Kits f\u00fcr das Gastgewerbe:<\/h4>\n<p data-start=\"1181\" data-end=\"1226\">Perfekt f\u00fcr Caf\u00e9s, Hotels, Restaurants und Gourmetbereiche<\/p>\n<ul>\n<li><strong data-start=\"1229\" data-end=\"1303\">450 Tee-Pyramiden in Einzelverpackung f\u00fcr mehr Frische und Hygiene (3 Schachteln mit 15 Beuteln f\u00fcr 10 Geschmacksrichtungen der Kollektion).<\/strong><\/li>\n<li><strong data-start=\"1308\" data-end=\"1378\">Eleganter und funktioneller vertikaler Spender, ideal f\u00fcr Selbstbedienung.<\/strong><\/li>\n<li><strong>15 Teekarten auf Spanisch, Englisch und Deutsch.<\/strong><\/li>\n<\/ul>\n<p data-start=\"1531\" data-end=\"1687\" data-is-last-node=\"\" data-is-only-node=\"\">Verbessern Sie die Pr\u00e4sentation und den Service von Tee in Ihrem Gesch\u00e4ft mit diesem auf Exzellenz ausgerichteten Paket. Machen Sie jede Tasse Tee zu einem unvergesslichen Erlebnis! <\/p>\n","protected":false},"excerpt":{"rendered":"<p>Bieten Sie Ihren Kunden mit unserem <strong data-start=\"159\" data-end=\"178\">Starter-Kit f\u00fcr das Gastgewerbe<\/strong> ein raffiniertes und praktisches Teeerlebnis.<\/p>\n<p data-start=\"68\" data-end=\"310\">Dieses Paket enth\u00e4lt <strong data-start=\"860\" data-end=\"907\">450 Pyramiden Tee und Bio-Kr\u00e4utertees<\/strong>, die aus hochwertigen Zutaten hergestellt und in einzelnen Beuteln verpackt sind, um ihre Frische und ihr Aroma zu bewahren.<\/p>\n<ul>\n<li data-start=\"312\" data-end=\"464\"><strong data-start=\"314\" data-end=\"363\">450 \u00f6kologische und kunststofffreie Tee-Pyramiden (3 Schachteln mit 15 Beuteln f\u00fcr 10 Geschmacksrichtungen der Kollektion)<br \/>\n<\/strong><\/li>\n<li data-start=\"312\" data-end=\"464\"><strong data-start=\"368\" data-end=\"412\">Kompakter und eleganter vertikaler Spender.<\/strong><\/li>\n<li><strong>15 Teekarten auf Spanisch, Englisch und Deutsch.<\/strong><\/li>\n<\/ul>\n<p data-start=\"466\" data-end=\"605\" data-is-last-node=\"\" data-is-only-node=\"\">Qualit\u00e4t, Pr\u00e4sentation und Geschmack in jeder Tasse!<\/p>\n","protected":false},"featured_media":13826,"comment_status":"open","ping_status":"closed","template":"","meta":[],"product_brand":[],"product_cat":[132,114,115,116,133,110,113,124,108,135],"product_tag":[],"class_list":{"0":"post-14764","1":"product","2":"type-product","3":"status-publish","4":"has-post-thumbnail","6":"product_cat-tee-ohne-plastik-verpackung-biotees-natur-plastikfrei","7":"product_cat-alle","8":"product_cat-alle-de","9":"product_cat-alle-de-2","10":"product_cat-ambar-frei-von-plastik-verpackung-abbaubar-nachhaltig-umweltfreundlich","11":"product_cat-biologisch-abbaubare-pyramide-teebeutel-biotee-kompostierbar","12":"product_cat-biotees-sortiment-online-kaufen","13":"product_cat-teesortiment-formate-packaging-attraktiv-biotees-verpackung","14":"product_cat-sortiment-tee-packaging-verpackung-attraktiv-biotees-design","15":"product_cat-uncategorized-de","17":"first","18":"instock","19":"shipping-taxable","20":"purchasable","21":"product-type-simple"},"yoast_head":"<!-- This site is optimized with the Yoast SEO Premium plugin v27.3 (Yoast SEO v27.3) - https:\/\/yoast.com\/product\/yoast-seo-premium-wordpress\/ -->\n<title>Starter-Kit | Spender f\u00fcr die Gastronomie Premium-Tee in Pyramidenform<\/title>\n<meta name=\"description\" content=\"Entdecken Sie eine neue, raffinierte und praktische Art des Service in der Gastronomie mit unserem vertikalen Teedispenser und 450 Premium-Teepyramiden.\" \/>\n<meta name=\"robots\" content=\"index, follow, max-snippet:-1, max-image-preview:large, max-video-preview:-1\" \/>\n<link rel=\"canonical\" href=\"https:\/\/www.sempertea.eu\/de\/Produkte\/starter-set-spender-fuer-die-gastronomie-mit-premium-tee-in-pyramiden\/\" \/>\n<meta property=\"og:locale\" content=\"de_DE\" \/>\n<meta property=\"og:type\" content=\"article\" \/>\n<meta property=\"og:title\" content=\"Starter-Set | Spender f\u00fcr die Gastronomie mit Premium-Tee in Pyramiden\" \/>\n<meta property=\"og:description\" content=\"Entdecken Sie eine neue, raffinierte und praktische Art des Service in der Gastronomie mit unserem vertikalen Teedispenser und 450 Premium-Teepyramiden.\" \/>\n<meta property=\"og:url\" content=\"https:\/\/www.sempertea.eu\/de\/Produkte\/starter-set-spender-fuer-die-gastronomie-mit-premium-tee-in-pyramiden\/\" \/>\n<meta property=\"og:site_name\" content=\"Semper Tea | Mayorista y fabricante de T\u00e9s e Infusiones para hoteles, restaurantes y bares\" \/>\n<meta property=\"og:image\" content=\"https:\/\/www.sempertea.eu\/wp-content\/uploads\/2025\/03\/dispensador-vertical-para-hosteleria-tes-e-infusiones-semper-tea.jpg\" \/>\n\t<meta property=\"og:image:width\" content=\"1000\" \/>\n\t<meta property=\"og:image:height\" content=\"1000\" \/>\n\t<meta property=\"og:image:type\" content=\"image\/jpeg\" \/>\n<meta name=\"twitter:card\" content=\"summary_large_image\" \/>\n<meta name=\"twitter:label1\" content=\"Gesch\u00e4tzte Lesezeit\" \/>\n\t<meta name=\"twitter:data1\" content=\"1\u00a0Minute\" \/>\n<script type=\"application\/ld+json\" class=\"yoast-schema-graph\">{\"@context\":\"https:\\\/\\\/schema.org\",\"@graph\":[{\"@type\":\"WebPage\",\"@id\":\"https:\\\/\\\/www.sempertea.eu\\\/de\\\/Produkte\\\/starter-set-spender-fuer-die-gastronomie-mit-premium-tee-in-pyramiden\\\/\",\"url\":\"https:\\\/\\\/www.sempertea.eu\\\/de\\\/Produkte\\\/starter-set-spender-fuer-die-gastronomie-mit-premium-tee-in-pyramiden\\\/\",\"name\":\"Starter-Kit | Spender f\u00fcr die Gastronomie Premium-Tee in Pyramidenform\",\"isPartOf\":{\"@id\":\"https:\\\/\\\/www.sempertea.eu\\\/#website\"},\"primaryImageOfPage\":{\"@id\":\"https:\\\/\\\/www.sempertea.eu\\\/de\\\/Produkte\\\/starter-set-spender-fuer-die-gastronomie-mit-premium-tee-in-pyramiden\\\/#primaryimage\"},\"image\":{\"@id\":\"https:\\\/\\\/www.sempertea.eu\\\/de\\\/Produkte\\\/starter-set-spender-fuer-die-gastronomie-mit-premium-tee-in-pyramiden\\\/#primaryimage\"},\"thumbnailUrl\":\"https:\\\/\\\/www.sempertea.eu\\\/wp-content\\\/uploads\\\/2025\\\/03\\\/dispensador-vertical-para-hosteleria-tes-e-infusiones-semper-tea.jpg\",\"datePublished\":\"2025-04-07T13:20:43+00:00\",\"description\":\"Entdecken Sie eine neue, raffinierte und praktische Art des Service in der Gastronomie mit unserem vertikalen Teedispenser und 450 Premium-Teepyramiden.\",\"breadcrumb\":{\"@id\":\"https:\\\/\\\/www.sempertea.eu\\\/de\\\/Produkte\\\/starter-set-spender-fuer-die-gastronomie-mit-premium-tee-in-pyramiden\\\/#breadcrumb\"},\"inLanguage\":\"de\",\"potentialAction\":[{\"@type\":\"ReadAction\",\"target\":[\"https:\\\/\\\/www.sempertea.eu\\\/de\\\/Produkte\\\/starter-set-spender-fuer-die-gastronomie-mit-premium-tee-in-pyramiden\\\/\"]}]},{\"@type\":\"ImageObject\",\"inLanguage\":\"de\",\"@id\":\"https:\\\/\\\/www.sempertea.eu\\\/de\\\/Produkte\\\/starter-set-spender-fuer-die-gastronomie-mit-premium-tee-in-pyramiden\\\/#primaryimage\",\"url\":\"https:\\\/\\\/www.sempertea.eu\\\/wp-content\\\/uploads\\\/2025\\\/03\\\/dispensador-vertical-para-hosteleria-tes-e-infusiones-semper-tea.jpg\",\"contentUrl\":\"https:\\\/\\\/www.sempertea.eu\\\/wp-content\\\/uploads\\\/2025\\\/03\\\/dispensador-vertical-para-hosteleria-tes-e-infusiones-semper-tea.jpg\",\"width\":1000,\"height\":1000,\"caption\":\"dispensador vertical para hosteleria tes e infusiones semper tea\"},{\"@type\":\"BreadcrumbList\",\"@id\":\"https:\\\/\\\/www.sempertea.eu\\\/de\\\/Produkte\\\/starter-set-spender-fuer-die-gastronomie-mit-premium-tee-in-pyramiden\\\/#breadcrumb\",\"itemListElement\":[{\"@type\":\"ListItem\",\"position\":1,\"name\":\"Portada\",\"item\":\"https:\\\/\\\/www.sempertea.eu\\\/de\\\/\"},{\"@type\":\"ListItem\",\"position\":2,\"name\":\"Shop\",\"item\":\"https:\\\/\\\/www.sempertea.eu\\\/de\\\/shop\\\/\"},{\"@type\":\"ListItem\",\"position\":3,\"name\":\"Starter-Set | Spender f\u00fcr die Gastronomie mit Premium-Tee in Pyramiden\"}]},{\"@type\":\"WebSite\",\"@id\":\"https:\\\/\\\/www.sempertea.eu\\\/#website\",\"url\":\"https:\\\/\\\/www.sempertea.eu\\\/\",\"name\":\"Semper Tea | Mayorista y fabricante de T\u00e9s e Infusiones para hoteles, restaurantes y bares\",\"description\":\"T\u00e9s e infusiones para hosteler\u00eda, hoteler\u00eda y comercio\",\"potentialAction\":[{\"@type\":\"SearchAction\",\"target\":{\"@type\":\"EntryPoint\",\"urlTemplate\":\"https:\\\/\\\/www.sempertea.eu\\\/?s={search_term_string}\"},\"query-input\":{\"@type\":\"PropertyValueSpecification\",\"valueRequired\":true,\"valueName\":\"search_term_string\"}}],\"inLanguage\":\"de\"}]}<\/script>\n<!-- \/ Yoast SEO Premium plugin. -->","yoast_head_json":{"title":"Starter-Kit | Spender f\u00fcr die Gastronomie Premium-Tee in Pyramidenform","description":"Entdecken Sie eine neue, raffinierte und praktische Art des Service in der Gastronomie mit unserem vertikalen Teedispenser und 450 Premium-Teepyramiden.","robots":{"index":"index","follow":"follow","max-snippet":"max-snippet:-1","max-image-preview":"max-image-preview:large","max-video-preview":"max-video-preview:-1"},"canonical":"https:\/\/www.sempertea.eu\/de\/Produkte\/starter-set-spender-fuer-die-gastronomie-mit-premium-tee-in-pyramiden\/","og_locale":"de_DE","og_type":"article","og_title":"Starter-Set | Spender f\u00fcr die Gastronomie mit Premium-Tee in Pyramiden","og_description":"Entdecken Sie eine neue, raffinierte und praktische Art des Service in der Gastronomie mit unserem vertikalen Teedispenser und 450 Premium-Teepyramiden.","og_url":"https:\/\/www.sempertea.eu\/de\/Produkte\/starter-set-spender-fuer-die-gastronomie-mit-premium-tee-in-pyramiden\/","og_site_name":"Semper Tea | Mayorista y fabricante de T\u00e9s e Infusiones para hoteles, restaurantes y bares","og_image":[{"width":1000,"height":1000,"url":"https:\/\/www.sempertea.eu\/wp-content\/uploads\/2025\/03\/dispensador-vertical-para-hosteleria-tes-e-infusiones-semper-tea.jpg","type":"image\/jpeg"}],"twitter_card":"summary_large_image","twitter_misc":{"Gesch\u00e4tzte Lesezeit":"1\u00a0Minute"},"schema":{"@context":"https:\/\/schema.org","@graph":[{"@type":"WebPage","@id":"https:\/\/www.sempertea.eu\/de\/Produkte\/starter-set-spender-fuer-die-gastronomie-mit-premium-tee-in-pyramiden\/","url":"https:\/\/www.sempertea.eu\/de\/Produkte\/starter-set-spender-fuer-die-gastronomie-mit-premium-tee-in-pyramiden\/","name":"Starter-Kit | Spender f\u00fcr die Gastronomie Premium-Tee in Pyramidenform","isPartOf":{"@id":"https:\/\/www.sempertea.eu\/#website"},"primaryImageOfPage":{"@id":"https:\/\/www.sempertea.eu\/de\/Produkte\/starter-set-spender-fuer-die-gastronomie-mit-premium-tee-in-pyramiden\/#primaryimage"},"image":{"@id":"https:\/\/www.sempertea.eu\/de\/Produkte\/starter-set-spender-fuer-die-gastronomie-mit-premium-tee-in-pyramiden\/#primaryimage"},"thumbnailUrl":"https:\/\/www.sempertea.eu\/wp-content\/uploads\/2025\/03\/dispensador-vertical-para-hosteleria-tes-e-infusiones-semper-tea.jpg","datePublished":"2025-04-07T13:20:43+00:00","description":"Entdecken Sie eine neue, raffinierte und praktische Art des Service in der Gastronomie mit unserem vertikalen Teedispenser und 450 Premium-Teepyramiden.","breadcrumb":{"@id":"https:\/\/www.sempertea.eu\/de\/Produkte\/starter-set-spender-fuer-die-gastronomie-mit-premium-tee-in-pyramiden\/#breadcrumb"},"inLanguage":"de","potentialAction":[{"@type":"ReadAction","target":["https:\/\/www.sempertea.eu\/de\/Produkte\/starter-set-spender-fuer-die-gastronomie-mit-premium-tee-in-pyramiden\/"]}]},{"@type":"ImageObject","inLanguage":"de","@id":"https:\/\/www.sempertea.eu\/de\/Produkte\/starter-set-spender-fuer-die-gastronomie-mit-premium-tee-in-pyramiden\/#primaryimage","url":"https:\/\/www.sempertea.eu\/wp-content\/uploads\/2025\/03\/dispensador-vertical-para-hosteleria-tes-e-infusiones-semper-tea.jpg","contentUrl":"https:\/\/www.sempertea.eu\/wp-content\/uploads\/2025\/03\/dispensador-vertical-para-hosteleria-tes-e-infusiones-semper-tea.jpg","width":1000,"height":1000,"caption":"dispensador vertical para hosteleria tes e infusiones semper tea"},{"@type":"BreadcrumbList","@id":"https:\/\/www.sempertea.eu\/de\/Produkte\/starter-set-spender-fuer-die-gastronomie-mit-premium-tee-in-pyramiden\/#breadcrumb","itemListElement":[{"@type":"ListItem","position":1,"name":"Portada","item":"https:\/\/www.sempertea.eu\/de\/"},{"@type":"ListItem","position":2,"name":"Shop","item":"https:\/\/www.sempertea.eu\/de\/shop\/"},{"@type":"ListItem","position":3,"name":"Starter-Set | Spender f\u00fcr die Gastronomie mit Premium-Tee in Pyramiden"}]},{"@type":"WebSite","@id":"https:\/\/www.sempertea.eu\/#website","url":"https:\/\/www.sempertea.eu\/","name":"Semper Tea | Mayorista y fabricante de T\u00e9s e Infusiones para hoteles, restaurantes y bares","description":"T\u00e9s e infusiones para hosteler\u00eda, hoteler\u00eda y comercio","potentialAction":[{"@type":"SearchAction","target":{"@type":"EntryPoint","urlTemplate":"https:\/\/www.sempertea.eu\/?s={search_term_string}"},"query-input":{"@type":"PropertyValueSpecification","valueRequired":true,"valueName":"search_term_string"}}],"inLanguage":"de"}]}},"_links":{"self":[{"href":"https:\/\/www.sempertea.eu\/de\/wp-json\/wp\/v2\/product\/14764","targetHints":{"allow":["GET"]}}],"collection":[{"href":"https:\/\/www.sempertea.eu\/de\/wp-json\/wp\/v2\/product"}],"about":[{"href":"https:\/\/www.sempertea.eu\/de\/wp-json\/wp\/v2\/types\/product"}],"replies":[{"embeddable":true,"href":"https:\/\/www.sempertea.eu\/de\/wp-json\/wp\/v2\/comments?post=14764"}],"wp:featuredmedia":[{"embeddable":true,"href":"https:\/\/www.sempertea.eu\/de\/wp-json\/wp\/v2\/media\/13826"}],"wp:attachment":[{"href":"https:\/\/www.sempertea.eu\/de\/wp-json\/wp\/v2\/media?parent=14764"}],"wp:term":[{"taxonomy":"product_brand","embeddable":true,"href":"https:\/\/www.sempertea.eu\/de\/wp-json\/wp\/v2\/product_brand?post=14764"},{"taxonomy":"product_cat","embeddable":true,"href":"https:\/\/www.sempertea.eu\/de\/wp-json\/wp\/v2\/product_cat?post=14764"},{"taxonomy":"product_tag","embeddable":true,"href":"https:\/\/www.sempertea.eu\/de\/wp-json\/wp\/v2\/product_tag?post=14764"}],"curies":[{"name":"wp","href":"https:\/\/api.w.org\/{rel}","templated":true}]}}