{"id":13762,"date":"2025-02-28T17:39:18","date_gmt":"2025-03-03T17:36:01","guid":{"rendered":"https:\/\/www.sempertea.eu\/starter-set-fuer-gastronomie-premium-pyramidentee-in-schwarzer-box\/"},"modified":"2025-04-07T13:04:55","modified_gmt":"2025-04-07T11:04:55","slug":"starter-set-fuer-gastronomie-premium-pyramidentee-in-schwarzer-box","status":"publish","type":"product","link":"https:\/\/www.sempertea.eu\/de\/Produkte\/starter-set-fuer-gastronomie-premium-pyramidentee-in-schwarzer-box\/","title":{"rendered":"Starter-Set f\u00fcr Gastronomie | Premium-Pyramidentee in schwarzer Box"},"content":{"rendered":"<div class=\"flex max-w-full flex-col flex-grow\">\n<div class=\"min-h-8 text-message relative flex w-full flex-col items-end gap-2 whitespace-normal break-words text-start [.text-message+&amp;]:mt-5\" dir=\"auto\" data-message-author-role=\"assistant\" data-message-id=\"4d9f48ac-69d3-475e-afbc-4fa69303d1ec\" data-message-model-slug=\"gpt-4o\">\n<div class=\"flex w-full flex-col gap-1 empty:hidden first:pt-[3px]\">\n<div class=\"markdown prose w-full break-words dark:prose-invert light\">\n<h2 data-start=\"415\" data-end=\"463\">Qualit\u00e4t und professionelle Pr\u00e4sentation<\/h2>\n<p data-start=\"70\" data-end=\"413\">Bringen Sie die Teekultur in Ihrer Cafeteria, Ihrem Restaurant oder Ihrem Lokal auf ein neues Niveau \u2013 mit unserem exklusiven<strong data-start=\"180\" data-end=\"199\"> Starterpaket f\u00fcr die Gastronomie aus unserer <a href=\"https:\/\/www.sempertea.eu\/infusiones-libres-de-plastico\/\" target=\"_blank\" rel=\"noopener\">Ambar<\/a>-Kollektion.<\/strong><\/p>\n<p data-start=\"70\" data-end=\"413\">Das Paket umfasst:<\/p>\n<ul>\n<li data-start=\"70\" data-end=\"413\">Elegante<strong data-start=\"226\" data-end=\"246\"> Teebox mit 6 F\u00e4chern,<\/strong><\/li>\n<li data-start=\"70\" data-end=\"413\"><strong data-start=\"249\" data-end=\"280\">270 biologisch abbaubare Premium-Teepyramiden<\/strong> (3 Schachteln mit 15 Beuteln f\u00fcr 6 Geschmacksrichtungen der Kollektion)<\/li>\n<li data-start=\"70\" data-end=\"413\">15 Teekarten auf Spanisch, Englisch und Deutsch.<\/li>\n<\/ul>\n<p data-start=\"70\" data-end=\"413\">Ein ideales Format, um Sie mit unserer Marke vertraut zu machen und Ihren Kunden eine gro\u00dfe Auswahl an Bio-Aromen und -Geschmacksrichtungen in einer raffinierten und funktionalen Aufmachung anzubieten.<\/p>\n<p data-start=\"70\" data-end=\"413\">Ma\u00dfe: 308 mm x 193 mm x 85 mm.<\/p>\n<p data-start=\"464\" data-end=\"726\">Dieses Starterpaket ist f\u00fcr das Gastgewerbe konzipiert und garantiert Komfort und Effizienz beim Service. Die Organisationsbox erm\u00f6glicht es, die Pyramiden ordentlich zu lagern und auszustellen, was dem Kunden die Auswahl erleichtert, den Konsum f\u00f6rdert und die Zubereitung jeder Infusion beschleunigt. <\/p>\n<h3 data-start=\"728\" data-end=\"782\">Vielfalt f\u00fcr jeden Geschmack<\/h3>\n<p data-start=\"783\" data-end=\"1066\">Sie umfasst eine sorgf\u00e4ltige Auswahl an <strong>Premium-Tees<\/strong> und -Kr\u00e4utertees, die sich perfekt f\u00fcr jede Tageszeit eignen. Von klassischen und aromatischen Tees bis hin zu fruchtigen und kr\u00e4uterigen Kr\u00e4utertees wird jede Pyramide aus hochwertigen Bio-Zutaten hergestellt, um ein einzigartiges sensorisches Erlebnis zu garantieren. Sie sind vollst\u00e4ndig biologisch abbaubar und frei von Mikroplastik.  <\/p>\n<p data-start=\"1374\" data-end=\"1525\" data-is-last-node=\"\" data-is-only-node=\"\">Bieten Sie Ihren Kunden den Genuss eines perfekt aufgegossenen Tees mit diesem Paket, das f\u00fcr exzellenten Service entwickelt wurde. Jede Tasse z\u00e4hlt!<\/p>\n<\/div>\n<\/div>\n<\/div>\n<\/div>\n<div class=\"mb-2 flex gap-3 empty:hidden -ml-2\">\n<div class=\"items-center justify-start rounded-xl p-1 flex\">\n<div class=\"flex items-center\"><\/div>\n<\/div>\n<\/div>\n","protected":false},"excerpt":{"rendered":"<p data-start=\"70\" data-end=\"413\">Bringen Sie die Teekultur in Ihrer Cafeteria, Ihrem Restaurant oder Ihrem Lokal auf ein neues Niveau \u2013 mit unserem <strong data-start=\"180\" data-end=\"199\">exklusiven Starterpaket aus unserer Ambar-Kollektion.<\/strong><\/p>\n<p data-start=\"70\" data-end=\"413\">Das Paket umfasst:<\/p>\n<ul>\n<li data-start=\"70\" data-end=\"413\">Elegante<strong data-start=\"226\" data-end=\"246\"> Teebox mit 6 F\u00e4chern,<\/strong><\/li>\n<li data-start=\"70\" data-end=\"413\"><strong data-start=\"249\" data-end=\"280\">270 Premium-Teepyramiden<\/strong> (3 Schachteln mit 15 Beuteln mit 6 Geschmacksrichtungen der Kollektion)<\/li>\n<li data-start=\"70\" data-end=\"413\">15 Teekarten auf Spanisch, Englisch und Deutsch.<\/li>\n<\/ul>\n<p data-start=\"70\" data-end=\"413\">Ein ideales Format, um Sie mit unserer Marke vertraut zu machen und Ihren Kunden eine gro\u00dfe Vielfalt an Geschmacksrichtungen und Aromen in einer raffinierten und funktionalen Pr\u00e4sentation zu bieten.<\/p>\n<p data-start=\"70\" data-end=\"413\">Ma\u00dfe: 308 mm x 193 mm x 85 mm.<\/p>\n","protected":false},"featured_media":13658,"comment_status":"open","ping_status":"closed","template":"","meta":[],"product_brand":[],"product_cat":[132,116,114,133,110,113,124,108],"product_tag":[],"class_list":{"0":"post-13762","1":"product","2":"type-product","3":"status-publish","4":"has-post-thumbnail","6":"product_cat-tee-ohne-plastik-verpackung-biotees-natur-plastikfrei","7":"product_cat-alle-de-2","8":"product_cat-alle","9":"product_cat-ambar-frei-von-plastik-verpackung-abbaubar-nachhaltig-umweltfreundlich","10":"product_cat-biologisch-abbaubare-pyramide-teebeutel-biotee-kompostierbar","11":"product_cat-biotees-sortiment-online-kaufen","12":"product_cat-teesortiment-formate-packaging-attraktiv-biotees-verpackung","13":"product_cat-sortiment-tee-packaging-verpackung-attraktiv-biotees-design","15":"first","16":"instock","17":"shipping-taxable","18":"purchasable","19":"product-type-simple"},"yoast_head":"<!-- This site is optimized with the Yoast SEO Premium plugin v27.3 (Yoast SEO v27.4) - https:\/\/yoast.com\/product\/yoast-seo-premium-wordpress\/ -->\n<title>Starter-Set f\u00fcr die Gastronomie | Premium-Pyramidentee in schwarzer Box<\/title>\n<meta name=\"description\" content=\"Bringen Sie die Teekultur in Ihrer Cafeteria, Ihrem Restaurant oder Ihrem Lokal mit unserem exklusiven Starterpaket f\u00fcr die Gastronomie auf ein neues Niveau.\" \/>\n<meta name=\"robots\" content=\"index, follow, max-snippet:-1, max-image-preview:large, max-video-preview:-1\" \/>\n<link rel=\"canonical\" href=\"https:\/\/www.sempertea.eu\/de\/Produkte\/starter-set-fuer-gastronomie-premium-pyramidentee-in-schwarzer-box\/\" \/>\n<meta property=\"og:locale\" content=\"de_DE\" \/>\n<meta property=\"og:type\" content=\"article\" \/>\n<meta property=\"og:title\" content=\"Starter-Set f\u00fcr Gastronomie | Premium-Pyramidentee in schwarzer Box\" \/>\n<meta property=\"og:description\" content=\"Bringen Sie die Teekultur in Ihrer Cafeteria, Ihrem Restaurant oder Ihrem Lokal mit unserem exklusiven Starterpaket f\u00fcr die Gastronomie auf ein neues Niveau.\" \/>\n<meta property=\"og:url\" content=\"https:\/\/www.sempertea.eu\/de\/Produkte\/starter-set-fuer-gastronomie-premium-pyramidentee-in-schwarzer-box\/\" \/>\n<meta property=\"og:site_name\" content=\"Semper Tea | Mayorista y fabricante de T\u00e9s e Infusiones para hoteles, restaurantes y bares\" \/>\n<meta property=\"article:modified_time\" content=\"2025-04-07T11:04:55+00:00\" \/>\n<meta property=\"og:image\" content=\"https:\/\/www.sempertea.eu\/wp-content\/uploads\/2025\/02\/pack-de-inicio-te-ecologico-para-horeca.jpg\" \/>\n\t<meta property=\"og:image:width\" content=\"1000\" \/>\n\t<meta property=\"og:image:height\" content=\"1000\" \/>\n\t<meta property=\"og:image:type\" content=\"image\/jpeg\" \/>\n<meta name=\"twitter:card\" content=\"summary_large_image\" \/>\n<meta name=\"twitter:label1\" content=\"Gesch\u00e4tzte Lesezeit\" \/>\n\t<meta name=\"twitter:data1\" content=\"1\u00a0Minute\" \/>\n<script type=\"application\/ld+json\" class=\"yoast-schema-graph\">{\"@context\":\"https:\\\/\\\/schema.org\",\"@graph\":[{\"@type\":\"WebPage\",\"@id\":\"https:\\\/\\\/www.sempertea.eu\\\/de\\\/Produkte\\\/starter-set-fuer-gastronomie-premium-pyramidentee-in-schwarzer-box\\\/\",\"url\":\"https:\\\/\\\/www.sempertea.eu\\\/de\\\/Produkte\\\/starter-set-fuer-gastronomie-premium-pyramidentee-in-schwarzer-box\\\/\",\"name\":\"Starter-Set f\u00fcr die Gastronomie | Premium-Pyramidentee in schwarzer Box\",\"isPartOf\":{\"@id\":\"https:\\\/\\\/www.sempertea.eu\\\/#website\"},\"primaryImageOfPage\":{\"@id\":\"https:\\\/\\\/www.sempertea.eu\\\/de\\\/Produkte\\\/starter-set-fuer-gastronomie-premium-pyramidentee-in-schwarzer-box\\\/#primaryimage\"},\"image\":{\"@id\":\"https:\\\/\\\/www.sempertea.eu\\\/de\\\/Produkte\\\/starter-set-fuer-gastronomie-premium-pyramidentee-in-schwarzer-box\\\/#primaryimage\"},\"thumbnailUrl\":\"https:\\\/\\\/www.sempertea.eu\\\/wp-content\\\/uploads\\\/2025\\\/02\\\/pack-de-inicio-te-ecologico-para-horeca.jpg\",\"datePublished\":\"2025-03-03T17:36:01+00:00\",\"dateModified\":\"2025-04-07T11:04:55+00:00\",\"description\":\"Bringen Sie die Teekultur in Ihrer Cafeteria, Ihrem Restaurant oder Ihrem Lokal mit unserem exklusiven Starterpaket f\u00fcr die Gastronomie auf ein neues Niveau.\",\"breadcrumb\":{\"@id\":\"https:\\\/\\\/www.sempertea.eu\\\/de\\\/Produkte\\\/starter-set-fuer-gastronomie-premium-pyramidentee-in-schwarzer-box\\\/#breadcrumb\"},\"inLanguage\":\"de\",\"potentialAction\":[{\"@type\":\"ReadAction\",\"target\":[\"https:\\\/\\\/www.sempertea.eu\\\/de\\\/Produkte\\\/starter-set-fuer-gastronomie-premium-pyramidentee-in-schwarzer-box\\\/\"]}]},{\"@type\":\"ImageObject\",\"inLanguage\":\"de\",\"@id\":\"https:\\\/\\\/www.sempertea.eu\\\/de\\\/Produkte\\\/starter-set-fuer-gastronomie-premium-pyramidentee-in-schwarzer-box\\\/#primaryimage\",\"url\":\"https:\\\/\\\/www.sempertea.eu\\\/wp-content\\\/uploads\\\/2025\\\/02\\\/pack-de-inicio-te-ecologico-para-horeca.jpg\",\"contentUrl\":\"https:\\\/\\\/www.sempertea.eu\\\/wp-content\\\/uploads\\\/2025\\\/02\\\/pack-de-inicio-te-ecologico-para-horeca.jpg\",\"width\":1000,\"height\":1000,\"caption\":\"pack de inicio te ecologico para Horeca\"},{\"@type\":\"BreadcrumbList\",\"@id\":\"https:\\\/\\\/www.sempertea.eu\\\/de\\\/Produkte\\\/starter-set-fuer-gastronomie-premium-pyramidentee-in-schwarzer-box\\\/#breadcrumb\",\"itemListElement\":[{\"@type\":\"ListItem\",\"position\":1,\"name\":\"Portada\",\"item\":\"https:\\\/\\\/www.sempertea.eu\\\/de\\\/\"},{\"@type\":\"ListItem\",\"position\":2,\"name\":\"Shop\",\"item\":\"https:\\\/\\\/www.sempertea.eu\\\/de\\\/shop\\\/\"},{\"@type\":\"ListItem\",\"position\":3,\"name\":\"Starter-Set f\u00fcr Gastronomie | Premium-Pyramidentee in schwarzer Box\"}]},{\"@type\":\"WebSite\",\"@id\":\"https:\\\/\\\/www.sempertea.eu\\\/#website\",\"url\":\"https:\\\/\\\/www.sempertea.eu\\\/\",\"name\":\"Semper Tea | Mayorista y fabricante de T\u00e9s e Infusiones para hoteles, restaurantes y bares\",\"description\":\"T\u00e9s e infusiones para hosteler\u00eda, hoteler\u00eda y comercio\",\"potentialAction\":[{\"@type\":\"SearchAction\",\"target\":{\"@type\":\"EntryPoint\",\"urlTemplate\":\"https:\\\/\\\/www.sempertea.eu\\\/?s={search_term_string}\"},\"query-input\":{\"@type\":\"PropertyValueSpecification\",\"valueRequired\":true,\"valueName\":\"search_term_string\"}}],\"inLanguage\":\"de\"}]}<\/script>\n<!-- \/ Yoast SEO Premium plugin. -->","yoast_head_json":{"title":"Starter-Set f\u00fcr die Gastronomie | Premium-Pyramidentee in schwarzer Box","description":"Bringen Sie die Teekultur in Ihrer Cafeteria, Ihrem Restaurant oder Ihrem Lokal mit unserem exklusiven Starterpaket f\u00fcr die Gastronomie auf ein neues Niveau.","robots":{"index":"index","follow":"follow","max-snippet":"max-snippet:-1","max-image-preview":"max-image-preview:large","max-video-preview":"max-video-preview:-1"},"canonical":"https:\/\/www.sempertea.eu\/de\/Produkte\/starter-set-fuer-gastronomie-premium-pyramidentee-in-schwarzer-box\/","og_locale":"de_DE","og_type":"article","og_title":"Starter-Set f\u00fcr Gastronomie | Premium-Pyramidentee in schwarzer Box","og_description":"Bringen Sie die Teekultur in Ihrer Cafeteria, Ihrem Restaurant oder Ihrem Lokal mit unserem exklusiven Starterpaket f\u00fcr die Gastronomie auf ein neues Niveau.","og_url":"https:\/\/www.sempertea.eu\/de\/Produkte\/starter-set-fuer-gastronomie-premium-pyramidentee-in-schwarzer-box\/","og_site_name":"Semper Tea | Mayorista y fabricante de T\u00e9s e Infusiones para hoteles, restaurantes y bares","article_modified_time":"2025-04-07T11:04:55+00:00","og_image":[{"width":1000,"height":1000,"url":"https:\/\/www.sempertea.eu\/wp-content\/uploads\/2025\/02\/pack-de-inicio-te-ecologico-para-horeca.jpg","type":"image\/jpeg"}],"twitter_card":"summary_large_image","twitter_misc":{"Gesch\u00e4tzte Lesezeit":"1\u00a0Minute"},"schema":{"@context":"https:\/\/schema.org","@graph":[{"@type":"WebPage","@id":"https:\/\/www.sempertea.eu\/de\/Produkte\/starter-set-fuer-gastronomie-premium-pyramidentee-in-schwarzer-box\/","url":"https:\/\/www.sempertea.eu\/de\/Produkte\/starter-set-fuer-gastronomie-premium-pyramidentee-in-schwarzer-box\/","name":"Starter-Set f\u00fcr die Gastronomie | Premium-Pyramidentee in schwarzer Box","isPartOf":{"@id":"https:\/\/www.sempertea.eu\/#website"},"primaryImageOfPage":{"@id":"https:\/\/www.sempertea.eu\/de\/Produkte\/starter-set-fuer-gastronomie-premium-pyramidentee-in-schwarzer-box\/#primaryimage"},"image":{"@id":"https:\/\/www.sempertea.eu\/de\/Produkte\/starter-set-fuer-gastronomie-premium-pyramidentee-in-schwarzer-box\/#primaryimage"},"thumbnailUrl":"https:\/\/www.sempertea.eu\/wp-content\/uploads\/2025\/02\/pack-de-inicio-te-ecologico-para-horeca.jpg","datePublished":"2025-03-03T17:36:01+00:00","dateModified":"2025-04-07T11:04:55+00:00","description":"Bringen Sie die Teekultur in Ihrer Cafeteria, Ihrem Restaurant oder Ihrem Lokal mit unserem exklusiven Starterpaket f\u00fcr die Gastronomie auf ein neues Niveau.","breadcrumb":{"@id":"https:\/\/www.sempertea.eu\/de\/Produkte\/starter-set-fuer-gastronomie-premium-pyramidentee-in-schwarzer-box\/#breadcrumb"},"inLanguage":"de","potentialAction":[{"@type":"ReadAction","target":["https:\/\/www.sempertea.eu\/de\/Produkte\/starter-set-fuer-gastronomie-premium-pyramidentee-in-schwarzer-box\/"]}]},{"@type":"ImageObject","inLanguage":"de","@id":"https:\/\/www.sempertea.eu\/de\/Produkte\/starter-set-fuer-gastronomie-premium-pyramidentee-in-schwarzer-box\/#primaryimage","url":"https:\/\/www.sempertea.eu\/wp-content\/uploads\/2025\/02\/pack-de-inicio-te-ecologico-para-horeca.jpg","contentUrl":"https:\/\/www.sempertea.eu\/wp-content\/uploads\/2025\/02\/pack-de-inicio-te-ecologico-para-horeca.jpg","width":1000,"height":1000,"caption":"pack de inicio te ecologico para Horeca"},{"@type":"BreadcrumbList","@id":"https:\/\/www.sempertea.eu\/de\/Produkte\/starter-set-fuer-gastronomie-premium-pyramidentee-in-schwarzer-box\/#breadcrumb","itemListElement":[{"@type":"ListItem","position":1,"name":"Portada","item":"https:\/\/www.sempertea.eu\/de\/"},{"@type":"ListItem","position":2,"name":"Shop","item":"https:\/\/www.sempertea.eu\/de\/shop\/"},{"@type":"ListItem","position":3,"name":"Starter-Set f\u00fcr Gastronomie | Premium-Pyramidentee in schwarzer Box"}]},{"@type":"WebSite","@id":"https:\/\/www.sempertea.eu\/#website","url":"https:\/\/www.sempertea.eu\/","name":"Semper Tea | Mayorista y fabricante de T\u00e9s e Infusiones para hoteles, restaurantes y bares","description":"T\u00e9s e infusiones para hosteler\u00eda, hoteler\u00eda y comercio","potentialAction":[{"@type":"SearchAction","target":{"@type":"EntryPoint","urlTemplate":"https:\/\/www.sempertea.eu\/?s={search_term_string}"},"query-input":{"@type":"PropertyValueSpecification","valueRequired":true,"valueName":"search_term_string"}}],"inLanguage":"de"}]}},"_links":{"self":[{"href":"https:\/\/www.sempertea.eu\/de\/wp-json\/wp\/v2\/product\/13762","targetHints":{"allow":["GET"]}}],"collection":[{"href":"https:\/\/www.sempertea.eu\/de\/wp-json\/wp\/v2\/product"}],"about":[{"href":"https:\/\/www.sempertea.eu\/de\/wp-json\/wp\/v2\/types\/product"}],"replies":[{"embeddable":true,"href":"https:\/\/www.sempertea.eu\/de\/wp-json\/wp\/v2\/comments?post=13762"}],"wp:featuredmedia":[{"embeddable":true,"href":"https:\/\/www.sempertea.eu\/de\/wp-json\/wp\/v2\/media\/13658"}],"wp:attachment":[{"href":"https:\/\/www.sempertea.eu\/de\/wp-json\/wp\/v2\/media?parent=13762"}],"wp:term":[{"taxonomy":"product_brand","embeddable":true,"href":"https:\/\/www.sempertea.eu\/de\/wp-json\/wp\/v2\/product_brand?post=13762"},{"taxonomy":"product_cat","embeddable":true,"href":"https:\/\/www.sempertea.eu\/de\/wp-json\/wp\/v2\/product_cat?post=13762"},{"taxonomy":"product_tag","embeddable":true,"href":"https:\/\/www.sempertea.eu\/de\/wp-json\/wp\/v2\/product_tag?post=13762"}],"curies":[{"name":"wp","href":"https:\/\/api.w.org\/{rel}","templated":true}]}}